{"id":4925,"date":"2025-09-24T06:53:30","date_gmt":"2025-09-24T05:53:30","guid":{"rendered":"https:\/\/medicaltravel.ch\/hasta-raporlari\/patientenberichte-haartransplantation-tuerkei\/istanbuldaki-dis-tedavim-4-haziran-2011-cumartesi-tarihli-rapor\/"},"modified":"2026-01-12T20:01:54","modified_gmt":"2026-01-12T19:01:54","slug":"istanbuldaki-dis-tedavim-4-haziran-2011-cumartesi-tarihli-rapor","status":"publish","type":"page","link":"https:\/\/medicaltravel.ch\/tr\/hasta-raporlari\/turkiyede-sac-ekimi-hastalarinin-yorumlari\/istanbuldaki-dis-tedavim-4-haziran-2011-cumartesi-tarihli-rapor\/","title":{"rendered":"\u0130stanbul&#8217;daki di\u015f tedavim \u2013 4 Haziran 2011 Cumartesi tarihli rapor"},"content":{"rendered":"\n<p>\u0130stanbul&#8217;daki di\u015f tedavim \u2013 4 Haziran 2011 Cumartesi tarihli rapor<\/p>\n\n\n\n<p>T\u00fcrkiye\u2019deki di\u015f tedavimden \u00e7ok memnun kald\u0131m. \u0130nternette SwissLasik\u2019in \u0130stanbul\u2019daki di\u015f tedavi hizmetlerini g\u00f6rd\u00fcm. K\u0131z\u0131m ve ben, SwissLasik\u2019in St. Gallen Tatil Fuar\u0131\u2019nda bir stand\u0131 oldu\u011funu \u00f6\u011frendik. \u00dccretsiz giri\u015f kartlar\u0131 ald\u0131k. Burada bize her \u015fey ayr\u0131nt\u0131l\u0131 bir \u015fekilde anlat\u0131ld\u0131\u011f\u0131 i\u00e7in, di\u015flerimi \u0130stanbul\u2019daki Stomadent Klini\u011fi\u2019nde tedavi ettirmeye karar verdim. Her \u015fey \u00e7ok iyi organize edilmi\u015fti. U\u00e7ak, otel, havaalan\u0131nda kar\u015f\u0131lama, otelde ve di\u015f klini\u011finde her \u015fey sorunsuz ilerledi. Klinikta Dr. Bilhan taraf\u0131ndan Almanca olarak s\u0131cak bir \u015fekilde kar\u015f\u0131land\u0131m. Bana s\u00fcrecin detaylar\u0131n\u0131 anlatt\u0131 ve hemen tedaviye ba\u015fland\u0131. Di\u015f \u00e7ekimi yap\u0131ld\u0131, 5 implant yerle\u015ftirildi ve anestezi alt\u0131nda ger\u00e7ekle\u015ftirildi. 2 di\u015f daha sonraki bir seansta restore edilecek. Sunulan t\u00fcm hizmetlerden tamamen memnun kald\u0131m. Kas\u0131m ay\u0131nda tekrar \u0130stanbul\u2019a gidece\u011fim, implantlar\u0131n \u00fczerine di\u015flerimi yapt\u0131raca\u011f\u0131m ve bir k\u00f6pr\u00fc alaca\u011f\u0131m. Bu sefer \u0130stanbul\u2019daki di\u015f hekimine hi\u00e7 korku duymadan gidece\u011fim. SwissLasik\u2019i kesinlikle tavsiye edebilirim. Tabii ki fiyat-performans dengesi de \u00e7ok iyiydi.               <\/p>\n\n\n\n<div class=\"wp-block-group is-layout-grid wp-container-core-group-is-layout-baef362d wp-block-group-is-layout-grid\">\n<p><a href=\"https:\/\/medicaltravel.at\/home\/agb\/\" data-type=\"page\" data-id=\"2191\" rel=\"nofollow noopener\" target=\"_blank\"><\/a><a href=\"https:\/\/medicaltravel.ch\/tr\/hasta-raporlari\/turkiyede-sac-ekimi-hastalarinin-yorumlari\/21-nisan-2011deki-goez-lazer-ameliyati-yolculugum-13-haziran-2011-pazartesi-tarihli-rapor\/\" data-type=\"link\" data-id=\"https:\/\/medicaltravel.ch\/tr\/hasta-raporlari\/turkiyede-sac-ekimi-hastalarinin-yorumlari\/21-nisan-2011deki-goez-lazer-ameliyati-yolculugum-13-haziran-2011-pazartesi-tarihli-rapor\/\">\u00d6nceki rapor<\/a><\/p>\n\n\n\n<p class=\"has-text-align-right wp-container-content-5e2576f9\"><a href=\"https:\/\/medicaltravel.at\/home\/impressum\/\" data-type=\"page\" data-id=\"2193\" rel=\"nofollow noopener\" target=\"_blank\"><\/a><a href=\"https:\/\/medicaltravel.at\/home\/berichte-von-patienten\/erfahrungsberichte\/erfahrungsbericht-zahnbehandlung-in-istanbul\/\" data-type=\"page\" data-id=\"981\" rel=\"nofollow noopener\" target=\"_blank\"><\/a><a href=\"https:\/\/medicaltravel.ch\/tr\/hasta-raporlari\/turkiyede-sac-ekimi-hastalarinin-yorumlari\/2011-nisan-ayindaki-lazer-goez-ameliyatim-2-haziran-2011-persembe-tarihli-rapor\/\" data-type=\"link\" data-id=\"https:\/\/medicaltravel.ch\/berichte-von-patienten-istanbul-turkei\/patientenberichte-2011\/meine-augenlaser-operation-im-april-2011-bericht-vom-donnerstag-02-juni-2011\/\">Sonraki rapor<\/a><\/p>\n<\/div>\n","protected":false},"excerpt":{"rendered":"<p>\u0130stanbul&#8217;daki di\u015f tedavim \u2013 4 Haziran 2011 Cumartesi tarihli rapor T\u00fcrkiye\u2019deki di\u015f tedavimden \u00e7ok memnun kald\u0131m. \u0130nternette SwissLasik\u2019in \u0130stanbul\u2019daki di\u015f tedavi hizmetlerini g\u00f6rd\u00fcm. K\u0131z\u0131m ve ben, SwissLasik\u2019in St. Gallen Tatil Fuar\u0131\u2019nda bir stand\u0131 oldu\u011funu \u00f6\u011frendik. \u00dccretsiz giri\u015f kartlar\u0131 ald\u0131k. Burada bize her \u015fey ayr\u0131nt\u0131l\u0131 bir \u015fekilde anlat\u0131ld\u0131\u011f\u0131 i\u00e7in, di\u015flerimi \u0130stanbul\u2019daki Stomadent Klini\u011fi\u2019nde tedavi ettirmeye karar verdim. Her \u015fey \u00e7ok iyi organize edilmi\u015fti. U\u00e7ak, otel, havaalan\u0131nda kar\u015f\u0131lama, otelde ve di\u015f klini\u011finde her \u015fey sorunsuz ilerledi. Klinikta Dr. Bilhan taraf\u0131ndan Almanca olarak s\u0131cak bir \u015fekilde kar\u015f\u0131land\u0131m. Bana s\u00fcrecin detaylar\u0131n\u0131 anlatt\u0131 ve hemen tedaviye ba\u015fland\u0131. Di\u015f \u00e7ekimi yap\u0131ld\u0131, 5 implant yerle\u015ftirildi ve anestezi alt\u0131nda ger\u00e7ekle\u015ftirildi. 2 di\u015f daha sonraki bir seansta restore edilecek. Sunulan t\u00fcm hizmetlerden tamamen memnun kald\u0131m. Kas\u0131m ay\u0131nda tekrar \u0130stanbul\u2019a gidece\u011fim, implantlar\u0131n \u00fczerine di\u015flerimi yapt\u0131raca\u011f\u0131m ve bir k\u00f6pr\u00fc alaca\u011f\u0131m. Bu sefer \u0130stanbul\u2019daki di\u015f hekimine hi\u00e7 korku duymadan gidece\u011fim. SwissLasik\u2019i kesinlikle tavsiye edebilirim. Tabii ki fiyat-performans dengesi de \u00e7ok iyiydi. \u00d6nceki rapor Sonraki rapor<\/p>\n","protected":false},"author":4,"featured_media":0,"parent":4886,"menu_order":0,"comment_status":"closed","ping_status":"closed","template":"","meta":{"_joinchat":[],"footnotes":""},"class_list":["post-4925","page","type-page","status-publish","hentry"],"acf":[],"_links":{"self":[{"href":"https:\/\/medicaltravel.ch\/tr\/wp-json\/wp\/v2\/pages\/4925","targetHints":{"allow":["GET"]}}],"collection":[{"href":"https:\/\/medicaltravel.ch\/tr\/wp-json\/wp\/v2\/pages"}],"about":[{"href":"https:\/\/medicaltravel.ch\/tr\/wp-json\/wp\/v2\/types\/page"}],"author":[{"embeddable":true,"href":"https:\/\/medicaltravel.ch\/tr\/wp-json\/wp\/v2\/users\/4"}],"replies":[{"embeddable":true,"href":"https:\/\/medicaltravel.ch\/tr\/wp-json\/wp\/v2\/comments?post=4925"}],"version-history":[{"count":2,"href":"https:\/\/medicaltravel.ch\/tr\/wp-json\/wp\/v2\/pages\/4925\/revisions"}],"predecessor-version":[{"id":6494,"href":"https:\/\/medicaltravel.ch\/tr\/wp-json\/wp\/v2\/pages\/4925\/revisions\/6494"}],"up":[{"embeddable":true,"href":"https:\/\/medicaltravel.ch\/tr\/wp-json\/wp\/v2\/pages\/4886"}],"wp:attachment":[{"href":"https:\/\/medicaltravel.ch\/tr\/wp-json\/wp\/v2\/media?parent=4925"}],"curies":[{"name":"wp","href":"https:\/\/api.w.org\/{rel}","templated":true}]}}