{"id":4929,"date":"2025-09-24T06:55:08","date_gmt":"2025-09-24T05:55:08","guid":{"rendered":"https:\/\/medicaltravel.ch\/hasta-raporlari\/patientenberichte-haartransplantation-tuerkei\/yeni-kazanilan-yasam-kalitesi-21-mayis-2011-cumartesi-tarihli-rapor\/"},"modified":"2026-01-12T20:04:05","modified_gmt":"2026-01-12T19:04:05","slug":"yeni-kazanilan-yasam-kalitesi-21-mayis-2011-cumartesi-tarihli-rapor","status":"publish","type":"page","link":"https:\/\/medicaltravel.ch\/tr\/hasta-raporlari\/turkiyede-sac-ekimi-hastalarinin-yorumlari\/yeni-kazanilan-yasam-kalitesi-21-mayis-2011-cumartesi-tarihli-rapor\/","title":{"rendered":"Yeni kazan\u0131lan ya\u015fam kalitesi \u2013 21 May\u0131s 2011 Cumartesi tarihli rapor"},"content":{"rendered":"\n<p>Yeni kazan\u0131lan ya\u015fam kalitesi \u2013 21 May\u0131s 2011 Cumartesi tarihli rapor<\/p>\n\n\n\n<p>Yakla\u015f\u0131k 10 ya\u015f\u0131ndayken g\u00f6rme keskinli\u011fim azalmaya ba\u015flad\u0131 ve o zamandan beri s\u00fcrekli g\u00f6zl\u00fck takmak zorunda kald\u0131m. Bu ya\u015fta bile \u00e7ok spor yap\u0131yor ve olduk\u00e7a aktif biriydim, bu y\u00fczden g\u00f6zl\u00fck bana o zamanlar bile rahats\u0131z edici geliyordu. Gen\u00e7lik tak\u0131m\u0131nda hentbol oynuyor ve yo\u011fun \u015fekilde atletizm yap\u0131yordum. Hentbol temasl\u0131 bir spor oldu\u011fundan, g\u00f6zl\u00fck i\u00e7in \u201c\u00f6l\u00fcmc\u00fcl\u201d say\u0131l\u0131rd\u0131. Bu y\u00fczden erken ya\u015fta lens kullanmaya ba\u015flad\u0131m. Ancak bug\u00fcn kadar kendimi rahat hissetti\u011fim bir \u00fcr\u00fcn bulamad\u0131m. B\u00f6ylece erken ya\u015fta bir g\u00fcn g\u00f6zlerimi lazerle d\u00fczeltmeyi d\u00fc\u015f\u00fcnmeye ba\u015flad\u0131m.<br>Mesleki e\u011fitimimi tamamlad\u0131ktan hemen sonra \u00fcniversiteye ba\u015flad\u0131m ve e\u011fitim s\u00fcresince bu operasyonu kar\u015f\u0131layacak mali imkan\u0131m yoktu. Alt\u0131 ay \u00e7al\u0131\u015ft\u0131ktan sonra bor\u00e7lar\u0131m\u0131 \u00f6dedim ve bir miktar tasarruf biriktirdim. B\u00f6ylece lazer operasyonu i\u00e7in ara\u015ft\u0131rma ve bilgi toplama s\u00fcrecine ba\u015flad\u0131m. \u0130svi\u00e7re genelinde \u00e7ok iyi bir \u00fcne sahip olan VEDIS g\u00f6z lazer merkezine yak\u0131n oturdu\u011fum i\u00e7in oradaki bilgilendirme toplant\u0131s\u0131na kat\u0131ld\u0131m, \u00f6n muayene yapt\u0131rd\u0131m ve o zamana kadar fiyat-performans oran\u0131ndan memnundum.<br>Ancak sonras\u0131nda sigortalar ve daha iyi lazer se\u00e7ene\u011fi gibi (kendi g\u00f6z\u00fcn\u00fczle \u015faka yap\u0131lmaz) ek maliyetler ortaya \u00e7\u0131kt\u0131. Bu bana olduk\u00e7a g\u00fcvensiz ve pahal\u0131 geldi. Google\u2019da ara\u015ft\u0131rmalar\u0131m\u0131 s\u00fcrd\u00fcr\u00fcrken, s\u00fcrekli \u0130stanbul\u2019daki lazer se\u00e7eneklerine rastlad\u0131m. Ba\u015fta \u015f\u00fcpheciydim (tipik bir \u0130svi\u00e7reli olarak) ve \u0130stanbul\u2019da operasyon yapt\u0131rm\u0131\u015f tan\u0131d\u0131\u011f\u0131m biri olmad\u0131\u011f\u0131 i\u00e7in bu ad\u0131mdan \u00e7ekiniyordum.<br>Daha detayl\u0131 ara\u015ft\u0131rmalar\u0131m bana \u00e7ok ikna edici ve ilgin\u00e7 bilgiler sundu:<br>\u2013 \u0130svi\u00e7re\u2019ye g\u00f6re \u00e7ok daha ucuz (u\u00e7ak, otel, operasyon, \u0130svi\u00e7re\u2019de kontroller, g\u00f6z damlalar\u0131, refakat\u00e7i dahil)<br>\u2013 \u0130svi\u00e7re\u2019den daha iyi lazer teknolojisi<br>\u2013 1:1 hasta takibi<br>\u2013 Daha iyi hijyen standartlar\u0131<br>\u2013 Daha deneyimli doktorlar<br>\u2013 \u0130stanbul seyahatini \u015fehir turuna d\u00f6n\u00fc\u015ft\u00fcrebilme<br>\u2013 Daha esnek operasyon tarihleri (neredeyse her g\u00fcn)<br>\u2013 \u00d6m\u00fcr boyu garanti<br>\u2013 Kornea kal\u0131nl\u0131\u011f\u0131 i\u00e7in daha s\u0131k\u0131 kriterler<br>\u2013 Kuru g\u00f6z hastalar\u0131 i\u00e7in S-Lasik se\u00e7ene\u011fi (\u0130svi\u00e7re\u2019de hen\u00fcz yok)<br>\u2013 vb.<br>Bu avantajlar beni ikna etti ve Swisslasik (Serdar Karaagcli) ile ileti\u015fime ge\u00e7tim. Serdar Karaagcli ile \u0130stanbul\u2019da operasyon hakk\u0131nda konu\u015fmak i\u00e7in bir kahve bulu\u015ftum. Bu g\u00f6r\u00fc\u015fme benim i\u00e7in \u00e7ok \u00f6nemliydi \u00e7\u00fcnk\u00fc \u0130stanbul\u2019da lazer yapt\u0131rm\u0131\u015f kimseyi tan\u0131m\u0131yordum. Sadece Hollanda\u2019da lazer yapt\u0131rm\u0131\u015f bir Hollandal\u0131y\u0131 biliyordum. Ayr\u0131ca sorun ya\u015farsam dan\u0131\u015fabilece\u011fim g\u00fcvenilir bir ki\u015fi edindim. Bu samimi ve ba\u011flay\u0131c\u0131 olmayan g\u00f6r\u00fc\u015fme, beni \u0130stanbul\u2019da operasyon yapt\u0131rmaya %99 oran\u0131nda ikna etti.<br>B\u00f6ylece, g\u00fcne\u015f g\u00f6zl\u00fc\u011f\u00fcm olmadan d\u0131\u015far\u0131da y\u00fcr\u00fcrken ve g\u00f6zl\u00fck takmak zorunda olmaktan rahats\u0131z olurken, \u0130stanbul\u2019da operasyon yapt\u0131rmaya karar verdim.                      Ancak operasyon g\u00fcn\u00fcne kadar bu teklife kar\u015f\u0131 \u015f\u00fcpheciydim, \u00e7\u00fcnk\u00fc bu kadar kapsaml\u0131 bir paketin bu kadar ucuz olmas\u0131na her zaman bir \u201cp\u00fcf noktas\u0131\u201d oldu\u011funu d\u00fc\u015f\u00fcn\u00fcyordum. Bug\u00fcn h\u00e2l\u00e2 b\u00f6yle bir \u201cp\u00fcf noktas\u0131\u201d bulamad\u0131m, \u00e7\u00fcnk\u00fc her \u015fey m\u00fckemmel bir \u015fekilde y\u00fcr\u00fcd\u00fc. \u015eimdi g\u00f6rme keskinli\u011fim %100 ve bu ad\u0131m\u0131 herkese tavsiye edebilirim! Yapt\u0131rmayan ger\u00e7ekten kendi zarar\u0131na yap\u0131yor. Ueli Kramer   <\/p>\n\n\n\n<div class=\"wp-block-group is-layout-grid wp-container-core-group-is-layout-baef362d wp-block-group-is-layout-grid\">\n<p><a href=\"https:\/\/medicaltravel.at\/home\/agb\/\" data-type=\"page\" data-id=\"2191\" rel=\"nofollow noopener\" target=\"_blank\"><\/a><a href=\"https:\/\/medicaltravel.ch\/tr\/hasta-raporlari\/turkiyede-sac-ekimi-hastalarinin-yorumlari\/istanbuldaki-lasek-deneyimim-26-mayis-2011-persembe-tarihli-rapor\/\" data-type=\"link\" data-id=\"https:\/\/medicaltravel.ch\/tr\/hasta-raporlari\/turkiyede-sac-ekimi-hastalarinin-yorumlari\/istanbuldaki-lasek-deneyimim-26-mayis-2011-persembe-tarihli-rapor\/\">\u00d6nceki rapor<\/a><\/p>\n\n\n\n<p class=\"has-text-align-right wp-container-content-5e2576f9\"><a href=\"https:\/\/medicaltravel.at\/home\/impressum\/\" data-type=\"page\" data-id=\"2193\" rel=\"nofollow noopener\" target=\"_blank\"><\/a><a href=\"https:\/\/medicaltravel.at\/home\/berichte-von-patienten\/erfahrungsberichte\/erfahrungsbericht-zahnbehandlung-in-istanbul\/\" data-type=\"page\" data-id=\"981\" rel=\"nofollow noopener\" target=\"_blank\"><\/a><a href=\"https:\/\/medicaltravel.ch\/tr\/hasta-raporlari\/turkiyede-sac-ekimi-hastalarinin-yorumlari\/7-nisan-2011-tarihli-lazer-goez-ameliyati-deneyim-raporu-29-nisan-2011-cuma-tarihli-rapor\/\" data-type=\"link\" data-id=\"https:\/\/medicaltravel.ch\/tr\/hasta-raporlari\/turkiyede-sac-ekimi-hastalarinin-yorumlari\/7-nisan-2011-tarihli-lazer-goez-ameliyati-deneyim-raporu-29-nisan-2011-cuma-tarihli-rapor\/\">Sonraki rapor<\/a><\/p>\n<\/div>\n","protected":false},"excerpt":{"rendered":"<p>Yeni kazan\u0131lan ya\u015fam kalitesi \u2013 21 May\u0131s 2011 Cumartesi tarihli rapor Yakla\u015f\u0131k 10 ya\u015f\u0131ndayken g\u00f6rme keskinli\u011fim azalmaya ba\u015flad\u0131 ve o zamandan beri s\u00fcrekli g\u00f6zl\u00fck takmak zorunda kald\u0131m. Bu ya\u015fta bile \u00e7ok spor yap\u0131yor ve olduk\u00e7a aktif biriydim, bu y\u00fczden g\u00f6zl\u00fck bana o zamanlar bile rahats\u0131z edici geliyordu. Gen\u00e7lik tak\u0131m\u0131nda hentbol oynuyor ve yo\u011fun \u015fekilde atletizm yap\u0131yordum. Hentbol temasl\u0131 bir spor oldu\u011fundan, g\u00f6zl\u00fck i\u00e7in \u201c\u00f6l\u00fcmc\u00fcl\u201d say\u0131l\u0131rd\u0131. Bu y\u00fczden erken ya\u015fta lens kullanmaya ba\u015flad\u0131m. Ancak bug\u00fcn kadar kendimi rahat hissetti\u011fim bir \u00fcr\u00fcn bulamad\u0131m. B\u00f6ylece erken ya\u015fta bir g\u00fcn g\u00f6zlerimi lazerle d\u00fczeltmeyi d\u00fc\u015f\u00fcnmeye ba\u015flad\u0131m.Mesleki e\u011fitimimi tamamlad\u0131ktan hemen sonra \u00fcniversiteye ba\u015flad\u0131m ve e\u011fitim s\u00fcresince bu operasyonu kar\u015f\u0131layacak mali imkan\u0131m yoktu. Alt\u0131 ay \u00e7al\u0131\u015ft\u0131ktan sonra bor\u00e7lar\u0131m\u0131 \u00f6dedim ve bir miktar tasarruf biriktirdim. B\u00f6ylece lazer operasyonu i\u00e7in ara\u015ft\u0131rma ve bilgi toplama s\u00fcrecine ba\u015flad\u0131m. \u0130svi\u00e7re genelinde \u00e7ok iyi bir \u00fcne sahip olan VEDIS g\u00f6z lazer merkezine yak\u0131n oturdu\u011fum i\u00e7in oradaki bilgilendirme toplant\u0131s\u0131na kat\u0131ld\u0131m, \u00f6n muayene yapt\u0131rd\u0131m ve o zamana kadar fiyat-performans oran\u0131ndan memnundum.Ancak sonras\u0131nda sigortalar ve daha iyi lazer se\u00e7ene\u011fi gibi (kendi g\u00f6z\u00fcn\u00fczle \u015faka yap\u0131lmaz) ek maliyetler ortaya \u00e7\u0131kt\u0131. Bu bana olduk\u00e7a g\u00fcvensiz ve pahal\u0131 geldi. Google\u2019da ara\u015ft\u0131rmalar\u0131m\u0131 s\u00fcrd\u00fcr\u00fcrken, s\u00fcrekli \u0130stanbul\u2019daki lazer se\u00e7eneklerine rastlad\u0131m. Ba\u015fta \u015f\u00fcpheciydim (tipik bir \u0130svi\u00e7reli olarak) ve \u0130stanbul\u2019da operasyon yapt\u0131rm\u0131\u015f tan\u0131d\u0131\u011f\u0131m biri olmad\u0131\u011f\u0131 i\u00e7in bu ad\u0131mdan \u00e7ekiniyordum.Daha detayl\u0131 ara\u015ft\u0131rmalar\u0131m bana \u00e7ok ikna edici ve ilgin\u00e7 bilgiler sundu:\u2013 \u0130svi\u00e7re\u2019ye g\u00f6re \u00e7ok daha ucuz (u\u00e7ak, otel, operasyon, \u0130svi\u00e7re\u2019de kontroller, g\u00f6z damlalar\u0131, refakat\u00e7i dahil)\u2013 \u0130svi\u00e7re\u2019den daha iyi lazer teknolojisi\u2013 1:1 hasta takibi\u2013 Daha iyi hijyen standartlar\u0131\u2013 Daha deneyimli doktorlar\u2013 \u0130stanbul seyahatini \u015fehir turuna d\u00f6n\u00fc\u015ft\u00fcrebilme\u2013 Daha esnek operasyon tarihleri (neredeyse her g\u00fcn)\u2013 \u00d6m\u00fcr boyu garanti\u2013 Kornea kal\u0131nl\u0131\u011f\u0131 i\u00e7in daha s\u0131k\u0131 kriterler\u2013 Kuru g\u00f6z hastalar\u0131 i\u00e7in S-Lasik se\u00e7ene\u011fi (\u0130svi\u00e7re\u2019de hen\u00fcz yok)\u2013 vb.Bu avantajlar beni ikna etti ve Swisslasik (Serdar Karaagcli) ile ileti\u015fime ge\u00e7tim. Serdar Karaagcli ile \u0130stanbul\u2019da operasyon hakk\u0131nda konu\u015fmak i\u00e7in bir kahve bulu\u015ftum. Bu g\u00f6r\u00fc\u015fme benim i\u00e7in \u00e7ok \u00f6nemliydi \u00e7\u00fcnk\u00fc \u0130stanbul\u2019da lazer yapt\u0131rm\u0131\u015f kimseyi tan\u0131m\u0131yordum. Sadece Hollanda\u2019da lazer yapt\u0131rm\u0131\u015f bir Hollandal\u0131y\u0131 biliyordum. Ayr\u0131ca sorun ya\u015farsam dan\u0131\u015fabilece\u011fim g\u00fcvenilir bir ki\u015fi edindim. Bu samimi ve ba\u011flay\u0131c\u0131 olmayan g\u00f6r\u00fc\u015fme, beni \u0130stanbul\u2019da operasyon yapt\u0131rmaya %99 oran\u0131nda ikna etti.B\u00f6ylece, g\u00fcne\u015f g\u00f6zl\u00fc\u011f\u00fcm olmadan d\u0131\u015far\u0131da y\u00fcr\u00fcrken ve g\u00f6zl\u00fck takmak zorunda olmaktan rahats\u0131z olurken, \u0130stanbul\u2019da operasyon yapt\u0131rmaya karar verdim. Ancak operasyon g\u00fcn\u00fcne kadar bu teklife kar\u015f\u0131 \u015f\u00fcpheciydim, \u00e7\u00fcnk\u00fc bu kadar kapsaml\u0131 bir paketin bu kadar ucuz olmas\u0131na her zaman bir \u201cp\u00fcf noktas\u0131\u201d oldu\u011funu d\u00fc\u015f\u00fcn\u00fcyordum. Bug\u00fcn h\u00e2l\u00e2 b\u00f6yle bir \u201cp\u00fcf noktas\u0131\u201d bulamad\u0131m, \u00e7\u00fcnk\u00fc her \u015fey m\u00fckemmel bir \u015fekilde y\u00fcr\u00fcd\u00fc. \u015eimdi g\u00f6rme keskinli\u011fim %100 ve bu ad\u0131m\u0131 herkese tavsiye edebilirim! Yapt\u0131rmayan ger\u00e7ekten kendi zarar\u0131na yap\u0131yor. Ueli Kramer \u00d6nceki rapor Sonraki rapor<\/p>\n","protected":false},"author":4,"featured_media":0,"parent":4886,"menu_order":0,"comment_status":"closed","ping_status":"closed","template":"","meta":{"_joinchat":[],"footnotes":""},"class_list":["post-4929","page","type-page","status-publish","hentry"],"acf":[],"_links":{"self":[{"href":"https:\/\/medicaltravel.ch\/tr\/wp-json\/wp\/v2\/pages\/4929","targetHints":{"allow":["GET"]}}],"collection":[{"href":"https:\/\/medicaltravel.ch\/tr\/wp-json\/wp\/v2\/pages"}],"about":[{"href":"https:\/\/medicaltravel.ch\/tr\/wp-json\/wp\/v2\/types\/page"}],"author":[{"embeddable":true,"href":"https:\/\/medicaltravel.ch\/tr\/wp-json\/wp\/v2\/users\/4"}],"replies":[{"embeddable":true,"href":"https:\/\/medicaltravel.ch\/tr\/wp-json\/wp\/v2\/comments?post=4929"}],"version-history":[{"count":0,"href":"https:\/\/medicaltravel.ch\/tr\/wp-json\/wp\/v2\/pages\/4929\/revisions"}],"up":[{"embeddable":true,"href":"https:\/\/medicaltravel.ch\/tr\/wp-json\/wp\/v2\/pages\/4886"}],"wp:attachment":[{"href":"https:\/\/medicaltravel.ch\/tr\/wp-json\/wp\/v2\/media?parent=4929"}],"curies":[{"name":"wp","href":"https:\/\/api.w.org\/{rel}","templated":true}]}}