{"id":4933,"date":"2025-09-17T12:10:06","date_gmt":"2025-09-17T11:10:06","guid":{"rendered":"https:\/\/medicaltravel.ch\/hasta-raporlari\/reviews-augenbehandlungen\/"},"modified":"2026-01-10T02:55:42","modified_gmt":"2026-01-10T01:55:42","slug":"goz-tedavileri-hakkindaki-degerlendirmeler","status":"publish","type":"page","link":"https:\/\/medicaltravel.ch\/tr\/hasta-raporlari\/goz-tedavileri-hakkindaki-degerlendirmeler\/","title":{"rendered":"G\u00f6z tedavileri hakk\u0131ndaki de\u011ferlendirmeler"},"content":{"rendered":"\t\t<div data-elementor-type=\"wp-page\" data-elementor-id=\"4933\" class=\"elementor elementor-4933 elementor-219\" data-elementor-post-type=\"page\">\n\t\t\t\t<div class=\"elementor-element elementor-element-906cf8e e-flex e-con-boxed wpr-particle-no wpr-jarallax-no wpr-parallax-no wpr-sticky-section-no e-con e-parent\" data-id=\"906cf8e\" data-element_type=\"container\" data-e-type=\"container\">\n\t\t\t\t\t<div class=\"e-con-inner\">\n\t\t<div class=\"elementor-element elementor-element-6a00d3d e-con-full e-flex wpr-particle-no wpr-jarallax-no wpr-parallax-no wpr-sticky-section-no e-con e-child\" data-id=\"6a00d3d\" data-element_type=\"container\" data-e-type=\"container\">\n\t\t\t\t<div class=\"elementor-element elementor-element-f1b164d elementor-widget elementor-widget-button\" data-id=\"f1b164d\" data-element_type=\"widget\" data-e-type=\"widget\" data-widget_type=\"button.default\">\n\t\t\t\t\t\t\t\t\t\t<a class=\"elementor-button elementor-button-link elementor-size-sm\" href=\"https:\/\/medicaltravel.ch\/tr\/hasta-raporlari\/video-erfahrungsberichte-patienten-beurteilung-tuerkei-istanbul\/\">\n\t\t\t\t\t\t<span class=\"elementor-button-content-wrapper\">\n\t\t\t\t\t\t\t\t\t<span class=\"elementor-button-text\">videolar<\/span>\n\t\t\t\t\t<\/span>\n\t\t\t\t\t<\/a>\n\t\t\t\t\t\t\t\t<\/div>\n\t\t\t\t<div class=\"elementor-element elementor-element-2c0e376 elementor-widget elementor-widget-button\" data-id=\"2c0e376\" data-element_type=\"widget\" data-e-type=\"widget\" data-widget_type=\"button.default\">\n\t\t\t\t\t\t\t\t\t\t<a class=\"elementor-button elementor-button-link elementor-size-sm\" href=\"https:\/\/medicaltravel.ch\/tr\/hasta-raporlari\/erfahrungsberichte-empfehlungen-behandlungen-beurteilung-tuerkei-istanbul\/\">\n\t\t\t\t\t\t<span class=\"elementor-button-content-wrapper\">\n\t\t\t\t\t\t\t\t\t<span class=\"elementor-button-text\">En yeni<\/span>\n\t\t\t\t\t<\/span>\n\t\t\t\t\t<\/a>\n\t\t\t\t\t\t\t\t<\/div>\n\t\t\t\t<div class=\"elementor-element elementor-element-1a250d8 elementor-widget elementor-widget-button\" data-id=\"1a250d8\" data-element_type=\"widget\" data-e-type=\"widget\" data-widget_type=\"button.default\">\n\t\t\t\t\t\t\t\t\t\t<a class=\"elementor-button elementor-button-link elementor-size-sm\" href=\"https:\/\/medicaltravel.ch\/tr\/hasta-raporlari\/erfahrungsberichte-behandlungen-tuerkei\/\">\n\t\t\t\t\t\t<span class=\"elementor-button-content-wrapper\">\n\t\t\t\t\t\t\t\t\t<span class=\"elementor-button-text\">Deneyim raporlar\u0131<\/span>\n\t\t\t\t\t<\/span>\n\t\t\t\t\t<\/a>\n\t\t\t\t\t\t\t\t<\/div>\n\t\t\t\t<div class=\"elementor-element elementor-element-cf08c1f elementor-widget elementor-widget-button\" data-id=\"cf08c1f\" data-element_type=\"widget\" data-e-type=\"widget\" data-widget_type=\"button.default\">\n\t\t\t\t\t\t\t\t\t\t<a class=\"elementor-button elementor-button-link elementor-size-sm\" href=\"https:\/\/medicaltravel.ch\/tr\/hasta-raporlari\/patientenberichte-haartransplantation-tuerkei\/\">\n\t\t\t\t\t\t<span class=\"elementor-button-content-wrapper\">\n\t\t\t\t\t\t\t\t\t<span class=\"elementor-button-text\">Hasta raporlar\u0131<\/span>\n\t\t\t\t\t<\/span>\n\t\t\t\t\t<\/a>\n\t\t\t\t\t\t\t\t<\/div>\n\t\t\t\t<div class=\"elementor-element elementor-element-df82581 elementor-widget elementor-widget-button\" data-id=\"df82581\" data-element_type=\"widget\" data-e-type=\"widget\" data-widget_type=\"button.default\">\n\t\t\t\t\t\t\t\t\t\t<a class=\"elementor-button elementor-button-link elementor-size-sm\" href=\"https:\/\/medicaltravel.ch\/tr\/hasta-raporlari\/erfahrungsberichte-schoenheits-op-istanbul\/\">\n\t\t\t\t\t\t<span class=\"elementor-button-content-wrapper\">\n\t\t\t\t\t\t\t\t\t<span class=\"elementor-button-text\">Hasta de\u011ferlendirmeleri<\/span>\n\t\t\t\t\t<\/span>\n\t\t\t\t\t<\/a>\n\t\t\t\t\t\t\t\t<\/div>\n\t\t\t\t<div class=\"elementor-element elementor-element-8b1f213 elementor-widget elementor-widget-button\" data-id=\"8b1f213\" data-element_type=\"widget\" data-e-type=\"widget\" data-widget_type=\"button.default\">\n\t\t\t\t\t\t\t\t\t\t<a class=\"elementor-button elementor-button-link elementor-size-sm\" href=\"https:\/\/medicaltravel.ch\/tr\/hasta-raporlari\/reviews-augenbehandlungen\/\">\n\t\t\t\t\t\t<span class=\"elementor-button-content-wrapper\">\n\t\t\t\t\t\t\t\t\t<span class=\"elementor-button-text\">Yorumlar<\/span>\n\t\t\t\t\t<\/span>\n\t\t\t\t\t<\/a>\n\t\t\t\t\t\t\t\t<\/div>\n\t\t\t\t<div class=\"elementor-element elementor-element-146fea8 elementor-widget elementor-widget-button\" data-id=\"146fea8\" data-element_type=\"widget\" data-e-type=\"widget\" data-widget_type=\"button.default\">\n\t\t\t\t\t\t\t\t\t\t<a class=\"elementor-button elementor-button-link elementor-size-sm\" href=\"https:\/\/medicaltravel.ch\/tr\/hasta-raporlari\/yasli-hastalarin-raporlari\/\">\n\t\t\t\t\t\t<span class=\"elementor-button-content-wrapper\">\n\t\t\t\t\t\t\t\t\t<span class=\"elementor-button-text\">Ya\u015fl\u0131 hastalar\u0131n raporlar\u0131<\/span>\n\t\t\t\t\t<\/span>\n\t\t\t\t\t<\/a>\n\t\t\t\t\t\t\t\t<\/div>\n\t\t\t\t<\/div>\n\t\t\t\t<div class=\"elementor-element elementor-element-508546ed elementor-widget elementor-widget-text-editor\" data-id=\"508546ed\" data-element_type=\"widget\" data-e-type=\"widget\" data-widget_type=\"text-editor.default\">\n\t\t\t\t\t\t\t\t\t<h2 class=\"wp-block-heading\">HASTA G\u00d6R\u00dc\u015eLER\u0130 G\u00d6Z CERRAH\u0130S\u0130 T\u00fcrkiye<\/h2><ul class=\"wp-block-list\"><li><a href=\"https:\/\/medicaltravel.ch\/tr\/hasta-raporlari\/yasli-hastalarin-raporlari\/lasik-istanbuldaki-deneyimim-21-aralik-2007-cuma-guenue-tarihli-rapor\/\" data-type=\"page\" data-id=\"1102\">LASIK \u0130STANBUL&#8217;daki deneyimim \u2013 21 Aral\u0131k 2007 Cuma g\u00fcn\u00fc tarihli rapor<\/a><\/li><li><a href=\"https:\/\/medicaltravel.ch\/tr\/hasta-raporlari\/yasli-hastalarin-raporlari\/goez-lazeri-14-aralik-2007-cuma-guenue-tarihli-rapor\/\" data-type=\"page\" data-id=\"1104\">G\u00f6z lazeri \u2013 14 Aral\u0131k 2007 Cuma g\u00fcn\u00fc tarihli rapor<\/a><\/li><li><a href=\"https:\/\/medicaltravel.ch\/tr\/hasta-raporlari\/yasli-hastalarin-raporlari\/istanbuldaki-goez-lazer-ameliyatimiz-28-kasim-2007-carsamba-guenue-raporu\/\" data-type=\"page\" data-id=\"1106\">\u0130stanbul&#8217;daki G\u00d6Z LAZER AMEL\u0130YATIMIZ \u2013 28 Kas\u0131m 2007 \u00c7ar\u015famba g\u00fcn\u00fc raporu<\/a><\/li><li><a href=\"https:\/\/medicaltravel.ch\/tr\/hasta-raporlari\/yasli-hastalarin-raporlari\/istanbulda-goez-ameliyati-19-kasim-2007-pazartesi-guenue-raporu\/\" data-type=\"page\" data-id=\"1108\">\u0130stanbul&#8217;da g\u00f6z ameliyat\u0131 \u2013 19 Kas\u0131m 2007 Pazartesi g\u00fcn\u00fc raporu<\/a><\/li><li><a href=\"https:\/\/medicaltravel.ch\/tr\/hasta-raporlari\/yasli-hastalarin-raporlari\/istanbulda-goez-lazer-ameliyatim-29-ekim-2007-pazartesi-guenue-raporu\/\" data-type=\"page\" data-id=\"1110\">\u0130stanbul&#8217;da g\u00f6z lazer ameliyat\u0131m \u2013 29 Ekim 2007 Pazartesi g\u00fcn\u00fc raporu<\/a><\/li><li><a href=\"https:\/\/medicaltravel.ch\/tr\/hasta-raporlari\/yasli-hastalarin-raporlari\/istanbulda-lasik-ameliyati-deneyimim-28-ekim-2007-pazar-guenue-raporu\/\" data-type=\"page\" data-id=\"1112\">\u0130stanbul&#8217;da Lasik ameliyat\u0131 deneyimim \u2013 28 Ekim 2007 Pazar g\u00fcn\u00fc raporu<\/a><\/li><li><a href=\"https:\/\/medicaltravel.ch\/tr\/hasta-raporlari\/yasli-hastalarin-raporlari\/goez-lazer-tedavisi-deneyim-raporu-tuerkiye-2-ekim-2007-sali-guenue-tarihli-rapor\/\" data-type=\"page\" data-id=\"1114\">G\u00f6z Lazer Tedavisi Deneyim Raporu T\u00fcrkiye \u2013 2 Ekim 2007 Sal\u0131 g\u00fcn\u00fc tarihli rapor<\/a><\/li><li><a href=\"https:\/\/medicaltravel.ch\/tr\/hasta-raporlari\/yasli-hastalarin-raporlari\/deneyim-raporu-goez-lazer-tuerkiye-27-temmuz-2007-cuma-guenue-raporu\/\" data-type=\"page\" data-id=\"1116\">Deneyim raporu G\u00f6z lazer T\u00fcrkiye \u2013 27 Temmuz 2007 Cuma g\u00fcn\u00fc raporu<\/a><\/li><li><a href=\"https:\/\/medicaltravel.ch\/tr\/hasta-raporlari\/yasli-hastalarin-raporlari\/istanbuldan-rapor-goez-lazer-ameliyati-9-temmuz-2007-pazartesi-guenue-raporu\/\" data-type=\"page\" data-id=\"1118\">\u0130stanbul&#8217;dan rapor G\u00f6z lazer ameliyat\u0131 \u2013 9 Temmuz 2007 Pazartesi g\u00fcn\u00fc raporu<\/a><\/li><li><a href=\"https:\/\/medicaltravel.ch\/tr\/hasta-raporlari\/yasli-hastalarin-raporlari\/deneyim-raporu-lasik-istanbul-tuerkiye-25-haziran-2007-pazartesi-guenue-tarihli-rapor\/\" data-type=\"page\" data-id=\"1120\">Deneyim raporu LASIK \u0130STANBUL \/T\u00fcrkiye \u2013 25 Haziran 2007 Pazartesi g\u00fcn\u00fc tarihli rapor<\/a><\/li><li><a href=\"https:\/\/medicaltravel.ch\/tr\/hasta-raporlari\/yasli-hastalarin-raporlari\/tuerkiyedeki-lazer-goez-ameliyati-deneyimim-15-haziran-2007-cuma-guenue-tarihli-rapor\/\" data-type=\"page\" data-id=\"1122\">T\u00fcrkiye&#8217;deki lazer g\u00f6z ameliyat\u0131 deneyimim \u2013 15 Haziran 2007 Cuma g\u00fcn\u00fc tarihli rapor<\/a><\/li><li><a href=\"https:\/\/medicaltravel.ch\/tr\/hasta-raporlari\/yasli-hastalarin-raporlari\/hasta-raporu-lasik-tuerkiye-20-mart-2007-sali-guenue-raporu\/\" data-type=\"page\" data-id=\"1127\">Hasta raporu LASIK T\u00fcrkiye \u2013 20 Mart 2007 Sal\u0131 g\u00fcn\u00fc raporu<\/a><\/li><li><a href=\"https:\/\/medicaltravel.ch\/tr\/hasta-raporlari\/yasli-hastalarin-raporlari\/goez-lazer-istanbul-deneyim-raporu-29-ocak-2007-pazartesi-guenue-raporu\/\" data-type=\"page\" data-id=\"1129\">G\u00f6z lazer \u0130stanbul deneyim raporu \u2013 29 Ocak 2007 Pazartesi g\u00fcn\u00fc raporu<\/a><\/li><\/ul>\t\t\t\t\t\t\t\t<\/div>\n\t\t\t\t\t<\/div>\n\t\t\t\t<\/div>\n\t\t\t\t<\/div>\n\t\t","protected":false},"excerpt":{"rendered":"<p>videolar En yeni Deneyim raporlar\u0131 Hasta raporlar\u0131 Hasta de\u011ferlendirmeleri Yorumlar Ya\u015fl\u0131 hastalar\u0131n raporlar\u0131 HASTA G\u00d6R\u00dc\u015eLER\u0130 G\u00d6Z CERRAH\u0130S\u0130 T\u00fcrkiye LASIK \u0130STANBUL&#8217;daki deneyimim \u2013 21 Aral\u0131k 2007 Cuma g\u00fcn\u00fc tarihli rapor G\u00f6z lazeri \u2013 14 Aral\u0131k 2007 Cuma g\u00fcn\u00fc tarihli rapor \u0130stanbul&#8217;daki G\u00d6Z LAZER AMEL\u0130YATIMIZ \u2013 28 Kas\u0131m 2007 \u00c7ar\u015famba g\u00fcn\u00fc raporu \u0130stanbul&#8217;da g\u00f6z ameliyat\u0131 \u2013 19 Kas\u0131m 2007 Pazartesi g\u00fcn\u00fc raporu \u0130stanbul&#8217;da g\u00f6z lazer ameliyat\u0131m \u2013 29 Ekim 2007 Pazartesi g\u00fcn\u00fc raporu \u0130stanbul&#8217;da Lasik ameliyat\u0131 deneyimim \u2013 28 Ekim 2007 Pazar g\u00fcn\u00fc raporu G\u00f6z Lazer Tedavisi Deneyim Raporu T\u00fcrkiye \u2013 2 Ekim 2007 Sal\u0131 g\u00fcn\u00fc tarihli rapor Deneyim raporu G\u00f6z lazer T\u00fcrkiye \u2013 27 Temmuz 2007 Cuma g\u00fcn\u00fc raporu \u0130stanbul&#8217;dan rapor G\u00f6z lazer ameliyat\u0131 \u2013 9 Temmuz 2007 Pazartesi g\u00fcn\u00fc raporu Deneyim raporu LASIK \u0130STANBUL \/T\u00fcrkiye \u2013 25 Haziran 2007 Pazartesi g\u00fcn\u00fc tarihli rapor T\u00fcrkiye&#8217;deki lazer g\u00f6z ameliyat\u0131 deneyimim \u2013 15 Haziran 2007 Cuma g\u00fcn\u00fc tarihli rapor Hasta raporu LASIK T\u00fcrkiye \u2013 20 Mart 2007 Sal\u0131 g\u00fcn\u00fc raporu G\u00f6z lazer \u0130stanbul deneyim raporu \u2013 29 Ocak 2007 Pazartesi g\u00fcn\u00fc raporu<\/p>\n","protected":false},"author":4,"featured_media":0,"parent":4419,"menu_order":0,"comment_status":"closed","ping_status":"closed","template":"","meta":{"_joinchat":[],"footnotes":""},"class_list":["post-4933","page","type-page","status-publish","hentry"],"acf":[],"_links":{"self":[{"href":"https:\/\/medicaltravel.ch\/tr\/wp-json\/wp\/v2\/pages\/4933","targetHints":{"allow":["GET"]}}],"collection":[{"href":"https:\/\/medicaltravel.ch\/tr\/wp-json\/wp\/v2\/pages"}],"about":[{"href":"https:\/\/medicaltravel.ch\/tr\/wp-json\/wp\/v2\/types\/page"}],"author":[{"embeddable":true,"href":"https:\/\/medicaltravel.ch\/tr\/wp-json\/wp\/v2\/users\/4"}],"replies":[{"embeddable":true,"href":"https:\/\/medicaltravel.ch\/tr\/wp-json\/wp\/v2\/comments?post=4933"}],"version-history":[{"count":3,"href":"https:\/\/medicaltravel.ch\/tr\/wp-json\/wp\/v2\/pages\/4933\/revisions"}],"predecessor-version":[{"id":6167,"href":"https:\/\/medicaltravel.ch\/tr\/wp-json\/wp\/v2\/pages\/4933\/revisions\/6167"}],"up":[{"embeddable":true,"href":"https:\/\/medicaltravel.ch\/tr\/wp-json\/wp\/v2\/pages\/4419"}],"wp:attachment":[{"href":"https:\/\/medicaltravel.ch\/tr\/wp-json\/wp\/v2\/media?parent=4933"}],"curies":[{"name":"wp","href":"https:\/\/api.w.org\/{rel}","templated":true}]}}