{"id":4935,"date":"2025-09-24T07:27:19","date_gmt":"2025-09-24T06:27:19","guid":{"rendered":"https:\/\/medicaltravel.ch\/hasta-raporlari\/reviews-augenbehandlungen\/istanbulda-goez-ameliyati-19-kasim-2007-pazartesi-guenue-raporu\/"},"modified":"2026-01-03T18:23:58","modified_gmt":"2026-01-03T17:23:58","slug":"istanbulda-goez-ameliyati-19-kasim-2007-pazartesi-guenue-raporu","status":"publish","type":"page","link":"https:\/\/medicaltravel.ch\/tr\/hasta-raporlari\/goz-tedavileri-hakkindaki-degerlendirmeler\/istanbulda-goez-ameliyati-19-kasim-2007-pazartesi-guenue-raporu\/","title":{"rendered":"\u0130stanbul&#8217;da g\u00f6z ameliyat\u0131 \u2013 19 Kas\u0131m 2007 Pazartesi g\u00fcn\u00fc raporu"},"content":{"rendered":"\n<h3 class=\"wp-block-heading\">\u0130stanbul&#8217;da g\u00f6z ameliyat\u0131 \u2013 19 Kas\u0131m 2007 Pazartesi g\u00fcn\u00fc raporu<\/h3>\n\n<p>Hallo<\/p>\n\n<p>\u0130\u015fte \u0130stanbul&#8217;daki EYEstar Klini\u011fi&#8217;nde Swisslasik ile ge\u00e7irdi\u011fim Lasik ameliyat\u0131 sonras\u0131 deneyimlerimi anlatan bir rapor.<\/p>\n\n<p>4 ya\u015f\u0131ndan beri g\u00f6zl\u00fck tak\u0131yorum ve uzun zamand\u0131r g\u00f6zlerimi lazerle tedavi ettirmeyi d\u00fc\u015f\u00fcn\u00fcyordum. Sonu\u00e7ta, dal\u0131\u015fa olan sevgim, g\u00f6zl\u00fck takman\u0131n olduk\u00e7a pratik olmad\u0131\u011f\u0131 i\u00e7in bu ad\u0131m\u0131 atmaya karar vermeme neden oldu, \u00f6zellikle de ameliyat\u0131 ba\u015far\u0131yla ge\u00e7iren birka\u00e7 ki\u015fi tan\u0131d\u0131\u011f\u0131m i\u00e7in.<\/p>\n\n<p>\u015eimdi uygun bir klinik aray\u0131\u015f\u0131 ba\u015flad\u0131. Arkada\u015flar\u0131mdan \u0130stanbul&#8217;da ameliyat olma imkan\u0131 oldu\u011funu ve bunun \u0130svi\u00e7re veya Almanya&#8217;ya g\u00f6re \u00e7ok daha ucuz oldu\u011funu biliyordum. Bu y\u00fczden internette ara\u015ft\u0131rma yapmaya ve ba\u011f\u0131ms\u0131z forumlarda deneyim raporlar\u0131n\u0131 okumaya ba\u015flad\u0131m. B\u00f6ylece, \u00f6znel de\u011ferlendirmeme g\u00f6re Swisslasik&#8217;in bana en iyi teklifi sundu\u011fu sonucuna vard\u0131m (kalite a\u00e7\u0131s\u0131ndan).<\/p>\n\n<p>Sadece Z\u00fcrih&#8217;te yap\u0131labilen \u00f6n muayene, Lozan&#8217;da ya\u015fayan benim i\u00e7in pek pratik de\u011fildi. Muayene sonucunda g\u00f6z bebeklerimin \u00e7ok b\u00fcy\u00fck oldu\u011fu (ve gece g\u00f6r\u00fc\u015f\u00fcnde haleler olu\u015fma riski oldu\u011fu) ortaya \u00e7\u0131kt\u0131 ve g\u00f6z doktoru bu nedenle bana implant kontakt lens tak\u0131lmas\u0131n\u0131 tavsiye etti. Bu ameliyat\u0131 yapt\u0131rmal\u0131 m\u0131y\u0131m konusunda tam olarak emin de\u011fildim, \u00e7\u00fcnk\u00fc bana \u00e7ok invaziv geldi ve maliyeti de iki kat\u0131na \u00e7\u0131kacakt\u0131.<\/p>\n\n<p>Yine de \u0130stanbul&#8217;a u\u00e7tum ve ameliyat\u0131 ger\u00e7ekle\u015ftirecek olan g\u00f6z doktoruyla, benim i\u00e7in hangi y\u00f6ntemin uygun olaca\u011f\u0131n\u0131 tekrar g\u00f6r\u00fc\u015ft\u00fcm. O, g\u00f6z bebe\u011fimin Lasik ameliyat\u0131 i\u00e7in s\u0131n\u0131rda oldu\u011funu, ancak korneam\u0131n nispeten kal\u0131n olmas\u0131 nedeniyle Lasik ameliyat\u0131n\u0131n yap\u0131labilece\u011fini s\u00f6yledi ve ben de Lasik&#8217;i tercih ettim.<\/p>\n\n<p>Ertesi g\u00fcn olduk\u00e7a heyecanl\u0131yd\u0131m ve bana sunulan sakinle\u015ftirici hap\u0131 almaya karar verdim. K\u0131sa bir s\u00fcre sonra haz\u0131rl\u0131k odas\u0131na g\u00f6t\u00fcr\u00fcld\u00fcm, g\u00f6z \u00e7evrem dezenfekte edildi ve hemen ard\u0131ndan ameliyathaneye al\u0131nd\u0131m. Lazer tedavisi nispeten h\u0131zl\u0131 ge\u00e7ti ve bir anda ameliyathaneden \u00e7\u0131kar\u0131ld\u0131m ve karanl\u0131k bir dinlenme odas\u0131na g\u00f6t\u00fcr\u00fcld\u00fcm. Bunun i\u00e7in g\u00f6zlerimi a\u00e7mam gerekti ve ortaya \u00e7\u0131kan ac\u0131 bekledi\u011fimden daha \u015fiddetliydi. Ancak, benden hemen sonra ameliyat olan ard\u0131llar\u0131m\u0131n bunu benden biraz daha iyi atlatt\u0131\u011f\u0131 izlenimini edindim. Sonraki 30 dakika \u00e7ok rahats\u0131z edici ge\u00e7ti, ama sonra takip muayenesi i\u00e7in \u00e7a\u011fr\u0131ld\u0131m, g\u00f6zlerime damla damla anestezik damlat\u0131ld\u0131 ve o andan itibaren her \u015fey yolunda gitti.<\/p>\n\n<p>Ameliyattan sonraki ilk gece olduk\u00e7a uzundu, \u00e7\u00fcnk\u00fc g\u00f6zleri m\u00fcmk\u00fcn oldu\u011funca kapal\u0131 tutmak gerekiyordu ve saat ak\u015fam 5 oldu\u011fu i\u00e7in uyumak i\u00e7in \u00e7ok erkendi. Eh, bu beklenen bir \u015feydi.<\/p>\n\n<p>Ertesi g\u00fcn \u00f6\u011flen 12&#8217;de kontrol muayenesi vard\u0131, zaten olduk\u00e7a iyi g\u00f6rebiliyordum (g\u00f6z doktoruna g\u00f6re %90, benim hissetti\u011fim kadar\u0131yla o kadar iyi de\u011fildi), bu durum g\u00fcn i\u00e7inde ve sonraki g\u00fcnlerde giderek daha da iyile\u015fti ve kontrol muayenesinden sonra \u00f6\u011fleden sonray\u0131 gezmeye bile ay\u0131rabildim (ve \u00e7ok \u015fey g\u00f6rd\u00fcm).<\/p>\n\n<p>Ameliyatla ilgili organizasyon \u00e7ok iyiydi. Havaalan\u0131ndan (u\u00e7u\u015fum zaman\u0131nda indi) hemen al\u0131nd\u0131m ve her zaman otelden klini\u011fe ve geri otele g\u00f6t\u00fcr\u00fcld\u00fcm. \u201c\u015eof\u00f6r\u201d klinikte de yard\u0131mc\u0131 oldu ve bu sayede bana bir\u00e7ok bilgi verebildi ve genel olarak \u00e7ok yard\u0131mc\u0131 oldu, t\u0131pk\u0131 klinikteki di\u011fer personel gibi. Otel geleneksel anlamda bir 4 y\u0131ld\u0131zl\u0131 otel de\u011fildi, ancak benim ihtiya\u00e7lar\u0131m\u0131 tamamen kar\u015f\u0131lad\u0131 (temiz, \u00f6zel banyo vb.).<\/p>\n\n<p>Ameliyattan 4 g\u00fcn sonra, art\u0131k g\u00f6zl\u00fck veya kontakt lens takmak zorunda olmamay\u0131 tamamen keyifle ya\u015f\u0131yorum. Her g\u00fcn, \u00f6nceki g\u00fcne g\u00f6re biraz daha iyi g\u00f6rd\u00fc\u011f\u00fcm\u00fc fark ediyorum ve art\u0131k \u00f6nceki g\u00f6zl\u00fcklerimle g\u00f6rd\u00fc\u011f\u00fcm kadar iyi g\u00f6r\u00fcyorum. Sol g\u00f6z\u00fcm\u00fcn alt d\u0131\u015f \u00e7eyre\u011finde bazen bulan\u0131k bir leke g\u00f6r\u00fcyorum, ancak bu leke her ge\u00e7en g\u00fcn daha da azal\u0131yor ve yak\u0131nda tamamen kaybolaca\u011f\u0131n\u0131 umuyorum. Onun d\u0131\u015f\u0131nda \u00e7ok iyiyim, iltihaplanma ya da ba\u015fka bir rahats\u0131zl\u0131k ya da rahats\u0131z edici bir durum yok. G\u00f6zlerim her zamanki gibi beyaz, k\u00fc\u00e7\u00fck kan damarlar\u0131 yok.<\/p>\n\n<p>\u015eahsen, EYEstar&#8217;\u0131n doktorlar\u0131n\u0131n son derece iyi ve \u00e7ok deneyimli olduklar\u0131 ve di\u011fer Avrupa \u00fclkelerinde daha iyi doktorlar bulman\u0131n zor olaca\u011f\u0131 izlenimini edindim.<\/p>\n\n<p>karar\u0131nda bol \u015fanslar<\/p>\n\n<p>Ah, evet; \u015fimdiye kadar hi\u00e7 halo g\u00f6rmedim.<\/p>\n\n<p>Hanne<\/p>\n","protected":false},"excerpt":{"rendered":"<p>\u0130stanbul&#8217;da g\u00f6z ameliyat\u0131 \u2013 19 Kas\u0131m 2007 Pazartesi g\u00fcn\u00fc raporu Hallo \u0130\u015fte \u0130stanbul&#8217;daki EYEstar Klini\u011fi&#8217;nde Swisslasik ile ge\u00e7irdi\u011fim Lasik ameliyat\u0131 sonras\u0131 deneyimlerimi anlatan bir rapor. 4 ya\u015f\u0131ndan beri g\u00f6zl\u00fck tak\u0131yorum ve uzun zamand\u0131r g\u00f6zlerimi lazerle tedavi ettirmeyi d\u00fc\u015f\u00fcn\u00fcyordum. Sonu\u00e7ta, dal\u0131\u015fa olan sevgim, g\u00f6zl\u00fck takman\u0131n olduk\u00e7a pratik olmad\u0131\u011f\u0131 i\u00e7in bu ad\u0131m\u0131 atmaya karar vermeme neden oldu, \u00f6zellikle de ameliyat\u0131 ba\u015far\u0131yla ge\u00e7iren birka\u00e7 ki\u015fi tan\u0131d\u0131\u011f\u0131m i\u00e7in. \u015eimdi uygun bir klinik aray\u0131\u015f\u0131 ba\u015flad\u0131. Arkada\u015flar\u0131mdan \u0130stanbul&#8217;da ameliyat olma imkan\u0131 oldu\u011funu ve bunun \u0130svi\u00e7re veya Almanya&#8217;ya g\u00f6re \u00e7ok daha ucuz oldu\u011funu biliyordum. Bu y\u00fczden internette ara\u015ft\u0131rma yapmaya ve ba\u011f\u0131ms\u0131z forumlarda deneyim raporlar\u0131n\u0131 okumaya ba\u015flad\u0131m. B\u00f6ylece, \u00f6znel de\u011ferlendirmeme g\u00f6re Swisslasik&#8217;in bana en iyi teklifi sundu\u011fu sonucuna vard\u0131m (kalite a\u00e7\u0131s\u0131ndan). Sadece Z\u00fcrih&#8217;te yap\u0131labilen \u00f6n muayene, Lozan&#8217;da ya\u015fayan benim i\u00e7in pek pratik de\u011fildi. Muayene sonucunda g\u00f6z bebeklerimin \u00e7ok b\u00fcy\u00fck oldu\u011fu (ve gece g\u00f6r\u00fc\u015f\u00fcnde haleler olu\u015fma riski oldu\u011fu) ortaya \u00e7\u0131kt\u0131 ve g\u00f6z doktoru bu nedenle bana implant kontakt lens tak\u0131lmas\u0131n\u0131 tavsiye etti. Bu ameliyat\u0131 yapt\u0131rmal\u0131 m\u0131y\u0131m konusunda tam olarak emin de\u011fildim, \u00e7\u00fcnk\u00fc bana \u00e7ok invaziv geldi ve maliyeti de iki kat\u0131na \u00e7\u0131kacakt\u0131. Yine de \u0130stanbul&#8217;a u\u00e7tum ve ameliyat\u0131 ger\u00e7ekle\u015ftirecek olan g\u00f6z doktoruyla, benim i\u00e7in hangi y\u00f6ntemin uygun olaca\u011f\u0131n\u0131 tekrar g\u00f6r\u00fc\u015ft\u00fcm. O, g\u00f6z bebe\u011fimin Lasik ameliyat\u0131 i\u00e7in s\u0131n\u0131rda oldu\u011funu, ancak korneam\u0131n nispeten kal\u0131n olmas\u0131 nedeniyle Lasik ameliyat\u0131n\u0131n yap\u0131labilece\u011fini s\u00f6yledi ve ben de Lasik&#8217;i tercih ettim. Ertesi g\u00fcn olduk\u00e7a heyecanl\u0131yd\u0131m ve bana sunulan sakinle\u015ftirici hap\u0131 almaya karar verdim. K\u0131sa bir s\u00fcre sonra haz\u0131rl\u0131k odas\u0131na g\u00f6t\u00fcr\u00fcld\u00fcm, g\u00f6z \u00e7evrem dezenfekte edildi ve hemen ard\u0131ndan ameliyathaneye al\u0131nd\u0131m. Lazer tedavisi nispeten h\u0131zl\u0131 ge\u00e7ti ve bir anda ameliyathaneden \u00e7\u0131kar\u0131ld\u0131m ve karanl\u0131k bir dinlenme odas\u0131na g\u00f6t\u00fcr\u00fcld\u00fcm. Bunun i\u00e7in g\u00f6zlerimi a\u00e7mam gerekti ve ortaya \u00e7\u0131kan ac\u0131 bekledi\u011fimden daha \u015fiddetliydi. Ancak, benden hemen sonra ameliyat olan ard\u0131llar\u0131m\u0131n bunu benden biraz daha iyi atlatt\u0131\u011f\u0131 izlenimini edindim. Sonraki 30 dakika \u00e7ok rahats\u0131z edici ge\u00e7ti, ama sonra takip muayenesi i\u00e7in \u00e7a\u011fr\u0131ld\u0131m, g\u00f6zlerime damla damla anestezik damlat\u0131ld\u0131 ve o andan itibaren her \u015fey yolunda gitti. Ameliyattan sonraki ilk gece olduk\u00e7a uzundu, \u00e7\u00fcnk\u00fc g\u00f6zleri m\u00fcmk\u00fcn oldu\u011funca kapal\u0131 tutmak gerekiyordu ve saat ak\u015fam 5 oldu\u011fu i\u00e7in uyumak i\u00e7in \u00e7ok erkendi. Eh, bu beklenen bir \u015feydi. Ertesi g\u00fcn \u00f6\u011flen 12&#8217;de kontrol muayenesi vard\u0131, zaten olduk\u00e7a iyi g\u00f6rebiliyordum (g\u00f6z doktoruna g\u00f6re %90, benim hissetti\u011fim kadar\u0131yla o kadar iyi de\u011fildi), bu durum g\u00fcn i\u00e7inde ve sonraki g\u00fcnlerde giderek daha da iyile\u015fti ve kontrol muayenesinden sonra \u00f6\u011fleden sonray\u0131 gezmeye bile ay\u0131rabildim (ve \u00e7ok \u015fey g\u00f6rd\u00fcm). Ameliyatla ilgili organizasyon \u00e7ok iyiydi. Havaalan\u0131ndan (u\u00e7u\u015fum zaman\u0131nda indi) hemen al\u0131nd\u0131m ve her zaman otelden klini\u011fe ve geri otele g\u00f6t\u00fcr\u00fcld\u00fcm. \u201c\u015eof\u00f6r\u201d klinikte de yard\u0131mc\u0131 oldu ve bu sayede bana bir\u00e7ok bilgi verebildi ve genel olarak \u00e7ok yard\u0131mc\u0131 oldu, t\u0131pk\u0131 klinikteki di\u011fer personel gibi. Otel geleneksel anlamda bir 4 y\u0131ld\u0131zl\u0131 otel de\u011fildi, ancak benim ihtiya\u00e7lar\u0131m\u0131 tamamen kar\u015f\u0131lad\u0131 (temiz, \u00f6zel banyo vb.). Ameliyattan 4 g\u00fcn sonra, art\u0131k g\u00f6zl\u00fck veya kontakt lens takmak zorunda olmamay\u0131 tamamen keyifle ya\u015f\u0131yorum. Her g\u00fcn, \u00f6nceki g\u00fcne g\u00f6re biraz daha iyi g\u00f6rd\u00fc\u011f\u00fcm\u00fc fark ediyorum ve art\u0131k \u00f6nceki g\u00f6zl\u00fcklerimle g\u00f6rd\u00fc\u011f\u00fcm kadar iyi g\u00f6r\u00fcyorum. Sol g\u00f6z\u00fcm\u00fcn alt d\u0131\u015f \u00e7eyre\u011finde bazen bulan\u0131k bir leke g\u00f6r\u00fcyorum, ancak bu leke her ge\u00e7en g\u00fcn daha da azal\u0131yor ve yak\u0131nda tamamen kaybolaca\u011f\u0131n\u0131 umuyorum. Onun d\u0131\u015f\u0131nda \u00e7ok iyiyim, iltihaplanma ya da ba\u015fka bir rahats\u0131zl\u0131k ya da rahats\u0131z edici bir durum yok. G\u00f6zlerim her zamanki gibi beyaz, k\u00fc\u00e7\u00fck kan damarlar\u0131 yok. \u015eahsen, EYEstar&#8217;\u0131n doktorlar\u0131n\u0131n son derece iyi ve \u00e7ok deneyimli olduklar\u0131 ve di\u011fer Avrupa \u00fclkelerinde daha iyi doktorlar bulman\u0131n zor olaca\u011f\u0131 izlenimini edindim. karar\u0131nda bol \u015fanslar Ah, evet; \u015fimdiye kadar hi\u00e7 halo g\u00f6rmedim. Hanne<\/p>\n","protected":false},"author":4,"featured_media":0,"parent":4933,"menu_order":0,"comment_status":"closed","ping_status":"closed","template":"","meta":{"_joinchat":[],"footnotes":""},"class_list":["post-4935","page","type-page","status-publish","hentry"],"acf":[],"_links":{"self":[{"href":"https:\/\/medicaltravel.ch\/tr\/wp-json\/wp\/v2\/pages\/4935","targetHints":{"allow":["GET"]}}],"collection":[{"href":"https:\/\/medicaltravel.ch\/tr\/wp-json\/wp\/v2\/pages"}],"about":[{"href":"https:\/\/medicaltravel.ch\/tr\/wp-json\/wp\/v2\/types\/page"}],"author":[{"embeddable":true,"href":"https:\/\/medicaltravel.ch\/tr\/wp-json\/wp\/v2\/users\/4"}],"replies":[{"embeddable":true,"href":"https:\/\/medicaltravel.ch\/tr\/wp-json\/wp\/v2\/comments?post=4935"}],"version-history":[{"count":5,"href":"https:\/\/medicaltravel.ch\/tr\/wp-json\/wp\/v2\/pages\/4935\/revisions"}],"predecessor-version":[{"id":4940,"href":"https:\/\/medicaltravel.ch\/tr\/wp-json\/wp\/v2\/pages\/4935\/revisions\/4940"}],"up":[{"embeddable":true,"href":"https:\/\/medicaltravel.ch\/tr\/wp-json\/wp\/v2\/pages\/4933"}],"wp:attachment":[{"href":"https:\/\/medicaltravel.ch\/tr\/wp-json\/wp\/v2\/media?parent=4935"}],"curies":[{"name":"wp","href":"https:\/\/api.w.org\/{rel}","templated":true}]}}