{"id":4943,"date":"2025-09-24T07:30:10","date_gmt":"2025-09-24T06:30:10","guid":{"rendered":"https:\/\/medicaltravel.ch\/hasta-raporlari\/reviews-augenbehandlungen\/istanbuldan-rapor-goez-lazer-ameliyati-9-temmuz-2007-pazartesi-guenue-raporu\/"},"modified":"2026-01-03T18:38:44","modified_gmt":"2026-01-03T17:38:44","slug":"istanbuldan-rapor-goez-lazer-ameliyati-9-temmuz-2007-pazartesi-guenue-raporu","status":"publish","type":"page","link":"https:\/\/medicaltravel.ch\/tr\/hasta-raporlari\/goz-tedavileri-hakkindaki-degerlendirmeler\/istanbuldan-rapor-goez-lazer-ameliyati-9-temmuz-2007-pazartesi-guenue-raporu\/","title":{"rendered":"\u0130stanbul&#8217;dan rapor G\u00f6z lazer ameliyat\u0131 \u2013 9 Temmuz 2007 Pazartesi g\u00fcn\u00fc raporu"},"content":{"rendered":"\n<h3 class=\"wp-block-heading\">\u0130stanbul&#8217;dan rapor G\u00f6z lazer ameliyat\u0131 \u2013 9 Temmuz 2007 Pazartesi g\u00fcn\u00fc raporu<\/h3>\n\n<p>\u00d6ncelikle \u015funu s\u00f6ylemeliyim ki, \u0130stanbul&#8217;da yap\u0131lan Lasik ameliyat\u0131ndan \u00e7ok memnunum. Ameliyattan bu yana 11 g\u00fcn ge\u00e7ti ve neredeyse her \u015fey yolunda. <\/p>\n\n<p>\u0130stanbul&#8217;a indi\u011fimde, u\u00e7aktan daha inmeden telefonum \u00e7ald\u0131 ve Arif arad\u0131, beni almaya gelen ki\u015fiydi.<br\/>Almanca biliyordu, yani sorun yoktu.<br\/>Arif \u00e7ok arkada\u015f\u00e7ayd\u0131 ve beni hemen otele g\u00f6t\u00fcrd\u00fc. Otele giderken bana \u0130stanbul hakk\u0131nda bir\u00e7ok ipucu verdi.  <\/p>\n\n<p>Ertesi g\u00fcn ameliyat g\u00fcn\u00fcyd\u00fc. Fred beni almaya geldi, o Bern Almancas\u0131 konu\u015fuyor, ancak klinik sadece 50 metre uzaktayd\u0131. Klinikte \u00e7ok s\u0131cak kar\u015f\u0131land\u0131m ve her \u015fey bana a\u00e7\u0131kland\u0131, tabii ki Bern Almancas\u0131 ile! \u00d6n muayene de sorunsuz ge\u00e7ti ve yava\u015f yava\u015f ameliyata haz\u0131rlanabildim. Ancak \u00f6nce, ameliyattan sonra y\u00fcr\u00fcyemeyece\u011fim i\u00e7in bir \u015feyler yemem istendi. Ameliyat saat 17.30&#8217;da yap\u0131lacakt\u0131.    <\/p>\n\n<p>Ameliyathaneye \u00e7a\u011fr\u0131ld\u0131\u011f\u0131mda biraz gergindim. \u00d6nce birka\u00e7 dakika masaj koltu\u011funda dinlenebildim, sonra ameliyat masas\u0131na yatmam gerekti. Fred yine yan\u0131mdayd\u0131<br\/>ve bana neler olaca\u011f\u0131n\u0131 ve ne yap\u0131laca\u011f\u0131n\u0131 tekrar anlatt\u0131, bu harikayd\u0131 ve ben de kendimi ak\u0131\u015f\u0131na b\u0131rakt\u0131m. \u015ea\u015f\u0131rt\u0131c\u0131 bir \u015fekilde, pek bir \u015fey hissetmedim, a\u011fr\u0131 da hissetmedim. Tek rahats\u0131z edici \u015fey, g\u00f6zlerime yap\u0131lan kesikti.<br\/>Art\u0131k aya\u011fa kalk\u0131p yan odaya gidebilirdim, oras\u0131 \u00e7ok karanl\u0131kt\u0131 ve<br\/>g\u00fczel m\u00fczik e\u015fli\u011finde yakla\u015f\u0131k on be\u015f dakika dinlenebildim. Sonra tekrar klini\u011fin normal b\u00f6l\u00fcm\u00fcne geri d\u00f6nd\u00fcm.     <\/p>\n\n<p>\u015ea\u015f\u0131rt\u0131c\u0131 bir \u015fekilde, olduk\u00e7a iyi g\u00f6rebiliyordum ve \u0131\u015f\u0131k da d\u00fc\u015f\u00fcnd\u00fc\u011f\u00fcm kadar g\u00f6zlerimi kama\u015ft\u0131rm\u0131yordu.<\/p>\n\n<p>Yakla\u015f\u0131k bir saat sonra g\u00f6zlerim tekrar muayene edildi, tabii ki Fred de oradayd\u0131! Her \u015fey yolundayd\u0131, s\u00fcper! <\/p>\n\n<p>Art\u0131k otele geri d\u00f6nebilirdim, tabii ki g\u00fcne\u015f g\u00f6zl\u00fc\u011f\u00fc takarak, \u00e7\u00fcnk\u00fc d\u0131\u015far\u0131s\u0131 \u00e7ok parlak.<\/p>\n\n<p>Ertesi g\u00fcn \u0130stanbul&#8217;u ke\u015ffe \u00e7\u0131kt\u0131m. G\u00f6rme yetene\u011fimin bu kadar iyi olmas\u0131 ger\u00e7ekten harikayd\u0131. <\/p>\n\n<p>Biraz talihsiz bir olay: Bir taksi \u015fof\u00f6r\u00fc taraf\u0131ndan olduk\u00e7a k\u00fcstah\u00e7a doland\u0131r\u0131ld\u0131m ve soyuldum. Eh, g\u00f6r\u00fcn\u00fc\u015fe g\u00f6re bu s\u0131k s\u0131k oluyor. <\/p>\n\n<p>\u00d6\u011fleden sonra tekrar klinikte kontrol muayenesi i\u00e7in bulunmam gerekiyordu. Yine herkes \u00e7ok nazikti. Fred ve Arif de oradayd\u0131.  <\/p>\n\n<p>Her \u015fey m\u00fckemmel, %100 g\u00f6rme yetene\u011fi. \u00d6nceden her iki g\u00f6z\u00fcmde -2,00 numara vard\u0131. <\/p>\n\n<p>\u015eimdi de sevindirici bir haber: Arif&#8217;e taksi \u015fof\u00f6r\u00fcnden bahsetti\u011fimde, hemen benimle \u015fehir turuna \u00e7\u0131kmay\u0131 kabul etti. Onunla ge\u00e7irdi\u011fim zaman harikayd\u0131. Gece yar\u0131s\u0131 otele geri d\u00f6nd\u00fcm. Arif ile \u00e7ok g\u00fczel an\u0131lar biriktirdim.  <\/p>\n\n<p>Ertesi g\u00fcn Arif beni otelden ald\u0131 ve havaalan\u0131na g\u00f6t\u00fcrd\u00fc. \u0130stanbul gezisi sona ermi\u015fti. <\/p>\n\n<p>G\u00f6zlerini lazerle tedavi ettirmek isteyen herkese bunu yapmalar\u0131n\u0131 tavsiye ederim. \u0130stanbul ve T\u00fcrkiye&#8217;den korkmay\u0131n. Swisslasik.ch&#8217;nin hizmeti de \u00e7ok iyi. Yani \u0130svi\u00e7re&#8217;de \u00e7ok daha fazla para \u00f6demek i\u00e7in hi\u00e7bir neden yok.   <\/p>\n\n<p>\u0130stanbul ekibine ve Swisslasik.ch&#8217;ye \u00e7ok te\u015fekk\u00fcr ederiz.<\/p>\n","protected":false},"excerpt":{"rendered":"<p>\u0130stanbul&#8217;dan rapor G\u00f6z lazer ameliyat\u0131 \u2013 9 Temmuz 2007 Pazartesi g\u00fcn\u00fc raporu \u00d6ncelikle \u015funu s\u00f6ylemeliyim ki, \u0130stanbul&#8217;da yap\u0131lan Lasik ameliyat\u0131ndan \u00e7ok memnunum. Ameliyattan bu yana 11 g\u00fcn ge\u00e7ti ve neredeyse her \u015fey yolunda. \u0130stanbul&#8217;a indi\u011fimde, u\u00e7aktan daha inmeden telefonum \u00e7ald\u0131 ve Arif arad\u0131, beni almaya gelen ki\u015fiydi.Almanca biliyordu, yani sorun yoktu.Arif \u00e7ok arkada\u015f\u00e7ayd\u0131 ve beni hemen otele g\u00f6t\u00fcrd\u00fc. Otele giderken bana \u0130stanbul hakk\u0131nda bir\u00e7ok ipucu verdi. Ertesi g\u00fcn ameliyat g\u00fcn\u00fcyd\u00fc. Fred beni almaya geldi, o Bern Almancas\u0131 konu\u015fuyor, ancak klinik sadece 50 metre uzaktayd\u0131. Klinikte \u00e7ok s\u0131cak kar\u015f\u0131land\u0131m ve her \u015fey bana a\u00e7\u0131kland\u0131, tabii ki Bern Almancas\u0131 ile! \u00d6n muayene de sorunsuz ge\u00e7ti ve yava\u015f yava\u015f ameliyata haz\u0131rlanabildim. Ancak \u00f6nce, ameliyattan sonra y\u00fcr\u00fcyemeyece\u011fim i\u00e7in bir \u015feyler yemem istendi. Ameliyat saat 17.30&#8217;da yap\u0131lacakt\u0131. Ameliyathaneye \u00e7a\u011fr\u0131ld\u0131\u011f\u0131mda biraz gergindim. \u00d6nce birka\u00e7 dakika masaj koltu\u011funda dinlenebildim, sonra ameliyat masas\u0131na yatmam gerekti. Fred yine yan\u0131mdayd\u0131ve bana neler olaca\u011f\u0131n\u0131 ve ne yap\u0131laca\u011f\u0131n\u0131 tekrar anlatt\u0131, bu harikayd\u0131 ve ben de kendimi ak\u0131\u015f\u0131na b\u0131rakt\u0131m. \u015ea\u015f\u0131rt\u0131c\u0131 bir \u015fekilde, pek bir \u015fey hissetmedim, a\u011fr\u0131 da hissetmedim. Tek rahats\u0131z edici \u015fey, g\u00f6zlerime yap\u0131lan kesikti.Art\u0131k aya\u011fa kalk\u0131p yan odaya gidebilirdim, oras\u0131 \u00e7ok karanl\u0131kt\u0131 veg\u00fczel m\u00fczik e\u015fli\u011finde yakla\u015f\u0131k on be\u015f dakika dinlenebildim. Sonra tekrar klini\u011fin normal b\u00f6l\u00fcm\u00fcne geri d\u00f6nd\u00fcm. \u015ea\u015f\u0131rt\u0131c\u0131 bir \u015fekilde, olduk\u00e7a iyi g\u00f6rebiliyordum ve \u0131\u015f\u0131k da d\u00fc\u015f\u00fcnd\u00fc\u011f\u00fcm kadar g\u00f6zlerimi kama\u015ft\u0131rm\u0131yordu. Yakla\u015f\u0131k bir saat sonra g\u00f6zlerim tekrar muayene edildi, tabii ki Fred de oradayd\u0131! Her \u015fey yolundayd\u0131, s\u00fcper! Art\u0131k otele geri d\u00f6nebilirdim, tabii ki g\u00fcne\u015f g\u00f6zl\u00fc\u011f\u00fc takarak, \u00e7\u00fcnk\u00fc d\u0131\u015far\u0131s\u0131 \u00e7ok parlak. Ertesi g\u00fcn \u0130stanbul&#8217;u ke\u015ffe \u00e7\u0131kt\u0131m. G\u00f6rme yetene\u011fimin bu kadar iyi olmas\u0131 ger\u00e7ekten harikayd\u0131. Biraz talihsiz bir olay: Bir taksi \u015fof\u00f6r\u00fc taraf\u0131ndan olduk\u00e7a k\u00fcstah\u00e7a doland\u0131r\u0131ld\u0131m ve soyuldum. Eh, g\u00f6r\u00fcn\u00fc\u015fe g\u00f6re bu s\u0131k s\u0131k oluyor. \u00d6\u011fleden sonra tekrar klinikte kontrol muayenesi i\u00e7in bulunmam gerekiyordu. Yine herkes \u00e7ok nazikti. Fred ve Arif de oradayd\u0131. Her \u015fey m\u00fckemmel, %100 g\u00f6rme yetene\u011fi. \u00d6nceden her iki g\u00f6z\u00fcmde -2,00 numara vard\u0131. \u015eimdi de sevindirici bir haber: Arif&#8217;e taksi \u015fof\u00f6r\u00fcnden bahsetti\u011fimde, hemen benimle \u015fehir turuna \u00e7\u0131kmay\u0131 kabul etti. Onunla ge\u00e7irdi\u011fim zaman harikayd\u0131. Gece yar\u0131s\u0131 otele geri d\u00f6nd\u00fcm. Arif ile \u00e7ok g\u00fczel an\u0131lar biriktirdim. Ertesi g\u00fcn Arif beni otelden ald\u0131 ve havaalan\u0131na g\u00f6t\u00fcrd\u00fc. \u0130stanbul gezisi sona ermi\u015fti. G\u00f6zlerini lazerle tedavi ettirmek isteyen herkese bunu yapmalar\u0131n\u0131 tavsiye ederim. \u0130stanbul ve T\u00fcrkiye&#8217;den korkmay\u0131n. Swisslasik.ch&#8217;nin hizmeti de \u00e7ok iyi. Yani \u0130svi\u00e7re&#8217;de \u00e7ok daha fazla para \u00f6demek i\u00e7in hi\u00e7bir neden yok. \u0130stanbul ekibine ve Swisslasik.ch&#8217;ye \u00e7ok te\u015fekk\u00fcr ederiz.<\/p>\n","protected":false},"author":4,"featured_media":0,"parent":4933,"menu_order":0,"comment_status":"closed","ping_status":"closed","template":"","meta":{"_joinchat":[],"footnotes":""},"class_list":["post-4943","page","type-page","status-publish","hentry"],"acf":[],"_links":{"self":[{"href":"https:\/\/medicaltravel.ch\/tr\/wp-json\/wp\/v2\/pages\/4943","targetHints":{"allow":["GET"]}}],"collection":[{"href":"https:\/\/medicaltravel.ch\/tr\/wp-json\/wp\/v2\/pages"}],"about":[{"href":"https:\/\/medicaltravel.ch\/tr\/wp-json\/wp\/v2\/types\/page"}],"author":[{"embeddable":true,"href":"https:\/\/medicaltravel.ch\/tr\/wp-json\/wp\/v2\/users\/4"}],"replies":[{"embeddable":true,"href":"https:\/\/medicaltravel.ch\/tr\/wp-json\/wp\/v2\/comments?post=4943"}],"version-history":[{"count":1,"href":"https:\/\/medicaltravel.ch\/tr\/wp-json\/wp\/v2\/pages\/4943\/revisions"}],"predecessor-version":[{"id":4944,"href":"https:\/\/medicaltravel.ch\/tr\/wp-json\/wp\/v2\/pages\/4943\/revisions\/4944"}],"up":[{"embeddable":true,"href":"https:\/\/medicaltravel.ch\/tr\/wp-json\/wp\/v2\/pages\/4933"}],"wp:attachment":[{"href":"https:\/\/medicaltravel.ch\/tr\/wp-json\/wp\/v2\/media?parent=4943"}],"curies":[{"name":"wp","href":"https:\/\/api.w.org\/{rel}","templated":true}]}}