{"id":4949,"date":"2025-09-24T07:32:36","date_gmt":"2025-09-24T06:32:36","guid":{"rendered":"https:\/\/medicaltravel.ch\/hasta-raporlari\/reviews-augenbehandlungen\/goez-lazer-istanbul-deneyim-raporu-29-ocak-2007-pazartesi-guenue-raporu\/"},"modified":"2026-01-03T18:41:00","modified_gmt":"2026-01-03T17:41:00","slug":"goez-lazer-istanbul-deneyim-raporu-29-ocak-2007-pazartesi-guenue-raporu","status":"publish","type":"page","link":"https:\/\/medicaltravel.ch\/tr\/hasta-raporlari\/goz-tedavileri-hakkindaki-degerlendirmeler\/goez-lazer-istanbul-deneyim-raporu-29-ocak-2007-pazartesi-guenue-raporu\/","title":{"rendered":"G\u00f6z lazer \u0130stanbul deneyim raporu \u2013 29 Ocak 2007 Pazartesi g\u00fcn\u00fc raporu"},"content":{"rendered":"\n<h3 class=\"wp-block-heading\">G\u00f6z lazer \u0130stanbul deneyim raporu \u2013 29 Ocak 2007 Pazartesi g\u00fcn\u00fc raporu<\/h3>\n\n<p>Walterswil&#8217;den hastam\u0131z I. Hiltbrunner 29.01.2007 saat 21:22&#8217;de bize \u015f\u00f6yle yazd\u0131:<\/p>\n\n<p>\u2014\u2013Orijinal mesaj\u2014\u2013<\/p>\n\n<p>G\u00f6nderilme tarihi: 29 Ocak 2007 Pazartesi 21:22<br\/>Al\u0131c\u0131: info@swisslasik.ch<br\/>Konu: Deneyim raporu<\/p>\n\n<p>Say\u0131n Karaagacli Bey<\/p>\n\n<p>A\u015fa\u011f\u0131da deneyimlerimi i\u00e7eren raporumu sunmaktan memnuniyet duyar\u0131m. Bu raporu internet \u00fczerinde yay\u0131nlayabilirsiniz.<\/p>\n\n<p>Deneyim raporu: \u0130stanbul&#8217;da Lasik<\/p>\n\n<p>30 y\u0131l\u0131 a\u015fk\u0131n bir s\u00fcredir g\u00f6rme yard\u0131mc\u0131s\u0131na ba\u011f\u0131ml\u0131y\u0131m, miyoplu\u011fum 3,25 ile 3,75 dioptri aras\u0131nda. Kontakt lensleri pek tolere edemedi\u011fim i\u00e7in Lasik konusunu s\u0131k s\u0131k g\u00fcndeme getirdim, ancak \u015fimdiye kadar maliyet nedeniyle bu bir se\u00e7enek olmad\u0131. <\/p>\n\n<p>40&#8217;l\u0131 ya\u015flar\u0131n ortas\u0131nda ya\u015fl\u0131l\u0131k uzak g\u00f6r\u00fc\u015f bozuklu\u011fu ba\u015flam\u0131\u015f oldu\u011fundan, yak\u0131nda progresif g\u00f6zl\u00fck kullanmam gerekecekti. Bu durum beni Lasik konusunu yeniden d\u00fc\u015f\u00fcnmeye sevk etti. <\/p>\n\n<p>\u0130nternet \u00fczerinden, Lasik&#8217;in T\u00fcrkiye&#8217;de bu \u00fclkeden \u00e7ok daha ucuz oldu\u011funu \u00f6\u011frendim ve b\u00f6ylece Swisslasik&#8217;in ana sayfas\u0131na ula\u015ft\u0131m.<\/p>\n\n<p>Birka\u00e7 ara\u015ft\u0131rma ve \u0130svi\u00e7re&#8217;de yap\u0131lan \u00f6n muayeneden sonra, Swisslasik \u00fczerinden ameliyat randevusu almaya karar verdim. Ayn\u0131 zamanda miyop olan o\u011flum da benimle birlikte ameliyat olacakt\u0131. S\u00f6zle\u015fmeyi imzalad\u0131ktan sonra, seyahatimizle ilgili bir\u00e7ok de\u011ferli bilgi i\u00e7eren SwissLasik pasaportunu ald\u0131k. <\/p>\n\n<p>B\u00f6ylece o\u011flum ve ben 13.12.06 tarihinde \u0130stanbul&#8217;a u\u00e7tuk. U\u00e7akta, \u0130svi\u00e7re&#8217;de ya\u015fayan bir T\u00fcrk kad\u0131n\u0131n yan\u0131nda oturduk. Eyestar Klini\u011fi&#8217;ni kulaktan dolma bilgilerle tan\u0131yordu ve T\u00fcrkiye&#8217;deki en iyi g\u00f6z cerrahisi klini\u011fi oldu\u011funu s\u00f6yledi! Yolculu\u011fumuz \u00e7ok umut verici bir \u015fekilde ba\u015flam\u0131\u015ft\u0131.   <\/p>\n\n<p>Havaalan\u0131nda bizi, m\u00fckemmel Almanca konu\u015fan ve ameliyatla ilgili her konuda bize yard\u0131mc\u0131 olan Dogan kar\u015f\u0131lad\u0131. Bizi g\u00fcvenli bir \u015fekilde otele g\u00f6t\u00fcrd\u00fc ve ertesi g\u00fcn bizi oradan al\u0131p klini\u011fe g\u00f6t\u00fcrd\u00fc. <\/p>\n\n<p>Oraya vard\u0131\u011f\u0131m\u0131zda, g\u00f6zlerimiz \u00e7e\u015fitli cihazlarla ayr\u0131nt\u0131l\u0131 bir \u015fekilde muayene edildi ve gece g\u00f6z bebe\u011fi b\u00fcy\u00fckl\u00fc\u011f\u00fc de test edildi. Dogan her zaman yan\u0131m\u0131zda oldu ve terc\u00fcman olarak bize yard\u0131mc\u0131 oldu. Doktor \u00e7ok iyi \u0130ngilizce konu\u015ftu\u011fu i\u00e7in, onunla bu dilde de ileti\u015fim kurmak m\u00fcmk\u00fcn oldu.  <\/p>\n\n<p>Sa\u011f tarafta korneam biraz inceydi (491 my), bu nedenle doktor benim durumumda mikrokeratom ile kesilmenin m\u00fcmk\u00fcn olup olmad\u0131\u011f\u0131n\u0131 iyi hesaplamal\u0131yd\u0131 ya da ba\u015fka bir se\u00e7ene\u011fe, \u00f6rne\u011fin Femto-Lasik&#8217;e ge\u00e7meliydi. Ancak o normal Lasik&#8217;i, yani mikrokeratom ile kesilmeyi tercih etti, oysa klinik bu \u015fekilde 400 Euro daha fazla kazan\u00e7 elde edebilirdi. Bunun nedeni olarak, Femto ile ilgili hen\u00fcz uzun vadeli deneyimlerin bulunmad\u0131\u011f\u0131n\u0131 ve klini\u011fin, flap kal\u0131nl\u0131\u011f\u0131n\u0131n sadece yakla\u015f\u0131k 100 my oldu\u011fu en yeni mikrokeratomu bulundu\u011funu belirtti.  <\/p>\n\n<p>\u00d6n muayene ile ameliyat aras\u0131nda g\u00f6zlerimizin dinlenmeye ihtiyac\u0131 oldu\u011fu i\u00e7in, bir \u015feyler yedikten sonra Taksim semtinde ke\u015fif turuna \u00e7\u0131kt\u0131k.<\/p>\n\n<p>Ard\u0131ndan ameliyat s\u0131ras\u0131 geldi. O\u011flum ameliyattan biraz korkuyordu (g\u00f6zlerine dokunulmas\u0131ndan nefret eder ve emir \u00fczerine belirli bir noktaya uzun s\u00fcre bakmakta zorlan\u0131r), bu y\u00fczden sakinle\u015ftirici bir hap verildi. Ameliyattan \u00f6nce, rahatlamaya da katk\u0131da bulunan bir masaj koltu\u011funa uzanmak m\u00fcmk\u00fcnd\u00fcr. B\u00f6ylece haz\u0131rlanan o\u011flum, benden \u00f6nce ameliyata girdi. O\u011flum Roman, ameliyat\u0131n\u0131 filme almam\u0131 istedi. Bu, ameliyathaneye a\u00e7\u0131lan bir pencereden, tedavi edilen g\u00f6z\u00fcn ve i\u015flemlerin g\u00f6r\u00fclebildi\u011fi duvardaki bir monit\u00f6r\u00fc izleyerek kolayca m\u00fcmk\u00fcn oldu.    <\/p>\n\n<p>Masaj koltu\u011funda biraz dinlendikten sonra s\u0131ra bana geldi. Dogan yine yan\u0131mdayd\u0131 ve ameliyat s\u0131ras\u0131nda yap\u0131lacak her ad\u0131m\u0131 bana anlatt\u0131. Flap kesmek i\u00e7in k\u0131sa s\u00fcreli\u011fine kullan\u0131lan emme halkas\u0131 ve g\u00f6zleri a\u00e7\u0131k tutmak i\u00e7in kullan\u0131lan klipsler d\u0131\u015f\u0131nda ameliyat s\u0131ras\u0131nda hi\u00e7bir \u015fey hissetmedim. Yakla\u015f\u0131k 20 dakika sonra her \u015fey bitmi\u015fti ve ben karanl\u0131k bir dinlenme odas\u0131na g\u00f6t\u00fcr\u00fcld\u00fcm. Yakla\u015f\u0131k 20 dakika sonra ilk kontrol muayenesi yap\u0131ld\u0131 ve ard\u0131ndan otele g\u00f6t\u00fcr\u00fcld\u00fck. Ameliyat sonras\u0131 g\u00f6zler \u0131\u015f\u0131\u011fa \u00e7ok duyarl\u0131 oldu\u011fu i\u00e7in bize g\u00fcne\u015f g\u00f6zl\u00fc\u011f\u00fc verildi.    <\/p>\n\n<p>Ameliyattan sonraki ilk 4 saat boyunca g\u00f6zlerimiz ya\u015fard\u0131, yand\u0131 ve ac\u0131d\u0131. Uyumaya \u00e7al\u0131\u015ft\u0131k ve k\u0131smen de ba\u015fard\u0131k. Bir saat daha \u0131\u015f\u0131\u011fa kar\u015f\u0131 \u00e7ok hassas kald\u0131lar, sonra bu rahats\u0131zl\u0131k da ge\u00e7ti.  <\/p>\n\n<p>Ya\u015fl\u0131l\u0131k uzak g\u00f6r\u00fc\u015fl\u00fcl\u00fc\u011f\u00fcm nedeniyle monovizyonu tercih ettim ve ba\u015f\u0131ndan beri kendimi olduk\u00e7a rahat hissettim. Ancak monovizyona al\u0131\u015fmak i\u00e7in biraz zaman gerekiyor. Yap\u0131lan aktiviteye ba\u011fl\u0131 olarak hi\u00e7 hissetmiyorsunuz ya da \u00e7ok az hissediyorsunuz. Ancak bu hi\u00e7bir zaman bir sorun olmad\u0131.  <\/p>\n\n<p>Ertesi g\u00fcn kontrol muayenesi vard\u0131 ve Do\u011fan bizi tekrar al\u0131p hastaneye g\u00f6t\u00fcrd\u00fc. G\u00f6rme keskinli\u011fimiz neredeyse %100&#8217;e ula\u015fm\u0131\u015ft\u0131. Art\u0131k yeni g\u00f6zlerimizle \u0130stanbul&#8217;u ke\u015ffedebilirdik \u2013 ne harika bir duyguydu!  <\/p>\n\n<p>\u015eimdiye kadar herhangi bir \u015fikayetimiz olmad\u0131, bazen g\u00f6zlerimiz biraz kuruyor ama bu durum giderek azal\u0131yor. \u00d6zellikle 40 ya\u015f \u00fcst\u00fc kad\u0131nlarda bu semptomun bir s\u00fcre g\u00f6r\u00fclmesi normaldir. Gece araba kullanmak da sorunsuz, yani haleler veya parlamalar yok. \u0130kimizin de g\u00f6rme keskinli\u011fi g\u00f6zl\u00fckle oldu\u011fundan biraz daha d\u00fc\u015f\u00fck ama g\u00fcnl\u00fck ya\u015fam i\u00e7in hala yeterince iyi.   <\/p>\n\n<p>Roman benimkinden daha iyi g\u00f6r\u00fcyor, monovizyon nedeniyle maalesef keskinli\u011fim biraz azald\u0131. Ama dedi\u011fim gibi, yine de g\u00fcnl\u00fck i\u015fleri halletmek i\u00e7in yeterli, ister ofiste, ister arabada, ister evde olsun. <\/p>\n\n<p>\u0130kimiz de g\u00f6zl\u00fcklerden kurtuldu\u011fumuz i\u00e7in mutluyuz.<\/p>\n\n<p>Bu noktada, klini\u011fe ve size, Say\u0131n Karaagacli, iyi bak\u0131m\u0131n\u0131z i\u00e7in bir kez daha te\u015fekk\u00fcr etmek istiyoruz. <\/p>\n\n<p>\u015eubat ba\u015f\u0131nda \u0130svi\u00e7re&#8217;de ilk takip muayenesi var, sonras\u0131nda size haber verece\u011fim.<\/p>\n\n<p>O zamana kadar, Walterswil&#8217;den selamlar.<\/p>\n\n<p>I. Hiltbrunner<\/p>\n\n<p>P.S. Bu ger\u00e7ek bir rapordur. \u0130sterseniz, info@swisslasik.ch adresinden kan\u0131t isteyebilirsiniz. <\/p>\n","protected":false},"excerpt":{"rendered":"<p>G\u00f6z lazer \u0130stanbul deneyim raporu \u2013 29 Ocak 2007 Pazartesi g\u00fcn\u00fc raporu Walterswil&#8217;den hastam\u0131z I. Hiltbrunner 29.01.2007 saat 21:22&#8217;de bize \u015f\u00f6yle yazd\u0131: \u2014\u2013Orijinal mesaj\u2014\u2013 G\u00f6nderilme tarihi: 29 Ocak 2007 Pazartesi 21:22Al\u0131c\u0131: info@swisslasik.chKonu: Deneyim raporu Say\u0131n Karaagacli Bey A\u015fa\u011f\u0131da deneyimlerimi i\u00e7eren raporumu sunmaktan memnuniyet duyar\u0131m. Bu raporu internet \u00fczerinde yay\u0131nlayabilirsiniz. Deneyim raporu: \u0130stanbul&#8217;da Lasik 30 y\u0131l\u0131 a\u015fk\u0131n bir s\u00fcredir g\u00f6rme yard\u0131mc\u0131s\u0131na ba\u011f\u0131ml\u0131y\u0131m, miyoplu\u011fum 3,25 ile 3,75 dioptri aras\u0131nda. Kontakt lensleri pek tolere edemedi\u011fim i\u00e7in Lasik konusunu s\u0131k s\u0131k g\u00fcndeme getirdim, ancak \u015fimdiye kadar maliyet nedeniyle bu bir se\u00e7enek olmad\u0131. 40&#8217;l\u0131 ya\u015flar\u0131n ortas\u0131nda ya\u015fl\u0131l\u0131k uzak g\u00f6r\u00fc\u015f bozuklu\u011fu ba\u015flam\u0131\u015f oldu\u011fundan, yak\u0131nda progresif g\u00f6zl\u00fck kullanmam gerekecekti. Bu durum beni Lasik konusunu yeniden d\u00fc\u015f\u00fcnmeye sevk etti. \u0130nternet \u00fczerinden, Lasik&#8217;in T\u00fcrkiye&#8217;de bu \u00fclkeden \u00e7ok daha ucuz oldu\u011funu \u00f6\u011frendim ve b\u00f6ylece Swisslasik&#8217;in ana sayfas\u0131na ula\u015ft\u0131m. Birka\u00e7 ara\u015ft\u0131rma ve \u0130svi\u00e7re&#8217;de yap\u0131lan \u00f6n muayeneden sonra, Swisslasik \u00fczerinden ameliyat randevusu almaya karar verdim. Ayn\u0131 zamanda miyop olan o\u011flum da benimle birlikte ameliyat olacakt\u0131. S\u00f6zle\u015fmeyi imzalad\u0131ktan sonra, seyahatimizle ilgili bir\u00e7ok de\u011ferli bilgi i\u00e7eren SwissLasik pasaportunu ald\u0131k. B\u00f6ylece o\u011flum ve ben 13.12.06 tarihinde \u0130stanbul&#8217;a u\u00e7tuk. U\u00e7akta, \u0130svi\u00e7re&#8217;de ya\u015fayan bir T\u00fcrk kad\u0131n\u0131n yan\u0131nda oturduk. Eyestar Klini\u011fi&#8217;ni kulaktan dolma bilgilerle tan\u0131yordu ve T\u00fcrkiye&#8217;deki en iyi g\u00f6z cerrahisi klini\u011fi oldu\u011funu s\u00f6yledi! Yolculu\u011fumuz \u00e7ok umut verici bir \u015fekilde ba\u015flam\u0131\u015ft\u0131. Havaalan\u0131nda bizi, m\u00fckemmel Almanca konu\u015fan ve ameliyatla ilgili her konuda bize yard\u0131mc\u0131 olan Dogan kar\u015f\u0131lad\u0131. Bizi g\u00fcvenli bir \u015fekilde otele g\u00f6t\u00fcrd\u00fc ve ertesi g\u00fcn bizi oradan al\u0131p klini\u011fe g\u00f6t\u00fcrd\u00fc. Oraya vard\u0131\u011f\u0131m\u0131zda, g\u00f6zlerimiz \u00e7e\u015fitli cihazlarla ayr\u0131nt\u0131l\u0131 bir \u015fekilde muayene edildi ve gece g\u00f6z bebe\u011fi b\u00fcy\u00fckl\u00fc\u011f\u00fc de test edildi. Dogan her zaman yan\u0131m\u0131zda oldu ve terc\u00fcman olarak bize yard\u0131mc\u0131 oldu. Doktor \u00e7ok iyi \u0130ngilizce konu\u015ftu\u011fu i\u00e7in, onunla bu dilde de ileti\u015fim kurmak m\u00fcmk\u00fcn oldu. Sa\u011f tarafta korneam biraz inceydi (491 my), bu nedenle doktor benim durumumda mikrokeratom ile kesilmenin m\u00fcmk\u00fcn olup olmad\u0131\u011f\u0131n\u0131 iyi hesaplamal\u0131yd\u0131 ya da ba\u015fka bir se\u00e7ene\u011fe, \u00f6rne\u011fin Femto-Lasik&#8217;e ge\u00e7meliydi. Ancak o normal Lasik&#8217;i, yani mikrokeratom ile kesilmeyi tercih etti, oysa klinik bu \u015fekilde 400 Euro daha fazla kazan\u00e7 elde edebilirdi. Bunun nedeni olarak, Femto ile ilgili hen\u00fcz uzun vadeli deneyimlerin bulunmad\u0131\u011f\u0131n\u0131 ve klini\u011fin, flap kal\u0131nl\u0131\u011f\u0131n\u0131n sadece yakla\u015f\u0131k 100 my oldu\u011fu en yeni mikrokeratomu bulundu\u011funu belirtti. \u00d6n muayene ile ameliyat aras\u0131nda g\u00f6zlerimizin dinlenmeye ihtiyac\u0131 oldu\u011fu i\u00e7in, bir \u015feyler yedikten sonra Taksim semtinde ke\u015fif turuna \u00e7\u0131kt\u0131k. Ard\u0131ndan ameliyat s\u0131ras\u0131 geldi. O\u011flum ameliyattan biraz korkuyordu (g\u00f6zlerine dokunulmas\u0131ndan nefret eder ve emir \u00fczerine belirli bir noktaya uzun s\u00fcre bakmakta zorlan\u0131r), bu y\u00fczden sakinle\u015ftirici bir hap verildi. Ameliyattan \u00f6nce, rahatlamaya da katk\u0131da bulunan bir masaj koltu\u011funa uzanmak m\u00fcmk\u00fcnd\u00fcr. B\u00f6ylece haz\u0131rlanan o\u011flum, benden \u00f6nce ameliyata girdi. O\u011flum Roman, ameliyat\u0131n\u0131 filme almam\u0131 istedi. Bu, ameliyathaneye a\u00e7\u0131lan bir pencereden, tedavi edilen g\u00f6z\u00fcn ve i\u015flemlerin g\u00f6r\u00fclebildi\u011fi duvardaki bir monit\u00f6r\u00fc izleyerek kolayca m\u00fcmk\u00fcn oldu. Masaj koltu\u011funda biraz dinlendikten sonra s\u0131ra bana geldi. Dogan yine yan\u0131mdayd\u0131 ve ameliyat s\u0131ras\u0131nda yap\u0131lacak her ad\u0131m\u0131 bana anlatt\u0131. Flap kesmek i\u00e7in k\u0131sa s\u00fcreli\u011fine kullan\u0131lan emme halkas\u0131 ve g\u00f6zleri a\u00e7\u0131k tutmak i\u00e7in kullan\u0131lan klipsler d\u0131\u015f\u0131nda ameliyat s\u0131ras\u0131nda hi\u00e7bir \u015fey hissetmedim. Yakla\u015f\u0131k 20 dakika sonra her \u015fey bitmi\u015fti ve ben karanl\u0131k bir dinlenme odas\u0131na g\u00f6t\u00fcr\u00fcld\u00fcm. Yakla\u015f\u0131k 20 dakika sonra ilk kontrol muayenesi yap\u0131ld\u0131 ve ard\u0131ndan otele g\u00f6t\u00fcr\u00fcld\u00fck. Ameliyat sonras\u0131 g\u00f6zler \u0131\u015f\u0131\u011fa \u00e7ok duyarl\u0131 oldu\u011fu i\u00e7in bize g\u00fcne\u015f g\u00f6zl\u00fc\u011f\u00fc verildi. Ameliyattan sonraki ilk 4 saat boyunca g\u00f6zlerimiz ya\u015fard\u0131, yand\u0131 ve ac\u0131d\u0131. Uyumaya \u00e7al\u0131\u015ft\u0131k ve k\u0131smen de ba\u015fard\u0131k. Bir saat daha \u0131\u015f\u0131\u011fa kar\u015f\u0131 \u00e7ok hassas kald\u0131lar, sonra bu rahats\u0131zl\u0131k da ge\u00e7ti. Ya\u015fl\u0131l\u0131k uzak g\u00f6r\u00fc\u015fl\u00fcl\u00fc\u011f\u00fcm nedeniyle monovizyonu tercih ettim ve ba\u015f\u0131ndan beri kendimi olduk\u00e7a rahat hissettim. Ancak monovizyona al\u0131\u015fmak i\u00e7in biraz zaman gerekiyor. Yap\u0131lan aktiviteye ba\u011fl\u0131 olarak hi\u00e7 hissetmiyorsunuz ya da \u00e7ok az hissediyorsunuz. Ancak bu hi\u00e7bir zaman bir sorun olmad\u0131. Ertesi g\u00fcn kontrol muayenesi vard\u0131 ve Do\u011fan bizi tekrar al\u0131p hastaneye g\u00f6t\u00fcrd\u00fc. G\u00f6rme keskinli\u011fimiz neredeyse %100&#8217;e ula\u015fm\u0131\u015ft\u0131. Art\u0131k yeni g\u00f6zlerimizle \u0130stanbul&#8217;u ke\u015ffedebilirdik \u2013 ne harika bir duyguydu! \u015eimdiye kadar herhangi bir \u015fikayetimiz olmad\u0131, bazen g\u00f6zlerimiz biraz kuruyor ama bu durum giderek azal\u0131yor. \u00d6zellikle 40 ya\u015f \u00fcst\u00fc kad\u0131nlarda bu semptomun bir s\u00fcre g\u00f6r\u00fclmesi normaldir. Gece araba kullanmak da sorunsuz, yani haleler veya parlamalar yok. \u0130kimizin de g\u00f6rme keskinli\u011fi g\u00f6zl\u00fckle oldu\u011fundan biraz daha d\u00fc\u015f\u00fck ama g\u00fcnl\u00fck ya\u015fam i\u00e7in hala yeterince iyi. Roman benimkinden daha iyi g\u00f6r\u00fcyor, monovizyon nedeniyle maalesef keskinli\u011fim biraz azald\u0131. Ama dedi\u011fim gibi, yine de g\u00fcnl\u00fck i\u015fleri halletmek i\u00e7in yeterli, ister ofiste, ister arabada, ister evde olsun. \u0130kimiz de g\u00f6zl\u00fcklerden kurtuldu\u011fumuz i\u00e7in mutluyuz. Bu noktada, klini\u011fe ve size, Say\u0131n Karaagacli, iyi bak\u0131m\u0131n\u0131z i\u00e7in bir kez daha te\u015fekk\u00fcr etmek istiyoruz. \u015eubat ba\u015f\u0131nda \u0130svi\u00e7re&#8217;de ilk takip muayenesi var, sonras\u0131nda size haber verece\u011fim. O zamana kadar, Walterswil&#8217;den selamlar. I. Hiltbrunner P.S. Bu ger\u00e7ek bir rapordur. \u0130sterseniz, info@swisslasik.ch adresinden kan\u0131t isteyebilirsiniz.<\/p>\n","protected":false},"author":4,"featured_media":0,"parent":4933,"menu_order":0,"comment_status":"closed","ping_status":"closed","template":"","meta":{"_joinchat":[],"footnotes":""},"class_list":["post-4949","page","type-page","status-publish","hentry"],"acf":[],"_links":{"self":[{"href":"https:\/\/medicaltravel.ch\/tr\/wp-json\/wp\/v2\/pages\/4949","targetHints":{"allow":["GET"]}}],"collection":[{"href":"https:\/\/medicaltravel.ch\/tr\/wp-json\/wp\/v2\/pages"}],"about":[{"href":"https:\/\/medicaltravel.ch\/tr\/wp-json\/wp\/v2\/types\/page"}],"author":[{"embeddable":true,"href":"https:\/\/medicaltravel.ch\/tr\/wp-json\/wp\/v2\/users\/4"}],"replies":[{"embeddable":true,"href":"https:\/\/medicaltravel.ch\/tr\/wp-json\/wp\/v2\/comments?post=4949"}],"version-history":[{"count":1,"href":"https:\/\/medicaltravel.ch\/tr\/wp-json\/wp\/v2\/pages\/4949\/revisions"}],"predecessor-version":[{"id":4950,"href":"https:\/\/medicaltravel.ch\/tr\/wp-json\/wp\/v2\/pages\/4949\/revisions\/4950"}],"up":[{"embeddable":true,"href":"https:\/\/medicaltravel.ch\/tr\/wp-json\/wp\/v2\/pages\/4933"}],"wp:attachment":[{"href":"https:\/\/medicaltravel.ch\/tr\/wp-json\/wp\/v2\/media?parent=4949"}],"curies":[{"name":"wp","href":"https:\/\/api.w.org\/{rel}","templated":true}]}}