{"id":4951,"date":"2025-09-24T07:30:46","date_gmt":"2025-09-24T06:30:46","guid":{"rendered":"https:\/\/medicaltravel.ch\/hasta-raporlari\/reviews-augenbehandlungen\/deneyim-raporu-lasik-istanbul-tuerkiye-25-haziran-2007-pazartesi-guenue-tarihli-rapor\/"},"modified":"2026-01-03T18:42:11","modified_gmt":"2026-01-03T17:42:11","slug":"deneyim-raporu-lasik-istanbul-tuerkiye-25-haziran-2007-pazartesi-guenue-tarihli-rapor","status":"publish","type":"page","link":"https:\/\/medicaltravel.ch\/tr\/hasta-raporlari\/goz-tedavileri-hakkindaki-degerlendirmeler\/deneyim-raporu-lasik-istanbul-tuerkiye-25-haziran-2007-pazartesi-guenue-tarihli-rapor\/","title":{"rendered":"Deneyim raporu LASIK \u0130STANBUL \/T\u00fcrkiye \u2013 25 Haziran 2007 Pazartesi g\u00fcn\u00fc tarihli rapor"},"content":{"rendered":"\n<p>Deneyim raporu LASIK \u0130STANBUL \/T\u00fcrkiye \u2013 25 Haziran 2007 Pazartesi g\u00fcn\u00fc tarihli rapor<\/p>\n\n<p>Merhaba,<\/p>\n\n<p>BEN YEN\u0130 B\u0130R \u0130NSANIM!!! D\u00fcn (Cumartesi, 23 Haziran 2007) \u0130stanbul&#8217;dan d\u00f6nd\u00fcm ve \u015funu s\u00f6ylemeliyim, bu kesinlikle bamba\u015fka bir ya\u015fam hissi! \u015eimdiye kadar yakla\u015f\u0131k 17 y\u0131l g\u00f6zl\u00fck ya da kontakt lens kulland\u0131ktan sonra, art\u0131k buna dayanamayacak hale geldim ve bir lazer ameliyat\u0131na karar verdim. Uzun bir ara\u015ft\u0131rma ve bilgi toplama s\u00fcrecinden sonra SWISSLASIK.CH ile kar\u015f\u0131la\u015ft\u0131m. Ve \u015funu s\u00f6ylemeliyim ki, bu hayat\u0131m\u0131n en iyi karar\u0131yd\u0131!!! \u0130lk ileti\u015fimden, ameliyata ve sonunda eve d\u00f6n\u00fc\u015fe kadar her \u015fey m\u00fckemmel bir \u015fekilde organize edildi&#8230; Ger\u00e7ekten s\u00f6ylemek gerekirse\u2026 HELAL OLSUN!!! Destek o kadar harikayd\u0131 ki, KEND\u0130M\u0130 H\u0130\u00c7B\u0130R ZAMAN YALNIZ H\u0130SSETMED\u0130M.<\/p>\n\n<p>Bay Karaagacli-Leoni, \u0130svi\u00e7re&#8217;den her \u015feyi o kadar harika organize etti ki, her \u015fey sorunsuz bir \u015fekilde ilerledi (Z\u00fcrih&#8217;teki \u00f6n muayene, \u0130stanbul&#8217;a u\u00e7u\u015f, otel rezervasyonu, \u0130stanbul&#8217;daki ekipten destek, ameliyat, sonras\u0131 bak\u0131m ve nihayetinde d\u00f6n\u00fc\u015f u\u00e7u\u015fu). \u0130stanbul&#8217;daki Almanca destek sayesinde hi\u00e7 bir problem ya\u015fanmad\u0131. <\/p>\n\n<p>Ameliyat g\u00fcn\u00fc, saat 12:30&#8217;da Bay Elik taraf\u0131ndan otelden al\u0131nd\u0131k ve otelden sadece birka\u00e7 metre uzakl\u0131kta bulunan klini\u011fe g\u00f6t\u00fcr\u00fcld\u00fck. Ard\u0131ndan s\u0131rayla \u00f6n muayeneye al\u0131nd\u0131k. Uzun bekleme s\u00fcresi, bolca \u00e7ay, kahve ve di\u011fer ikramlarla keyifli hale getirildi. Ayr\u0131ca televizyon izleyebilir veya EYEStar taraf\u0131ndan sa\u011flanan diz\u00fcst\u00fc bilgisayarlarla internette gezinebilirdik. \u00d6n muayene sonras\u0131nda, yakla\u015f\u0131k bir saatlik bir s\u00fcreyle yemek yemek i\u00e7in d\u0131\u015far\u0131 \u00e7\u0131kma f\u0131rsat\u0131m\u0131z oldu; bu s\u00fcre zarf\u0131nda bir\u00e7ok ki\u015fi i\u00e7in yemek yemek m\u00fcmk\u00fcn olmayacakt\u0131.    <\/p>\n\n<p>Sonras\u0131nda hepimizi \u00e7ok rahat bir bekleme salonuna (\u00e7ok konforlu) g\u00f6t\u00fcrd\u00fcler, burada ameliyat\u0131m\u0131z\u0131 bekledik. K\u0131sa bir s\u00fcre sonra ismim \u00e7a\u011fr\u0131ld\u0131. Ameliyat odas\u0131na girmeden \u00f6nce, s\u00fcper bir masaj koltu\u011funa oturdum. Harika bir cihaz! Burada g\u00f6zlerim temizlendi ve dezenfekte edildi. K\u0131sa bir s\u00fcre sonra ameliyat masas\u0131na yatm\u0131\u015ft\u0131m. Ve \u015funu s\u00f6ylemeliyim, bu kadar h\u0131zl\u0131 olaca\u011f\u0131n\u0131 d\u00fc\u015f\u00fcnmemi\u015ftim. Hi\u00e7bir \u015fekilde a\u011fr\u0131 hissetmedim. G\u00f6z\u00fcmde bir bask\u0131 hissi vard\u0131 ama ger\u00e7ekten ac\u0131 gibi bir \u015fey hissetmedim. Benim i\u00e7in tek rahats\u0131z edici \u015fey, g\u00f6zleri a\u00e7mak i\u00e7in kullan\u0131lan spreizklammer (g\u00f6z kapa\u011f\u0131n\u0131 sabitleyen aparatlar) idi, \u00e7\u00fcnk\u00fc bu sayede g\u00f6zlerimi k\u0131rpma \u015fans\u0131m yoktu. Ama dedi\u011fim gibi, hi\u00e7 de korkutucu bir \u015fey de\u011fildi. As\u0131l lazer i\u015flemi sadece birka\u00e7 saniye s\u00fcrd\u00fc ve ard\u0131ndan her \u015fey bitmi\u015fti. Ayn\u0131 i\u015flem di\u011fer g\u00f6zde de yap\u0131ld\u0131. Yakla\u015f\u0131k 15 dakika i\u00e7inde her \u015fey tamamland\u0131! K\u0131sa bir s\u00fcre dinlenme odas\u0131nda kald\u0131m ve ard\u0131ndan di\u011fer bekleyenlerin yan\u0131na geri g\u00f6t\u00fcr\u00fcld\u00fcm. Bir s\u00fcre burada g\u00f6zlemlendik, nas\u0131l hissetti\u011fimiz takip edildi. G\u00f6z damlas\u0131 ve yeniden \u00e7ay servis edildi. Burada da \u015funu s\u00f6ylemeliyim ki, bak\u0131m ger\u00e7ekten M\u00dcKEMMELD\u0130!!!                 <\/p>\n\n<p>G\u00f6zlerimde sulanma ve hafif bir yanma d\u0131\u015f\u0131nda hi\u00e7bir \u015fey hissetmedim. K\u0131sa bir doktor kontrol\u00fcn\u00fcn ard\u0131ndan, otele d\u00f6n\u00fcp dinlenmemiz ya da uyumam\u0131z i\u00e7in odaya ge\u00e7tik. <\/p>\n\n<p>\u0130\u015fte o noktada benim i\u00e7in tek olumsuz \u015fey ba\u015flad\u0131. Olduk\u00e7a ba\u015f a\u011fr\u0131s\u0131 \u00e7ekmeye ba\u015flad\u0131m, ancak klinikten ald\u0131\u011f\u0131m g\u00fc\u00e7l\u00fc a\u011fr\u0131 kesiciler sayesinde h\u0131zl\u0131ca rahatlad\u0131m. Sonra nihayet uyuyabildim.  <\/p>\n\n<p>Ertesi sabah her \u015fey bitmi\u015fti. Kalkt\u0131m ve g\u00f6rebiliyordum!!! VAY!!! Ne harika bir duygu. \u00c7ok mutluydum ve inanam\u0131yordum. Kliniklerde yap\u0131lan k\u0131sa bir takip muayenesinin ard\u0131ndan, g\u00f6zl\u00fck ve kontakt lens olmadan yepyeni bir hayata ad\u0131m att\u0131k!   <\/p>\n\n<p>Kalan zaman\u0131 \u0130stanbul\u2019da turistik geziler yaparak ve al\u0131\u015fveri\u015fle ge\u00e7irdim, ta ki ertesi sabah Bay Elik taraf\u0131ndan al\u0131n\u0131p havaliman\u0131na g\u00f6t\u00fcr\u00fclene kadar.<\/p>\n\n<p>Tabii, otelinizle ilgili neler s\u00f6ylemek istersiniz?<\/p>\n\n<p>CRYSTAL Oteli&#8217;nde kald\u0131m. Genel olarak memnundum. Sadece kahvalt\u0131 ger\u00e7ekten pek ho\u015f de\u011fildi! Ama bence t\u00fcm di\u011fer ba\u015far\u0131lar g\u00f6z \u00f6n\u00fcne al\u0131nd\u0131\u011f\u0131nda, buna katlan\u0131labilir! Odalar temiz ve sessizdi. Hizmet de olduk\u00e7a iyiydi.     <\/p>\n\n<p>Sonu\u00e7 olarak, bu ad\u0131m\u0131 att\u0131\u011f\u0131m i\u00e7in \u00e7ok mutluyum. Ve kesinlikle tekrar yapar\u0131m!!! <\/p>\n\n<p>Te\u015fekk\u00fcr ederim, sevgili Bay Karaagacli-Leoni,<\/p>\n\n<p>Te\u015fekk\u00fcr ederim sevgili EYEStar ekibi (\u00f6zellikle Arif ve Fred), harika destek ve ilgiliniz i\u00e7in. Ve \u0130stanbul&#8217;daki g\u00fczel zaman i\u00e7in de \u00e7ok te\u015fekk\u00fcrler. <\/p>\n\n<p>Sascha Andreas M\u00fcller, Almanya&#8217;dan.<\/p>\n","protected":false},"excerpt":{"rendered":"<p>Deneyim raporu LASIK \u0130STANBUL \/T\u00fcrkiye \u2013 25 Haziran 2007 Pazartesi g\u00fcn\u00fc tarihli rapor Merhaba, BEN YEN\u0130 B\u0130R \u0130NSANIM!!! D\u00fcn (Cumartesi, 23 Haziran 2007) \u0130stanbul&#8217;dan d\u00f6nd\u00fcm ve \u015funu s\u00f6ylemeliyim, bu kesinlikle bamba\u015fka bir ya\u015fam hissi! \u015eimdiye kadar yakla\u015f\u0131k 17 y\u0131l g\u00f6zl\u00fck ya da kontakt lens kulland\u0131ktan sonra, art\u0131k buna dayanamayacak hale geldim ve bir lazer ameliyat\u0131na karar verdim. Uzun bir ara\u015ft\u0131rma ve bilgi toplama s\u00fcrecinden sonra SWISSLASIK.CH ile kar\u015f\u0131la\u015ft\u0131m. Ve \u015funu s\u00f6ylemeliyim ki, bu hayat\u0131m\u0131n en iyi karar\u0131yd\u0131!!! \u0130lk ileti\u015fimden, ameliyata ve sonunda eve d\u00f6n\u00fc\u015fe kadar her \u015fey m\u00fckemmel bir \u015fekilde organize edildi&#8230; Ger\u00e7ekten s\u00f6ylemek gerekirse\u2026 HELAL OLSUN!!! Destek o kadar harikayd\u0131 ki, KEND\u0130M\u0130 H\u0130\u00c7B\u0130R ZAMAN YALNIZ H\u0130SSETMED\u0130M. Bay Karaagacli-Leoni, \u0130svi\u00e7re&#8217;den her \u015feyi o kadar harika organize etti ki, her \u015fey sorunsuz bir \u015fekilde ilerledi (Z\u00fcrih&#8217;teki \u00f6n muayene, \u0130stanbul&#8217;a u\u00e7u\u015f, otel rezervasyonu, \u0130stanbul&#8217;daki ekipten destek, ameliyat, sonras\u0131 bak\u0131m ve nihayetinde d\u00f6n\u00fc\u015f u\u00e7u\u015fu). \u0130stanbul&#8217;daki Almanca destek sayesinde hi\u00e7 bir problem ya\u015fanmad\u0131. Ameliyat g\u00fcn\u00fc, saat 12:30&#8217;da Bay Elik taraf\u0131ndan otelden al\u0131nd\u0131k ve otelden sadece birka\u00e7 metre uzakl\u0131kta bulunan klini\u011fe g\u00f6t\u00fcr\u00fcld\u00fck. Ard\u0131ndan s\u0131rayla \u00f6n muayeneye al\u0131nd\u0131k. Uzun bekleme s\u00fcresi, bolca \u00e7ay, kahve ve di\u011fer ikramlarla keyifli hale getirildi. Ayr\u0131ca televizyon izleyebilir veya EYEStar taraf\u0131ndan sa\u011flanan diz\u00fcst\u00fc bilgisayarlarla internette gezinebilirdik. \u00d6n muayene sonras\u0131nda, yakla\u015f\u0131k bir saatlik bir s\u00fcreyle yemek yemek i\u00e7in d\u0131\u015far\u0131 \u00e7\u0131kma f\u0131rsat\u0131m\u0131z oldu; bu s\u00fcre zarf\u0131nda bir\u00e7ok ki\u015fi i\u00e7in yemek yemek m\u00fcmk\u00fcn olmayacakt\u0131. Sonras\u0131nda hepimizi \u00e7ok rahat bir bekleme salonuna (\u00e7ok konforlu) g\u00f6t\u00fcrd\u00fcler, burada ameliyat\u0131m\u0131z\u0131 bekledik. K\u0131sa bir s\u00fcre sonra ismim \u00e7a\u011fr\u0131ld\u0131. Ameliyat odas\u0131na girmeden \u00f6nce, s\u00fcper bir masaj koltu\u011funa oturdum. Harika bir cihaz! Burada g\u00f6zlerim temizlendi ve dezenfekte edildi. K\u0131sa bir s\u00fcre sonra ameliyat masas\u0131na yatm\u0131\u015ft\u0131m. Ve \u015funu s\u00f6ylemeliyim, bu kadar h\u0131zl\u0131 olaca\u011f\u0131n\u0131 d\u00fc\u015f\u00fcnmemi\u015ftim. Hi\u00e7bir \u015fekilde a\u011fr\u0131 hissetmedim. G\u00f6z\u00fcmde bir bask\u0131 hissi vard\u0131 ama ger\u00e7ekten ac\u0131 gibi bir \u015fey hissetmedim. Benim i\u00e7in tek rahats\u0131z edici \u015fey, g\u00f6zleri a\u00e7mak i\u00e7in kullan\u0131lan spreizklammer (g\u00f6z kapa\u011f\u0131n\u0131 sabitleyen aparatlar) idi, \u00e7\u00fcnk\u00fc bu sayede g\u00f6zlerimi k\u0131rpma \u015fans\u0131m yoktu. Ama dedi\u011fim gibi, hi\u00e7 de korkutucu bir \u015fey de\u011fildi. As\u0131l lazer i\u015flemi sadece birka\u00e7 saniye s\u00fcrd\u00fc ve ard\u0131ndan her \u015fey bitmi\u015fti. Ayn\u0131 i\u015flem di\u011fer g\u00f6zde de yap\u0131ld\u0131. Yakla\u015f\u0131k 15 dakika i\u00e7inde her \u015fey tamamland\u0131! K\u0131sa bir s\u00fcre dinlenme odas\u0131nda kald\u0131m ve ard\u0131ndan di\u011fer bekleyenlerin yan\u0131na geri g\u00f6t\u00fcr\u00fcld\u00fcm. Bir s\u00fcre burada g\u00f6zlemlendik, nas\u0131l hissetti\u011fimiz takip edildi. G\u00f6z damlas\u0131 ve yeniden \u00e7ay servis edildi. Burada da \u015funu s\u00f6ylemeliyim ki, bak\u0131m ger\u00e7ekten M\u00dcKEMMELD\u0130!!! G\u00f6zlerimde sulanma ve hafif bir yanma d\u0131\u015f\u0131nda hi\u00e7bir \u015fey hissetmedim. K\u0131sa bir doktor kontrol\u00fcn\u00fcn ard\u0131ndan, otele d\u00f6n\u00fcp dinlenmemiz ya da uyumam\u0131z i\u00e7in odaya ge\u00e7tik. \u0130\u015fte o noktada benim i\u00e7in tek olumsuz \u015fey ba\u015flad\u0131. Olduk\u00e7a ba\u015f a\u011fr\u0131s\u0131 \u00e7ekmeye ba\u015flad\u0131m, ancak klinikten ald\u0131\u011f\u0131m g\u00fc\u00e7l\u00fc a\u011fr\u0131 kesiciler sayesinde h\u0131zl\u0131ca rahatlad\u0131m. Sonra nihayet uyuyabildim. Ertesi sabah her \u015fey bitmi\u015fti. Kalkt\u0131m ve g\u00f6rebiliyordum!!! VAY!!! Ne harika bir duygu. \u00c7ok mutluydum ve inanam\u0131yordum. Kliniklerde yap\u0131lan k\u0131sa bir takip muayenesinin ard\u0131ndan, g\u00f6zl\u00fck ve kontakt lens olmadan yepyeni bir hayata ad\u0131m att\u0131k! Kalan zaman\u0131 \u0130stanbul\u2019da turistik geziler yaparak ve al\u0131\u015fveri\u015fle ge\u00e7irdim, ta ki ertesi sabah Bay Elik taraf\u0131ndan al\u0131n\u0131p havaliman\u0131na g\u00f6t\u00fcr\u00fclene kadar. Tabii, otelinizle ilgili neler s\u00f6ylemek istersiniz? CRYSTAL Oteli&#8217;nde kald\u0131m. Genel olarak memnundum. Sadece kahvalt\u0131 ger\u00e7ekten pek ho\u015f de\u011fildi! Ama bence t\u00fcm di\u011fer ba\u015far\u0131lar g\u00f6z \u00f6n\u00fcne al\u0131nd\u0131\u011f\u0131nda, buna katlan\u0131labilir! Odalar temiz ve sessizdi. Hizmet de olduk\u00e7a iyiydi. Sonu\u00e7 olarak, bu ad\u0131m\u0131 att\u0131\u011f\u0131m i\u00e7in \u00e7ok mutluyum. Ve kesinlikle tekrar yapar\u0131m!!! Te\u015fekk\u00fcr ederim, sevgili Bay Karaagacli-Leoni, Te\u015fekk\u00fcr ederim sevgili EYEStar ekibi (\u00f6zellikle Arif ve Fred), harika destek ve ilgiliniz i\u00e7in. Ve \u0130stanbul&#8217;daki g\u00fczel zaman i\u00e7in de \u00e7ok te\u015fekk\u00fcrler. Sascha Andreas M\u00fcller, Almanya&#8217;dan.<\/p>\n","protected":false},"author":4,"featured_media":0,"parent":4933,"menu_order":0,"comment_status":"closed","ping_status":"closed","template":"","meta":{"_joinchat":[],"footnotes":""},"class_list":["post-4951","page","type-page","status-publish","hentry"],"acf":[],"_links":{"self":[{"href":"https:\/\/medicaltravel.ch\/tr\/wp-json\/wp\/v2\/pages\/4951","targetHints":{"allow":["GET"]}}],"collection":[{"href":"https:\/\/medicaltravel.ch\/tr\/wp-json\/wp\/v2\/pages"}],"about":[{"href":"https:\/\/medicaltravel.ch\/tr\/wp-json\/wp\/v2\/types\/page"}],"author":[{"embeddable":true,"href":"https:\/\/medicaltravel.ch\/tr\/wp-json\/wp\/v2\/users\/4"}],"replies":[{"embeddable":true,"href":"https:\/\/medicaltravel.ch\/tr\/wp-json\/wp\/v2\/comments?post=4951"}],"version-history":[{"count":0,"href":"https:\/\/medicaltravel.ch\/tr\/wp-json\/wp\/v2\/pages\/4951\/revisions"}],"up":[{"embeddable":true,"href":"https:\/\/medicaltravel.ch\/tr\/wp-json\/wp\/v2\/pages\/4933"}],"wp:attachment":[{"href":"https:\/\/medicaltravel.ch\/tr\/wp-json\/wp\/v2\/media?parent=4951"}],"curies":[{"name":"wp","href":"https:\/\/api.w.org\/{rel}","templated":true}]}}