{"id":4957,"date":"2025-09-24T07:25:40","date_gmt":"2025-09-24T06:25:40","guid":{"rendered":"https:\/\/medicaltravel.ch\/hasta-raporlari\/reviews-augenbehandlungen\/lasik-istanbuldaki-deneyimim-21-aralik-2007-cuma-guenue-tarihli-rapor\/"},"modified":"2026-01-03T18:43:59","modified_gmt":"2026-01-03T17:43:59","slug":"lasik-istanbuldaki-deneyimim-21-aralik-2007-cuma-guenue-tarihli-rapor","status":"publish","type":"page","link":"https:\/\/medicaltravel.ch\/tr\/hasta-raporlari\/goz-tedavileri-hakkindaki-degerlendirmeler\/lasik-istanbuldaki-deneyimim-21-aralik-2007-cuma-guenue-tarihli-rapor\/","title":{"rendered":"LASIK \u0130STANBUL&#8217;daki deneyimim \u2013 21 Aral\u0131k 2007 Cuma g\u00fcn\u00fc tarihli rapor"},"content":{"rendered":"\n<h3 class=\"wp-block-heading\">LASIK \u0130STANBUL&#8217;daki deneyimim \u2013 21 Aral\u0131k 2007 Cuma g\u00fcn\u00fc tarihli rapor<\/h3>\n\n<p>Say\u0131n Karaa\u011fac\u0131l\u0131-Leoni, size nas\u0131l yard\u0131mc\u0131 olabilirim?<\/p>\n\n<p>Harika, g\u00f6zlerinizle ilgili her \u015feyin yolunda gitmesine sevindim! Ameliyat sonras\u0131 iyile\u015fme s\u00fcreci nas\u0131l gidiyor?<\/p>\n\n<p>\u0130\u015fte anketinize verilen cevaplar.<\/p>\n\n<p>\u2013 Ameliyat i\u00e7in motivasyonunuz:<br\/>Kontakt lens ve g\u00f6zl\u00fcklerle ilgili tekrarlayan sorunlar.<\/p>\n\n<p>\u2013 Bizi nas\u0131l buldunuz:<br\/>\u0130nternet \u00fczerinden ve g\u00f6z doktorumun tavsiyesiyle.<\/p>\n\n<p>\u2013 Bizi nas\u0131l se\u00e7tiniz:<br\/>Kapsaml\u0131 \u00e7evrimi\u00e7i ara\u015ft\u0131rmadan sonra.<br\/>Z\u00fcrih&#8217;teki \u00f6n inceleme: \u0130yi ge\u00e7ti ve sorunsuz ilerledi.<\/p>\n\n<p>Swisslasik.ch dan\u0131\u015fmanl\u0131k ve organizasyon a\u00e7\u0131s\u0131ndan ne kadar iyi veya k\u00f6t\u00fc?<br\/>\u0130yi ve anla\u015f\u0131l\u0131r dan\u0131\u015fmanl\u0131k.<\/p>\n\n<p>\u2013 Swisslasikpass kullan\u0131\u015fl\u0131 m\u0131?<br\/>Pasaport \u0130stanbul&#8217;da \u00e7ok i\u015fime yarad\u0131.<\/p>\n\n<p>\u2013 u\u00e7u\u015f, otel, kar\u015f\u0131lama servisi, EyeSTAR klini\u011fi, personeli, ameliyat, ameliyat sonras\u0131 hisleriniz.<\/p>\n\n<p>Otel fiyat\u0131na g\u00f6re fena de\u011fildi, geri kalan her \u015fey m\u00fckemmeldi.<\/p>\n\n<p>Selamlar ve te\u015fekk\u00fcrler<\/p>\n\n<p>Hanspeter Zollinger<\/p>\n","protected":false},"excerpt":{"rendered":"<p>LASIK \u0130STANBUL&#8217;daki deneyimim \u2013 21 Aral\u0131k 2007 Cuma g\u00fcn\u00fc tarihli rapor Say\u0131n Karaa\u011fac\u0131l\u0131-Leoni, size nas\u0131l yard\u0131mc\u0131 olabilirim? Harika, g\u00f6zlerinizle ilgili her \u015feyin yolunda gitmesine sevindim! Ameliyat sonras\u0131 iyile\u015fme s\u00fcreci nas\u0131l gidiyor? \u0130\u015fte anketinize verilen cevaplar. \u2013 Ameliyat i\u00e7in motivasyonunuz:Kontakt lens ve g\u00f6zl\u00fcklerle ilgili tekrarlayan sorunlar. \u2013 Bizi nas\u0131l buldunuz:\u0130nternet \u00fczerinden ve g\u00f6z doktorumun tavsiyesiyle. \u2013 Bizi nas\u0131l se\u00e7tiniz:Kapsaml\u0131 \u00e7evrimi\u00e7i ara\u015ft\u0131rmadan sonra.Z\u00fcrih&#8217;teki \u00f6n inceleme: \u0130yi ge\u00e7ti ve sorunsuz ilerledi. Swisslasik.ch dan\u0131\u015fmanl\u0131k ve organizasyon a\u00e7\u0131s\u0131ndan ne kadar iyi veya k\u00f6t\u00fc?\u0130yi ve anla\u015f\u0131l\u0131r dan\u0131\u015fmanl\u0131k. \u2013 Swisslasikpass kullan\u0131\u015fl\u0131 m\u0131?Pasaport \u0130stanbul&#8217;da \u00e7ok i\u015fime yarad\u0131. \u2013 u\u00e7u\u015f, otel, kar\u015f\u0131lama servisi, EyeSTAR klini\u011fi, personeli, ameliyat, ameliyat sonras\u0131 hisleriniz. Otel fiyat\u0131na g\u00f6re fena de\u011fildi, geri kalan her \u015fey m\u00fckemmeldi. Selamlar ve te\u015fekk\u00fcrler Hanspeter Zollinger<\/p>\n","protected":false},"author":4,"featured_media":0,"parent":4933,"menu_order":0,"comment_status":"closed","ping_status":"closed","template":"","meta":{"_joinchat":[],"footnotes":""},"class_list":["post-4957","page","type-page","status-publish","hentry"],"acf":[],"_links":{"self":[{"href":"https:\/\/medicaltravel.ch\/tr\/wp-json\/wp\/v2\/pages\/4957","targetHints":{"allow":["GET"]}}],"collection":[{"href":"https:\/\/medicaltravel.ch\/tr\/wp-json\/wp\/v2\/pages"}],"about":[{"href":"https:\/\/medicaltravel.ch\/tr\/wp-json\/wp\/v2\/types\/page"}],"author":[{"embeddable":true,"href":"https:\/\/medicaltravel.ch\/tr\/wp-json\/wp\/v2\/users\/4"}],"replies":[{"embeddable":true,"href":"https:\/\/medicaltravel.ch\/tr\/wp-json\/wp\/v2\/comments?post=4957"}],"version-history":[{"count":1,"href":"https:\/\/medicaltravel.ch\/tr\/wp-json\/wp\/v2\/pages\/4957\/revisions"}],"predecessor-version":[{"id":4958,"href":"https:\/\/medicaltravel.ch\/tr\/wp-json\/wp\/v2\/pages\/4957\/revisions\/4958"}],"up":[{"embeddable":true,"href":"https:\/\/medicaltravel.ch\/tr\/wp-json\/wp\/v2\/pages\/4933"}],"wp:attachment":[{"href":"https:\/\/medicaltravel.ch\/tr\/wp-json\/wp\/v2\/media?parent=4957"}],"curies":[{"name":"wp","href":"https:\/\/api.w.org\/{rel}","templated":true}]}}