{"id":4959,"date":"2025-09-24T07:31:23","date_gmt":"2025-09-24T06:31:23","guid":{"rendered":"https:\/\/medicaltravel.ch\/hasta-raporlari\/reviews-augenbehandlungen\/tuerkiyedeki-lazer-goez-ameliyati-deneyimim-15-haziran-2007-cuma-guenue-tarihli-rapor\/"},"modified":"2026-01-03T18:43:59","modified_gmt":"2026-01-03T17:43:59","slug":"tuerkiyedeki-lazer-goez-ameliyati-deneyimim-15-haziran-2007-cuma-guenue-tarihli-rapor","status":"publish","type":"page","link":"https:\/\/medicaltravel.ch\/tr\/hasta-raporlari\/goz-tedavileri-hakkindaki-degerlendirmeler\/tuerkiyedeki-lazer-goez-ameliyati-deneyimim-15-haziran-2007-cuma-guenue-tarihli-rapor\/","title":{"rendered":"T\u00fcrkiye&#8217;deki lazer g\u00f6z ameliyat\u0131 deneyimim \u2013 15 Haziran 2007 Cuma g\u00fcn\u00fc tarihli rapor"},"content":{"rendered":"\n<p><strong>G\u00f6z Lazer T\u00fcrkiye Deneyimim<\/strong> \u2013 15 Haziran 2007, Cuma g\u00fcn\u00fcne ait rapor<\/p>\n\n<p>Sevgili LASIK g\u00f6z ameliyat\u0131 ilgilenenler,<br\/>A\u015fa\u011f\u0131da size ki\u015fisel deneyimlerimden baz\u0131lar\u0131n\u0131 payla\u015fmak istiyorum. \u00d6ncelikle, Swisslasik taraf\u0131ndan her \u015feyin harika bir \u015fekilde i\u015fledi\u011fini ve bak\u0131m\u0131n hem dost\u00e7a hem de g\u00fcvenilir oldu\u011funu s\u00f6ylemeliyim. Eyestarklinik&#8217;in doktor ekibine gelince, en y\u00fcksek puan\u0131 veremem ama \u00e7ok y\u00fcksek bir puan veriyorum. En y\u00fcksek puan\u0131 vermememin nedeni, birka\u00e7 hasta nedeniyle bekleme s\u00fcrelerinin uzun olmas\u0131 ve hastalar\u0131n zamanlamalar\u0131n\u0131n birbirine koordinasyonlu olmam\u0131\u015f olmas\u0131. Ayr\u0131ca, doktorlar veya yard\u0131mc\u0131lar\u0131, kendili\u011finden \u00e7ok fazla bilgi vermediler, bunun yerine baz\u0131 \u015feyleri sormak gerekiyordu, o zaman da nazik\u00e7e cevap verdiler.<br\/>Ameliyat sonras\u0131nda genellikle kendinizi pek iyi hissetmezsiniz ve sizi karanl\u0131k bir odaya, bir yatak sofaya g\u00f6t\u00fcr\u00fcp yaln\u0131z b\u0131rak\u0131rlar. Be\u015f dakika sonra biri gelir ve g\u00f6zlerinizin yanmas\u0131n\u0131 hafifletmek i\u00e7in g\u00f6z damlas\u0131 verir. Ancak, yaln\u0131z b\u0131rak\u0131lmak yerine, operasyonun nas\u0131l ge\u00e7ti\u011fi hakk\u0131nda hemen bilgi verilmesini dilerdim. \u0130leti\u015fim konusunda asl\u0131nda bir sorun yok, \u00e7\u00fcnk\u00fc her zaman en az\u0131ndan iyi Almanca veya \u0130ngilizce konu\u015fan biri bulunuyor.<br\/>Herkese, ameliyat \u00f6ncesi sakinle\u015ftirici tablet almay\u0131 tavsiye ederim \u00e7\u00fcnk\u00fc operasyon ger\u00e7ekten \u00e7ok h\u0131zl\u0131 ge\u00e7iyor, ancak bu birka\u00e7 dakika ger\u00e7ekten zorlu, \u00e7\u00fcnk\u00fc her \u015feyi duyuyorsunuz ve a\u011fr\u0131lara ra\u011fmen sakin kalman\u0131z gerekiyor. \u015ea\u015f\u0131rt\u0131c\u0131 olan, ertesi g\u00fcn, en az\u0131ndan mesafede, neredeyse m\u00fckemmel g\u00f6rmeniz ve gerekli \u00f6nlemleri alarak &#8220;normal&#8221; aktivitelerinizi yapabilmeniz. O g\u00fcnden sonra hi\u00e7bir a\u011fr\u0131 hissetmedim. D\u00fczeltme, bir g\u00f6z\u00fcmde 0, di\u011fer g\u00f6z\u00fcmde ise 0.25 diyoptri ile sonu\u00e7land\u0131. Bu, operasyon sonras\u0131 doktorumun bana s\u00f6yledi\u011fi sonu\u00e7tu. Sol g\u00f6z\u00fcm\u00fcn sa\u011f g\u00f6z\u00fcm kadar iyi g\u00f6rmedi\u011fini hissediyorum ama genel olarak bu operasyonu, g\u00f6zl\u00fck kullanmaya biraz da olsa memnun olmayan herkese \u00f6zellikle y\u00fcksek diyoptrili olanlara kesinlikle tavsiye ederim. \u0130stanbul&#8217;daki klinik, t\u0131bbi m\u00fcdahale a\u00e7\u0131s\u0131ndan bir \u0130svi\u00e7re klini\u011finden hi\u00e7bir \u015fekilde geri kalm\u0131yor. Yakla\u015f\u0131k 15.000 veya 20.000 hasta ameliyat etmi\u015fler ve hi\u00e7biri yanl\u0131\u015f gitmemi\u015f. Bu y\u00fczden k\u00f6rl\u00fckle ilgili korku hikayelerine inanmay\u0131n ve bana g\u00f6re bir mucize gibi g\u00f6r\u00fcnen bir \u015feyi yapmaya cesaret edin! Ki, ger\u00e7ekten de bir mucize. \u0130nsanlar\u0131n neler ba\u015farabilece\u011fine bak\u0131n&#8230;<br\/>Sonras\u0131nda olduk\u00e7a affedilebilir olan eksiklikler konusunda sadece \u015funu s\u00f6yleyebilirim: Klinik, e\u011fer bunlar\u0131 onlara bildirirseniz, bu eksiklikleri d\u00fczeltecektir. Sonu\u00e7ta, m\u00fc\u015fterilerini memnun etmek i\u00e7in \u00e7aba g\u00f6steriyorlar. Yani, bir kez daha \u015funu s\u00f6yl\u00fcyorum: G\u00f6rme bozuklu\u011fumu d\u00fczeltti\u011finiz i\u00e7in te\u015fekk\u00fcr ederim ve bir\u00e7ok hastan\u0131n da bu mutlulu\u011fa kal\u0131c\u0131 olarak sahip olmas\u0131n\u0131 dilerim.<br\/>Ameliyat konusunda korkmay\u0131n, \u00e7\u00fcnk\u00fc biraz ac\u0131 \u00e7ekti\u011finiz s\u00fcre \u00e7ok k\u0131sa ve elde ettiklerinizle kar\u015f\u0131la\u015ft\u0131r\u0131ld\u0131\u011f\u0131nda kesinlikle dikkate al\u0131nmamal\u0131!<br\/>Sayg\u0131lar\u0131mla,<br\/>Till de Ridder                      <\/p>\n","protected":false},"excerpt":{"rendered":"<p>G\u00f6z Lazer T\u00fcrkiye Deneyimim \u2013 15 Haziran 2007, Cuma g\u00fcn\u00fcne ait rapor Sevgili LASIK g\u00f6z ameliyat\u0131 ilgilenenler,A\u015fa\u011f\u0131da size ki\u015fisel deneyimlerimden baz\u0131lar\u0131n\u0131 payla\u015fmak istiyorum. \u00d6ncelikle, Swisslasik taraf\u0131ndan her \u015feyin harika bir \u015fekilde i\u015fledi\u011fini ve bak\u0131m\u0131n hem dost\u00e7a hem de g\u00fcvenilir oldu\u011funu s\u00f6ylemeliyim. Eyestarklinik&#8217;in doktor ekibine gelince, en y\u00fcksek puan\u0131 veremem ama \u00e7ok y\u00fcksek bir puan veriyorum. En y\u00fcksek puan\u0131 vermememin nedeni, birka\u00e7 hasta nedeniyle bekleme s\u00fcrelerinin uzun olmas\u0131 ve hastalar\u0131n zamanlamalar\u0131n\u0131n birbirine koordinasyonlu olmam\u0131\u015f olmas\u0131. Ayr\u0131ca, doktorlar veya yard\u0131mc\u0131lar\u0131, kendili\u011finden \u00e7ok fazla bilgi vermediler, bunun yerine baz\u0131 \u015feyleri sormak gerekiyordu, o zaman da nazik\u00e7e cevap verdiler.Ameliyat sonras\u0131nda genellikle kendinizi pek iyi hissetmezsiniz ve sizi karanl\u0131k bir odaya, bir yatak sofaya g\u00f6t\u00fcr\u00fcp yaln\u0131z b\u0131rak\u0131rlar. Be\u015f dakika sonra biri gelir ve g\u00f6zlerinizin yanmas\u0131n\u0131 hafifletmek i\u00e7in g\u00f6z damlas\u0131 verir. Ancak, yaln\u0131z b\u0131rak\u0131lmak yerine, operasyonun nas\u0131l ge\u00e7ti\u011fi hakk\u0131nda hemen bilgi verilmesini dilerdim. \u0130leti\u015fim konusunda asl\u0131nda bir sorun yok, \u00e7\u00fcnk\u00fc her zaman en az\u0131ndan iyi Almanca veya \u0130ngilizce konu\u015fan biri bulunuyor.Herkese, ameliyat \u00f6ncesi sakinle\u015ftirici tablet almay\u0131 tavsiye ederim \u00e7\u00fcnk\u00fc operasyon ger\u00e7ekten \u00e7ok h\u0131zl\u0131 ge\u00e7iyor, ancak bu birka\u00e7 dakika ger\u00e7ekten zorlu, \u00e7\u00fcnk\u00fc her \u015feyi duyuyorsunuz ve a\u011fr\u0131lara ra\u011fmen sakin kalman\u0131z gerekiyor. \u015ea\u015f\u0131rt\u0131c\u0131 olan, ertesi g\u00fcn, en az\u0131ndan mesafede, neredeyse m\u00fckemmel g\u00f6rmeniz ve gerekli \u00f6nlemleri alarak &#8220;normal&#8221; aktivitelerinizi yapabilmeniz. O g\u00fcnden sonra hi\u00e7bir a\u011fr\u0131 hissetmedim. D\u00fczeltme, bir g\u00f6z\u00fcmde 0, di\u011fer g\u00f6z\u00fcmde ise 0.25 diyoptri ile sonu\u00e7land\u0131. Bu, operasyon sonras\u0131 doktorumun bana s\u00f6yledi\u011fi sonu\u00e7tu. Sol g\u00f6z\u00fcm\u00fcn sa\u011f g\u00f6z\u00fcm kadar iyi g\u00f6rmedi\u011fini hissediyorum ama genel olarak bu operasyonu, g\u00f6zl\u00fck kullanmaya biraz da olsa memnun olmayan herkese \u00f6zellikle y\u00fcksek diyoptrili olanlara kesinlikle tavsiye ederim. \u0130stanbul&#8217;daki klinik, t\u0131bbi m\u00fcdahale a\u00e7\u0131s\u0131ndan bir \u0130svi\u00e7re klini\u011finden hi\u00e7bir \u015fekilde geri kalm\u0131yor. Yakla\u015f\u0131k 15.000 veya 20.000 hasta ameliyat etmi\u015fler ve hi\u00e7biri yanl\u0131\u015f gitmemi\u015f. Bu y\u00fczden k\u00f6rl\u00fckle ilgili korku hikayelerine inanmay\u0131n ve bana g\u00f6re bir mucize gibi g\u00f6r\u00fcnen bir \u015feyi yapmaya cesaret edin! Ki, ger\u00e7ekten de bir mucize. \u0130nsanlar\u0131n neler ba\u015farabilece\u011fine bak\u0131n&#8230;Sonras\u0131nda olduk\u00e7a affedilebilir olan eksiklikler konusunda sadece \u015funu s\u00f6yleyebilirim: Klinik, e\u011fer bunlar\u0131 onlara bildirirseniz, bu eksiklikleri d\u00fczeltecektir. Sonu\u00e7ta, m\u00fc\u015fterilerini memnun etmek i\u00e7in \u00e7aba g\u00f6steriyorlar. Yani, bir kez daha \u015funu s\u00f6yl\u00fcyorum: G\u00f6rme bozuklu\u011fumu d\u00fczeltti\u011finiz i\u00e7in te\u015fekk\u00fcr ederim ve bir\u00e7ok hastan\u0131n da bu mutlulu\u011fa kal\u0131c\u0131 olarak sahip olmas\u0131n\u0131 dilerim.Ameliyat konusunda korkmay\u0131n, \u00e7\u00fcnk\u00fc biraz ac\u0131 \u00e7ekti\u011finiz s\u00fcre \u00e7ok k\u0131sa ve elde ettiklerinizle kar\u015f\u0131la\u015ft\u0131r\u0131ld\u0131\u011f\u0131nda kesinlikle dikkate al\u0131nmamal\u0131!Sayg\u0131lar\u0131mla,Till de Ridder<\/p>\n","protected":false},"author":4,"featured_media":0,"parent":4933,"menu_order":0,"comment_status":"closed","ping_status":"closed","template":"","meta":{"_joinchat":[],"footnotes":""},"class_list":["post-4959","page","type-page","status-publish","hentry"],"acf":[],"_links":{"self":[{"href":"https:\/\/medicaltravel.ch\/tr\/wp-json\/wp\/v2\/pages\/4959","targetHints":{"allow":["GET"]}}],"collection":[{"href":"https:\/\/medicaltravel.ch\/tr\/wp-json\/wp\/v2\/pages"}],"about":[{"href":"https:\/\/medicaltravel.ch\/tr\/wp-json\/wp\/v2\/types\/page"}],"author":[{"embeddable":true,"href":"https:\/\/medicaltravel.ch\/tr\/wp-json\/wp\/v2\/users\/4"}],"replies":[{"embeddable":true,"href":"https:\/\/medicaltravel.ch\/tr\/wp-json\/wp\/v2\/comments?post=4959"}],"version-history":[{"count":1,"href":"https:\/\/medicaltravel.ch\/tr\/wp-json\/wp\/v2\/pages\/4959\/revisions"}],"predecessor-version":[{"id":4960,"href":"https:\/\/medicaltravel.ch\/tr\/wp-json\/wp\/v2\/pages\/4959\/revisions\/4960"}],"up":[{"embeddable":true,"href":"https:\/\/medicaltravel.ch\/tr\/wp-json\/wp\/v2\/pages\/4933"}],"wp:attachment":[{"href":"https:\/\/medicaltravel.ch\/tr\/wp-json\/wp\/v2\/media?parent=4959"}],"curies":[{"name":"wp","href":"https:\/\/api.w.org\/{rel}","templated":true}]}}