{"id":4963,"date":"2025-09-24T07:32:02","date_gmt":"2025-09-24T06:32:02","guid":{"rendered":"https:\/\/medicaltravel.ch\/hasta-raporlari\/reviews-augenbehandlungen\/hasta-raporu-lasik-tuerkiye-20-mart-2007-sali-guenue-raporu\/"},"modified":"2026-01-03T18:45:08","modified_gmt":"2026-01-03T17:45:08","slug":"hasta-raporu-lasik-tuerkiye-20-mart-2007-sali-guenue-raporu","status":"publish","type":"page","link":"https:\/\/medicaltravel.ch\/tr\/hasta-raporlari\/goz-tedavileri-hakkindaki-degerlendirmeler\/hasta-raporu-lasik-tuerkiye-20-mart-2007-sali-guenue-raporu\/","title":{"rendered":"Hasta raporu LASIK T\u00fcrkiye \u2013 20 Mart 2007 Sal\u0131 g\u00fcn\u00fc raporu"},"content":{"rendered":"\n<p>Hasta raporu LASIK T\u00fcrkiye \u2013 20 Mart 2007 Sal\u0131 g\u00fcn\u00fc raporu<\/p>\n\n<p>Anlad\u0131m! E\u011fer anketin sonu\u00e7lar\u0131n\u0131 payla\u015fmak isterseniz, yard\u0131mc\u0131 olabilece\u011fim bir \u015feyler olabilir. Ne hakk\u0131nda konu\u015fmak istersiniz?<\/p>\n\n<p>Hasta say\u0131m\u0131<\/p>\n\n<p>Karar Verme S\u00fcreciniz<br\/>-1 Yurtd\u0131\u015f\u0131nda g\u00f6z lazeri yapt\u0131rmaya nas\u0131l karar verdiniz?<br\/>(Ger\u00e7ekler raporu, internetten bilgiler)<\/p>\n\n<p>-2 Bizi nas\u0131l se\u00e7tiniz?<br\/>\u0130nternet<\/p>\n\n<p>-3 Bizde sizi en \u00e7ok ne ikna etti?<br\/>\u0130svi\u00e7re&#8217;de eksiksiz organizasyon, ameliyat \u00f6ncesi ve sonras\u0131 muayeneler garantilidir. Fiyat <\/p>\n\n<p>-4 swisslasik.ch gibi ba\u015fka sa\u011flay\u0131c\u0131lar buldunuz mu? swisslasik.ch&#8217;yi farkl\u0131 k\u0131lan nedir? <br\/>Ba\u015fka sa\u011flay\u0131c\u0131 aramad\u0131m.<\/p>\n\n<p>Hala bir\u00e7ok ki\u015fi, g\u00f6zlerini \u0130stanbul&#8217;da lazerle tedavi ettirmeye \u00e7ekiniyor. swisslasik.ch bu ki\u015filere nas\u0131l daha iyi hitap edebilir? <br\/>Belki de birka\u00e7 hasta referans\u0131yla birlikte.<\/p>\n\n<p>Otel<br\/>-6 Resepsiyonda Almanca veya \u0130ngilizce konu\u015fan biri var m\u0131yd\u0131?<br\/>Hi\u00e7 kimse Almanca konu\u015fmuyordu, \u0130ngilizceyi de herkes bilmeyordu, ancak yine de ileti\u015fim kurabildik!<\/p>\n\n<p>-7 Otel ve oda temiz miydi?<br\/>Ve<\/p>\n\n<p>-8 \u00c7al\u0131\u015fanlar yard\u0131mc\u0131 ve arkada\u015f\u00e7a davrand\u0131lar m\u0131?<br\/>Evet, sadece oda servisi \u00e7ok yetersizdi; sipari\u015f etti\u011fimiz yemekler \u00e7ok ge\u00e7 geldi ve so\u011fuktu!<\/p>\n\n<p>-9 Kahvalt\u0131 iyiydi mi?<br\/>Ve<\/p>\n\n<p>-10 Huzur i\u00e7inde uyuyabildiniz mi?<br\/>Pazar g\u00fcn\u00fc restoranda bir parti vard\u0131, sesini odam\u0131zdan duyabiliyorduk, ama bunun d\u0131\u015f\u0131nda her yer \u00e7ok sessizdi.<\/p>\n\n<p>-11 Sizden ekstra para talep edildi mi?<br\/>Hay\u0131r<\/p>\n\n<p>-12 Otelden genel olarak ne kadar memnunsunuz? (L\u00fctfen 1 ile 5 aras\u0131nda bir say\u0131 girin)<br\/>4 <\/p>\n\n<p>Servis arac\u0131<br\/>-13 Ki\u015fi ge\u00e7 mi kald\u0131? E\u011fer \u00f6yleyse, ne kadar?<br\/>Evet, yakla\u015f\u0131k 10 dakika. Ama beni aray\u0131p haber verdi, bu y\u00fczden biraz ge\u00e7 kalaca\u011f\u0131n\u0131 biliyorduk.  <\/p>\n\n<p>-14 Her zaman yan\u0131n\u0131zda m\u0131yd\u0131, yard\u0131msever ve arkada\u015f canl\u0131s\u0131 m\u0131yd\u0131?<br\/>Evet, destek ve hizmet m\u00fckemmeldi.<\/p>\n\n<p>-15 Otel ile hastane aras\u0131nda sizi her seferinde e\u015flik etti mi?<br\/>Evet<\/p>\n\n<p>-16 Arabay\u0131 iyi s\u00fcrd\u00fc m\u00fc?<br\/>Evet<\/p>\n\n<p>-17 Bagaj yeriniz mi sorunlu?<br\/>Hay\u0131r<\/p>\n\n<p>-18 Teslim alma hizmetinden genel olarak ne kadar memnun kal\u0131rs\u0131n\u0131z? (1 ile 5 aras\u0131nda bir say\u0131 giriniz)<br\/>5 <\/p>\n\n<p>Klinik<br\/>-19 Nedenini bilmeden saatlerce beklemek zorunda kald\u0131n\u0131z m\u0131?<br\/>Hay\u0131r<\/p>\n\n<p>-20 Personel ve doktor taraf\u0131ndan iyi kar\u015f\u0131land\u0131n\u0131z m\u0131?<br\/>Evet, herkes \u00e7ok nazikti ve bize \u00e7ok iyi bakt\u0131.<\/p>\n\n<p>-21 Ameliyattan \u00f6nce size yeterli bilgi verildi mi?<br\/>Evet, anlamad\u0131\u011f\u0131n\u0131z bir \u015fey olursa her zaman soru sorabilirsiniz.<\/p>\n\n<p>-22 Ameliyat sonucundan ne kadar memnun musunuz?<br\/>\u00c7ok memnunum.<\/p>\n\n<p>-23 Almanca konu\u015fan bir g\u00f6revli size yard\u0131mc\u0131 oldu mu?<br\/>Evet, orada her zaman biri vard\u0131, bu y\u00fczden hi\u00e7bir ileti\u015fim sorunu ya\u015famad\u0131k. Doktorla \u0130ngilizce konu\u015ftuk, ama her zaman terc\u00fcmanl\u0131k yapacak biri mevcuttu.<\/p>\n\n<p>-24 Size ek masraflar fatura edildi mi?<br\/>Hay\u0131r<\/p>\n\n<p>-25 Genel olarak klinikten ne kadar memnunsunuz? (L\u00fctfen 1 ile 5 aras\u0131nda bir say\u0131 girin)<br\/>5+++ <\/p>\n\n<p>Swisslasikpass<br\/>-26 Swisslasikpass&#8217;ta hangi bilgileri faydal\u0131 buldunuz?<br\/>Swisslasikpass&#8217;taki t\u00fcm bilgiler faydal\u0131yd\u0131, maalesef pasaportum par\u00e7aland\u0131!<\/p>\n\n<p>-27 Swisslasikpass&#8217;ta hangi bilgileri gereksiz buluyorsunuz?<br\/>hi\u00e7biri<\/p>\n\n<p>-28 Yanl\u0131\u015f bilgiler var m\u0131?<br\/>Hay\u0131r<\/p>\n\n<p>-29 Neler yapabiliriz?<br\/>Bence o, oldu\u011fu gibi \u00e7ok iyi.<\/p>\n\n<p>Swisslasik.ch<br\/>-30 \u00d6zellikle ne iyiydi?<br\/>Her \u015fey \u00e7ok iyi, h\u0131zl\u0131 ve sorunsuz bir \u015fekilde ilerledi. Her \u015feyden \u00e7ok memnun kald\u0131k. Sorular\u0131m\u0131z\u0131 yan\u0131tlamak i\u00e7in her zaman haz\u0131rd\u0131lar ve yan\u0131tlar her zaman \u00e7ok h\u0131zl\u0131yd\u0131.  <\/p>\n\n<p>-31 \u00d6zellikle k\u00f6t\u00fc olan neydi?<br\/>\u2014<\/p>\n\n<p>-32 Neler yapabiliriz?<\/p>\n\n<p>-33 Genel olarak bizden ne kadar memnunsunuz? (L\u00fctfen 1 ile 5 aras\u0131nda bir say\u0131 girin)<br\/>5 <\/p>\n\n<p>-34 Bizi tavsiye eder misiniz?<br\/>Evet<\/p>\n\n<p>-35 Cevaplar\u0131n\u0131z\u0131 forum.swisslasik.ch adresinde yay\u0131nlayabilir miyiz?<br\/>Evet<\/p>\n\n<p>-36 swisslasik.ch ile hastalarla g\u00f6r\u00fc\u015fmek isteyen ilgililere telefon numaran\u0131z\u0131\/e-posta adresinizi verebilir miyiz?<br\/>Evet, ancak l\u00fctfen yaln\u0131zca XXXXXXX* e-posta adresini kullan\u0131n. Kesinlikle cevap verece\u011fim.<\/p>\n\n<p>*swisslasik.ch hastalar\u0131 i\u00e7in veri koruma. E-posta adresi talep \u00fczerine verilecektir.____Admin forum.swisslasik.ch <\/p>\n","protected":false},"excerpt":{"rendered":"<p>Hasta raporu LASIK T\u00fcrkiye \u2013 20 Mart 2007 Sal\u0131 g\u00fcn\u00fc raporu Anlad\u0131m! E\u011fer anketin sonu\u00e7lar\u0131n\u0131 payla\u015fmak isterseniz, yard\u0131mc\u0131 olabilece\u011fim bir \u015feyler olabilir. Ne hakk\u0131nda konu\u015fmak istersiniz? Hasta say\u0131m\u0131 Karar Verme S\u00fcreciniz-1 Yurtd\u0131\u015f\u0131nda g\u00f6z lazeri yapt\u0131rmaya nas\u0131l karar verdiniz?(Ger\u00e7ekler raporu, internetten bilgiler) -2 Bizi nas\u0131l se\u00e7tiniz?\u0130nternet -3 Bizde sizi en \u00e7ok ne ikna etti?\u0130svi\u00e7re&#8217;de eksiksiz organizasyon, ameliyat \u00f6ncesi ve sonras\u0131 muayeneler garantilidir. Fiyat -4 swisslasik.ch gibi ba\u015fka sa\u011flay\u0131c\u0131lar buldunuz mu? swisslasik.ch&#8217;yi farkl\u0131 k\u0131lan nedir? Ba\u015fka sa\u011flay\u0131c\u0131 aramad\u0131m. Hala bir\u00e7ok ki\u015fi, g\u00f6zlerini \u0130stanbul&#8217;da lazerle tedavi ettirmeye \u00e7ekiniyor. swisslasik.ch bu ki\u015filere nas\u0131l daha iyi hitap edebilir? Belki de birka\u00e7 hasta referans\u0131yla birlikte. Otel-6 Resepsiyonda Almanca veya \u0130ngilizce konu\u015fan biri var m\u0131yd\u0131?Hi\u00e7 kimse Almanca konu\u015fmuyordu, \u0130ngilizceyi de herkes bilmeyordu, ancak yine de ileti\u015fim kurabildik! -7 Otel ve oda temiz miydi?Ve -8 \u00c7al\u0131\u015fanlar yard\u0131mc\u0131 ve arkada\u015f\u00e7a davrand\u0131lar m\u0131?Evet, sadece oda servisi \u00e7ok yetersizdi; sipari\u015f etti\u011fimiz yemekler \u00e7ok ge\u00e7 geldi ve so\u011fuktu! -9 Kahvalt\u0131 iyiydi mi?Ve -10 Huzur i\u00e7inde uyuyabildiniz mi?Pazar g\u00fcn\u00fc restoranda bir parti vard\u0131, sesini odam\u0131zdan duyabiliyorduk, ama bunun d\u0131\u015f\u0131nda her yer \u00e7ok sessizdi. -11 Sizden ekstra para talep edildi mi?Hay\u0131r -12 Otelden genel olarak ne kadar memnunsunuz? (L\u00fctfen 1 ile 5 aras\u0131nda bir say\u0131 girin)4 Servis arac\u0131-13 Ki\u015fi ge\u00e7 mi kald\u0131? E\u011fer \u00f6yleyse, ne kadar?Evet, yakla\u015f\u0131k 10 dakika. Ama beni aray\u0131p haber verdi, bu y\u00fczden biraz ge\u00e7 kalaca\u011f\u0131n\u0131 biliyorduk. -14 Her zaman yan\u0131n\u0131zda m\u0131yd\u0131, yard\u0131msever ve arkada\u015f canl\u0131s\u0131 m\u0131yd\u0131?Evet, destek ve hizmet m\u00fckemmeldi. -15 Otel ile hastane aras\u0131nda sizi her seferinde e\u015flik etti mi?Evet -16 Arabay\u0131 iyi s\u00fcrd\u00fc m\u00fc?Evet -17 Bagaj yeriniz mi sorunlu?Hay\u0131r -18 Teslim alma hizmetinden genel olarak ne kadar memnun kal\u0131rs\u0131n\u0131z? (1 ile 5 aras\u0131nda bir say\u0131 giriniz)5 Klinik-19 Nedenini bilmeden saatlerce beklemek zorunda kald\u0131n\u0131z m\u0131?Hay\u0131r -20 Personel ve doktor taraf\u0131ndan iyi kar\u015f\u0131land\u0131n\u0131z m\u0131?Evet, herkes \u00e7ok nazikti ve bize \u00e7ok iyi bakt\u0131. -21 Ameliyattan \u00f6nce size yeterli bilgi verildi mi?Evet, anlamad\u0131\u011f\u0131n\u0131z bir \u015fey olursa her zaman soru sorabilirsiniz. -22 Ameliyat sonucundan ne kadar memnun musunuz?\u00c7ok memnunum. -23 Almanca konu\u015fan bir g\u00f6revli size yard\u0131mc\u0131 oldu mu?Evet, orada her zaman biri vard\u0131, bu y\u00fczden hi\u00e7bir ileti\u015fim sorunu ya\u015famad\u0131k. Doktorla \u0130ngilizce konu\u015ftuk, ama her zaman terc\u00fcmanl\u0131k yapacak biri mevcuttu. -24 Size ek masraflar fatura edildi mi?Hay\u0131r -25 Genel olarak klinikten ne kadar memnunsunuz? (L\u00fctfen 1 ile 5 aras\u0131nda bir say\u0131 girin)5+++ Swisslasikpass-26 Swisslasikpass&#8217;ta hangi bilgileri faydal\u0131 buldunuz?Swisslasikpass&#8217;taki t\u00fcm bilgiler faydal\u0131yd\u0131, maalesef pasaportum par\u00e7aland\u0131! -27 Swisslasikpass&#8217;ta hangi bilgileri gereksiz buluyorsunuz?hi\u00e7biri -28 Yanl\u0131\u015f bilgiler var m\u0131?Hay\u0131r -29 Neler yapabiliriz?Bence o, oldu\u011fu gibi \u00e7ok iyi. Swisslasik.ch-30 \u00d6zellikle ne iyiydi?Her \u015fey \u00e7ok iyi, h\u0131zl\u0131 ve sorunsuz bir \u015fekilde ilerledi. Her \u015feyden \u00e7ok memnun kald\u0131k. Sorular\u0131m\u0131z\u0131 yan\u0131tlamak i\u00e7in her zaman haz\u0131rd\u0131lar ve yan\u0131tlar her zaman \u00e7ok h\u0131zl\u0131yd\u0131. -31 \u00d6zellikle k\u00f6t\u00fc olan neydi?\u2014 -32 Neler yapabiliriz? -33 Genel olarak bizden ne kadar memnunsunuz? (L\u00fctfen 1 ile 5 aras\u0131nda bir say\u0131 girin)5 -34 Bizi tavsiye eder misiniz?Evet -35 Cevaplar\u0131n\u0131z\u0131 forum.swisslasik.ch adresinde yay\u0131nlayabilir miyiz?Evet -36 swisslasik.ch ile hastalarla g\u00f6r\u00fc\u015fmek isteyen ilgililere telefon numaran\u0131z\u0131\/e-posta adresinizi verebilir miyiz?Evet, ancak l\u00fctfen yaln\u0131zca XXXXXXX* e-posta adresini kullan\u0131n. Kesinlikle cevap verece\u011fim. *swisslasik.ch hastalar\u0131 i\u00e7in veri koruma. E-posta adresi talep \u00fczerine verilecektir.____Admin forum.swisslasik.ch<\/p>\n","protected":false},"author":4,"featured_media":0,"parent":4933,"menu_order":0,"comment_status":"closed","ping_status":"closed","template":"","meta":{"_joinchat":[],"footnotes":""},"class_list":["post-4963","page","type-page","status-publish","hentry"],"acf":[],"_links":{"self":[{"href":"https:\/\/medicaltravel.ch\/tr\/wp-json\/wp\/v2\/pages\/4963","targetHints":{"allow":["GET"]}}],"collection":[{"href":"https:\/\/medicaltravel.ch\/tr\/wp-json\/wp\/v2\/pages"}],"about":[{"href":"https:\/\/medicaltravel.ch\/tr\/wp-json\/wp\/v2\/types\/page"}],"author":[{"embeddable":true,"href":"https:\/\/medicaltravel.ch\/tr\/wp-json\/wp\/v2\/users\/4"}],"replies":[{"embeddable":true,"href":"https:\/\/medicaltravel.ch\/tr\/wp-json\/wp\/v2\/comments?post=4963"}],"version-history":[{"count":1,"href":"https:\/\/medicaltravel.ch\/tr\/wp-json\/wp\/v2\/pages\/4963\/revisions"}],"predecessor-version":[{"id":4964,"href":"https:\/\/medicaltravel.ch\/tr\/wp-json\/wp\/v2\/pages\/4963\/revisions\/4964"}],"up":[{"embeddable":true,"href":"https:\/\/medicaltravel.ch\/tr\/wp-json\/wp\/v2\/pages\/4933"}],"wp:attachment":[{"href":"https:\/\/medicaltravel.ch\/tr\/wp-json\/wp\/v2\/media?parent=4963"}],"curies":[{"name":"wp","href":"https:\/\/api.w.org\/{rel}","templated":true}]}}