{"id":4973,"date":"2025-09-17T07:45:10","date_gmt":"2025-09-17T06:45:10","guid":{"rendered":"https:\/\/medicaltravel.ch\/dentalreisen\/hizmet-yelpazesi\/"},"modified":"2026-01-03T19:06:58","modified_gmt":"2026-01-03T18:06:58","slug":"hizmet-yelpazesi","status":"publish","type":"page","link":"https:\/\/medicaltravel.ch\/tr\/disci-gezileri\/hizmet-yelpazesi\/","title":{"rendered":"Hizmet yelpazesi"},"content":{"rendered":"\t\t<div data-elementor-type=\"wp-page\" data-elementor-id=\"4973\" class=\"elementor elementor-4973 elementor-32\" data-elementor-post-type=\"page\">\n\t\t\t\t<div class=\"elementor-element elementor-element-2cbe9331 e-flex e-con-boxed wpr-particle-no wpr-jarallax-no wpr-parallax-no wpr-sticky-section-no wpr-equal-height-no e-con e-parent\" data-id=\"2cbe9331\" data-element_type=\"container\" data-e-type=\"container\">\n\t\t\t\t\t<div class=\"e-con-inner\">\n\t\t<div class=\"elementor-element elementor-element-ce2d195 e-con-full e-flex wpr-particle-no wpr-jarallax-no wpr-parallax-no wpr-sticky-section-no wpr-equal-height-no e-con e-child\" data-id=\"ce2d195\" data-element_type=\"container\" data-e-type=\"container\">\n\t\t\t\t<div class=\"elementor-element elementor-element-c84690b elementor-widget elementor-widget-button\" data-id=\"c84690b\" data-element_type=\"widget\" data-e-type=\"widget\" data-widget_type=\"button.default\">\n\t\t\t\t\t\t\t\t\t\t<a class=\"elementor-button elementor-button-link elementor-size-sm\" href=\"https:\/\/medicaltravel.ch\/zahnimplantate\/leistungsspektrum\/zahnimplantate\/\">\n\t\t\t\t\t\t<span class=\"elementor-button-content-wrapper\">\n\t\t\t\t\t\t\t\t\t<span class=\"elementor-button-text\">\u0130mplantlar<\/span>\n\t\t\t\t\t<\/span>\n\t\t\t\t\t<\/a>\n\t\t\t\t\t\t\t\t<\/div>\n\t\t\t\t<div class=\"elementor-element elementor-element-76f870e elementor-widget elementor-widget-button\" data-id=\"76f870e\" data-element_type=\"widget\" data-e-type=\"widget\" data-widget_type=\"button.default\">\n\t\t\t\t\t\t\t\t\t\t<a class=\"elementor-button elementor-button-link elementor-size-sm\" href=\"https:\/\/medicaltravel.ch\/zahnimplantate\/leistungsspektrum\/zahnprothesen\/\">\n\t\t\t\t\t\t<span class=\"elementor-button-content-wrapper\">\n\t\t\t\t\t\t\t\t\t<span class=\"elementor-button-text\">Protezler<\/span>\n\t\t\t\t\t<\/span>\n\t\t\t\t\t<\/a>\n\t\t\t\t\t\t\t\t<\/div>\n\t\t\t\t<div class=\"elementor-element elementor-element-94d9685 elementor-widget elementor-widget-button\" data-id=\"94d9685\" data-element_type=\"widget\" data-e-type=\"widget\" data-widget_type=\"button.default\">\n\t\t\t\t\t\t\t\t\t\t<a class=\"elementor-button elementor-button-link elementor-size-sm\" href=\"https:\/\/medicaltravel.ch\/zahnimplantate\/zahnkliniken\/zahnklinik-in-antalya\/\">\n\t\t\t\t\t\t<span class=\"elementor-button-content-wrapper\">\n\t\t\t\t\t\t\t\t\t<span class=\"elementor-button-text\">Kaplamalar \u2013 Beyazlatma<\/span>\n\t\t\t\t\t<\/span>\n\t\t\t\t\t<\/a>\n\t\t\t\t\t\t\t\t<\/div>\n\t\t\t\t<div class=\"elementor-element elementor-element-083bc9d elementor-widget elementor-widget-button\" data-id=\"083bc9d\" data-element_type=\"widget\" data-e-type=\"widget\" data-widget_type=\"button.default\">\n\t\t\t\t\t\t\t\t\t\t<a class=\"elementor-button elementor-button-link elementor-size-sm\" href=\"https:\/\/medicaltravel.ch\/zahnimplantate\/leistungsspektrum\/kronen-und-brucken\/\">\n\t\t\t\t\t\t<span class=\"elementor-button-content-wrapper\">\n\t\t\t\t\t\t\t\t\t<span class=\"elementor-button-text\">Kronlar ve k\u00f6pr\u00fcler<\/span>\n\t\t\t\t\t<\/span>\n\t\t\t\t\t<\/a>\n\t\t\t\t\t\t\t\t<\/div>\n\t\t\t\t<div class=\"elementor-element elementor-element-e823754 elementor-widget elementor-widget-button\" data-id=\"e823754\" data-element_type=\"widget\" data-e-type=\"widget\" data-widget_type=\"button.default\">\n\t\t\t\t\t\t\t\t\t\t<a class=\"elementor-button elementor-button-link elementor-size-sm\" href=\"https:\/\/medicaltravel.ch\/zahnimplantate\/leistungsspektrum\/zahnspange-tuerkei-istanbul\/\">\n\t\t\t\t\t\t<span class=\"elementor-button-content-wrapper\">\n\t\t\t\t\t\t\t\t\t<span class=\"elementor-button-text\">di\u015f telleri<\/span>\n\t\t\t\t\t<\/span>\n\t\t\t\t\t<\/a>\n\t\t\t\t\t\t\t\t<\/div>\n\t\t\t\t<\/div>\n\t\t\t\t<div class=\"elementor-element elementor-element-4b024b41 elementor-widget elementor-widget-text-editor\" data-id=\"4b024b41\" data-element_type=\"widget\" data-e-type=\"widget\" data-widget_type=\"text-editor.default\">\n\t\t\t\t\t\t\t\t\t\n<h2 class=\"wp-block-heading\">SUNULAN H\u0130ZMETLER &#8211; \u0130STANBUL D\u0130\u015e HEK\u0130ML\u0130\u011e\u0130<\/h2>\n\n<p>Burada, T\u00fcrkiye&#8217;deki di\u015f kliniklerinde her zamanki gibi birinci s\u0131n\u0131f kalitede ger\u00e7ekle\u015ftirilebilecek di\u015f tedavileri hakk\u0131nda kapsaml\u0131 bilgiler bulacaks\u0131n\u0131z.<\/p>\n\n<p><strong>Di\u015f implantlar\u0131<\/strong><\/p>\n\n<p>A\u011f\u0131z i\u00e7i implantasyon, yapay di\u015f k\u00f6klerinin \u00e7ene kemi\u011fine yerle\u015ftirilmesi anlam\u0131na gelir. \u0130yile\u015fme sonras\u0131nda, bu k\u00f6kler yapay di\u015f protezlerini (kuronlar, k\u00f6pr\u00fcler veya takma di\u015fler) sabitlemek i\u00e7in kullan\u0131l\u0131r. <br>\u0130mplantlar, \u00e7ene kemi\u011fi taraf\u0131ndan tahri\u015fe neden olmadan iyi tolere edilen biyouyumlu malzemelerden (titanyum) yap\u0131lm\u0131\u015ft\u0131r. \u00c7ene kemi\u011finde 10 y\u0131l veya daha uzun s\u00fcre kalabilirler.  Ancak her bireysel durum i\u00e7in garanti verilemez. \u0130mplantlar\u0131n a\u011f\u0131rl\u0131k ta\u015f\u0131yabilmesi i\u00e7in genellikle birka\u00e7 ayl\u0131k bir iyile\u015fme s\u00fcresi gereklidir. \u0130mplant tipi, \u00f6zel durumunuza ve mevcut \u00e7ene kemi\u011fi yap\u0131n\u0131za (\u00f6l\u00e7\u00fcler vb.) g\u00f6re se\u00e7ilir.  <\/p>\n\n<p><a href=\"https:\/\/medicaltravel.ch\/zahnimplantate\/leistungsspektrum\/zahnimplantate\/\" data-type=\"page\" data-id=\"34\">Di\u015f implantlar\u0131 hakk\u0131nda<\/a> daha fazla bilgiye buradan ula\u015fabilirsiniz.<\/p>\n\n<figure class=\"wp-block-image size-full\"><img fetchpriority=\"high\" decoding=\"async\" width=\"768\" height=\"486\" class=\"wp-image-289\" src=\"https:\/\/medicaltravel.ch\/wp-content\/uploads\/2025\/09\/dentalimplants-768x486-1.jpg\" alt=\"\" srcset=\"https:\/\/medicaltravel.ch\/wp-content\/uploads\/2025\/09\/dentalimplants-768x486-1.jpg 768w, https:\/\/medicaltravel.ch\/wp-content\/uploads\/2025\/09\/dentalimplants-768x486-1-300x190.jpg 300w\" sizes=\"(max-width: 768px) 100vw, 768px\" \/><\/figure>\n\n<p id=\"caption-attachment-7125\">Di\u015f implantlar\u0131 \u2013 neredeyse kendi di\u015fleriniz gibi hissettirir.<\/p>\n\n<p><strong>ta\u00e7<\/strong><\/p>\n\n<p>Derin \u00e7\u00fcr\u00fckler di\u015fin ta\u00e7 k\u0131sm\u0131n\u0131n \u00f6nemli \u00f6l\u00e7\u00fcde kayb\u0131na yol a\u00e7m\u0131\u015fsa veya bir kaza sonucu hasar meydana gelmi\u015fse, di\u015fi dolgu ile onarmak genellikle art\u0131k m\u00fcmk\u00fcn de\u011fildir. Di\u015fin i\u00e7ine sabitlenen dolgunun aksine, ta\u00e7, di\u015fin a\u011f\u0131z bo\u015flu\u011funa do\u011fru uzanan k\u0131sm\u0131n\u0131n bir b\u00f6l\u00fcm\u00fcn\u00fc veya tamam\u0131n\u0131 kaplayarak \u015feklini ve yeterli stabilitesini geri kazand\u0131r\u0131r; g\u00f6r\u00fcn\u00fcr alanda ise neredeyse do\u011fal bir g\u00f6r\u00fcn\u00fcm sa\u011flar. <\/p>\n\n<p><a href=\"https:\/\/medicaltravel.ch\/zahnimplantate\/leistungsspektrum\/kronen-und-brucken\/\" data-type=\"page\" data-id=\"40\">Kronlar hakk\u0131nda<\/a> daha fazla bilgiye buradan ula\u015fabilirsiniz.<\/p>\n\n<p><strong>K\u00f6pr\u00fcler<\/strong><\/p>\n\n<p>Di\u015f dizisinde bo\u015fluklar varsa, \u00e7i\u011fneme fonksiyonunun tam olarak geri kazan\u0131lmas\u0131, g\u00f6r\u00fcn\u00fcr alanda estetik bir g\u00f6r\u00fcn\u00fcm elde edilmesi ve konu\u015fma fonksiyonunun d\u00fczg\u00fcn bir \u015fekilde yerine getirilebilmesi i\u00e7in m\u00fcmk\u00fcnse bu bo\u015fluklar\u0131n kapat\u0131lmas\u0131 gerekir.<\/p>\n\n<p><a href=\"https:\/\/medicaltravel.ch\/zahnimplantate\/leistungsspektrum\/kronen-und-brucken\/\" data-type=\"page\" data-id=\"40\">K\u00f6pr\u00fcler hakk\u0131nda<\/a> daha fazla bilgiye buradan ula\u015fabilirsiniz.<\/p>\n\n<p><strong>Protezler<\/strong><\/p>\n\n<p>Protezler k\u0131smi protezler ve tam protezler olmak \u00fczere ikiye ayr\u0131l\u0131r.<\/p>\n\n<ul class=\"wp-block-list\">\n<li>K\u0131smi protezler<\/li>\n\n<li>Tam protezler<\/li>\n<\/ul>\n\n<p>Protezler hakk\u0131nda daha fazla bilgiye buradan ula\u015fabilirsiniz.<\/p>\n\n<p><strong>Estetik i\u015flemler<\/strong><\/p>\n\n<ul class=\"wp-block-list\">\n<li>Kaplamalar<\/li>\n<\/ul>\n\n<p>Bir\u00e7ok hastam\u0131z\u0131n dile\u011fi kusursuz, g\u00fczel ve beyaz di\u015flerdir. Biz bunu ger\u00e7e\u011fe d\u00f6n\u00fc\u015ft\u00fcr\u00fcyoruz. Di\u015f kaplamalar\u0131na nazik bir alternatif olan porselen kaplamalarla.  <\/p>\n\n<ul class=\"wp-block-list\">\n<li>Di\u015f beyazlatma (a\u011fartma): I\u015f\u0131lt\u0131l\u0131 bir g\u00fcl\u00fcmseme i\u00e7in<\/li>\n<\/ul>\n\n<p>Di\u015f renginin ki\u015fiden ki\u015fiye farkl\u0131 olmas\u0131n\u0131n nedeni, di\u015flerdeki protein tabakas\u0131n\u0131n yo\u011funlu\u011fudur. G\u00fcn\u00fcm\u00fczde en s\u0131k g\u00f6r\u00fclen durum, ya\u015fla birlikte olu\u015fan di\u015f rengindeki de\u011fi\u015fikliklerdir. Bunun yan\u0131 s\u0131ra di\u015f renginin de\u011fi\u015fmesine yol a\u00e7an di\u011fer etkenler \u015funlard\u0131r: renklendirici i\u00e7eren i\u00e7eceklerin t\u00fcketimi (kahve, \u00e7ay, kola vb.), sigara kullan\u0131m\u0131, di\u015flerde travma, eski protezler, veneerler ve amalgam dolgular. Uzun s\u00fcreli antibiyotik kullan\u0131m\u0131 (\u00f6rne\u011fin tetrasiklinler) ve a\u015f\u0131r\u0131 flor t\u00fcketimi de di\u015f renginin de\u011fi\u015fmesine neden olabilir.   <\/p>\n\n<p><a href=\"https:\/\/medicaltravel.ch\/zahnimplantate\/leistungsspektrum\/veneers-tuerkei-istanbul-2\/\" data-type=\"page\" data-id=\"291\">Estetik i\u015flemler hakk\u0131nda<\/a> daha fazla bilgiye buradan ula\u015fabilirsiniz.<\/p>\n\t\t\t\t\t\t\t\t<\/div>\n\t\t\t\t\t<\/div>\n\t\t\t\t<\/div>\n\t\t\t\t<\/div>\n\t\t","protected":false},"excerpt":{"rendered":"<p>\u0130mplantlar Protezler Kaplamalar \u2013 Beyazlatma Kronlar ve k\u00f6pr\u00fcler di\u015f telleri SUNULAN H\u0130ZMETLER &#8211; \u0130STANBUL D\u0130\u015e HEK\u0130ML\u0130\u011e\u0130 Burada, T\u00fcrkiye&#8217;deki di\u015f kliniklerinde her zamanki gibi birinci s\u0131n\u0131f kalitede ger\u00e7ekle\u015ftirilebilecek di\u015f tedavileri hakk\u0131nda kapsaml\u0131 bilgiler bulacaks\u0131n\u0131z. Di\u015f implantlar\u0131 A\u011f\u0131z i\u00e7i implantasyon, yapay di\u015f k\u00f6klerinin \u00e7ene kemi\u011fine yerle\u015ftirilmesi anlam\u0131na gelir. \u0130yile\u015fme sonras\u0131nda, bu k\u00f6kler yapay di\u015f protezlerini (kuronlar, k\u00f6pr\u00fcler veya takma di\u015fler) sabitlemek i\u00e7in kullan\u0131l\u0131r. \u0130mplantlar, \u00e7ene kemi\u011fi taraf\u0131ndan tahri\u015fe neden olmadan iyi tolere edilen biyouyumlu malzemelerden (titanyum) yap\u0131lm\u0131\u015ft\u0131r. \u00c7ene kemi\u011finde 10 y\u0131l veya daha uzun s\u00fcre kalabilirler. Ancak her bireysel durum i\u00e7in garanti verilemez. \u0130mplantlar\u0131n a\u011f\u0131rl\u0131k ta\u015f\u0131yabilmesi i\u00e7in genellikle birka\u00e7 ayl\u0131k bir iyile\u015fme s\u00fcresi gereklidir. \u0130mplant tipi, \u00f6zel durumunuza ve mevcut \u00e7ene kemi\u011fi yap\u0131n\u0131za (\u00f6l\u00e7\u00fcler vb.) g\u00f6re se\u00e7ilir. Di\u015f implantlar\u0131 hakk\u0131nda daha fazla bilgiye buradan ula\u015fabilirsiniz. Di\u015f implantlar\u0131 \u2013 neredeyse kendi di\u015fleriniz gibi hissettirir. ta\u00e7 Derin \u00e7\u00fcr\u00fckler di\u015fin ta\u00e7 k\u0131sm\u0131n\u0131n \u00f6nemli \u00f6l\u00e7\u00fcde kayb\u0131na yol a\u00e7m\u0131\u015fsa veya bir kaza sonucu hasar meydana gelmi\u015fse, di\u015fi dolgu ile onarmak genellikle art\u0131k m\u00fcmk\u00fcn de\u011fildir. Di\u015fin i\u00e7ine sabitlenen dolgunun aksine, ta\u00e7, di\u015fin a\u011f\u0131z bo\u015flu\u011funa do\u011fru uzanan k\u0131sm\u0131n\u0131n bir b\u00f6l\u00fcm\u00fcn\u00fc veya tamam\u0131n\u0131 kaplayarak \u015feklini ve yeterli stabilitesini geri kazand\u0131r\u0131r; g\u00f6r\u00fcn\u00fcr alanda ise neredeyse do\u011fal bir g\u00f6r\u00fcn\u00fcm sa\u011flar. Kronlar hakk\u0131nda daha fazla bilgiye buradan ula\u015fabilirsiniz. K\u00f6pr\u00fcler Di\u015f dizisinde bo\u015fluklar varsa, \u00e7i\u011fneme fonksiyonunun tam olarak geri kazan\u0131lmas\u0131, g\u00f6r\u00fcn\u00fcr alanda estetik bir g\u00f6r\u00fcn\u00fcm elde edilmesi ve konu\u015fma fonksiyonunun d\u00fczg\u00fcn bir \u015fekilde yerine getirilebilmesi i\u00e7in m\u00fcmk\u00fcnse bu bo\u015fluklar\u0131n kapat\u0131lmas\u0131 gerekir. K\u00f6pr\u00fcler hakk\u0131nda daha fazla bilgiye buradan ula\u015fabilirsiniz. Protezler Protezler k\u0131smi protezler ve tam protezler olmak \u00fczere ikiye ayr\u0131l\u0131r. K\u0131smi protezler Tam protezler Protezler hakk\u0131nda daha fazla bilgiye buradan ula\u015fabilirsiniz. Estetik i\u015flemler Kaplamalar Bir\u00e7ok hastam\u0131z\u0131n dile\u011fi kusursuz, g\u00fczel ve beyaz di\u015flerdir. Biz bunu ger\u00e7e\u011fe d\u00f6n\u00fc\u015ft\u00fcr\u00fcyoruz. Di\u015f kaplamalar\u0131na nazik bir alternatif olan porselen kaplamalarla. Di\u015f beyazlatma (a\u011fartma): I\u015f\u0131lt\u0131l\u0131 bir g\u00fcl\u00fcmseme i\u00e7in Di\u015f renginin ki\u015fiden ki\u015fiye farkl\u0131 olmas\u0131n\u0131n nedeni, di\u015flerdeki protein tabakas\u0131n\u0131n yo\u011funlu\u011fudur. G\u00fcn\u00fcm\u00fczde en s\u0131k g\u00f6r\u00fclen durum, ya\u015fla birlikte olu\u015fan di\u015f rengindeki de\u011fi\u015fikliklerdir. Bunun yan\u0131 s\u0131ra di\u015f renginin de\u011fi\u015fmesine yol a\u00e7an di\u011fer etkenler \u015funlard\u0131r: renklendirici i\u00e7eren i\u00e7eceklerin t\u00fcketimi (kahve, \u00e7ay, kola vb.), sigara kullan\u0131m\u0131, di\u015flerde travma, eski protezler, veneerler ve amalgam dolgular. Uzun s\u00fcreli antibiyotik kullan\u0131m\u0131 (\u00f6rne\u011fin tetrasiklinler) ve a\u015f\u0131r\u0131 flor t\u00fcketimi de di\u015f renginin de\u011fi\u015fmesine neden olabilir. Estetik i\u015flemler hakk\u0131nda daha fazla bilgiye buradan ula\u015fabilirsiniz.<\/p>\n","protected":false},"author":4,"featured_media":0,"parent":4971,"menu_order":0,"comment_status":"closed","ping_status":"closed","template":"","meta":{"_joinchat":[],"footnotes":""},"class_list":["post-4973","page","type-page","status-publish","hentry"],"acf":[],"_links":{"self":[{"href":"https:\/\/medicaltravel.ch\/tr\/wp-json\/wp\/v2\/pages\/4973","targetHints":{"allow":["GET"]}}],"collection":[{"href":"https:\/\/medicaltravel.ch\/tr\/wp-json\/wp\/v2\/pages"}],"about":[{"href":"https:\/\/medicaltravel.ch\/tr\/wp-json\/wp\/v2\/types\/page"}],"author":[{"embeddable":true,"href":"https:\/\/medicaltravel.ch\/tr\/wp-json\/wp\/v2\/users\/4"}],"replies":[{"embeddable":true,"href":"https:\/\/medicaltravel.ch\/tr\/wp-json\/wp\/v2\/comments?post=4973"}],"version-history":[{"count":0,"href":"https:\/\/medicaltravel.ch\/tr\/wp-json\/wp\/v2\/pages\/4973\/revisions"}],"up":[{"embeddable":true,"href":"https:\/\/medicaltravel.ch\/tr\/wp-json\/wp\/v2\/pages\/4971"}],"wp:attachment":[{"href":"https:\/\/medicaltravel.ch\/tr\/wp-json\/wp\/v2\/media?parent=4973"}],"curies":[{"name":"wp","href":"https:\/\/api.w.org\/{rel}","templated":true}]}}