{"id":4977,"date":"2025-09-17T08:57:16","date_gmt":"2025-09-17T07:57:16","guid":{"rendered":"https:\/\/medicaltravel.ch\/dentalreisen\/hizmet-yelpazesi\/sac-ekimi-hakkinda-sikca-sorulan-sorular\/"},"modified":"2026-01-03T19:17:19","modified_gmt":"2026-01-03T18:17:19","slug":"sac-ekimi-hakkinda-sikca-sorulan-sorular","status":"publish","type":"page","link":"https:\/\/medicaltravel.ch\/tr\/disci-gezileri\/hizmet-yelpazesi\/sac-ekimi-hakkinda-sikca-sorulan-sorular\/","title":{"rendered":"Sa\u00e7 Ekimi Hakk\u0131nda S\u0131k\u00e7a Sorulan Sorular"},"content":{"rendered":"\t\t<div data-elementor-type=\"wp-page\" data-elementor-id=\"4977\" class=\"elementor elementor-4977 elementor-137\" data-elementor-post-type=\"page\">\n\t\t\t\t<div class=\"elementor-element elementor-element-4341f5ad e-flex e-con-boxed wpr-particle-no wpr-jarallax-no wpr-parallax-no wpr-sticky-section-no wpr-equal-height-no e-con e-parent\" data-id=\"4341f5ad\" data-element_type=\"container\" data-e-type=\"container\">\n\t\t\t\t\t<div class=\"e-con-inner\">\n\t\t<div class=\"elementor-element elementor-element-55264a7 e-con-full e-flex wpr-particle-no wpr-jarallax-no wpr-parallax-no wpr-sticky-section-no wpr-equal-height-no e-con e-child\" data-id=\"55264a7\" data-element_type=\"container\" data-e-type=\"container\">\n\t\t\t\t<div class=\"elementor-element elementor-element-0f0a299 elementor-widget elementor-widget-button\" data-id=\"0f0a299\" data-element_type=\"widget\" data-e-type=\"widget\" data-widget_type=\"button.default\">\n\t\t\t\t\t\t\t\t\t\t<a class=\"elementor-button elementor-button-link elementor-size-sm\" href=\"https:\/\/medicaltravel.ch\/haartransplantation\/leistungsspektrum\/turkei-istanbul-fue-fuer-maenner\/\">\n\t\t\t\t\t\t<span class=\"elementor-button-content-wrapper\">\n\t\t\t\t\t\t\t\t\t<span class=\"elementor-button-text\">Erkekler i\u00e7in FUE<\/span>\n\t\t\t\t\t<\/span>\n\t\t\t\t\t<\/a>\n\t\t\t\t\t\t\t\t<\/div>\n\t\t\t\t<div class=\"elementor-element elementor-element-ecf4956 elementor-widget elementor-widget-button\" data-id=\"ecf4956\" data-element_type=\"widget\" data-e-type=\"widget\" data-widget_type=\"button.default\">\n\t\t\t\t\t\t\t\t\t\t<a class=\"elementor-button elementor-button-link elementor-size-sm\" href=\"https:\/\/medicaltravel.ch\/haartransplantation\/leistungsspektrum\/dhi_istanbul\/\">\n\t\t\t\t\t\t<span class=\"elementor-button-content-wrapper\">\n\t\t\t\t\t\t\t\t\t<span class=\"elementor-button-text\">Y\u00f6ntem<\/span>\n\t\t\t\t\t<\/span>\n\t\t\t\t\t<\/a>\n\t\t\t\t\t\t\t\t<\/div>\n\t\t\t\t<div class=\"elementor-element elementor-element-ff661c3 elementor-widget elementor-widget-button\" data-id=\"ff661c3\" data-element_type=\"widget\" data-e-type=\"widget\" data-widget_type=\"button.default\">\n\t\t\t\t\t\t\t\t\t\t<a class=\"elementor-button elementor-button-link elementor-size-sm\" href=\"https:\/\/medicaltravel.ch\/haartransplantation\/leistungsspektrum\/long-to-long-hair-turkei\/\">\n\t\t\t\t\t\t<span class=\"elementor-button-content-wrapper\">\n\t\t\t\t\t\t\t\t\t<span class=\"elementor-button-text\">Longtolong<\/span>\n\t\t\t\t\t<\/span>\n\t\t\t\t\t<\/a>\n\t\t\t\t\t\t\t\t<\/div>\n\t\t\t\t<div class=\"elementor-element elementor-element-46f3de2 elementor-widget elementor-widget-button\" data-id=\"46f3de2\" data-element_type=\"widget\" data-e-type=\"widget\" data-widget_type=\"button.default\">\n\t\t\t\t\t\t\t\t\t\t<a class=\"elementor-button elementor-button-link elementor-size-sm\" href=\"https:\/\/medicaltravel.ch\/haartransplantation\/leistungsspektrum\/turkei-istanbul-fue-fuer-frauen\/\">\n\t\t\t\t\t\t<span class=\"elementor-button-content-wrapper\">\n\t\t\t\t\t\t\t\t\t<span class=\"elementor-button-text\">Kad\u0131nlar i\u00e7in FUE<\/span>\n\t\t\t\t\t<\/span>\n\t\t\t\t\t<\/a>\n\t\t\t\t\t\t\t\t<\/div>\n\t\t\t\t<div class=\"elementor-element elementor-element-2ab6eac elementor-widget elementor-widget-button\" data-id=\"2ab6eac\" data-element_type=\"widget\" data-e-type=\"widget\" data-widget_type=\"button.default\">\n\t\t\t\t\t\t\t\t\t\t<a class=\"elementor-button elementor-button-link elementor-size-sm\" href=\"https:\/\/medicaltravel.ch\/haartransplantation\/leistungsspektrum\/turkei-istanbul-fue-fuer-maenner\/\">\n\t\t\t\t\t\t<span class=\"elementor-button-content-wrapper\">\n\t\t\t\t\t\t\t\t\t<span class=\"elementor-button-text\">Ek hizmetler<\/span>\n\t\t\t\t\t<\/span>\n\t\t\t\t\t<\/a>\n\t\t\t\t\t\t\t\t<\/div>\n\t\t\t\t<div class=\"elementor-element elementor-element-2796749 elementor-widget elementor-widget-button\" data-id=\"2796749\" data-element_type=\"widget\" data-e-type=\"widget\" data-widget_type=\"button.default\">\n\t\t\t\t\t\t\t\t\t\t<a class=\"elementor-button elementor-button-link elementor-size-sm\" href=\"https:\/\/medicaltravel.ch\/haartransplantation\/leistungsspektrum\/turkei-istanbul-augenbrauenpflanzung\/\">\n\t\t\t\t\t\t<span class=\"elementor-button-content-wrapper\">\n\t\t\t\t\t\t\t\t\t<span class=\"elementor-button-text\">Ka\u015f ekimi<\/span>\n\t\t\t\t\t<\/span>\n\t\t\t\t\t<\/a>\n\t\t\t\t\t\t\t\t<\/div>\n\t\t\t\t<div class=\"elementor-element elementor-element-8644bf1 elementor-widget elementor-widget-button\" data-id=\"8644bf1\" data-element_type=\"widget\" data-e-type=\"widget\" data-widget_type=\"button.default\">\n\t\t\t\t\t\t\t\t\t\t<a class=\"elementor-button elementor-button-link elementor-size-sm\" href=\"https:\/\/medicaltravel.ch\/tr\/dentalreisen\/hizmet-yelpazesi\/sac-ekimi-hakkinda-sikca-sorulan-sorular\/\">\n\t\t\t\t\t\t<span class=\"elementor-button-content-wrapper\">\n\t\t\t\t\t\t\t\t\t<span class=\"elementor-button-text\">S\u0131k\u00e7a Sorulan Sorular<\/span>\n\t\t\t\t\t<\/span>\n\t\t\t\t\t<\/a>\n\t\t\t\t\t\t\t\t<\/div>\n\t\t\t\t<\/div>\n\t\t\t\t<div class=\"elementor-element elementor-element-4571ceaa elementor-widget elementor-widget-text-editor\" data-id=\"4571ceaa\" data-element_type=\"widget\" data-e-type=\"widget\" data-widget_type=\"text-editor.default\">\n\t\t\t\t\t\t\t\t\t\n<h2 class=\"wp-block-heading\">SSS SA\u00c7 RANSI PLANTASYONU<\/h2>\n\n<h3 class=\"wp-block-heading\">SIK\u00c7A SORULAN SORULAR<\/h3>\n\n<p><strong>Sa\u00e7 ekiminden \u00f6nce<\/strong><\/p>\n\n<ul class=\"wp-block-list\">\n<li>Sa\u00e7 d\u00f6k\u00fclmesi ila\u00e7lar\u0131, vitaminler ve aspirin gibi d\u00fczenli olarak kulland\u0131\u011f\u0131n\u0131z ila\u00e7lar\u0131 i\u015flemden 15 g\u00fcn \u00f6nce b\u0131rak\u0131n.<\/li>\n\n<li>\u0130\u015flemden 3 g\u00fcn \u00f6nce alkolden uzak durun.<\/li>\n\n<li>\u0130\u015flemden \u00f6nce yeterince uyudu\u011funuzdan emin olun ve randevunuza dinlenmi\u015f bir \u015fekilde gelin.<\/li>\n\n<li>\u0130\u015flemin yap\u0131laca\u011f\u0131 sabah hafif bir kahvalt\u0131 yap\u0131n.<\/li>\n\n<li>Sa\u00e7 ekimi i\u015fleminden sonra y\u00fcz\u00fck veya kolye gibi t\u00fcm metal ki\u015fisel e\u015fyalar\u0131n\u0131z\u0131 \u00e7\u0131kar\u0131n.<\/li>\n\n<li>\u015eapka getirin. Ancak, bere gibi ba\u015fa yap\u0131\u015f\u0131k duran ba\u015fl\u0131klar tavsiye edilmez. <\/li>\n\n<li>\u0130\u015flemden sonra giymesi kolay k\u0131yafetler giyin.<\/li>\n\n<li>\u0130\u015flemden sonraki 3 g\u00fcn boyunca alkol t\u00fcketimi kesinlikle yasakt\u0131r.<\/li>\n\n<li>\u0130\u015flemden sonraki 15 g\u00fcn boyunca yorucu fiziksel aktiviteden ka\u00e7\u0131n\u0131n.<\/li>\n\n<li>\u0130\u015flemden sonra e\u011filmekten ka\u00e7\u0131n\u0131n (\u00f6rne\u011fin, ayakkab\u0131lar\u0131n\u0131z\u0131 ba\u011flamak i\u00e7in).<\/li>\n<\/ul>\n\n<p><strong>\u0130\u015flem sonras\u0131 sa\u00e7 y\u0131kamak<\/strong><\/p>\n\n<ul class=\"wp-block-list\">\n<li>Doktorunuzun \u00f6nerdi\u011fi losyonu dikkatlice ancak nazik\u00e7e nakledilen b\u00f6lgelere uygulay\u0131n.<\/li>\n\n<li>Losyonu bir saat boyunca sa\u00e7\u0131n\u0131zda bekletin, ard\u0131ndan doktorunuzun \u00f6nerdi\u011fi \u015fampuanla y\u0131kay\u0131n.<\/li>\n\n<li>Sa\u00e7\u0131n\u0131z\u0131 havluyla iyice s\u0131karak kurulay\u0131n.<\/li>\n\n<li>Bu y\u0131kama rutinini on g\u00fcn boyunca uygulay\u0131n.<\/li>\n\n<li>On g\u00fcn sonra losyon uygulamas\u0131na son verilebilir. Doktorun \u00f6nerdi\u011fi \u015fampuana ise devam edilmelidir. <\/li>\n<\/ul>\n\n<figure class=\"wp-block-image size-full\"><img fetchpriority=\"high\" decoding=\"async\" width=\"457\" height=\"200\" class=\"wp-image-488\" src=\"https:\/\/medicaltravel.ch\/wp-content\/uploads\/2025\/09\/Haufig-gestellten-Fragen-uber-Eigenhaarverpflanzungen.jpg\" alt=\"\" srcset=\"https:\/\/medicaltravel.ch\/wp-content\/uploads\/2025\/09\/Haufig-gestellten-Fragen-uber-Eigenhaarverpflanzungen.jpg 457w, https:\/\/medicaltravel.ch\/wp-content\/uploads\/2025\/09\/Haufig-gestellten-Fragen-uber-Eigenhaarverpflanzungen-300x131.jpg 300w\" sizes=\"(max-width: 457px) 100vw, 457px\" \/><\/figure>\n\n<p id=\"caption-attachment-682\">Sa\u00e7 ekimi hakk\u0131nda s\u0131k\u00e7a sorulan sorular<\/p>\n\n<p><strong>Sa\u00e7 ekimi ve kullan\u0131lan y\u00f6ntemler hakk\u0131nda s\u0131k\u00e7a sorulan sorular<\/strong><\/p>\n\n<p><em>Bu i\u015flem ne kadar s\u00fcr\u00fcyor?<\/em><br>Sa\u00e7 ekimi yap\u0131lacak b\u00f6lgenin b\u00fcy\u00fckl\u00fc\u011f\u00fcne, sa\u00e7 ve cilt yap\u0131s\u0131na ve kullan\u0131lan y\u00f6nteme ba\u011fl\u0131 olarak i\u015flem yakla\u015f\u0131k 4 ila 6 saat s\u00fcrer.<\/p>\n\n<p><em>Nakil i\u015flemi ac\u0131 verici midir?<\/em><br>Nakil i\u015flemi lokal anestezi alt\u0131nda yap\u0131l\u0131r ve i\u015flemin kendisi tamamen a\u011fr\u0131s\u0131zd\u0131r.<\/p>\n\n<p><em>Nakledilen sa\u00e7lar ger\u00e7ekten uzayacak m\u0131?<\/em><br>\u0130\u015flemden hemen sonra d\u0131\u015far\u0131 \u00e7\u0131kabilirsiniz. \u0130\u015flem sonras\u0131 ilk 2\u20133 g\u00fcn i\u00e7inde k\u00fc\u00e7\u00fck pembe lekeler g\u00f6r\u00fclebilir, ancak bunlar zamanla kaybolacakt\u0131r. Cildiniz bir hafta i\u00e7inde normale d\u00f6necek ve herhangi bir endi\u015fe duymadan d\u0131\u015far\u0131 \u00e7\u0131kabilirsiniz.  <\/p>\n\n<p>Transplant edilen sa\u00e7 yakla\u015f\u0131k 3 ay sonra g\u00f6r\u00fcn\u00fcr hale gelir ve yakla\u015f\u0131k 6 ay i\u00e7inde normal uzunlu\u011funa ula\u015f\u0131r.<\/p>\n\n<p><em>Ekilen sa\u00e7lar d\u00f6k\u00fclebilir mi?<\/em><br>Nakledilen sa\u00e7lar d\u00f6k\u00fclmez. Sa\u00e7 d\u00f6k\u00fclmesinden etkilenmeyen b\u00f6lgelerden al\u0131nan nakledilen sa\u00e7lar, orijinal b\u00f6lgesinin \u00f6zelliklerini korur. <\/p>\n\n<p><em>Sa\u00e7 ekimi yap\u0131ld\u0131\u011f\u0131n\u0131 anlayabiliyor musunuz?<\/em><br>Do\u011fru \u015fekilde nakledilen sa\u00e7, asla bir sa\u00e7 ekimi olarak fark edilmez. Bu, ekim ekibinin \u00e7ok deneyimli olmas\u0131 gerekti\u011fi anlam\u0131na gelir. Sa\u00e7 ekim y\u00f6ntemi, hastan\u0131n cilt ve sa\u00e7 yap\u0131s\u0131na ve ekim yap\u0131lacak b\u00f6lgelere ba\u011fl\u0131d\u0131r. Yani bu fakt\u00f6rlere \u00f6zellikle dikkat edilmelidir.   <\/p>\n\n<p>Ba\u015fka sorunuz var m\u0131? <a href=\"https:\/\/www.medicaltravel.ch\/kontakt\/\">Biz <\/a>sizinle <a href=\"https:\/\/medicaltravel.ch\/kontakt\/\" data-type=\"page\" data-id=\"225\">ileti\u015fime ge\u00e7meyi<\/a> d\u00f6rt g\u00f6zle bekliyoruz<a href=\"https:\/\/www.medicaltravel.ch\/kontakt\/\">.<\/a> <\/p>\n\t\t\t\t\t\t\t\t<\/div>\n\t\t\t\t\t<\/div>\n\t\t\t\t<\/div>\n\t\t\t\t<\/div>\n\t\t","protected":false},"excerpt":{"rendered":"<p>Erkekler i\u00e7in FUE Y\u00f6ntem Longtolong Kad\u0131nlar i\u00e7in FUE Ek hizmetler Ka\u015f ekimi S\u0131k\u00e7a Sorulan Sorular SSS SA\u00c7 RANSI PLANTASYONU SIK\u00c7A SORULAN SORULAR Sa\u00e7 ekiminden \u00f6nce Sa\u00e7 d\u00f6k\u00fclmesi ila\u00e7lar\u0131, vitaminler ve aspirin gibi d\u00fczenli olarak kulland\u0131\u011f\u0131n\u0131z ila\u00e7lar\u0131 i\u015flemden 15 g\u00fcn \u00f6nce b\u0131rak\u0131n. \u0130\u015flemden 3 g\u00fcn \u00f6nce alkolden uzak durun. \u0130\u015flemden \u00f6nce yeterince uyudu\u011funuzdan emin olun ve randevunuza dinlenmi\u015f bir \u015fekilde gelin. \u0130\u015flemin yap\u0131laca\u011f\u0131 sabah hafif bir kahvalt\u0131 yap\u0131n. Sa\u00e7 ekimi i\u015fleminden sonra y\u00fcz\u00fck veya kolye gibi t\u00fcm metal ki\u015fisel e\u015fyalar\u0131n\u0131z\u0131 \u00e7\u0131kar\u0131n. \u015eapka getirin. Ancak, bere gibi ba\u015fa yap\u0131\u015f\u0131k duran ba\u015fl\u0131klar tavsiye edilmez. \u0130\u015flemden sonra giymesi kolay k\u0131yafetler giyin. \u0130\u015flemden sonraki 3 g\u00fcn boyunca alkol t\u00fcketimi kesinlikle yasakt\u0131r. \u0130\u015flemden sonraki 15 g\u00fcn boyunca yorucu fiziksel aktiviteden ka\u00e7\u0131n\u0131n. \u0130\u015flemden sonra e\u011filmekten ka\u00e7\u0131n\u0131n (\u00f6rne\u011fin, ayakkab\u0131lar\u0131n\u0131z\u0131 ba\u011flamak i\u00e7in). \u0130\u015flem sonras\u0131 sa\u00e7 y\u0131kamak Doktorunuzun \u00f6nerdi\u011fi losyonu dikkatlice ancak nazik\u00e7e nakledilen b\u00f6lgelere uygulay\u0131n. Losyonu bir saat boyunca sa\u00e7\u0131n\u0131zda bekletin, ard\u0131ndan doktorunuzun \u00f6nerdi\u011fi \u015fampuanla y\u0131kay\u0131n. Sa\u00e7\u0131n\u0131z\u0131 havluyla iyice s\u0131karak kurulay\u0131n. Bu y\u0131kama rutinini on g\u00fcn boyunca uygulay\u0131n. On g\u00fcn sonra losyon uygulamas\u0131na son verilebilir. Doktorun \u00f6nerdi\u011fi \u015fampuana ise devam edilmelidir. Sa\u00e7 ekimi hakk\u0131nda s\u0131k\u00e7a sorulan sorular Sa\u00e7 ekimi ve kullan\u0131lan y\u00f6ntemler hakk\u0131nda s\u0131k\u00e7a sorulan sorular Bu i\u015flem ne kadar s\u00fcr\u00fcyor?Sa\u00e7 ekimi yap\u0131lacak b\u00f6lgenin b\u00fcy\u00fckl\u00fc\u011f\u00fcne, sa\u00e7 ve cilt yap\u0131s\u0131na ve kullan\u0131lan y\u00f6nteme ba\u011fl\u0131 olarak i\u015flem yakla\u015f\u0131k 4 ila 6 saat s\u00fcrer. Nakil i\u015flemi ac\u0131 verici midir?Nakil i\u015flemi lokal anestezi alt\u0131nda yap\u0131l\u0131r ve i\u015flemin kendisi tamamen a\u011fr\u0131s\u0131zd\u0131r. Nakledilen sa\u00e7lar ger\u00e7ekten uzayacak m\u0131?\u0130\u015flemden hemen sonra d\u0131\u015far\u0131 \u00e7\u0131kabilirsiniz. \u0130\u015flem sonras\u0131 ilk 2\u20133 g\u00fcn i\u00e7inde k\u00fc\u00e7\u00fck pembe lekeler g\u00f6r\u00fclebilir, ancak bunlar zamanla kaybolacakt\u0131r. Cildiniz bir hafta i\u00e7inde normale d\u00f6necek ve herhangi bir endi\u015fe duymadan d\u0131\u015far\u0131 \u00e7\u0131kabilirsiniz. Transplant edilen sa\u00e7 yakla\u015f\u0131k 3 ay sonra g\u00f6r\u00fcn\u00fcr hale gelir ve yakla\u015f\u0131k 6 ay i\u00e7inde normal uzunlu\u011funa ula\u015f\u0131r. Ekilen sa\u00e7lar d\u00f6k\u00fclebilir mi?Nakledilen sa\u00e7lar d\u00f6k\u00fclmez. Sa\u00e7 d\u00f6k\u00fclmesinden etkilenmeyen b\u00f6lgelerden al\u0131nan nakledilen sa\u00e7lar, orijinal b\u00f6lgesinin \u00f6zelliklerini korur. Sa\u00e7 ekimi yap\u0131ld\u0131\u011f\u0131n\u0131 anlayabiliyor musunuz?Do\u011fru \u015fekilde nakledilen sa\u00e7, asla bir sa\u00e7 ekimi olarak fark edilmez. Bu, ekim ekibinin \u00e7ok deneyimli olmas\u0131 gerekti\u011fi anlam\u0131na gelir. Sa\u00e7 ekim y\u00f6ntemi, hastan\u0131n cilt ve sa\u00e7 yap\u0131s\u0131na ve ekim yap\u0131lacak b\u00f6lgelere ba\u011fl\u0131d\u0131r. Yani bu fakt\u00f6rlere \u00f6zellikle dikkat edilmelidir. Ba\u015fka sorunuz var m\u0131? Biz sizinle ileti\u015fime ge\u00e7meyi d\u00f6rt g\u00f6zle bekliyoruz.<\/p>\n","protected":false},"author":4,"featured_media":0,"parent":4973,"menu_order":0,"comment_status":"closed","ping_status":"closed","template":"","meta":{"_joinchat":[],"footnotes":""},"class_list":["post-4977","page","type-page","status-publish","hentry"],"acf":[],"_links":{"self":[{"href":"https:\/\/medicaltravel.ch\/tr\/wp-json\/wp\/v2\/pages\/4977","targetHints":{"allow":["GET"]}}],"collection":[{"href":"https:\/\/medicaltravel.ch\/tr\/wp-json\/wp\/v2\/pages"}],"about":[{"href":"https:\/\/medicaltravel.ch\/tr\/wp-json\/wp\/v2\/types\/page"}],"author":[{"embeddable":true,"href":"https:\/\/medicaltravel.ch\/tr\/wp-json\/wp\/v2\/users\/4"}],"replies":[{"embeddable":true,"href":"https:\/\/medicaltravel.ch\/tr\/wp-json\/wp\/v2\/comments?post=4977"}],"version-history":[{"count":0,"href":"https:\/\/medicaltravel.ch\/tr\/wp-json\/wp\/v2\/pages\/4977\/revisions"}],"up":[{"embeddable":true,"href":"https:\/\/medicaltravel.ch\/tr\/wp-json\/wp\/v2\/pages\/4973"}],"wp:attachment":[{"href":"https:\/\/medicaltravel.ch\/tr\/wp-json\/wp\/v2\/media?parent=4977"}],"curies":[{"name":"wp","href":"https:\/\/api.w.org\/{rel}","templated":true}]}}