{"id":4987,"date":"2025-09-17T07:55:23","date_gmt":"2025-09-17T06:55:23","guid":{"rendered":"https:\/\/medicaltravel.ch\/dentalreisen\/hizmet-yelpazesi\/kronen-und-bruecken-tuerkei-istanbul-antalya-izmir-kusadasi\/"},"modified":"2026-01-10T00:24:55","modified_gmt":"2026-01-09T23:24:55","slug":"kronlar-ve-kopruler-turkiye-istanbul-antalya-izmir-kusadasi","status":"publish","type":"page","link":"https:\/\/medicaltravel.ch\/tr\/disci-gezileri\/hizmet-yelpazesi\/kronlar-ve-kopruler-turkiye-istanbul-antalya-izmir-kusadasi\/","title":{"rendered":"Kronlar ve k\u00f6pr\u00fcler T\u00fcrkiye \u0130stanbul Antalya \u0130zmir Ku\u015fadas\u0131"},"content":{"rendered":"\t\t<div data-elementor-type=\"wp-page\" data-elementor-id=\"4987\" class=\"elementor elementor-4987 elementor-40\" data-elementor-post-type=\"page\">\n\t\t\t\t<div class=\"elementor-element elementor-element-18422aa1 e-flex e-con-boxed wpr-particle-no wpr-jarallax-no wpr-parallax-no wpr-sticky-section-no e-con e-parent\" data-id=\"18422aa1\" data-element_type=\"container\" data-e-type=\"container\">\n\t\t\t\t\t<div class=\"e-con-inner\">\n\t\t<div class=\"elementor-element elementor-element-79b753b e-con-full e-flex wpr-particle-no wpr-jarallax-no wpr-parallax-no wpr-sticky-section-no e-con e-child\" data-id=\"79b753b\" data-element_type=\"container\" data-e-type=\"container\">\n\t\t\t\t<div class=\"elementor-element elementor-element-e74d5bf elementor-widget elementor-widget-button\" data-id=\"e74d5bf\" data-element_type=\"widget\" data-e-type=\"widget\" data-widget_type=\"button.default\">\n\t\t\t\t\t\t\t\t\t\t<a class=\"elementor-button elementor-button-link elementor-size-sm\" href=\"https:\/\/medicaltravel.ch\/tr\/dentalreisen\/hizmet-yelpazesi\/dis-implantlari-tuerkiye-istanbul-antalya-izmir-bodrum-kusadasi\/\">\n\t\t\t\t\t\t<span class=\"elementor-button-content-wrapper\">\n\t\t\t\t\t\t\t\t\t<span class=\"elementor-button-text\">\u0130mplantlar<\/span>\n\t\t\t\t\t<\/span>\n\t\t\t\t\t<\/a>\n\t\t\t\t\t\t\t\t<\/div>\n\t\t\t\t<div class=\"elementor-element elementor-element-2cc5e96 elementor-widget elementor-widget-button\" data-id=\"2cc5e96\" data-element_type=\"widget\" data-e-type=\"widget\" data-widget_type=\"button.default\">\n\t\t\t\t\t\t\t\t\t\t<a class=\"elementor-button elementor-button-link elementor-size-sm\" href=\"https:\/\/medicaltravel.ch\/tr\/disci-gezileri\/hizmet-yelpazesi\/dis-protezleri-tuerkiye-istanbul-antalya-izmir-bodrum-kusadasi\/\">\n\t\t\t\t\t\t<span class=\"elementor-button-content-wrapper\">\n\t\t\t\t\t\t\t\t\t<span class=\"elementor-button-text\">Protezler<\/span>\n\t\t\t\t\t<\/span>\n\t\t\t\t\t<\/a>\n\t\t\t\t\t\t\t\t<\/div>\n\t\t\t\t<div class=\"elementor-element elementor-element-5285273 elementor-widget elementor-widget-button\" data-id=\"5285273\" data-element_type=\"widget\" data-e-type=\"widget\" data-widget_type=\"button.default\">\n\t\t\t\t\t\t\t\t\t\t<a class=\"elementor-button elementor-button-link elementor-size-sm\" href=\"https:\/\/medicaltravel.ch\/tr\/disci-gezileri\/dis-klinikleri\/antalyada-dis-klinigi\/\">\n\t\t\t\t\t\t<span class=\"elementor-button-content-wrapper\">\n\t\t\t\t\t\t\t\t\t<span class=\"elementor-button-text\">Kaplamalar \u2013 Beyazlatma<\/span>\n\t\t\t\t\t<\/span>\n\t\t\t\t\t<\/a>\n\t\t\t\t\t\t\t\t<\/div>\n\t\t\t\t<div class=\"elementor-element elementor-element-ec8bd32 elementor-widget elementor-widget-button\" data-id=\"ec8bd32\" data-element_type=\"widget\" data-e-type=\"widget\" data-widget_type=\"button.default\">\n\t\t\t\t\t\t\t\t\t\t<a class=\"elementor-button elementor-button-link elementor-size-sm\" href=\"https:\/\/medicaltravel.ch\/tr\/dentalreisen\/hizmet-yelpazesi\/kronen-und-bruecken-tuerkei-istanbul-antalya-izmir-kusadasi\/\">\n\t\t\t\t\t\t<span class=\"elementor-button-content-wrapper\">\n\t\t\t\t\t\t\t\t\t<span class=\"elementor-button-text\">Kronlar ve k\u00f6pr\u00fcler<\/span>\n\t\t\t\t\t<\/span>\n\t\t\t\t\t<\/a>\n\t\t\t\t\t\t\t\t<\/div>\n\t\t\t\t<div class=\"elementor-element elementor-element-e0bbb3f elementor-widget elementor-widget-button\" data-id=\"e0bbb3f\" data-element_type=\"widget\" data-e-type=\"widget\" data-widget_type=\"button.default\">\n\t\t\t\t\t\t\t\t\t\t<a class=\"elementor-button elementor-button-link elementor-size-sm\" href=\"https:\/\/medicaltravel.ch\/tr\/disci-gezileri\/hizmet-yelpazesi\/dis-teli-ortodonti-tedavisi-tuerkiye-istanbul-zuerih\/\">\n\t\t\t\t\t\t<span class=\"elementor-button-content-wrapper\">\n\t\t\t\t\t\t\t\t\t<span class=\"elementor-button-text\">di\u015f telleri<\/span>\n\t\t\t\t\t<\/span>\n\t\t\t\t\t<\/a>\n\t\t\t\t\t\t\t\t<\/div>\n\t\t\t\t<\/div>\n\t\t\t\t<div class=\"elementor-element elementor-element-3d1f4022 elementor-widget elementor-widget-text-editor\" data-id=\"3d1f4022\" data-element_type=\"widget\" data-e-type=\"widget\" data-widget_type=\"text-editor.default\">\n\t\t\t\t\t\t\t\t\t\n<h2 class=\"wp-block-heading\">Di\u015f kaplamalar\u0131 ve di\u015f k\u00f6pr\u00fcleri \u2013 T\u00fcrkiye \u2013 \u0130stanbul \u2013 Antalya \u2013 \u0130zmir<\/h2>\n\n<p><strong>Di\u015f kronlar\u0131<\/strong><\/p>\n\n<p>Derin \u00e7\u00fcr\u00fckler di\u015fin ta\u00e7 k\u0131sm\u0131n\u0131n \u00f6nemli \u00f6l\u00e7\u00fcde kayb\u0131na yol a\u00e7m\u0131\u015fsa veya bir kaza sonucu hasar meydana gelmi\u015fse, di\u015fi dolgu ile onarmak genellikle art\u0131k m\u00fcmk\u00fcn de\u011fildir. Di\u015fin i\u00e7ine sabitlenen dolgunun aksine, ta\u00e7, di\u015fin a\u011f\u0131z bo\u015flu\u011funa do\u011fru uzanan k\u0131sm\u0131n\u0131n bir b\u00f6l\u00fcm\u00fcn\u00fc veya tamam\u0131n\u0131 kaplayarak \u015feklini ve yeterli stabilitesini geri kazand\u0131r\u0131r; g\u00f6r\u00fcn\u00fcr alanda ise neredeyse do\u011fal bir g\u00f6r\u00fcn\u00fcm sa\u011flar. <\/p>\n\n<p>Di\u015flerin hangi ama\u00e7la kullan\u0131laca\u011f\u0131na ba\u011fl\u0131 olarak bir\u00e7ok farkl\u0131 di\u015f kaplamas\u0131 t\u00fcr\u00fc vard\u0131r. En \u00e7ok kullan\u0131lanlar metal-porcelain kaplama ve zirkonyum-porcelain kaplamad\u0131r. Ayr\u0131ca Cerec teknolojisi de kullan\u0131lmaktad\u0131r. T\u00fcm kaplamalarda ortak olan nokta, di\u015fin haz\u0131rlanmas\u0131n\u0131n ard\u0131ndan di\u015f k\u00f6k\u00fc ve \u00e7evresindeki a\u011f\u0131z yap\u0131s\u0131n\u0131n hassas bir \u00f6l\u00e7\u00fcs\u00fcn\u00fcn al\u0131nmas\u0131 ve kaplaman\u0131n bir di\u015f laboratuvar\u0131nda \u00fcretilmesidir. Daha az yayg\u0131n olan y\u00f6ntemlerde kaplama, klinikte do\u011frudan bir seramik bloktan \u015fekillendirilir. S\u00fct di\u015flerinde ise bazen haz\u0131r kaplamalar kullan\u0131lmaktad\u0131r.     <\/p>\n\n<p>Di\u015f K\u00f6pr\u00fcleri<br>Di\u015fler aras\u0131nda bo\u015fluklar varsa, bunlar m\u00fcmk\u00fcnse kapat\u0131lmal\u0131d\u0131r. B\u00f6ylece hem \u00e7i\u011fneme fonksiyonu yeniden tam olarak sa\u011flan\u0131r, hem de g\u00f6r\u00fcn\u00fcr b\u00f6lgelerde estetik bir g\u00f6r\u00fcn\u00fcm elde edilir ve konu\u015fma fonksiyonu do\u011fru \u015fekilde ger\u00e7ekle\u015ftirilebilir.<\/p>\n\n<p>Temel olarak di\u015f bo\u015fluklar\u0131 \u00fc\u00e7 y\u00f6ntemle kapat\u0131labilir:<\/p>\n\n<ul class=\"wp-block-list\">\n<li>K\u00f6pr\u00fcler ile<\/li>\n\n<li>\u0130mplantlar ile (yapay di\u015f k\u00f6kleri)<\/li>\n\n<li>\u00c7\u0131kar\u0131labilir protezler ile<\/li>\n<\/ul>\n\n<p>Bu y\u00f6ntemler aras\u0131nda karar vermek, bir yandan belirli bir durumda hangi y\u00f6ntemin uygulanabilece\u011fine, di\u011fer yandan da ki\u015finin maddi durumunun hangi y\u00f6nteme izin verdi\u011fine ba\u011fl\u0131d\u0131r.<\/p>\n\n<p>Sabit di\u015f protezleri (k\u00f6pr\u00fcler, implantlar) genellikle \u00e7\u0131kar\u0131labilir alternatife g\u00f6re daha pahal\u0131d\u0131r, ancak \u0131s\u0131rma hissi ve konfor \u00e7ok daha iyidir. \u00d6te yandan \u00e7\u0131kar\u0131labilir protezler, ki\u015finin kendi di\u015flerinden birinde geri d\u00f6n\u00fc\u015f\u00fc olmayan hasar olu\u015fursa genellikle geni\u015fletilebilir. Estetik a\u00e7\u0131dan bak\u0131ld\u0131\u011f\u0131nda, t\u00fcm y\u00f6ntemlerle tatmin edici sonu\u00e7lar elde edilebilir.  <\/p>\n\n<p>Bilimsel uzun d\u00f6nem ara\u015ft\u0131rmalar\u0131, a\u011f\u0131z sa\u011fl\u0131\u011f\u0131 iyi olan ki\u015filerde, uzun vadeli ba\u015far\u0131 oran\u0131 daha y\u00fcksek oldu\u011fu i\u00e7in k\u00f6pr\u00fc ile tedavinin \u00e7\u0131kar\u0131labilir proteze tercih edilmesi gerekti\u011fini g\u00f6stermektedir.<\/p>\n\n<p>Di\u015f kaplamas\u0131 ve di\u015f k\u00f6pr\u00fcs\u00fc ne kadar tutar? Fiyatlar nedir?<br>T\u00fcrkiye\u2019de bir di\u015f kaplamas\u0131n\u0131n fiyat\u0131 di\u015f ba\u015f\u0131na yakla\u015f\u0131k 150 \u20ac ile 350 \u20ac aras\u0131nda de\u011fi\u015fmektedir.<\/p>\n\n<p>Fiyatlar <a href=\"https:\/\/medicaltravel.ch\/tr\/disci-gezileri\/fiyatlar\/euro-cinsinden-fiyatlar\/\" data-type=\"page\" data-id=\"70\">burada listelenmi\u015ftir.<\/a><\/p>\n\n<figure class=\"wp-block-image size-full\"><img fetchpriority=\"high\" decoding=\"async\" width=\"248\" height=\"204\" class=\"wp-image-309\" src=\"https:\/\/medicaltravel.ch\/wp-content\/uploads\/2025\/09\/schone_zahne_frau_2.jpg\" alt=\"\"><\/figure>\n\n<p id=\"caption-attachment-7131\">Daha g\u00fczel bir g\u00fcl\u00fc\u015f i\u00e7in zirkonyum kaplama<\/p>\n\n<figure class=\"wp-block-image size-full\"><img decoding=\"async\" width=\"200\" height=\"158\" class=\"wp-image-310\" src=\"https:\/\/medicaltravel.ch\/wp-content\/uploads\/2025\/09\/Metallkeramikkrone.jpg\" alt=\"\"><\/figure>\n\n<p id=\"caption-attachment-959\">Metal seramik kaplama<\/p>\n\n<figure class=\"wp-block-image size-full\"><img decoding=\"async\" width=\"200\" height=\"158\" class=\"wp-image-311\" src=\"https:\/\/medicaltravel.ch\/wp-content\/uploads\/2025\/09\/Verblendkeramikkrone.jpg\" alt=\"\"><\/figure>\n\n<p id=\"caption-attachment-960\">Alt\u0131n k\u00f6pr\u00fc<\/p>\n\n<figure class=\"wp-block-image size-full\"><img loading=\"lazy\" decoding=\"async\" width=\"200\" height=\"158\" class=\"wp-image-312\" src=\"https:\/\/medicaltravel.ch\/wp-content\/uploads\/2025\/09\/Biokompatibel-Zirkonoxid.jpg\" alt=\"\"><\/figure>\n\n<p id=\"caption-attachment-961\">Biyouyumlu zirkonyum oksit<\/p>\n\t\t\t\t\t\t\t\t<\/div>\n\t\t\t\t\t<\/div>\n\t\t\t\t<\/div>\n\t\t\t\t<\/div>\n\t\t","protected":false},"excerpt":{"rendered":"<p>\u0130mplantlar Protezler Kaplamalar \u2013 Beyazlatma Kronlar ve k\u00f6pr\u00fcler di\u015f telleri Di\u015f kaplamalar\u0131 ve di\u015f k\u00f6pr\u00fcleri \u2013 T\u00fcrkiye \u2013 \u0130stanbul \u2013 Antalya \u2013 \u0130zmir Di\u015f kronlar\u0131 Derin \u00e7\u00fcr\u00fckler di\u015fin ta\u00e7 k\u0131sm\u0131n\u0131n \u00f6nemli \u00f6l\u00e7\u00fcde kayb\u0131na yol a\u00e7m\u0131\u015fsa veya bir kaza sonucu hasar meydana gelmi\u015fse, di\u015fi dolgu ile onarmak genellikle art\u0131k m\u00fcmk\u00fcn de\u011fildir. Di\u015fin i\u00e7ine sabitlenen dolgunun aksine, ta\u00e7, di\u015fin a\u011f\u0131z bo\u015flu\u011funa do\u011fru uzanan k\u0131sm\u0131n\u0131n bir b\u00f6l\u00fcm\u00fcn\u00fc veya tamam\u0131n\u0131 kaplayarak \u015feklini ve yeterli stabilitesini geri kazand\u0131r\u0131r; g\u00f6r\u00fcn\u00fcr alanda ise neredeyse do\u011fal bir g\u00f6r\u00fcn\u00fcm sa\u011flar. Di\u015flerin hangi ama\u00e7la kullan\u0131laca\u011f\u0131na ba\u011fl\u0131 olarak bir\u00e7ok farkl\u0131 di\u015f kaplamas\u0131 t\u00fcr\u00fc vard\u0131r. En \u00e7ok kullan\u0131lanlar metal-porcelain kaplama ve zirkonyum-porcelain kaplamad\u0131r. Ayr\u0131ca Cerec teknolojisi de kullan\u0131lmaktad\u0131r. T\u00fcm kaplamalarda ortak olan nokta, di\u015fin haz\u0131rlanmas\u0131n\u0131n ard\u0131ndan di\u015f k\u00f6k\u00fc ve \u00e7evresindeki a\u011f\u0131z yap\u0131s\u0131n\u0131n hassas bir \u00f6l\u00e7\u00fcs\u00fcn\u00fcn al\u0131nmas\u0131 ve kaplaman\u0131n bir di\u015f laboratuvar\u0131nda \u00fcretilmesidir. Daha az yayg\u0131n olan y\u00f6ntemlerde kaplama, klinikte do\u011frudan bir seramik bloktan \u015fekillendirilir. S\u00fct di\u015flerinde ise bazen haz\u0131r kaplamalar kullan\u0131lmaktad\u0131r. Di\u015f K\u00f6pr\u00fcleriDi\u015fler aras\u0131nda bo\u015fluklar varsa, bunlar m\u00fcmk\u00fcnse kapat\u0131lmal\u0131d\u0131r. B\u00f6ylece hem \u00e7i\u011fneme fonksiyonu yeniden tam olarak sa\u011flan\u0131r, hem de g\u00f6r\u00fcn\u00fcr b\u00f6lgelerde estetik bir g\u00f6r\u00fcn\u00fcm elde edilir ve konu\u015fma fonksiyonu do\u011fru \u015fekilde ger\u00e7ekle\u015ftirilebilir. Temel olarak di\u015f bo\u015fluklar\u0131 \u00fc\u00e7 y\u00f6ntemle kapat\u0131labilir: K\u00f6pr\u00fcler ile \u0130mplantlar ile (yapay di\u015f k\u00f6kleri) \u00c7\u0131kar\u0131labilir protezler ile Bu y\u00f6ntemler aras\u0131nda karar vermek, bir yandan belirli bir durumda hangi y\u00f6ntemin uygulanabilece\u011fine, di\u011fer yandan da ki\u015finin maddi durumunun hangi y\u00f6nteme izin verdi\u011fine ba\u011fl\u0131d\u0131r. Sabit di\u015f protezleri (k\u00f6pr\u00fcler, implantlar) genellikle \u00e7\u0131kar\u0131labilir alternatife g\u00f6re daha pahal\u0131d\u0131r, ancak \u0131s\u0131rma hissi ve konfor \u00e7ok daha iyidir. \u00d6te yandan \u00e7\u0131kar\u0131labilir protezler, ki\u015finin kendi di\u015flerinden birinde geri d\u00f6n\u00fc\u015f\u00fc olmayan hasar olu\u015fursa genellikle geni\u015fletilebilir. Estetik a\u00e7\u0131dan bak\u0131ld\u0131\u011f\u0131nda, t\u00fcm y\u00f6ntemlerle tatmin edici sonu\u00e7lar elde edilebilir. Bilimsel uzun d\u00f6nem ara\u015ft\u0131rmalar\u0131, a\u011f\u0131z sa\u011fl\u0131\u011f\u0131 iyi olan ki\u015filerde, uzun vadeli ba\u015far\u0131 oran\u0131 daha y\u00fcksek oldu\u011fu i\u00e7in k\u00f6pr\u00fc ile tedavinin \u00e7\u0131kar\u0131labilir proteze tercih edilmesi gerekti\u011fini g\u00f6stermektedir. Di\u015f kaplamas\u0131 ve di\u015f k\u00f6pr\u00fcs\u00fc ne kadar tutar? Fiyatlar nedir?T\u00fcrkiye\u2019de bir di\u015f kaplamas\u0131n\u0131n fiyat\u0131 di\u015f ba\u015f\u0131na yakla\u015f\u0131k 150 \u20ac ile 350 \u20ac aras\u0131nda de\u011fi\u015fmektedir. Fiyatlar burada listelenmi\u015ftir. Daha g\u00fczel bir g\u00fcl\u00fc\u015f i\u00e7in zirkonyum kaplama Metal seramik kaplama Alt\u0131n k\u00f6pr\u00fc Biyouyumlu zirkonyum oksit<\/p>\n","protected":false},"author":4,"featured_media":0,"parent":4973,"menu_order":0,"comment_status":"closed","ping_status":"closed","template":"","meta":{"_joinchat":[],"footnotes":""},"class_list":["post-4987","page","type-page","status-publish","hentry"],"acf":[],"_links":{"self":[{"href":"https:\/\/medicaltravel.ch\/tr\/wp-json\/wp\/v2\/pages\/4987","targetHints":{"allow":["GET"]}}],"collection":[{"href":"https:\/\/medicaltravel.ch\/tr\/wp-json\/wp\/v2\/pages"}],"about":[{"href":"https:\/\/medicaltravel.ch\/tr\/wp-json\/wp\/v2\/types\/page"}],"author":[{"embeddable":true,"href":"https:\/\/medicaltravel.ch\/tr\/wp-json\/wp\/v2\/users\/4"}],"replies":[{"embeddable":true,"href":"https:\/\/medicaltravel.ch\/tr\/wp-json\/wp\/v2\/comments?post=4987"}],"version-history":[{"count":9,"href":"https:\/\/medicaltravel.ch\/tr\/wp-json\/wp\/v2\/pages\/4987\/revisions"}],"predecessor-version":[{"id":6055,"href":"https:\/\/medicaltravel.ch\/tr\/wp-json\/wp\/v2\/pages\/4987\/revisions\/6055"}],"up":[{"embeddable":true,"href":"https:\/\/medicaltravel.ch\/tr\/wp-json\/wp\/v2\/pages\/4973"}],"wp:attachment":[{"href":"https:\/\/medicaltravel.ch\/tr\/wp-json\/wp\/v2\/media?parent=4987"}],"curies":[{"name":"wp","href":"https:\/\/api.w.org\/{rel}","templated":true}]}}