{"id":4991,"date":"2025-09-17T07:54:33","date_gmt":"2025-09-17T06:54:33","guid":{"rendered":"https:\/\/medicaltravel.ch\/dentalreisen\/hizmet-yelpazesi\/veneerler-tuerkiye-istanbul-antalya-izmir\/"},"modified":"2026-01-03T19:31:39","modified_gmt":"2026-01-03T18:31:39","slug":"veneerler-tuerkiye-istanbul-antalya-izmir","status":"publish","type":"page","link":"https:\/\/medicaltravel.ch\/tr\/disci-gezileri\/hizmet-yelpazesi\/veneerler-tuerkiye-istanbul-antalya-izmir\/","title":{"rendered":"Veneerler \u2013 T\u00fcrkiye \u0130stanbul Antalya \u0130zmir"},"content":{"rendered":"\t\t<div data-elementor-type=\"wp-page\" data-elementor-id=\"4991\" class=\"elementor elementor-4991 elementor-38\" data-elementor-post-type=\"page\">\n\t\t\t\t<div class=\"elementor-element elementor-element-3b03a434 e-flex e-con-boxed wpr-particle-no wpr-jarallax-no wpr-parallax-no wpr-sticky-section-no wpr-equal-height-no e-con e-parent\" data-id=\"3b03a434\" data-element_type=\"container\" data-e-type=\"container\">\n\t\t\t\t\t<div class=\"e-con-inner\">\n\t\t<div class=\"elementor-element elementor-element-11a155a e-con-full e-flex wpr-particle-no wpr-jarallax-no wpr-parallax-no wpr-sticky-section-no wpr-equal-height-no e-con e-child\" data-id=\"11a155a\" data-element_type=\"container\" data-e-type=\"container\">\n\t\t\t\t<div class=\"elementor-element elementor-element-6a5d310 elementor-widget elementor-widget-button\" data-id=\"6a5d310\" data-element_type=\"widget\" data-e-type=\"widget\" data-widget_type=\"button.default\">\n\t\t\t\t\t\t\t\t\t\t<a class=\"elementor-button elementor-button-link elementor-size-sm\" href=\"https:\/\/medicaltravel.ch\/zahnimplantate\/leistungsspektrum\/zahnimplantate\/\">\n\t\t\t\t\t\t<span class=\"elementor-button-content-wrapper\">\n\t\t\t\t\t\t\t\t\t<span class=\"elementor-button-text\">\u0130mplantlar<\/span>\n\t\t\t\t\t<\/span>\n\t\t\t\t\t<\/a>\n\t\t\t\t\t\t\t\t<\/div>\n\t\t\t\t<div class=\"elementor-element elementor-element-5567ea5 elementor-widget elementor-widget-button\" data-id=\"5567ea5\" data-element_type=\"widget\" data-e-type=\"widget\" data-widget_type=\"button.default\">\n\t\t\t\t\t\t\t\t\t\t<a class=\"elementor-button elementor-button-link elementor-size-sm\" href=\"https:\/\/medicaltravel.ch\/zahnimplantate\/leistungsspektrum\/zahnprothesen\/\">\n\t\t\t\t\t\t<span class=\"elementor-button-content-wrapper\">\n\t\t\t\t\t\t\t\t\t<span class=\"elementor-button-text\">Protezler<\/span>\n\t\t\t\t\t<\/span>\n\t\t\t\t\t<\/a>\n\t\t\t\t\t\t\t\t<\/div>\n\t\t\t\t<div class=\"elementor-element elementor-element-9dd9d74 elementor-widget elementor-widget-button\" data-id=\"9dd9d74\" data-element_type=\"widget\" data-e-type=\"widget\" data-widget_type=\"button.default\">\n\t\t\t\t\t\t\t\t\t\t<a class=\"elementor-button elementor-button-link elementor-size-sm\" href=\"https:\/\/medicaltravel.ch\/zahnimplantate\/zahnkliniken\/zahnklinik-in-antalya\/\">\n\t\t\t\t\t\t<span class=\"elementor-button-content-wrapper\">\n\t\t\t\t\t\t\t\t\t<span class=\"elementor-button-text\">Kaplamalar \u2013 Beyazlatma<\/span>\n\t\t\t\t\t<\/span>\n\t\t\t\t\t<\/a>\n\t\t\t\t\t\t\t\t<\/div>\n\t\t\t\t<div class=\"elementor-element elementor-element-5a3b9b2 elementor-widget elementor-widget-button\" data-id=\"5a3b9b2\" data-element_type=\"widget\" data-e-type=\"widget\" data-widget_type=\"button.default\">\n\t\t\t\t\t\t\t\t\t\t<a class=\"elementor-button elementor-button-link elementor-size-sm\" href=\"https:\/\/medicaltravel.ch\/tr\/dentalreisen\/hizmet-yelpazesi\/kronen-und-bruecken-tuerkei-istanbul-antalya-izmir-kusadasi\/\">\n\t\t\t\t\t\t<span class=\"elementor-button-content-wrapper\">\n\t\t\t\t\t\t\t\t\t<span class=\"elementor-button-text\">Kronlar ve k\u00f6pr\u00fcler<\/span>\n\t\t\t\t\t<\/span>\n\t\t\t\t\t<\/a>\n\t\t\t\t\t\t\t\t<\/div>\n\t\t\t\t<\/div>\n\t\t\t\t<div class=\"elementor-element elementor-element-45434a02 elementor-widget elementor-widget-text-editor\" data-id=\"45434a02\" data-element_type=\"widget\" data-e-type=\"widget\" data-widget_type=\"text-editor.default\">\n\t\t\t\t\t\t\t\t\t\n<h2 class=\"wp-block-heading\">Veneerler T\u00fcrkiye \u2013 \u0130stanbul \u2013 Antalya \u2013 \u0130zmir<\/h2>\n\n<p><strong>Kaplamalar<\/strong><\/p>\n\n<p>Di\u015flerin rengi ve \u00f6zellikle \u015fekli tatmin edici de\u011filse, Laminate Veneerler m\u00fckemmel bir estetik \u00e7\u00f6z\u00fcmd\u00fcr. Laminate Veneerler (LV), porselenden yap\u0131lan ince bir tabakan\u0131n di\u015f y\u00fczeyine yap\u0131\u015ft\u0131r\u0131ld\u0131\u011f\u0131 bir tedavi y\u00f6ntemidir. Laminate Veneerler, dayan\u0131kl\u0131 yap\u0131s\u0131 ve sabit rengi sayesinde \u00e7o\u011fu durumda do\u011fal ve g\u00fczel bir g\u00f6r\u00fcn\u00fcm ile do\u011fal fonksiyonellik sa\u011flar. Laminate Veneerler sayesinde daha \u00f6zg\u00fcvenli bir \u015fekilde g\u00fcl\u00fcmseyebilirsiniz. Seramikten yap\u0131lan Laminate Veneerler ince ve serttir ve k\u0131r\u0131lmalara kar\u015f\u0131 dayan\u0131kl\u0131d\u0131r.     <\/p>\n\n<figure class=\"wp-block-image size-full\"><img decoding=\"async\" width=\"200\" height=\"130\" class=\"wp-image-305\" src=\"https:\/\/medicaltravel.ch\/wp-content\/uploads\/2025\/09\/Bleaching.jpg\" alt=\"\"><\/figure>\n\n<p><strong>Laminate Veneerler hangi durumlarda uygulan\u0131r?<\/strong><\/p>\n\n<p>Laminate Veneerler, di\u015flerdeki renk bozukluklar\u0131n\u0131 gidermek ve \u00e7apra\u015f\u0131k di\u015fleri d\u00fczeltmek i\u00e7in kullan\u0131labilir. Ba\u015fl\u0131ca kullan\u0131m alanlar\u0131 \u015funlard\u0131r: <\/p>\n\n<ul class=\"wp-block-list\">\n<li>Di\u015f beyazlatma ile giderilemeyen renk bozukluklar\u0131nda<\/li>\n\n<li>\u00c7apra\u015f\u0131k di\u015flerin d\u00fczeltilmesinde<\/li>\n\n<li>K\u0131r\u0131lm\u0131\u015f di\u015flerin onar\u0131lmas\u0131nda<\/li>\n\n<li>Estetik olarak do\u011fal di\u015f rengine art\u0131k uyum sa\u011flayamayan eski dolgular\u0131n d\u00fczeltilmesinde<\/li>\n\n<li>Pozisyon bozukluklar\u0131nda Laminate Veneer estetik bir iyile\u015fme sa\u011flar.<\/li>\n<\/ul>\n\n<p><strong>Bu tedavi y\u00f6nteminden kimler yararlanabilir?<\/strong><\/p>\n\n<p>Neredeyse herkes! Yukar\u0131da bahsedilen sorunlar\u0131 ya\u015fayan her ya\u015f grubundaki ki\u015filer bu tedavi y\u00f6nteminden yararlanabilir. <\/p>\n\n<p><strong>Laminate Veneerlerin Avantajlar\u0131<\/strong><\/p>\n\n<p>Bu y\u00f6ntem sayesinde di\u015flerinizin do\u011fal g\u00fczelli\u011fi geri kazand\u0131r\u0131labilir; \u00e7\u00fcr\u00fckler, k\u0131r\u0131k di\u015fler veya pozisyon bozukluklar\u0131 nedeniyle \u00f6zg\u00fcvenle g\u00fcl\u00fcmseyemiyorsan\u0131z. \u00d6nceden bu t\u00fcr olumsuz durumlarda tek \u00e7\u00f6z\u00fcm dolgu ve tam kaplamalard\u0131. G\u00fcn\u00fcm\u00fczde ise Laminate Veneer gibi yeni alternatifler mevcuttur.  <\/p>\n\n<p>Di\u015f laboratuvar\u0131m\u0131zda m\u00fckemmel \u015fekilde haz\u0131rlanm\u0131\u015f veneer kaplama \u00fcretilir ve uyumunun s\u00fcrekli kontrol edilmesiyle uygulan\u0131r.<\/p>\n\n<p><strong>T\u00fcrkiye&#8217;de (\u0130stanbul, Antalya, \u0130zmir) porselen kaplamalar\u0131n fiyat\u0131 ne kadar? Fiyatlar neler? <\/strong><\/p>\n\n<p>Porselen kaplamalar\u0131n di\u015f ba\u015f\u0131na maliyeti yakla\u015f\u0131k 350 euro&#8217;dur. Z\u00fcrih&#8217;te bir kons\u00fcltasyon randevusu alabilir veya bize foto\u011fraflar\u0131n\u0131z\u0131 <a href=\"https:\/\/medicaltravel.ch\/kontakt\/\" data-type=\"page\" data-id=\"225\">g\u00f6nderebilirsiniz<\/a>. <\/p>\n\n<p><strong>Di\u015f beyazlatma (a\u011fartma): I\u015f\u0131lt\u0131l\u0131 bir g\u00fcl\u00fcmseme i\u00e7in<\/strong><\/p>\n\n<p>Di\u015f renginin ki\u015fiden ki\u015fiye farkl\u0131 olmas\u0131n\u0131n nedeni, di\u015flerdeki protein tabakas\u0131n\u0131n yo\u011funlu\u011fudur. G\u00fcn\u00fcm\u00fczde en s\u0131k g\u00f6r\u00fclen durum, ya\u015fla birlikte olu\u015fan di\u015f rengindeki de\u011fi\u015fikliklerdir. Bunun yan\u0131 s\u0131ra di\u015f renginin de\u011fi\u015fmesine yol a\u00e7an di\u011fer etkenler \u015funlard\u0131r: renklendirici i\u00e7eren i\u00e7eceklerin t\u00fcketimi (kahve, \u00e7ay, kola vb.), sigara kullan\u0131m\u0131, di\u015flerde travma, eski protezler, veneerler ve amalgam dolgular. Uzun s\u00fcreli antibiyotik kullan\u0131m\u0131 (\u00f6rne\u011fin tetrasiklinler) ve a\u015f\u0131r\u0131 flor t\u00fcketimi de di\u015f renginin de\u011fi\u015fmesine neden olabilir.   <\/p>\n\n<p><strong>Di\u015f beyazlatma kimler i\u00e7in ve ne zaman kullan\u0131labilir?<\/strong><\/p>\n\n<p>Di\u015flerinizin rengi koyu (sar\u0131, gri veya kahverengi tonlarda) ise ya da di\u015flerde lekeler varsa, di\u015f beyazlatmaya uygunluk yap\u0131lan muayene ve te\u015fhisin ard\u0131ndan belirlenir. Sa\u011fl\u0131kl\u0131 bir a\u011f\u0131zda di\u015f beyazlatma sorunsuz bir \u015fekilde uygulanabilir. Di\u015f beyazlatma, daha beyaz ve do\u011fal bir g\u00fcl\u00fc\u015f i\u00e7in g\u00fcvenli bir \u00e7\u00f6z\u00fcmd\u00fcr.  <\/p>\n\n<p><strong>A\u011fartma g\u00fcvenilir bir y\u00f6ntem midir?<\/strong><\/p>\n\n<p>Evet! Ara\u015ft\u0131rmalara g\u00f6re, di\u015f beyazlatma en etkili ve g\u00fcvenilir \u015fekilde bir di\u015f hekimi kontrol\u00fcnde yap\u0131ld\u0131\u011f\u0131nda ger\u00e7ekle\u015fir. Di\u015fler 6 ton kadar a\u00e7\u0131labilir. Bu i\u015flem di\u015f ve di\u015f etine zarar vermez. Bazen di\u015flerde so\u011fu\u011fa veya s\u0131ca\u011fa kar\u015f\u0131 hassasiyet olu\u015fabilir. Bu durum, tedavinin aral\u0131klarla uygulanmas\u0131 veya k\u0131sa s\u00fcreli ara verilmesiyle azalt\u0131labilir.     <\/p>\n\n<p><strong>Di\u015f beyazlatma ne kadar s\u00fcrer?<\/strong><\/p>\n\n<p>\u00c7o\u011fu zaman di\u015f beyazlatma, ilk seanstan sonra bile sonu\u00e7 verir. Ancak en iyi sonu\u00e7lara genellikle 1\u20132 seansta ula\u015f\u0131l\u0131r. <\/p>\n\n<p><strong>Di\u015fler beyazlatmadan sonra tekrar koyula\u015fabilir mi?<\/strong><\/p>\n\n<p>Di\u015fleriniz eski rengine tamamen d\u00f6nmez ve \u00f6nceki g\u00f6r\u00fcn\u00fcm\u00fcne k\u0131yasla her zaman daha beyaz g\u00f6r\u00fcn\u00fcr. Bazen bir y\u0131l sonra (s\u00fcre, ki\u015finin al\u0131\u015fkanl\u0131klar\u0131na ve a\u011f\u0131z bak\u0131m\u0131na ba\u011fl\u0131d\u0131r) yaln\u0131zca bir veya iki kez uygulanacak peki\u015ftirme tedavisi gerekebilir. <\/p>\n\n<figure class=\"wp-block-gallery has-nested-images columns-default is-cropped\">\n<figure class=\"wp-block-image size-large\"><img fetchpriority=\"high\" decoding=\"async\" width=\"638\" height=\"107\" class=\"wp-image-306\" src=\"https:\/\/medicaltravel.ch\/wp-content\/uploads\/2025\/09\/bleeching2.jpg\" alt=\"\" srcset=\"https:\/\/medicaltravel.ch\/wp-content\/uploads\/2025\/09\/bleeching2.jpg 638w, https:\/\/medicaltravel.ch\/wp-content\/uploads\/2025\/09\/bleeching2-300x50.jpg 300w\" sizes=\"(max-width: 638px) 100vw, 638px\" \/><\/figure>\n<\/figure>\n\t\t\t\t\t\t\t\t<\/div>\n\t\t\t\t\t<\/div>\n\t\t\t\t<\/div>\n\t\t\t\t<\/div>\n\t\t","protected":false},"excerpt":{"rendered":"<p>\u0130mplantlar Protezler Kaplamalar \u2013 Beyazlatma Kronlar ve k\u00f6pr\u00fcler Veneerler T\u00fcrkiye \u2013 \u0130stanbul \u2013 Antalya \u2013 \u0130zmir Kaplamalar Di\u015flerin rengi ve \u00f6zellikle \u015fekli tatmin edici de\u011filse, Laminate Veneerler m\u00fckemmel bir estetik \u00e7\u00f6z\u00fcmd\u00fcr. Laminate Veneerler (LV), porselenden yap\u0131lan ince bir tabakan\u0131n di\u015f y\u00fczeyine yap\u0131\u015ft\u0131r\u0131ld\u0131\u011f\u0131 bir tedavi y\u00f6ntemidir. Laminate Veneerler, dayan\u0131kl\u0131 yap\u0131s\u0131 ve sabit rengi sayesinde \u00e7o\u011fu durumda do\u011fal ve g\u00fczel bir g\u00f6r\u00fcn\u00fcm ile do\u011fal fonksiyonellik sa\u011flar. Laminate Veneerler sayesinde daha \u00f6zg\u00fcvenli bir \u015fekilde g\u00fcl\u00fcmseyebilirsiniz. Seramikten yap\u0131lan Laminate Veneerler ince ve serttir ve k\u0131r\u0131lmalara kar\u015f\u0131 dayan\u0131kl\u0131d\u0131r. Laminate Veneerler hangi durumlarda uygulan\u0131r? Laminate Veneerler, di\u015flerdeki renk bozukluklar\u0131n\u0131 gidermek ve \u00e7apra\u015f\u0131k di\u015fleri d\u00fczeltmek i\u00e7in kullan\u0131labilir. Ba\u015fl\u0131ca kullan\u0131m alanlar\u0131 \u015funlard\u0131r: Di\u015f beyazlatma ile giderilemeyen renk bozukluklar\u0131nda \u00c7apra\u015f\u0131k di\u015flerin d\u00fczeltilmesinde K\u0131r\u0131lm\u0131\u015f di\u015flerin onar\u0131lmas\u0131nda Estetik olarak do\u011fal di\u015f rengine art\u0131k uyum sa\u011flayamayan eski dolgular\u0131n d\u00fczeltilmesinde Pozisyon bozukluklar\u0131nda Laminate Veneer estetik bir iyile\u015fme sa\u011flar. Bu tedavi y\u00f6nteminden kimler yararlanabilir? Neredeyse herkes! Yukar\u0131da bahsedilen sorunlar\u0131 ya\u015fayan her ya\u015f grubundaki ki\u015filer bu tedavi y\u00f6nteminden yararlanabilir. Laminate Veneerlerin Avantajlar\u0131 Bu y\u00f6ntem sayesinde di\u015flerinizin do\u011fal g\u00fczelli\u011fi geri kazand\u0131r\u0131labilir; \u00e7\u00fcr\u00fckler, k\u0131r\u0131k di\u015fler veya pozisyon bozukluklar\u0131 nedeniyle \u00f6zg\u00fcvenle g\u00fcl\u00fcmseyemiyorsan\u0131z. \u00d6nceden bu t\u00fcr olumsuz durumlarda tek \u00e7\u00f6z\u00fcm dolgu ve tam kaplamalard\u0131. G\u00fcn\u00fcm\u00fczde ise Laminate Veneer gibi yeni alternatifler mevcuttur. Di\u015f laboratuvar\u0131m\u0131zda m\u00fckemmel \u015fekilde haz\u0131rlanm\u0131\u015f veneer kaplama \u00fcretilir ve uyumunun s\u00fcrekli kontrol edilmesiyle uygulan\u0131r. T\u00fcrkiye&#8217;de (\u0130stanbul, Antalya, \u0130zmir) porselen kaplamalar\u0131n fiyat\u0131 ne kadar? Fiyatlar neler? Porselen kaplamalar\u0131n di\u015f ba\u015f\u0131na maliyeti yakla\u015f\u0131k 350 euro&#8217;dur. Z\u00fcrih&#8217;te bir kons\u00fcltasyon randevusu alabilir veya bize foto\u011fraflar\u0131n\u0131z\u0131 g\u00f6nderebilirsiniz. Di\u015f beyazlatma (a\u011fartma): I\u015f\u0131lt\u0131l\u0131 bir g\u00fcl\u00fcmseme i\u00e7in Di\u015f renginin ki\u015fiden ki\u015fiye farkl\u0131 olmas\u0131n\u0131n nedeni, di\u015flerdeki protein tabakas\u0131n\u0131n yo\u011funlu\u011fudur. G\u00fcn\u00fcm\u00fczde en s\u0131k g\u00f6r\u00fclen durum, ya\u015fla birlikte olu\u015fan di\u015f rengindeki de\u011fi\u015fikliklerdir. Bunun yan\u0131 s\u0131ra di\u015f renginin de\u011fi\u015fmesine yol a\u00e7an di\u011fer etkenler \u015funlard\u0131r: renklendirici i\u00e7eren i\u00e7eceklerin t\u00fcketimi (kahve, \u00e7ay, kola vb.), sigara kullan\u0131m\u0131, di\u015flerde travma, eski protezler, veneerler ve amalgam dolgular. Uzun s\u00fcreli antibiyotik kullan\u0131m\u0131 (\u00f6rne\u011fin tetrasiklinler) ve a\u015f\u0131r\u0131 flor t\u00fcketimi de di\u015f renginin de\u011fi\u015fmesine neden olabilir. Di\u015f beyazlatma kimler i\u00e7in ve ne zaman kullan\u0131labilir? Di\u015flerinizin rengi koyu (sar\u0131, gri veya kahverengi tonlarda) ise ya da di\u015flerde lekeler varsa, di\u015f beyazlatmaya uygunluk yap\u0131lan muayene ve te\u015fhisin ard\u0131ndan belirlenir. Sa\u011fl\u0131kl\u0131 bir a\u011f\u0131zda di\u015f beyazlatma sorunsuz bir \u015fekilde uygulanabilir. Di\u015f beyazlatma, daha beyaz ve do\u011fal bir g\u00fcl\u00fc\u015f i\u00e7in g\u00fcvenli bir \u00e7\u00f6z\u00fcmd\u00fcr. A\u011fartma g\u00fcvenilir bir y\u00f6ntem midir? Evet! Ara\u015ft\u0131rmalara g\u00f6re, di\u015f beyazlatma en etkili ve g\u00fcvenilir \u015fekilde bir di\u015f hekimi kontrol\u00fcnde yap\u0131ld\u0131\u011f\u0131nda ger\u00e7ekle\u015fir. Di\u015fler 6 ton kadar a\u00e7\u0131labilir. Bu i\u015flem di\u015f ve di\u015f etine zarar vermez. Bazen di\u015flerde so\u011fu\u011fa veya s\u0131ca\u011fa kar\u015f\u0131 hassasiyet olu\u015fabilir. Bu durum, tedavinin aral\u0131klarla uygulanmas\u0131 veya k\u0131sa s\u00fcreli ara verilmesiyle azalt\u0131labilir. Di\u015f beyazlatma ne kadar s\u00fcrer? \u00c7o\u011fu zaman di\u015f beyazlatma, ilk seanstan sonra bile sonu\u00e7 verir. Ancak en iyi sonu\u00e7lara genellikle 1\u20132 seansta ula\u015f\u0131l\u0131r. Di\u015fler beyazlatmadan sonra tekrar koyula\u015fabilir mi? Di\u015fleriniz eski rengine tamamen d\u00f6nmez ve \u00f6nceki g\u00f6r\u00fcn\u00fcm\u00fcne k\u0131yasla her zaman daha beyaz g\u00f6r\u00fcn\u00fcr. Bazen bir y\u0131l sonra (s\u00fcre, ki\u015finin al\u0131\u015fkanl\u0131klar\u0131na ve a\u011f\u0131z bak\u0131m\u0131na ba\u011fl\u0131d\u0131r) yaln\u0131zca bir veya iki kez uygulanacak peki\u015ftirme tedavisi gerekebilir.<\/p>\n","protected":false},"author":4,"featured_media":0,"parent":4973,"menu_order":0,"comment_status":"closed","ping_status":"closed","template":"","meta":{"_joinchat":[],"footnotes":""},"class_list":["post-4991","page","type-page","status-publish","hentry"],"acf":[],"_links":{"self":[{"href":"https:\/\/medicaltravel.ch\/tr\/wp-json\/wp\/v2\/pages\/4991","targetHints":{"allow":["GET"]}}],"collection":[{"href":"https:\/\/medicaltravel.ch\/tr\/wp-json\/wp\/v2\/pages"}],"about":[{"href":"https:\/\/medicaltravel.ch\/tr\/wp-json\/wp\/v2\/types\/page"}],"author":[{"embeddable":true,"href":"https:\/\/medicaltravel.ch\/tr\/wp-json\/wp\/v2\/users\/4"}],"replies":[{"embeddable":true,"href":"https:\/\/medicaltravel.ch\/tr\/wp-json\/wp\/v2\/comments?post=4991"}],"version-history":[{"count":0,"href":"https:\/\/medicaltravel.ch\/tr\/wp-json\/wp\/v2\/pages\/4991\/revisions"}],"up":[{"embeddable":true,"href":"https:\/\/medicaltravel.ch\/tr\/wp-json\/wp\/v2\/pages\/4973"}],"wp:attachment":[{"href":"https:\/\/medicaltravel.ch\/tr\/wp-json\/wp\/v2\/media?parent=4991"}],"curies":[{"name":"wp","href":"https:\/\/api.w.org\/{rel}","templated":true}]}}