{"id":4998,"date":"2025-09-17T07:48:13","date_gmt":"2025-09-17T06:48:13","guid":{"rendered":"https:\/\/medicaltravel.ch\/dentalreisen\/hizmet-yelpazesi\/dis-implantlari-tuerkiye-istanbul-antalya-izmir-bodrum-kusadasi\/"},"modified":"2026-01-03T19:41:25","modified_gmt":"2026-01-03T18:41:25","slug":"dis-implantlari-tuerkiye-istanbul-antalya-izmir-bodrum-kusadasi","status":"publish","type":"page","link":"https:\/\/medicaltravel.ch\/tr\/disci-gezileri\/hizmet-yelpazesi\/dis-implantlari-tuerkiye-istanbul-antalya-izmir-bodrum-kusadasi\/","title":{"rendered":"Di\u015f implantlar\u0131 T\u00fcrkiye \u2013 \u0130stanbul \u2013 Antalya \u2013 \u0130zmir \u2013 Bodrum \u2013 Ku\u015fadas\u0131"},"content":{"rendered":"\t\t<div data-elementor-type=\"wp-page\" data-elementor-id=\"4998\" class=\"elementor elementor-4998 elementor-34\" data-elementor-post-type=\"page\">\n\t\t\t\t<div class=\"elementor-element elementor-element-3e81dcb6 e-flex e-con-boxed wpr-particle-no wpr-jarallax-no wpr-parallax-no wpr-sticky-section-no e-con e-parent\" data-id=\"3e81dcb6\" data-element_type=\"container\" data-e-type=\"container\">\n\t\t\t\t\t<div class=\"e-con-inner\">\n\t\t<div class=\"elementor-element elementor-element-b993412 e-con-full e-flex wpr-particle-no wpr-jarallax-no wpr-parallax-no wpr-sticky-section-no e-con e-child\" data-id=\"b993412\" data-element_type=\"container\" data-e-type=\"container\">\n\t\t\t\t<div class=\"elementor-element elementor-element-10b9cb8 elementor-widget elementor-widget-button\" data-id=\"10b9cb8\" data-element_type=\"widget\" data-e-type=\"widget\" data-widget_type=\"button.default\">\n\t\t\t\t\t\t\t\t\t\t<a class=\"elementor-button elementor-button-link elementor-size-sm\" href=\"https:\/\/medicaltravel.ch\/tr\/dentalreisen\/hizmet-yelpazesi\/dis-implantlari-tuerkiye-istanbul-antalya-izmir-bodrum-kusadasi\/\">\n\t\t\t\t\t\t<span class=\"elementor-button-content-wrapper\">\n\t\t\t\t\t\t\t\t\t<span class=\"elementor-button-text\">\u0130mplantlar<\/span>\n\t\t\t\t\t<\/span>\n\t\t\t\t\t<\/a>\n\t\t\t\t\t\t\t\t<\/div>\n\t\t\t\t<div class=\"elementor-element elementor-element-8cfac64 elementor-widget elementor-widget-button\" data-id=\"8cfac64\" data-element_type=\"widget\" data-e-type=\"widget\" data-widget_type=\"button.default\">\n\t\t\t\t\t\t\t\t\t\t<a class=\"elementor-button elementor-button-link elementor-size-sm\" href=\"https:\/\/medicaltravel.ch\/zahnimplantate\/leistungsspektrum\/zahnprothesen\/\">\n\t\t\t\t\t\t<span class=\"elementor-button-content-wrapper\">\n\t\t\t\t\t\t\t\t\t<span class=\"elementor-button-text\">Protezler<\/span>\n\t\t\t\t\t<\/span>\n\t\t\t\t\t<\/a>\n\t\t\t\t\t\t\t\t<\/div>\n\t\t\t\t<div class=\"elementor-element elementor-element-487df3a elementor-widget elementor-widget-button\" data-id=\"487df3a\" data-element_type=\"widget\" data-e-type=\"widget\" data-widget_type=\"button.default\">\n\t\t\t\t\t\t\t\t\t\t<a class=\"elementor-button elementor-button-link elementor-size-sm\" href=\"https:\/\/medicaltravel.ch\/zahnimplantate\/zahnkliniken\/zahnklinik-in-antalya\/\">\n\t\t\t\t\t\t<span class=\"elementor-button-content-wrapper\">\n\t\t\t\t\t\t\t\t\t<span class=\"elementor-button-text\">Kaplamalar \u2013 Beyazlatma<\/span>\n\t\t\t\t\t<\/span>\n\t\t\t\t\t<\/a>\n\t\t\t\t\t\t\t\t<\/div>\n\t\t\t\t<div class=\"elementor-element elementor-element-670ead4 elementor-widget elementor-widget-button\" data-id=\"670ead4\" data-element_type=\"widget\" data-e-type=\"widget\" data-widget_type=\"button.default\">\n\t\t\t\t\t\t\t\t\t\t<a class=\"elementor-button elementor-button-link elementor-size-sm\" href=\"https:\/\/medicaltravel.ch\/tr\/dentalreisen\/hizmet-yelpazesi\/kronen-und-bruecken-tuerkei-istanbul-antalya-izmir-kusadasi\/\">\n\t\t\t\t\t\t<span class=\"elementor-button-content-wrapper\">\n\t\t\t\t\t\t\t\t\t<span class=\"elementor-button-text\">Kronlar ve k\u00f6pr\u00fcler<\/span>\n\t\t\t\t\t<\/span>\n\t\t\t\t\t<\/a>\n\t\t\t\t\t\t\t\t<\/div>\n\t\t\t\t<div class=\"elementor-element elementor-element-2c8451f elementor-widget elementor-widget-button\" data-id=\"2c8451f\" data-element_type=\"widget\" data-e-type=\"widget\" data-widget_type=\"button.default\">\n\t\t\t\t\t\t\t\t\t\t<a class=\"elementor-button elementor-button-link elementor-size-sm\" href=\"https:\/\/medicaltravel.ch\/zahnimplantate\/leistungsspektrum\/zahnspange-tuerkei-istanbul\/\">\n\t\t\t\t\t\t<span class=\"elementor-button-content-wrapper\">\n\t\t\t\t\t\t\t\t\t<span class=\"elementor-button-text\">di\u015f telleri<\/span>\n\t\t\t\t\t<\/span>\n\t\t\t\t\t<\/a>\n\t\t\t\t\t\t\t\t<\/div>\n\t\t\t\t<\/div>\n\t\t\t\t<div class=\"elementor-element elementor-element-17424890 elementor-widget elementor-widget-text-editor\" data-id=\"17424890\" data-element_type=\"widget\" data-e-type=\"widget\" data-widget_type=\"text-editor.default\">\n\t\t\t\t\t\t\t\t\t\n<h2 class=\"wp-block-heading\">Di\u015f implantlar\u0131 T\u00fcrkiye \u2013 \u0130stanbul \u2013 Antalya \u2013 \u0130zmir<\/h2>\n\n<p>Burada, T\u00fcrk kliniklerinde her zaman y\u00fcksek kalitede yap\u0131lan di\u015f implantlar\u0131yla ilgili kapsaml\u0131 bilgilere ula\u015fabilirsiniz.<\/p>\n\n<p><strong>Di\u015f implantlar\u0131<\/strong><\/p>\n\n<p>A\u011f\u0131z i\u00e7i implantasyon, yapay di\u015f k\u00f6klerinin \u00e7ene kemi\u011fine yerle\u015ftirilmesi anlam\u0131na gelir. \u0130yile\u015fme sonras\u0131nda, bu k\u00f6kler yapay di\u015f protezlerini (kuronlar, k\u00f6pr\u00fcler veya takma di\u015fler) sabitlemek i\u00e7in kullan\u0131l\u0131r. <\/p>\n\n<p>\u0130mplantlar, \u00e7ene kemi\u011fi taraf\u0131ndan tahri\u015fe neden olmadan iyi tolere edilen biyouyumlu malzemelerden (titanyum) yap\u0131lm\u0131\u015ft\u0131r. \u00c7ene kemi\u011finde 10 y\u0131l veya daha uzun s\u00fcre kalabilirler. <\/p>\n\n<p>Ancak her bireysel durum i\u00e7in garanti verilemez. \u0130mplantlar\u0131n a\u011f\u0131rl\u0131k ta\u015f\u0131yabilmesi i\u00e7in genellikle birka\u00e7 ayl\u0131k bir iyile\u015fme s\u00fcresi gereklidir. \u0130mplant tipi, \u00f6zel durumunuza ve mevcut \u00e7ene kemi\u011fi yap\u0131n\u0131za (\u00f6l\u00e7\u00fcler vb.) g\u00f6re se\u00e7ilir.  <\/p>\n\n<figure class=\"wp-block-image size-full\"><img fetchpriority=\"high\" decoding=\"async\" width=\"638\" height=\"107\" class=\"wp-image-295\" src=\"https:\/\/medicaltravel.ch\/wp-content\/uploads\/2025\/09\/Implantate.jpg\" alt=\"\" srcset=\"https:\/\/medicaltravel.ch\/wp-content\/uploads\/2025\/09\/Implantate.jpg 638w, https:\/\/medicaltravel.ch\/wp-content\/uploads\/2025\/09\/Implantate-300x50.jpg 300w\" sizes=\"(max-width: 638px) 100vw, 638px\" \/><\/figure>\n\n<figure class=\"wp-block-image size-full\"><img decoding=\"async\" width=\"638\" height=\"107\" class=\"wp-image-296\" src=\"https:\/\/medicaltravel.ch\/wp-content\/uploads\/2025\/09\/implantate2.jpg\" alt=\"\" srcset=\"https:\/\/medicaltravel.ch\/wp-content\/uploads\/2025\/09\/implantate2.jpg 638w, https:\/\/medicaltravel.ch\/wp-content\/uploads\/2025\/09\/implantate2-300x50.jpg 300w\" sizes=\"(max-width: 638px) 100vw, 638px\" \/><\/figure>\n\n<p><strong>Hangi t\u00fcr implantlar kullan\u0131lmaktad\u0131r?<\/strong><\/p>\n\n<p>\u0130lk kontrol\u00fcn sonucuna ba\u011fl\u0131 olarak a\u015fa\u011f\u0131daki implant t\u00fcrlerinden biri kullan\u0131l\u0131r:<\/p>\n\n<ul class=\"wp-block-list\">\n<li>Straumann, \u0130svi\u00e7reli \u00fcretici<\/li>\n\n<li>Straumann, \u0130svi\u00e7reli \u00fcretici<\/li>\n\n<li>Bego, Alman \u00fcretici<\/li>\n\n<li>Astra, \u0130sve\u00e7li \u00fcretici<\/li>\n<\/ul>\n\n<ul class=\"wp-block-list\">\n<li>planlama<\/li>\n<\/ul>\n\n<p>E\u011fer ilk de\u011ferlendirme, sizin i\u00e7in implant uygulamas\u0131n\u0131n m\u00fcmk\u00fcn ve uygun oldu\u011funu g\u00f6sterdiyse, sonraki s\u00fcrecin detayl\u0131 planlamas\u0131 yap\u0131lmal\u0131d\u0131r. Bunun i\u00e7in \u00e7e\u015fitli tetkikler gerekir: r\u00f6ntgenler, model planlamalar\u0131 ve gerekirse t\u0131bbi muayeneler. Hasta olarak bilmeniz gereken, implant uygulamas\u0131ndan sonra da i\u015fbirli\u011finizin gerekli oldu\u011fudur. \u00d6zellikle implant vidalar\u0131n\u0131n \u00e7evresinde olmak \u00fczere a\u011f\u0131z hijyeninin kusursuz bir \u015fekilde s\u00fcrekli korunmas\u0131 gerekir. Bu konuda size ayr\u0131nt\u0131l\u0131 \u015fekilde bilgi verilecektir.    <\/p>\n\n<ul class=\"wp-block-list\">\n<li>\u0130\u015flem (Operasyon)<\/li>\n<\/ul>\n\n<p>\u00c7o\u011fu zaman implant uygulamas\u0131, lokal anestezi alt\u0131nda, ayakta tedavi \u015feklinde yap\u0131labilir. Her a\u011f\u0131z ameliyat\u0131nda olabilece\u011fi gibi, yanakta veya dudakta ge\u00e7ici \u015fi\u015flikler g\u00f6r\u00fclebilir. Ayr\u0131ca nadiren morluk olu\u015fabilir. A\u011fr\u0131 genellikle azd\u0131r ve nadirdir. Bazen, \u00f6nceden yap\u0131lan titiz analizlere ra\u011fmen i\u015flem s\u0131ras\u0131nda implant\u0131n yerle\u015ftirilemeyece\u011fi anla\u015f\u0131labilir. Bu durumda i\u015flem iptal edilir.     <\/p>\n\n<ul class=\"wp-block-list\">\n<li>\u0130yile\u015ftirme<\/li>\n<\/ul>\n\n<p>\u0130mplant\u0131n hemen y\u00fcklenmesinin m\u00fcmk\u00fcn olmad\u0131\u011f\u0131 durumlarda iyile\u015fme s\u00fcresi \u00fc\u00e7 ila alt\u0131 ay s\u00fcrer. Bu s\u00fcre boyunca implantlar \u00e7i\u011fneme s\u0131ras\u0131nda zorlanmamal\u0131, iyile\u015fme s\u00fcreci riske at\u0131lmamal\u0131d\u0131r. <\/p>\n\n<ul class=\"wp-block-list\">\n<li>Komplikasyonlar<\/li>\n<\/ul>\n\n<p>Hi\u00e7bir tedavi tamamen risksiz de\u011fildir: Enfeksiyon riski her zaman vard\u0131r, ancak ciddi sorunlar nadiren g\u00f6r\u00fcl\u00fcr. \u00dcst \u00e7enede, \u00e7ene sin\u00fcs\u00fc veya burun taban\u0131n\u0131n a\u00e7\u0131lmas\u0131 s\u00f6z konusu olabilir. Ancak bu her zaman ba\u015far\u0131s\u0131zl\u0131kla sonu\u00e7lanmaz.  <\/p>\n\n<p>Alt \u00e7enede, alt duda\u011f\u0131n duyusunu (hareketi de\u011fil, hissi) sa\u011flayan bir sinir zarar g\u00f6rebilir. Bu durumda implant\u0131n b\u0131rak\u0131l\u0131p b\u0131rak\u0131lmayaca\u011f\u0131 veya \u00e7\u0131kar\u0131l\u0131p \u00e7\u0131kar\u0131lmayaca\u011f\u0131na karar verilmelidir. Neyse ki, bu t\u00fcr sorunlar \u00e7o\u011funlukla ge\u00e7icidir. Nadiren alt dudakta kal\u0131c\u0131 uyu\u015fma da g\u00f6r\u00fclebilir.   <\/p>\n\n<p>Bazen implant tutmayabilir ve birka\u00e7 ay sonra, ya hemen ya da a\u00e7ma i\u015flemi s\u0131ras\u0131nda gev\u015feme nedeniyle \u00e7\u0131kar\u0131lmas\u0131 gerekebilir. Her durumda, yeniden implant uygulan\u0131p uygulanamayaca\u011f\u0131 ayr\u0131 ayr\u0131 de\u011ferlendirilmelidir. <\/p>\n\n<ul class=\"wp-block-list\">\n<li>Bak\u0131m Sonras\u0131<\/li>\n<\/ul>\n\n<p>Yetersiz bak\u0131m (a\u011f\u0131z hijyeninin eksikli\u011fi) durumunda enfeksiyon riski vard\u0131r. Bu, implant\u0131n \u00f6mr\u00fcn\u00fc \u00f6nemli \u00f6l\u00e7\u00fcde k\u0131saltabilir. Bu nedenle hastan\u0131n bak\u0131m talimatlar\u0131na titizlikle uymas\u0131 gerekir. Olas\u0131 hasarlar\u0131n erken tespiti ve tedavisi i\u00e7in di\u015f hekimi ve\/veya di\u015f hijyenisti taraf\u0131ndan d\u00fczenli periyodik kontroller \u00e7ok \u00f6nemlidir.   <\/p>\n\n<ul class=\"wp-block-list\">\n<li><strong>Maliyetler: T\u00fcrkiye&#8217;de (\u0130stanbul, Antalya, \u0130zmir) di\u015f implantlar\u0131n\u0131n maliyeti ne kadar?<\/strong><\/li>\n<\/ul>\n\n<p>\u0130mplant \u00e7\u00f6z\u00fcmleri s\u0131radan de\u011fildir ve her hasta i\u00e7in \u00e7ok \u00f6zel olarak haz\u0131rlan\u0131r. Bu nedenle maliyetler her zaman tam olarak \u00f6ng\u00f6r\u00fclemez. Ancak her durumda, beklenen tedavi kapsam\u0131na g\u00f6re bir maliyet tahmini alman\u0131z \u00f6nemlidir. Fiyatlar\u0131n genel bir \u00f6zetini <a href=\"https:\/\/medicaltravel.ch\/zahnimplantate\/preise\/preise-in-euro\/\" data-type=\"page\" data-id=\"70\">burada <\/a>bulabilirsiniz.   <\/p>\n\n<p><a href=\"https:\/\/medicaltravel.ch\/zahnimplantate\/preise\/preise-in-euro\/\" data-type=\"page\" data-id=\"70\">Liste fiyatlar\u0131 <\/a>yaln\u0131zca implant tedavisi hakk\u0131nda genel bir fikir vermektedir. Kendi durumunuzu ve tedavi plan\u0131n\u0131z\u0131 bizimle g\u00f6r\u00fc\u015ferek \u00f6\u011frenebilirsiniz. Sorular\u0131n\u0131z\u0131 memnuniyetle yan\u0131tlar\u0131z. L\u00fctfen bizimle <a href=\"https:\/\/medicaltravel.ch\/kontakt\/\" data-type=\"page\" data-id=\"225\">ileti\u015fime <\/a>ge\u00e7in.   <\/p>\n\n<p>Sonu\u00e7 olarak, g\u00fcvenle ve y\u00fcksek ba\u015far\u0131 olas\u0131l\u0131\u011f\u0131yla titiz bir implant tedavisi bekleyebilirsiniz. Bu s\u00fcre\u00e7te sizin i\u015fbirli\u011finiz de \u00e7ok \u00f6nemli bir katk\u0131d\u0131r. <\/p>\n\t\t\t\t\t\t\t\t<\/div>\n\t\t\t\t\t<\/div>\n\t\t\t\t<\/div>\n\t\t\t\t<\/div>\n\t\t","protected":false},"excerpt":{"rendered":"<p>\u0130mplantlar Protezler Kaplamalar \u2013 Beyazlatma Kronlar ve k\u00f6pr\u00fcler di\u015f telleri Di\u015f implantlar\u0131 T\u00fcrkiye \u2013 \u0130stanbul \u2013 Antalya \u2013 \u0130zmir Burada, T\u00fcrk kliniklerinde her zaman y\u00fcksek kalitede yap\u0131lan di\u015f implantlar\u0131yla ilgili kapsaml\u0131 bilgilere ula\u015fabilirsiniz. Di\u015f implantlar\u0131 A\u011f\u0131z i\u00e7i implantasyon, yapay di\u015f k\u00f6klerinin \u00e7ene kemi\u011fine yerle\u015ftirilmesi anlam\u0131na gelir. \u0130yile\u015fme sonras\u0131nda, bu k\u00f6kler yapay di\u015f protezlerini (kuronlar, k\u00f6pr\u00fcler veya takma di\u015fler) sabitlemek i\u00e7in kullan\u0131l\u0131r. \u0130mplantlar, \u00e7ene kemi\u011fi taraf\u0131ndan tahri\u015fe neden olmadan iyi tolere edilen biyouyumlu malzemelerden (titanyum) yap\u0131lm\u0131\u015ft\u0131r. \u00c7ene kemi\u011finde 10 y\u0131l veya daha uzun s\u00fcre kalabilirler. Ancak her bireysel durum i\u00e7in garanti verilemez. \u0130mplantlar\u0131n a\u011f\u0131rl\u0131k ta\u015f\u0131yabilmesi i\u00e7in genellikle birka\u00e7 ayl\u0131k bir iyile\u015fme s\u00fcresi gereklidir. \u0130mplant tipi, \u00f6zel durumunuza ve mevcut \u00e7ene kemi\u011fi yap\u0131n\u0131za (\u00f6l\u00e7\u00fcler vb.) g\u00f6re se\u00e7ilir. Hangi t\u00fcr implantlar kullan\u0131lmaktad\u0131r? \u0130lk kontrol\u00fcn sonucuna ba\u011fl\u0131 olarak a\u015fa\u011f\u0131daki implant t\u00fcrlerinden biri kullan\u0131l\u0131r: Straumann, \u0130svi\u00e7reli \u00fcretici Straumann, \u0130svi\u00e7reli \u00fcretici Bego, Alman \u00fcretici Astra, \u0130sve\u00e7li \u00fcretici planlama E\u011fer ilk de\u011ferlendirme, sizin i\u00e7in implant uygulamas\u0131n\u0131n m\u00fcmk\u00fcn ve uygun oldu\u011funu g\u00f6sterdiyse, sonraki s\u00fcrecin detayl\u0131 planlamas\u0131 yap\u0131lmal\u0131d\u0131r. Bunun i\u00e7in \u00e7e\u015fitli tetkikler gerekir: r\u00f6ntgenler, model planlamalar\u0131 ve gerekirse t\u0131bbi muayeneler. Hasta olarak bilmeniz gereken, implant uygulamas\u0131ndan sonra da i\u015fbirli\u011finizin gerekli oldu\u011fudur. \u00d6zellikle implant vidalar\u0131n\u0131n \u00e7evresinde olmak \u00fczere a\u011f\u0131z hijyeninin kusursuz bir \u015fekilde s\u00fcrekli korunmas\u0131 gerekir. Bu konuda size ayr\u0131nt\u0131l\u0131 \u015fekilde bilgi verilecektir. \u0130\u015flem (Operasyon) \u00c7o\u011fu zaman implant uygulamas\u0131, lokal anestezi alt\u0131nda, ayakta tedavi \u015feklinde yap\u0131labilir. Her a\u011f\u0131z ameliyat\u0131nda olabilece\u011fi gibi, yanakta veya dudakta ge\u00e7ici \u015fi\u015flikler g\u00f6r\u00fclebilir. Ayr\u0131ca nadiren morluk olu\u015fabilir. A\u011fr\u0131 genellikle azd\u0131r ve nadirdir. Bazen, \u00f6nceden yap\u0131lan titiz analizlere ra\u011fmen i\u015flem s\u0131ras\u0131nda implant\u0131n yerle\u015ftirilemeyece\u011fi anla\u015f\u0131labilir. Bu durumda i\u015flem iptal edilir. \u0130yile\u015ftirme \u0130mplant\u0131n hemen y\u00fcklenmesinin m\u00fcmk\u00fcn olmad\u0131\u011f\u0131 durumlarda iyile\u015fme s\u00fcresi \u00fc\u00e7 ila alt\u0131 ay s\u00fcrer. Bu s\u00fcre boyunca implantlar \u00e7i\u011fneme s\u0131ras\u0131nda zorlanmamal\u0131, iyile\u015fme s\u00fcreci riske at\u0131lmamal\u0131d\u0131r. Komplikasyonlar Hi\u00e7bir tedavi tamamen risksiz de\u011fildir: Enfeksiyon riski her zaman vard\u0131r, ancak ciddi sorunlar nadiren g\u00f6r\u00fcl\u00fcr. \u00dcst \u00e7enede, \u00e7ene sin\u00fcs\u00fc veya burun taban\u0131n\u0131n a\u00e7\u0131lmas\u0131 s\u00f6z konusu olabilir. Ancak bu her zaman ba\u015far\u0131s\u0131zl\u0131kla sonu\u00e7lanmaz. Alt \u00e7enede, alt duda\u011f\u0131n duyusunu (hareketi de\u011fil, hissi) sa\u011flayan bir sinir zarar g\u00f6rebilir. Bu durumda implant\u0131n b\u0131rak\u0131l\u0131p b\u0131rak\u0131lmayaca\u011f\u0131 veya \u00e7\u0131kar\u0131l\u0131p \u00e7\u0131kar\u0131lmayaca\u011f\u0131na karar verilmelidir. Neyse ki, bu t\u00fcr sorunlar \u00e7o\u011funlukla ge\u00e7icidir. Nadiren alt dudakta kal\u0131c\u0131 uyu\u015fma da g\u00f6r\u00fclebilir. Bazen implant tutmayabilir ve birka\u00e7 ay sonra, ya hemen ya da a\u00e7ma i\u015flemi s\u0131ras\u0131nda gev\u015feme nedeniyle \u00e7\u0131kar\u0131lmas\u0131 gerekebilir. Her durumda, yeniden implant uygulan\u0131p uygulanamayaca\u011f\u0131 ayr\u0131 ayr\u0131 de\u011ferlendirilmelidir. Bak\u0131m Sonras\u0131 Yetersiz bak\u0131m (a\u011f\u0131z hijyeninin eksikli\u011fi) durumunda enfeksiyon riski vard\u0131r. Bu, implant\u0131n \u00f6mr\u00fcn\u00fc \u00f6nemli \u00f6l\u00e7\u00fcde k\u0131saltabilir. Bu nedenle hastan\u0131n bak\u0131m talimatlar\u0131na titizlikle uymas\u0131 gerekir. Olas\u0131 hasarlar\u0131n erken tespiti ve tedavisi i\u00e7in di\u015f hekimi ve\/veya di\u015f hijyenisti taraf\u0131ndan d\u00fczenli periyodik kontroller \u00e7ok \u00f6nemlidir. Maliyetler: T\u00fcrkiye&#8217;de (\u0130stanbul, Antalya, \u0130zmir) di\u015f implantlar\u0131n\u0131n maliyeti ne kadar? \u0130mplant \u00e7\u00f6z\u00fcmleri s\u0131radan de\u011fildir ve her hasta i\u00e7in \u00e7ok \u00f6zel olarak haz\u0131rlan\u0131r. Bu nedenle maliyetler her zaman tam olarak \u00f6ng\u00f6r\u00fclemez. Ancak her durumda, beklenen tedavi kapsam\u0131na g\u00f6re bir maliyet tahmini alman\u0131z \u00f6nemlidir. Fiyatlar\u0131n genel bir \u00f6zetini burada bulabilirsiniz. Liste fiyatlar\u0131 yaln\u0131zca implant tedavisi hakk\u0131nda genel bir fikir vermektedir. Kendi durumunuzu ve tedavi plan\u0131n\u0131z\u0131 bizimle g\u00f6r\u00fc\u015ferek \u00f6\u011frenebilirsiniz. Sorular\u0131n\u0131z\u0131 memnuniyetle yan\u0131tlar\u0131z. L\u00fctfen bizimle ileti\u015fime ge\u00e7in. Sonu\u00e7 olarak, g\u00fcvenle ve y\u00fcksek ba\u015far\u0131 olas\u0131l\u0131\u011f\u0131yla titiz bir implant tedavisi bekleyebilirsiniz. Bu s\u00fcre\u00e7te sizin i\u015fbirli\u011finiz de \u00e7ok \u00f6nemli bir katk\u0131d\u0131r.<\/p>\n","protected":false},"author":4,"featured_media":0,"parent":4973,"menu_order":0,"comment_status":"closed","ping_status":"closed","template":"","meta":{"_joinchat":[],"footnotes":""},"class_list":["post-4998","page","type-page","status-publish","hentry"],"acf":[],"_links":{"self":[{"href":"https:\/\/medicaltravel.ch\/tr\/wp-json\/wp\/v2\/pages\/4998","targetHints":{"allow":["GET"]}}],"collection":[{"href":"https:\/\/medicaltravel.ch\/tr\/wp-json\/wp\/v2\/pages"}],"about":[{"href":"https:\/\/medicaltravel.ch\/tr\/wp-json\/wp\/v2\/types\/page"}],"author":[{"embeddable":true,"href":"https:\/\/medicaltravel.ch\/tr\/wp-json\/wp\/v2\/users\/4"}],"replies":[{"embeddable":true,"href":"https:\/\/medicaltravel.ch\/tr\/wp-json\/wp\/v2\/comments?post=4998"}],"version-history":[{"count":5,"href":"https:\/\/medicaltravel.ch\/tr\/wp-json\/wp\/v2\/pages\/4998\/revisions"}],"predecessor-version":[{"id":5005,"href":"https:\/\/medicaltravel.ch\/tr\/wp-json\/wp\/v2\/pages\/4998\/revisions\/5005"}],"up":[{"embeddable":true,"href":"https:\/\/medicaltravel.ch\/tr\/wp-json\/wp\/v2\/pages\/4973"}],"wp:attachment":[{"href":"https:\/\/medicaltravel.ch\/tr\/wp-json\/wp\/v2\/media?parent=4998"}],"curies":[{"name":"wp","href":"https:\/\/api.w.org\/{rel}","templated":true}]}}