{"id":5011,"date":"2025-09-17T07:49:44","date_gmt":"2025-09-17T06:49:44","guid":{"rendered":"https:\/\/medicaltravel.ch\/dentalreisen\/hizmet-yelpazesi\/dis-protezleri-tuerkiye-istanbul-antalya-izmir-bodrum-kusadasi\/"},"modified":"2026-01-03T19:57:59","modified_gmt":"2026-01-03T18:57:59","slug":"dis-protezleri-tuerkiye-istanbul-antalya-izmir-bodrum-kusadasi","status":"publish","type":"page","link":"https:\/\/medicaltravel.ch\/tr\/disci-gezileri\/hizmet-yelpazesi\/dis-protezleri-tuerkiye-istanbul-antalya-izmir-bodrum-kusadasi\/","title":{"rendered":"Di\u015f protezleri T\u00fcrkiye \u2013 \u0130stanbul \u2013 Antalya \u2013 \u0130zmir \u2013 Bodrum \u2013 Ku\u015fadas\u0131"},"content":{"rendered":"\t\t<div data-elementor-type=\"wp-page\" data-elementor-id=\"5011\" class=\"elementor elementor-5011 elementor-36\" data-elementor-post-type=\"page\">\n\t\t\t\t<div class=\"elementor-element elementor-element-305bf093 e-flex e-con-boxed wpr-particle-no wpr-jarallax-no wpr-parallax-no wpr-sticky-section-no e-con e-parent\" data-id=\"305bf093\" data-element_type=\"container\" data-e-type=\"container\">\n\t\t\t\t\t<div class=\"e-con-inner\">\n\t\t<div class=\"elementor-element elementor-element-7c8bfea e-con-full e-flex wpr-particle-no wpr-jarallax-no wpr-parallax-no wpr-sticky-section-no e-con e-child\" data-id=\"7c8bfea\" data-element_type=\"container\" data-e-type=\"container\">\n\t\t\t\t<div class=\"elementor-element elementor-element-ab62561 elementor-widget elementor-widget-button\" data-id=\"ab62561\" data-element_type=\"widget\" data-e-type=\"widget\" data-widget_type=\"button.default\">\n\t\t\t\t\t\t\t\t\t\t<a class=\"elementor-button elementor-button-link elementor-size-sm\" href=\"https:\/\/medicaltravel.ch\/tr\/dentalreisen\/hizmet-yelpazesi\/dis-implantlari-tuerkiye-istanbul-antalya-izmir-bodrum-kusadasi\/\">\n\t\t\t\t\t\t<span class=\"elementor-button-content-wrapper\">\n\t\t\t\t\t\t\t\t\t<span class=\"elementor-button-text\">\u0130mplantlar<\/span>\n\t\t\t\t\t<\/span>\n\t\t\t\t\t<\/a>\n\t\t\t\t\t\t\t\t<\/div>\n\t\t\t\t<div class=\"elementor-element elementor-element-ba037cd elementor-widget elementor-widget-button\" data-id=\"ba037cd\" data-element_type=\"widget\" data-e-type=\"widget\" data-widget_type=\"button.default\">\n\t\t\t\t\t\t\t\t\t\t<a class=\"elementor-button elementor-button-link elementor-size-sm\" href=\"https:\/\/medicaltravel.ch\/tr\/dentalreisen\/hizmet-yelpazesi\/dis-protezleri-tuerkiye-istanbul-antalya-izmir-bodrum-kusadasi\/\">\n\t\t\t\t\t\t<span class=\"elementor-button-content-wrapper\">\n\t\t\t\t\t\t\t\t\t<span class=\"elementor-button-text\">Protezler<\/span>\n\t\t\t\t\t<\/span>\n\t\t\t\t\t<\/a>\n\t\t\t\t\t\t\t\t<\/div>\n\t\t\t\t<div class=\"elementor-element elementor-element-0fdf103 elementor-widget elementor-widget-button\" data-id=\"0fdf103\" data-element_type=\"widget\" data-e-type=\"widget\" data-widget_type=\"button.default\">\n\t\t\t\t\t\t\t\t\t\t<a class=\"elementor-button elementor-button-link elementor-size-sm\" href=\"https:\/\/medicaltravel.ch\/zahnimplantate\/zahnkliniken\/zahnklinik-in-antalya\/\">\n\t\t\t\t\t\t<span class=\"elementor-button-content-wrapper\">\n\t\t\t\t\t\t\t\t\t<span class=\"elementor-button-text\">Kaplamalar \u2013 Beyazlatma<\/span>\n\t\t\t\t\t<\/span>\n\t\t\t\t\t<\/a>\n\t\t\t\t\t\t\t\t<\/div>\n\t\t\t\t<div class=\"elementor-element elementor-element-35691b0 elementor-widget elementor-widget-button\" data-id=\"35691b0\" data-element_type=\"widget\" data-e-type=\"widget\" data-widget_type=\"button.default\">\n\t\t\t\t\t\t\t\t\t\t<a class=\"elementor-button elementor-button-link elementor-size-sm\" href=\"https:\/\/medicaltravel.ch\/tr\/dentalreisen\/hizmet-yelpazesi\/kronen-und-bruecken-tuerkei-istanbul-antalya-izmir-kusadasi\/\">\n\t\t\t\t\t\t<span class=\"elementor-button-content-wrapper\">\n\t\t\t\t\t\t\t\t\t<span class=\"elementor-button-text\">Kronlar ve k\u00f6pr\u00fcler<\/span>\n\t\t\t\t\t<\/span>\n\t\t\t\t\t<\/a>\n\t\t\t\t\t\t\t\t<\/div>\n\t\t\t\t<div class=\"elementor-element elementor-element-77b150e elementor-widget elementor-widget-button\" data-id=\"77b150e\" data-element_type=\"widget\" data-e-type=\"widget\" data-widget_type=\"button.default\">\n\t\t\t\t\t\t\t\t\t\t<a class=\"elementor-button elementor-button-link elementor-size-sm\" href=\"https:\/\/medicaltravel.ch\/zahnimplantate\/leistungsspektrum\/zahnspange-tuerkei-istanbul\/\">\n\t\t\t\t\t\t<span class=\"elementor-button-content-wrapper\">\n\t\t\t\t\t\t\t\t\t<span class=\"elementor-button-text\">di\u015f telleri<\/span>\n\t\t\t\t\t<\/span>\n\t\t\t\t\t<\/a>\n\t\t\t\t\t\t\t\t<\/div>\n\t\t\t\t<\/div>\n\t\t\t\t<div class=\"elementor-element elementor-element-23d4cf82 elementor-widget elementor-widget-text-editor\" data-id=\"23d4cf82\" data-element_type=\"widget\" data-e-type=\"widget\" data-widget_type=\"text-editor.default\">\n\t\t\t\t\t\t\t\t\t\n<h2 class=\"wp-block-heading\">Di\u015f protezi T\u00fcrkiye \u2013 \u0130stanbul \u2013 Antalya \u2013 \u0130zmir<\/h2>\n\n<p>Burada, T\u00fcrk kliniklerinde her zaman y\u00fcksek kalitede ger\u00e7ekle\u015ftirilen protez tedavileri hakk\u0131nda bilgiler bulabilirsiniz.<\/p>\n\n<p><strong>K\u0131smi protezler<\/strong><\/p>\n\n<p>K\u0131smi protez, metal kancalar kullan\u0131larak ki\u015finin kendi di\u015flerine tutturulur.<\/p>\n\n<p>En basit k\u0131smi protezler, kalan di\u015flere tutturulan kancalarla sabitlenir. Bu kancalar, genellikle d\u00fc\u015f\u00fcn\u00fcld\u00fc\u011f\u00fc kadar di\u015fi a\u015f\u0131nd\u0131rmaz, ancak di\u015fe olumsuz bir y\u00fck bindirir ve yaln\u0131zca s\u0131n\u0131rl\u0131 bir tutuculuk sa\u011flar. <\/p>\n\n<p>Estetik a\u00e7\u0131dan rahats\u0131z edici kancalar sorun yarat\u0131yorsa, kom\u015fu kaplamalara tutturulan hassas ba\u011flant\u0131 elemanlar\u0131 (pr\u00e4zisionsanker) kullan\u0131labilir.<\/p>\n\n<figure class=\"wp-block-image size-full\"><img decoding=\"async\" width=\"140\" height=\"122\" class=\"wp-image-299\" src=\"https:\/\/medicaltravel.ch\/wp-content\/uploads\/2025\/09\/praezisionsanker.jpg\" alt=\"\"><\/figure>\n\n<p><strong>Tam protezler<\/strong><\/p>\n\n<p>Tam protez, tamamen di\u015fsiz bir \u00e7enenin \u00e7\u0131kar\u0131labilir protezle tedavi edilmesi anlam\u0131na gelir. Di\u015f bo\u015fluklar\u0131, sabit protezle kapatamayacak kadar b\u00fcy\u00fckse veya hi\u00e7 di\u015f kalmam\u0131\u015fsa, \u00e7\u0131kar\u0131labilir protez genellikle ka\u00e7\u0131n\u0131lmazd\u0131r. Tam protez, t\u00fcm di\u015f dokusu kaybedildi\u011finde gereklidir. <\/p>\n\n<p>Do\u011fal di\u015flerin tam bir yerine ge\u00e7en tam protez, h\u00e2l\u00e2 en zahmetli protez t\u00fcr\u00fc olarak kabul edilir. Protezin yap\u0131s\u0131 ve estetik tasar\u0131m\u0131 bir\u00e7ok se\u00e7ene\u011fe izin verir ve i\u015flevsel ve estetik a\u00e7\u0131dan tatmin edici bir protezin tamamlanmas\u0131 i\u00e7in bir\u00e7ok i\u015flem gereklidir.<\/p>\n\n<p><a href=\"https:\/\/medicaltravel.ch\/zahnimplantate\/preise\/preise-in-euro\/\" data-type=\"page\" data-id=\"70\">Fiyatlarla ilgili bilgileri<\/a> burada bulabilirsiniz.<\/p>\n\n<p><strong>T\u00fcrkiye&#8217;de &#8211; \u0130stanbul &#8211; Antalya &#8211; \u0130zmir&#8217;de protez di\u015flerin fiyat\u0131 ne kadar?<\/strong><\/p>\n\n<p>Fiyat vermek i\u00e7in a\u011f\u0131z i\u00e7i foto\u011fraflar\u0131na ve m\u00fcmk\u00fcnse panoramik r\u00f6ntgen g\u00f6r\u00fcnt\u00fcs\u00fcne ihtiya\u00e7 vard\u0131r. Genel olarak tam protezin maliyeti yakla\u015f\u0131k 720 Euro\u2019dur. <\/p>\n\n<p>Maliyetler hakk\u0131nda daha fazla bilgiyi <a href=\"https:\/\/medicaltravel.ch\/zahnimplantate\/preise\/preise-in-euro\/\" data-type=\"page\" data-id=\"70\">burada <\/a>bulabilirsiniz.<\/p>\n\n<figure class=\"wp-block-image size-full\"><img decoding=\"async\" width=\"140\" height=\"122\" class=\"wp-image-300\" src=\"https:\/\/medicaltravel.ch\/wp-content\/uploads\/2025\/09\/Prothesen.jpg\" alt=\"\"><\/figure>\n\t\t\t\t\t\t\t\t<\/div>\n\t\t\t\t\t<\/div>\n\t\t\t\t<\/div>\n\t\t\t\t<\/div>\n\t\t","protected":false},"excerpt":{"rendered":"<p>\u0130mplantlar Protezler Kaplamalar \u2013 Beyazlatma Kronlar ve k\u00f6pr\u00fcler di\u015f telleri Di\u015f protezi T\u00fcrkiye \u2013 \u0130stanbul \u2013 Antalya \u2013 \u0130zmir Burada, T\u00fcrk kliniklerinde her zaman y\u00fcksek kalitede ger\u00e7ekle\u015ftirilen protez tedavileri hakk\u0131nda bilgiler bulabilirsiniz. K\u0131smi protezler K\u0131smi protez, metal kancalar kullan\u0131larak ki\u015finin kendi di\u015flerine tutturulur. En basit k\u0131smi protezler, kalan di\u015flere tutturulan kancalarla sabitlenir. Bu kancalar, genellikle d\u00fc\u015f\u00fcn\u00fcld\u00fc\u011f\u00fc kadar di\u015fi a\u015f\u0131nd\u0131rmaz, ancak di\u015fe olumsuz bir y\u00fck bindirir ve yaln\u0131zca s\u0131n\u0131rl\u0131 bir tutuculuk sa\u011flar. Estetik a\u00e7\u0131dan rahats\u0131z edici kancalar sorun yarat\u0131yorsa, kom\u015fu kaplamalara tutturulan hassas ba\u011flant\u0131 elemanlar\u0131 (pr\u00e4zisionsanker) kullan\u0131labilir. Tam protezler Tam protez, tamamen di\u015fsiz bir \u00e7enenin \u00e7\u0131kar\u0131labilir protezle tedavi edilmesi anlam\u0131na gelir. Di\u015f bo\u015fluklar\u0131, sabit protezle kapatamayacak kadar b\u00fcy\u00fckse veya hi\u00e7 di\u015f kalmam\u0131\u015fsa, \u00e7\u0131kar\u0131labilir protez genellikle ka\u00e7\u0131n\u0131lmazd\u0131r. Tam protez, t\u00fcm di\u015f dokusu kaybedildi\u011finde gereklidir. Do\u011fal di\u015flerin tam bir yerine ge\u00e7en tam protez, h\u00e2l\u00e2 en zahmetli protez t\u00fcr\u00fc olarak kabul edilir. Protezin yap\u0131s\u0131 ve estetik tasar\u0131m\u0131 bir\u00e7ok se\u00e7ene\u011fe izin verir ve i\u015flevsel ve estetik a\u00e7\u0131dan tatmin edici bir protezin tamamlanmas\u0131 i\u00e7in bir\u00e7ok i\u015flem gereklidir. Fiyatlarla ilgili bilgileri burada bulabilirsiniz. T\u00fcrkiye&#8217;de &#8211; \u0130stanbul &#8211; Antalya &#8211; \u0130zmir&#8217;de protez di\u015flerin fiyat\u0131 ne kadar? Fiyat vermek i\u00e7in a\u011f\u0131z i\u00e7i foto\u011fraflar\u0131na ve m\u00fcmk\u00fcnse panoramik r\u00f6ntgen g\u00f6r\u00fcnt\u00fcs\u00fcne ihtiya\u00e7 vard\u0131r. Genel olarak tam protezin maliyeti yakla\u015f\u0131k 720 Euro\u2019dur. Maliyetler hakk\u0131nda daha fazla bilgiyi burada bulabilirsiniz.<\/p>\n","protected":false},"author":4,"featured_media":0,"parent":4973,"menu_order":0,"comment_status":"closed","ping_status":"closed","template":"","meta":{"_joinchat":[],"footnotes":""},"class_list":["post-5011","page","type-page","status-publish","hentry"],"acf":[],"_links":{"self":[{"href":"https:\/\/medicaltravel.ch\/tr\/wp-json\/wp\/v2\/pages\/5011","targetHints":{"allow":["GET"]}}],"collection":[{"href":"https:\/\/medicaltravel.ch\/tr\/wp-json\/wp\/v2\/pages"}],"about":[{"href":"https:\/\/medicaltravel.ch\/tr\/wp-json\/wp\/v2\/types\/page"}],"author":[{"embeddable":true,"href":"https:\/\/medicaltravel.ch\/tr\/wp-json\/wp\/v2\/users\/4"}],"replies":[{"embeddable":true,"href":"https:\/\/medicaltravel.ch\/tr\/wp-json\/wp\/v2\/comments?post=5011"}],"version-history":[{"count":5,"href":"https:\/\/medicaltravel.ch\/tr\/wp-json\/wp\/v2\/pages\/5011\/revisions"}],"predecessor-version":[{"id":5019,"href":"https:\/\/medicaltravel.ch\/tr\/wp-json\/wp\/v2\/pages\/5011\/revisions\/5019"}],"up":[{"embeddable":true,"href":"https:\/\/medicaltravel.ch\/tr\/wp-json\/wp\/v2\/pages\/4973"}],"wp:attachment":[{"href":"https:\/\/medicaltravel.ch\/tr\/wp-json\/wp\/v2\/media?parent=5011"}],"curies":[{"name":"wp","href":"https:\/\/api.w.org\/{rel}","templated":true}]}}