{"id":5020,"date":"2025-09-17T07:57:18","date_gmt":"2025-09-17T06:57:18","guid":{"rendered":"https:\/\/medicaltravel.ch\/dentalreisen\/hizmet-yelpazesi\/dis-teli-ortodonti-tedavisi-tuerkiye-istanbul-zuerih\/"},"modified":"2026-01-03T20:04:51","modified_gmt":"2026-01-03T19:04:51","slug":"dis-teli-ortodonti-tedavisi-tuerkiye-istanbul-zuerih","status":"publish","type":"page","link":"https:\/\/medicaltravel.ch\/tr\/disci-gezileri\/hizmet-yelpazesi\/dis-teli-ortodonti-tedavisi-tuerkiye-istanbul-zuerih\/","title":{"rendered":"Di\u015f teli ortodonti tedavisi T\u00fcrkiye \u0130stanbul Z\u00fcrih"},"content":{"rendered":"\t\t<div data-elementor-type=\"wp-page\" data-elementor-id=\"5020\" class=\"elementor elementor-5020 elementor-42\" data-elementor-post-type=\"page\">\n\t\t\t\t<div class=\"elementor-element elementor-element-7f805a42 e-flex e-con-boxed wpr-particle-no wpr-jarallax-no wpr-parallax-no wpr-sticky-section-no e-con e-parent\" data-id=\"7f805a42\" data-element_type=\"container\" data-e-type=\"container\">\n\t\t\t\t\t<div class=\"e-con-inner\">\n\t\t<div class=\"elementor-element elementor-element-0f5bfdb e-con-full e-flex wpr-particle-no wpr-jarallax-no wpr-parallax-no wpr-sticky-section-no e-con e-child\" data-id=\"0f5bfdb\" data-element_type=\"container\" data-e-type=\"container\">\n\t\t\t\t<div class=\"elementor-element elementor-element-e057b02 elementor-widget elementor-widget-button\" data-id=\"e057b02\" data-element_type=\"widget\" data-e-type=\"widget\" data-widget_type=\"button.default\">\n\t\t\t\t\t\t\t\t\t\t<a class=\"elementor-button elementor-button-link elementor-size-sm\" href=\"https:\/\/medicaltravel.ch\/tr\/dentalreisen\/hizmet-yelpazesi\/dis-implantlari-tuerkiye-istanbul-antalya-izmir-bodrum-kusadasi\/\">\n\t\t\t\t\t\t<span class=\"elementor-button-content-wrapper\">\n\t\t\t\t\t\t\t\t\t<span class=\"elementor-button-text\">\u0130mplantlar<\/span>\n\t\t\t\t\t<\/span>\n\t\t\t\t\t<\/a>\n\t\t\t\t\t\t\t\t<\/div>\n\t\t\t\t<div class=\"elementor-element elementor-element-6722471 elementor-widget elementor-widget-button\" data-id=\"6722471\" data-element_type=\"widget\" data-e-type=\"widget\" data-widget_type=\"button.default\">\n\t\t\t\t\t\t\t\t\t\t<a class=\"elementor-button elementor-button-link elementor-size-sm\" href=\"https:\/\/medicaltravel.ch\/tr\/dentalreisen\/hizmet-yelpazesi\/dis-protezleri-tuerkiye-istanbul-antalya-izmir-bodrum-kusadasi\/\">\n\t\t\t\t\t\t<span class=\"elementor-button-content-wrapper\">\n\t\t\t\t\t\t\t\t\t<span class=\"elementor-button-text\">Protezler<\/span>\n\t\t\t\t\t<\/span>\n\t\t\t\t\t<\/a>\n\t\t\t\t\t\t\t\t<\/div>\n\t\t\t\t<div class=\"elementor-element elementor-element-7af6f3f elementor-widget elementor-widget-button\" data-id=\"7af6f3f\" data-element_type=\"widget\" data-e-type=\"widget\" data-widget_type=\"button.default\">\n\t\t\t\t\t\t\t\t\t\t<a class=\"elementor-button elementor-button-link elementor-size-sm\" href=\"https:\/\/medicaltravel.ch\/zahnimplantate\/zahnkliniken\/zahnklinik-in-antalya\/\">\n\t\t\t\t\t\t<span class=\"elementor-button-content-wrapper\">\n\t\t\t\t\t\t\t\t\t<span class=\"elementor-button-text\">Kaplamalar \u2013 Beyazlatma<\/span>\n\t\t\t\t\t<\/span>\n\t\t\t\t\t<\/a>\n\t\t\t\t\t\t\t\t<\/div>\n\t\t\t\t<div class=\"elementor-element elementor-element-f60e19d elementor-widget elementor-widget-button\" data-id=\"f60e19d\" data-element_type=\"widget\" data-e-type=\"widget\" data-widget_type=\"button.default\">\n\t\t\t\t\t\t\t\t\t\t<a class=\"elementor-button elementor-button-link elementor-size-sm\" href=\"https:\/\/medicaltravel.ch\/tr\/dentalreisen\/hizmet-yelpazesi\/kronen-und-bruecken-tuerkei-istanbul-antalya-izmir-kusadasi\/\">\n\t\t\t\t\t\t<span class=\"elementor-button-content-wrapper\">\n\t\t\t\t\t\t\t\t\t<span class=\"elementor-button-text\">Kronlar ve k\u00f6pr\u00fcler<\/span>\n\t\t\t\t\t<\/span>\n\t\t\t\t\t<\/a>\n\t\t\t\t\t\t\t\t<\/div>\n\t\t\t\t<div class=\"elementor-element elementor-element-36bdf6b elementor-widget elementor-widget-button\" data-id=\"36bdf6b\" data-element_type=\"widget\" data-e-type=\"widget\" data-widget_type=\"button.default\">\n\t\t\t\t\t\t\t\t\t\t<a class=\"elementor-button elementor-button-link elementor-size-sm\" href=\"https:\/\/medicaltravel.ch\/tr\/dentalreisen\/hizmet-yelpazesi\/dis-teli-ortodonti-tedavisi-tuerkiye-istanbul-zuerih\/\">\n\t\t\t\t\t\t<span class=\"elementor-button-content-wrapper\">\n\t\t\t\t\t\t\t\t\t<span class=\"elementor-button-text\">di\u015f telleri<\/span>\n\t\t\t\t\t<\/span>\n\t\t\t\t\t<\/a>\n\t\t\t\t\t\t\t\t<\/div>\n\t\t\t\t<\/div>\n\t\t\t\t<div class=\"elementor-element elementor-element-357a7bab elementor-widget elementor-widget-text-editor\" data-id=\"357a7bab\" data-element_type=\"widget\" data-e-type=\"widget\" data-widget_type=\"text-editor.default\">\n\t\t\t\t\t\t\t\t\t\n<h2 class=\"wp-block-heading\">Di\u015f teli T\u00fcrkiye \u0130stanbul, \u00f6n ve son kontroller Z\u00fcrih\u2019te yap\u0131l\u0131r<\/h2>\n\n<h3 class=\"wp-block-heading\">Di\u015f teli Invisalign T\u00fcrkiye \u0130stanbul<\/h3>\n\n<p>Braketli di\u015f teli halk aras\u0131nda bah\u00e7e teli olarak bilinen \u00e7\u0131kar\u0131labilir ve sabit di\u015f telleri<\/p>\n\n<p>Di\u015f dizilimi d\u00fczeltmeleri \u00e7ocuklarda, gen\u00e7lerde ve yeti\u015fkinlerde m\u00fcmk\u00fcnd\u00fcr. \u00c7ene bozukluklar\u0131 b\u00fcy\u00fcme d\u00f6neminde tedavi edilmelidir, estetik d\u00fczeltmeler ise ya\u015fa ba\u011fl\u0131 de\u011fildir. Bunun i\u00e7in di\u015fleri destekleyen dokunun sa\u011fl\u0131kl\u0131 olmas\u0131 ve a\u011f\u0131z hijyeninin iyi olmas\u0131 gerekir.  <\/p>\n\n<p>Di\u015f ve \u00e7ene bozuklu\u011funun t\u00fcr\u00fcne g\u00f6re \u00e7\u0131kar\u0131labilir ya da sabit apareyler kullan\u0131l\u0131r.<\/p>\n\n<p>Sabit apareyler braket ve tellerden olu\u015fur ve klasik olarak di\u015flerin \u00f6n y\u00fczeyine tak\u0131l\u0131r. Yeti\u015fkinlerde ise \u00e7o\u011fu zaman di\u015flerin i\u00e7, yani dile bakan taraf\u0131na yap\u0131\u015ft\u0131r\u0131l\u0131r ve bu sayede g\u00f6r\u00fcnmez olur. <\/p>\n\n<p>G\u00f6r\u00fcnmez di\u015f teli yeti\u015fkinler ve gen\u00e7ler i\u00e7in Invisalign \u00fcr\u00fcn\u00fc<\/p>\n\n<p>Invisalign y\u00f6ntemi, \u00f6zel olarak \u00fcretilen, \u015feffaf ve neredeyse g\u00f6r\u00fcnmeyen plaklarla uygulan\u0131r ve bu plaklar iki haftada bir yenileriyle de\u011fi\u015ftirilir. Tedavi ba\u015flang\u0131c\u0131nda sanal bir tedavi plan\u0131 sayesinde elde edilecek sonu\u00e7 \u00f6nceden g\u00f6r\u00fclebilir. Her yeni plak setiyle di\u015flerin dizilimi ad\u0131m ad\u0131m d\u00fczeltilir. Plaklar \u00e7\u0131kar\u0131labilir, kullan\u0131m\u0131 rahatt\u0131r ve tedavide etkilidir.   <\/p>\n\n<p>T\u00fcrkiye\u2019de ortodonti<br>Z\u00fcrih\u2019te \u00f6n ve son kontrol imk\u00e2nlar\u0131yla (as\u0131l tedaviler \u0130stanbul\u2019da yap\u0131l\u0131r) \u0130stanbul\u2019da her t\u00fcrl\u00fc ortodonti tedavisini sunabiliyoruz.<\/p>\n\n<p>Z\u00fcrih\u2019te \u00f6n ve son kontroller<br>Di\u015f teli tedavileri bir\u00e7ok kontrol ve ayarlama gerektirir. T\u00fcm \u00f6n ve son kontrolleri Z\u00fcrih\u2019teki partner klini\u011fimizde sunuyoruz. Bu sayede \u0130stanbul\u2019a yaln\u0131zca bir kez seyahat etmeniz yeterlidir. Z\u00fcrih\u2019te yap\u0131lan kontrollerin maliyeti fiyata dahildir.   <\/p>\n\n<p><strong>\u0130stanbul\u2019da di\u015f teli tedavisi ne kadar? Fiyatlar nedir? <br><\/strong>Yap\u0131lacak i\u015fleme g\u00f6re fiyatlar 3.000 Euro\u2019dan ba\u015flay\u0131p 5.000 Euro\u2019ya kadar \u00e7\u0131kmaktad\u0131r. Z\u00fcrih\u2019te bir dan\u0131\u015fmanl\u0131k randevusu ayarlayabilir ya da bize <a href=\"mailto:info@medicaltravel.net\">e-posta<\/a>, <a href=\"https:\/\/medicaltravel.ch\/home\/kontakt\/\" data-type=\"page\" data-id=\"225\">buradan <\/a>veya <a href=\"https:\/\/web.whatsapp.com\/send?phone=41%2078%20737%2035%2041&amp;text=&amp;source=&amp;data=\" target=\"_blank\" rel=\"noreferrer noopener nofollow\">WhatsApp <\/a>\u00fczerinden foto\u011fraf g\u00f6nderebilirsiniz. <\/p>\n\n<figure class=\"wp-block-image size-full\"><img decoding=\"async\" width=\"300\" height=\"164\" class=\"wp-image-315\" src=\"https:\/\/medicaltravel.ch\/wp-content\/uploads\/2025\/09\/zahnspange_1-300x164-1.jpeg\" alt=\"\"><\/figure>\n\n<p id=\"caption-attachment-7572\">\u0130stanbul&#8217;da ortodontik teller<\/p>\n\t\t\t\t\t\t\t\t<\/div>\n\t\t\t\t\t<\/div>\n\t\t\t\t<\/div>\n\t\t\t\t<\/div>\n\t\t","protected":false},"excerpt":{"rendered":"<p>\u0130mplantlar Protezler Kaplamalar \u2013 Beyazlatma Kronlar ve k\u00f6pr\u00fcler di\u015f telleri Di\u015f teli T\u00fcrkiye \u0130stanbul, \u00f6n ve son kontroller Z\u00fcrih\u2019te yap\u0131l\u0131r Di\u015f teli Invisalign T\u00fcrkiye \u0130stanbul Braketli di\u015f teli halk aras\u0131nda bah\u00e7e teli olarak bilinen \u00e7\u0131kar\u0131labilir ve sabit di\u015f telleri Di\u015f dizilimi d\u00fczeltmeleri \u00e7ocuklarda, gen\u00e7lerde ve yeti\u015fkinlerde m\u00fcmk\u00fcnd\u00fcr. \u00c7ene bozukluklar\u0131 b\u00fcy\u00fcme d\u00f6neminde tedavi edilmelidir, estetik d\u00fczeltmeler ise ya\u015fa ba\u011fl\u0131 de\u011fildir. Bunun i\u00e7in di\u015fleri destekleyen dokunun sa\u011fl\u0131kl\u0131 olmas\u0131 ve a\u011f\u0131z hijyeninin iyi olmas\u0131 gerekir. Di\u015f ve \u00e7ene bozuklu\u011funun t\u00fcr\u00fcne g\u00f6re \u00e7\u0131kar\u0131labilir ya da sabit apareyler kullan\u0131l\u0131r. Sabit apareyler braket ve tellerden olu\u015fur ve klasik olarak di\u015flerin \u00f6n y\u00fczeyine tak\u0131l\u0131r. Yeti\u015fkinlerde ise \u00e7o\u011fu zaman di\u015flerin i\u00e7, yani dile bakan taraf\u0131na yap\u0131\u015ft\u0131r\u0131l\u0131r ve bu sayede g\u00f6r\u00fcnmez olur. G\u00f6r\u00fcnmez di\u015f teli yeti\u015fkinler ve gen\u00e7ler i\u00e7in Invisalign \u00fcr\u00fcn\u00fc Invisalign y\u00f6ntemi, \u00f6zel olarak \u00fcretilen, \u015feffaf ve neredeyse g\u00f6r\u00fcnmeyen plaklarla uygulan\u0131r ve bu plaklar iki haftada bir yenileriyle de\u011fi\u015ftirilir. Tedavi ba\u015flang\u0131c\u0131nda sanal bir tedavi plan\u0131 sayesinde elde edilecek sonu\u00e7 \u00f6nceden g\u00f6r\u00fclebilir. Her yeni plak setiyle di\u015flerin dizilimi ad\u0131m ad\u0131m d\u00fczeltilir. Plaklar \u00e7\u0131kar\u0131labilir, kullan\u0131m\u0131 rahatt\u0131r ve tedavide etkilidir. T\u00fcrkiye\u2019de ortodontiZ\u00fcrih\u2019te \u00f6n ve son kontrol imk\u00e2nlar\u0131yla (as\u0131l tedaviler \u0130stanbul\u2019da yap\u0131l\u0131r) \u0130stanbul\u2019da her t\u00fcrl\u00fc ortodonti tedavisini sunabiliyoruz. Z\u00fcrih\u2019te \u00f6n ve son kontrollerDi\u015f teli tedavileri bir\u00e7ok kontrol ve ayarlama gerektirir. T\u00fcm \u00f6n ve son kontrolleri Z\u00fcrih\u2019teki partner klini\u011fimizde sunuyoruz. Bu sayede \u0130stanbul\u2019a yaln\u0131zca bir kez seyahat etmeniz yeterlidir. Z\u00fcrih\u2019te yap\u0131lan kontrollerin maliyeti fiyata dahildir. \u0130stanbul\u2019da di\u015f teli tedavisi ne kadar? Fiyatlar nedir? Yap\u0131lacak i\u015fleme g\u00f6re fiyatlar 3.000 Euro\u2019dan ba\u015flay\u0131p 5.000 Euro\u2019ya kadar \u00e7\u0131kmaktad\u0131r. Z\u00fcrih\u2019te bir dan\u0131\u015fmanl\u0131k randevusu ayarlayabilir ya da bize e-posta, buradan veya WhatsApp \u00fczerinden foto\u011fraf g\u00f6nderebilirsiniz. \u0130stanbul&#8217;da ortodontik teller<\/p>\n","protected":false},"author":4,"featured_media":0,"parent":4973,"menu_order":0,"comment_status":"closed","ping_status":"closed","template":"","meta":{"_joinchat":[],"footnotes":""},"class_list":["post-5020","page","type-page","status-publish","hentry"],"acf":[],"_links":{"self":[{"href":"https:\/\/medicaltravel.ch\/tr\/wp-json\/wp\/v2\/pages\/5020","targetHints":{"allow":["GET"]}}],"collection":[{"href":"https:\/\/medicaltravel.ch\/tr\/wp-json\/wp\/v2\/pages"}],"about":[{"href":"https:\/\/medicaltravel.ch\/tr\/wp-json\/wp\/v2\/types\/page"}],"author":[{"embeddable":true,"href":"https:\/\/medicaltravel.ch\/tr\/wp-json\/wp\/v2\/users\/4"}],"replies":[{"embeddable":true,"href":"https:\/\/medicaltravel.ch\/tr\/wp-json\/wp\/v2\/comments?post=5020"}],"version-history":[{"count":3,"href":"https:\/\/medicaltravel.ch\/tr\/wp-json\/wp\/v2\/pages\/5020\/revisions"}],"predecessor-version":[{"id":5023,"href":"https:\/\/medicaltravel.ch\/tr\/wp-json\/wp\/v2\/pages\/5020\/revisions\/5023"}],"up":[{"embeddable":true,"href":"https:\/\/medicaltravel.ch\/tr\/wp-json\/wp\/v2\/pages\/4973"}],"wp:attachment":[{"href":"https:\/\/medicaltravel.ch\/tr\/wp-json\/wp\/v2\/media?parent=5020"}],"curies":[{"name":"wp","href":"https:\/\/api.w.org\/{rel}","templated":true}]}}