{"id":5028,"date":"2025-09-17T08:21:30","date_gmt":"2025-09-17T07:21:30","guid":{"rendered":"https:\/\/medicaltravel.ch\/dentalreisen\/fiyatlar\/teklif\/"},"modified":"2026-01-03T20:34:16","modified_gmt":"2026-01-03T19:34:16","slug":"teklif","status":"publish","type":"page","link":"https:\/\/medicaltravel.ch\/tr\/disci-gezileri\/fiyatlar\/teklif\/","title":{"rendered":"Teklif"},"content":{"rendered":"\t\t<div data-elementor-type=\"wp-page\" data-elementor-id=\"5028\" class=\"elementor elementor-5028 elementor-68\" data-elementor-post-type=\"page\">\n\t\t\t\t<div class=\"elementor-element elementor-element-245791a6 e-flex e-con-boxed wpr-particle-no wpr-jarallax-no wpr-parallax-no wpr-sticky-section-no e-con e-parent\" data-id=\"245791a6\" data-element_type=\"container\" data-e-type=\"container\">\n\t\t\t\t\t<div class=\"e-con-inner\">\n\t\t<div class=\"elementor-element elementor-element-4a5484b e-con-full e-flex wpr-particle-no wpr-jarallax-no wpr-parallax-no wpr-sticky-section-no e-con e-child\" data-id=\"4a5484b\" data-element_type=\"container\" data-e-type=\"container\">\n\t\t\t\t<div class=\"elementor-element elementor-element-bce644c elementor-widget elementor-widget-button\" data-id=\"bce644c\" data-element_type=\"widget\" data-e-type=\"widget\" data-widget_type=\"button.default\">\n\t\t\t\t\t\t\t\t\t\t<a class=\"elementor-button elementor-button-link elementor-size-sm\" href=\"https:\/\/medicaltravel.ch\/kinderwunsch\/angebot\/\">\n\t\t\t\t\t\t<span class=\"elementor-button-content-wrapper\">\n\t\t\t\t\t\t\t\t\t<span class=\"elementor-button-text\">Teklif<\/span>\n\t\t\t\t\t<\/span>\n\t\t\t\t\t<\/a>\n\t\t\t\t\t\t\t\t<\/div>\n\t\t\t\t<div class=\"elementor-element elementor-element-c0f7126 elementor-widget elementor-widget-button\" data-id=\"c0f7126\" data-element_type=\"widget\" data-e-type=\"widget\" data-widget_type=\"button.default\">\n\t\t\t\t\t\t\t\t\t\t<a class=\"elementor-button elementor-button-link elementor-size-sm\" href=\"https:\/\/medicaltravel.ch\/zahnimplantate\/preise\/preise-in-euro\/\">\n\t\t\t\t\t\t<span class=\"elementor-button-content-wrapper\">\n\t\t\t\t\t\t\t\t\t<span class=\"elementor-button-text\">Euro cinsinden fiyatlar<\/span>\n\t\t\t\t\t<\/span>\n\t\t\t\t\t<\/a>\n\t\t\t\t\t\t\t\t<\/div>\n\t\t\t\t<div class=\"elementor-element elementor-element-0a9534e elementor-widget elementor-widget-button\" data-id=\"0a9534e\" data-element_type=\"widget\" data-e-type=\"widget\" data-widget_type=\"button.default\">\n\t\t\t\t\t\t\t\t\t\t<a class=\"elementor-button elementor-button-link elementor-size-sm\" href=\"https:\/\/medicaltravel.ch\/kontakt\/\">\n\t\t\t\t\t\t<span class=\"elementor-button-content-wrapper\">\n\t\t\t\t\t\t\t\t\t<span class=\"elementor-button-text\">Ba\u015fvuru<\/span>\n\t\t\t\t\t<\/span>\n\t\t\t\t\t<\/a>\n\t\t\t\t\t\t\t\t<\/div>\n\t\t\t\t<\/div>\n\t\t\t\t<div class=\"elementor-element elementor-element-6d4d9edf elementor-widget elementor-widget-text-editor\" data-id=\"6d4d9edf\" data-element_type=\"widget\" data-e-type=\"widget\" data-widget_type=\"text-editor.default\">\n\t\t\t\t\t\t\t\t\t\n<h1 class=\"wp-block-heading\">TEKL\u0130F \u2013 D\u0130\u015e D\u00dcZELTME<\/h1>\n\n<p>Amac\u0131m\u0131z, sa\u011fl\u0131kl\u0131 di\u015flere sahip olma iste\u011finizi t\u0131bbi ve organizasyonel a\u00e7\u0131dan y\u00fcksek kalite standartlar\u0131nda, T\u00fcrkiye\u2019nin en g\u00fczel \u015fehirlerindeki en iyi di\u015f kliniklerinde ger\u00e7ekle\u015ftirmektir.<\/p>\n\n<p>Kapsaml\u0131 hizmetimizin keyfini \u00e7\u0131kar\u0131n<br>\u00dccretsiz, ba\u011flay\u0131c\u0131 olmayan ve size \u00f6zel dan\u0131\u015fmanl\u0131k hizmetimizden faydalanabilirsiniz.<br>Dan\u0131\u015fmanl\u0131k dilleri Almanca, \u0130ngilizce ve T\u00fcrk\u00e7edir. Frans\u0131zca dan\u0131\u015fmanl\u0131k yaz\u0131l\u0131 olarak da m\u00fcmk\u00fcnd\u00fcr. <\/p>\n\n<ul class=\"wp-block-list\">\n<li>\u00d6n ve son muayeneler \u0130svi\u00e7re\u2019de yap\u0131labilir (iste\u011fe ba\u011fl\u0131)<\/li>\n<\/ul>\n\n<p><a href=\"https:\/\/medicaltravel.ch\/zahnimplantate\/zahnkliniken\/swiss-dentalklinik-istanbul\/\" data-type=\"page\" data-id=\"46\">Z\u00fcrih\u2019teki y\u00f6nlendiren di\u015f klini\u011fimizle <\/a>olan i\u015f birli\u011fimiz sayesinde, r\u00f6ntgen \u00e7ekimleri d\u00e2hil olmak \u00fczere maliyet teklifinizi \u0130svi\u00e7re\u2019de yapt\u0131rabilirsiniz. \u0130stanbul\u2019daki Swiss CenterDent klini\u011fi ile Z\u00fcrih\u2019teki klinik ayn\u0131 di\u015f hekimi taraf\u0131ndan y\u00f6netilmektedir. Ayr\u0131ca baz\u0131 tedavilerinizi Z\u00fcrih\u2019te yapt\u0131rma imk\u00e2n\u0131 da bulunmaktad\u0131r. \u00d6rne\u011fin implantlar\u0131n\u0131z\u0131 T\u00fcrkiye\u2019de yapt\u0131r\u0131p, kaplamalar\u0131n\u0131z\u0131 \u0130svi\u00e7re\u2019de takt\u0131rabilir ya da tam tersini tercih edebilirsiniz. Bu sayede Z\u00fcrih\u2019teki kontroller garanti alt\u0131na al\u0131n\u0131r ve genellikle fiyata d\u00e2hildir. Z\u00fcrih\u2019teki klinik haftada 6 g\u00fcn hizmet vermekte olup yaln\u0131zca birka\u00e7 resmi tatilde kapal\u0131d\u0131r. Her iki klini\u011fin y\u00f6neticisi yakla\u015f\u0131k iki haftada bir Z\u00fcrih\u2019te bulundu\u011fundan, \u00f6n muayene randevular\u0131n\u0131 neredeyse her zaman sunabiliyoruz. Klinik y\u00f6neticisi Almanca, \u0130ngilizce, Frans\u0131zca ve \u0130spanyolca konu\u015fmaktad\u0131r. Bu nedenle \u0130stanbul\u2019da terc\u00fcmana ihtiya\u00e7 duymazs\u0131n\u0131z. \u00d6n muayene randevusu almak i\u00e7in bizimle <a href=\"https:\/\/medicaltravel.ch\/kontakt\/\" data-type=\"page\" data-id=\"225\">ileti\u015fime <\/a>ge\u00e7ebilirsiniz.          <\/p>\n\n<ul class=\"wp-block-list\">\n<li>Grup turu (\u0130ste\u011fe ba\u011fl\u0131)<\/li>\n<\/ul>\n\n<p>Tak\u0131m ruhunuzu g\u00f6stermek ister misiniz? Deneyimlerinizi \u00f6zel bir hale getirin. Seyahat tarihleri b\u00f6l\u00fcm\u00fcnde belirtilen grup seyahati tarihlerini dikkate alabilirsiniz. Bu tarihler iste\u011fe ba\u011fl\u0131d\u0131r ve bu d\u00f6nemlerde <a href=\"https:\/\/medicaltravel.ch\/warum-tuerkei\/reisedaten\/\" data-type=\"page\" data-id=\"26\">seyahat <\/a>etmeniz \u015fart de\u011fildir. Dilerseniz arkada\u015flar\u0131n\u0131zla kendi grubunuzu da olu\u015fturabilirsiniz. Refakat\u00e7i ki\u015filer ise her zaman m\u00fcmk\u00fcnd\u00fcr.      <\/p>\n\n<ul class=\"wp-block-list\">\n<li>U\u00e7u\u015f<\/li>\n<\/ul>\n\n<p>Ne zaman ve nas\u0131l olaca\u011f\u0131na siz karar verirsiniz, biz sadece \u00f6neriler sunar\u0131z. Sa\u011fl\u0131k ama\u00e7l\u0131 seyahatler i\u00e7in havayollar\u0131n\u0131n sundu\u011fu \u00f6zel u\u00e7ak bileti fiyatlar\u0131ndan faydalanabilirsiniz. <\/p>\n\n<figure class=\"wp-block-image size-full\"><img decoding=\"async\" width=\"200\" height=\"118\" class=\"wp-image-384\" src=\"https:\/\/medicaltravel.ch\/wp-content\/uploads\/2025\/09\/zahnreisen.jpg\" alt=\"\"><\/figure>\n\n<ul class=\"wp-block-list\">\n<li>Havaliman\u0131 \u2013 otel transferi<\/li>\n<\/ul>\n\n<p>Kar\u015f\u0131lama servisimiz sizi memnuniyetle otele g\u00f6t\u00fcr\u00fcr. Bu transferler genellikle bireysel olarak yap\u0131l\u0131r, saatlerce trafikte dola\u015fan servis otob\u00fcsleri kullan\u0131lmaz. Yolculu\u011funuzun keyfini \u00e7\u0131kar\u0131n.  <\/p>\n\n<figure class=\"wp-block-image size-full\"><img decoding=\"async\" width=\"200\" height=\"83\" class=\"wp-image-385\" src=\"https:\/\/medicaltravel.ch\/wp-content\/uploads\/2025\/09\/zahnbehandlung-im-ausland.jpg\" alt=\"\"><\/figure>\n\n<ul class=\"wp-block-list\">\n<li>Otel<\/li>\n<\/ul>\n\n<p>Sizin i\u00e7in uygun olabilecek se\u00e7enekleri sunar\u0131z, karar size aittir. Oteller ya klini\u011fe yak\u0131n konumdad\u0131r ya da turistik b\u00f6lgelerde yer al\u0131r. Sadece kaliteli ve temiz otellerle \u00e7al\u0131\u015f\u0131yoruz.  <\/p>\n\n<ul class=\"wp-block-list\">\n<li>Klinikte Almanca konu\u015fan destek<\/li>\n<\/ul>\n\n<p>Doktoru do\u011fru \u015fekilde anlaman\u0131z son derece \u00f6nemlidir. Almanca konu\u015fan doktor ve\/veya klinik personeli sayesinde kusursuz bir ileti\u015fim garanti edilir. Elbette bu hizmetin di\u011fer diller i\u00e7in de organize edilmesi m\u00fcmk\u00fcnd\u00fcr.  <\/p>\n\n<ul class=\"wp-block-list\">\n<li>Klinikteki \u00f6n muayeneleriniz<\/li>\n<\/ul>\n\n<p>Tedavi \u00f6ncesinde di\u015fleriniz detayl\u0131 \u015fekilde kontrol edilir, r\u00f6ntgen g\u00f6r\u00fcnt\u00fcleri al\u0131n\u0131r, mevcut sorunlar ve uygulanacak tedaviler belirlenir ve sizinle g\u00f6r\u00fc\u015f\u00fcl\u00fcr. Ard\u0131ndan tedavi plan\u0131n\u0131z sizinle birlikte kesinle\u015ftirilir. <\/p>\n\n<ul class=\"wp-block-list\">\n<li>Klinikte tedaviniz<\/li>\n<\/ul>\n\n<p>Bu klinikleri, yerinde yap\u0131lan ziyaretler ve bir\u00e7ok farkl\u0131 kriter dikkate al\u0131narak yap\u0131lan detayl\u0131 bir ara\u015ft\u0131rma sonucunda se\u00e7tik. <a href=\"https:\/\/medicaltravel.ch\/zahnimplantate\/zahnkliniken\/swiss-dentalklinik-istanbul\/\" data-type=\"page\" data-id=\"46\">Klinikler hakk\u0131nda daha fazla bilgiyi burada bulabilirsiniz<\/a>. <\/p>\n\n<p><strong>\u00d6nemli NOT:<\/strong><\/p>\n\n<p><a href=\"https:\/\/medicaltravel.ch\/zahnimplantate\/zahnkliniken\/swiss-dentalklinik-istanbul\/\" data-type=\"page\" data-id=\"46\">\u0130stanbul\u2019daki Swiss CenterDent klini\u011finde<\/a> tedavi olmay\u0131 tercih etti\u011finizde, Z\u00fcrih\u2019te garantili kontrol hizmetinden faydalan\u0131rs\u0131n\u0131z.<\/p>\n\n<ul class=\"wp-block-list\">\n<li>Otel-Havaliman\u0131 transferi<\/li>\n<\/ul>\n\n<p>Transfer ekibimiz, yolculu\u011funuzun sonuna kadar olumlu bir deneyim olmas\u0131n\u0131 sa\u011flar.<\/p>\n\n<ul class=\"wp-block-list\">\n<li>Seyahat kart\u0131<\/li>\n<\/ul>\n\n<p>Bu, bizim size sundu\u011fumuz benzersiz bir ek hizmettir. Travelpass, T\u00fcrkiye\u2019deki konaklaman\u0131z ve di\u015flerinizin iyile\u015fme s\u00fcreciyle ilgili gerekli t\u00fcm ki\u015fisel bilgileri i\u00e7erir. Pasaport boyutundad\u0131r, bu sayede her zaman yan\u0131n\u0131zda ta\u015f\u0131yabilirsiniz. Seyahatinizden \u00f6nce size \u00f6zel olarak haz\u0131rlan\u0131r.   <\/p>\n\n<ul class=\"wp-block-list\">\n<li>Fiyatlar\u0131m\u0131zdan faydalan\u0131n<\/li>\n<\/ul>\n\n<p>Uygun fiyatlar sayesinde art\u0131k di\u015f tedavisi herkes i\u00e7in eri\u015filebilir hale geldi.<\/p>\n\n<ul class=\"wp-block-list\">\n<li>\u0130svi\u00e7re&#8217;de neden daha pahal\u0131?<\/li>\n<\/ul>\n\n<p>\u0130svi\u00e7re, d\u00fcnyan\u0131n en pahal\u0131 \u00fclkelerinden biridir. Personel maliyetleri, bina kiralar\u0131 ve altyap\u0131 giderleri olduk\u00e7a y\u00fcksektir. Ayr\u0131ca ileri teknoloji cihazlar da son derece pahal\u0131d\u0131r. Bu yat\u0131r\u0131mlar\u0131n kar\u015f\u0131l\u0131\u011f\u0131n\u0131 alabilmek i\u00e7in y\u00fcksek say\u0131da hasta gereklidir. \u00dclke nispeten k\u00fc\u00e7\u00fck oldu\u011fu i\u00e7in, buradaki i\u015fletmeler y\u00fcksek fiyatlarla \u00e7al\u0131\u015fmak zorunda kalmaktad\u0131r.    <\/p>\n\n<ul class=\"wp-block-list\">\n<li>T\u00fcrkiye&#8217;de neden daha ucuz?<\/li>\n<\/ul>\n\n<p>OECD\u2019nin de do\u011frulad\u0131\u011f\u0131 bir \u00e7al\u0131\u015fmaya g\u00f6re, \u0130svi\u00e7re\u2019de 100 \u0130svi\u00e7re frang\u0131na mal olan bir hizmet i\u00e7in T\u00fcrkiye\u2019de yaln\u0131zca 45 \u0130svi\u00e7re frang\u0131 \u00f6denmektedir.<\/p>\n\n<p>Bu nedenle T\u00fcrkiye\u2019de bir di\u015f hekiminin \u00fccreti, \u0130svi\u00e7re\u2019deki meslekta\u015f\u0131na k\u0131yasla belirgin \u015fekilde daha d\u00fc\u015f\u00fckt\u00fcr. Ayr\u0131ca yaln\u0131zca \u0130stanbul\u2019un n\u00fcfusu, t\u00fcm \u0130svi\u00e7re\u2019nin n\u00fcfusunun neredeyse iki kat\u0131d\u0131r. Bu da tedavi malzemelerinin tedarik maliyetleri ayn\u0131 olmas\u0131na ra\u011fmen, daha fazla hasta say\u0131s\u0131 sayesinde daha uygun fiyatlar sunulmas\u0131n\u0131 m\u00fcmk\u00fcn k\u0131lar.  <\/p>\n\n<p>Bu nedenle T\u00fcrkiye her y\u0131l Avrupa\u2019dan binlerce hastay\u0131 a\u011f\u0131rlamaktad\u0131r. Biz de bu sayede, buradaki kaliteyi makul fiyatlarla sunabiliyoruz. <\/p>\n\n<ul class=\"wp-block-list\">\n<li>Neden planlamay\u0131 sizinle yapmal\u0131y\u0131m? Seyahatimi kendim de planlayabilirim. <\/li>\n<\/ul>\n\n<p>Elbette seyahatinizi kendiniz de organize edebilirsiniz. Ancak bu \u00e7o\u011fu zaman zahmetli ve risklidir. Yurt d\u0131\u015f\u0131nda di\u015f tedavisiyle ilgili ihtiyac\u0131n\u0131z olan her \u015feyle biz ilgileniyoruz. Sadece tedavi s\u00fcrecinde de\u011fil, sonras\u0131nda da g\u00fcvenilir i\u015f orta\u011f\u0131n\u0131z olmaya devam ediyoruz.   <\/p>\n\n<p>Ba\u015fka sorular\u0131n\u0131z var m\u0131? <a href=\"https:\/\/medicaltravel.ch\/kontakt\/\" data-type=\"page\" data-id=\"225\">Sizinle ileti\u015fime<\/a> ge\u00e7menizi memnuniyetle bekliyoruz. <\/p>\n\t\t\t\t\t\t\t\t<\/div>\n\t\t\t\t\t<\/div>\n\t\t\t\t<\/div>\n\t\t\t\t<\/div>\n\t\t","protected":false},"excerpt":{"rendered":"<p>Teklif Euro cinsinden fiyatlar Ba\u015fvuru TEKL\u0130F \u2013 D\u0130\u015e D\u00dcZELTME Amac\u0131m\u0131z, sa\u011fl\u0131kl\u0131 di\u015flere sahip olma iste\u011finizi t\u0131bbi ve organizasyonel a\u00e7\u0131dan y\u00fcksek kalite standartlar\u0131nda, T\u00fcrkiye\u2019nin en g\u00fczel \u015fehirlerindeki en iyi di\u015f kliniklerinde ger\u00e7ekle\u015ftirmektir. Kapsaml\u0131 hizmetimizin keyfini \u00e7\u0131kar\u0131n\u00dccretsiz, ba\u011flay\u0131c\u0131 olmayan ve size \u00f6zel dan\u0131\u015fmanl\u0131k hizmetimizden faydalanabilirsiniz.Dan\u0131\u015fmanl\u0131k dilleri Almanca, \u0130ngilizce ve T\u00fcrk\u00e7edir. Frans\u0131zca dan\u0131\u015fmanl\u0131k yaz\u0131l\u0131 olarak da m\u00fcmk\u00fcnd\u00fcr. \u00d6n ve son muayeneler \u0130svi\u00e7re\u2019de yap\u0131labilir (iste\u011fe ba\u011fl\u0131) Z\u00fcrih\u2019teki y\u00f6nlendiren di\u015f klini\u011fimizle olan i\u015f birli\u011fimiz sayesinde, r\u00f6ntgen \u00e7ekimleri d\u00e2hil olmak \u00fczere maliyet teklifinizi \u0130svi\u00e7re\u2019de yapt\u0131rabilirsiniz. \u0130stanbul\u2019daki Swiss CenterDent klini\u011fi ile Z\u00fcrih\u2019teki klinik ayn\u0131 di\u015f hekimi taraf\u0131ndan y\u00f6netilmektedir. Ayr\u0131ca baz\u0131 tedavilerinizi Z\u00fcrih\u2019te yapt\u0131rma imk\u00e2n\u0131 da bulunmaktad\u0131r. \u00d6rne\u011fin implantlar\u0131n\u0131z\u0131 T\u00fcrkiye\u2019de yapt\u0131r\u0131p, kaplamalar\u0131n\u0131z\u0131 \u0130svi\u00e7re\u2019de takt\u0131rabilir ya da tam tersini tercih edebilirsiniz. Bu sayede Z\u00fcrih\u2019teki kontroller garanti alt\u0131na al\u0131n\u0131r ve genellikle fiyata d\u00e2hildir. Z\u00fcrih\u2019teki klinik haftada 6 g\u00fcn hizmet vermekte olup yaln\u0131zca birka\u00e7 resmi tatilde kapal\u0131d\u0131r. Her iki klini\u011fin y\u00f6neticisi yakla\u015f\u0131k iki haftada bir Z\u00fcrih\u2019te bulundu\u011fundan, \u00f6n muayene randevular\u0131n\u0131 neredeyse her zaman sunabiliyoruz. Klinik y\u00f6neticisi Almanca, \u0130ngilizce, Frans\u0131zca ve \u0130spanyolca konu\u015fmaktad\u0131r. Bu nedenle \u0130stanbul\u2019da terc\u00fcmana ihtiya\u00e7 duymazs\u0131n\u0131z. \u00d6n muayene randevusu almak i\u00e7in bizimle ileti\u015fime ge\u00e7ebilirsiniz. Grup turu (\u0130ste\u011fe ba\u011fl\u0131) Tak\u0131m ruhunuzu g\u00f6stermek ister misiniz? Deneyimlerinizi \u00f6zel bir hale getirin. Seyahat tarihleri b\u00f6l\u00fcm\u00fcnde belirtilen grup seyahati tarihlerini dikkate alabilirsiniz. Bu tarihler iste\u011fe ba\u011fl\u0131d\u0131r ve bu d\u00f6nemlerde seyahat etmeniz \u015fart de\u011fildir. Dilerseniz arkada\u015flar\u0131n\u0131zla kendi grubunuzu da olu\u015fturabilirsiniz. Refakat\u00e7i ki\u015filer ise her zaman m\u00fcmk\u00fcnd\u00fcr. U\u00e7u\u015f Ne zaman ve nas\u0131l olaca\u011f\u0131na siz karar verirsiniz, biz sadece \u00f6neriler sunar\u0131z. Sa\u011fl\u0131k ama\u00e7l\u0131 seyahatler i\u00e7in havayollar\u0131n\u0131n sundu\u011fu \u00f6zel u\u00e7ak bileti fiyatlar\u0131ndan faydalanabilirsiniz. Havaliman\u0131 \u2013 otel transferi Kar\u015f\u0131lama servisimiz sizi memnuniyetle otele g\u00f6t\u00fcr\u00fcr. Bu transferler genellikle bireysel olarak yap\u0131l\u0131r, saatlerce trafikte dola\u015fan servis otob\u00fcsleri kullan\u0131lmaz. Yolculu\u011funuzun keyfini \u00e7\u0131kar\u0131n. Otel Sizin i\u00e7in uygun olabilecek se\u00e7enekleri sunar\u0131z, karar size aittir. Oteller ya klini\u011fe yak\u0131n konumdad\u0131r ya da turistik b\u00f6lgelerde yer al\u0131r. Sadece kaliteli ve temiz otellerle \u00e7al\u0131\u015f\u0131yoruz. Klinikte Almanca konu\u015fan destek Doktoru do\u011fru \u015fekilde anlaman\u0131z son derece \u00f6nemlidir. Almanca konu\u015fan doktor ve\/veya klinik personeli sayesinde kusursuz bir ileti\u015fim garanti edilir. Elbette bu hizmetin di\u011fer diller i\u00e7in de organize edilmesi m\u00fcmk\u00fcnd\u00fcr. Klinikteki \u00f6n muayeneleriniz Tedavi \u00f6ncesinde di\u015fleriniz detayl\u0131 \u015fekilde kontrol edilir, r\u00f6ntgen g\u00f6r\u00fcnt\u00fcleri al\u0131n\u0131r, mevcut sorunlar ve uygulanacak tedaviler belirlenir ve sizinle g\u00f6r\u00fc\u015f\u00fcl\u00fcr. Ard\u0131ndan tedavi plan\u0131n\u0131z sizinle birlikte kesinle\u015ftirilir. Klinikte tedaviniz Bu klinikleri, yerinde yap\u0131lan ziyaretler ve bir\u00e7ok farkl\u0131 kriter dikkate al\u0131narak yap\u0131lan detayl\u0131 bir ara\u015ft\u0131rma sonucunda se\u00e7tik. Klinikler hakk\u0131nda daha fazla bilgiyi burada bulabilirsiniz. \u00d6nemli NOT: \u0130stanbul\u2019daki Swiss CenterDent klini\u011finde tedavi olmay\u0131 tercih etti\u011finizde, Z\u00fcrih\u2019te garantili kontrol hizmetinden faydalan\u0131rs\u0131n\u0131z. Otel-Havaliman\u0131 transferi Transfer ekibimiz, yolculu\u011funuzun sonuna kadar olumlu bir deneyim olmas\u0131n\u0131 sa\u011flar. Seyahat kart\u0131 Bu, bizim size sundu\u011fumuz benzersiz bir ek hizmettir. Travelpass, T\u00fcrkiye\u2019deki konaklaman\u0131z ve di\u015flerinizin iyile\u015fme s\u00fcreciyle ilgili gerekli t\u00fcm ki\u015fisel bilgileri i\u00e7erir. Pasaport boyutundad\u0131r, bu sayede her zaman yan\u0131n\u0131zda ta\u015f\u0131yabilirsiniz. Seyahatinizden \u00f6nce size \u00f6zel olarak haz\u0131rlan\u0131r. Fiyatlar\u0131m\u0131zdan faydalan\u0131n Uygun fiyatlar sayesinde art\u0131k di\u015f tedavisi herkes i\u00e7in eri\u015filebilir hale geldi. \u0130svi\u00e7re&#8217;de neden daha pahal\u0131? \u0130svi\u00e7re, d\u00fcnyan\u0131n en pahal\u0131 \u00fclkelerinden biridir. Personel maliyetleri, bina kiralar\u0131 ve altyap\u0131 giderleri olduk\u00e7a y\u00fcksektir. Ayr\u0131ca ileri teknoloji cihazlar da son derece pahal\u0131d\u0131r. Bu yat\u0131r\u0131mlar\u0131n kar\u015f\u0131l\u0131\u011f\u0131n\u0131 alabilmek i\u00e7in y\u00fcksek say\u0131da hasta gereklidir. \u00dclke nispeten k\u00fc\u00e7\u00fck oldu\u011fu i\u00e7in, buradaki i\u015fletmeler y\u00fcksek fiyatlarla \u00e7al\u0131\u015fmak zorunda kalmaktad\u0131r. T\u00fcrkiye&#8217;de neden daha ucuz? OECD\u2019nin de do\u011frulad\u0131\u011f\u0131 bir \u00e7al\u0131\u015fmaya g\u00f6re, \u0130svi\u00e7re\u2019de 100 \u0130svi\u00e7re frang\u0131na mal olan bir hizmet i\u00e7in T\u00fcrkiye\u2019de yaln\u0131zca 45 \u0130svi\u00e7re frang\u0131 \u00f6denmektedir. Bu nedenle T\u00fcrkiye\u2019de bir di\u015f hekiminin \u00fccreti, \u0130svi\u00e7re\u2019deki meslekta\u015f\u0131na k\u0131yasla belirgin \u015fekilde daha d\u00fc\u015f\u00fckt\u00fcr. Ayr\u0131ca yaln\u0131zca \u0130stanbul\u2019un n\u00fcfusu, t\u00fcm \u0130svi\u00e7re\u2019nin n\u00fcfusunun neredeyse iki kat\u0131d\u0131r. Bu da tedavi malzemelerinin tedarik maliyetleri ayn\u0131 olmas\u0131na ra\u011fmen, daha fazla hasta say\u0131s\u0131 sayesinde daha uygun fiyatlar sunulmas\u0131n\u0131 m\u00fcmk\u00fcn k\u0131lar. Bu nedenle T\u00fcrkiye her y\u0131l Avrupa\u2019dan binlerce hastay\u0131 a\u011f\u0131rlamaktad\u0131r. Biz de bu sayede, buradaki kaliteyi makul fiyatlarla sunabiliyoruz. Neden planlamay\u0131 sizinle yapmal\u0131y\u0131m? Seyahatimi kendim de planlayabilirim. Elbette seyahatinizi kendiniz de organize edebilirsiniz. Ancak bu \u00e7o\u011fu zaman zahmetli ve risklidir. Yurt d\u0131\u015f\u0131nda di\u015f tedavisiyle ilgili ihtiyac\u0131n\u0131z olan her \u015feyle biz ilgileniyoruz. Sadece tedavi s\u00fcrecinde de\u011fil, sonras\u0131nda da g\u00fcvenilir i\u015f orta\u011f\u0131n\u0131z olmaya devam ediyoruz. Ba\u015fka sorular\u0131n\u0131z var m\u0131? Sizinle ileti\u015fime ge\u00e7menizi memnuniyetle bekliyoruz.<\/p>\n","protected":false},"author":4,"featured_media":0,"parent":5024,"menu_order":0,"comment_status":"closed","ping_status":"closed","template":"","meta":{"_joinchat":[],"footnotes":""},"class_list":["post-5028","page","type-page","status-publish","hentry"],"acf":[],"_links":{"self":[{"href":"https:\/\/medicaltravel.ch\/tr\/wp-json\/wp\/v2\/pages\/5028","targetHints":{"allow":["GET"]}}],"collection":[{"href":"https:\/\/medicaltravel.ch\/tr\/wp-json\/wp\/v2\/pages"}],"about":[{"href":"https:\/\/medicaltravel.ch\/tr\/wp-json\/wp\/v2\/types\/page"}],"author":[{"embeddable":true,"href":"https:\/\/medicaltravel.ch\/tr\/wp-json\/wp\/v2\/users\/4"}],"replies":[{"embeddable":true,"href":"https:\/\/medicaltravel.ch\/tr\/wp-json\/wp\/v2\/comments?post=5028"}],"version-history":[{"count":7,"href":"https:\/\/medicaltravel.ch\/tr\/wp-json\/wp\/v2\/pages\/5028\/revisions"}],"predecessor-version":[{"id":5041,"href":"https:\/\/medicaltravel.ch\/tr\/wp-json\/wp\/v2\/pages\/5028\/revisions\/5041"}],"up":[{"embeddable":true,"href":"https:\/\/medicaltravel.ch\/tr\/wp-json\/wp\/v2\/pages\/5024"}],"wp:attachment":[{"href":"https:\/\/medicaltravel.ch\/tr\/wp-json\/wp\/v2\/media?parent=5028"}],"curies":[{"name":"wp","href":"https:\/\/api.w.org\/{rel}","templated":true}]}}