{"id":5032,"date":"2025-09-17T08:22:12","date_gmt":"2025-09-17T07:22:12","guid":{"rendered":"https:\/\/medicaltravel.ch\/dentalreisen\/fiyatlar\/euro-cinsinden-fiyatlar\/"},"modified":"2026-01-03T20:34:17","modified_gmt":"2026-01-03T19:34:17","slug":"euro-cinsinden-fiyatlar","status":"publish","type":"page","link":"https:\/\/medicaltravel.ch\/tr\/disci-gezileri\/fiyatlar\/euro-cinsinden-fiyatlar\/","title":{"rendered":"Euro cinsinden fiyatlar"},"content":{"rendered":"\t\t<div data-elementor-type=\"wp-page\" data-elementor-id=\"5032\" class=\"elementor elementor-5032 elementor-70\" data-elementor-post-type=\"page\">\n\t\t\t\t<div class=\"elementor-element elementor-element-423044d9 e-flex e-con-boxed wpr-particle-no wpr-jarallax-no wpr-parallax-no wpr-sticky-section-no e-con e-parent\" data-id=\"423044d9\" data-element_type=\"container\" data-e-type=\"container\">\n\t\t\t\t\t<div class=\"e-con-inner\">\n\t\t<div class=\"elementor-element elementor-element-7e82753 e-con-full e-flex wpr-particle-no wpr-jarallax-no wpr-parallax-no wpr-sticky-section-no e-con e-child\" data-id=\"7e82753\" data-element_type=\"container\" data-e-type=\"container\">\n\t\t\t\t<div class=\"elementor-element elementor-element-15ad8be elementor-widget elementor-widget-button\" data-id=\"15ad8be\" data-element_type=\"widget\" data-e-type=\"widget\" data-widget_type=\"button.default\">\n\t\t\t\t\t\t\t\t\t\t<a class=\"elementor-button elementor-button-link elementor-size-sm\" href=\"https:\/\/medicaltravel.ch\/kinderwunsch\/angebot\/\">\n\t\t\t\t\t\t<span class=\"elementor-button-content-wrapper\">\n\t\t\t\t\t\t\t\t\t<span class=\"elementor-button-text\">Teklif<\/span>\n\t\t\t\t\t<\/span>\n\t\t\t\t\t<\/a>\n\t\t\t\t\t\t\t\t<\/div>\n\t\t\t\t<div class=\"elementor-element elementor-element-c4788d5 elementor-widget elementor-widget-button\" data-id=\"c4788d5\" data-element_type=\"widget\" data-e-type=\"widget\" data-widget_type=\"button.default\">\n\t\t\t\t\t\t\t\t\t\t<a class=\"elementor-button elementor-button-link elementor-size-sm\" href=\"https:\/\/medicaltravel.ch\/zahnimplantate\/preise\/preise-in-euro\/\">\n\t\t\t\t\t\t<span class=\"elementor-button-content-wrapper\">\n\t\t\t\t\t\t\t\t\t<span class=\"elementor-button-text\">Euro cinsinden fiyatlar<\/span>\n\t\t\t\t\t<\/span>\n\t\t\t\t\t<\/a>\n\t\t\t\t\t\t\t\t<\/div>\n\t\t\t\t<div class=\"elementor-element elementor-element-67f3256 elementor-widget elementor-widget-button\" data-id=\"67f3256\" data-element_type=\"widget\" data-e-type=\"widget\" data-widget_type=\"button.default\">\n\t\t\t\t\t\t\t\t\t\t<a class=\"elementor-button elementor-button-link elementor-size-sm\" href=\"https:\/\/medicaltravel.ch\/kontakt\/\">\n\t\t\t\t\t\t<span class=\"elementor-button-content-wrapper\">\n\t\t\t\t\t\t\t\t\t<span class=\"elementor-button-text\">Ba\u015fvuru<\/span>\n\t\t\t\t\t<\/span>\n\t\t\t\t\t<\/a>\n\t\t\t\t\t\t\t\t<\/div>\n\t\t\t\t<\/div>\n\t\t\t\t<div class=\"elementor-element elementor-element-4a121133 elementor-widget elementor-widget-text-editor\" data-id=\"4a121133\" data-element_type=\"widget\" data-e-type=\"widget\" data-widget_type=\"text-editor.default\">\n\t\t\t\t\t\t\t\t\t\n<h1 class=\"wp-block-heading\">Euro cinsinden maliyetler \u2013 \u0130stanbul di\u015f tedavisi seyahati<\/h1>\n\n<h1 class=\"wp-block-heading\">Bunlar Euro cinsinden sundu\u011fumuz cazip teklifler ve fiyatlard\u0131r:<\/h1>\n\n<p><strong>Tedavi fiyatlar\u0131<\/strong><\/p>\n\n<figure class=\"wp-block-table\">\n<table class=\"has-fixed-layout\">\n<tbody>\n<tr>\n<th>Hizmet<\/th>\n<th>Teklifimiz*<\/th>\n<th>Avrupa\u2019daki ortalama maliyetler<\/th>\n<th>Ayn\u0131 kalitede sa\u011flanan tasarruf<\/th>\n<\/tr>\n<tr>\n<td>Muayene<\/td>\n<td>\u00dccretsiz**<\/td>\n<td>65<\/td>\n<td>\u2013<\/td>\n<\/tr>\n<tr>\n<td>R\u00f6ntgen<\/td>\n<td>25<\/td>\n<td>165<\/td>\n<td>40<\/td>\n<\/tr>\n<tr>\n<td>Di\u015f \u00e7ekimi<\/td>\n<td>55-90<\/td>\n<td>220-410<\/td>\n<td>165-320<\/td>\n<\/tr>\n<tr>\n<td>K\u00f6k kanal tedavisi<\/td>\n<td>100-350<\/td>\n<td>500-1000<\/td>\n<td>400-750<\/td>\n<\/tr>\n<tr>\n<td>Seramik inleyler<\/td>\n<td>250<\/td>\n<td>1000<\/td>\n<td>750<\/td>\n<\/tr>\n<tr>\n<td><a href=\"https:\/\/medicaltravel.ch\/tr\/dentalreisen\/hizmet-yelpazesi\/kronen-und-bruecken-tuerkei-istanbul-antalya-izmir-kusadasi\/\" data-type=\"page\" data-id=\"40\">Kron \/ K\u00f6pr\u00fc par\u00e7as\u0131<\/a><\/td>\n<td>250-350<\/td>\n<td>1335-1775<\/td>\n<td>1085-1425<\/td>\n<\/tr>\n<tr>\n<td>K\u0131smi protez<\/td>\n<td>935<\/td>\n<td>1665<\/td>\n<td>730<\/td>\n<\/tr>\n<tr>\n<td>Tam protez<\/td>\n<td>720<\/td>\n<td>2000<\/td>\n<td>1280<\/td>\n<\/tr>\n<tr>\n<td><a href=\"https:\/\/medicaltravel.ch\/tr\/dentalreisen\/hizmet-yelpazesi\/dis-implantlari-tuerkiye-istanbul-antalya-izmir-bodrum-kusadasi\/\" data-type=\"page\" data-id=\"34\">\u0130mplantasyon<\/a><\/td>\n<td>650- 1050<\/td>\n<td>2000- 2500<\/td>\n<td>1390- 1505<\/td>\n<\/tr>\n<tr>\n<td>Lamine kaplamalar<\/td>\n<td>350<\/td>\n<td>1025<\/td>\n<td>675<\/td>\n<\/tr>\n<tr>\n<td>Di\u015f temizli\u011fi<\/td>\n<td>85<\/td>\n<td>165<\/td>\n<td>180<\/td>\n<\/tr>\n<tr>\n<td>Di\u015f beyazlatma<\/td>\n<td>270<\/td>\n<td>620<\/td>\n<td>395<\/td>\n<\/tr>\n<\/tbody>\n<\/table>\n<\/figure>\n\n<p><em>Fiyatlar di\u015f ba\u015f\u0131na ve Euro cinsindendir.<br>** Fiyatlar kullan\u0131lan malzeme ve kliniklere g\u00f6re biraz de\u011fi\u015fiklik g\u00f6sterebilir. Fiyat de\u011fi\u015fiklikleri sakl\u0131d\u0131r. <br>** Tedavi durumunda<\/em><\/p>\n\n<p>Seyahatinizden \u00f6nce tedavinizi planlayabilmemiz i\u00e7in l\u00fctfen bu <a href=\"https:\/\/medicaltravel.ch\/kontakt\/\" data-type=\"page\" data-id=\"225\">formu<\/a>, m\u00fcmk\u00fcnse r\u00f6ntgen g\u00f6r\u00fcnt\u00fcleriyle birlikte doldurun; en iyisi panoramik r\u00f6ntgen \u00e7ekimidir. Bu form klinik taraf\u0131ndan incelenecek ve size detayl\u0131 bir maliyet teklifi sunaca\u011f\u0131z. R\u00f6ntgenlerinizi ve doktorunuzun maliyet teklifini bize posta yoluyla da g\u00f6nderebilirsiniz. Adresimizi <a href=\"https:\/\/medicaltravel.ch\/kontakt\/\" data-type=\"page\" data-id=\"225\">ileti\u015fim <\/a>b\u00f6l\u00fcm\u00fcnde bulabilirsiniz.   <\/p>\n\n<p><a href=\"https:\/\/medicaltravel.ch\/zahnimplantate\/zahnkliniken\/swiss-dentalklinik-istanbul\/\" data-type=\"page\" data-id=\"46\">\u0130stanbul\u2019daki Swiss Di\u015f Klini\u011fi\u2019ni<\/a> tercih ederseniz, ilk dan\u0131\u015fmanl\u0131\u011f\u0131 Z\u00fcrih\u2019te de alabilirsiniz.<\/p>\n\n<p>\u00d6deme<br>\u00d6demeyi ya \u00f6nceden CHF cinsinden bize yapars\u0131n\u0131z ya da klinikte Euro olarak \u00f6dersiniz.<\/p>\n\n<p>U\u00e7ak bilet fiyatlar\u0131<br>U\u00e7ak bilet fiyatlar\u0131 olduk\u00e7a de\u011fi\u015fken. Fiyatlar havayolu \u015firketine ve seyahat tarihlerine g\u00f6re belirlenir. Yakla\u015f\u0131k olarak 200-350 CHF aras\u0131nda tutabilir. Size uygun ve ekonomik bir u\u00e7u\u015f bulman\u0131zda yard\u0131mc\u0131 olabiliriz.   <\/p>\n\n<p>Otel fiyatlar\u0131<br>Otele g\u00f6re gecelik fiyatlar 55 ile 80 Euro aras\u0131nda de\u011fi\u015febilir. \u00d6rne\u011fin Naz City Taksim Hotel\u2019in gecelik \u00fccreti 66 CHF ve bir\u00e7ok al\u0131\u015fveri\u015f merkezine \u00e7ok yak\u0131n konumda. <\/p>\n\n<p>Ba\u015fka sorular\u0131n\u0131z var m\u0131? <a href=\"https:\/\/medicaltravel.ch\/kontakt\/\" data-type=\"page\" data-id=\"225\">Sizinle ileti\u015fime<\/a> ge\u00e7menizi memnuniyetle bekliyoruz. <\/p>\n\t\t\t\t\t\t\t\t<\/div>\n\t\t\t\t\t<\/div>\n\t\t\t\t<\/div>\n\t\t\t\t<\/div>\n\t\t","protected":false},"excerpt":{"rendered":"<p>Teklif Euro cinsinden fiyatlar Ba\u015fvuru Euro cinsinden maliyetler \u2013 \u0130stanbul di\u015f tedavisi seyahati Bunlar Euro cinsinden sundu\u011fumuz cazip teklifler ve fiyatlard\u0131r: Tedavi fiyatlar\u0131 Hizmet Teklifimiz* Avrupa\u2019daki ortalama maliyetler Ayn\u0131 kalitede sa\u011flanan tasarruf Muayene \u00dccretsiz** 65 \u2013 R\u00f6ntgen 25 165 40 Di\u015f \u00e7ekimi 55-90 220-410 165-320 K\u00f6k kanal tedavisi 100-350 500-1000 400-750 Seramik inleyler 250 1000 750 Kron \/ K\u00f6pr\u00fc par\u00e7as\u0131 250-350 1335-1775 1085-1425 K\u0131smi protez 935 1665 730 Tam protez 720 2000 1280 \u0130mplantasyon 650- 1050 2000- 2500 1390- 1505 Lamine kaplamalar 350 1025 675 Di\u015f temizli\u011fi 85 165 180 Di\u015f beyazlatma 270 620 395 Fiyatlar di\u015f ba\u015f\u0131na ve Euro cinsindendir.** Fiyatlar kullan\u0131lan malzeme ve kliniklere g\u00f6re biraz de\u011fi\u015fiklik g\u00f6sterebilir. Fiyat de\u011fi\u015fiklikleri sakl\u0131d\u0131r. ** Tedavi durumunda Seyahatinizden \u00f6nce tedavinizi planlayabilmemiz i\u00e7in l\u00fctfen bu formu, m\u00fcmk\u00fcnse r\u00f6ntgen g\u00f6r\u00fcnt\u00fcleriyle birlikte doldurun; en iyisi panoramik r\u00f6ntgen \u00e7ekimidir. Bu form klinik taraf\u0131ndan incelenecek ve size detayl\u0131 bir maliyet teklifi sunaca\u011f\u0131z. R\u00f6ntgenlerinizi ve doktorunuzun maliyet teklifini bize posta yoluyla da g\u00f6nderebilirsiniz. Adresimizi ileti\u015fim b\u00f6l\u00fcm\u00fcnde bulabilirsiniz. \u0130stanbul\u2019daki Swiss Di\u015f Klini\u011fi\u2019ni tercih ederseniz, ilk dan\u0131\u015fmanl\u0131\u011f\u0131 Z\u00fcrih\u2019te de alabilirsiniz. \u00d6deme\u00d6demeyi ya \u00f6nceden CHF cinsinden bize yapars\u0131n\u0131z ya da klinikte Euro olarak \u00f6dersiniz. U\u00e7ak bilet fiyatlar\u0131U\u00e7ak bilet fiyatlar\u0131 olduk\u00e7a de\u011fi\u015fken. Fiyatlar havayolu \u015firketine ve seyahat tarihlerine g\u00f6re belirlenir. Yakla\u015f\u0131k olarak 200-350 CHF aras\u0131nda tutabilir. Size uygun ve ekonomik bir u\u00e7u\u015f bulman\u0131zda yard\u0131mc\u0131 olabiliriz. Otel fiyatlar\u0131Otele g\u00f6re gecelik fiyatlar 55 ile 80 Euro aras\u0131nda de\u011fi\u015febilir. \u00d6rne\u011fin Naz City Taksim Hotel\u2019in gecelik \u00fccreti 66 CHF ve bir\u00e7ok al\u0131\u015fveri\u015f merkezine \u00e7ok yak\u0131n konumda. Ba\u015fka sorular\u0131n\u0131z var m\u0131? Sizinle ileti\u015fime ge\u00e7menizi memnuniyetle bekliyoruz.<\/p>\n","protected":false},"author":4,"featured_media":0,"parent":5024,"menu_order":0,"comment_status":"closed","ping_status":"closed","template":"","meta":{"_joinchat":[],"footnotes":""},"class_list":["post-5032","page","type-page","status-publish","hentry"],"acf":[],"_links":{"self":[{"href":"https:\/\/medicaltravel.ch\/tr\/wp-json\/wp\/v2\/pages\/5032","targetHints":{"allow":["GET"]}}],"collection":[{"href":"https:\/\/medicaltravel.ch\/tr\/wp-json\/wp\/v2\/pages"}],"about":[{"href":"https:\/\/medicaltravel.ch\/tr\/wp-json\/wp\/v2\/types\/page"}],"author":[{"embeddable":true,"href":"https:\/\/medicaltravel.ch\/tr\/wp-json\/wp\/v2\/users\/4"}],"replies":[{"embeddable":true,"href":"https:\/\/medicaltravel.ch\/tr\/wp-json\/wp\/v2\/comments?post=5032"}],"version-history":[{"count":5,"href":"https:\/\/medicaltravel.ch\/tr\/wp-json\/wp\/v2\/pages\/5032\/revisions"}],"predecessor-version":[{"id":5043,"href":"https:\/\/medicaltravel.ch\/tr\/wp-json\/wp\/v2\/pages\/5032\/revisions\/5043"}],"up":[{"embeddable":true,"href":"https:\/\/medicaltravel.ch\/tr\/wp-json\/wp\/v2\/pages\/5024"}],"wp:attachment":[{"href":"https:\/\/medicaltravel.ch\/tr\/wp-json\/wp\/v2\/media?parent=5032"}],"curies":[{"name":"wp","href":"https:\/\/api.w.org\/{rel}","templated":true}]}}