{"id":5038,"date":"2025-09-17T07:43:36","date_gmt":"2025-09-17T06:43:36","guid":{"rendered":"https:\/\/medicaltravel.ch\/dentalreisen\/dis-tedavileri-dis-turizmi-tuerkiyeye-dis-gezileri\/"},"modified":"2026-01-03T20:34:17","modified_gmt":"2026-01-03T19:34:17","slug":"dis-tedavileri-dis-turizmi-tuerkiyeye-dis-gezileri","status":"publish","type":"page","link":"https:\/\/medicaltravel.ch\/tr\/disci-gezileri\/dis-tedavileri-dis-turizmi-tuerkiyeye-dis-gezileri\/","title":{"rendered":"Di\u015f tedavileri, di\u015f turizmi, T\u00fcrkiye&#8217;ye di\u015f gezileri"},"content":{"rendered":"\t\t<div data-elementor-type=\"wp-page\" data-elementor-id=\"5038\" class=\"elementor elementor-5038 elementor-30\" data-elementor-post-type=\"page\">\n\t\t\t\t<div class=\"elementor-element elementor-element-3bcb9825 e-flex e-con-boxed wpr-particle-no wpr-jarallax-no wpr-parallax-no wpr-sticky-section-no e-con e-parent\" data-id=\"3bcb9825\" data-element_type=\"container\" data-e-type=\"container\">\n\t\t\t\t\t<div class=\"e-con-inner\">\n\t\t<div class=\"elementor-element elementor-element-1ab1b76 e-con-full e-flex wpr-particle-no wpr-jarallax-no wpr-parallax-no wpr-sticky-section-no e-con e-child\" data-id=\"1ab1b76\" data-element_type=\"container\" data-e-type=\"container\">\n\t\t\t\t<div class=\"elementor-element elementor-element-592178c elementor-widget elementor-widget-button\" data-id=\"592178c\" data-element_type=\"widget\" data-e-type=\"widget\" data-widget_type=\"button.default\">\n\t\t\t\t\t\t\t\t\t\t<a class=\"elementor-button elementor-button-link elementor-size-sm\" href=\"https:\/\/medicaltravel.ch\/tr\/dentalreisen\/dis-tedavileri-dis-turizmi-tuerkiyeye-dis-gezileri\/\">\n\t\t\t\t\t\t<span class=\"elementor-button-content-wrapper\">\n\t\t\t\t\t\t\t\t\t<span class=\"elementor-button-text\">Di\u015f tedavisi<\/span>\n\t\t\t\t\t<\/span>\n\t\t\t\t\t<\/a>\n\t\t\t\t\t\t\t\t<\/div>\n\t\t\t\t<div class=\"elementor-element elementor-element-9b1b7db elementor-widget elementor-widget-button\" data-id=\"9b1b7db\" data-element_type=\"widget\" data-e-type=\"widget\" data-widget_type=\"button.default\">\n\t\t\t\t\t\t\t\t\t\t<a class=\"elementor-button elementor-button-link elementor-size-sm\" href=\"https:\/\/medicaltravel.ch\/kinderwunsch\/leistungsspektrum\/\">\n\t\t\t\t\t\t<span class=\"elementor-button-content-wrapper\">\n\t\t\t\t\t\t\t\t\t<span class=\"elementor-button-text\">Hizmet yelpazesi<\/span>\n\t\t\t\t\t<\/span>\n\t\t\t\t\t<\/a>\n\t\t\t\t\t\t\t\t<\/div>\n\t\t\t\t<div class=\"elementor-element elementor-element-c644480 elementor-widget elementor-widget-button\" data-id=\"c644480\" data-element_type=\"widget\" data-e-type=\"widget\" data-widget_type=\"button.default\">\n\t\t\t\t\t\t\t\t\t\t<a class=\"elementor-button elementor-button-link elementor-size-sm\" href=\"https:\/\/medicaltravel.ch\/zahnimplantate\/zahnkliniken\/swiss-dentalklinik-istanbul\/\">\n\t\t\t\t\t\t<span class=\"elementor-button-content-wrapper\">\n\t\t\t\t\t\t\t\t\t<span class=\"elementor-button-text\">Di\u015f klinikleri<\/span>\n\t\t\t\t\t<\/span>\n\t\t\t\t\t<\/a>\n\t\t\t\t\t\t\t\t<\/div>\n\t\t\t\t<div class=\"elementor-element elementor-element-60d068a elementor-widget elementor-widget-button\" data-id=\"60d068a\" data-element_type=\"widget\" data-e-type=\"widget\" data-widget_type=\"button.default\">\n\t\t\t\t\t\t\t\t\t\t<a class=\"elementor-button elementor-button-link elementor-size-sm\" href=\"https:\/\/medicaltravel.ch\/kinderwunsch\/angebot\/\">\n\t\t\t\t\t\t<span class=\"elementor-button-content-wrapper\">\n\t\t\t\t\t\t\t\t\t<span class=\"elementor-button-text\">Fiyatlar<\/span>\n\t\t\t\t\t<\/span>\n\t\t\t\t\t<\/a>\n\t\t\t\t\t\t\t\t<\/div>\n\t\t\t\t<\/div>\n\t\t\t\t<div class=\"elementor-element elementor-element-20700664 elementor-widget elementor-widget-text-editor\" data-id=\"20700664\" data-element_type=\"widget\" data-e-type=\"widget\" data-widget_type=\"text-editor.default\">\n\t\t\t\t\t\t\t\t\t\n<h2 class=\"wp-block-heading\">T\u00dcRK\u0130YE&#8217;DE D\u0130\u015e TEDAV\u0130S\u0130<\/h2>\n\n<p>MedicalTravel ayr\u0131ca <a href=\"https:\/\/medicaltravel.ch\/zahnimplantate\/zahnkliniken\/swiss-dentalklinik-istanbul\/\">\u0130stanbul<\/a>, <a href=\"https:\/\/medicaltravel.ch\/zahnimplantate\/zahnkliniken\/zahnklinik-in-antalya\/\" data-type=\"page\" data-id=\"52\">Antalya <\/a>ve <a href=\"https:\/\/medicaltravel.ch\/zahnimplantate\/zahnkliniken\/zahnklinik-in-kusadasi\/\" data-type=\"page\" data-id=\"60\">Ku\u015fadas\u0131&#8217;ndaki <\/a>en iyi di\u015f kliniklerinde di\u015f tedavileri de sunmaktad\u0131r.<\/p>\n\n<p>\u0130svi\u00e7re, Almanya ve Avusturya\u2019da di\u015f tedavisi, yurtd\u0131\u015f\u0131na k\u0131yasla olduk\u00e7a pahal\u0131 hale geldi. Bu \u00fclkelerdeki y\u00fcksek fiyatlar\u0131 ve uzun bekleme s\u00fcrelerini art\u0131k kabul etmek istemeyen hastalar i\u00e7in ak\u0131ll\u0131ca bir se\u00e7enek var: T\u00fcrkiye\u2019de di\u015f tedavisinde %50-70\u2019e varan tasarruflar m\u00fcmk\u00fcn. \u00dcstelik tedavi y\u00f6ntemleri ve kullan\u0131lan malzemeler \u0130svi\u00e7re ile tamamen ayn\u0131.  <\/p>\n\n<p>Size T\u00fcrkiye\u2019nin en iyi di\u015f kliniklerinden birinde tedavi olman\u0131zda yard\u0131mc\u0131 oluyoruz. \u0130sterseniz u\u00e7ak ve otel rezervasyonunuzu da sizin i\u00e7in yapabiliriz. Bununla ilgili daha fazla bilgiyi <a href=\"https:\/\/medicaltravel.ch\/kinderwunsch\/angebot\/\" data-type=\"page\" data-id=\"161\">burada <\/a>bulabilirsiniz.  <\/p>\n\n<p><a href=\"https:\/\/medicaltravel.ch\/zahnimplantate\/zahnkliniken\/swiss-dentalklinik-istanbul\/\" data-type=\"page\" data-id=\"46\">Z\u00fcrih\u2019teki y\u00f6nlendirme di\u015f klini\u011fi<\/a> ile i\u015f birli\u011fimiz sayesinde, maliyet tahmini ve r\u00f6ntgenler gibi i\u015flemleri \u0130svi\u00e7re\u2019de yapt\u0131rabilirsiniz. \u0130stanbul\u2019daki Swiss CenterDent Klinik ve Z\u00fcrih\u2019teki klinik ayn\u0131 di\u015f hekimi taraf\u0131ndan y\u00f6netilmektedir. Baz\u0131 tedavilerinizi Z\u00fcrih\u2019te yapt\u0131rma imk\u00e2n\u0131 da vard\u0131r. \u00d6rne\u011fin implantlar\u0131n\u0131z\u0131 T\u00fcrkiye\u2019de yapt\u0131r\u0131p kronlar\u0131 \u0130svi\u00e7re\u2019de takt\u0131rabilir veya tersini yapabilirsiniz. B\u00f6ylece Z\u00fcrih\u2019teki kontroller garantilenmi\u015f olur ve genellikle fiyat\u0131n i\u00e7inde yer al\u0131r. \u0130svi\u00e7re\u2019deki \u00f6n ve sonras\u0131 kontroller hakk\u0131nda daha fazla bilgiyi <a href=\"https:\/\/medicaltravel.ch\/kinderwunsch\/angebot\/\" data-type=\"page\" data-id=\"161\">burada <\/a>bulabilirsiniz.     <\/p>\n\n<figure class=\"wp-block-image size-full\"><img fetchpriority=\"high\" decoding=\"async\" width=\"487\" height=\"324\" class=\"wp-image-286\" src=\"https:\/\/medicaltravel.ch\/wp-content\/uploads\/2025\/09\/Fanne_Turkei_Schweiz.jpg\" alt=\"\" srcset=\"https:\/\/medicaltravel.ch\/wp-content\/uploads\/2025\/09\/Fanne_Turkei_Schweiz.jpg 487w, https:\/\/medicaltravel.ch\/wp-content\/uploads\/2025\/09\/Fanne_Turkei_Schweiz-300x200.jpg 300w\" sizes=\"(max-width: 487px) 100vw, 487px\" \/><\/figure>\n\n<p id=\"caption-attachment-6688\">\u0130stanbul\u2019daki \u0130svi\u00e7re Di\u015f Klini\u011fi<\/p>\n\n<p><strong>Neden \u0130stanbul, Antalya veya Ku\u015fadas\u0131?<\/strong><\/p>\n\n<ul class=\"wp-block-list\">\n<li>Bu \u015fehirler, sa\u011fl\u0131k turizmi alan\u0131nda g\u00fcvenilir ve uluslararas\u0131 bir merkez haline gelmi\u015ftir. Her ay binlerce hasta, hem uzman hem de daha uygun maliyetli tedavi almak i\u00e7in T\u00fcrkiye\u2019ye seyahat etmektedir. <\/li>\n\n<li>Bu \u015fehirlerdeki doktorlar d\u00fcnyaya a\u00e7\u0131k olup, baz\u0131lar\u0131 yurtd\u0131\u015f\u0131nda da e\u011fitim almaktad\u0131r. K\u00fcresel t\u0131ptaki geli\u015fmelere aktif olarak katk\u0131da bulunurlar. <\/li>\n\n<li>\u0130stanbul, Antalya ve Ku\u015fadas\u0131, geli\u015fmi\u015f modern sa\u011fl\u0131k kurumlar\u0131n\u0131n yan\u0131 s\u0131ra bir\u00e7ok turistik mek\u00e2n da sunar. K\u00fclt\u00fcr, Bat\u0131 ile Do\u011fu aras\u0131nda bir kar\u0131\u015f\u0131ma sahiptir. Tedaviniz s\u0131ras\u0131nda sabah\u0131n erken saatlerinden ak\u015fam\u0131n ge\u00e7 saatlerine kadar klinikte olmayacaks\u0131n\u0131z. Bu nedenle, bu canl\u0131 metropol\u00fc ke\u015ffetmek i\u00e7in de bolca zaman\u0131n\u0131z olacak. \u0130stanbul hakk\u0131nda daha fazla bilgiyi burada bulabilirsiniz.    <\/li>\n\n<li>T\u00fcrkiye\u2019deki insanlar turistlere son derece misafirperverdir, bu da konaklaman\u0131z\u0131 daha da keyifli hale getirir.<\/li>\n<\/ul>\n\n<p>T\u00fcrkiye\u2019de di\u015f tedavileri (di\u015f d\u00fczeltme) ne kadar? Fiyatlar nedir?<br>Detayl\u0131 fiyat ve maliyet bilgilerini l\u00fctfen <a href=\"https:\/\/medicaltravel.ch\/tr\/dentalreisen\/fiyatlar\/euro-cinsinden-fiyatlar\/\" data-type=\"page\" data-id=\"70\">burada <\/a>bulabilirsiniz.<\/p>\n\t\t\t\t\t\t\t\t<\/div>\n\t\t\t\t\t<\/div>\n\t\t\t\t<\/div>\n\t\t\t\t<\/div>\n\t\t","protected":false},"excerpt":{"rendered":"<p>Di\u015f tedavisi Hizmet yelpazesi Di\u015f klinikleri Fiyatlar T\u00dcRK\u0130YE&#8217;DE D\u0130\u015e TEDAV\u0130S\u0130 MedicalTravel ayr\u0131ca \u0130stanbul, Antalya ve Ku\u015fadas\u0131&#8217;ndaki en iyi di\u015f kliniklerinde di\u015f tedavileri de sunmaktad\u0131r. \u0130svi\u00e7re, Almanya ve Avusturya\u2019da di\u015f tedavisi, yurtd\u0131\u015f\u0131na k\u0131yasla olduk\u00e7a pahal\u0131 hale geldi. Bu \u00fclkelerdeki y\u00fcksek fiyatlar\u0131 ve uzun bekleme s\u00fcrelerini art\u0131k kabul etmek istemeyen hastalar i\u00e7in ak\u0131ll\u0131ca bir se\u00e7enek var: T\u00fcrkiye\u2019de di\u015f tedavisinde %50-70\u2019e varan tasarruflar m\u00fcmk\u00fcn. \u00dcstelik tedavi y\u00f6ntemleri ve kullan\u0131lan malzemeler \u0130svi\u00e7re ile tamamen ayn\u0131. Size T\u00fcrkiye\u2019nin en iyi di\u015f kliniklerinden birinde tedavi olman\u0131zda yard\u0131mc\u0131 oluyoruz. \u0130sterseniz u\u00e7ak ve otel rezervasyonunuzu da sizin i\u00e7in yapabiliriz. Bununla ilgili daha fazla bilgiyi burada bulabilirsiniz. Z\u00fcrih\u2019teki y\u00f6nlendirme di\u015f klini\u011fi ile i\u015f birli\u011fimiz sayesinde, maliyet tahmini ve r\u00f6ntgenler gibi i\u015flemleri \u0130svi\u00e7re\u2019de yapt\u0131rabilirsiniz. \u0130stanbul\u2019daki Swiss CenterDent Klinik ve Z\u00fcrih\u2019teki klinik ayn\u0131 di\u015f hekimi taraf\u0131ndan y\u00f6netilmektedir. Baz\u0131 tedavilerinizi Z\u00fcrih\u2019te yapt\u0131rma imk\u00e2n\u0131 da vard\u0131r. \u00d6rne\u011fin implantlar\u0131n\u0131z\u0131 T\u00fcrkiye\u2019de yapt\u0131r\u0131p kronlar\u0131 \u0130svi\u00e7re\u2019de takt\u0131rabilir veya tersini yapabilirsiniz. B\u00f6ylece Z\u00fcrih\u2019teki kontroller garantilenmi\u015f olur ve genellikle fiyat\u0131n i\u00e7inde yer al\u0131r. \u0130svi\u00e7re\u2019deki \u00f6n ve sonras\u0131 kontroller hakk\u0131nda daha fazla bilgiyi burada bulabilirsiniz. \u0130stanbul\u2019daki \u0130svi\u00e7re Di\u015f Klini\u011fi Neden \u0130stanbul, Antalya veya Ku\u015fadas\u0131? Bu \u015fehirler, sa\u011fl\u0131k turizmi alan\u0131nda g\u00fcvenilir ve uluslararas\u0131 bir merkez haline gelmi\u015ftir. Her ay binlerce hasta, hem uzman hem de daha uygun maliyetli tedavi almak i\u00e7in T\u00fcrkiye\u2019ye seyahat etmektedir. Bu \u015fehirlerdeki doktorlar d\u00fcnyaya a\u00e7\u0131k olup, baz\u0131lar\u0131 yurtd\u0131\u015f\u0131nda da e\u011fitim almaktad\u0131r. K\u00fcresel t\u0131ptaki geli\u015fmelere aktif olarak katk\u0131da bulunurlar. \u0130stanbul, Antalya ve Ku\u015fadas\u0131, geli\u015fmi\u015f modern sa\u011fl\u0131k kurumlar\u0131n\u0131n yan\u0131 s\u0131ra bir\u00e7ok turistik mek\u00e2n da sunar. K\u00fclt\u00fcr, Bat\u0131 ile Do\u011fu aras\u0131nda bir kar\u0131\u015f\u0131ma sahiptir. Tedaviniz s\u0131ras\u0131nda sabah\u0131n erken saatlerinden ak\u015fam\u0131n ge\u00e7 saatlerine kadar klinikte olmayacaks\u0131n\u0131z. Bu nedenle, bu canl\u0131 metropol\u00fc ke\u015ffetmek i\u00e7in de bolca zaman\u0131n\u0131z olacak. \u0130stanbul hakk\u0131nda daha fazla bilgiyi burada bulabilirsiniz. T\u00fcrkiye\u2019deki insanlar turistlere son derece misafirperverdir, bu da konaklaman\u0131z\u0131 daha da keyifli hale getirir. T\u00fcrkiye\u2019de di\u015f tedavileri (di\u015f d\u00fczeltme) ne kadar? Fiyatlar nedir?Detayl\u0131 fiyat ve maliyet bilgilerini l\u00fctfen burada bulabilirsiniz.<\/p>\n","protected":false},"author":4,"featured_media":0,"parent":4971,"menu_order":0,"comment_status":"closed","ping_status":"closed","template":"","meta":{"_joinchat":[],"footnotes":""},"class_list":["post-5038","page","type-page","status-publish","hentry"],"acf":[],"_links":{"self":[{"href":"https:\/\/medicaltravel.ch\/tr\/wp-json\/wp\/v2\/pages\/5038","targetHints":{"allow":["GET"]}}],"collection":[{"href":"https:\/\/medicaltravel.ch\/tr\/wp-json\/wp\/v2\/pages"}],"about":[{"href":"https:\/\/medicaltravel.ch\/tr\/wp-json\/wp\/v2\/types\/page"}],"author":[{"embeddable":true,"href":"https:\/\/medicaltravel.ch\/tr\/wp-json\/wp\/v2\/users\/4"}],"replies":[{"embeddable":true,"href":"https:\/\/medicaltravel.ch\/tr\/wp-json\/wp\/v2\/comments?post=5038"}],"version-history":[{"count":3,"href":"https:\/\/medicaltravel.ch\/tr\/wp-json\/wp\/v2\/pages\/5038\/revisions"}],"predecessor-version":[{"id":5045,"href":"https:\/\/medicaltravel.ch\/tr\/wp-json\/wp\/v2\/pages\/5038\/revisions\/5045"}],"up":[{"embeddable":true,"href":"https:\/\/medicaltravel.ch\/tr\/wp-json\/wp\/v2\/pages\/4971"}],"wp:attachment":[{"href":"https:\/\/medicaltravel.ch\/tr\/wp-json\/wp\/v2\/media?parent=5038"}],"curies":[{"name":"wp","href":"https:\/\/api.w.org\/{rel}","templated":true}]}}