{"id":5052,"date":"2025-09-17T08:05:48","date_gmt":"2025-09-17T07:05:48","guid":{"rendered":"https:\/\/medicaltravel.ch\/acibadem-dis-klinigi-istanbul\/"},"modified":"2026-01-03T20:52:15","modified_gmt":"2026-01-03T19:52:15","slug":"acibadem-dis-klinigi-istanbul","status":"publish","type":"page","link":"https:\/\/medicaltravel.ch\/tr\/disci-gezileri\/dis-klinikleri\/acibadem-dis-klinigi-istanbul\/","title":{"rendered":"Ac\u0131badem Di\u015f Klini\u011fi \u0130stanbul"},"content":{"rendered":"\t\t<div data-elementor-type=\"wp-page\" data-elementor-id=\"5052\" class=\"elementor elementor-5052 elementor-50\" data-elementor-post-type=\"page\">\n\t\t\t\t<div class=\"elementor-element elementor-element-6b79299a e-flex e-con-boxed wpr-particle-no wpr-jarallax-no wpr-parallax-no wpr-sticky-section-no e-con e-parent\" data-id=\"6b79299a\" data-element_type=\"container\" data-e-type=\"container\">\n\t\t\t\t\t<div class=\"e-con-inner\">\n\t\t<div class=\"elementor-element elementor-element-cceccbf e-con-full e-flex wpr-particle-no wpr-jarallax-no wpr-parallax-no wpr-sticky-section-no e-con e-child\" data-id=\"cceccbf\" data-element_type=\"container\" data-e-type=\"container\">\n\t\t\t\t<div class=\"elementor-element elementor-element-a4a36a9 elementor-widget elementor-widget-button\" data-id=\"a4a36a9\" data-element_type=\"widget\" data-e-type=\"widget\" data-widget_type=\"button.default\">\n\t\t\t\t\t\t\t\t\t\t<a class=\"elementor-button elementor-button-link elementor-size-sm\" href=\"https:\/\/medicaltravel.ch\/zahnimplantate\/zahnkliniken\/swiss-dentalklinik-istanbul\/\">\n\t\t\t\t\t\t<span class=\"elementor-button-content-wrapper\">\n\t\t\t\t\t\t\t\t\t<span class=\"elementor-button-text\">Swiss Istanbul<\/span>\n\t\t\t\t\t<\/span>\n\t\t\t\t\t<\/a>\n\t\t\t\t\t\t\t\t<\/div>\n\t\t\t\t<div class=\"elementor-element elementor-element-961d421 elementor-widget elementor-widget-button\" data-id=\"961d421\" data-element_type=\"widget\" data-e-type=\"widget\" data-widget_type=\"button.default\">\n\t\t\t\t\t\t\t\t\t\t<a class=\"elementor-button elementor-button-link elementor-size-sm\" href=\"https:\/\/medicaltravel.ch\/zahnimplantate\/zahnkliniken\/hospitadent-zahnklinik-istanbul\/\">\n\t\t\t\t\t\t<span class=\"elementor-button-content-wrapper\">\n\t\t\t\t\t\t\t\t\t<span class=\"elementor-button-text\">Hospitadent Istanbul<\/span>\n\t\t\t\t\t<\/span>\n\t\t\t\t\t<\/a>\n\t\t\t\t\t\t\t\t<\/div>\n\t\t\t\t<div class=\"elementor-element elementor-element-6cd1ea8 elementor-widget elementor-widget-button\" data-id=\"6cd1ea8\" data-element_type=\"widget\" data-e-type=\"widget\" data-widget_type=\"button.default\">\n\t\t\t\t\t\t\t\t\t\t<a class=\"elementor-button elementor-button-link elementor-size-sm\" href=\"https:\/\/medicaltravel.ch\/tr\/dentalreisen\/dis-klinikleri\/acibadem-dis-klinigi-istanbul\/\">\n\t\t\t\t\t\t<span class=\"elementor-button-content-wrapper\">\n\t\t\t\t\t\t\t\t\t<span class=\"elementor-button-text\">Acibadem Istanbul<\/span>\n\t\t\t\t\t<\/span>\n\t\t\t\t\t<\/a>\n\t\t\t\t\t\t\t\t<\/div>\n\t\t\t\t<div class=\"elementor-element elementor-element-704b6b1 elementor-widget elementor-widget-button\" data-id=\"704b6b1\" data-element_type=\"widget\" data-e-type=\"widget\" data-widget_type=\"button.default\">\n\t\t\t\t\t\t\t\t\t\t<a class=\"elementor-button elementor-button-link elementor-size-sm\" href=\"https:\/\/medicaltravel.ch\/zahnimplantate\/zahnkliniken\/zahnklinik-in-antalya\/\">\n\t\t\t\t\t\t<span class=\"elementor-button-content-wrapper\">\n\t\t\t\t\t\t\t\t\t<span class=\"elementor-button-text\">Antalya<\/span>\n\t\t\t\t\t<\/span>\n\t\t\t\t\t<\/a>\n\t\t\t\t\t\t\t\t<\/div>\n\t\t\t\t<div class=\"elementor-element elementor-element-ace9af6 elementor-widget elementor-widget-button\" data-id=\"ace9af6\" data-element_type=\"widget\" data-e-type=\"widget\" data-widget_type=\"button.default\">\n\t\t\t\t\t\t\t\t\t\t<a class=\"elementor-button elementor-button-link elementor-size-sm\" href=\"https:\/\/medicaltravel.ch\/zahnimplantate\/zahnkliniken\/zahnklinik-in-manavgat\/\">\n\t\t\t\t\t\t<span class=\"elementor-button-content-wrapper\">\n\t\t\t\t\t\t\t\t\t<span class=\"elementor-button-text\">Side<\/span>\n\t\t\t\t\t<\/span>\n\t\t\t\t\t<\/a>\n\t\t\t\t\t\t\t\t<\/div>\n\t\t\t\t<div class=\"elementor-element elementor-element-f370025 elementor-widget elementor-widget-button\" data-id=\"f370025\" data-element_type=\"widget\" data-e-type=\"widget\" data-widget_type=\"button.default\">\n\t\t\t\t\t\t\t\t\t\t<a class=\"elementor-button elementor-button-link elementor-size-sm\" href=\"https:\/\/medicaltravel.ch\/tr\/dentalreisen\/hizmet-yelpazesi\/dis-teli-ortodonti-tedavisi-tuerkiye-istanbul-zuerih\/\">\n\t\t\t\t\t\t<span class=\"elementor-button-content-wrapper\">\n\t\t\t\t\t\t\t\t\t<span class=\"elementor-button-text\">Izmir<\/span>\n\t\t\t\t\t<\/span>\n\t\t\t\t\t<\/a>\n\t\t\t\t\t\t\t\t<\/div>\n\t\t\t\t<div class=\"elementor-element elementor-element-894279a elementor-widget elementor-widget-button\" data-id=\"894279a\" data-element_type=\"widget\" data-e-type=\"widget\" data-widget_type=\"button.default\">\n\t\t\t\t\t\t\t\t\t\t<a class=\"elementor-button elementor-button-link elementor-size-sm\" href=\"https:\/\/medicaltravel.ch\/zahnimplantate\/zahnkliniken\/kayseri\/\">\n\t\t\t\t\t\t<span class=\"elementor-button-content-wrapper\">\n\t\t\t\t\t\t\t\t\t<span class=\"elementor-button-text\">Kayseri<\/span>\n\t\t\t\t\t<\/span>\n\t\t\t\t\t<\/a>\n\t\t\t\t\t\t\t\t<\/div>\n\t\t\t\t<div class=\"elementor-element elementor-element-3117689 elementor-widget elementor-widget-button\" data-id=\"3117689\" data-element_type=\"widget\" data-e-type=\"widget\" data-widget_type=\"button.default\">\n\t\t\t\t\t\t\t\t\t\t<a class=\"elementor-button elementor-button-link elementor-size-sm\" href=\"https:\/\/medicaltravel.ch\/zahnimplantate\/zahnkliniken\/zahnklinik-in-kusadasi\/\">\n\t\t\t\t\t\t<span class=\"elementor-button-content-wrapper\">\n\t\t\t\t\t\t\t\t\t<span class=\"elementor-button-text\">Kusadasi<\/span>\n\t\t\t\t\t<\/span>\n\t\t\t\t\t<\/a>\n\t\t\t\t\t\t\t\t<\/div>\n\t\t\t\t<div class=\"elementor-element elementor-element-8280327 elementor-widget elementor-widget-button\" data-id=\"8280327\" data-element_type=\"widget\" data-e-type=\"widget\" data-widget_type=\"button.default\">\n\t\t\t\t\t\t\t\t\t\t<a class=\"elementor-button elementor-button-link elementor-size-sm\" href=\"https:\/\/medicaltravel.ch\/zahnimplantate\/zahnkliniken\/alanya\/\">\n\t\t\t\t\t\t<span class=\"elementor-button-content-wrapper\">\n\t\t\t\t\t\t\t\t\t<span class=\"elementor-button-text\">Alanya<\/span>\n\t\t\t\t\t<\/span>\n\t\t\t\t\t<\/a>\n\t\t\t\t\t\t\t\t<\/div>\n\t\t\t\t<div class=\"elementor-element elementor-element-9347d64 elementor-widget elementor-widget-button\" data-id=\"9347d64\" data-element_type=\"widget\" data-e-type=\"widget\" data-widget_type=\"button.default\">\n\t\t\t\t\t\t\t\t\t\t<a class=\"elementor-button elementor-button-link elementor-size-sm\" href=\"https:\/\/medicaltravel.ch\/zahnimplantate\/zahnkliniken\/bodrum\/\">\n\t\t\t\t\t\t<span class=\"elementor-button-content-wrapper\">\n\t\t\t\t\t\t\t\t\t<span class=\"elementor-button-text\">Bodrum<\/span>\n\t\t\t\t\t<\/span>\n\t\t\t\t\t<\/a>\n\t\t\t\t\t\t\t\t<\/div>\n\t\t\t\t<\/div>\n\t\t\t\t<div class=\"elementor-element elementor-element-32bfaef5 elementor-widget elementor-widget-text-editor\" data-id=\"32bfaef5\" data-element_type=\"widget\" data-e-type=\"widget\" data-widget_type=\"text-editor.default\">\n\t\t\t\t\t\t\t\t\t\n<h3 class=\"wp-block-heading\">D\u0130\u015e KL\u0130N\u0130\u011e\u0130 \u0130STANBUL \u2013 ACIBADEM<\/h3>\n\n<p><a href=\"http:\/\/en.wikipedia.org\/wiki\/Ac%C4%B1badem_Healthcare_Group\" target=\"_blank\" rel=\"noreferrer noopener nofollow\">Ac\u0131badem Hastanesi,<\/a> \u0130stanbul\u2019daki en yeni cihaz ve teknolojiye sahiptir. \u0130stanbul\u2019un en prestijli \u00f6zel hastanelerinden biri olarak kabul edilir ve T\u00fcrkiye\u2019deki ilk 100 \u015firket aras\u0131nda yer al\u0131r. Ayn\u0131 zamanda bir anonim \u015firket olan Ac\u0131badem Sa\u011fl\u0131k Grubu, her y\u0131l b\u00fcy\u00fcy\u00fcp geli\u015fmektedir. AB hijyen standartlar\u0131 fazlas\u0131yla a\u015f\u0131lm\u0131\u015ft\u0131r. Ayr\u0131ca burada \u00e7ok iyi uzman doktorlar ve cerrahlar taraf\u0131ndan tedavi edilirsiniz.  <\/p>\n\n<p>Hastanede 24 farkl\u0131 t\u0131bbi merkez bulunuyor, bunlar\u0131n \u00e7o\u011fu \u0130stanbul\u2019dad\u0131r. Sa\u011fl\u0131k sekt\u00f6r\u00fcnde \u0130stanbul ve T\u00fcrkiye\u2019de ilk tercih edilen adreslerden biridir ve \u0130stanbul ile T\u00fcrkiye\u2019nin \u00fcst s\u0131n\u0131f\u0131 da buray\u0131 tercih eder. T\u00fcrk Milli Futbol Tak\u0131m\u0131 ve Fenerbah\u00e7e, Galatasaray, Be\u015fikta\u015f gibi \u00f6nde gelen kul\u00fcpler de Ac\u0131badem taraf\u0131ndan sa\u011fl\u0131k a\u00e7\u0131s\u0131ndan desteklenmektedir. <\/p>\n\n<figure class=\"wp-block-image size-full\"><img fetchpriority=\"high\" decoding=\"async\" width=\"600\" height=\"400\" class=\"wp-image-334\" src=\"https:\/\/medicaltravel.ch\/wp-content\/uploads\/2025\/09\/csm_IMG_1398_8741def1be.jpg\" alt=\"\" srcset=\"https:\/\/medicaltravel.ch\/wp-content\/uploads\/2025\/09\/csm_IMG_1398_8741def1be.jpg 600w, https:\/\/medicaltravel.ch\/wp-content\/uploads\/2025\/09\/csm_IMG_1398_8741def1be-300x200.jpg 300w\" sizes=\"(max-width: 600px) 100vw, 600px\" \/><\/figure>\n\n<p id=\"caption-attachment-1013\">\u0130stanbul\u2019daki di\u015f klini\u011fimizde modern donan\u0131m ve teknolojiler<\/p>\n\n<p>Ac\u0131badem Hastanesi, ABD merkezli JCI (<a href=\"http:\/\/www.jointcommissioninternational.org\/\" target=\"_blank\" rel=\"noreferrer noopener nofollow\">Joint Commission International<\/a>) taraf\u0131ndan sertifikaland\u0131r\u0131lm\u0131\u015ft\u0131r<\/p>\n\n<p>Ac\u0131badem, di\u015f tedavileri alan\u0131 da d\u00e2hil olmak \u00fczere kendi uzmanl\u0131k alanlar\u0131nda g\u00f6rev yapan ve bilimsel ile teknolojik geli\u015fmeleri s\u00fcrekli takip ederek kendilerini geli\u015ftiren, \u00e7ok iyi e\u011fitimli 1.600 doktora sahiptir<\/p>\n\n<figure class=\"wp-block-image size-full\"><img decoding=\"async\" width=\"80\" height=\"80\" class=\"wp-image-336\" src=\"https:\/\/medicaltravel.ch\/wp-content\/uploads\/2025\/09\/RTEmagicC_jc_goldseal-1040x1040_converted__1__70.jpg.jpg\" alt=\"\"><\/figure>\n\n<p><strong>Tedaviniz i\u00e7in neden \u0130stanbul\u2019daki Ac\u0131badem Hastanesi?<\/strong><\/p>\n\n<p>Hastane:<\/p>\n\n<ul class=\"wp-block-list\">\n<li>Joint Commission International taraf\u0131ndan sertifikaland\u0131r\u0131lm\u0131\u015ft\u0131r<\/li>\n\n<li>European Foundation for Quality Management (EFQM) \u00fcyesidir<\/li>\n\n<li>T\u00fcrkiye Milli Futbol Tak\u0131m\u0131\u2019n\u0131n medikal sponsorudur<\/li>\n\n<li>1.600\u2019\u00fc doktor olmak \u00fczere toplam 10.500 \u00e7al\u0131\u015fan istihdam etmektedir<\/li>\n\n<li>T\u00fcrkiye genelinde 24\u2019ten fazla farkl\u0131 t\u0131p merkezine sahiptir<\/li>\n\n<li>\u00dclkenin en iyi 100 \u015firketi aras\u0131nda yer almaktad\u0131r<\/li>\n\n<li>Her t\u00fcrl\u00fc t\u0131bbi tedaviyi sunmaktad\u0131r<\/li>\n\n<li>Di\u015f tedavileri, t\u00fcp bebek uygulamalar\u0131, g\u00f6z lazer tedavileri ve kendi sa\u00e7 ekimi alanlar\u0131ndaki hizmetleriyle \u00f6zellikle tan\u0131nmaktad\u0131r<\/li>\n\n<li>Almanca ba\u015fta olmak \u00fczere bir\u00e7ok dilde hizmet ve dan\u0131\u015fmanl\u0131k sunulmaktad\u0131r<\/li>\n<\/ul>\n\n<p>Hastanenin geni\u015f hizmet yelpazesi, hastalara farkl\u0131 tedavi se\u00e7enekleri sunmaktad\u0131r. Sunulan ameliyatlarda sahip oldu\u011fu y\u00fcksek deneyim sayesinde, y\u00fcksek beklentilere ve kaliteli hizmet anlay\u0131\u015f\u0131na sahip hastalar i\u00e7in hizmet vermektedir <\/p>\n\n<p>Sa\u011fl\u0131\u011f\u0131n\u0131z ve esteti\u011finiz s\u00f6z konusu oldu\u011funda her \u015feyin kusursuz olmas\u0131 gerekir. Kal\u0131c\u0131 ve iyi sonu\u00e7lar i\u00e7in doktorlar en \u00f6nemli rol\u00fc oynar. Di\u015f tedavileriniz, aralar\u0131nda Di\u015f Hekimi <a href=\"https:\/\/medicaltravel.ch\/wp-content\/uploads\/2025\/09\/Lebenslauf_Dent_Dr_Ozge_Ozturk.pdf\" data-type=\"link\" data-id=\"https:\/\/medicaltravel.ch\/wp-content\/uploads\/2025\/09\/Lebenslauf_Dent_Dr_Ozge_Ozturk.pdf\">Dr. \u00d6zge \u00d6zt\u00fcrk\u2019\u00fcn de<\/a> bulundu\u011fu, yaln\u0131zca deneyimli di\u015f hekimleri taraf\u0131ndan ger\u00e7ekle\u015ftirilmektedir <\/p>\n\n<figure class=\"wp-block-image size-full\"><img decoding=\"async\" width=\"115\" height=\"150\" class=\"wp-image-337\" src=\"https:\/\/medicaltravel.ch\/wp-content\/uploads\/2025\/09\/RTEmagicC_OEzge_OEztuerk_dis_doktoru_15.jpg.jpg\" alt=\"\"><\/figure>\n\n<p><a href=\"https:\/\/medicaltravel.ch\/wp-content\/uploads\/2025\/09\/Lebenslauf_Dent_Dr_Ozge_Ozturk.pdf\" data-type=\"link\" data-id=\"https:\/\/medicaltravel.ch\/wp-content\/uploads\/2025\/09\/Lebenslauf_Dent_Dr_Ozge_Ozturk.pdf\">Dt. Dr. \u00d6zge \u00d6zt\u00fcrk <\/a><\/p>\n\n<p><a href=\"https:\/\/www.acibadem.com.tr\/SanalTur\/fulya\/en.html\" target=\"_blank\" rel=\"noreferrer noopener nofollow\">Burada hastaneyi sanal olarak gezebilirsiniz. Haz\u0131r m\u0131s\u0131n\u0131z? Kendiniz g\u00f6r\u00fcn ve hayran kal\u0131n  <\/a><\/p>\n\n<figure class=\"wp-block-image size-full\"><img loading=\"lazy\" decoding=\"async\" width=\"600\" height=\"400\" class=\"wp-image-338\" src=\"https:\/\/medicaltravel.ch\/wp-content\/uploads\/2025\/09\/csm_IMG_1465_01_8d8b3d2528.jpg\" alt=\"\" srcset=\"https:\/\/medicaltravel.ch\/wp-content\/uploads\/2025\/09\/csm_IMG_1465_01_8d8b3d2528.jpg 600w, https:\/\/medicaltravel.ch\/wp-content\/uploads\/2025\/09\/csm_IMG_1465_01_8d8b3d2528-300x200.jpg 300w\" sizes=\"(max-width: 600px) 100vw, 600px\" \/><\/figure>\n\n<p id=\"caption-attachment-1014\">Sizi g\u00fcler y\u00fczl\u00fc di\u015f hekimleri bekliyor<\/p>\n\n<figure class=\"wp-block-image size-full\"><img loading=\"lazy\" decoding=\"async\" width=\"600\" height=\"400\" class=\"wp-image-340\" src=\"https:\/\/medicaltravel.ch\/wp-content\/uploads\/2025\/09\/csm_IMG_1385_0a418c33ce.jpg\" alt=\"\" srcset=\"https:\/\/medicaltravel.ch\/wp-content\/uploads\/2025\/09\/csm_IMG_1385_0a418c33ce.jpg 600w, https:\/\/medicaltravel.ch\/wp-content\/uploads\/2025\/09\/csm_IMG_1385_0a418c33ce-300x200.jpg 300w\" sizes=\"(max-width: 600px) 100vw, 600px\" \/><\/figure>\n\n<p id=\"caption-attachment-1015\">\u0130stanbul\u2019da modern bir di\u015f klini\u011fi<\/p>\n\n<figure class=\"wp-block-image size-full\"><img loading=\"lazy\" decoding=\"async\" width=\"600\" height=\"400\" class=\"wp-image-341\" src=\"https:\/\/medicaltravel.ch\/wp-content\/uploads\/2025\/09\/csm_IMG_1385_0a418c33ce-1.jpg\" alt=\"\" srcset=\"https:\/\/medicaltravel.ch\/wp-content\/uploads\/2025\/09\/csm_IMG_1385_0a418c33ce-1.jpg 600w, https:\/\/medicaltravel.ch\/wp-content\/uploads\/2025\/09\/csm_IMG_1385_0a418c33ce-1-300x200.jpg 300w\" sizes=\"(max-width: 600px) 100vw, 600px\" \/><\/figure>\n\n<p id=\"caption-attachment-1016\">\u0130stanbul\u2019daki di\u015f klini\u011fi<\/p>\n\t\t\t\t\t\t\t\t<\/div>\n\t\t\t\t\t<\/div>\n\t\t\t\t<\/div>\n\t\t\t\t<\/div>\n\t\t","protected":false},"excerpt":{"rendered":"<p>Swiss Istanbul Hospitadent Istanbul Acibadem Istanbul Antalya Side Izmir Kayseri Kusadasi Alanya Bodrum D\u0130\u015e KL\u0130N\u0130\u011e\u0130 \u0130STANBUL \u2013 ACIBADEM Ac\u0131badem Hastanesi, \u0130stanbul\u2019daki en yeni cihaz ve teknolojiye sahiptir. \u0130stanbul\u2019un en prestijli \u00f6zel hastanelerinden biri olarak kabul edilir ve T\u00fcrkiye\u2019deki ilk 100 \u015firket aras\u0131nda yer al\u0131r. Ayn\u0131 zamanda bir anonim \u015firket olan Ac\u0131badem Sa\u011fl\u0131k Grubu, her y\u0131l b\u00fcy\u00fcy\u00fcp geli\u015fmektedir. AB hijyen standartlar\u0131 fazlas\u0131yla a\u015f\u0131lm\u0131\u015ft\u0131r. Ayr\u0131ca burada \u00e7ok iyi uzman doktorlar ve cerrahlar taraf\u0131ndan tedavi edilirsiniz. Hastanede 24 farkl\u0131 t\u0131bbi merkez bulunuyor, bunlar\u0131n \u00e7o\u011fu \u0130stanbul\u2019dad\u0131r. Sa\u011fl\u0131k sekt\u00f6r\u00fcnde \u0130stanbul ve T\u00fcrkiye\u2019de ilk tercih edilen adreslerden biridir ve \u0130stanbul ile T\u00fcrkiye\u2019nin \u00fcst s\u0131n\u0131f\u0131 da buray\u0131 tercih eder. T\u00fcrk Milli Futbol Tak\u0131m\u0131 ve Fenerbah\u00e7e, Galatasaray, Be\u015fikta\u015f gibi \u00f6nde gelen kul\u00fcpler de Ac\u0131badem taraf\u0131ndan sa\u011fl\u0131k a\u00e7\u0131s\u0131ndan desteklenmektedir. \u0130stanbul\u2019daki di\u015f klini\u011fimizde modern donan\u0131m ve teknolojiler Ac\u0131badem Hastanesi, ABD merkezli JCI (Joint Commission International) taraf\u0131ndan sertifikaland\u0131r\u0131lm\u0131\u015ft\u0131r Ac\u0131badem, di\u015f tedavileri alan\u0131 da d\u00e2hil olmak \u00fczere kendi uzmanl\u0131k alanlar\u0131nda g\u00f6rev yapan ve bilimsel ile teknolojik geli\u015fmeleri s\u00fcrekli takip ederek kendilerini geli\u015ftiren, \u00e7ok iyi e\u011fitimli 1.600 doktora sahiptir Tedaviniz i\u00e7in neden \u0130stanbul\u2019daki Ac\u0131badem Hastanesi? Hastane: Joint Commission International taraf\u0131ndan sertifikaland\u0131r\u0131lm\u0131\u015ft\u0131r European Foundation for Quality Management (EFQM) \u00fcyesidir T\u00fcrkiye Milli Futbol Tak\u0131m\u0131\u2019n\u0131n medikal sponsorudur 1.600\u2019\u00fc doktor olmak \u00fczere toplam 10.500 \u00e7al\u0131\u015fan istihdam etmektedir T\u00fcrkiye genelinde 24\u2019ten fazla farkl\u0131 t\u0131p merkezine sahiptir \u00dclkenin en iyi 100 \u015firketi aras\u0131nda yer almaktad\u0131r Her t\u00fcrl\u00fc t\u0131bbi tedaviyi sunmaktad\u0131r Di\u015f tedavileri, t\u00fcp bebek uygulamalar\u0131, g\u00f6z lazer tedavileri ve kendi sa\u00e7 ekimi alanlar\u0131ndaki hizmetleriyle \u00f6zellikle tan\u0131nmaktad\u0131r Almanca ba\u015fta olmak \u00fczere bir\u00e7ok dilde hizmet ve dan\u0131\u015fmanl\u0131k sunulmaktad\u0131r Hastanenin geni\u015f hizmet yelpazesi, hastalara farkl\u0131 tedavi se\u00e7enekleri sunmaktad\u0131r. Sunulan ameliyatlarda sahip oldu\u011fu y\u00fcksek deneyim sayesinde, y\u00fcksek beklentilere ve kaliteli hizmet anlay\u0131\u015f\u0131na sahip hastalar i\u00e7in hizmet vermektedir Sa\u011fl\u0131\u011f\u0131n\u0131z ve esteti\u011finiz s\u00f6z konusu oldu\u011funda her \u015feyin kusursuz olmas\u0131 gerekir. Kal\u0131c\u0131 ve iyi sonu\u00e7lar i\u00e7in doktorlar en \u00f6nemli rol\u00fc oynar. Di\u015f tedavileriniz, aralar\u0131nda Di\u015f Hekimi Dr. \u00d6zge \u00d6zt\u00fcrk\u2019\u00fcn de bulundu\u011fu, yaln\u0131zca deneyimli di\u015f hekimleri taraf\u0131ndan ger\u00e7ekle\u015ftirilmektedir Dt. Dr. \u00d6zge \u00d6zt\u00fcrk Burada hastaneyi sanal olarak gezebilirsiniz. Haz\u0131r m\u0131s\u0131n\u0131z? Kendiniz g\u00f6r\u00fcn ve hayran kal\u0131n Sizi g\u00fcler y\u00fczl\u00fc di\u015f hekimleri bekliyor \u0130stanbul\u2019da modern bir di\u015f klini\u011fi \u0130stanbul\u2019daki di\u015f klini\u011fi<\/p>\n","protected":false},"author":4,"featured_media":0,"parent":5061,"menu_order":0,"comment_status":"closed","ping_status":"closed","template":"","meta":{"_joinchat":[],"footnotes":""},"class_list":["post-5052","page","type-page","status-publish","hentry"],"acf":[],"_links":{"self":[{"href":"https:\/\/medicaltravel.ch\/tr\/wp-json\/wp\/v2\/pages\/5052","targetHints":{"allow":["GET"]}}],"collection":[{"href":"https:\/\/medicaltravel.ch\/tr\/wp-json\/wp\/v2\/pages"}],"about":[{"href":"https:\/\/medicaltravel.ch\/tr\/wp-json\/wp\/v2\/types\/page"}],"author":[{"embeddable":true,"href":"https:\/\/medicaltravel.ch\/tr\/wp-json\/wp\/v2\/users\/4"}],"replies":[{"embeddable":true,"href":"https:\/\/medicaltravel.ch\/tr\/wp-json\/wp\/v2\/comments?post=5052"}],"version-history":[{"count":6,"href":"https:\/\/medicaltravel.ch\/tr\/wp-json\/wp\/v2\/pages\/5052\/revisions"}],"predecessor-version":[{"id":5064,"href":"https:\/\/medicaltravel.ch\/tr\/wp-json\/wp\/v2\/pages\/5052\/revisions\/5064"}],"up":[{"embeddable":true,"href":"https:\/\/medicaltravel.ch\/tr\/wp-json\/wp\/v2\/pages\/5061"}],"wp:attachment":[{"href":"https:\/\/medicaltravel.ch\/tr\/wp-json\/wp\/v2\/media?parent=5052"}],"curies":[{"name":"wp","href":"https:\/\/api.w.org\/{rel}","templated":true}]}}