{"id":5065,"date":"2025-09-17T08:01:41","date_gmt":"2025-09-17T07:01:41","guid":{"rendered":"https:\/\/medicaltravel.ch\/dentalreisen\/dis-klinikleri\/hospitadent-dis-klinigi-istanbul\/"},"modified":"2026-01-03T20:56:26","modified_gmt":"2026-01-03T19:56:26","slug":"hospitadent-dis-klinigi-istanbul","status":"publish","type":"page","link":"https:\/\/medicaltravel.ch\/tr\/disci-gezileri\/dis-klinikleri\/hospitadent-dis-klinigi-istanbul\/","title":{"rendered":"Hospitadent Di\u015f Klini\u011fi \u0130stanbul"},"content":{"rendered":"\t\t<div data-elementor-type=\"wp-page\" data-elementor-id=\"5065\" class=\"elementor elementor-5065 elementor-48\" data-elementor-post-type=\"page\">\n\t\t\t\t<div class=\"elementor-element elementor-element-45614a8 e-flex e-con-boxed wpr-particle-no wpr-jarallax-no wpr-parallax-no wpr-sticky-section-no e-con e-parent\" data-id=\"45614a8\" data-element_type=\"container\" data-e-type=\"container\">\n\t\t\t\t\t<div class=\"e-con-inner\">\n\t\t<div class=\"elementor-element elementor-element-0a1d12e e-con-full e-flex wpr-particle-no wpr-jarallax-no wpr-parallax-no wpr-sticky-section-no e-con e-child\" data-id=\"0a1d12e\" data-element_type=\"container\" data-e-type=\"container\">\n\t\t\t\t<div class=\"elementor-element elementor-element-cfce0e0 elementor-widget elementor-widget-button\" data-id=\"cfce0e0\" data-element_type=\"widget\" data-e-type=\"widget\" data-widget_type=\"button.default\">\n\t\t\t\t\t\t\t\t\t\t<a class=\"elementor-button elementor-button-link elementor-size-sm\" href=\"https:\/\/medicaltravel.ch\/zahnimplantate\/zahnkliniken\/swiss-dentalklinik-istanbul\/\">\n\t\t\t\t\t\t<span class=\"elementor-button-content-wrapper\">\n\t\t\t\t\t\t\t\t\t<span class=\"elementor-button-text\">Swiss Istanbul<\/span>\n\t\t\t\t\t<\/span>\n\t\t\t\t\t<\/a>\n\t\t\t\t\t\t\t\t<\/div>\n\t\t\t\t<div class=\"elementor-element elementor-element-438b5f0 elementor-widget elementor-widget-button\" data-id=\"438b5f0\" data-element_type=\"widget\" data-e-type=\"widget\" data-widget_type=\"button.default\">\n\t\t\t\t\t\t\t\t\t\t<a class=\"elementor-button elementor-button-link elementor-size-sm\" href=\"https:\/\/medicaltravel.ch\/tr\/dentalreisen\/dis-klinikleri\/hospitadent-dis-klinigi-istanbul\/\">\n\t\t\t\t\t\t<span class=\"elementor-button-content-wrapper\">\n\t\t\t\t\t\t\t\t\t<span class=\"elementor-button-text\">Hospitadent Istanbul<\/span>\n\t\t\t\t\t<\/span>\n\t\t\t\t\t<\/a>\n\t\t\t\t\t\t\t\t<\/div>\n\t\t\t\t<div class=\"elementor-element elementor-element-671821d elementor-widget elementor-widget-button\" data-id=\"671821d\" data-element_type=\"widget\" data-e-type=\"widget\" data-widget_type=\"button.default\">\n\t\t\t\t\t\t\t\t\t\t<a class=\"elementor-button elementor-button-link elementor-size-sm\" href=\"https:\/\/medicaltravel.ch\/tr\/dentalreisen\/dis-klinikleri\/acibadem-dis-klinigi-istanbul\/\">\n\t\t\t\t\t\t<span class=\"elementor-button-content-wrapper\">\n\t\t\t\t\t\t\t\t\t<span class=\"elementor-button-text\">Acibadem Istanbul<\/span>\n\t\t\t\t\t<\/span>\n\t\t\t\t\t<\/a>\n\t\t\t\t\t\t\t\t<\/div>\n\t\t\t\t<div class=\"elementor-element elementor-element-d9d85df elementor-widget elementor-widget-button\" data-id=\"d9d85df\" data-element_type=\"widget\" data-e-type=\"widget\" data-widget_type=\"button.default\">\n\t\t\t\t\t\t\t\t\t\t<a class=\"elementor-button elementor-button-link elementor-size-sm\" href=\"https:\/\/medicaltravel.ch\/zahnimplantate\/zahnkliniken\/zahnklinik-in-antalya\/\">\n\t\t\t\t\t\t<span class=\"elementor-button-content-wrapper\">\n\t\t\t\t\t\t\t\t\t<span class=\"elementor-button-text\">Antalya<\/span>\n\t\t\t\t\t<\/span>\n\t\t\t\t\t<\/a>\n\t\t\t\t\t\t\t\t<\/div>\n\t\t\t\t<div class=\"elementor-element elementor-element-5e93b1c elementor-widget elementor-widget-button\" data-id=\"5e93b1c\" data-element_type=\"widget\" data-e-type=\"widget\" data-widget_type=\"button.default\">\n\t\t\t\t\t\t\t\t\t\t<a class=\"elementor-button elementor-button-link elementor-size-sm\" href=\"https:\/\/medicaltravel.ch\/zahnimplantate\/zahnkliniken\/zahnklinik-in-manavgat\/\">\n\t\t\t\t\t\t<span class=\"elementor-button-content-wrapper\">\n\t\t\t\t\t\t\t\t\t<span class=\"elementor-button-text\">Side<\/span>\n\t\t\t\t\t<\/span>\n\t\t\t\t\t<\/a>\n\t\t\t\t\t\t\t\t<\/div>\n\t\t\t\t<div class=\"elementor-element elementor-element-b22d586 elementor-widget elementor-widget-button\" data-id=\"b22d586\" data-element_type=\"widget\" data-e-type=\"widget\" data-widget_type=\"button.default\">\n\t\t\t\t\t\t\t\t\t\t<a class=\"elementor-button elementor-button-link elementor-size-sm\" href=\"https:\/\/medicaltravel.ch\/tr\/dentalreisen\/hizmet-yelpazesi\/dis-teli-ortodonti-tedavisi-tuerkiye-istanbul-zuerih\/\">\n\t\t\t\t\t\t<span class=\"elementor-button-content-wrapper\">\n\t\t\t\t\t\t\t\t\t<span class=\"elementor-button-text\">Izmir<\/span>\n\t\t\t\t\t<\/span>\n\t\t\t\t\t<\/a>\n\t\t\t\t\t\t\t\t<\/div>\n\t\t\t\t<div class=\"elementor-element elementor-element-1f3ae7e elementor-widget elementor-widget-button\" data-id=\"1f3ae7e\" data-element_type=\"widget\" data-e-type=\"widget\" data-widget_type=\"button.default\">\n\t\t\t\t\t\t\t\t\t\t<a class=\"elementor-button elementor-button-link elementor-size-sm\" href=\"https:\/\/medicaltravel.ch\/zahnimplantate\/zahnkliniken\/kayseri\/\">\n\t\t\t\t\t\t<span class=\"elementor-button-content-wrapper\">\n\t\t\t\t\t\t\t\t\t<span class=\"elementor-button-text\">Kayseri<\/span>\n\t\t\t\t\t<\/span>\n\t\t\t\t\t<\/a>\n\t\t\t\t\t\t\t\t<\/div>\n\t\t\t\t<div class=\"elementor-element elementor-element-8268ba5 elementor-widget elementor-widget-button\" data-id=\"8268ba5\" data-element_type=\"widget\" data-e-type=\"widget\" data-widget_type=\"button.default\">\n\t\t\t\t\t\t\t\t\t\t<a class=\"elementor-button elementor-button-link elementor-size-sm\" href=\"https:\/\/medicaltravel.ch\/zahnimplantate\/zahnkliniken\/zahnklinik-in-kusadasi\/\">\n\t\t\t\t\t\t<span class=\"elementor-button-content-wrapper\">\n\t\t\t\t\t\t\t\t\t<span class=\"elementor-button-text\">Kusadasi<\/span>\n\t\t\t\t\t<\/span>\n\t\t\t\t\t<\/a>\n\t\t\t\t\t\t\t\t<\/div>\n\t\t\t\t<div class=\"elementor-element elementor-element-1ce0a30 elementor-widget elementor-widget-button\" data-id=\"1ce0a30\" data-element_type=\"widget\" data-e-type=\"widget\" data-widget_type=\"button.default\">\n\t\t\t\t\t\t\t\t\t\t<a class=\"elementor-button elementor-button-link elementor-size-sm\" href=\"https:\/\/medicaltravel.ch\/zahnimplantate\/zahnkliniken\/alanya\/\">\n\t\t\t\t\t\t<span class=\"elementor-button-content-wrapper\">\n\t\t\t\t\t\t\t\t\t<span class=\"elementor-button-text\">Alanya<\/span>\n\t\t\t\t\t<\/span>\n\t\t\t\t\t<\/a>\n\t\t\t\t\t\t\t\t<\/div>\n\t\t\t\t<div class=\"elementor-element elementor-element-c6e6e6b elementor-widget elementor-widget-button\" data-id=\"c6e6e6b\" data-element_type=\"widget\" data-e-type=\"widget\" data-widget_type=\"button.default\">\n\t\t\t\t\t\t\t\t\t\t<a class=\"elementor-button elementor-button-link elementor-size-sm\" href=\"https:\/\/medicaltravel.ch\/zahnimplantate\/zahnkliniken\/bodrum\/\">\n\t\t\t\t\t\t<span class=\"elementor-button-content-wrapper\">\n\t\t\t\t\t\t\t\t\t<span class=\"elementor-button-text\">Bodrum<\/span>\n\t\t\t\t\t<\/span>\n\t\t\t\t\t<\/a>\n\t\t\t\t\t\t\t\t<\/div>\n\t\t\t\t<\/div>\n\t\t\t\t<div class=\"elementor-element elementor-element-1396628c elementor-widget elementor-widget-text-editor\" data-id=\"1396628c\" data-element_type=\"widget\" data-e-type=\"widget\" data-widget_type=\"text-editor.default\">\n\t\t\t\t\t\t\t\t\t\n<h2 class=\"wp-block-heading\">\u0130stanbul\u2019daki di\u015f klini\u011fi<\/h2>\n\n<p><strong>\u0130stanbul\u2019daki Hospitadent Di\u015f Klinikleri<\/strong><\/p>\n\n<h2 class=\"wp-block-heading\"><strong>Hospitadent Istanbul<\/strong><\/h2>\n\n<p>\u0130stanbul\u2019daki Hospitadent Di\u015f Klini\u011fi, en yeni cihazlar ve teknolojilerle donat\u0131lm\u0131\u015ft\u0131r. Klini\u011fin geni\u015f hizmet yelpazesi, hastalara farkl\u0131 tedavi se\u00e7enekleri sunulmas\u0131n\u0131 sa\u011flamaktad\u0131r. A\u011f\u0131z cerrahisi, implantoloji ve protez alanlar\u0131ndaki deneyimiyle, y\u00fcksek beklentilere sahip hastalar i\u00e7in kaliteli hizmet sunmaktad\u0131r. \u0130stanbul\u2019daki di\u015f klini\u011finde, di\u015f hekimli\u011fi alan\u0131nda kendi uzmanl\u0131k dallar\u0131na sahip, \u00e7ok iyi e\u011fitimli di\u015f hekimleri g\u00f6rev yapmakta olup, bilimsel ve teknolojik geli\u015fmeleri s\u00fcrekli takip ederek kendilerini geli\u015ftirmektedirler.   <\/p>\n\n<figure class=\"wp-block-image size-full\"><img fetchpriority=\"high\" decoding=\"async\" width=\"358\" height=\"280\" class=\"wp-image-327\" src=\"https:\/\/medicaltravel.ch\/wp-content\/uploads\/2025\/09\/Dental-Klinik-Hospitadent.jpg\" alt=\"\" srcset=\"https:\/\/medicaltravel.ch\/wp-content\/uploads\/2025\/09\/Dental-Klinik-Hospitadent.jpg 358w, https:\/\/medicaltravel.ch\/wp-content\/uploads\/2025\/09\/Dental-Klinik-Hospitadent-300x235.jpg 300w\" sizes=\"(max-width: 358px) 100vw, 358px\" \/><\/figure>\n\n<p id=\"caption-attachment-262\">Hospitadent Di\u015f Klini\u011fi<\/p>\n\n<figure class=\"wp-block-image size-full\"><img decoding=\"async\" width=\"300\" height=\"234\" class=\"wp-image-328\" src=\"https:\/\/medicaltravel.ch\/wp-content\/uploads\/2025\/09\/Hospitadent-Turkei-300x234-1.jpg\" alt=\"\"><\/figure>\n\n<p>Klinik, \u0130stanbul\u2019un Avrupa Yakas\u0131\u2019nda, Taksim\u2019e \u00e7ok yak\u0131n bir konumda bulunan Mecidiyek\u00f6y\u2019de yer almakta olup, her yerden h\u0131zl\u0131 ve kolay \u015fekilde ula\u015f\u0131labilmektedir<\/p>\n\n<p>Sa\u011fl\u0131k turizmi giderek daha fazla T\u00fcrkiye\u2019ye y\u00f6nelmektedir. Bunun sonucunda, di\u015f tedavisi i\u00e7in Hospitadent\u2019i tercih eden uluslararas\u0131 hasta say\u0131s\u0131 her ge\u00e7en g\u00fcn artmaktad\u0131r. D\u00fcnya genelinde binlerce hasta, g\u00fcvenilir ve kaliteli bir di\u015f tedavisi i\u00e7in \u0130stanbul\u2019daki Hospitadent Di\u015f Klinikleri Grubu\u2019nu se\u00e7mektedir  <\/p>\n\n<p>Hospitadent, hastalar\u0131 i\u00e7in \u00f6zel olarak olu\u015fturulmu\u015f bir uluslararas\u0131 hasta departman\u0131na sahiptir. Bu yeni departman sayesinde t\u00fcm hastalar, dil sorunu ya da ba\u015fka zorluklar ya\u015famadan istedikleri di\u015f tedavilerini alabilmektedir. Ayr\u0131ca dil hizmeti d\u00e2hil bu hizmetler, di\u011fer Avrupa \u00fclkelerine k\u0131yasla daha uygun fiyatlarla sunulmaktad\u0131r.   <\/p>\n\n<p>Uluslararas\u0131 hasta departman\u0131, hastalar i\u00e7in \u00f6zel bir veri ve ileti\u015fim sistemi kurmu\u015ftur. Bu sistem sayesinde hastalar, Hospitadent\u2019e gelmeden \u00f6nce yap\u0131labilecek muayeneler, tedaviler, tedavi s\u00fcresi ve daha bir\u00e7ok konu hakk\u0131nda bilgi alabilmektedir. <\/p>\n\n<p>Turizm kapsam\u0131nda, hastalar\u0131m\u0131za geli\u015flerinden ayr\u0131l\u0131\u015flar\u0131na kadar bir\u00e7ok alanda \u00fccretsiz hizmetler sunmaktay\u0131z. Bunlar aras\u0131nda havaliman\u0131 transferi ve uygun fiyatlarla sunulan geni\u015f otel se\u00e7enekleri yer almaktad\u0131r. Ayr\u0131ca ihtiya\u00e7 duyulmas\u0131 halinde hastalar\u0131m\u0131za \u015fehir turlar\u0131, di\u011fer t\u0131bbi tedaviler, ila\u00e7lar ve benzeri konularda da bilgi verebilmekteyiz. <\/p>\n\n<p>Klinik, A\u2019dan Z\u2019ye her t\u00fcrl\u00fc di\u015f tedavisini en y\u00fcksek kalitede ve uygun fiyatlarla sunmaktad\u0131r<\/p>\n\n<figure class=\"wp-block-image size-full\"><img decoding=\"async\" width=\"300\" height=\"234\" class=\"wp-image-329\" src=\"https:\/\/medicaltravel.ch\/wp-content\/uploads\/2025\/09\/Lacheln-Sie-an-Sie-sind-in-Hospitadent-300x234-1.jpg\" alt=\"\"><\/figure>\n\n<p>A\u011f\u0131z i\u00e7i foto\u011fraflar\u0131n\u0131z\u0131, varsa r\u00f6ntgen g\u00f6r\u00fcnt\u00fcleriyle birlikte <a href=\"mailto:info@medicaltravel.net\" target=\"_blank\" rel=\"noreferrer noopener\">e-posta<\/a> veya <a href=\"https:\/\/wa.me\/41787373541\" target=\"_blank\" rel=\"noreferrer noopener nofollow\">WhatsApp <\/a>\u00fczerinden bize g\u00f6nderebilirsiniz. <\/p>\n\n<h2 class=\"wp-block-heading\">Uygun fiyata y\u00fcksek kalite<\/h2>\n\n<figure class=\"wp-block-image size-full\"><img loading=\"lazy\" decoding=\"async\" width=\"768\" height=\"486\" class=\"wp-image-331\" src=\"https:\/\/medicaltravel.ch\/wp-content\/uploads\/2025\/09\/dentalimplants-768x486-3.jpg\" alt=\"\" srcset=\"https:\/\/medicaltravel.ch\/wp-content\/uploads\/2025\/09\/dentalimplants-768x486-3.jpg 768w, https:\/\/medicaltravel.ch\/wp-content\/uploads\/2025\/09\/dentalimplants-768x486-3-300x190.jpg 300w\" sizes=\"(max-width: 768px) 100vw, 768px\" \/><\/figure>\n\t\t\t\t\t\t\t\t<\/div>\n\t\t\t\t\t<\/div>\n\t\t\t\t<\/div>\n\t\t\t\t<\/div>\n\t\t","protected":false},"excerpt":{"rendered":"<p>Swiss Istanbul Hospitadent Istanbul Acibadem Istanbul Antalya Side Izmir Kayseri Kusadasi Alanya Bodrum \u0130stanbul\u2019daki di\u015f klini\u011fi \u0130stanbul\u2019daki Hospitadent Di\u015f Klinikleri Hospitadent Istanbul \u0130stanbul\u2019daki Hospitadent Di\u015f Klini\u011fi, en yeni cihazlar ve teknolojilerle donat\u0131lm\u0131\u015ft\u0131r. Klini\u011fin geni\u015f hizmet yelpazesi, hastalara farkl\u0131 tedavi se\u00e7enekleri sunulmas\u0131n\u0131 sa\u011flamaktad\u0131r. A\u011f\u0131z cerrahisi, implantoloji ve protez alanlar\u0131ndaki deneyimiyle, y\u00fcksek beklentilere sahip hastalar i\u00e7in kaliteli hizmet sunmaktad\u0131r. \u0130stanbul\u2019daki di\u015f klini\u011finde, di\u015f hekimli\u011fi alan\u0131nda kendi uzmanl\u0131k dallar\u0131na sahip, \u00e7ok iyi e\u011fitimli di\u015f hekimleri g\u00f6rev yapmakta olup, bilimsel ve teknolojik geli\u015fmeleri s\u00fcrekli takip ederek kendilerini geli\u015ftirmektedirler. Hospitadent Di\u015f Klini\u011fi Klinik, \u0130stanbul\u2019un Avrupa Yakas\u0131\u2019nda, Taksim\u2019e \u00e7ok yak\u0131n bir konumda bulunan Mecidiyek\u00f6y\u2019de yer almakta olup, her yerden h\u0131zl\u0131 ve kolay \u015fekilde ula\u015f\u0131labilmektedir Sa\u011fl\u0131k turizmi giderek daha fazla T\u00fcrkiye\u2019ye y\u00f6nelmektedir. Bunun sonucunda, di\u015f tedavisi i\u00e7in Hospitadent\u2019i tercih eden uluslararas\u0131 hasta say\u0131s\u0131 her ge\u00e7en g\u00fcn artmaktad\u0131r. D\u00fcnya genelinde binlerce hasta, g\u00fcvenilir ve kaliteli bir di\u015f tedavisi i\u00e7in \u0130stanbul\u2019daki Hospitadent Di\u015f Klinikleri Grubu\u2019nu se\u00e7mektedir Hospitadent, hastalar\u0131 i\u00e7in \u00f6zel olarak olu\u015fturulmu\u015f bir uluslararas\u0131 hasta departman\u0131na sahiptir. Bu yeni departman sayesinde t\u00fcm hastalar, dil sorunu ya da ba\u015fka zorluklar ya\u015famadan istedikleri di\u015f tedavilerini alabilmektedir. Ayr\u0131ca dil hizmeti d\u00e2hil bu hizmetler, di\u011fer Avrupa \u00fclkelerine k\u0131yasla daha uygun fiyatlarla sunulmaktad\u0131r. Uluslararas\u0131 hasta departman\u0131, hastalar i\u00e7in \u00f6zel bir veri ve ileti\u015fim sistemi kurmu\u015ftur. Bu sistem sayesinde hastalar, Hospitadent\u2019e gelmeden \u00f6nce yap\u0131labilecek muayeneler, tedaviler, tedavi s\u00fcresi ve daha bir\u00e7ok konu hakk\u0131nda bilgi alabilmektedir. Turizm kapsam\u0131nda, hastalar\u0131m\u0131za geli\u015flerinden ayr\u0131l\u0131\u015flar\u0131na kadar bir\u00e7ok alanda \u00fccretsiz hizmetler sunmaktay\u0131z. Bunlar aras\u0131nda havaliman\u0131 transferi ve uygun fiyatlarla sunulan geni\u015f otel se\u00e7enekleri yer almaktad\u0131r. Ayr\u0131ca ihtiya\u00e7 duyulmas\u0131 halinde hastalar\u0131m\u0131za \u015fehir turlar\u0131, di\u011fer t\u0131bbi tedaviler, ila\u00e7lar ve benzeri konularda da bilgi verebilmekteyiz. Klinik, A\u2019dan Z\u2019ye her t\u00fcrl\u00fc di\u015f tedavisini en y\u00fcksek kalitede ve uygun fiyatlarla sunmaktad\u0131r A\u011f\u0131z i\u00e7i foto\u011fraflar\u0131n\u0131z\u0131, varsa r\u00f6ntgen g\u00f6r\u00fcnt\u00fcleriyle birlikte e-posta veya WhatsApp \u00fczerinden bize g\u00f6nderebilirsiniz. Uygun fiyata y\u00fcksek kalite<\/p>\n","protected":false},"author":4,"featured_media":0,"parent":5061,"menu_order":0,"comment_status":"closed","ping_status":"closed","template":"","meta":{"_joinchat":[],"footnotes":""},"class_list":["post-5065","page","type-page","status-publish","hentry"],"acf":[],"_links":{"self":[{"href":"https:\/\/medicaltravel.ch\/tr\/wp-json\/wp\/v2\/pages\/5065","targetHints":{"allow":["GET"]}}],"collection":[{"href":"https:\/\/medicaltravel.ch\/tr\/wp-json\/wp\/v2\/pages"}],"about":[{"href":"https:\/\/medicaltravel.ch\/tr\/wp-json\/wp\/v2\/types\/page"}],"author":[{"embeddable":true,"href":"https:\/\/medicaltravel.ch\/tr\/wp-json\/wp\/v2\/users\/4"}],"replies":[{"embeddable":true,"href":"https:\/\/medicaltravel.ch\/tr\/wp-json\/wp\/v2\/comments?post=5065"}],"version-history":[{"count":3,"href":"https:\/\/medicaltravel.ch\/tr\/wp-json\/wp\/v2\/pages\/5065\/revisions"}],"predecessor-version":[{"id":5069,"href":"https:\/\/medicaltravel.ch\/tr\/wp-json\/wp\/v2\/pages\/5065\/revisions\/5069"}],"up":[{"embeddable":true,"href":"https:\/\/medicaltravel.ch\/tr\/wp-json\/wp\/v2\/pages\/5061"}],"wp:attachment":[{"href":"https:\/\/medicaltravel.ch\/tr\/wp-json\/wp\/v2\/media?parent=5065"}],"curies":[{"name":"wp","href":"https:\/\/api.w.org\/{rel}","templated":true}]}}