{"id":5078,"date":"2025-09-17T07:59:42","date_gmt":"2025-09-17T06:59:42","guid":{"rendered":"https:\/\/medicaltravel.ch\/dentalreisen\/dis-klinikleri\/istanbuldaki-swiss-dis-klinigi\/"},"modified":"2026-01-03T21:04:20","modified_gmt":"2026-01-03T20:04:20","slug":"istanbuldaki-swiss-dis-klinigi","status":"publish","type":"page","link":"https:\/\/medicaltravel.ch\/tr\/disci-gezileri\/dis-klinikleri\/istanbuldaki-swiss-dis-klinigi\/","title":{"rendered":"\u0130stanbul\u2019daki Swiss Di\u015f Klini\u011fi"},"content":{"rendered":"\t\t<div data-elementor-type=\"wp-page\" data-elementor-id=\"5078\" class=\"elementor elementor-5078 elementor-46\" data-elementor-post-type=\"page\">\n\t\t\t\t<div class=\"elementor-element elementor-element-55bd86d8 e-flex e-con-boxed wpr-particle-no wpr-jarallax-no wpr-parallax-no wpr-sticky-section-no e-con e-parent\" data-id=\"55bd86d8\" data-element_type=\"container\" data-e-type=\"container\">\n\t\t\t\t\t<div class=\"e-con-inner\">\n\t\t<div class=\"elementor-element elementor-element-b464bef e-con-full e-flex wpr-particle-no wpr-jarallax-no wpr-parallax-no wpr-sticky-section-no e-con e-child\" data-id=\"b464bef\" data-element_type=\"container\" data-e-type=\"container\">\n\t\t\t\t<div class=\"elementor-element elementor-element-69193a7 elementor-widget elementor-widget-button\" data-id=\"69193a7\" data-element_type=\"widget\" data-e-type=\"widget\" data-widget_type=\"button.default\">\n\t\t\t\t\t\t\t\t\t\t<a class=\"elementor-button elementor-button-link elementor-size-sm\" href=\"https:\/\/medicaltravel.ch\/tr\/dentalreisen\/dis-klinikleri\/istanbuldaki-swiss-dis-klinigi\/\">\n\t\t\t\t\t\t<span class=\"elementor-button-content-wrapper\">\n\t\t\t\t\t\t\t\t\t<span class=\"elementor-button-text\">Swiss Istanbul<\/span>\n\t\t\t\t\t<\/span>\n\t\t\t\t\t<\/a>\n\t\t\t\t\t\t\t\t<\/div>\n\t\t\t\t<div class=\"elementor-element elementor-element-346fdbd elementor-widget elementor-widget-button\" data-id=\"346fdbd\" data-element_type=\"widget\" data-e-type=\"widget\" data-widget_type=\"button.default\">\n\t\t\t\t\t\t\t\t\t\t<a class=\"elementor-button elementor-button-link elementor-size-sm\" href=\"https:\/\/medicaltravel.ch\/tr\/dentalreisen\/dis-klinikleri\/hospitadent-dis-klinigi-istanbul\/\">\n\t\t\t\t\t\t<span class=\"elementor-button-content-wrapper\">\n\t\t\t\t\t\t\t\t\t<span class=\"elementor-button-text\">Hospitadent Istanbul<\/span>\n\t\t\t\t\t<\/span>\n\t\t\t\t\t<\/a>\n\t\t\t\t\t\t\t\t<\/div>\n\t\t\t\t<div class=\"elementor-element elementor-element-5550541 elementor-widget elementor-widget-button\" data-id=\"5550541\" data-element_type=\"widget\" data-e-type=\"widget\" data-widget_type=\"button.default\">\n\t\t\t\t\t\t\t\t\t\t<a class=\"elementor-button elementor-button-link elementor-size-sm\" href=\"https:\/\/medicaltravel.ch\/tr\/dentalreisen\/dis-klinikleri\/acibadem-dis-klinigi-istanbul\/\">\n\t\t\t\t\t\t<span class=\"elementor-button-content-wrapper\">\n\t\t\t\t\t\t\t\t\t<span class=\"elementor-button-text\">Acibadem Istanbul<\/span>\n\t\t\t\t\t<\/span>\n\t\t\t\t\t<\/a>\n\t\t\t\t\t\t\t\t<\/div>\n\t\t\t\t<div class=\"elementor-element elementor-element-e5184d0 elementor-widget elementor-widget-button\" data-id=\"e5184d0\" data-element_type=\"widget\" data-e-type=\"widget\" data-widget_type=\"button.default\">\n\t\t\t\t\t\t\t\t\t\t<a class=\"elementor-button elementor-button-link elementor-size-sm\" href=\"https:\/\/medicaltravel.ch\/zahnimplantate\/zahnkliniken\/zahnklinik-in-antalya\/\">\n\t\t\t\t\t\t<span class=\"elementor-button-content-wrapper\">\n\t\t\t\t\t\t\t\t\t<span class=\"elementor-button-text\">Antalya<\/span>\n\t\t\t\t\t<\/span>\n\t\t\t\t\t<\/a>\n\t\t\t\t\t\t\t\t<\/div>\n\t\t\t\t<div class=\"elementor-element elementor-element-ea65e0b elementor-widget elementor-widget-button\" data-id=\"ea65e0b\" data-element_type=\"widget\" data-e-type=\"widget\" data-widget_type=\"button.default\">\n\t\t\t\t\t\t\t\t\t\t<a class=\"elementor-button elementor-button-link elementor-size-sm\" href=\"https:\/\/medicaltravel.ch\/zahnimplantate\/zahnkliniken\/zahnklinik-in-manavgat\/\">\n\t\t\t\t\t\t<span class=\"elementor-button-content-wrapper\">\n\t\t\t\t\t\t\t\t\t<span class=\"elementor-button-text\">Side<\/span>\n\t\t\t\t\t<\/span>\n\t\t\t\t\t<\/a>\n\t\t\t\t\t\t\t\t<\/div>\n\t\t\t\t<div class=\"elementor-element elementor-element-0b8522b elementor-widget elementor-widget-button\" data-id=\"0b8522b\" data-element_type=\"widget\" data-e-type=\"widget\" data-widget_type=\"button.default\">\n\t\t\t\t\t\t\t\t\t\t<a class=\"elementor-button elementor-button-link elementor-size-sm\" href=\"https:\/\/medicaltravel.ch\/tr\/dentalreisen\/hizmet-yelpazesi\/dis-teli-ortodonti-tedavisi-tuerkiye-istanbul-zuerih\/\">\n\t\t\t\t\t\t<span class=\"elementor-button-content-wrapper\">\n\t\t\t\t\t\t\t\t\t<span class=\"elementor-button-text\">Izmir<\/span>\n\t\t\t\t\t<\/span>\n\t\t\t\t\t<\/a>\n\t\t\t\t\t\t\t\t<\/div>\n\t\t\t\t<div class=\"elementor-element elementor-element-440ca7e elementor-widget elementor-widget-button\" data-id=\"440ca7e\" data-element_type=\"widget\" data-e-type=\"widget\" data-widget_type=\"button.default\">\n\t\t\t\t\t\t\t\t\t\t<a class=\"elementor-button elementor-button-link elementor-size-sm\" href=\"https:\/\/medicaltravel.ch\/zahnimplantate\/zahnkliniken\/kayseri\/\">\n\t\t\t\t\t\t<span class=\"elementor-button-content-wrapper\">\n\t\t\t\t\t\t\t\t\t<span class=\"elementor-button-text\">Kayseri<\/span>\n\t\t\t\t\t<\/span>\n\t\t\t\t\t<\/a>\n\t\t\t\t\t\t\t\t<\/div>\n\t\t\t\t<div class=\"elementor-element elementor-element-c2b2634 elementor-widget elementor-widget-button\" data-id=\"c2b2634\" data-element_type=\"widget\" data-e-type=\"widget\" data-widget_type=\"button.default\">\n\t\t\t\t\t\t\t\t\t\t<a class=\"elementor-button elementor-button-link elementor-size-sm\" href=\"https:\/\/medicaltravel.ch\/zahnimplantate\/zahnkliniken\/zahnklinik-in-kusadasi\/\">\n\t\t\t\t\t\t<span class=\"elementor-button-content-wrapper\">\n\t\t\t\t\t\t\t\t\t<span class=\"elementor-button-text\">Kusadasi<\/span>\n\t\t\t\t\t<\/span>\n\t\t\t\t\t<\/a>\n\t\t\t\t\t\t\t\t<\/div>\n\t\t\t\t<div class=\"elementor-element elementor-element-51dcc3e elementor-widget elementor-widget-button\" data-id=\"51dcc3e\" data-element_type=\"widget\" data-e-type=\"widget\" data-widget_type=\"button.default\">\n\t\t\t\t\t\t\t\t\t\t<a class=\"elementor-button elementor-button-link elementor-size-sm\" href=\"https:\/\/medicaltravel.ch\/zahnimplantate\/zahnkliniken\/alanya\/\">\n\t\t\t\t\t\t<span class=\"elementor-button-content-wrapper\">\n\t\t\t\t\t\t\t\t\t<span class=\"elementor-button-text\">Alanya<\/span>\n\t\t\t\t\t<\/span>\n\t\t\t\t\t<\/a>\n\t\t\t\t\t\t\t\t<\/div>\n\t\t\t\t<div class=\"elementor-element elementor-element-b07b736 elementor-widget elementor-widget-button\" data-id=\"b07b736\" data-element_type=\"widget\" data-e-type=\"widget\" data-widget_type=\"button.default\">\n\t\t\t\t\t\t\t\t\t\t<a class=\"elementor-button elementor-button-link elementor-size-sm\" href=\"https:\/\/medicaltravel.ch\/zahnimplantate\/zahnkliniken\/bodrum\/\">\n\t\t\t\t\t\t<span class=\"elementor-button-content-wrapper\">\n\t\t\t\t\t\t\t\t\t<span class=\"elementor-button-text\">Bodrum<\/span>\n\t\t\t\t\t<\/span>\n\t\t\t\t\t<\/a>\n\t\t\t\t\t\t\t\t<\/div>\n\t\t\t\t<\/div>\n\t\t\t\t<div class=\"elementor-element elementor-element-2b2e3ac7 elementor-widget elementor-widget-text-editor\" data-id=\"2b2e3ac7\" data-element_type=\"widget\" data-e-type=\"widget\" data-widget_type=\"text-editor.default\">\n\t\t\t\t\t\t\t\t\t\n<h2 class=\"wp-block-heading\">\u0130stanbul ve Z\u00fcrih\u2019te di\u015f klini\u011fi<\/h2>\n\n<p><strong>\u0130stanbul\u2019daki di\u015f d\u00fczeltme tedaviniz i\u00e7in %15\u2019e varan indirim<\/strong><\/p>\n\n<p><a href=\"https:\/\/medicaltravel.ch\/tr\/dentalreisen\/dis-klinikleri\/istanbuldaki-swiss-dis-klinigi\/\" data-type=\"page\" data-id=\"46\">\u0130stanbul\u2019da, \u0130svi\u00e7reli di\u015f hekimimizle<\/a> \u0130svi\u00e7re kalitesinde hizmet sunuyoruz. Ayr\u0131ca \u00f6n ve son kontroller ile gerekli sonras\u0131 tedaviler, Z\u00fcrih\u2019teki kendi di\u015f klini\u011fimizde ger\u00e7ekle\u015ftirilmektedir.<\/p>\n\n<p><strong>\u015eimdi bu kaliteye \u00e7ok daha uygun fiyatlarla sahip olabilirsiniz<\/strong><\/p>\n\n<p>\u2013 10.000 \u20ac\u2019ya kadar olan t\u00fcm di\u015f tedavilerinde %10 indirim<br>\u2013 10.000 \u20ac \u00fczerindeki t\u00fcm di\u015f tedavilerinde %12 indirim<br>\u2013 20.000 \u20ac \u00fczerindeki t\u00fcm di\u015f tedavilerinde %15 indirim<\/p>\n\n<p>Z\u00fcrih\u2019te r\u00f6ntgen \u00e7ekimi d\u00e2hil dan\u0131\u015fmanl\u0131k randevunuzu \u015fimdi <a href=\"mailto:info@medicaltravel.net\" target=\"_blank\" rel=\"noreferrer noopener\">e-posta<\/a> veya <a href=\"https:\/\/web.whatsapp.com\/send?phone=41%2078%20737%2035%2041&amp;text=&amp;source=&amp;data=\" target=\"_blank\" rel=\"noreferrer noopener nofollow\">WhatsApp <\/a>\u00fczerinden ayarlayabilirsiniz. <\/p>\n\n<figure class=\"wp-block-image size-large\"><img fetchpriority=\"high\" decoding=\"async\" width=\"1024\" height=\"576\" class=\"wp-image-319\" src=\"https:\/\/medicaltravel.ch\/wp-content\/uploads\/2025\/09\/15_Prozent_Rabatt_Swiss_CenterDent-2-1024x576.jpg\" alt=\"\" srcset=\"https:\/\/medicaltravel.ch\/wp-content\/uploads\/2025\/09\/15_Prozent_Rabatt_Swiss_CenterDent-2-1024x576.jpg 1024w, https:\/\/medicaltravel.ch\/wp-content\/uploads\/2025\/09\/15_Prozent_Rabatt_Swiss_CenterDent-2-300x169.jpg 300w, https:\/\/medicaltravel.ch\/wp-content\/uploads\/2025\/09\/15_Prozent_Rabatt_Swiss_CenterDent-2-768x432.jpg 768w, https:\/\/medicaltravel.ch\/wp-content\/uploads\/2025\/09\/15_Prozent_Rabatt_Swiss_CenterDent-2.jpg 1280w\" sizes=\"(max-width: 1024px) 100vw, 1024px\" \/><\/figure>\n\n<p id=\"caption-attachment-7921\">G\u00fcnstige Zahnkorrektur 15 % Rabatt<\/p>\n\n<p id=\"caption-attachment-7921\"> <\/p>\n\n<h2 class=\"wp-block-heading\">\u0130stanbul ve Z\u00fcrih\u2019te di\u015f klini\u011fi<\/h2>\n\n<p>Daha g\u00fczel bir g\u00fcl\u00fcmseme i\u00e7in \u0130stanbul\u2019daki Swiss Di\u015f Klini\u011fi<br>SwissCenterDent \u0130stanbul Di\u015f Klini\u011fi, \u0130svi\u00e7reli bir di\u015f hekimi taraf\u0131ndan y\u00f6netilmektedir<\/p>\n\n<p>Y\u0131l\u0131n 365 g\u00fcn\u00fc kalite, modern di\u015f hekimli\u011finin t\u00fcm bran\u015flar\u0131n\u0131n tek \u00e7at\u0131 alt\u0131nda sunulmas\u0131, son derece modern ve benzersiz bir klinik ortam\u0131 ve \u00e7ok daha fazlas\u0131, cazip ve yeni SWISS CENTERDENT klini\u011fini ziyaret etti\u011finizde sizi bekliyor.<\/p>\n\n<p>Di\u015f hekimi ayn\u0131 anda \u0130stanbul ve Z\u00fcrih\u2019te \u00e7al\u0131\u015fmaktad\u0131r. Bu sayede \u0130svi\u00e7re\u2019de de kontrol muayeneleri ve gerekli sonras\u0131 tedaviler sunulabilmektedir. Bu durum \u00f6zellikle ortodonti vakalar\u0131 i\u00e7in vazge\u00e7ilmezdir. Ancak bu \u015fekilde, gerekli s\u00fcre\u00e7 ve takip kontrolleri Z\u00fcrih\u2019te yap\u0131lmak \u00fczere, art\u0131k b\u00fcy\u00fck bir memnuniyetle \u0130stanbul\u2019da di\u015f teli tedavileri de sunabilmekteyiz.   <\/p>\n\n<p>Ayr\u0131ca di\u015f implantlar\u0131n\u0131n \u0130stanbul\u2019da yap\u0131lmas\u0131, implant \u00fczeri kronlar\u0131n ise Z\u00fcrih\u2019te tak\u0131lmas\u0131 da m\u00fcmk\u00fcnd\u00fcr. B\u00f6ylece \u0130stanbul\u2019a iki kez gitmenize gerek kalmaz. <\/p>\n\n<p>Di\u015f telleri (braketli, halk aras\u0131nda \u201cgardenhag\u201d denir), \u00e7\u0131kar\u0131labilir ve sabit teller<br>Di\u015f dizilim d\u00fczeltmeleri \u00e7ocuklarda, gen\u00e7lerde ve yeti\u015fkinlerde yap\u0131labilir. \u00c7ene anomalileri b\u00fcy\u00fcme d\u00f6neminde tedavi edilmelidir, estetik d\u00fczeltmeler ise ya\u015fa ba\u011fl\u0131 de\u011fildir. Bunun i\u00e7in sa\u011fl\u0131kl\u0131 di\u015f eti ve kemik yap\u0131s\u0131 (periodont) ile iyi a\u011f\u0131z hijyeni gereklidir.  <\/p>\n\n<p>Di\u015f ve \u00e7ene bozuklu\u011funun t\u00fcr\u00fcne g\u00f6re \u00e7\u0131kar\u0131labilir ya da sabit apareyler kullan\u0131l\u0131r.<\/p>\n\n<p>Z\u00fcrih\u2019te r\u00f6ntgen \u00e7ekimi d\u00e2hil dan\u0131\u015fmanl\u0131k randevunuzu \u015fimdi <a href=\"mailto:info@medicaltravel.net\" target=\"_blank\" rel=\"noreferrer noopener\">e-posta<\/a> veya <a href=\"https:\/\/web.whatsapp.com\/send?phone=41%2078%20737%2035%2041&amp;text=&amp;source=&amp;data=\" target=\"_blank\" rel=\"noreferrer noopener nofollow\">WhatsApp <\/a>\u00fczerinden ayarlayabilirsiniz. <\/p>\n\n<figure class=\"wp-block-image size-full\"><img decoding=\"async\" width=\"293\" height=\"172\" class=\"wp-image-321\" src=\"https:\/\/medicaltravel.ch\/wp-content\/uploads\/2025\/09\/Schweizer-Zahnklinik-in-Istanbul.jpg\" alt=\"\"><\/figure>\n\n<p id=\"caption-attachment-5333\">\u0130stanbul\u2019daki \u0130svi\u00e7re Di\u015f Klini\u011fi<\/p>\n\n<figure class=\"wp-block-image size-full\"><img decoding=\"async\" width=\"274\" height=\"184\" class=\"wp-image-322\" src=\"https:\/\/medicaltravel.ch\/wp-content\/uploads\/2025\/09\/Fuhlen-Sie-sich-wie-zu-Hause.jpg\" alt=\"\"><\/figure>\n\n<p id=\"caption-attachment-5334\">F\u00fchlen Sie sich wie zu Hause<\/p>\n\n<figure class=\"wp-block-image size-full\"><img loading=\"lazy\" decoding=\"async\" width=\"275\" height=\"183\" class=\"wp-image-323\" src=\"https:\/\/medicaltravel.ch\/wp-content\/uploads\/2025\/09\/Schweizer-Standards-wartet-auf-Sie.jpg\" alt=\"\"><\/figure>\n\n<p id=\"caption-attachment-5335\">Schweizer Standards wartet auf Sie<\/p>\n\n<p>Sabit apareyler braket ve tellerden olu\u015fur ve klasik olarak di\u015flerin \u00f6n y\u00fczeyine tak\u0131l\u0131r. Yeti\u015fkinlerde ise \u00e7o\u011fu zaman di\u015flerin i\u00e7, yani dile bakan taraf\u0131na yap\u0131\u015ft\u0131r\u0131l\u0131r ve bu sayede g\u00f6r\u00fcnmez olur. <\/p>\n\n<figure class=\"wp-block-image size-full\"><img loading=\"lazy\" decoding=\"async\" width=\"225\" height=\"225\" class=\"wp-image-324\" src=\"https:\/\/medicaltravel.ch\/wp-content\/uploads\/2025\/09\/Unsichtbare-Invisalign-Zahnspange-in-Istanbul.jpg\" alt=\"\" srcset=\"https:\/\/medicaltravel.ch\/wp-content\/uploads\/2025\/09\/Unsichtbare-Invisalign-Zahnspange-in-Istanbul.jpg 225w, https:\/\/medicaltravel.ch\/wp-content\/uploads\/2025\/09\/Unsichtbare-Invisalign-Zahnspange-in-Istanbul-150x150.jpg 150w\" sizes=\"(max-width: 225px) 100vw, 225px\" \/><\/figure>\n\n<p>\u0130stanbul\u2019da g\u00f6r\u00fcnmez di\u015f teli<\/p>\n\n<p>G\u00f6r\u00fcnmez di\u015f teli (yeti\u015fkinler ve gen\u00e7ler i\u00e7in):<br>Invisalign y\u00f6ntemi, \u00f6zel olarak \u00fcretilmi\u015f, neredeyse g\u00f6r\u00fcnmez \u015feffaf plaklarla (aligner) \u00e7al\u0131\u015f\u0131r ve her iki haftada bir yeni aligner ile de\u011fi\u015ftirilir. Tedavi ba\u015f\u0131nda sanal bir tedavi plan\u0131 ile nihai sonu\u00e7 sim\u00fcle edilebilir. Her yeni aligner seti ile di\u015f dizilimi s\u00fcrekli olarak d\u00fczeltilir. Aligner \u00e7\u0131kar\u0131labilir, rahat tak\u0131l\u0131r ve tedavide etkilidir.   <\/p>\n\n<p>Veneer ve Lumineer<br>Veneerler, di\u015f \u00f6n y\u00fczeyine yap\u0131\u015ft\u0131r\u0131lan ince, di\u015f rengi porselen kaplamalard\u0131r ve di\u015f esteti\u011fini iyile\u015ftirmek i\u00e7in kullan\u0131l\u0131r. Kullan\u0131m alanlar\u0131 aras\u0131nda mine kusurlar\u0131 ve k\u0131r\u0131klar, kal\u0131c\u0131 di\u015f lekeleri, renk bozukluklar\u0131, di\u015f \u015fekil bozukluklar\u0131 ve di\u015f dizilim d\u00fczeltmeleri yer al\u0131r; \u00f6rne\u011fin iki \u00f6n di\u015f aras\u0131ndaki bo\u015flu\u011fun kapat\u0131lmas\u0131 veya hafif di\u015f \u00e7apra\u015f\u0131kl\u0131klar\u0131n\u0131n d\u00fczeltilmesi. <\/p>\n\n<p>G\u00f6r\u00fcn\u00fcr di\u015f y\u00fczeyleri \u00e7ok ince bir \u015fekilde t\u00f6rp\u00fclenir ve di\u015f dokusundaki kay\u0131p en aza indirilir. Yeni ve modern yap\u0131\u015ft\u0131rma teknikleri sayesinde, veneerler eskiden Hollywood y\u0131ld\u0131zlar\u0131, \u00f6rne\u011fin Marilyn Monroe veya James Dean\u2019in kulland\u0131\u011f\u0131 ve bir \u00e7ekim g\u00fcn\u00fcn\u00fc bile zor dayanabilen veneerlerden \u00e7ok daha uzun s\u00fcre dayan\u0131r. <\/p>\n\n<p>Lumineerler, di\u015f \u00fczerinde \u00f6nceden herhangi bir di\u015f haz\u0131rl\u0131\u011f\u0131 yap\u0131lmadan yap\u0131\u015ft\u0131r\u0131lan porselen kaplamalard\u0131r.<\/p>\n\n<p>Veneer mi yoksa Lumineer mi uygulanaca\u011f\u0131, d\u00fczeltme t\u00fcr\u00fcne, di\u015f dizilimine ve ula\u015f\u0131lmak istenen sonuca ba\u011fl\u0131d\u0131r ve her zaman ki\u015fiye \u00f6zel olarak belirlenmelidir.<\/p>\n\n<p><strong>Ayr\u0131ca kron, di\u015f implant\u0131, kanal tedavisi, dolgu, inley\/onley gibi di\u011fer t\u00fcm tedaviler de \u0130svi\u00e7re kalitesinde sunulmaktad\u0131r.<\/strong><\/p>\n\n<p>Z\u00fcrih\u2019te dan\u0131\u015fmanl\u0131k alman\u0131z i\u00e7in sizi davet ediyoruz. Dan\u0131\u015fmanl\u0131k, Z\u00fcrih\u2019teki klinikte di\u015f muayenesi ve r\u00f6ntgenleri kapsamaktad\u0131r. B\u00f6ylece di\u015f hekimini tan\u0131yabilir ve burada bir maliyet tahmini alabilirsiniz. Z\u00fcrih\u2019te dan\u0131\u015fmanl\u0131k randevusu i\u00e7in <a href=\"https:\/\/medicaltravel.ch\/kontakt\/\" data-type=\"page\" data-id=\"225\">buradan <\/a>veya WhatsApp \u00fczerinden (078 737 35 41) bizimle ileti\u015fime ge\u00e7ebilirsiniz.   <\/p>\n\t\t\t\t\t\t\t\t<\/div>\n\t\t\t\t\t<\/div>\n\t\t\t\t<\/div>\n\t\t\t\t<\/div>\n\t\t","protected":false},"excerpt":{"rendered":"<p>Swiss Istanbul Hospitadent Istanbul Acibadem Istanbul Antalya Side Izmir Kayseri Kusadasi Alanya Bodrum \u0130stanbul ve Z\u00fcrih\u2019te di\u015f klini\u011fi \u0130stanbul\u2019daki di\u015f d\u00fczeltme tedaviniz i\u00e7in %15\u2019e varan indirim \u0130stanbul\u2019da, \u0130svi\u00e7reli di\u015f hekimimizle \u0130svi\u00e7re kalitesinde hizmet sunuyoruz. Ayr\u0131ca \u00f6n ve son kontroller ile gerekli sonras\u0131 tedaviler, Z\u00fcrih\u2019teki kendi di\u015f klini\u011fimizde ger\u00e7ekle\u015ftirilmektedir. \u015eimdi bu kaliteye \u00e7ok daha uygun fiyatlarla sahip olabilirsiniz \u2013 10.000 \u20ac\u2019ya kadar olan t\u00fcm di\u015f tedavilerinde %10 indirim\u2013 10.000 \u20ac \u00fczerindeki t\u00fcm di\u015f tedavilerinde %12 indirim\u2013 20.000 \u20ac \u00fczerindeki t\u00fcm di\u015f tedavilerinde %15 indirim Z\u00fcrih\u2019te r\u00f6ntgen \u00e7ekimi d\u00e2hil dan\u0131\u015fmanl\u0131k randevunuzu \u015fimdi e-posta veya WhatsApp \u00fczerinden ayarlayabilirsiniz. G\u00fcnstige Zahnkorrektur 15 % Rabatt \u0130stanbul ve Z\u00fcrih\u2019te di\u015f klini\u011fi Daha g\u00fczel bir g\u00fcl\u00fcmseme i\u00e7in \u0130stanbul\u2019daki Swiss Di\u015f Klini\u011fiSwissCenterDent \u0130stanbul Di\u015f Klini\u011fi, \u0130svi\u00e7reli bir di\u015f hekimi taraf\u0131ndan y\u00f6netilmektedir Y\u0131l\u0131n 365 g\u00fcn\u00fc kalite, modern di\u015f hekimli\u011finin t\u00fcm bran\u015flar\u0131n\u0131n tek \u00e7at\u0131 alt\u0131nda sunulmas\u0131, son derece modern ve benzersiz bir klinik ortam\u0131 ve \u00e7ok daha fazlas\u0131, cazip ve yeni SWISS CENTERDENT klini\u011fini ziyaret etti\u011finizde sizi bekliyor. Di\u015f hekimi ayn\u0131 anda \u0130stanbul ve Z\u00fcrih\u2019te \u00e7al\u0131\u015fmaktad\u0131r. Bu sayede \u0130svi\u00e7re\u2019de de kontrol muayeneleri ve gerekli sonras\u0131 tedaviler sunulabilmektedir. Bu durum \u00f6zellikle ortodonti vakalar\u0131 i\u00e7in vazge\u00e7ilmezdir. Ancak bu \u015fekilde, gerekli s\u00fcre\u00e7 ve takip kontrolleri Z\u00fcrih\u2019te yap\u0131lmak \u00fczere, art\u0131k b\u00fcy\u00fck bir memnuniyetle \u0130stanbul\u2019da di\u015f teli tedavileri de sunabilmekteyiz. Ayr\u0131ca di\u015f implantlar\u0131n\u0131n \u0130stanbul\u2019da yap\u0131lmas\u0131, implant \u00fczeri kronlar\u0131n ise Z\u00fcrih\u2019te tak\u0131lmas\u0131 da m\u00fcmk\u00fcnd\u00fcr. B\u00f6ylece \u0130stanbul\u2019a iki kez gitmenize gerek kalmaz. Di\u015f telleri (braketli, halk aras\u0131nda \u201cgardenhag\u201d denir), \u00e7\u0131kar\u0131labilir ve sabit tellerDi\u015f dizilim d\u00fczeltmeleri \u00e7ocuklarda, gen\u00e7lerde ve yeti\u015fkinlerde yap\u0131labilir. \u00c7ene anomalileri b\u00fcy\u00fcme d\u00f6neminde tedavi edilmelidir, estetik d\u00fczeltmeler ise ya\u015fa ba\u011fl\u0131 de\u011fildir. Bunun i\u00e7in sa\u011fl\u0131kl\u0131 di\u015f eti ve kemik yap\u0131s\u0131 (periodont) ile iyi a\u011f\u0131z hijyeni gereklidir. Di\u015f ve \u00e7ene bozuklu\u011funun t\u00fcr\u00fcne g\u00f6re \u00e7\u0131kar\u0131labilir ya da sabit apareyler kullan\u0131l\u0131r. Z\u00fcrih\u2019te r\u00f6ntgen \u00e7ekimi d\u00e2hil dan\u0131\u015fmanl\u0131k randevunuzu \u015fimdi e-posta veya WhatsApp \u00fczerinden ayarlayabilirsiniz. \u0130stanbul\u2019daki \u0130svi\u00e7re Di\u015f Klini\u011fi F\u00fchlen Sie sich wie zu Hause Schweizer Standards wartet auf Sie Sabit apareyler braket ve tellerden olu\u015fur ve klasik olarak di\u015flerin \u00f6n y\u00fczeyine tak\u0131l\u0131r. Yeti\u015fkinlerde ise \u00e7o\u011fu zaman di\u015flerin i\u00e7, yani dile bakan taraf\u0131na yap\u0131\u015ft\u0131r\u0131l\u0131r ve bu sayede g\u00f6r\u00fcnmez olur. \u0130stanbul\u2019da g\u00f6r\u00fcnmez di\u015f teli G\u00f6r\u00fcnmez di\u015f teli (yeti\u015fkinler ve gen\u00e7ler i\u00e7in):Invisalign y\u00f6ntemi, \u00f6zel olarak \u00fcretilmi\u015f, neredeyse g\u00f6r\u00fcnmez \u015feffaf plaklarla (aligner) \u00e7al\u0131\u015f\u0131r ve her iki haftada bir yeni aligner ile de\u011fi\u015ftirilir. Tedavi ba\u015f\u0131nda sanal bir tedavi plan\u0131 ile nihai sonu\u00e7 sim\u00fcle edilebilir. Her yeni aligner seti ile di\u015f dizilimi s\u00fcrekli olarak d\u00fczeltilir. Aligner \u00e7\u0131kar\u0131labilir, rahat tak\u0131l\u0131r ve tedavide etkilidir. Veneer ve LumineerVeneerler, di\u015f \u00f6n y\u00fczeyine yap\u0131\u015ft\u0131r\u0131lan ince, di\u015f rengi porselen kaplamalard\u0131r ve di\u015f esteti\u011fini iyile\u015ftirmek i\u00e7in kullan\u0131l\u0131r. Kullan\u0131m alanlar\u0131 aras\u0131nda mine kusurlar\u0131 ve k\u0131r\u0131klar, kal\u0131c\u0131 di\u015f lekeleri, renk bozukluklar\u0131, di\u015f \u015fekil bozukluklar\u0131 ve di\u015f dizilim d\u00fczeltmeleri yer al\u0131r; \u00f6rne\u011fin iki \u00f6n di\u015f aras\u0131ndaki bo\u015flu\u011fun kapat\u0131lmas\u0131 veya hafif di\u015f \u00e7apra\u015f\u0131kl\u0131klar\u0131n\u0131n d\u00fczeltilmesi. G\u00f6r\u00fcn\u00fcr di\u015f y\u00fczeyleri \u00e7ok ince bir \u015fekilde t\u00f6rp\u00fclenir ve di\u015f dokusundaki kay\u0131p en aza indirilir. Yeni ve modern yap\u0131\u015ft\u0131rma teknikleri sayesinde, veneerler eskiden Hollywood y\u0131ld\u0131zlar\u0131, \u00f6rne\u011fin Marilyn Monroe veya James Dean\u2019in kulland\u0131\u011f\u0131 ve bir \u00e7ekim g\u00fcn\u00fcn\u00fc bile zor dayanabilen veneerlerden \u00e7ok daha uzun s\u00fcre dayan\u0131r. Lumineerler, di\u015f \u00fczerinde \u00f6nceden herhangi bir di\u015f haz\u0131rl\u0131\u011f\u0131 yap\u0131lmadan yap\u0131\u015ft\u0131r\u0131lan porselen kaplamalard\u0131r. Veneer mi yoksa Lumineer mi uygulanaca\u011f\u0131, d\u00fczeltme t\u00fcr\u00fcne, di\u015f dizilimine ve ula\u015f\u0131lmak istenen sonuca ba\u011fl\u0131d\u0131r ve her zaman ki\u015fiye \u00f6zel olarak belirlenmelidir. Ayr\u0131ca kron, di\u015f implant\u0131, kanal tedavisi, dolgu, inley\/onley gibi di\u011fer t\u00fcm tedaviler de \u0130svi\u00e7re kalitesinde sunulmaktad\u0131r. Z\u00fcrih\u2019te dan\u0131\u015fmanl\u0131k alman\u0131z i\u00e7in sizi davet ediyoruz. Dan\u0131\u015fmanl\u0131k, Z\u00fcrih\u2019teki klinikte di\u015f muayenesi ve r\u00f6ntgenleri kapsamaktad\u0131r. B\u00f6ylece di\u015f hekimini tan\u0131yabilir ve burada bir maliyet tahmini alabilirsiniz. Z\u00fcrih\u2019te dan\u0131\u015fmanl\u0131k randevusu i\u00e7in buradan veya WhatsApp \u00fczerinden (078 737 35 41) bizimle ileti\u015fime ge\u00e7ebilirsiniz.<\/p>\n","protected":false},"author":4,"featured_media":0,"parent":5061,"menu_order":0,"comment_status":"closed","ping_status":"closed","template":"","meta":{"_joinchat":[],"footnotes":""},"class_list":["post-5078","page","type-page","status-publish","hentry"],"acf":[],"_links":{"self":[{"href":"https:\/\/medicaltravel.ch\/tr\/wp-json\/wp\/v2\/pages\/5078","targetHints":{"allow":["GET"]}}],"collection":[{"href":"https:\/\/medicaltravel.ch\/tr\/wp-json\/wp\/v2\/pages"}],"about":[{"href":"https:\/\/medicaltravel.ch\/tr\/wp-json\/wp\/v2\/types\/page"}],"author":[{"embeddable":true,"href":"https:\/\/medicaltravel.ch\/tr\/wp-json\/wp\/v2\/users\/4"}],"replies":[{"embeddable":true,"href":"https:\/\/medicaltravel.ch\/tr\/wp-json\/wp\/v2\/comments?post=5078"}],"version-history":[{"count":3,"href":"https:\/\/medicaltravel.ch\/tr\/wp-json\/wp\/v2\/pages\/5078\/revisions"}],"predecessor-version":[{"id":5083,"href":"https:\/\/medicaltravel.ch\/tr\/wp-json\/wp\/v2\/pages\/5078\/revisions\/5083"}],"up":[{"embeddable":true,"href":"https:\/\/medicaltravel.ch\/tr\/wp-json\/wp\/v2\/pages\/5061"}],"wp:attachment":[{"href":"https:\/\/medicaltravel.ch\/tr\/wp-json\/wp\/v2\/media?parent=5078"}],"curies":[{"name":"wp","href":"https:\/\/api.w.org\/{rel}","templated":true}]}}