{"id":5084,"date":"2025-09-17T08:20:09","date_gmt":"2025-09-17T07:20:09","guid":{"rendered":"https:\/\/medicaltravel.ch\/dentalreisen\/dis-klinikleri\/bodrum-dis-klinigi-dis-tedavisi-dis-klinigi-dis-implantlari\/"},"modified":"2026-01-03T21:09:38","modified_gmt":"2026-01-03T20:09:38","slug":"bodrum-dis-klinigi-dis-tedavisi-dis-klinigi-dis-implantlari","status":"publish","type":"page","link":"https:\/\/medicaltravel.ch\/tr\/disci-gezileri\/dis-klinikleri\/bodrum-dis-klinigi-dis-tedavisi-dis-klinigi-dis-implantlari\/","title":{"rendered":"Bodrum Di\u015f Klini\u011fi, Di\u015f Tedavisi, Di\u015f Klini\u011fi, Di\u015f \u0130mplantlar\u0131"},"content":{"rendered":"\t\t<div data-elementor-type=\"wp-page\" data-elementor-id=\"5084\" class=\"elementor elementor-5084 elementor-64\" data-elementor-post-type=\"page\">\n\t\t\t\t<div class=\"elementor-element elementor-element-7032bdd5 e-flex e-con-boxed wpr-particle-no wpr-jarallax-no wpr-parallax-no wpr-sticky-section-no wpr-equal-height-no e-con e-parent\" data-id=\"7032bdd5\" data-element_type=\"container\" data-e-type=\"container\">\n\t\t\t\t\t<div class=\"e-con-inner\">\n\t\t<div class=\"elementor-element elementor-element-deebaa2 e-con-full e-flex wpr-particle-no wpr-jarallax-no wpr-parallax-no wpr-sticky-section-no wpr-equal-height-no e-con e-child\" data-id=\"deebaa2\" data-element_type=\"container\" data-e-type=\"container\">\n\t\t\t\t<div class=\"elementor-element elementor-element-539a4f7 elementor-widget elementor-widget-button\" data-id=\"539a4f7\" data-element_type=\"widget\" data-e-type=\"widget\" data-widget_type=\"button.default\">\n\t\t\t\t\t\t\t\t\t\t<a class=\"elementor-button elementor-button-link elementor-size-sm\" href=\"https:\/\/medicaltravel.ch\/tr\/dentalreisen\/dis-klinikleri\/istanbuldaki-swiss-dis-klinigi\/\">\n\t\t\t\t\t\t<span class=\"elementor-button-content-wrapper\">\n\t\t\t\t\t\t\t\t\t<span class=\"elementor-button-text\">Swiss Istanbul<\/span>\n\t\t\t\t\t<\/span>\n\t\t\t\t\t<\/a>\n\t\t\t\t\t\t\t\t<\/div>\n\t\t\t\t<div class=\"elementor-element elementor-element-2baa774 elementor-widget elementor-widget-button\" data-id=\"2baa774\" data-element_type=\"widget\" data-e-type=\"widget\" data-widget_type=\"button.default\">\n\t\t\t\t\t\t\t\t\t\t<a class=\"elementor-button elementor-button-link elementor-size-sm\" href=\"https:\/\/medicaltravel.ch\/tr\/dentalreisen\/dis-klinikleri\/hospitadent-dis-klinigi-istanbul\/\">\n\t\t\t\t\t\t<span class=\"elementor-button-content-wrapper\">\n\t\t\t\t\t\t\t\t\t<span class=\"elementor-button-text\">Hospitadent Istanbul<\/span>\n\t\t\t\t\t<\/span>\n\t\t\t\t\t<\/a>\n\t\t\t\t\t\t\t\t<\/div>\n\t\t\t\t<div class=\"elementor-element elementor-element-dbe3114 elementor-widget elementor-widget-button\" data-id=\"dbe3114\" data-element_type=\"widget\" data-e-type=\"widget\" data-widget_type=\"button.default\">\n\t\t\t\t\t\t\t\t\t\t<a class=\"elementor-button elementor-button-link elementor-size-sm\" href=\"https:\/\/medicaltravel.ch\/tr\/dentalreisen\/dis-klinikleri\/acibadem-dis-klinigi-istanbul\/\">\n\t\t\t\t\t\t<span class=\"elementor-button-content-wrapper\">\n\t\t\t\t\t\t\t\t\t<span class=\"elementor-button-text\">Acibadem Istanbul<\/span>\n\t\t\t\t\t<\/span>\n\t\t\t\t\t<\/a>\n\t\t\t\t\t\t\t\t<\/div>\n\t\t\t\t<div class=\"elementor-element elementor-element-0851bbf elementor-widget elementor-widget-button\" data-id=\"0851bbf\" data-element_type=\"widget\" data-e-type=\"widget\" data-widget_type=\"button.default\">\n\t\t\t\t\t\t\t\t\t\t<a class=\"elementor-button elementor-button-link elementor-size-sm\" href=\"https:\/\/medicaltravel.ch\/zahnimplantate\/zahnkliniken\/zahnklinik-in-antalya\/\">\n\t\t\t\t\t\t<span class=\"elementor-button-content-wrapper\">\n\t\t\t\t\t\t\t\t\t<span class=\"elementor-button-text\">Antalya<\/span>\n\t\t\t\t\t<\/span>\n\t\t\t\t\t<\/a>\n\t\t\t\t\t\t\t\t<\/div>\n\t\t\t\t<div class=\"elementor-element elementor-element-06dc9fa elementor-widget elementor-widget-button\" data-id=\"06dc9fa\" data-element_type=\"widget\" data-e-type=\"widget\" data-widget_type=\"button.default\">\n\t\t\t\t\t\t\t\t\t\t<a class=\"elementor-button elementor-button-link elementor-size-sm\" href=\"https:\/\/medicaltravel.ch\/zahnimplantate\/zahnkliniken\/zahnklinik-in-manavgat\/\">\n\t\t\t\t\t\t<span class=\"elementor-button-content-wrapper\">\n\t\t\t\t\t\t\t\t\t<span class=\"elementor-button-text\">Side<\/span>\n\t\t\t\t\t<\/span>\n\t\t\t\t\t<\/a>\n\t\t\t\t\t\t\t\t<\/div>\n\t\t\t\t<div class=\"elementor-element elementor-element-549a8eb elementor-widget elementor-widget-button\" data-id=\"549a8eb\" data-element_type=\"widget\" data-e-type=\"widget\" data-widget_type=\"button.default\">\n\t\t\t\t\t\t\t\t\t\t<a class=\"elementor-button elementor-button-link elementor-size-sm\" href=\"https:\/\/medicaltravel.ch\/tr\/dentalreisen\/hizmet-yelpazesi\/dis-teli-ortodonti-tedavisi-tuerkiye-istanbul-zuerih\/\">\n\t\t\t\t\t\t<span class=\"elementor-button-content-wrapper\">\n\t\t\t\t\t\t\t\t\t<span class=\"elementor-button-text\">Izmir<\/span>\n\t\t\t\t\t<\/span>\n\t\t\t\t\t<\/a>\n\t\t\t\t\t\t\t\t<\/div>\n\t\t\t\t<div class=\"elementor-element elementor-element-03a7d2a elementor-widget elementor-widget-button\" data-id=\"03a7d2a\" data-element_type=\"widget\" data-e-type=\"widget\" data-widget_type=\"button.default\">\n\t\t\t\t\t\t\t\t\t\t<a class=\"elementor-button elementor-button-link elementor-size-sm\" href=\"https:\/\/medicaltravel.ch\/zahnimplantate\/zahnkliniken\/kayseri\/\">\n\t\t\t\t\t\t<span class=\"elementor-button-content-wrapper\">\n\t\t\t\t\t\t\t\t\t<span class=\"elementor-button-text\">Kayseri<\/span>\n\t\t\t\t\t<\/span>\n\t\t\t\t\t<\/a>\n\t\t\t\t\t\t\t\t<\/div>\n\t\t\t\t<div class=\"elementor-element elementor-element-1f7ea89 elementor-widget elementor-widget-button\" data-id=\"1f7ea89\" data-element_type=\"widget\" data-e-type=\"widget\" data-widget_type=\"button.default\">\n\t\t\t\t\t\t\t\t\t\t<a class=\"elementor-button elementor-button-link elementor-size-sm\" href=\"https:\/\/medicaltravel.ch\/zahnimplantate\/zahnkliniken\/zahnklinik-in-kusadasi\/\">\n\t\t\t\t\t\t<span class=\"elementor-button-content-wrapper\">\n\t\t\t\t\t\t\t\t\t<span class=\"elementor-button-text\">Kusadasi<\/span>\n\t\t\t\t\t<\/span>\n\t\t\t\t\t<\/a>\n\t\t\t\t\t\t\t\t<\/div>\n\t\t\t\t<div class=\"elementor-element elementor-element-74e582d elementor-widget elementor-widget-button\" data-id=\"74e582d\" data-element_type=\"widget\" data-e-type=\"widget\" data-widget_type=\"button.default\">\n\t\t\t\t\t\t\t\t\t\t<a class=\"elementor-button elementor-button-link elementor-size-sm\" href=\"https:\/\/medicaltravel.ch\/zahnimplantate\/zahnkliniken\/alanya\/\">\n\t\t\t\t\t\t<span class=\"elementor-button-content-wrapper\">\n\t\t\t\t\t\t\t\t\t<span class=\"elementor-button-text\">Alanya<\/span>\n\t\t\t\t\t<\/span>\n\t\t\t\t\t<\/a>\n\t\t\t\t\t\t\t\t<\/div>\n\t\t\t\t<div class=\"elementor-element elementor-element-4f17224 elementor-widget elementor-widget-button\" data-id=\"4f17224\" data-element_type=\"widget\" data-e-type=\"widget\" data-widget_type=\"button.default\">\n\t\t\t\t\t\t\t\t\t\t<a class=\"elementor-button elementor-button-link elementor-size-sm\" href=\"https:\/\/medicaltravel.ch\/tr\/dentalreisen\/dis-klinikleri\/bodrum-dis-klinigi-dis-tedavisi-dis-klinigi-dis-implantlari\/\">\n\t\t\t\t\t\t<span class=\"elementor-button-content-wrapper\">\n\t\t\t\t\t\t\t\t\t<span class=\"elementor-button-text\">Bodrum<\/span>\n\t\t\t\t\t<\/span>\n\t\t\t\t\t<\/a>\n\t\t\t\t\t\t\t\t<\/div>\n\t\t\t\t<\/div>\n\t\t\t\t<div class=\"elementor-element elementor-element-19296ce9 elementor-widget elementor-widget-text-editor\" data-id=\"19296ce9\" data-element_type=\"widget\" data-e-type=\"widget\" data-widget_type=\"text-editor.default\">\n\t\t\t\t\t\t\t\t\t\n<h2 class=\"wp-block-heading\"><a href=\"https:\/\/medicaltravel.ch\/tr\/dentalreisen\/dis-klinikleri\/bodrum-dis-klinigi-dis-tedavisi-dis-klinigi-dis-implantlari\/\" data-type=\"page\" data-id=\"64\">Bodrum\u2019daki di\u015f klini\u011fi<\/a><\/h2>\n\n<h1 class=\"wp-block-heading\"><strong>Bodrum\u2019daki di\u015f klini\u011fi<\/strong><\/h1>\n\n<p><strong>Hospitadent Bodrum<\/strong><\/p>\n\n<figure class=\"wp-block-image size-full\"><img fetchpriority=\"high\" decoding=\"async\" width=\"768\" height=\"432\" class=\"wp-image-378\" src=\"https:\/\/medicaltravel.ch\/wp-content\/uploads\/2025\/09\/Bodrum1_klein-768x432-1.jpg\" alt=\"\" srcset=\"https:\/\/medicaltravel.ch\/wp-content\/uploads\/2025\/09\/Bodrum1_klein-768x432-1.jpg 768w, https:\/\/medicaltravel.ch\/wp-content\/uploads\/2025\/09\/Bodrum1_klein-768x432-1-300x169.jpg 300w\" sizes=\"(max-width: 768px) 100vw, 768px\" \/><\/figure>\n\n<p id=\"caption-attachment-10183\">Bodrum Di\u015f Klini\u011fi<\/p>\n\n<p>Bodrum\u2019daki Hospitadent Di\u015f Klini\u011fi, di\u015f temizli\u011fi, dolgu, kanal tedavisi ve protezler (implant ve di\u015f kronlar\u0131) dahil olmak \u00fczere \u00e7e\u015fitli di\u015f tedavileri sunmaktad\u0131r.<\/p>\n\n<p>G\u00fc\u00e7l\u00fc ve deneyimli sa\u011fl\u0131k personeli ile implantlar, zirkonyum kaplama, dijital g\u00fcl\u00fc\u015f tasar\u0131m\u0131, lamina kaplama, kutu tekni\u011fi, yap\u0131\u015ft\u0131r\u0131c\u0131 uygulamalar\u0131, di\u015f beyazlatma, panoramik r\u00f6ntgen ve tomografi gibi t\u00fcm di\u015f sa\u011fl\u0131\u011f\u0131 hizmetlerini sunmaktad\u0131r. Bodrum b\u00f6lgesindeki en iyi di\u015f hekimleri ile di\u015f tedavisinde fark\u0131 ya\u015fay\u0131n. <\/p>\n\n<p>T\u00fcm di\u015f hekimli\u011fi aletlerimiz ve cihazlar\u0131m\u0131z, hastalar\u0131 istenmeyen yan etkilere maruz b\u0131rakmayan en yeni nesil elektronik ve dijital cihazlarla donat\u0131lm\u0131\u015ft\u0131r.<\/p>\n\n<p>Klinik, Bodrum Liman\u0131 gibi merkezi yerlere kolay eri\u015fim imk\u00e2n\u0131na sahiptir.<\/p>\n\n<figure class=\"wp-block-image size-large\"><img decoding=\"async\" width=\"1024\" height=\"538\" class=\"wp-image-380\" src=\"https:\/\/medicaltravel.ch\/wp-content\/uploads\/2025\/09\/bodrum-1024x538.jpg\" alt=\"\" srcset=\"https:\/\/medicaltravel.ch\/wp-content\/uploads\/2025\/09\/bodrum-1024x538.jpg 1024w, https:\/\/medicaltravel.ch\/wp-content\/uploads\/2025\/09\/bodrum-300x158.jpg 300w, https:\/\/medicaltravel.ch\/wp-content\/uploads\/2025\/09\/bodrum-768x403.jpg 768w, https:\/\/medicaltravel.ch\/wp-content\/uploads\/2025\/09\/bodrum.jpg 1200w\" sizes=\"(max-width: 1024px) 100vw, 1024px\" \/><\/figure>\n\n<p id=\"caption-attachment-10187\">Bodrum\u2019da di\u015f tedavileri<\/p>\n\n<p>Bodrum\u2019daki tatilinizi di\u015f tedavisi ile birle\u015ftirin Bodrum, muhte\u015fem plajlar ve gezilecek yerler sunmaktad\u0131r<\/p>\n\n<figure class=\"wp-block-image size-full\"><img decoding=\"async\" width=\"248\" height=\"204\" class=\"wp-image-381\" src=\"https:\/\/medicaltravel.ch\/wp-content\/uploads\/2025\/09\/schone_zahne_frau_2-3.jpg\" alt=\"\"><\/figure>\n\n<p id=\"caption-attachment-7131\">Bodrum\u2019daki di\u015f d\u00fczeltme tedavisi size g\u00fcl\u00fcmsetir.<\/p>\n\n<p><strong>\u00dcCRETS\u0130Z DANI\u015eMANLIK ALIN<br>A\u011f\u0131z foto\u011fraflar\u0131n\u0131z\u0131 ve gerekirse r\u00f6ntgenlerinizi <a href=\"mailto:info@medicaltravel.net\" target=\"_blank\" rel=\"noreferrer noopener\">e-posta<\/a> veya <a href=\"https:\/\/wa.me\/41787373541\" target=\"_blank\" rel=\"noreferrer noopener nofollow\">WhatsApp <\/a>\u00fczerinden bize g\u00f6nderin. <\/strong><\/p>\n\t\t\t\t\t\t\t\t<\/div>\n\t\t\t\t\t<\/div>\n\t\t\t\t<\/div>\n\t\t\t\t<\/div>\n\t\t","protected":false},"excerpt":{"rendered":"<p>Swiss Istanbul Hospitadent Istanbul Acibadem Istanbul Antalya Side Izmir Kayseri Kusadasi Alanya Bodrum Bodrum\u2019daki di\u015f klini\u011fi Bodrum\u2019daki di\u015f klini\u011fi Hospitadent Bodrum Bodrum Di\u015f Klini\u011fi Bodrum\u2019daki Hospitadent Di\u015f Klini\u011fi, di\u015f temizli\u011fi, dolgu, kanal tedavisi ve protezler (implant ve di\u015f kronlar\u0131) dahil olmak \u00fczere \u00e7e\u015fitli di\u015f tedavileri sunmaktad\u0131r. G\u00fc\u00e7l\u00fc ve deneyimli sa\u011fl\u0131k personeli ile implantlar, zirkonyum kaplama, dijital g\u00fcl\u00fc\u015f tasar\u0131m\u0131, lamina kaplama, kutu tekni\u011fi, yap\u0131\u015ft\u0131r\u0131c\u0131 uygulamalar\u0131, di\u015f beyazlatma, panoramik r\u00f6ntgen ve tomografi gibi t\u00fcm di\u015f sa\u011fl\u0131\u011f\u0131 hizmetlerini sunmaktad\u0131r. Bodrum b\u00f6lgesindeki en iyi di\u015f hekimleri ile di\u015f tedavisinde fark\u0131 ya\u015fay\u0131n. T\u00fcm di\u015f hekimli\u011fi aletlerimiz ve cihazlar\u0131m\u0131z, hastalar\u0131 istenmeyen yan etkilere maruz b\u0131rakmayan en yeni nesil elektronik ve dijital cihazlarla donat\u0131lm\u0131\u015ft\u0131r. Klinik, Bodrum Liman\u0131 gibi merkezi yerlere kolay eri\u015fim imk\u00e2n\u0131na sahiptir. Bodrum\u2019da di\u015f tedavileri Bodrum\u2019daki tatilinizi di\u015f tedavisi ile birle\u015ftirin Bodrum, muhte\u015fem plajlar ve gezilecek yerler sunmaktad\u0131r Bodrum\u2019daki di\u015f d\u00fczeltme tedavisi size g\u00fcl\u00fcmsetir. \u00dcCRETS\u0130Z DANI\u015eMANLIK ALINA\u011f\u0131z foto\u011fraflar\u0131n\u0131z\u0131 ve gerekirse r\u00f6ntgenlerinizi e-posta veya WhatsApp \u00fczerinden bize g\u00f6nderin.<\/p>\n","protected":false},"author":4,"featured_media":0,"parent":5061,"menu_order":0,"comment_status":"closed","ping_status":"closed","template":"","meta":{"_joinchat":[],"footnotes":""},"class_list":["post-5084","page","type-page","status-publish","hentry"],"acf":[],"_links":{"self":[{"href":"https:\/\/medicaltravel.ch\/tr\/wp-json\/wp\/v2\/pages\/5084","targetHints":{"allow":["GET"]}}],"collection":[{"href":"https:\/\/medicaltravel.ch\/tr\/wp-json\/wp\/v2\/pages"}],"about":[{"href":"https:\/\/medicaltravel.ch\/tr\/wp-json\/wp\/v2\/types\/page"}],"author":[{"embeddable":true,"href":"https:\/\/medicaltravel.ch\/tr\/wp-json\/wp\/v2\/users\/4"}],"replies":[{"embeddable":true,"href":"https:\/\/medicaltravel.ch\/tr\/wp-json\/wp\/v2\/comments?post=5084"}],"version-history":[{"count":0,"href":"https:\/\/medicaltravel.ch\/tr\/wp-json\/wp\/v2\/pages\/5084\/revisions"}],"up":[{"embeddable":true,"href":"https:\/\/medicaltravel.ch\/tr\/wp-json\/wp\/v2\/pages\/5061"}],"wp:attachment":[{"href":"https:\/\/medicaltravel.ch\/tr\/wp-json\/wp\/v2\/media?parent=5084"}],"curies":[{"name":"wp","href":"https:\/\/api.w.org\/{rel}","templated":true}]}}