{"id":5096,"date":"2025-09-17T08:07:37","date_gmt":"2025-09-17T07:07:37","guid":{"rendered":"https:\/\/medicaltravel.ch\/dentalreisen\/dis-klinikleri\/antalyada-dis-klinigi\/"},"modified":"2026-01-03T21:14:54","modified_gmt":"2026-01-03T20:14:54","slug":"antalyada-dis-klinigi","status":"publish","type":"page","link":"https:\/\/medicaltravel.ch\/tr\/disci-gezileri\/dis-klinikleri\/antalyada-dis-klinigi\/","title":{"rendered":"Antalya\u2019da Di\u015f Klini\u011fi"},"content":{"rendered":"\t\t<div data-elementor-type=\"wp-page\" data-elementor-id=\"5096\" class=\"elementor elementor-5096 elementor-52\" data-elementor-post-type=\"page\">\n\t\t\t\t<div class=\"elementor-element elementor-element-1fc53f66 e-flex e-con-boxed wpr-particle-no wpr-jarallax-no wpr-parallax-no wpr-sticky-section-no e-con e-parent\" data-id=\"1fc53f66\" data-element_type=\"container\" data-e-type=\"container\">\n\t\t\t\t\t<div class=\"e-con-inner\">\n\t\t<div class=\"elementor-element elementor-element-95ded23 e-con-full e-flex wpr-particle-no wpr-jarallax-no wpr-parallax-no wpr-sticky-section-no e-con e-child\" data-id=\"95ded23\" data-element_type=\"container\" data-e-type=\"container\">\n\t\t\t\t<div class=\"elementor-element elementor-element-c610d8b elementor-widget elementor-widget-button\" data-id=\"c610d8b\" data-element_type=\"widget\" data-e-type=\"widget\" data-widget_type=\"button.default\">\n\t\t\t\t\t\t\t\t\t\t<a class=\"elementor-button elementor-button-link elementor-size-sm\" href=\"https:\/\/medicaltravel.ch\/tr\/dentalreisen\/dis-klinikleri\/istanbuldaki-swiss-dis-klinigi\/\">\n\t\t\t\t\t\t<span class=\"elementor-button-content-wrapper\">\n\t\t\t\t\t\t\t\t\t<span class=\"elementor-button-text\">Swiss Istanbul<\/span>\n\t\t\t\t\t<\/span>\n\t\t\t\t\t<\/a>\n\t\t\t\t\t\t\t\t<\/div>\n\t\t\t\t<div class=\"elementor-element elementor-element-d15c370 elementor-widget elementor-widget-button\" data-id=\"d15c370\" data-element_type=\"widget\" data-e-type=\"widget\" data-widget_type=\"button.default\">\n\t\t\t\t\t\t\t\t\t\t<a class=\"elementor-button elementor-button-link elementor-size-sm\" href=\"https:\/\/medicaltravel.ch\/tr\/dentalreisen\/dis-klinikleri\/hospitadent-dis-klinigi-istanbul\/\">\n\t\t\t\t\t\t<span class=\"elementor-button-content-wrapper\">\n\t\t\t\t\t\t\t\t\t<span class=\"elementor-button-text\">Hospitadent Istanbul<\/span>\n\t\t\t\t\t<\/span>\n\t\t\t\t\t<\/a>\n\t\t\t\t\t\t\t\t<\/div>\n\t\t\t\t<div class=\"elementor-element elementor-element-448034a elementor-widget elementor-widget-button\" data-id=\"448034a\" data-element_type=\"widget\" data-e-type=\"widget\" data-widget_type=\"button.default\">\n\t\t\t\t\t\t\t\t\t\t<a class=\"elementor-button elementor-button-link elementor-size-sm\" href=\"https:\/\/medicaltravel.ch\/tr\/dentalreisen\/dis-klinikleri\/acibadem-dis-klinigi-istanbul\/\">\n\t\t\t\t\t\t<span class=\"elementor-button-content-wrapper\">\n\t\t\t\t\t\t\t\t\t<span class=\"elementor-button-text\">Acibadem Istanbul<\/span>\n\t\t\t\t\t<\/span>\n\t\t\t\t\t<\/a>\n\t\t\t\t\t\t\t\t<\/div>\n\t\t\t\t<div class=\"elementor-element elementor-element-aef0dc7 elementor-widget elementor-widget-button\" data-id=\"aef0dc7\" data-element_type=\"widget\" data-e-type=\"widget\" data-widget_type=\"button.default\">\n\t\t\t\t\t\t\t\t\t\t<a class=\"elementor-button elementor-button-link elementor-size-sm\" href=\"https:\/\/medicaltravel.ch\/tr\/dentalreisen\/dis-klinikleri\/antalyada-dis-klinigi\/\">\n\t\t\t\t\t\t<span class=\"elementor-button-content-wrapper\">\n\t\t\t\t\t\t\t\t\t<span class=\"elementor-button-text\">Antalya<\/span>\n\t\t\t\t\t<\/span>\n\t\t\t\t\t<\/a>\n\t\t\t\t\t\t\t\t<\/div>\n\t\t\t\t<div class=\"elementor-element elementor-element-59bbf36 elementor-widget elementor-widget-button\" data-id=\"59bbf36\" data-element_type=\"widget\" data-e-type=\"widget\" data-widget_type=\"button.default\">\n\t\t\t\t\t\t\t\t\t\t<a class=\"elementor-button elementor-button-link elementor-size-sm\" href=\"https:\/\/medicaltravel.ch\/zahnimplantate\/zahnkliniken\/zahnklinik-in-manavgat\/\">\n\t\t\t\t\t\t<span class=\"elementor-button-content-wrapper\">\n\t\t\t\t\t\t\t\t\t<span class=\"elementor-button-text\">Side<\/span>\n\t\t\t\t\t<\/span>\n\t\t\t\t\t<\/a>\n\t\t\t\t\t\t\t\t<\/div>\n\t\t\t\t<div class=\"elementor-element elementor-element-167eb9c elementor-widget elementor-widget-button\" data-id=\"167eb9c\" data-element_type=\"widget\" data-e-type=\"widget\" data-widget_type=\"button.default\">\n\t\t\t\t\t\t\t\t\t\t<a class=\"elementor-button elementor-button-link elementor-size-sm\" href=\"https:\/\/medicaltravel.ch\/tr\/dentalreisen\/hizmet-yelpazesi\/dis-teli-ortodonti-tedavisi-tuerkiye-istanbul-zuerih\/\">\n\t\t\t\t\t\t<span class=\"elementor-button-content-wrapper\">\n\t\t\t\t\t\t\t\t\t<span class=\"elementor-button-text\">Izmir<\/span>\n\t\t\t\t\t<\/span>\n\t\t\t\t\t<\/a>\n\t\t\t\t\t\t\t\t<\/div>\n\t\t\t\t<div class=\"elementor-element elementor-element-caeae90 elementor-widget elementor-widget-button\" data-id=\"caeae90\" data-element_type=\"widget\" data-e-type=\"widget\" data-widget_type=\"button.default\">\n\t\t\t\t\t\t\t\t\t\t<a class=\"elementor-button elementor-button-link elementor-size-sm\" href=\"https:\/\/medicaltravel.ch\/zahnimplantate\/zahnkliniken\/kayseri\/\">\n\t\t\t\t\t\t<span class=\"elementor-button-content-wrapper\">\n\t\t\t\t\t\t\t\t\t<span class=\"elementor-button-text\">Kayseri<\/span>\n\t\t\t\t\t<\/span>\n\t\t\t\t\t<\/a>\n\t\t\t\t\t\t\t\t<\/div>\n\t\t\t\t<div class=\"elementor-element elementor-element-922aa69 elementor-widget elementor-widget-button\" data-id=\"922aa69\" data-element_type=\"widget\" data-e-type=\"widget\" data-widget_type=\"button.default\">\n\t\t\t\t\t\t\t\t\t\t<a class=\"elementor-button elementor-button-link elementor-size-sm\" href=\"https:\/\/medicaltravel.ch\/zahnimplantate\/zahnkliniken\/zahnklinik-in-kusadasi\/\">\n\t\t\t\t\t\t<span class=\"elementor-button-content-wrapper\">\n\t\t\t\t\t\t\t\t\t<span class=\"elementor-button-text\">Kusadasi<\/span>\n\t\t\t\t\t<\/span>\n\t\t\t\t\t<\/a>\n\t\t\t\t\t\t\t\t<\/div>\n\t\t\t\t<div class=\"elementor-element elementor-element-99479f8 elementor-widget elementor-widget-button\" data-id=\"99479f8\" data-element_type=\"widget\" data-e-type=\"widget\" data-widget_type=\"button.default\">\n\t\t\t\t\t\t\t\t\t\t<a class=\"elementor-button elementor-button-link elementor-size-sm\" href=\"https:\/\/medicaltravel.ch\/zahnimplantate\/zahnkliniken\/alanya\/\">\n\t\t\t\t\t\t<span class=\"elementor-button-content-wrapper\">\n\t\t\t\t\t\t\t\t\t<span class=\"elementor-button-text\">Alanya<\/span>\n\t\t\t\t\t<\/span>\n\t\t\t\t\t<\/a>\n\t\t\t\t\t\t\t\t<\/div>\n\t\t\t\t<div class=\"elementor-element elementor-element-5d1308a elementor-widget elementor-widget-button\" data-id=\"5d1308a\" data-element_type=\"widget\" data-e-type=\"widget\" data-widget_type=\"button.default\">\n\t\t\t\t\t\t\t\t\t\t<a class=\"elementor-button elementor-button-link elementor-size-sm\" href=\"https:\/\/medicaltravel.ch\/tr\/dentalreisen\/dis-klinikleri\/bodrum-dis-klinigi-dis-tedavisi-dis-klinigi-dis-implantlari\/\">\n\t\t\t\t\t\t<span class=\"elementor-button-content-wrapper\">\n\t\t\t\t\t\t\t\t\t<span class=\"elementor-button-text\">Bodrum<\/span>\n\t\t\t\t\t<\/span>\n\t\t\t\t\t<\/a>\n\t\t\t\t\t\t\t\t<\/div>\n\t\t\t\t<\/div>\n\t\t\t\t<div class=\"elementor-element elementor-element-1d2ce0fd elementor-widget elementor-widget-text-editor\" data-id=\"1d2ce0fd\" data-element_type=\"widget\" data-e-type=\"widget\" data-widget_type=\"text-editor.default\">\n\t\t\t\t\t\t\t\t\t\n<p>G\u00fcl\u00fc\u015f\u00fcn\u00fcz\u00fcn ne kadar etkileyici olabilece\u011fini deneyimleyin. Antalya\u2019daki profesyonel bir di\u015f tedavisi ile bu m\u00fcmk\u00fcn hale geliyor. M\u00fckemmel g\u00fcl\u00fc\u015f hayalinizi ger\u00e7ekle\u015ftirin ve Antalya\u2019daki \u00f6zel klinik hizmetlerini \u0130svi\u00e7re, Almanya veya Avusturya\u2019ya g\u00f6re y\u00fczde 70\u2019e kadar daha uygun fiyata al\u0131n. \u00dcstelik kalite en az onlar kadar y\u00fcksek!   <\/p>\n\n<h2 class=\"wp-block-heading\">Antalya\u2019da Di\u015f Hekimi Klini\u011fi<\/h2>\n\n<p>Klinik, Antalya\u2019n\u0131n merkezinde yer almaktad\u0131r, bu nedenle her yerden kolayca ula\u015f\u0131labilir. Antalya\u2019daki tedavinizi tatil ile birle\u015ftirebilirsiniz. <\/p>\n\n<p>Antalya\u2019daki di\u015f klini\u011fi, Dr. Med. Dent. Ishak Can y\u00f6netimindedir ve kendisi di\u015f hekimli\u011fi alan\u0131nda \u00e7ok b\u00fcy\u00fck bir deneyime sahiptir. <\/p>\n\n<figure class=\"wp-block-image size-large\"><img fetchpriority=\"high\" decoding=\"async\" width=\"1024\" height=\"813\" class=\"wp-image-344\" src=\"https:\/\/medicaltravel.ch\/wp-content\/uploads\/2025\/09\/Medic_Antalya_1-1024x813.png\" alt=\"\" srcset=\"https:\/\/medicaltravel.ch\/wp-content\/uploads\/2025\/09\/Medic_Antalya_1-1024x813.png 1024w, https:\/\/medicaltravel.ch\/wp-content\/uploads\/2025\/09\/Medic_Antalya_1-300x238.png 300w, https:\/\/medicaltravel.ch\/wp-content\/uploads\/2025\/09\/Medic_Antalya_1-768x609.png 768w, https:\/\/medicaltravel.ch\/wp-content\/uploads\/2025\/09\/Medic_Antalya_1.png 1080w\" sizes=\"(max-width: 1024px) 100vw, 1024px\" \/><\/figure>\n\n<p id=\"caption-attachment-9166\">Antalya Di\u015f Klini\u011fi<\/p>\n\n<p>Medic Antalya Di\u015f Klini\u011fi\u2019nde a\u015fa\u011f\u0131daki gibi her t\u00fcrl\u00fc di\u015f tedavisini sunuyoruz:<\/p>\n\n<p>\u2013 Di\u015f implantlar\u0131 (Bego, Meganan, Astra Straumann)<br>\u2013 Di\u015f k kronu (Porselen veya Zirkonyum)<br>\u2013 Veneerler<br>\u2013 Lumineerler<br>\u2013 Dolgular, Inley \/ Onley vb.<\/p>\n\n<p>Burada sadece y\u00fcksek hizmet standard\u0131 sizi etkilemekle kalmayacak, ayn\u0131 zamanda tedavi ve bekleme odalar\u0131ndaki s\u0131cak ve rahat atmosfer ile steril malzemeler de sizi etkileyecek.<\/p>\n\n<p>\u00c7\u00fcnk\u00fc di\u015f tedavileri \u00f6zen ve dikkat gerektirir. T\u00fcm bunlar ve daha fazlas\u0131 sizi Antalya\u2019daki e\u015fsiz ve profesyonel di\u015f klini\u011finde bekliyor. <\/p>\n\n<p>Bu nedenle Almanca ileti\u015fim kurmak hi\u00e7 sorun olmayacak ve kendinizi evinizde gibi hissedeceksiniz.<\/p>\n\n<p>\u00dccretsiz Konaklama<br>E\u011fer tedaviniz 3500 CHF&#8217;den fazla tutarsa, partner otelde (maksimum 6 gece) kahvalt\u0131 dahil \u00fccretsiz konaklama hakk\u0131 kazan\u0131rs\u0131n\u0131z! <\/p>\n\n<p><strong>\u0130\u015fte deneyimli ekibimiz:<\/strong><\/p>\n\n<figure class=\"wp-block-image size-full\"><img decoding=\"async\" width=\"200\" height=\"300\" class=\"wp-image-345\" src=\"https:\/\/medicaltravel.ch\/wp-content\/uploads\/2025\/09\/Dent_Dr_Ishak_CAN-200x300-1.png\" alt=\"\"><\/figure>\n\n<p id=\"caption-attachment-9180\">Di\u015f Hekimi Dr. Ishak CAN <\/p>\n\n<p><strong><br><\/strong>Di\u015f Hekimi Dr. Isin CAYIR <\/p>\n\n<figure class=\"wp-block-image size-full\"><img decoding=\"async\" width=\"200\" height=\"300\" class=\"wp-image-346\" src=\"https:\/\/medicaltravel.ch\/wp-content\/uploads\/2025\/09\/Dent_Dr_-Isin_CAYIR-200x300-1.png\" alt=\"\"><\/figure>\n\n<figure class=\"wp-block-image size-full\"><img loading=\"lazy\" decoding=\"async\" width=\"200\" height=\"300\" class=\"wp-image-347\" src=\"https:\/\/medicaltravel.ch\/wp-content\/uploads\/2025\/09\/Dent_Dr_Dilara_Bilge_Yavuz-200x300-1.png\" alt=\"\"><\/figure>\n\n<p id=\"caption-attachment-9179\">Di\u015f Hekimi Dr. Dilara Bilge Yavuz <\/p>\n\n<p><strong>Doktorlar\u0131n \u00f6nce-sonra foto\u011fraflar\u0131n\u0131 l\u00fctfen burada bulabilirsiniz.<\/strong><\/p>\n\n<figure class=\"wp-block-image size-large\"><img loading=\"lazy\" decoding=\"async\" width=\"1024\" height=\"683\" class=\"wp-image-348\" src=\"https:\/\/medicaltravel.ch\/wp-content\/uploads\/2025\/09\/Medic_Antalya_2-1024x683.png\" alt=\"\" srcset=\"https:\/\/medicaltravel.ch\/wp-content\/uploads\/2025\/09\/Medic_Antalya_2-1024x683.png 1024w, https:\/\/medicaltravel.ch\/wp-content\/uploads\/2025\/09\/Medic_Antalya_2-300x200.png 300w, https:\/\/medicaltravel.ch\/wp-content\/uploads\/2025\/09\/Medic_Antalya_2-768x512.png 768w, https:\/\/medicaltravel.ch\/wp-content\/uploads\/2025\/09\/Medic_Antalya_2.png 1080w\" sizes=\"(max-width: 1024px) 100vw, 1024px\" \/><\/figure>\n\n<p id=\"caption-attachment-9167\">Antalya Di\u015f Klini\u011fi<\/p>\n\n<figure class=\"wp-block-image size-large\"><img loading=\"lazy\" decoding=\"async\" width=\"1024\" height=\"683\" class=\"wp-image-349\" src=\"https:\/\/medicaltravel.ch\/wp-content\/uploads\/2025\/09\/Medic_Antalya_3-1024x683.png\" alt=\"\" srcset=\"https:\/\/medicaltravel.ch\/wp-content\/uploads\/2025\/09\/Medic_Antalya_3-1024x683.png 1024w, https:\/\/medicaltravel.ch\/wp-content\/uploads\/2025\/09\/Medic_Antalya_3-300x200.png 300w, https:\/\/medicaltravel.ch\/wp-content\/uploads\/2025\/09\/Medic_Antalya_3-768x512.png 768w, https:\/\/medicaltravel.ch\/wp-content\/uploads\/2025\/09\/Medic_Antalya_3.png 1080w\" sizes=\"(max-width: 1024px) 100vw, 1024px\" \/><\/figure>\n\n<p id=\"caption-attachment-9168\">Antalya Di\u015f Klini\u011fi<\/p>\n\t\t\t\t\t\t\t\t<\/div>\n\t\t\t\t\t<\/div>\n\t\t\t\t<\/div>\n\t\t\t\t<\/div>\n\t\t","protected":false},"excerpt":{"rendered":"<p>Swiss Istanbul Hospitadent Istanbul Acibadem Istanbul Antalya Side Izmir Kayseri Kusadasi Alanya Bodrum G\u00fcl\u00fc\u015f\u00fcn\u00fcz\u00fcn ne kadar etkileyici olabilece\u011fini deneyimleyin. Antalya\u2019daki profesyonel bir di\u015f tedavisi ile bu m\u00fcmk\u00fcn hale geliyor. M\u00fckemmel g\u00fcl\u00fc\u015f hayalinizi ger\u00e7ekle\u015ftirin ve Antalya\u2019daki \u00f6zel klinik hizmetlerini \u0130svi\u00e7re, Almanya veya Avusturya\u2019ya g\u00f6re y\u00fczde 70\u2019e kadar daha uygun fiyata al\u0131n. \u00dcstelik kalite en az onlar kadar y\u00fcksek! Antalya\u2019da Di\u015f Hekimi Klini\u011fi Klinik, Antalya\u2019n\u0131n merkezinde yer almaktad\u0131r, bu nedenle her yerden kolayca ula\u015f\u0131labilir. Antalya\u2019daki tedavinizi tatil ile birle\u015ftirebilirsiniz. Antalya\u2019daki di\u015f klini\u011fi, Dr. Med. Dent. Ishak Can y\u00f6netimindedir ve kendisi di\u015f hekimli\u011fi alan\u0131nda \u00e7ok b\u00fcy\u00fck bir deneyime sahiptir. Antalya Di\u015f Klini\u011fi Medic Antalya Di\u015f Klini\u011fi\u2019nde a\u015fa\u011f\u0131daki gibi her t\u00fcrl\u00fc di\u015f tedavisini sunuyoruz: \u2013 Di\u015f implantlar\u0131 (Bego, Meganan, Astra Straumann)\u2013 Di\u015f k kronu (Porselen veya Zirkonyum)\u2013 Veneerler\u2013 Lumineerler\u2013 Dolgular, Inley \/ Onley vb. Burada sadece y\u00fcksek hizmet standard\u0131 sizi etkilemekle kalmayacak, ayn\u0131 zamanda tedavi ve bekleme odalar\u0131ndaki s\u0131cak ve rahat atmosfer ile steril malzemeler de sizi etkileyecek. \u00c7\u00fcnk\u00fc di\u015f tedavileri \u00f6zen ve dikkat gerektirir. T\u00fcm bunlar ve daha fazlas\u0131 sizi Antalya\u2019daki e\u015fsiz ve profesyonel di\u015f klini\u011finde bekliyor. Bu nedenle Almanca ileti\u015fim kurmak hi\u00e7 sorun olmayacak ve kendinizi evinizde gibi hissedeceksiniz. \u00dccretsiz KonaklamaE\u011fer tedaviniz 3500 CHF&#8217;den fazla tutarsa, partner otelde (maksimum 6 gece) kahvalt\u0131 dahil \u00fccretsiz konaklama hakk\u0131 kazan\u0131rs\u0131n\u0131z! \u0130\u015fte deneyimli ekibimiz: Di\u015f Hekimi Dr. Ishak CAN Di\u015f Hekimi Dr. Isin CAYIR Di\u015f Hekimi Dr. Dilara Bilge Yavuz Doktorlar\u0131n \u00f6nce-sonra foto\u011fraflar\u0131n\u0131 l\u00fctfen burada bulabilirsiniz. Antalya Di\u015f Klini\u011fi Antalya Di\u015f Klini\u011fi<\/p>\n","protected":false},"author":4,"featured_media":0,"parent":5061,"menu_order":0,"comment_status":"closed","ping_status":"closed","template":"","meta":{"_joinchat":[],"footnotes":""},"class_list":["post-5096","page","type-page","status-publish","hentry"],"acf":[],"_links":{"self":[{"href":"https:\/\/medicaltravel.ch\/tr\/wp-json\/wp\/v2\/pages\/5096","targetHints":{"allow":["GET"]}}],"collection":[{"href":"https:\/\/medicaltravel.ch\/tr\/wp-json\/wp\/v2\/pages"}],"about":[{"href":"https:\/\/medicaltravel.ch\/tr\/wp-json\/wp\/v2\/types\/page"}],"author":[{"embeddable":true,"href":"https:\/\/medicaltravel.ch\/tr\/wp-json\/wp\/v2\/users\/4"}],"replies":[{"embeddable":true,"href":"https:\/\/medicaltravel.ch\/tr\/wp-json\/wp\/v2\/comments?post=5096"}],"version-history":[{"count":3,"href":"https:\/\/medicaltravel.ch\/tr\/wp-json\/wp\/v2\/pages\/5096\/revisions"}],"predecessor-version":[{"id":5099,"href":"https:\/\/medicaltravel.ch\/tr\/wp-json\/wp\/v2\/pages\/5096\/revisions\/5099"}],"up":[{"embeddable":true,"href":"https:\/\/medicaltravel.ch\/tr\/wp-json\/wp\/v2\/pages\/5061"}],"wp:attachment":[{"href":"https:\/\/medicaltravel.ch\/tr\/wp-json\/wp\/v2\/media?parent=5096"}],"curies":[{"name":"wp","href":"https:\/\/api.w.org\/{rel}","templated":true}]}}