{"id":5104,"date":"2025-09-17T08:14:02","date_gmt":"2025-09-17T07:14:02","guid":{"rendered":"https:\/\/medicaltravel.ch\/dentalreisen\/dis-klinikleri\/izmirdeki-dis-klinigi\/"},"modified":"2026-01-03T21:17:57","modified_gmt":"2026-01-03T20:17:57","slug":"izmirdeki-dis-klinigi","status":"publish","type":"page","link":"https:\/\/medicaltravel.ch\/tr\/disci-gezileri\/dis-klinikleri\/izmirdeki-dis-klinigi\/","title":{"rendered":"\u0130zmir&#8217;deki Di\u015f Klini\u011fi"},"content":{"rendered":"\t\t<div data-elementor-type=\"wp-page\" data-elementor-id=\"5104\" class=\"elementor elementor-5104 elementor-56\" data-elementor-post-type=\"page\">\n\t\t\t\t<div class=\"elementor-element elementor-element-323b6f4a e-flex e-con-boxed wpr-particle-no wpr-jarallax-no wpr-parallax-no wpr-sticky-section-no wpr-equal-height-no e-con e-parent\" data-id=\"323b6f4a\" data-element_type=\"container\" data-e-type=\"container\">\n\t\t\t\t\t<div class=\"e-con-inner\">\n\t\t<div class=\"elementor-element elementor-element-c7790e9 e-con-full e-flex wpr-particle-no wpr-jarallax-no wpr-parallax-no wpr-sticky-section-no wpr-equal-height-no e-con e-child\" data-id=\"c7790e9\" data-element_type=\"container\" data-e-type=\"container\">\n\t\t\t\t<div class=\"elementor-element elementor-element-f39ba1a elementor-widget elementor-widget-button\" data-id=\"f39ba1a\" data-element_type=\"widget\" data-e-type=\"widget\" data-widget_type=\"button.default\">\n\t\t\t\t\t\t\t\t\t\t<a class=\"elementor-button elementor-button-link elementor-size-sm\" href=\"https:\/\/medicaltravel.ch\/home\/zahnimplantate\/zahnkliniken\/swiss-dentalklinik-istanbul\/\">\n\t\t\t\t\t\t<span class=\"elementor-button-content-wrapper\">\n\t\t\t\t\t\t\t\t\t<span class=\"elementor-button-text\">Swiss Istanbul<\/span>\n\t\t\t\t\t<\/span>\n\t\t\t\t\t<\/a>\n\t\t\t\t\t\t\t\t<\/div>\n\t\t\t\t<div class=\"elementor-element elementor-element-bcfb9f1 elementor-widget elementor-widget-button\" data-id=\"bcfb9f1\" data-element_type=\"widget\" data-e-type=\"widget\" data-widget_type=\"button.default\">\n\t\t\t\t\t\t\t\t\t\t<a class=\"elementor-button elementor-button-link elementor-size-sm\" href=\"https:\/\/medicaltravel.ch\/home\/zahnimplantate\/zahnkliniken\/hospitadent-zahnklinik-istanbul\/\">\n\t\t\t\t\t\t<span class=\"elementor-button-content-wrapper\">\n\t\t\t\t\t\t\t\t\t<span class=\"elementor-button-text\">Hospitadent Istanbul<\/span>\n\t\t\t\t\t<\/span>\n\t\t\t\t\t<\/a>\n\t\t\t\t\t\t\t\t<\/div>\n\t\t\t\t<div class=\"elementor-element elementor-element-8a5c3f8 elementor-widget elementor-widget-button\" data-id=\"8a5c3f8\" data-element_type=\"widget\" data-e-type=\"widget\" data-widget_type=\"button.default\">\n\t\t\t\t\t\t\t\t\t\t<a class=\"elementor-button elementor-button-link elementor-size-sm\" href=\"https:\/\/medicaltravel.ch\/home\/zahnimplantate\/zahnkliniken\/dentalzentrum-in-istanbul\/\">\n\t\t\t\t\t\t<span class=\"elementor-button-content-wrapper\">\n\t\t\t\t\t\t\t\t\t<span class=\"elementor-button-text\">Acibadem Istanbul<\/span>\n\t\t\t\t\t<\/span>\n\t\t\t\t\t<\/a>\n\t\t\t\t\t\t\t\t<\/div>\n\t\t\t\t<div class=\"elementor-element elementor-element-3e5a0a1 elementor-widget elementor-widget-button\" data-id=\"3e5a0a1\" data-element_type=\"widget\" data-e-type=\"widget\" data-widget_type=\"button.default\">\n\t\t\t\t\t\t\t\t\t\t<a class=\"elementor-button elementor-button-link elementor-size-sm\" href=\"https:\/\/medicaltravel.ch\/home\/zahnimplantate\/zahnkliniken\/zahnklinik-in-antalya\/\">\n\t\t\t\t\t\t<span class=\"elementor-button-content-wrapper\">\n\t\t\t\t\t\t\t\t\t<span class=\"elementor-button-text\">Antalya<\/span>\n\t\t\t\t\t<\/span>\n\t\t\t\t\t<\/a>\n\t\t\t\t\t\t\t\t<\/div>\n\t\t\t\t<div class=\"elementor-element elementor-element-90d8dc4 elementor-widget elementor-widget-button\" data-id=\"90d8dc4\" data-element_type=\"widget\" data-e-type=\"widget\" data-widget_type=\"button.default\">\n\t\t\t\t\t\t\t\t\t\t<a class=\"elementor-button elementor-button-link elementor-size-sm\" href=\"https:\/\/medicaltravel.ch\/home\/zahnimplantate\/zahnkliniken\/zahnklinik-in-manavgat\/\">\n\t\t\t\t\t\t<span class=\"elementor-button-content-wrapper\">\n\t\t\t\t\t\t\t\t\t<span class=\"elementor-button-text\">Side<\/span>\n\t\t\t\t\t<\/span>\n\t\t\t\t\t<\/a>\n\t\t\t\t\t\t\t\t<\/div>\n\t\t\t\t<div class=\"elementor-element elementor-element-40a6d7d elementor-widget elementor-widget-button\" data-id=\"40a6d7d\" data-element_type=\"widget\" data-e-type=\"widget\" data-widget_type=\"button.default\">\n\t\t\t\t\t\t\t\t\t\t<a class=\"elementor-button elementor-button-link elementor-size-sm\" href=\"https:\/\/medicaltravel.ch\/home\/zahnimplantate\/leistungsspektrum\/zahnspange-tuerkei-istanbul\/\">\n\t\t\t\t\t\t<span class=\"elementor-button-content-wrapper\">\n\t\t\t\t\t\t\t\t\t<span class=\"elementor-button-text\">Izmir<\/span>\n\t\t\t\t\t<\/span>\n\t\t\t\t\t<\/a>\n\t\t\t\t\t\t\t\t<\/div>\n\t\t\t\t<div class=\"elementor-element elementor-element-b28bf2c elementor-widget elementor-widget-button\" data-id=\"b28bf2c\" data-element_type=\"widget\" data-e-type=\"widget\" data-widget_type=\"button.default\">\n\t\t\t\t\t\t\t\t\t\t<a class=\"elementor-button elementor-button-link elementor-size-sm\" href=\"https:\/\/medicaltravel.ch\/home\/zahnimplantate\/zahnkliniken\/kayseri\/\">\n\t\t\t\t\t\t<span class=\"elementor-button-content-wrapper\">\n\t\t\t\t\t\t\t\t\t<span class=\"elementor-button-text\">Kayseri<\/span>\n\t\t\t\t\t<\/span>\n\t\t\t\t\t<\/a>\n\t\t\t\t\t\t\t\t<\/div>\n\t\t\t\t<div class=\"elementor-element elementor-element-75776d0 elementor-widget elementor-widget-button\" data-id=\"75776d0\" data-element_type=\"widget\" data-e-type=\"widget\" data-widget_type=\"button.default\">\n\t\t\t\t\t\t\t\t\t\t<a class=\"elementor-button elementor-button-link elementor-size-sm\" href=\"https:\/\/medicaltravel.ch\/home\/zahnimplantate\/zahnkliniken\/zahnklinik-in-kusadasi\/\">\n\t\t\t\t\t\t<span class=\"elementor-button-content-wrapper\">\n\t\t\t\t\t\t\t\t\t<span class=\"elementor-button-text\">Kusadasi<\/span>\n\t\t\t\t\t<\/span>\n\t\t\t\t\t<\/a>\n\t\t\t\t\t\t\t\t<\/div>\n\t\t\t\t<div class=\"elementor-element elementor-element-25b6fbc elementor-widget elementor-widget-button\" data-id=\"25b6fbc\" data-element_type=\"widget\" data-e-type=\"widget\" data-widget_type=\"button.default\">\n\t\t\t\t\t\t\t\t\t\t<a class=\"elementor-button elementor-button-link elementor-size-sm\" href=\"https:\/\/medicaltravel.ch\/home\/zahnimplantate\/zahnkliniken\/alanya\/\">\n\t\t\t\t\t\t<span class=\"elementor-button-content-wrapper\">\n\t\t\t\t\t\t\t\t\t<span class=\"elementor-button-text\">Alanya<\/span>\n\t\t\t\t\t<\/span>\n\t\t\t\t\t<\/a>\n\t\t\t\t\t\t\t\t<\/div>\n\t\t\t\t<div class=\"elementor-element elementor-element-afe83ff elementor-widget elementor-widget-button\" data-id=\"afe83ff\" data-element_type=\"widget\" data-e-type=\"widget\" data-widget_type=\"button.default\">\n\t\t\t\t\t\t\t\t\t\t<a class=\"elementor-button elementor-button-link elementor-size-sm\" href=\"https:\/\/medicaltravel.ch\/home\/zahnimplantate\/zahnkliniken\/bodrum\/\">\n\t\t\t\t\t\t<span class=\"elementor-button-content-wrapper\">\n\t\t\t\t\t\t\t\t\t<span class=\"elementor-button-text\">Bodrum<\/span>\n\t\t\t\t\t<\/span>\n\t\t\t\t\t<\/a>\n\t\t\t\t\t\t\t\t<\/div>\n\t\t\t\t<\/div>\n\t\t\t\t<div class=\"elementor-element elementor-element-6c859364 elementor-widget elementor-widget-text-editor\" data-id=\"6c859364\" data-element_type=\"widget\" data-e-type=\"widget\" data-widget_type=\"text-editor.default\">\n\t\t\t\t\t\t\t\t\t\n<h2 class=\"wp-block-heading\">D\u0130\u015e PROTEZ\u0130 \u2013 D\u0130\u015e POL\u0130KL\u0130N\u0130\u011e\u0130 \u0130ZM\u0130R&#8217;DE<\/h2>\n\n<h3 class=\"wp-block-heading\">D\u0130\u015e KL\u0130N\u0130\u011e\u0130 \u0130ZM\u0130R&#8217;DE<\/h3>\n\n<p>G\u00fcl\u00fc\u015f\u00fcn\u00fcz\u00fcn ne kadar sempatik olabilece\u011fini ke\u015ffedin. \u0130zmir\u2019deki di\u015f klini\u011finde profesyonel bir di\u015f tedavisi ile bu m\u00fcmk\u00fcn. M\u00fckemmel g\u00fcl\u00fc\u015f hayalinizi ger\u00e7ekle\u015ftirirken, <a href=\"https:\/\/www.medicaltravel.ch\/warum-tuerkei\/staedte-der-tuerkei\/izmir-als-stadt\/\">\u0130zmir\u2019deki <\/a>\u00f6zel klinikten ald\u0131\u011f\u0131n\u0131z hizmetleri \u0130svi\u00e7re, Almanya veya Avusturya\u2019daki fiyatlardan %70 daha uygun fiyatlarla alabilirsiniz. \u00dcstelik bu, en az ayn\u0131 kalitede hizmet!   <\/p>\n\n<p>Klinik, \u0130zmir&#8217;in merkezinde yer al\u0131yor ve bu nedenle her yerden kolayca ula\u015f\u0131labilir. \u0130zmir&#8217;deki tedavinizi tatil ile de birle\u015ftirebilirsiniz. <\/p>\n\n<p>Zanlinik CTG \u0130zmir&#8217;e ad\u0131m att\u0131\u011f\u0131n\u0131z anda, bir \u015firkete ait \u00f6zel bir klinikte oldu\u011funuzu fark edeceksiniz. Klinik, en y\u00fcksek hijyen standartlar\u0131na \u00f6zen g\u00f6stermektedir. <\/p>\n\n<p>Bizimle, kendi uzman hekimlerimizin deneyimli ellerine emanet oluyorsunuz. MedicalTravel olarak, \u0130zmir&#8217;de size en iyi tedaviyi sunmay\u0131 ama\u00e7l\u0131yoruz. <\/p>\n\n<p>Almanca konu\u015fan rehberler, klinikte her zaman hizmetinizde olacak ve tedavi s\u00fcresince size memnuniyetle yard\u0131mc\u0131 olacaklar. T\u00fcm bunlar ve daha fazlas\u0131, \u0130zmir&#8217;deki e\u015fsiz ve profesyonel di\u015f klini\u011finde sizi bekliyor. Bu y\u00fczden kendinizi evinizde gibi hissedeceksiniz.  <\/p>\n\n<figure class=\"wp-block-image size-full\"><img fetchpriority=\"high\" decoding=\"async\" width=\"1000\" height=\"647\" class=\"wp-image-359\" src=\"https:\/\/medicaltravel.ch\/wp-content\/uploads\/2025\/09\/csm_Waiting_Area_04018249ed.jpg\" alt=\"\" srcset=\"https:\/\/medicaltravel.ch\/wp-content\/uploads\/2025\/09\/csm_Waiting_Area_04018249ed.jpg 1000w, https:\/\/medicaltravel.ch\/wp-content\/uploads\/2025\/09\/csm_Waiting_Area_04018249ed-300x194.jpg 300w, https:\/\/medicaltravel.ch\/wp-content\/uploads\/2025\/09\/csm_Waiting_Area_04018249ed-768x497.jpg 768w\" sizes=\"(max-width: 1000px) 100vw, 1000px\" \/><\/figure>\n\n<p id=\"caption-attachment-995\">\u0130zmir&#8217;deki Modern Di\u015f Klini\u011fi<\/p>\n\t\t\t\t\t\t\t\t<\/div>\n\t\t\t\t\t<\/div>\n\t\t\t\t<\/div>\n\t\t\t\t<\/div>\n\t\t","protected":false},"excerpt":{"rendered":"<p>Swiss Istanbul Hospitadent Istanbul Acibadem Istanbul Antalya Side Izmir Kayseri Kusadasi Alanya Bodrum D\u0130\u015e PROTEZ\u0130 \u2013 D\u0130\u015e POL\u0130KL\u0130N\u0130\u011e\u0130 \u0130ZM\u0130R&#8217;DE D\u0130\u015e KL\u0130N\u0130\u011e\u0130 \u0130ZM\u0130R&#8217;DE G\u00fcl\u00fc\u015f\u00fcn\u00fcz\u00fcn ne kadar sempatik olabilece\u011fini ke\u015ffedin. \u0130zmir\u2019deki di\u015f klini\u011finde profesyonel bir di\u015f tedavisi ile bu m\u00fcmk\u00fcn. M\u00fckemmel g\u00fcl\u00fc\u015f hayalinizi ger\u00e7ekle\u015ftirirken, \u0130zmir\u2019deki \u00f6zel klinikten ald\u0131\u011f\u0131n\u0131z hizmetleri \u0130svi\u00e7re, Almanya veya Avusturya\u2019daki fiyatlardan %70 daha uygun fiyatlarla alabilirsiniz. \u00dcstelik bu, en az ayn\u0131 kalitede hizmet! Klinik, \u0130zmir&#8217;in merkezinde yer al\u0131yor ve bu nedenle her yerden kolayca ula\u015f\u0131labilir. \u0130zmir&#8217;deki tedavinizi tatil ile de birle\u015ftirebilirsiniz. Zanlinik CTG \u0130zmir&#8217;e ad\u0131m att\u0131\u011f\u0131n\u0131z anda, bir \u015firkete ait \u00f6zel bir klinikte oldu\u011funuzu fark edeceksiniz. Klinik, en y\u00fcksek hijyen standartlar\u0131na \u00f6zen g\u00f6stermektedir. Bizimle, kendi uzman hekimlerimizin deneyimli ellerine emanet oluyorsunuz. MedicalTravel olarak, \u0130zmir&#8217;de size en iyi tedaviyi sunmay\u0131 ama\u00e7l\u0131yoruz. Almanca konu\u015fan rehberler, klinikte her zaman hizmetinizde olacak ve tedavi s\u00fcresince size memnuniyetle yard\u0131mc\u0131 olacaklar. T\u00fcm bunlar ve daha fazlas\u0131, \u0130zmir&#8217;deki e\u015fsiz ve profesyonel di\u015f klini\u011finde sizi bekliyor. Bu y\u00fczden kendinizi evinizde gibi hissedeceksiniz. \u0130zmir&#8217;deki Modern Di\u015f Klini\u011fi<\/p>\n","protected":false},"author":4,"featured_media":0,"parent":5061,"menu_order":0,"comment_status":"closed","ping_status":"closed","template":"","meta":{"_joinchat":[],"footnotes":""},"class_list":["post-5104","page","type-page","status-publish","hentry"],"acf":[],"_links":{"self":[{"href":"https:\/\/medicaltravel.ch\/tr\/wp-json\/wp\/v2\/pages\/5104","targetHints":{"allow":["GET"]}}],"collection":[{"href":"https:\/\/medicaltravel.ch\/tr\/wp-json\/wp\/v2\/pages"}],"about":[{"href":"https:\/\/medicaltravel.ch\/tr\/wp-json\/wp\/v2\/types\/page"}],"author":[{"embeddable":true,"href":"https:\/\/medicaltravel.ch\/tr\/wp-json\/wp\/v2\/users\/4"}],"replies":[{"embeddable":true,"href":"https:\/\/medicaltravel.ch\/tr\/wp-json\/wp\/v2\/comments?post=5104"}],"version-history":[{"count":0,"href":"https:\/\/medicaltravel.ch\/tr\/wp-json\/wp\/v2\/pages\/5104\/revisions"}],"up":[{"embeddable":true,"href":"https:\/\/medicaltravel.ch\/tr\/wp-json\/wp\/v2\/pages\/5061"}],"wp:attachment":[{"href":"https:\/\/medicaltravel.ch\/tr\/wp-json\/wp\/v2\/media?parent=5104"}],"curies":[{"name":"wp","href":"https:\/\/api.w.org\/{rel}","templated":true}]}}