{"id":5108,"date":"2025-09-17T08:16:37","date_gmt":"2025-09-17T07:16:37","guid":{"rendered":"https:\/\/medicaltravel.ch\/dentalreisen\/dis-klinikleri\/kusadasindaki-dis-klinigi\/"},"modified":"2026-01-03T21:24:54","modified_gmt":"2026-01-03T20:24:54","slug":"kusadasindaki-dis-klinigi","status":"publish","type":"page","link":"https:\/\/medicaltravel.ch\/tr\/disci-gezileri\/dis-klinikleri\/kusadasindaki-dis-klinigi\/","title":{"rendered":"Ku\u015fadas\u0131&#8217;ndaki Di\u015f Klini\u011fi"},"content":{"rendered":"\t\t<div data-elementor-type=\"wp-page\" data-elementor-id=\"5108\" class=\"elementor elementor-5108 elementor-60\" data-elementor-post-type=\"page\">\n\t\t\t\t<div class=\"elementor-element elementor-element-40b8d8c2 e-flex e-con-boxed wpr-particle-no wpr-jarallax-no wpr-parallax-no wpr-sticky-section-no wpr-equal-height-no e-con e-parent\" data-id=\"40b8d8c2\" data-element_type=\"container\" data-e-type=\"container\">\n\t\t\t\t\t<div class=\"e-con-inner\">\n\t\t<div class=\"elementor-element elementor-element-316285d e-con-full e-flex wpr-particle-no wpr-jarallax-no wpr-parallax-no wpr-sticky-section-no wpr-equal-height-no e-con e-child\" data-id=\"316285d\" data-element_type=\"container\" data-e-type=\"container\">\n\t\t\t\t<div class=\"elementor-element elementor-element-62f08e2 elementor-widget elementor-widget-button\" data-id=\"62f08e2\" data-element_type=\"widget\" data-e-type=\"widget\" data-widget_type=\"button.default\">\n\t\t\t\t\t\t\t\t\t\t<a class=\"elementor-button elementor-button-link elementor-size-sm\" href=\"https:\/\/medicaltravel.ch\/tr\/dentalreisen\/dis-klinikleri\/istanbuldaki-swiss-dis-klinigi\/\">\n\t\t\t\t\t\t<span class=\"elementor-button-content-wrapper\">\n\t\t\t\t\t\t\t\t\t<span class=\"elementor-button-text\">Swiss Istanbul<\/span>\n\t\t\t\t\t<\/span>\n\t\t\t\t\t<\/a>\n\t\t\t\t\t\t\t\t<\/div>\n\t\t\t\t<div class=\"elementor-element elementor-element-e03d496 elementor-widget elementor-widget-button\" data-id=\"e03d496\" data-element_type=\"widget\" data-e-type=\"widget\" data-widget_type=\"button.default\">\n\t\t\t\t\t\t\t\t\t\t<a class=\"elementor-button elementor-button-link elementor-size-sm\" href=\"https:\/\/medicaltravel.ch\/tr\/dentalreisen\/dis-klinikleri\/hospitadent-dis-klinigi-istanbul\/\">\n\t\t\t\t\t\t<span class=\"elementor-button-content-wrapper\">\n\t\t\t\t\t\t\t\t\t<span class=\"elementor-button-text\">Hospitadent Istanbul<\/span>\n\t\t\t\t\t<\/span>\n\t\t\t\t\t<\/a>\n\t\t\t\t\t\t\t\t<\/div>\n\t\t\t\t<div class=\"elementor-element elementor-element-e22952c elementor-widget elementor-widget-button\" data-id=\"e22952c\" data-element_type=\"widget\" data-e-type=\"widget\" data-widget_type=\"button.default\">\n\t\t\t\t\t\t\t\t\t\t<a class=\"elementor-button elementor-button-link elementor-size-sm\" href=\"https:\/\/medicaltravel.ch\/tr\/dentalreisen\/dis-klinikleri\/acibadem-dis-klinigi-istanbul\/\">\n\t\t\t\t\t\t<span class=\"elementor-button-content-wrapper\">\n\t\t\t\t\t\t\t\t\t<span class=\"elementor-button-text\">Acibadem Istanbul<\/span>\n\t\t\t\t\t<\/span>\n\t\t\t\t\t<\/a>\n\t\t\t\t\t\t\t\t<\/div>\n\t\t\t\t<div class=\"elementor-element elementor-element-29642a5 elementor-widget elementor-widget-button\" data-id=\"29642a5\" data-element_type=\"widget\" data-e-type=\"widget\" data-widget_type=\"button.default\">\n\t\t\t\t\t\t\t\t\t\t<a class=\"elementor-button elementor-button-link elementor-size-sm\" href=\"https:\/\/medicaltravel.ch\/tr\/dentalreisen\/dis-klinikleri\/antalyada-dis-klinigi\/\">\n\t\t\t\t\t\t<span class=\"elementor-button-content-wrapper\">\n\t\t\t\t\t\t\t\t\t<span class=\"elementor-button-text\">Antalya<\/span>\n\t\t\t\t\t<\/span>\n\t\t\t\t\t<\/a>\n\t\t\t\t\t\t\t\t<\/div>\n\t\t\t\t<div class=\"elementor-element elementor-element-8551f29 elementor-widget elementor-widget-button\" data-id=\"8551f29\" data-element_type=\"widget\" data-e-type=\"widget\" data-widget_type=\"button.default\">\n\t\t\t\t\t\t\t\t\t\t<a class=\"elementor-button elementor-button-link elementor-size-sm\" href=\"https:\/\/medicaltravel.ch\/zahnimplantate\/zahnkliniken\/zahnklinik-in-manavgat\/\">\n\t\t\t\t\t\t<span class=\"elementor-button-content-wrapper\">\n\t\t\t\t\t\t\t\t\t<span class=\"elementor-button-text\">Side<\/span>\n\t\t\t\t\t<\/span>\n\t\t\t\t\t<\/a>\n\t\t\t\t\t\t\t\t<\/div>\n\t\t\t\t<div class=\"elementor-element elementor-element-669fd39 elementor-widget elementor-widget-button\" data-id=\"669fd39\" data-element_type=\"widget\" data-e-type=\"widget\" data-widget_type=\"button.default\">\n\t\t\t\t\t\t\t\t\t\t<a class=\"elementor-button elementor-button-link elementor-size-sm\" href=\"https:\/\/medicaltravel.ch\/tr\/dentalreisen\/hizmet-yelpazesi\/dis-teli-ortodonti-tedavisi-tuerkiye-istanbul-zuerih\/\">\n\t\t\t\t\t\t<span class=\"elementor-button-content-wrapper\">\n\t\t\t\t\t\t\t\t\t<span class=\"elementor-button-text\">Izmir<\/span>\n\t\t\t\t\t<\/span>\n\t\t\t\t\t<\/a>\n\t\t\t\t\t\t\t\t<\/div>\n\t\t\t\t<div class=\"elementor-element elementor-element-3cdbe5b elementor-widget elementor-widget-button\" data-id=\"3cdbe5b\" data-element_type=\"widget\" data-e-type=\"widget\" data-widget_type=\"button.default\">\n\t\t\t\t\t\t\t\t\t\t<a class=\"elementor-button elementor-button-link elementor-size-sm\" href=\"https:\/\/medicaltravel.ch\/zahnimplantate\/zahnkliniken\/kayseri\/\">\n\t\t\t\t\t\t<span class=\"elementor-button-content-wrapper\">\n\t\t\t\t\t\t\t\t\t<span class=\"elementor-button-text\">Kayseri<\/span>\n\t\t\t\t\t<\/span>\n\t\t\t\t\t<\/a>\n\t\t\t\t\t\t\t\t<\/div>\n\t\t\t\t<div class=\"elementor-element elementor-element-5cfa4e0 elementor-widget elementor-widget-button\" data-id=\"5cfa4e0\" data-element_type=\"widget\" data-e-type=\"widget\" data-widget_type=\"button.default\">\n\t\t\t\t\t\t\t\t\t\t<a class=\"elementor-button elementor-button-link elementor-size-sm\" href=\"https:\/\/medicaltravel.ch\/tr\/dentalreisen\/dis-klinikleri\/kusadasindaki-dis-klinigi\/\">\n\t\t\t\t\t\t<span class=\"elementor-button-content-wrapper\">\n\t\t\t\t\t\t\t\t\t<span class=\"elementor-button-text\">Kusadasi<\/span>\n\t\t\t\t\t<\/span>\n\t\t\t\t\t<\/a>\n\t\t\t\t\t\t\t\t<\/div>\n\t\t\t\t<div class=\"elementor-element elementor-element-ef4ddf1 elementor-widget elementor-widget-button\" data-id=\"ef4ddf1\" data-element_type=\"widget\" data-e-type=\"widget\" data-widget_type=\"button.default\">\n\t\t\t\t\t\t\t\t\t\t<a class=\"elementor-button elementor-button-link elementor-size-sm\" href=\"https:\/\/medicaltravel.ch\/zahnimplantate\/zahnkliniken\/alanya\/\">\n\t\t\t\t\t\t<span class=\"elementor-button-content-wrapper\">\n\t\t\t\t\t\t\t\t\t<span class=\"elementor-button-text\">Alanya<\/span>\n\t\t\t\t\t<\/span>\n\t\t\t\t\t<\/a>\n\t\t\t\t\t\t\t\t<\/div>\n\t\t\t\t<div class=\"elementor-element elementor-element-99545e5 elementor-widget elementor-widget-button\" data-id=\"99545e5\" data-element_type=\"widget\" data-e-type=\"widget\" data-widget_type=\"button.default\">\n\t\t\t\t\t\t\t\t\t\t<a class=\"elementor-button elementor-button-link elementor-size-sm\" href=\"https:\/\/medicaltravel.ch\/tr\/dentalreisen\/dis-klinikleri\/bodrum-dis-klinigi-dis-tedavisi-dis-klinigi-dis-implantlari\/\">\n\t\t\t\t\t\t<span class=\"elementor-button-content-wrapper\">\n\t\t\t\t\t\t\t\t\t<span class=\"elementor-button-text\">Bodrum<\/span>\n\t\t\t\t\t<\/span>\n\t\t\t\t\t<\/a>\n\t\t\t\t\t\t\t\t<\/div>\n\t\t\t\t<\/div>\n\t\t\t\t<div class=\"elementor-element elementor-element-2cb487b2 elementor-widget elementor-widget-text-editor\" data-id=\"2cb487b2\" data-element_type=\"widget\" data-e-type=\"widget\" data-widget_type=\"text-editor.default\">\n\t\t\t\t\t\t\t\t\t\n<h2 class=\"wp-block-heading\">D\u0130\u015e KL\u0130N\u0130\u011e\u0130 KU\u015eADASI&#8217;NDA<\/h2>\n\n<h3 class=\"wp-block-heading\">Ku\u015fadas\u0131&#8217;ndaki Di\u015f Tedaviniz \u0130\u00e7in \u00dcCRETS\u0130Z KONAKLAMA!<\/h3>\n\n<p>Ku\u015fadas\u0131&#8217;ndaki di\u015f tedaviniz \u015fimdi daha fazla avantaj sunuyor!<br>6000 CHF ve \u00fczeri tedavilerde, 5 gece boyunca <a href=\"http:\/\/www.hotelilayda.com\/indexger.html\" rel=\"nofollow noopener\" target=\"_blank\">4* otelde <\/a>\u00fccretsiz konaklama f\u0131rsat\u0131ndan yararlanabilirsiniz.<\/p>\n\n<p>B\u00fcy\u00fcleyici Ku\u015fadas\u0131&#8217;n\u0131n keyfini \u00e7\u0131kar\u0131rken, di\u015flerinizi y\u00fcksek kaliteyle ve %70&#8217;e varan indirimlerle tedavi ettirirsiniz. <a href=\"https:\/\/medicaltravel.ch\/kontakt\/\" data-type=\"page\" data-id=\"225\">Bize \u015fimdi, \u00fccretsiz bir fiyat teklifi almak i\u00e7in ileti\u015fime ge\u00e7in.<\/a><\/p>\n\n<p>Di\u015f klini\u011fi, Ku\u015fadas\u0131-\u0130zmir&#8217;deki \u00f6nde gelen di\u015f hekimli\u011fi kliniklerinden biridir.<\/p>\n\n<p>Klinikte, size her konuda yard\u0131mc\u0131 olmaktan memnuniyet duyan yetkin di\u015f hekimleri g\u00f6rev yapmaktad\u0131r. Di\u015f hekimli\u011fi hizmetleri yelpazesi, korunma tedavilerinden implantolojiye kadar geni\u015f bir yelpazeye sahiptir. En modern y\u00f6ntemlerle, di\u015f klini\u011fi hastalar\u0131na a\u011fr\u0131s\u0131z bir tedavi sunmay\u0131 m\u00fcmk\u00fcn k\u0131lmaktad\u0131r.  <\/p>\n\n<p>Di\u015f klini\u011fi, T\u00fcrk turist b\u00f6lgesi Ku\u015fadas\u0131&#8217;nda yer almaktad\u0131r ve \u0130zmir Havaliman\u0131&#8217;na yakla\u015f\u0131k bir saat mesafededir. Sizin rahatl\u0131\u011f\u0131n\u0131z i\u00e7in, di\u015f muayenehanesi en modern olanaklarla donat\u0131lm\u0131\u015ft\u0131r. Doktorlar, tedavi s\u0131ras\u0131nda yaln\u0131zca m\u00fckemmel kalitede \u00fcr\u00fcnler kullan\u0131r ve en son tedavi y\u00f6ntemlerini uygularlar. Bekleme salonu, tedavi odalar\u0131 ve ameliyat odalar\u0131 klimayla donat\u0131lm\u0131\u015ft\u0131r. T\u00fcm di\u015f tedavileri, ayd\u0131nl\u0131k, dostane ve g\u00fcne\u015fli odalarda yap\u0131lmaktad\u0131r. \u00d6zellikle temizlik konusuna b\u00fcy\u00fck \u00f6zen g\u00f6sterilmektedir, cihazlar\u0131m\u0131z en modern y\u00f6ntemlerle sterilize edilmektedir.      <\/p>\n\n<p>Hizmetler, di\u015f hekimli\u011fi ve a\u011f\u0131z cerrahisi alanlar\u0131ndaki t\u00fcm tedavileri kapsamaktad\u0131r; bunlar aras\u0131nda implantlar, di\u015f protezleri, di\u015f k\u00f6pr\u00fcleri, veneerler bulunmaktad\u0131r. Di\u015f klini\u011fi, estetik veya t\u0131bbi problemleri \u00e7\u00f6zme konusunda her zaman hastalar\u0131m\u0131z\u0131n hizmetindedir. <\/p>\n\n<p>\u0130\u00e7ten ve g\u00fczel bir g\u00fcl\u00fc\u015f, kalpten gelen rahat bir kahkaha, hayat\u0131n \u00f6nemli par\u00e7alar\u0131ndand\u0131r. Ku\u015fadas\u0131&#8217;ndaki deneyimli di\u015f hekimleri, do\u011fru, h\u0131zl\u0131, a\u011fr\u0131s\u0131z ve hassas bir \u00e7al\u0131\u015fma prensibiyle hareket ederler. Artan talepleri kar\u015f\u0131lamak i\u00e7in, uzmanl\u0131k d\u0131\u015f\u0131nda karma\u015f\u0131k t\u0131bbi hizmetlerle de faaliyetler geni\u015fletilmi\u015ftir. Di\u015f muayenehanesi i\u00e7in en b\u00fcy\u00fck takdir, hastalar\u0131n memnun, mutlu ve tabii ki g\u00fcl\u00fcmseyerek evlerine d\u00f6nmeleridir.   <\/p>\n\n<p>Hastalar \u015funlar\u0131 beklemektedir:<\/p>\n\n<ul class=\"wp-block-list\">\n<li>Modern tedavi odalar\u0131<\/li>\n\n<li>\u00c7ok s\u0131k\u0131 hijyen standartlar\u0131. Detaylar\u0131 <a href=\"https:\/\/medicaltravel.ch\/wp-content\/uploads\/2025\/09\/Active__Passive_Hygene_DE.pdf\" data-type=\"link\" data-id=\"https:\/\/medicaltravel.ch\/wp-content\/uploads\/2025\/09\/Active__Passive_Hygene_DE.pdf\">burada <\/a>bulabilirsiniz. <\/li>\n\n<li>Dostane atmosfer<\/li>\n\n<li>\u00c7ok deneyimli doktorlar<\/li>\n\n<li>Almanca konu\u015fan \u00e7al\u0131\u015fanlar<\/li>\n\n<li>Almanya, \u0130svi\u00e7re veya Avusturya&#8217;ya g\u00f6re ayn\u0131 anda olmasa da daha iyi kalite<\/li>\n\n<li>Ve bunlar\u0131 uygun fiyatlarla.<\/li>\n<\/ul>\n\n<p>Modern di\u015f muayenehanesi, uzun y\u0131llara dayanan di\u015f hekimli\u011fi deneyimine sahip olan Dr. Med. Dent. Y\u0131lmaz ve Dr. Med. Dent. \u00dcnl\u00fc taraf\u0131ndan y\u00f6netilmektedir.  <\/p>\n\n<p>\u0130kisi de di\u015f hekimli\u011fi fak\u00fcltesindeki diplomalar\u0131n\u0131 \u0130zmir&#8217;deki Ege \u00dcniversitesi&#8217;nde tamamlam\u0131\u015ft\u0131r.<\/p>\n\n<p>Di\u015f hekimleri, di\u015f hekimli\u011fi alan\u0131nda birer uzmand\u0131r. Di\u015f hekimli\u011fi teknolojisi s\u00fcrekli geli\u015fmektedir ve doktorlar\u0131m\u0131z her zaman en son yeniliklere ayak uydurur. Bu nedenle, \u00e7e\u015fitli ulusal ve uluslararas\u0131 kongrelerde \u2013 bazen de konu\u015fmac\u0131 olarak \u2013 yer almaktad\u0131rlar. Di\u015flerinizi Ku\u015fadas\u0131&#8217;nda tedavi ettirmek istiyorsan\u0131z, bu di\u015f muayenehanesi ger\u00e7ekten do\u011fru adres.   <\/p>\n\n<p>Tedavinizi, \u00e7ok pop\u00fcler bir tatil beldesi olan <a href=\"https:\/\/de.wikipedia.org\/wiki\/Ku%C5%9Fadas%C4%B1\" rel=\"nofollow noopener\" target=\"_blank\">Ku\u015fadas\u0131&#8217;nda <\/a>bir tatil ile de birle\u015ftirebilirsiniz.<\/p>\n\n<figure class=\"wp-block-image size-full\"><img fetchpriority=\"high\" decoding=\"async\" width=\"448\" height=\"298\" class=\"wp-image-367\" src=\"https:\/\/medicaltravel.ch\/wp-content\/uploads\/2025\/09\/Modernste-Ausrustung-in-der-Zahnarztklinik-in-Kusadasi.jpg\" alt=\"\" srcset=\"https:\/\/medicaltravel.ch\/wp-content\/uploads\/2025\/09\/Modernste-Ausrustung-in-der-Zahnarztklinik-in-Kusadasi.jpg 448w, https:\/\/medicaltravel.ch\/wp-content\/uploads\/2025\/09\/Modernste-Ausrustung-in-der-Zahnarztklinik-in-Kusadasi-300x200.jpg 300w\" sizes=\"(max-width: 448px) 100vw, 448px\" \/>\n<figcaption class=\"wp-element-caption\">Ku\u015fadas\u0131&#8217;ndaki Modern Di\u015f Klini\u011fi<\/figcaption>\n<\/figure>\n\n<p id=\"caption-attachment-1004\">Ku\u015fadas\u0131&#8217;ndaki Modern Di\u015f Klini\u011fi<\/p>\n\n<figure class=\"wp-block-image size-full\"><img decoding=\"async\" width=\"300\" height=\"200\" class=\"wp-image-368\" src=\"https:\/\/medicaltravel.ch\/wp-content\/uploads\/2025\/09\/RTEmagicC_Wartesaal_1__2_.jpg.jpg\" alt=\"\"><\/figure>\n\n<figure class=\"wp-block-image size-full\"><img decoding=\"async\" width=\"300\" height=\"221\" class=\"wp-image-369\" src=\"https:\/\/medicaltravel.ch\/wp-content\/uploads\/2025\/09\/Dent.-Dr.-Aysegul-Yilmaz-300x221-1.jpg\" alt=\"\"><\/figure>\n\n<p id=\"caption-attachment-1007\">Die erfahrene Zahn\u00e4rztin Frau Yilmaz<\/p>\n\n<figure class=\"wp-block-image size-full\"><img loading=\"lazy\" decoding=\"async\" width=\"160\" height=\"153\" class=\"wp-image-370\" src=\"https:\/\/medicaltravel.ch\/wp-content\/uploads\/2025\/09\/Ihre-Zahnbehandlung-im-sehr-beruhmten-Urlaubsort-Kusadasi.jpg\" alt=\"\"><\/figure>\n\t\t\t\t\t\t\t\t<\/div>\n\t\t\t\t\t<\/div>\n\t\t\t\t<\/div>\n\t\t\t\t<\/div>\n\t\t","protected":false},"excerpt":{"rendered":"<p>Swiss Istanbul Hospitadent Istanbul Acibadem Istanbul Antalya Side Izmir Kayseri Kusadasi Alanya Bodrum D\u0130\u015e KL\u0130N\u0130\u011e\u0130 KU\u015eADASI&#8217;NDA Ku\u015fadas\u0131&#8217;ndaki Di\u015f Tedaviniz \u0130\u00e7in \u00dcCRETS\u0130Z KONAKLAMA! Ku\u015fadas\u0131&#8217;ndaki di\u015f tedaviniz \u015fimdi daha fazla avantaj sunuyor!6000 CHF ve \u00fczeri tedavilerde, 5 gece boyunca 4* otelde \u00fccretsiz konaklama f\u0131rsat\u0131ndan yararlanabilirsiniz. B\u00fcy\u00fcleyici Ku\u015fadas\u0131&#8217;n\u0131n keyfini \u00e7\u0131kar\u0131rken, di\u015flerinizi y\u00fcksek kaliteyle ve %70&#8217;e varan indirimlerle tedavi ettirirsiniz. Bize \u015fimdi, \u00fccretsiz bir fiyat teklifi almak i\u00e7in ileti\u015fime ge\u00e7in. Di\u015f klini\u011fi, Ku\u015fadas\u0131-\u0130zmir&#8217;deki \u00f6nde gelen di\u015f hekimli\u011fi kliniklerinden biridir. Klinikte, size her konuda yard\u0131mc\u0131 olmaktan memnuniyet duyan yetkin di\u015f hekimleri g\u00f6rev yapmaktad\u0131r. Di\u015f hekimli\u011fi hizmetleri yelpazesi, korunma tedavilerinden implantolojiye kadar geni\u015f bir yelpazeye sahiptir. En modern y\u00f6ntemlerle, di\u015f klini\u011fi hastalar\u0131na a\u011fr\u0131s\u0131z bir tedavi sunmay\u0131 m\u00fcmk\u00fcn k\u0131lmaktad\u0131r. Di\u015f klini\u011fi, T\u00fcrk turist b\u00f6lgesi Ku\u015fadas\u0131&#8217;nda yer almaktad\u0131r ve \u0130zmir Havaliman\u0131&#8217;na yakla\u015f\u0131k bir saat mesafededir. Sizin rahatl\u0131\u011f\u0131n\u0131z i\u00e7in, di\u015f muayenehanesi en modern olanaklarla donat\u0131lm\u0131\u015ft\u0131r. Doktorlar, tedavi s\u0131ras\u0131nda yaln\u0131zca m\u00fckemmel kalitede \u00fcr\u00fcnler kullan\u0131r ve en son tedavi y\u00f6ntemlerini uygularlar. Bekleme salonu, tedavi odalar\u0131 ve ameliyat odalar\u0131 klimayla donat\u0131lm\u0131\u015ft\u0131r. T\u00fcm di\u015f tedavileri, ayd\u0131nl\u0131k, dostane ve g\u00fcne\u015fli odalarda yap\u0131lmaktad\u0131r. \u00d6zellikle temizlik konusuna b\u00fcy\u00fck \u00f6zen g\u00f6sterilmektedir, cihazlar\u0131m\u0131z en modern y\u00f6ntemlerle sterilize edilmektedir. Hizmetler, di\u015f hekimli\u011fi ve a\u011f\u0131z cerrahisi alanlar\u0131ndaki t\u00fcm tedavileri kapsamaktad\u0131r; bunlar aras\u0131nda implantlar, di\u015f protezleri, di\u015f k\u00f6pr\u00fcleri, veneerler bulunmaktad\u0131r. Di\u015f klini\u011fi, estetik veya t\u0131bbi problemleri \u00e7\u00f6zme konusunda her zaman hastalar\u0131m\u0131z\u0131n hizmetindedir. \u0130\u00e7ten ve g\u00fczel bir g\u00fcl\u00fc\u015f, kalpten gelen rahat bir kahkaha, hayat\u0131n \u00f6nemli par\u00e7alar\u0131ndand\u0131r. Ku\u015fadas\u0131&#8217;ndaki deneyimli di\u015f hekimleri, do\u011fru, h\u0131zl\u0131, a\u011fr\u0131s\u0131z ve hassas bir \u00e7al\u0131\u015fma prensibiyle hareket ederler. Artan talepleri kar\u015f\u0131lamak i\u00e7in, uzmanl\u0131k d\u0131\u015f\u0131nda karma\u015f\u0131k t\u0131bbi hizmetlerle de faaliyetler geni\u015fletilmi\u015ftir. Di\u015f muayenehanesi i\u00e7in en b\u00fcy\u00fck takdir, hastalar\u0131n memnun, mutlu ve tabii ki g\u00fcl\u00fcmseyerek evlerine d\u00f6nmeleridir. Hastalar \u015funlar\u0131 beklemektedir: Modern tedavi odalar\u0131 \u00c7ok s\u0131k\u0131 hijyen standartlar\u0131. Detaylar\u0131 burada bulabilirsiniz. Dostane atmosfer \u00c7ok deneyimli doktorlar Almanca konu\u015fan \u00e7al\u0131\u015fanlar Almanya, \u0130svi\u00e7re veya Avusturya&#8217;ya g\u00f6re ayn\u0131 anda olmasa da daha iyi kalite Ve bunlar\u0131 uygun fiyatlarla. Modern di\u015f muayenehanesi, uzun y\u0131llara dayanan di\u015f hekimli\u011fi deneyimine sahip olan Dr. Med. Dent. Y\u0131lmaz ve Dr. Med. Dent. \u00dcnl\u00fc taraf\u0131ndan y\u00f6netilmektedir. \u0130kisi de di\u015f hekimli\u011fi fak\u00fcltesindeki diplomalar\u0131n\u0131 \u0130zmir&#8217;deki Ege \u00dcniversitesi&#8217;nde tamamlam\u0131\u015ft\u0131r. Di\u015f hekimleri, di\u015f hekimli\u011fi alan\u0131nda birer uzmand\u0131r. Di\u015f hekimli\u011fi teknolojisi s\u00fcrekli geli\u015fmektedir ve doktorlar\u0131m\u0131z her zaman en son yeniliklere ayak uydurur. Bu nedenle, \u00e7e\u015fitli ulusal ve uluslararas\u0131 kongrelerde \u2013 bazen de konu\u015fmac\u0131 olarak \u2013 yer almaktad\u0131rlar. Di\u015flerinizi Ku\u015fadas\u0131&#8217;nda tedavi ettirmek istiyorsan\u0131z, bu di\u015f muayenehanesi ger\u00e7ekten do\u011fru adres. Tedavinizi, \u00e7ok pop\u00fcler bir tatil beldesi olan Ku\u015fadas\u0131&#8217;nda bir tatil ile de birle\u015ftirebilirsiniz. Ku\u015fadas\u0131&#8217;ndaki Modern Di\u015f Klini\u011fi Ku\u015fadas\u0131&#8217;ndaki Modern Di\u015f Klini\u011fi Die erfahrene Zahn\u00e4rztin Frau Yilmaz<\/p>\n","protected":false},"author":4,"featured_media":0,"parent":5061,"menu_order":0,"comment_status":"closed","ping_status":"closed","template":"","meta":{"_joinchat":[],"footnotes":""},"class_list":["post-5108","page","type-page","status-publish","hentry"],"acf":[],"_links":{"self":[{"href":"https:\/\/medicaltravel.ch\/tr\/wp-json\/wp\/v2\/pages\/5108","targetHints":{"allow":["GET"]}}],"collection":[{"href":"https:\/\/medicaltravel.ch\/tr\/wp-json\/wp\/v2\/pages"}],"about":[{"href":"https:\/\/medicaltravel.ch\/tr\/wp-json\/wp\/v2\/types\/page"}],"author":[{"embeddable":true,"href":"https:\/\/medicaltravel.ch\/tr\/wp-json\/wp\/v2\/users\/4"}],"replies":[{"embeddable":true,"href":"https:\/\/medicaltravel.ch\/tr\/wp-json\/wp\/v2\/comments?post=5108"}],"version-history":[{"count":0,"href":"https:\/\/medicaltravel.ch\/tr\/wp-json\/wp\/v2\/pages\/5108\/revisions"}],"up":[{"embeddable":true,"href":"https:\/\/medicaltravel.ch\/tr\/wp-json\/wp\/v2\/pages\/5061"}],"wp:attachment":[{"href":"https:\/\/medicaltravel.ch\/tr\/wp-json\/wp\/v2\/media?parent=5108"}],"curies":[{"name":"wp","href":"https:\/\/api.w.org\/{rel}","templated":true}]}}