{"id":5116,"date":"2025-09-17T08:10:15","date_gmt":"2025-09-17T07:10:15","guid":{"rendered":"https:\/\/medicaltravel.ch\/dentalreisen\/dis-klinikleri\/manavgat-sidedeki-dis-klinigi\/"},"modified":"2026-01-03T21:29:18","modified_gmt":"2026-01-03T20:29:18","slug":"manavgat-sidedeki-dis-klinigi","status":"publish","type":"page","link":"https:\/\/medicaltravel.ch\/tr\/disci-gezileri\/dis-klinikleri\/manavgat-sidedeki-dis-klinigi\/","title":{"rendered":"Manavgat Side&#8217;deki Di\u015f Klini\u011fi"},"content":{"rendered":"\t\t<div data-elementor-type=\"wp-page\" data-elementor-id=\"5116\" class=\"elementor elementor-5116 elementor-54\" data-elementor-post-type=\"page\">\n\t\t\t\t<div class=\"elementor-element elementor-element-525fd1d7 e-flex e-con-boxed wpr-particle-no wpr-jarallax-no wpr-parallax-no wpr-sticky-section-no e-con e-parent\" data-id=\"525fd1d7\" data-element_type=\"container\" data-e-type=\"container\">\n\t\t\t\t\t<div class=\"e-con-inner\">\n\t\t<div class=\"elementor-element elementor-element-df01b07 e-con-full e-flex wpr-particle-no wpr-jarallax-no wpr-parallax-no wpr-sticky-section-no e-con e-child\" data-id=\"df01b07\" data-element_type=\"container\" data-e-type=\"container\">\n\t\t\t\t<div class=\"elementor-element elementor-element-9e1d568 elementor-widget elementor-widget-button\" data-id=\"9e1d568\" data-element_type=\"widget\" data-e-type=\"widget\" data-widget_type=\"button.default\">\n\t\t\t\t\t\t\t\t\t\t<a class=\"elementor-button elementor-button-link elementor-size-sm\" href=\"https:\/\/medicaltravel.ch\/tr\/dentalreisen\/dis-klinikleri\/istanbuldaki-swiss-dis-klinigi\/\">\n\t\t\t\t\t\t<span class=\"elementor-button-content-wrapper\">\n\t\t\t\t\t\t\t\t\t<span class=\"elementor-button-text\">Swiss Istanbul<\/span>\n\t\t\t\t\t<\/span>\n\t\t\t\t\t<\/a>\n\t\t\t\t\t\t\t\t<\/div>\n\t\t\t\t<div class=\"elementor-element elementor-element-92f3c1a elementor-widget elementor-widget-button\" data-id=\"92f3c1a\" data-element_type=\"widget\" data-e-type=\"widget\" data-widget_type=\"button.default\">\n\t\t\t\t\t\t\t\t\t\t<a class=\"elementor-button elementor-button-link elementor-size-sm\" href=\"https:\/\/medicaltravel.ch\/tr\/dentalreisen\/dis-klinikleri\/hospitadent-dis-klinigi-istanbul\/\">\n\t\t\t\t\t\t<span class=\"elementor-button-content-wrapper\">\n\t\t\t\t\t\t\t\t\t<span class=\"elementor-button-text\">Hospitadent Istanbul<\/span>\n\t\t\t\t\t<\/span>\n\t\t\t\t\t<\/a>\n\t\t\t\t\t\t\t\t<\/div>\n\t\t\t\t<div class=\"elementor-element elementor-element-c598c19 elementor-widget elementor-widget-button\" data-id=\"c598c19\" data-element_type=\"widget\" data-e-type=\"widget\" data-widget_type=\"button.default\">\n\t\t\t\t\t\t\t\t\t\t<a class=\"elementor-button elementor-button-link elementor-size-sm\" href=\"https:\/\/medicaltravel.ch\/tr\/dentalreisen\/dis-klinikleri\/acibadem-dis-klinigi-istanbul\/\">\n\t\t\t\t\t\t<span class=\"elementor-button-content-wrapper\">\n\t\t\t\t\t\t\t\t\t<span class=\"elementor-button-text\">Acibadem Istanbul<\/span>\n\t\t\t\t\t<\/span>\n\t\t\t\t\t<\/a>\n\t\t\t\t\t\t\t\t<\/div>\n\t\t\t\t<div class=\"elementor-element elementor-element-21cd08e elementor-widget elementor-widget-button\" data-id=\"21cd08e\" data-element_type=\"widget\" data-e-type=\"widget\" data-widget_type=\"button.default\">\n\t\t\t\t\t\t\t\t\t\t<a class=\"elementor-button elementor-button-link elementor-size-sm\" href=\"https:\/\/medicaltravel.ch\/tr\/dentalreisen\/dis-klinikleri\/antalyada-dis-klinigi\/\">\n\t\t\t\t\t\t<span class=\"elementor-button-content-wrapper\">\n\t\t\t\t\t\t\t\t\t<span class=\"elementor-button-text\">Antalya<\/span>\n\t\t\t\t\t<\/span>\n\t\t\t\t\t<\/a>\n\t\t\t\t\t\t\t\t<\/div>\n\t\t\t\t<div class=\"elementor-element elementor-element-bde1feb elementor-widget elementor-widget-button\" data-id=\"bde1feb\" data-element_type=\"widget\" data-e-type=\"widget\" data-widget_type=\"button.default\">\n\t\t\t\t\t\t\t\t\t\t<a class=\"elementor-button elementor-button-link elementor-size-sm\" href=\"https:\/\/medicaltravel.ch\/tr\/dentalreisen\/dis-klinikleri\/manavgat-sidedeki-dis-klinigi\/\">\n\t\t\t\t\t\t<span class=\"elementor-button-content-wrapper\">\n\t\t\t\t\t\t\t\t\t<span class=\"elementor-button-text\">Side<\/span>\n\t\t\t\t\t<\/span>\n\t\t\t\t\t<\/a>\n\t\t\t\t\t\t\t\t<\/div>\n\t\t\t\t<div class=\"elementor-element elementor-element-fdffb8c elementor-widget elementor-widget-button\" data-id=\"fdffb8c\" data-element_type=\"widget\" data-e-type=\"widget\" data-widget_type=\"button.default\">\n\t\t\t\t\t\t\t\t\t\t<a class=\"elementor-button elementor-button-link elementor-size-sm\" href=\"https:\/\/medicaltravel.ch\/tr\/dentalreisen\/hizmet-yelpazesi\/dis-teli-ortodonti-tedavisi-tuerkiye-istanbul-zuerih\/\">\n\t\t\t\t\t\t<span class=\"elementor-button-content-wrapper\">\n\t\t\t\t\t\t\t\t\t<span class=\"elementor-button-text\">Izmir<\/span>\n\t\t\t\t\t<\/span>\n\t\t\t\t\t<\/a>\n\t\t\t\t\t\t\t\t<\/div>\n\t\t\t\t<div class=\"elementor-element elementor-element-594d843 elementor-widget elementor-widget-button\" data-id=\"594d843\" data-element_type=\"widget\" data-e-type=\"widget\" data-widget_type=\"button.default\">\n\t\t\t\t\t\t\t\t\t\t<a class=\"elementor-button elementor-button-link elementor-size-sm\" href=\"https:\/\/medicaltravel.ch\/zahnimplantate\/zahnkliniken\/kayseri\/\">\n\t\t\t\t\t\t<span class=\"elementor-button-content-wrapper\">\n\t\t\t\t\t\t\t\t\t<span class=\"elementor-button-text\">Kayseri<\/span>\n\t\t\t\t\t<\/span>\n\t\t\t\t\t<\/a>\n\t\t\t\t\t\t\t\t<\/div>\n\t\t\t\t<div class=\"elementor-element elementor-element-1f54137 elementor-widget elementor-widget-button\" data-id=\"1f54137\" data-element_type=\"widget\" data-e-type=\"widget\" data-widget_type=\"button.default\">\n\t\t\t\t\t\t\t\t\t\t<a class=\"elementor-button elementor-button-link elementor-size-sm\" href=\"https:\/\/medicaltravel.ch\/tr\/dentalreisen\/dis-klinikleri\/kusadasindaki-dis-klinigi\/\">\n\t\t\t\t\t\t<span class=\"elementor-button-content-wrapper\">\n\t\t\t\t\t\t\t\t\t<span class=\"elementor-button-text\">Kusadasi<\/span>\n\t\t\t\t\t<\/span>\n\t\t\t\t\t<\/a>\n\t\t\t\t\t\t\t\t<\/div>\n\t\t\t\t<div class=\"elementor-element elementor-element-4712ba0 elementor-widget elementor-widget-button\" data-id=\"4712ba0\" data-element_type=\"widget\" data-e-type=\"widget\" data-widget_type=\"button.default\">\n\t\t\t\t\t\t\t\t\t\t<a class=\"elementor-button elementor-button-link elementor-size-sm\" href=\"https:\/\/medicaltravel.ch\/zahnimplantate\/zahnkliniken\/alanya\/\">\n\t\t\t\t\t\t<span class=\"elementor-button-content-wrapper\">\n\t\t\t\t\t\t\t\t\t<span class=\"elementor-button-text\">Alanya<\/span>\n\t\t\t\t\t<\/span>\n\t\t\t\t\t<\/a>\n\t\t\t\t\t\t\t\t<\/div>\n\t\t\t\t<div class=\"elementor-element elementor-element-72b9705 elementor-widget elementor-widget-button\" data-id=\"72b9705\" data-element_type=\"widget\" data-e-type=\"widget\" data-widget_type=\"button.default\">\n\t\t\t\t\t\t\t\t\t\t<a class=\"elementor-button elementor-button-link elementor-size-sm\" href=\"https:\/\/medicaltravel.ch\/tr\/dentalreisen\/dis-klinikleri\/bodrum-dis-klinigi-dis-tedavisi-dis-klinigi-dis-implantlari\/\">\n\t\t\t\t\t\t<span class=\"elementor-button-content-wrapper\">\n\t\t\t\t\t\t\t\t\t<span class=\"elementor-button-text\">Bodrum<\/span>\n\t\t\t\t\t<\/span>\n\t\t\t\t\t<\/a>\n\t\t\t\t\t\t\t\t<\/div>\n\t\t\t\t<\/div>\n\t\t\t\t<div class=\"elementor-element elementor-element-6e9f77e4 elementor-widget elementor-widget-text-editor\" data-id=\"6e9f77e4\" data-element_type=\"widget\" data-e-type=\"widget\" data-widget_type=\"text-editor.default\">\n\t\t\t\t\t\t\t\t\t\n<h2 class=\"wp-block-heading\">SIDE&#8217;DEK\u0130 D\u0130\u015e KL\u0130N\u0130\u011e\u0130<\/h2>\n\n<h2 class=\"wp-block-heading\">MANAVGAT-SIDE&#8217;DEK\u0130 D\u0130\u015e HEK\u0130M\u0130<\/h2>\n\n<figure class=\"wp-block-image size-full\"><img fetchpriority=\"high\" decoding=\"async\" width=\"1000\" height=\"650\" class=\"wp-image-352\" src=\"https:\/\/medicaltravel.ch\/wp-content\/uploads\/2025\/09\/DIE-BESTE-ZAHNKLINIK-IN-MANAVGAT-SIDE.jpg\" alt=\"\" srcset=\"https:\/\/medicaltravel.ch\/wp-content\/uploads\/2025\/09\/DIE-BESTE-ZAHNKLINIK-IN-MANAVGAT-SIDE.jpg 1000w, https:\/\/medicaltravel.ch\/wp-content\/uploads\/2025\/09\/DIE-BESTE-ZAHNKLINIK-IN-MANAVGAT-SIDE-300x195.jpg 300w, https:\/\/medicaltravel.ch\/wp-content\/uploads\/2025\/09\/DIE-BESTE-ZAHNKLINIK-IN-MANAVGAT-SIDE-768x499.jpg 768w\" sizes=\"(max-width: 1000px) 100vw, 1000px\" \/><\/figure>\n\n<p id=\"caption-attachment-5390\">MANAVGAT-SIDE&#8217;DEK\u0130 EN \u0130Y\u0130 D\u0130\u015e KL\u0130N\u0130\u011e\u0130<\/p>\n\n<p>Veske Di\u015f Klini\u011fi&#8217;ne Ho\u015f Geldiniz!<\/p>\n\n<p>G\u00fcl\u00fc\u015f\u00fcn\u00fcz\u00fcn ne kadar sempatik olabilece\u011fini ke\u015ffedin. Veske Di\u015f Klini\u011fi&#8217;nde Antalya&#8217;da profesyonel bir di\u015f tedavisi ile bu m\u00fcmk\u00fcn. M\u00fckemmel g\u00fcl\u00fc\u015f hayalinizi ger\u00e7ekle\u015ftirirken, Antalya&#8217;daki \u00f6zel klinikten ald\u0131\u011f\u0131n\u0131z hizmetleri \u0130svi\u00e7re, Almanya veya Avusturya\u2019daki fiyatlardan %70 daha uygun fiyatlarla alabilirsiniz. \u00dcstelik bu, en az ayn\u0131 kalitede hizmet!   <\/p>\n\n<p>Klinik, Manavgat merkezinde (Side&#8217;a yak\u0131n) yer almakta olup, bu sayede her yerden kolayca ula\u015f\u0131labilir. Antalya&#8217;daki tedavinizi tatil ile de birle\u015ftirebilirsiniz. <\/p>\n\n<p>Di\u015f Hekimi Dr. Serdal Veske, A\u011f\u0131z Cerrahisi ve \u0130mplantoloji uzman\u0131, 2011 y\u0131l\u0131nda Manavgat\/Antalya\/T\u00fcrkiye&#8217;de e\u015fi Dr. P\u0131nar \u015eahin Veske, \u00c7ene Cerrahisi Uzman\u0131 ile birlikte Veske Di\u015f Klini\u011fi&#8217;ni kurmu\u015ftur.<\/p>\n\n<p>\u0130kisi de klini\u011fi y\u00f6netmektedir ve klinik, bedensel engelli hastalar i\u00e7in de uygun \u015fekilde donat\u0131lm\u0131\u015ft\u0131r.<\/p>\n\n<p>En son teknoloji ile donat\u0131lm\u0131\u015f tedavi odalar\u0131yla klinik, hastalar\u0131m\u0131za di\u015f hekimli\u011finin g\u00fcncel bilgilerine dayal\u0131 en iyi tedavi se\u00e7eneklerini sunmaktad\u0131r.<\/p>\n\n<p>Her t\u00fcrl\u00fc di\u015f tedavisi A&#8217;dan Z&#8217;ye sunulmaktad\u0131r; bunlar aras\u0131nda di\u015f implantlar\u0131, di\u015f kronlar\u0131\/di\u015f k\u00f6pr\u00fcleri, inley\/onley, k\u00f6k kanal tedavisi, veneerler ve di\u015f beyazlatma (bleaching) yer almaktad\u0131r.<\/p>\n\n<p>Klinikte T\u00fcrk\u00e7e, Almanca, \u0130ngilizce, Arap\u00e7a ve Rus\u00e7a konu\u015fulmaktad\u0131r. Kendinizi l\u00fctfen evinizde gibi hissedin! <\/p>\n\n<p>T\u00fcm hastalar\u0131m\u0131z\u0131n sa\u011fl\u0131kl\u0131 di\u015flerle ve parlak g\u00fcl\u00fc\u015flerle klinikten memnun bir \u015fekilde ayr\u0131lmalar\u0131n\u0131 diliyoruz.<\/p>\n\n<p>Bize \u015fimdi<a href=\"mailto:info@medicaltravel.net\"> e-posta,<\/a> <a href=\"https:\/\/web.whatsapp.com\/send?phone=41%2078%20737%2035%2041&amp;text=&amp;source=&amp;data=\" target=\"_blank\" rel=\"noreferrer noopener nofollow\">WhatsApp <\/a>\u00fczerinden veya telefonla 078 7373541 numaras\u0131ndan ula\u015fabilirsiniz. Sizi bekliyoruz. <\/p>\n\n<figure class=\"wp-block-image size-full\"><img decoding=\"async\" width=\"300\" height=\"300\" class=\"wp-image-353\" src=\"https:\/\/medicaltravel.ch\/wp-content\/uploads\/2025\/09\/Dis-Doktorumuz-Pinar-Veske.jpg\" alt=\"\" srcset=\"https:\/\/medicaltravel.ch\/wp-content\/uploads\/2025\/09\/Dis-Doktorumuz-Pinar-Veske.jpg 300w, https:\/\/medicaltravel.ch\/wp-content\/uploads\/2025\/09\/Dis-Doktorumuz-Pinar-Veske-150x150.jpg 150w\" sizes=\"(max-width: 300px) 100vw, 300px\" \/><\/figure>\n\n<figure class=\"wp-block-image size-full\"><img decoding=\"async\" width=\"300\" height=\"200\" class=\"wp-image-354\" src=\"https:\/\/medicaltravel.ch\/wp-content\/uploads\/2025\/09\/Die-Klinik-Veske-Manavgat-von-Draussen-300x200-1.jpg\" alt=\"\"><\/figure>\n\n<figure class=\"wp-block-image size-full\"><img loading=\"lazy\" decoding=\"async\" width=\"300\" height=\"200\" class=\"wp-image-355\" src=\"https:\/\/medicaltravel.ch\/wp-content\/uploads\/2025\/09\/Die-Zahnklinik-von-Ihnen-in-Side-300x200-1.jpg\" alt=\"\"><\/figure>\n\t\t\t\t\t\t\t\t<\/div>\n\t\t\t\t\t<\/div>\n\t\t\t\t<\/div>\n\t\t\t\t<\/div>\n\t\t","protected":false},"excerpt":{"rendered":"<p>Swiss Istanbul Hospitadent Istanbul Acibadem Istanbul Antalya Side Izmir Kayseri Kusadasi Alanya Bodrum SIDE&#8217;DEK\u0130 D\u0130\u015e KL\u0130N\u0130\u011e\u0130 MANAVGAT-SIDE&#8217;DEK\u0130 D\u0130\u015e HEK\u0130M\u0130 MANAVGAT-SIDE&#8217;DEK\u0130 EN \u0130Y\u0130 D\u0130\u015e KL\u0130N\u0130\u011e\u0130 Veske Di\u015f Klini\u011fi&#8217;ne Ho\u015f Geldiniz! G\u00fcl\u00fc\u015f\u00fcn\u00fcz\u00fcn ne kadar sempatik olabilece\u011fini ke\u015ffedin. Veske Di\u015f Klini\u011fi&#8217;nde Antalya&#8217;da profesyonel bir di\u015f tedavisi ile bu m\u00fcmk\u00fcn. M\u00fckemmel g\u00fcl\u00fc\u015f hayalinizi ger\u00e7ekle\u015ftirirken, Antalya&#8217;daki \u00f6zel klinikten ald\u0131\u011f\u0131n\u0131z hizmetleri \u0130svi\u00e7re, Almanya veya Avusturya\u2019daki fiyatlardan %70 daha uygun fiyatlarla alabilirsiniz. \u00dcstelik bu, en az ayn\u0131 kalitede hizmet! Klinik, Manavgat merkezinde (Side&#8217;a yak\u0131n) yer almakta olup, bu sayede her yerden kolayca ula\u015f\u0131labilir. Antalya&#8217;daki tedavinizi tatil ile de birle\u015ftirebilirsiniz. Di\u015f Hekimi Dr. Serdal Veske, A\u011f\u0131z Cerrahisi ve \u0130mplantoloji uzman\u0131, 2011 y\u0131l\u0131nda Manavgat\/Antalya\/T\u00fcrkiye&#8217;de e\u015fi Dr. P\u0131nar \u015eahin Veske, \u00c7ene Cerrahisi Uzman\u0131 ile birlikte Veske Di\u015f Klini\u011fi&#8217;ni kurmu\u015ftur. \u0130kisi de klini\u011fi y\u00f6netmektedir ve klinik, bedensel engelli hastalar i\u00e7in de uygun \u015fekilde donat\u0131lm\u0131\u015ft\u0131r. En son teknoloji ile donat\u0131lm\u0131\u015f tedavi odalar\u0131yla klinik, hastalar\u0131m\u0131za di\u015f hekimli\u011finin g\u00fcncel bilgilerine dayal\u0131 en iyi tedavi se\u00e7eneklerini sunmaktad\u0131r. Her t\u00fcrl\u00fc di\u015f tedavisi A&#8217;dan Z&#8217;ye sunulmaktad\u0131r; bunlar aras\u0131nda di\u015f implantlar\u0131, di\u015f kronlar\u0131\/di\u015f k\u00f6pr\u00fcleri, inley\/onley, k\u00f6k kanal tedavisi, veneerler ve di\u015f beyazlatma (bleaching) yer almaktad\u0131r. Klinikte T\u00fcrk\u00e7e, Almanca, \u0130ngilizce, Arap\u00e7a ve Rus\u00e7a konu\u015fulmaktad\u0131r. Kendinizi l\u00fctfen evinizde gibi hissedin! T\u00fcm hastalar\u0131m\u0131z\u0131n sa\u011fl\u0131kl\u0131 di\u015flerle ve parlak g\u00fcl\u00fc\u015flerle klinikten memnun bir \u015fekilde ayr\u0131lmalar\u0131n\u0131 diliyoruz. Bize \u015fimdi e-posta, WhatsApp \u00fczerinden veya telefonla 078 7373541 numaras\u0131ndan ula\u015fabilirsiniz. Sizi bekliyoruz.<\/p>\n","protected":false},"author":4,"featured_media":0,"parent":5061,"menu_order":0,"comment_status":"closed","ping_status":"closed","template":"","meta":{"_joinchat":[],"footnotes":""},"class_list":["post-5116","page","type-page","status-publish","hentry"],"acf":[],"_links":{"self":[{"href":"https:\/\/medicaltravel.ch\/tr\/wp-json\/wp\/v2\/pages\/5116","targetHints":{"allow":["GET"]}}],"collection":[{"href":"https:\/\/medicaltravel.ch\/tr\/wp-json\/wp\/v2\/pages"}],"about":[{"href":"https:\/\/medicaltravel.ch\/tr\/wp-json\/wp\/v2\/types\/page"}],"author":[{"embeddable":true,"href":"https:\/\/medicaltravel.ch\/tr\/wp-json\/wp\/v2\/users\/4"}],"replies":[{"embeddable":true,"href":"https:\/\/medicaltravel.ch\/tr\/wp-json\/wp\/v2\/comments?post=5116"}],"version-history":[{"count":3,"href":"https:\/\/medicaltravel.ch\/tr\/wp-json\/wp\/v2\/pages\/5116\/revisions"}],"predecessor-version":[{"id":5119,"href":"https:\/\/medicaltravel.ch\/tr\/wp-json\/wp\/v2\/pages\/5116\/revisions\/5119"}],"up":[{"embeddable":true,"href":"https:\/\/medicaltravel.ch\/tr\/wp-json\/wp\/v2\/pages\/5061"}],"wp:attachment":[{"href":"https:\/\/medicaltravel.ch\/tr\/wp-json\/wp\/v2\/media?parent=5116"}],"curies":[{"name":"wp","href":"https:\/\/api.w.org\/{rel}","templated":true}]}}