{"id":5123,"date":"2025-09-17T08:15:00","date_gmt":"2025-09-17T07:15:00","guid":{"rendered":"https:\/\/medicaltravel.ch\/dentalreisen\/dis-klinikleri\/kayseri-kapadokya-hospitadent-dis-klinigi\/"},"modified":"2026-01-03T21:37:36","modified_gmt":"2026-01-03T20:37:36","slug":"kayseri-kapadokya-hospitadent-dis-klinigi","status":"publish","type":"page","link":"https:\/\/medicaltravel.ch\/tr\/disci-gezileri\/dis-klinikleri\/kayseri-kapadokya-hospitadent-dis-klinigi\/","title":{"rendered":"Kayseri Kapadokya Hospitadent Di\u015f Klini\u011fi"},"content":{"rendered":"\t\t<div data-elementor-type=\"wp-page\" data-elementor-id=\"5123\" class=\"elementor elementor-5123 elementor-58\" data-elementor-post-type=\"page\">\n\t\t\t\t<div class=\"elementor-element elementor-element-783ce190 e-flex e-con-boxed wpr-particle-no wpr-jarallax-no wpr-parallax-no wpr-sticky-section-no wpr-equal-height-no e-con e-parent\" data-id=\"783ce190\" data-element_type=\"container\" data-e-type=\"container\">\n\t\t\t\t\t<div class=\"e-con-inner\">\n\t\t<div class=\"elementor-element elementor-element-3c8d7d0 e-con-full e-flex wpr-particle-no wpr-jarallax-no wpr-parallax-no wpr-sticky-section-no wpr-equal-height-no e-con e-child\" data-id=\"3c8d7d0\" data-element_type=\"container\" data-e-type=\"container\">\n\t\t\t\t<div class=\"elementor-element elementor-element-b7b29ce elementor-widget elementor-widget-button\" data-id=\"b7b29ce\" data-element_type=\"widget\" data-e-type=\"widget\" data-widget_type=\"button.default\">\n\t\t\t\t\t\t\t\t\t\t<a class=\"elementor-button elementor-button-link elementor-size-sm\" href=\"https:\/\/medicaltravel.ch\/tr\/dentalreisen\/dis-klinikleri\/istanbuldaki-swiss-dis-klinigi\/\">\n\t\t\t\t\t\t<span class=\"elementor-button-content-wrapper\">\n\t\t\t\t\t\t\t\t\t<span class=\"elementor-button-text\">Swiss Istanbul<\/span>\n\t\t\t\t\t<\/span>\n\t\t\t\t\t<\/a>\n\t\t\t\t\t\t\t\t<\/div>\n\t\t\t\t<div class=\"elementor-element elementor-element-fca57ce elementor-widget elementor-widget-button\" data-id=\"fca57ce\" data-element_type=\"widget\" data-e-type=\"widget\" data-widget_type=\"button.default\">\n\t\t\t\t\t\t\t\t\t\t<a class=\"elementor-button elementor-button-link elementor-size-sm\" href=\"https:\/\/medicaltravel.ch\/tr\/dentalreisen\/dis-klinikleri\/hospitadent-dis-klinigi-istanbul\/\">\n\t\t\t\t\t\t<span class=\"elementor-button-content-wrapper\">\n\t\t\t\t\t\t\t\t\t<span class=\"elementor-button-text\">Hospitadent Istanbul<\/span>\n\t\t\t\t\t<\/span>\n\t\t\t\t\t<\/a>\n\t\t\t\t\t\t\t\t<\/div>\n\t\t\t\t<div class=\"elementor-element elementor-element-7268a47 elementor-widget elementor-widget-button\" data-id=\"7268a47\" data-element_type=\"widget\" data-e-type=\"widget\" data-widget_type=\"button.default\">\n\t\t\t\t\t\t\t\t\t\t<a class=\"elementor-button elementor-button-link elementor-size-sm\" href=\"https:\/\/medicaltravel.ch\/tr\/dentalreisen\/dis-klinikleri\/acibadem-dis-klinigi-istanbul\/\">\n\t\t\t\t\t\t<span class=\"elementor-button-content-wrapper\">\n\t\t\t\t\t\t\t\t\t<span class=\"elementor-button-text\">Acibadem Istanbul<\/span>\n\t\t\t\t\t<\/span>\n\t\t\t\t\t<\/a>\n\t\t\t\t\t\t\t\t<\/div>\n\t\t\t\t<div class=\"elementor-element elementor-element-74574bf elementor-widget elementor-widget-button\" data-id=\"74574bf\" data-element_type=\"widget\" data-e-type=\"widget\" data-widget_type=\"button.default\">\n\t\t\t\t\t\t\t\t\t\t<a class=\"elementor-button elementor-button-link elementor-size-sm\" href=\"https:\/\/medicaltravel.ch\/tr\/dentalreisen\/dis-klinikleri\/antalyada-dis-klinigi\/\">\n\t\t\t\t\t\t<span class=\"elementor-button-content-wrapper\">\n\t\t\t\t\t\t\t\t\t<span class=\"elementor-button-text\">Antalya<\/span>\n\t\t\t\t\t<\/span>\n\t\t\t\t\t<\/a>\n\t\t\t\t\t\t\t\t<\/div>\n\t\t\t\t<div class=\"elementor-element elementor-element-b76a116 elementor-widget elementor-widget-button\" data-id=\"b76a116\" data-element_type=\"widget\" data-e-type=\"widget\" data-widget_type=\"button.default\">\n\t\t\t\t\t\t\t\t\t\t<a class=\"elementor-button elementor-button-link elementor-size-sm\" href=\"https:\/\/medicaltravel.ch\/tr\/dentalreisen\/dis-klinikleri\/manavgat-sidedeki-dis-klinigi\/\">\n\t\t\t\t\t\t<span class=\"elementor-button-content-wrapper\">\n\t\t\t\t\t\t\t\t\t<span class=\"elementor-button-text\">Side<\/span>\n\t\t\t\t\t<\/span>\n\t\t\t\t\t<\/a>\n\t\t\t\t\t\t\t\t<\/div>\n\t\t\t\t<div class=\"elementor-element elementor-element-26c799c elementor-widget elementor-widget-button\" data-id=\"26c799c\" data-element_type=\"widget\" data-e-type=\"widget\" data-widget_type=\"button.default\">\n\t\t\t\t\t\t\t\t\t\t<a class=\"elementor-button elementor-button-link elementor-size-sm\" href=\"https:\/\/medicaltravel.ch\/tr\/dentalreisen\/hizmet-yelpazesi\/dis-teli-ortodonti-tedavisi-tuerkiye-istanbul-zuerih\/\">\n\t\t\t\t\t\t<span class=\"elementor-button-content-wrapper\">\n\t\t\t\t\t\t\t\t\t<span class=\"elementor-button-text\">Izmir<\/span>\n\t\t\t\t\t<\/span>\n\t\t\t\t\t<\/a>\n\t\t\t\t\t\t\t\t<\/div>\n\t\t\t\t<div class=\"elementor-element elementor-element-73aef1c elementor-widget elementor-widget-button\" data-id=\"73aef1c\" data-element_type=\"widget\" data-e-type=\"widget\" data-widget_type=\"button.default\">\n\t\t\t\t\t\t\t\t\t\t<a class=\"elementor-button elementor-button-link elementor-size-sm\" href=\"https:\/\/medicaltravel.ch\/tr\/dentalreisen\/dis-klinikleri\/kayseri-kapadokya-hospitadent-dis-klinigi\/\">\n\t\t\t\t\t\t<span class=\"elementor-button-content-wrapper\">\n\t\t\t\t\t\t\t\t\t<span class=\"elementor-button-text\">Kayseri<\/span>\n\t\t\t\t\t<\/span>\n\t\t\t\t\t<\/a>\n\t\t\t\t\t\t\t\t<\/div>\n\t\t\t\t<div class=\"elementor-element elementor-element-435e662 elementor-widget elementor-widget-button\" data-id=\"435e662\" data-element_type=\"widget\" data-e-type=\"widget\" data-widget_type=\"button.default\">\n\t\t\t\t\t\t\t\t\t\t<a class=\"elementor-button elementor-button-link elementor-size-sm\" href=\"https:\/\/medicaltravel.ch\/tr\/dentalreisen\/dis-klinikleri\/kusadasindaki-dis-klinigi\/\">\n\t\t\t\t\t\t<span class=\"elementor-button-content-wrapper\">\n\t\t\t\t\t\t\t\t\t<span class=\"elementor-button-text\">Kusadasi<\/span>\n\t\t\t\t\t<\/span>\n\t\t\t\t\t<\/a>\n\t\t\t\t\t\t\t\t<\/div>\n\t\t\t\t<div class=\"elementor-element elementor-element-11ab764 elementor-widget elementor-widget-button\" data-id=\"11ab764\" data-element_type=\"widget\" data-e-type=\"widget\" data-widget_type=\"button.default\">\n\t\t\t\t\t\t\t\t\t\t<a class=\"elementor-button elementor-button-link elementor-size-sm\" href=\"https:\/\/medicaltravel.ch\/zahnimplantate\/zahnkliniken\/alanya\/\">\n\t\t\t\t\t\t<span class=\"elementor-button-content-wrapper\">\n\t\t\t\t\t\t\t\t\t<span class=\"elementor-button-text\">Alanya<\/span>\n\t\t\t\t\t<\/span>\n\t\t\t\t\t<\/a>\n\t\t\t\t\t\t\t\t<\/div>\n\t\t\t\t<div class=\"elementor-element elementor-element-1ff84e9 elementor-widget elementor-widget-button\" data-id=\"1ff84e9\" data-element_type=\"widget\" data-e-type=\"widget\" data-widget_type=\"button.default\">\n\t\t\t\t\t\t\t\t\t\t<a class=\"elementor-button elementor-button-link elementor-size-sm\" href=\"https:\/\/medicaltravel.ch\/tr\/dentalreisen\/dis-klinikleri\/bodrum-dis-klinigi-dis-tedavisi-dis-klinigi-dis-implantlari\/\">\n\t\t\t\t\t\t<span class=\"elementor-button-content-wrapper\">\n\t\t\t\t\t\t\t\t\t<span class=\"elementor-button-text\">Bodrum<\/span>\n\t\t\t\t\t<\/span>\n\t\t\t\t\t<\/a>\n\t\t\t\t\t\t\t\t<\/div>\n\t\t\t\t<\/div>\n\t\t\t\t<div class=\"elementor-element elementor-element-2f9534e7 elementor-widget elementor-widget-text-editor\" data-id=\"2f9534e7\" data-element_type=\"widget\" data-e-type=\"widget\" data-widget_type=\"text-editor.default\">\n\t\t\t\t\t\t\t\t\t\n<h2 class=\"wp-block-heading\">KAYSER\u0130&#8217;DEK\u0130 D\u0130\u015e KL\u0130N\u0130\u011e\u0130<\/h2>\n\n<h2 class=\"wp-block-heading\">KAYSER\u0130 KAPADOKYA&#8217;DAK\u0130 D\u0130\u015e KL\u0130N\u0130\u011e\u0130<\/h2>\n\n<p><strong>KAYSER\u0130&#8217;DEK\u0130 D\u0130\u015e KL\u0130N\u0130\u011e\u0130<\/strong><\/p>\n\n<h2 class=\"wp-block-heading\"><strong>Hospitadent Kayseri<\/strong><\/h2>\n\n<figure class=\"wp-block-image size-full\"><img fetchpriority=\"high\" decoding=\"async\" width=\"768\" height=\"512\" class=\"wp-image-362\" src=\"https:\/\/medicaltravel.ch\/wp-content\/uploads\/2025\/09\/Kayseri2_klein-768x512-1.jpg\" alt=\"\" srcset=\"https:\/\/medicaltravel.ch\/wp-content\/uploads\/2025\/09\/Kayseri2_klein-768x512-1.jpg 768w, https:\/\/medicaltravel.ch\/wp-content\/uploads\/2025\/09\/Kayseri2_klein-768x512-1-300x200.jpg 300w\" sizes=\"(max-width: 768px) 100vw, 768px\" \/><\/figure>\n\n<p id=\"caption-attachment-10085\">Kayseri Di\u015f Klini\u011fi<\/p>\n\n<p>Kayseri&#8217;deki Hospitadent Di\u015f Klini\u011fi (Kapadokya&#8217;ya yak\u0131n), en son teknoloji ve cihazlarla donat\u0131lm\u0131\u015ft\u0131r. Klini\u011fin geni\u015f hizmet yelpazesi, hastalara farkl\u0131 tedavi se\u00e7enekleri sunmay\u0131 m\u00fcmk\u00fcn k\u0131lar. Di\u015f kronu, di\u015f implantlar\u0131 ve di\u015f protezleri konusundaki deneyimleriyle, klinik, y\u00fcksek talepler ve kaliteli hizmetler sunmak i\u00e7in hizmetinizdedir.  <\/p>\n\n<p>Kayseri&#8217;deki di\u015f klini\u011fi, di\u015f hekimli\u011fi alan\u0131ndaki t\u00fcm uzmanl\u0131k alanlar\u0131nda e\u011fitimli, son derece yetkin di\u015f hekimlerine sahiptir. Ayr\u0131ca, bilimsel ve teknolojik geli\u015fmeleri s\u00fcrekli olarak takip etmekte ve iyile\u015ftirmektedirler.<\/p>\n\n<p>Klinik, Kayseri \u015fehir merkezinde yer almakta olup, do\u011fa harikas\u0131 Kapadokya b\u00f6lgesine olduk\u00e7a yak\u0131nd\u0131r ve bu nedenle her yerden kolayca ula\u015f\u0131labilir.<\/p>\n\n<figure class=\"wp-block-image size-full\"><img decoding=\"async\" width=\"768\" height=\"512\" class=\"wp-image-363\" src=\"https:\/\/medicaltravel.ch\/wp-content\/uploads\/2025\/09\/kappadokien-768x512-1.jpg\" alt=\"\" srcset=\"https:\/\/medicaltravel.ch\/wp-content\/uploads\/2025\/09\/kappadokien-768x512-1.jpg 768w, https:\/\/medicaltravel.ch\/wp-content\/uploads\/2025\/09\/kappadokien-768x512-1-300x200.jpg 300w\" sizes=\"(max-width: 768px) 100vw, 768px\" \/><\/figure>\n\n<p id=\"caption-attachment-9673\">Kapadokya&#8217;daki Di\u015f Klini\u011fi<\/p>\n\n<p>Hospitadent, hastalar\u0131 i\u00e7in \u00f6zel olarak olu\u015fturulmu\u015f bir uluslararas\u0131 hasta departman\u0131na sahiptir. Bu yeni departman sayesinde t\u00fcm hastalar, dil sorunu ya da ba\u015fka zorluklar ya\u015famadan istedikleri di\u015f tedavilerini alabilmektedir. Ayr\u0131ca dil hizmeti d\u00e2hil bu hizmetler, di\u011fer Avrupa \u00fclkelerine k\u0131yasla daha uygun fiyatlarla sunulmaktad\u0131r.   <\/p>\n\n<p>Uluslararas\u0131 hasta departman\u0131, hastalar i\u00e7in \u00f6zel bir veri ve ileti\u015fim sistemi kurmu\u015ftur. Bu sistem sayesinde hastalar, Hospitadent\u2019e gelmeden \u00f6nce yap\u0131labilecek muayeneler, tedaviler, tedavi s\u00fcresi ve daha bir\u00e7ok konu hakk\u0131nda bilgi alabilmektedir. <\/p>\n\n<p>Klinik, A\u2019dan Z\u2019ye her t\u00fcrl\u00fc di\u015f tedavisini en y\u00fcksek kalitede ve uygun fiyatlarla sunmaktad\u0131r<\/p>\n\n<figure class=\"wp-block-image size-full\"><img decoding=\"async\" width=\"248\" height=\"204\" class=\"wp-image-364\" src=\"https:\/\/medicaltravel.ch\/wp-content\/uploads\/2025\/09\/schone_zahne_frau_2-1.jpg\" alt=\"\"><\/figure>\n\n<p id=\"caption-attachment-7131\">Kayseri Di\u015f Klini\u011fi, sizi g\u00fcl\u00fcmsetir.<\/p>\n\n<p><strong>A\u011f\u0131z i\u00e7i foto\u011fraflar\u0131n\u0131z\u0131, varsa r\u00f6ntgen g\u00f6r\u00fcnt\u00fcleriyle birlikte <a href=\"mailto:info@medicaltravel.net\" target=\"_blank\" rel=\"noreferrer noopener\">e-posta<\/a> veya <a href=\"https:\/\/wa.me\/41787373541\" target=\"_blank\" rel=\"noreferrer noopener nofollow\">WhatsApp <\/a>\u00fczerinden bize g\u00f6nderebilirsiniz. <\/strong><\/p>\n\t\t\t\t\t\t\t\t<\/div>\n\t\t\t\t\t<\/div>\n\t\t\t\t<\/div>\n\t\t\t\t<\/div>\n\t\t","protected":false},"excerpt":{"rendered":"<p>Swiss Istanbul Hospitadent Istanbul Acibadem Istanbul Antalya Side Izmir Kayseri Kusadasi Alanya Bodrum KAYSER\u0130&#8217;DEK\u0130 D\u0130\u015e KL\u0130N\u0130\u011e\u0130 KAYSER\u0130 KAPADOKYA&#8217;DAK\u0130 D\u0130\u015e KL\u0130N\u0130\u011e\u0130 KAYSER\u0130&#8217;DEK\u0130 D\u0130\u015e KL\u0130N\u0130\u011e\u0130 Hospitadent Kayseri Kayseri Di\u015f Klini\u011fi Kayseri&#8217;deki Hospitadent Di\u015f Klini\u011fi (Kapadokya&#8217;ya yak\u0131n), en son teknoloji ve cihazlarla donat\u0131lm\u0131\u015ft\u0131r. Klini\u011fin geni\u015f hizmet yelpazesi, hastalara farkl\u0131 tedavi se\u00e7enekleri sunmay\u0131 m\u00fcmk\u00fcn k\u0131lar. Di\u015f kronu, di\u015f implantlar\u0131 ve di\u015f protezleri konusundaki deneyimleriyle, klinik, y\u00fcksek talepler ve kaliteli hizmetler sunmak i\u00e7in hizmetinizdedir. Kayseri&#8217;deki di\u015f klini\u011fi, di\u015f hekimli\u011fi alan\u0131ndaki t\u00fcm uzmanl\u0131k alanlar\u0131nda e\u011fitimli, son derece yetkin di\u015f hekimlerine sahiptir. Ayr\u0131ca, bilimsel ve teknolojik geli\u015fmeleri s\u00fcrekli olarak takip etmekte ve iyile\u015ftirmektedirler. Klinik, Kayseri \u015fehir merkezinde yer almakta olup, do\u011fa harikas\u0131 Kapadokya b\u00f6lgesine olduk\u00e7a yak\u0131nd\u0131r ve bu nedenle her yerden kolayca ula\u015f\u0131labilir. Kapadokya&#8217;daki Di\u015f Klini\u011fi Hospitadent, hastalar\u0131 i\u00e7in \u00f6zel olarak olu\u015fturulmu\u015f bir uluslararas\u0131 hasta departman\u0131na sahiptir. Bu yeni departman sayesinde t\u00fcm hastalar, dil sorunu ya da ba\u015fka zorluklar ya\u015famadan istedikleri di\u015f tedavilerini alabilmektedir. Ayr\u0131ca dil hizmeti d\u00e2hil bu hizmetler, di\u011fer Avrupa \u00fclkelerine k\u0131yasla daha uygun fiyatlarla sunulmaktad\u0131r. Uluslararas\u0131 hasta departman\u0131, hastalar i\u00e7in \u00f6zel bir veri ve ileti\u015fim sistemi kurmu\u015ftur. Bu sistem sayesinde hastalar, Hospitadent\u2019e gelmeden \u00f6nce yap\u0131labilecek muayeneler, tedaviler, tedavi s\u00fcresi ve daha bir\u00e7ok konu hakk\u0131nda bilgi alabilmektedir. Klinik, A\u2019dan Z\u2019ye her t\u00fcrl\u00fc di\u015f tedavisini en y\u00fcksek kalitede ve uygun fiyatlarla sunmaktad\u0131r Kayseri Di\u015f Klini\u011fi, sizi g\u00fcl\u00fcmsetir. A\u011f\u0131z i\u00e7i foto\u011fraflar\u0131n\u0131z\u0131, varsa r\u00f6ntgen g\u00f6r\u00fcnt\u00fcleriyle birlikte e-posta veya WhatsApp \u00fczerinden bize g\u00f6nderebilirsiniz.<\/p>\n","protected":false},"author":4,"featured_media":0,"parent":5061,"menu_order":0,"comment_status":"closed","ping_status":"closed","template":"","meta":{"_joinchat":[],"footnotes":""},"class_list":["post-5123","page","type-page","status-publish","hentry"],"acf":[],"_links":{"self":[{"href":"https:\/\/medicaltravel.ch\/tr\/wp-json\/wp\/v2\/pages\/5123","targetHints":{"allow":["GET"]}}],"collection":[{"href":"https:\/\/medicaltravel.ch\/tr\/wp-json\/wp\/v2\/pages"}],"about":[{"href":"https:\/\/medicaltravel.ch\/tr\/wp-json\/wp\/v2\/types\/page"}],"author":[{"embeddable":true,"href":"https:\/\/medicaltravel.ch\/tr\/wp-json\/wp\/v2\/users\/4"}],"replies":[{"embeddable":true,"href":"https:\/\/medicaltravel.ch\/tr\/wp-json\/wp\/v2\/comments?post=5123"}],"version-history":[{"count":0,"href":"https:\/\/medicaltravel.ch\/tr\/wp-json\/wp\/v2\/pages\/5123\/revisions"}],"up":[{"embeddable":true,"href":"https:\/\/medicaltravel.ch\/tr\/wp-json\/wp\/v2\/pages\/5061"}],"wp:attachment":[{"href":"https:\/\/medicaltravel.ch\/tr\/wp-json\/wp\/v2\/media?parent=5123"}],"curies":[{"name":"wp","href":"https:\/\/api.w.org\/{rel}","templated":true}]}}