{"id":5130,"date":"2025-09-17T08:19:17","date_gmt":"2025-09-17T07:19:17","guid":{"rendered":"https:\/\/medicaltravel.ch\/dentalreisen\/dis-klinikleri\/alanya-dis-klinigi-dis-tedavisi-dis-implantlari-ve-daha-fazlasi\/"},"modified":"2026-01-03T21:42:30","modified_gmt":"2026-01-03T20:42:30","slug":"alanya-dis-klinigi-dis-tedavisi-dis-implantlari-ve-daha-fazlasi","status":"publish","type":"page","link":"https:\/\/medicaltravel.ch\/tr\/disci-gezileri\/dis-klinikleri\/alanya-dis-klinigi-dis-tedavisi-dis-implantlari-ve-daha-fazlasi\/","title":{"rendered":"Alanya Di\u015f Klini\u011fi &#8211; Di\u015f Tedavisi, Di\u015f \u0130mplantlar\u0131 ve Daha Fazlas\u0131"},"content":{"rendered":"\t\t<div data-elementor-type=\"wp-page\" data-elementor-id=\"5130\" class=\"elementor elementor-5130 elementor-62\" data-elementor-post-type=\"page\">\n\t\t\t\t<div class=\"elementor-element elementor-element-165615ae e-flex e-con-boxed wpr-particle-no wpr-jarallax-no wpr-parallax-no wpr-sticky-section-no e-con e-parent\" data-id=\"165615ae\" data-element_type=\"container\" data-e-type=\"container\">\n\t\t\t\t\t<div class=\"e-con-inner\">\n\t\t<div class=\"elementor-element elementor-element-a5fec4c e-con-full e-flex wpr-particle-no wpr-jarallax-no wpr-parallax-no wpr-sticky-section-no e-con e-child\" data-id=\"a5fec4c\" data-element_type=\"container\" data-e-type=\"container\">\n\t\t\t\t<div class=\"elementor-element elementor-element-d056da6 elementor-widget elementor-widget-button\" data-id=\"d056da6\" data-element_type=\"widget\" data-e-type=\"widget\" data-widget_type=\"button.default\">\n\t\t\t\t\t\t\t\t\t\t<a class=\"elementor-button elementor-button-link elementor-size-sm\" href=\"https:\/\/medicaltravel.ch\/tr\/dentalreisen\/dis-klinikleri\/istanbuldaki-swiss-dis-klinigi\/\">\n\t\t\t\t\t\t<span class=\"elementor-button-content-wrapper\">\n\t\t\t\t\t\t\t\t\t<span class=\"elementor-button-text\">Swiss Istanbul<\/span>\n\t\t\t\t\t<\/span>\n\t\t\t\t\t<\/a>\n\t\t\t\t\t\t\t\t<\/div>\n\t\t\t\t<div class=\"elementor-element elementor-element-b839419 elementor-widget elementor-widget-button\" data-id=\"b839419\" data-element_type=\"widget\" data-e-type=\"widget\" data-widget_type=\"button.default\">\n\t\t\t\t\t\t\t\t\t\t<a class=\"elementor-button elementor-button-link elementor-size-sm\" href=\"https:\/\/medicaltravel.ch\/tr\/dentalreisen\/dis-klinikleri\/hospitadent-dis-klinigi-istanbul\/\">\n\t\t\t\t\t\t<span class=\"elementor-button-content-wrapper\">\n\t\t\t\t\t\t\t\t\t<span class=\"elementor-button-text\">Hospitadent Istanbul<\/span>\n\t\t\t\t\t<\/span>\n\t\t\t\t\t<\/a>\n\t\t\t\t\t\t\t\t<\/div>\n\t\t\t\t<div class=\"elementor-element elementor-element-2ee4768 elementor-widget elementor-widget-button\" data-id=\"2ee4768\" data-element_type=\"widget\" data-e-type=\"widget\" data-widget_type=\"button.default\">\n\t\t\t\t\t\t\t\t\t\t<a class=\"elementor-button elementor-button-link elementor-size-sm\" href=\"https:\/\/medicaltravel.ch\/tr\/dentalreisen\/dis-klinikleri\/acibadem-dis-klinigi-istanbul\/\">\n\t\t\t\t\t\t<span class=\"elementor-button-content-wrapper\">\n\t\t\t\t\t\t\t\t\t<span class=\"elementor-button-text\">Acibadem Istanbul<\/span>\n\t\t\t\t\t<\/span>\n\t\t\t\t\t<\/a>\n\t\t\t\t\t\t\t\t<\/div>\n\t\t\t\t<div class=\"elementor-element elementor-element-fe06d2d elementor-widget elementor-widget-button\" data-id=\"fe06d2d\" data-element_type=\"widget\" data-e-type=\"widget\" data-widget_type=\"button.default\">\n\t\t\t\t\t\t\t\t\t\t<a class=\"elementor-button elementor-button-link elementor-size-sm\" href=\"https:\/\/medicaltravel.ch\/tr\/dentalreisen\/dis-klinikleri\/antalyada-dis-klinigi\/\">\n\t\t\t\t\t\t<span class=\"elementor-button-content-wrapper\">\n\t\t\t\t\t\t\t\t\t<span class=\"elementor-button-text\">Antalya<\/span>\n\t\t\t\t\t<\/span>\n\t\t\t\t\t<\/a>\n\t\t\t\t\t\t\t\t<\/div>\n\t\t\t\t<div class=\"elementor-element elementor-element-5ecfe51 elementor-widget elementor-widget-button\" data-id=\"5ecfe51\" data-element_type=\"widget\" data-e-type=\"widget\" data-widget_type=\"button.default\">\n\t\t\t\t\t\t\t\t\t\t<a class=\"elementor-button elementor-button-link elementor-size-sm\" href=\"https:\/\/medicaltravel.ch\/tr\/dentalreisen\/dis-klinikleri\/manavgat-sidedeki-dis-klinigi\/\">\n\t\t\t\t\t\t<span class=\"elementor-button-content-wrapper\">\n\t\t\t\t\t\t\t\t\t<span class=\"elementor-button-text\">Side<\/span>\n\t\t\t\t\t<\/span>\n\t\t\t\t\t<\/a>\n\t\t\t\t\t\t\t\t<\/div>\n\t\t\t\t<div class=\"elementor-element elementor-element-2593730 elementor-widget elementor-widget-button\" data-id=\"2593730\" data-element_type=\"widget\" data-e-type=\"widget\" data-widget_type=\"button.default\">\n\t\t\t\t\t\t\t\t\t\t<a class=\"elementor-button elementor-button-link elementor-size-sm\" href=\"https:\/\/medicaltravel.ch\/tr\/dentalreisen\/hizmet-yelpazesi\/dis-teli-ortodonti-tedavisi-tuerkiye-istanbul-zuerih\/\">\n\t\t\t\t\t\t<span class=\"elementor-button-content-wrapper\">\n\t\t\t\t\t\t\t\t\t<span class=\"elementor-button-text\">Izmir<\/span>\n\t\t\t\t\t<\/span>\n\t\t\t\t\t<\/a>\n\t\t\t\t\t\t\t\t<\/div>\n\t\t\t\t<div class=\"elementor-element elementor-element-75d5941 elementor-widget elementor-widget-button\" data-id=\"75d5941\" data-element_type=\"widget\" data-e-type=\"widget\" data-widget_type=\"button.default\">\n\t\t\t\t\t\t\t\t\t\t<a class=\"elementor-button elementor-button-link elementor-size-sm\" href=\"https:\/\/medicaltravel.ch\/tr\/dentalreisen\/dis-klinikleri\/kayseri-kapadokya-hospitadent-dis-klinigi\/\">\n\t\t\t\t\t\t<span class=\"elementor-button-content-wrapper\">\n\t\t\t\t\t\t\t\t\t<span class=\"elementor-button-text\">Kayseri<\/span>\n\t\t\t\t\t<\/span>\n\t\t\t\t\t<\/a>\n\t\t\t\t\t\t\t\t<\/div>\n\t\t\t\t<div class=\"elementor-element elementor-element-3f935cd elementor-widget elementor-widget-button\" data-id=\"3f935cd\" data-element_type=\"widget\" data-e-type=\"widget\" data-widget_type=\"button.default\">\n\t\t\t\t\t\t\t\t\t\t<a class=\"elementor-button elementor-button-link elementor-size-sm\" href=\"https:\/\/medicaltravel.ch\/tr\/dentalreisen\/dis-klinikleri\/kusadasindaki-dis-klinigi\/\">\n\t\t\t\t\t\t<span class=\"elementor-button-content-wrapper\">\n\t\t\t\t\t\t\t\t\t<span class=\"elementor-button-text\">Kusadasi<\/span>\n\t\t\t\t\t<\/span>\n\t\t\t\t\t<\/a>\n\t\t\t\t\t\t\t\t<\/div>\n\t\t\t\t<div class=\"elementor-element elementor-element-98af91a elementor-widget elementor-widget-button\" data-id=\"98af91a\" data-element_type=\"widget\" data-e-type=\"widget\" data-widget_type=\"button.default\">\n\t\t\t\t\t\t\t\t\t\t<a class=\"elementor-button elementor-button-link elementor-size-sm\" href=\"https:\/\/medicaltravel.ch\/tr\/dentalreisen\/dis-klinikleri\/alanya-dis-klinigi-dis-tedavisi-dis-implantlari-ve-daha-fazlasi\/\">\n\t\t\t\t\t\t<span class=\"elementor-button-content-wrapper\">\n\t\t\t\t\t\t\t\t\t<span class=\"elementor-button-text\">Alanya<\/span>\n\t\t\t\t\t<\/span>\n\t\t\t\t\t<\/a>\n\t\t\t\t\t\t\t\t<\/div>\n\t\t\t\t<div class=\"elementor-element elementor-element-413773c elementor-widget elementor-widget-button\" data-id=\"413773c\" data-element_type=\"widget\" data-e-type=\"widget\" data-widget_type=\"button.default\">\n\t\t\t\t\t\t\t\t\t\t<a class=\"elementor-button elementor-button-link elementor-size-sm\" href=\"https:\/\/medicaltravel.ch\/tr\/dentalreisen\/dis-klinikleri\/bodrum-dis-klinigi-dis-tedavisi-dis-klinigi-dis-implantlari\/\">\n\t\t\t\t\t\t<span class=\"elementor-button-content-wrapper\">\n\t\t\t\t\t\t\t\t\t<span class=\"elementor-button-text\">Bodrum<\/span>\n\t\t\t\t\t<\/span>\n\t\t\t\t\t<\/a>\n\t\t\t\t\t\t\t\t<\/div>\n\t\t\t\t<\/div>\n\t\t\t\t<div class=\"elementor-element elementor-element-4e5a90c elementor-widget elementor-widget-text-editor\" data-id=\"4e5a90c\" data-element_type=\"widget\" data-e-type=\"widget\" data-widget_type=\"text-editor.default\">\n\t\t\t\t\t\t\t\t\t\n<h2 class=\"wp-block-heading\"><a href=\"https:\/\/medicaltravel.ch\/tr\/dentalreisen\/dis-klinikleri\/alanya-dis-klinigi-dis-tedavisi-dis-implantlari-ve-daha-fazlasi\/\" data-type=\"page\" data-id=\"62\">ALANYA&#8217;DAK\u0130 D\u0130\u015e KL\u0130N\u0130\u011e\u0130<\/a><\/h2>\n\n<p><strong>Hospitadent Alanya<\/strong><\/p>\n\n<figure class=\"wp-block-image size-full\"><img fetchpriority=\"high\" decoding=\"async\" width=\"1000\" height=\"562\" class=\"wp-image-373\" src=\"https:\/\/medicaltravel.ch\/wp-content\/uploads\/2025\/09\/Alanya2_klein.png\" alt=\"\" srcset=\"https:\/\/medicaltravel.ch\/wp-content\/uploads\/2025\/09\/Alanya2_klein.png 1000w, https:\/\/medicaltravel.ch\/wp-content\/uploads\/2025\/09\/Alanya2_klein-300x169.png 300w, https:\/\/medicaltravel.ch\/wp-content\/uploads\/2025\/09\/Alanya2_klein-768x432.png 768w\" sizes=\"(max-width: 1000px) 100vw, 1000px\" \/><\/figure>\n\n<p id=\"caption-attachment-10105\">Alanya Di\u015f Klini\u011fi<\/p>\n\n<p>Hospitadent Di\u015f Klini\u011fi Alanya, di\u015f temizli\u011fi, dolgular, k\u00f6k kanal tedavileri ve di\u015f protezleri (implantlar ve kronlar) gibi \u00e7e\u015fitli di\u015f tedavileri sunmaktad\u0131r.<\/p>\n\n<p>G\u00fc\u00e7l\u00fc ve deneyimli t\u0131bbi kadrosuyla, di\u015f implantlar\u0131, zirkonyum kronlar, dijital g\u00fcl\u00fc\u015f tasar\u0131m\u0131, lamina veneerler, box tekni\u011fi, yap\u0131\u015ft\u0131r\u0131c\u0131 uygulama, di\u015f beyazlatma (bleaching), panorama r\u00f6ntgen ve tomografi gibi t\u00fcm di\u015f hekimli\u011fi hizmetlerini sunmaktad\u0131r. Alanya b\u00f6lgesinin en iyi di\u015f hekimleriyle yap\u0131lan bir di\u015f tedavisinin fark\u0131n\u0131 ya\u015fay\u0131n. <\/p>\n\n<p>T\u00fcrkiye, sadece Avrupa&#8217;daki di\u015f kliniklerine k\u0131yasla uygun fiyatlarla di\u015f hizmetleri sundu\u011fu i\u00e7in de\u011fil, ayn\u0131 zamanda iyi di\u015f kliniklerinin sundu\u011fu di\u015f bak\u0131m\u0131n\u0131n d\u00fcnya \u00e7ap\u0131ndaki standartlarla e\u015fde\u011fer veya onlar\u0131 a\u015fan bir seviyeye ula\u015fmas\u0131 nedeniyle &#8220;Di\u015f Turizminin Ba\u015fkenti&#8221; olarak bilinmektedir.<\/p>\n\n<p>Klinik, Gazipa\u015fa Havaliman\u0131 gibi merkezi noktalara kolay eri\u015fim sunmakta olup, \u00e7evredeki t\u00fcm otellerin tam merkezinde yer almaktad\u0131r.<\/p>\n\n<figure class=\"wp-block-image size-full\"><img decoding=\"async\" width=\"1000\" height=\"667\" class=\"wp-image-374\" src=\"https:\/\/medicaltravel.ch\/wp-content\/uploads\/2025\/09\/Alanya_ferien.jpg\" alt=\"\" srcset=\"https:\/\/medicaltravel.ch\/wp-content\/uploads\/2025\/09\/Alanya_ferien.jpg 1000w, https:\/\/medicaltravel.ch\/wp-content\/uploads\/2025\/09\/Alanya_ferien-300x200.jpg 300w, https:\/\/medicaltravel.ch\/wp-content\/uploads\/2025\/09\/Alanya_ferien-768x512.jpg 768w\" sizes=\"(max-width: 1000px) 100vw, 1000px\" \/><\/figure>\n\n<p id=\"caption-attachment-10114\">Tedavinizi Alanya&#8217;da bir tatille birle\u015ftirin.<\/p>\n\n<p>Alanya&#8217;daki tatilinizi bir di\u015f tedavisi ile birle\u015ftirin! Alanya, muhte\u015fem plajlar\u0131 ve tarihi yerleriyle ke\u015ffedilecek pek \u00e7ok g\u00fczellik sunuyor. <\/p>\n\n<figure class=\"wp-block-image size-full\"><img decoding=\"async\" width=\"248\" height=\"204\" class=\"wp-image-375\" src=\"https:\/\/medicaltravel.ch\/wp-content\/uploads\/2025\/09\/schone_zahne_frau_2-2.jpg\" alt=\"\"><\/figure>\n\n<p id=\"caption-attachment-7131\">Alanya&#8217;daki di\u015f tedavisi sizi g\u00fcl\u00fcmsetir.<\/p>\n\n<p>\u015e\u0130MD\u0130 \u00dcCRETS\u0130Z DANI\u015eMANLIK ALIN!<br>A\u011f\u0131z foto\u011fraflar\u0131n\u0131z\u0131, gerekiyorsa r\u00f6ntgen g\u00f6r\u00fcnt\u00fclerinizle birlikte, <a href=\"mailto:info@medicaltravel.net\" target=\"_blank\" rel=\"noreferrer noopener\">e-posta<\/a> veya <a href=\"https:\/\/wa.me\/41787373541\" target=\"_blank\" rel=\"noreferrer noopener nofollow\">WhatsApp <\/a>\u00fczerinden bize g\u00f6nderin. <\/p>\n\t\t\t\t\t\t\t\t<\/div>\n\t\t\t\t\t<\/div>\n\t\t\t\t<\/div>\n\t\t\t\t<\/div>\n\t\t","protected":false},"excerpt":{"rendered":"<p>Swiss Istanbul Hospitadent Istanbul Acibadem Istanbul Antalya Side Izmir Kayseri Kusadasi Alanya Bodrum ALANYA&#8217;DAK\u0130 D\u0130\u015e KL\u0130N\u0130\u011e\u0130 Hospitadent Alanya Alanya Di\u015f Klini\u011fi Hospitadent Di\u015f Klini\u011fi Alanya, di\u015f temizli\u011fi, dolgular, k\u00f6k kanal tedavileri ve di\u015f protezleri (implantlar ve kronlar) gibi \u00e7e\u015fitli di\u015f tedavileri sunmaktad\u0131r. G\u00fc\u00e7l\u00fc ve deneyimli t\u0131bbi kadrosuyla, di\u015f implantlar\u0131, zirkonyum kronlar, dijital g\u00fcl\u00fc\u015f tasar\u0131m\u0131, lamina veneerler, box tekni\u011fi, yap\u0131\u015ft\u0131r\u0131c\u0131 uygulama, di\u015f beyazlatma (bleaching), panorama r\u00f6ntgen ve tomografi gibi t\u00fcm di\u015f hekimli\u011fi hizmetlerini sunmaktad\u0131r. Alanya b\u00f6lgesinin en iyi di\u015f hekimleriyle yap\u0131lan bir di\u015f tedavisinin fark\u0131n\u0131 ya\u015fay\u0131n. T\u00fcrkiye, sadece Avrupa&#8217;daki di\u015f kliniklerine k\u0131yasla uygun fiyatlarla di\u015f hizmetleri sundu\u011fu i\u00e7in de\u011fil, ayn\u0131 zamanda iyi di\u015f kliniklerinin sundu\u011fu di\u015f bak\u0131m\u0131n\u0131n d\u00fcnya \u00e7ap\u0131ndaki standartlarla e\u015fde\u011fer veya onlar\u0131 a\u015fan bir seviyeye ula\u015fmas\u0131 nedeniyle &#8220;Di\u015f Turizminin Ba\u015fkenti&#8221; olarak bilinmektedir. Klinik, Gazipa\u015fa Havaliman\u0131 gibi merkezi noktalara kolay eri\u015fim sunmakta olup, \u00e7evredeki t\u00fcm otellerin tam merkezinde yer almaktad\u0131r. Tedavinizi Alanya&#8217;da bir tatille birle\u015ftirin. Alanya&#8217;daki tatilinizi bir di\u015f tedavisi ile birle\u015ftirin! Alanya, muhte\u015fem plajlar\u0131 ve tarihi yerleriyle ke\u015ffedilecek pek \u00e7ok g\u00fczellik sunuyor. Alanya&#8217;daki di\u015f tedavisi sizi g\u00fcl\u00fcmsetir. \u015e\u0130MD\u0130 \u00dcCRETS\u0130Z DANI\u015eMANLIK ALIN!A\u011f\u0131z foto\u011fraflar\u0131n\u0131z\u0131, gerekiyorsa r\u00f6ntgen g\u00f6r\u00fcnt\u00fclerinizle birlikte, e-posta veya WhatsApp \u00fczerinden bize g\u00f6nderin.<\/p>\n","protected":false},"author":4,"featured_media":0,"parent":5061,"menu_order":0,"comment_status":"closed","ping_status":"closed","template":"","meta":{"_joinchat":[],"footnotes":""},"class_list":["post-5130","page","type-page","status-publish","hentry"],"acf":[],"_links":{"self":[{"href":"https:\/\/medicaltravel.ch\/tr\/wp-json\/wp\/v2\/pages\/5130","targetHints":{"allow":["GET"]}}],"collection":[{"href":"https:\/\/medicaltravel.ch\/tr\/wp-json\/wp\/v2\/pages"}],"about":[{"href":"https:\/\/medicaltravel.ch\/tr\/wp-json\/wp\/v2\/types\/page"}],"author":[{"embeddable":true,"href":"https:\/\/medicaltravel.ch\/tr\/wp-json\/wp\/v2\/users\/4"}],"replies":[{"embeddable":true,"href":"https:\/\/medicaltravel.ch\/tr\/wp-json\/wp\/v2\/comments?post=5130"}],"version-history":[{"count":3,"href":"https:\/\/medicaltravel.ch\/tr\/wp-json\/wp\/v2\/pages\/5130\/revisions"}],"predecessor-version":[{"id":5133,"href":"https:\/\/medicaltravel.ch\/tr\/wp-json\/wp\/v2\/pages\/5130\/revisions\/5133"}],"up":[{"embeddable":true,"href":"https:\/\/medicaltravel.ch\/tr\/wp-json\/wp\/v2\/pages\/5061"}],"wp:attachment":[{"href":"https:\/\/medicaltravel.ch\/tr\/wp-json\/wp\/v2\/media?parent=5130"}],"curies":[{"name":"wp","href":"https:\/\/api.w.org\/{rel}","templated":true}]}}