{"id":5139,"date":"2025-09-17T10:06:29","date_gmt":"2025-09-17T09:06:29","guid":{"rendered":"https:\/\/medicaltravel.ch\/dializ-tatili\/denizde-dializ\/"},"modified":"2026-01-03T21:58:33","modified_gmt":"2026-01-03T20:58:33","slug":"denizde-dializ","status":"publish","type":"page","link":"https:\/\/medicaltravel.ch\/tr\/dializ-tatili\/denizde-dializ\/","title":{"rendered":"Denizde dializ"},"content":{"rendered":"\t\t<div data-elementor-type=\"wp-page\" data-elementor-id=\"5139\" class=\"elementor elementor-5139 elementor-199\" data-elementor-post-type=\"page\">\n\t\t\t\t<div class=\"elementor-element elementor-element-19dd4a5c e-flex e-con-boxed wpr-particle-no wpr-jarallax-no wpr-parallax-no wpr-sticky-section-no e-con e-parent\" data-id=\"19dd4a5c\" data-element_type=\"container\" data-e-type=\"container\">\n\t\t\t\t\t<div class=\"e-con-inner\">\n\t\t<div class=\"elementor-element elementor-element-1d9b6c6 e-con-full e-flex wpr-particle-no wpr-jarallax-no wpr-parallax-no wpr-sticky-section-no e-con e-child\" data-id=\"1d9b6c6\" data-element_type=\"container\" data-e-type=\"container\">\n\t\t\t\t<div class=\"elementor-element elementor-element-c5f77b2 elementor-widget elementor-widget-button\" data-id=\"c5f77b2\" data-element_type=\"widget\" data-e-type=\"widget\" data-widget_type=\"button.default\">\n\t\t\t\t\t\t\t\t\t\t<a class=\"elementor-button elementor-button-link elementor-size-sm\" href=\"https:\/\/medicaltravel.ch\/dialyseurlaub\/dialyseferien\/\">\n\t\t\t\t\t\t<span class=\"elementor-button-content-wrapper\">\n\t\t\t\t\t\t\t\t\t<span class=\"elementor-button-text\">Dializ tatili<\/span>\n\t\t\t\t\t<\/span>\n\t\t\t\t\t<\/a>\n\t\t\t\t\t\t\t\t<\/div>\n\t\t\t\t<div class=\"elementor-element elementor-element-51dfe51 elementor-widget elementor-widget-button\" data-id=\"51dfe51\" data-element_type=\"widget\" data-e-type=\"widget\" data-widget_type=\"button.default\">\n\t\t\t\t\t\t\t\t\t\t<a class=\"elementor-button elementor-button-link elementor-size-sm\" href=\"https:\/\/medicaltravel.ch\/dialyseurlaub\/dialyse-in-istanbul\/\">\n\t\t\t\t\t\t<span class=\"elementor-button-content-wrapper\">\n\t\t\t\t\t\t\t\t\t<span class=\"elementor-button-text\">\u0130stanbul'da dializ<\/span>\n\t\t\t\t\t<\/span>\n\t\t\t\t\t<\/a>\n\t\t\t\t\t\t\t\t<\/div>\n\t\t\t\t<div class=\"elementor-element elementor-element-6fc7cbf elementor-widget elementor-widget-button\" data-id=\"6fc7cbf\" data-element_type=\"widget\" data-e-type=\"widget\" data-widget_type=\"button.default\">\n\t\t\t\t\t\t\t\t\t\t<a class=\"elementor-button elementor-button-link elementor-size-sm\" href=\"https:\/\/medicaltravel.ch\/tr\/dializ-tatili\/denizde-dializ\/\">\n\t\t\t\t\t\t<span class=\"elementor-button-content-wrapper\">\n\t\t\t\t\t\t\t\t\t<span class=\"elementor-button-text\">Denizde dializ<\/span>\n\t\t\t\t\t<\/span>\n\t\t\t\t\t<\/a>\n\t\t\t\t\t\t\t\t<\/div>\n\t\t\t\t<\/div>\n\t\t\t\t<div class=\"elementor-element elementor-element-19e91d56 elementor-widget elementor-widget-text-editor\" data-id=\"19e91d56\" data-element_type=\"widget\" data-e-type=\"widget\" data-widget_type=\"text-editor.default\">\n\t\t\t\t\t\t\t\t\t\n<h2 class=\"wp-block-heading\">Denizde Dializ Klini\u011fi &#8211; K\u00fc\u00e7\u00fck Kuyu<\/h2>\n\n<h2 class=\"wp-block-heading\">Denizde Tatil Dializi<\/h2>\n\n<figure class=\"wp-block-image size-full\"><img fetchpriority=\"high\" decoding=\"async\" width=\"500\" height=\"237\" class=\"wp-image-595\" src=\"https:\/\/medicaltravel.ch\/wp-content\/uploads\/2025\/09\/Kucukkuyu-tam-da-dinlenmek-isteyenlere-gore-bir-yer.jpg\" alt=\"\" srcset=\"https:\/\/medicaltravel.ch\/wp-content\/uploads\/2025\/09\/Kucukkuyu-tam-da-dinlenmek-isteyenlere-gore-bir-yer.jpg 500w, https:\/\/medicaltravel.ch\/wp-content\/uploads\/2025\/09\/Kucukkuyu-tam-da-dinlenmek-isteyenlere-gore-bir-yer-300x142.jpg 300w\" sizes=\"(max-width: 500px) 100vw, 500px\" \/><\/figure>\n\n<p id=\"caption-attachment-5031\">K\u00fc\u00e7\u00fckkuyu &#8211; Denizde Tatil Dializi \u0130\u00e7in Dinlenme Yeri<\/p>\n\n<p>22 y\u0131ll\u0131k tecr\u00fcbemizle, dostane ve nitelikli \u00e7al\u0131\u015fanlar\u0131m\u0131zla s\u00fcrekli olarak hizmet vermekteyiz. Tatil beldesi Ayvac\u0131k-K\u00fc\u00e7\u00fckkuyu, d\u00fcnyan\u0131n en oksijen zengin b\u00f6lgelerinden biri olan Ida Da\u011flar\u0131 (Kaz Da\u011flar\u0131) \u00fczerinde yer almakta olup, bir\u00e7ok termal su kayna\u011f\u0131na sahiptir. Dializ hastalar\u0131na en iyi dializ tedavisini sunmaktay\u0131z. Bu da hastalar\u0131m\u0131z i\u00e7in sakin ve \u00e7ekici bir ortamda tedavi edilmeleri anlam\u0131na gelmektedir.   <\/p>\n\n<p>Denizde Tatil Dializi<br>Ba\u015fl\u0131ca hizmetlerimizden biri olan tatil dializini, tatil b\u00f6lgesi &#8220;\u00c7anakkale&#8221;de, tatilcilerimize optimal bir bak\u0131m sunarak sa\u011fl\u0131yoruz.<\/p>\n\n<p>Tek ba\u015f\u0131na veya aile\/arkada\u015flarla yap\u0131lan dinlenme yolculuklar\u0131, b\u00f6brek hastal\u0131\u011f\u0131 olan ki\u015filer i\u00e7in b\u00fcy\u00fck sa\u011fl\u0131k \u00f6nemi ta\u015f\u0131maktad\u0131r.<\/p>\n\n<p>Tam bir rahatl\u0131k program\u0131 vaat ediyoruz, \u00e7\u00fcnk\u00fc hijyen ve sa\u011fl\u0131k standartlar\u0131m\u0131z, Orta Avrupa y\u00f6netmeliklerine tamamen uygundur.<\/p>\n\n<p>Tatil konuklar\u0131m\u0131z i\u00e7in her g\u00fcn tedavi yerleri ayr\u0131lmaktad\u0131r, b\u00f6ylece al\u0131\u015f\u0131k olduklar\u0131 tedavi d\u00fczenini s\u00fcrd\u00fcrebilmelerini sa\u011fl\u0131yoruz. Yo\u011fun tatil d\u00f6nemlerinde, her tatilcimize belirli bir esneklik sunmak istedi\u011fimiz i\u00e7in, zaman\u0131nda randevu ayarlamas\u0131 yapman\u0131z tavsiye edilir. <\/p>\n\n<p>Tedaviye ba\u015flamak i\u00e7in hastalar\u0131m\u0131z\u0131n g\u00fcncel doktor raporuna ihtiyac\u0131m\u0131z vard\u0131r. Almanca konu\u015fan \u00fclkelerden gelen hastalar\u0131m\u0131z i\u00e7in, yasal sa\u011fl\u0131k sigortalar\u0131 yurtd\u0131\u015f\u0131nda y\u0131ll\u0131k olarak 6 haftaya kadar dializ masraflar\u0131n\u0131 kar\u015f\u0131lamaktad\u0131r. Hastalar\u0131m\u0131za, seyahate \u00e7\u0131kmadan \u00f6nce yasal sa\u011fl\u0131k sigortalar\u0131ndan masraf kar\u015f\u0131lama onay\u0131 almalar\u0131n\u0131 tavsiye ederiz. Ek bir \u00fccret olmadan, e\u011fer Almanya&#8217;da (baz\u0131 durumlarda \u0130svi\u00e7re ve Avusturya&#8217;da) yasal bir sa\u011fl\u0131k sigortas\u0131nda sigortal\u0131ysan\u0131z, sigorta \u015firketinizden masraf kar\u015f\u0131lama onay\u0131n\u0131 alabiliriz ve tatilinizin ard\u0131ndan sigortan\u0131zla DO\u011eRUDAN \u00f6deme yapabiliriz.   <\/p>\n\n<figure class=\"wp-block-image size-full\"><img decoding=\"async\" width=\"300\" height=\"200\" class=\"wp-image-596\" src=\"https:\/\/medicaltravel.ch\/wp-content\/uploads\/2025\/09\/Doga-Deniz-Diyaliz-Merkezi-300x200-1.jpg\" alt=\"\"><\/figure>\n\n<p>HEMOD\u0130AL\u0130Z<br>Hemodiyaliz, d\u0131\u015far\u0131da dola\u015fan kan\u0131n, yar\u0131 ge\u00e7irgen bir zar i\u00e7eren filtreleme sistemleri arac\u0131l\u0131\u011f\u0131yla s\u0131v\u0131 ve \u00e7\u00f6z\u00fcnm\u00fc\u015f molek\u00fcllerin uzakla\u015ft\u0131r\u0131lmas\u0131 i\u015flemidir. Hemodiyaliz, bir t\u00fcr b\u00f6brek yerine koyma tedavisidir ve en s\u0131k uygulanan y\u00f6ntemdir. <\/p>\n\n<p>Hemodiyalizin en \u00f6nemli eleman\u0131, so-called dializat\u00f6rd\u00fcr. Bu cihazda, kan, plastik kapilerlerden olu\u015fan ince bir sistem arac\u0131l\u0131\u011f\u0131yla ge\u00e7irilir ve bu sistem, diyalisat s\u0131v\u0131s\u0131 taraf\u0131ndan \u00e7evrelenir. Kapillerler arac\u0131l\u0131\u011f\u0131yla ta\u015f\u0131ma s\u0131ras\u0131nda, kan, konsantrasyon gradyan\u0131 boyunca, kapiller duvar\u0131ndaki g\u00f6zeneklerden k\u00fc\u00e7\u00fck molek\u00fcll\u00fc bile\u015fenleri vererek, bunlar diyalisat s\u0131v\u0131s\u0131na ge\u00e7er ve b\u00f6ylece kandan uzakla\u015ft\u0131r\u0131l\u0131r. Plazma proteinleri ve kan h\u00fccreleri ise kan plazmas\u0131nda kal\u0131r. Hemodiyaliz tedavisinde \u00f6zellikle \u00f6nemli olan, s\u0131k\u0131 bir tedavi program\u0131 uygulanmas\u0131, d\u00fczenli ila\u00e7 al\u0131m\u0131 ve beslenme d\u00fczeninin de\u011fi\u015ftirilmesidir.    <\/p>\n\n<p>Hemodiyaliz b\u00fcy\u00fck bir sorumluluktur, ancak bunu tek ba\u015f\u0131n\u0131za ba\u015farmak zorunda de\u011filsiniz. Ekibimizin doktorlar\u0131 ve dializ uzmanlar\u0131 hem Almanca hem de \u0130ngilizce konu\u015fabilmekte olup, dializ, nefroloji ve i\u00e7 hastal\u0131klar\u0131 alanlar\u0131nda uzun y\u0131llara dayanan deneyime sahiptir. 16 y\u0131l\u0131 a\u015fk\u0131n bir s\u00fcredir m\u00fckemmel t\u0131bbi bak\u0131m sunuyoruz ve yak\u0131nlardaki hastanelerle i\u015fbirli\u011fi yapmak bizim i\u00e7in do\u011fal bir ad\u0131md\u0131r.  <\/p>\n\n<p>LABOR<br>Do\u011fa Deniz Dializ Merkezi, \u00fcnl\u00fc Ekol Laboratuvar\u0131 ile yak\u0131n bir i\u015fbirli\u011fi i\u00e7inde \u00e7al\u0131\u015fmaktad\u0131r.<\/p>\n\n<p><strong>TIBB\u0130 VE TEKN\u0130K \u00d6ZELL\u0130KLER<\/strong><\/p>\n\n<figure class=\"wp-block-image size-full\"><img decoding=\"async\" width=\"300\" height=\"200\" class=\"wp-image-598\" src=\"https:\/\/medicaltravel.ch\/wp-content\/uploads\/2025\/09\/Tibbi-ve-teknik-ozellikler-diyaliz-Merkezi-Canakkale-300x200-1.jpg\" alt=\"\"><\/figure>\n\n<ul class=\"wp-block-list\">\n<li>Yetkili Biyokimya Laboratuvar\u0131 (Ekol Labor)<\/li>\n\n<li>K\u00f6rfez Hastanesi Radyoloji B\u00f6l\u00fcm\u00fc ile \u0130\u015fbirli\u011fi<\/li>\n\n<li>Biyouyumlu Membran ve Dializat, Gambro ve Fresenius markalar\u0131n\u0131n kullan\u0131m\u0131<\/li>\n\n<li>20 + 1 Hemodiyaliz Makinesi (18 Gambro, 3 Fresenius)<\/li>\n\n<li>Ayr\u0131 Hepatit C (2 makine) ve Hepatit B hastalar\u0131 odalar\u0131 (1 makine)<\/li>\n\n<li>Ultra-Pure Su ile Hemodiyaliz, \u00e7ift rezerv osmoz ile \u00e7al\u0131\u015fan bir su sistemi (Gambro JWP 60)<\/li>\n\n<li>LCD-TV&#8217;li Elektronik Yataklar<\/li>\n\n<li>Merkezi Is\u0131tma ve Klima Sistemi<\/li>\n\n<li>G\u00fcvenlik Kameras\u0131 Sistemi<\/li>\n\n<li>\u0130ki Yemek Salonu<\/li>\n\n<li>Oratoryum<\/li>\n\n<li>\u00c7ama\u015f\u0131rhane<\/li>\n\n<li>Misafir Odas\u0131<\/li>\n\n<li>44 kWa Jenerat\u00f6r<\/li>\n<\/ul>\n\n<p><strong>KL\u0130N\u0130\u011e\u0130N KAL\u0130TE POL\u0130T\u0130KASI<\/strong><\/p>\n\n<ul class=\"wp-block-list\">\n<li>Hastalar\u0131n memnuniyetini sa\u011flamak<\/li>\n\n<li>Hizmet ve performans kalitesini s\u00fcrekli olarak iyile\u015ftirmek<\/li>\n\n<li>\u00c7al\u0131\u015fanlar\u0131m\u0131z\u0131n memnuniyetini art\u0131rmak<\/li>\n<\/ul>\n\n<p><strong>D\u0130\u011eER H\u0130ZMETLER<\/strong><\/p>\n\n<ul class=\"wp-block-list\">\n<li>Uydu Yay\u0131n\u0131<\/li>\n\n<li>Sinema Yay\u0131n Merkezi Sistemi<\/li>\n\n<li>WLAN<\/li>\n\n<li>Yaz Bah\u00e7esi<\/li>\n\n<li>Beslenme uzman\u0131 g\u00f6zetiminde at\u0131\u015ft\u0131rmal\u0131klar<\/li>\n\n<li>\u00dccretsiz \u00c7ay ve Kahve Servisi<\/li>\n\n<li>Gazeteler\/Dergiler<\/li>\n\n<li>Geli\u015f ve gidi\u015fler ile yak\u0131ndaki yerlere transfer hizmeti<\/li>\n<\/ul>\n\n<p>K\u00fc\u00e7\u00fckkuyu Nerededir?<br><a href=\"https:\/\/www.google.ch\/maps\/place\/K%C3%BC%C3%A7ukkuyu,+17980+K%C3%BC%C3%A7%C3%BCk%C3%A7etmi%2FAyvac%C4%B1k%2F%C3%87anakkale,+T%C3%BCrkei\/@39.5548881,26.0350472,9z\/data=!4m5!3m4!1s0x14b08fc2bbe0590f:0xa3c1eab2923fa114!8m2!3d39.55489!4d26.59535\" rel=\"nofollow noopener\" target=\"_blank\">K\u00fc\u00e7\u00fckkuyu<\/a>, 8012 n\u00fcfuslu k\u00fc\u00e7\u00fck bir kasaba olup, 2013 y\u0131l\u0131 itibar\u0131yla \u00c7anakkale il s\u0131n\u0131rlar\u0131nda, Ayval\u0131k&#8217;a yak\u0131n bir konumda yer almaktad\u0131r. Antik yerle\u015fim yerleri merakl\u0131lar\u0131 i\u00e7in burada bir\u00e7ok ke\u015fif yapma imk\u00e2n\u0131 vard\u0131r. Bir efsaneye g\u00f6re, Zeus&#8217;un burada, Troya Sava\u015f\u0131&#8217;n\u0131 bir tepeden izledi\u011fi s\u00f6ylenir. Ayr\u0131ca, Afrodit&#8217;in burada bulunan \u015fifal\u0131 su kaynaklar\u0131n\u0131 ke\u015ffetti\u011fi de anlat\u0131l\u0131r. B\u00f6lge, Athena Tap\u0131na\u011f\u0131&#8217;na ait \u00fcnl\u00fc antik eserlerden birine de ev sahipli\u011fi yapmaktad\u0131r.    <\/p>\n\n<p>M.\u00d6. 6. y\u00fczy\u0131lda in\u015fa edilen tap\u0131na\u011f\u0131n en g\u00fczel kal\u0131nt\u0131lar\u0131, 238 metre y\u00fckseklikteki alanda yer almakta ve g\u00fcn\u00fcm\u00fczde Boston ile \u0130stanbul\u2019daki m\u00fczelere da\u011f\u0131lm\u0131\u015ft\u0131r. Ancak arkeologlar, y\u0131llard\u0131r tap\u0131nak \u00e7evresinde hala ayakta kalan s\u00fctunlar\u0131 yeniden in\u015fa etmek i\u00e7in yo\u011fun bir \u015fekilde \u00e7al\u0131\u015fmaktad\u0131r. Tap\u0131nak kompleksi, \u00f6zellikle g\u00fcn bat\u0131m\u0131nda \u00e7ok etkileyici bir sil\u00fcet olu\u015fturur.   <\/p>\n\n<p>Uzun s\u00fcre gizli kalm\u0131\u015f bu \u015fehir, deniz kenar\u0131ndaki konumu sayesinde turizm cennetine d\u00f6n\u00fc\u015fmeyi ba\u015farm\u0131\u015ft\u0131r. Eskiden bir bal\u0131k\u00e7\u0131 k\u00f6y\u00fc olan K\u00fc\u00e7\u00fckkuyu, art\u0131k kumlu plajlar\u0131 ve \u00e7ok say\u0131da oteliyle pop\u00fcler bir tatil beldesi olmu\u015ftur. K\u00fc\u00e7\u00fckkuyu&#8217;nun merkezinde ise T\u00fcrkiye&#8217;nin tek Zeytinya\u011f\u0131 M\u00fczesi olan Adatepe Zeytinya\u011f\u0131 M\u00fczesi yer almaktad\u0131r. <\/p>\n\n<figure class=\"wp-block-image size-full\"><img loading=\"lazy\" decoding=\"async\" width=\"300\" height=\"300\" class=\"wp-image-599\" src=\"https:\/\/medicaltravel.ch\/wp-content\/uploads\/2025\/09\/Kucukkuyu-tatil-diyaliz-merkezi.jpg\" alt=\"\" srcset=\"https:\/\/medicaltravel.ch\/wp-content\/uploads\/2025\/09\/Kucukkuyu-tatil-diyaliz-merkezi.jpg 300w, https:\/\/medicaltravel.ch\/wp-content\/uploads\/2025\/09\/Kucukkuyu-tatil-diyaliz-merkezi-150x150.jpg 150w\" sizes=\"(max-width: 300px) 100vw, 300px\" \/><\/figure>\n\n<p><strong>KUCUKKUYU&#8217;YA NASIL G\u0130DEB\u0130L\u0130RS\u0130N\u0130Z?<\/strong><br>\u00c7ok basit, \u0130stanbul&#8217;a (Avrupa Yakas\u0131&#8217;na) u\u00e7uyor ve ard\u0131ndan yakla\u015f\u0131k 5 saatlik bir otob\u00fcs yolculu\u011fu veya i\u00e7 hat u\u00e7u\u015fuyla \u00c7anakkale&#8217;ye ge\u00e7iyorsunuz.<\/p>\n\n<p>Ayr\u0131ca K\u00fc\u00e7\u00fckkuyu&#8217;daki otellerde \u00f6zel indirimler de sunuyoruz. Seyahat rezervasyonunuzda size yard\u0131mc\u0131 olmaktan memnuniyet duyar\u0131z. Tabii ki, seyahatinizi kendiniz de rezerve edebilirsiniz.  <\/p>\n\n<p><a href=\"https:\/\/medicaltravel.ch\/kontakt\/\" data-type=\"page\" data-id=\"225\">Herhangi bir sorunuz varsa, bug\u00fcn bizimle ileti\u015fime ge\u00e7ebilirsiniz.<\/a> Size yard\u0131mc\u0131 olmaktan memnuniyet duyar\u0131z. <\/p>\n\t\t\t\t\t\t\t\t<\/div>\n\t\t\t\t\t<\/div>\n\t\t\t\t<\/div>\n\t\t\t\t<\/div>\n\t\t","protected":false},"excerpt":{"rendered":"<p>Dializ tatili \u0130stanbul&#8217;da dializ Denizde dializ Denizde Dializ Klini\u011fi &#8211; K\u00fc\u00e7\u00fck Kuyu Denizde Tatil Dializi K\u00fc\u00e7\u00fckkuyu &#8211; Denizde Tatil Dializi \u0130\u00e7in Dinlenme Yeri 22 y\u0131ll\u0131k tecr\u00fcbemizle, dostane ve nitelikli \u00e7al\u0131\u015fanlar\u0131m\u0131zla s\u00fcrekli olarak hizmet vermekteyiz. Tatil beldesi Ayvac\u0131k-K\u00fc\u00e7\u00fckkuyu, d\u00fcnyan\u0131n en oksijen zengin b\u00f6lgelerinden biri olan Ida Da\u011flar\u0131 (Kaz Da\u011flar\u0131) \u00fczerinde yer almakta olup, bir\u00e7ok termal su kayna\u011f\u0131na sahiptir. Dializ hastalar\u0131na en iyi dializ tedavisini sunmaktay\u0131z. Bu da hastalar\u0131m\u0131z i\u00e7in sakin ve \u00e7ekici bir ortamda tedavi edilmeleri anlam\u0131na gelmektedir. Denizde Tatil DializiBa\u015fl\u0131ca hizmetlerimizden biri olan tatil dializini, tatil b\u00f6lgesi &#8220;\u00c7anakkale&#8221;de, tatilcilerimize optimal bir bak\u0131m sunarak sa\u011fl\u0131yoruz. Tek ba\u015f\u0131na veya aile\/arkada\u015flarla yap\u0131lan dinlenme yolculuklar\u0131, b\u00f6brek hastal\u0131\u011f\u0131 olan ki\u015filer i\u00e7in b\u00fcy\u00fck sa\u011fl\u0131k \u00f6nemi ta\u015f\u0131maktad\u0131r. Tam bir rahatl\u0131k program\u0131 vaat ediyoruz, \u00e7\u00fcnk\u00fc hijyen ve sa\u011fl\u0131k standartlar\u0131m\u0131z, Orta Avrupa y\u00f6netmeliklerine tamamen uygundur. Tatil konuklar\u0131m\u0131z i\u00e7in her g\u00fcn tedavi yerleri ayr\u0131lmaktad\u0131r, b\u00f6ylece al\u0131\u015f\u0131k olduklar\u0131 tedavi d\u00fczenini s\u00fcrd\u00fcrebilmelerini sa\u011fl\u0131yoruz. Yo\u011fun tatil d\u00f6nemlerinde, her tatilcimize belirli bir esneklik sunmak istedi\u011fimiz i\u00e7in, zaman\u0131nda randevu ayarlamas\u0131 yapman\u0131z tavsiye edilir. Tedaviye ba\u015flamak i\u00e7in hastalar\u0131m\u0131z\u0131n g\u00fcncel doktor raporuna ihtiyac\u0131m\u0131z vard\u0131r. Almanca konu\u015fan \u00fclkelerden gelen hastalar\u0131m\u0131z i\u00e7in, yasal sa\u011fl\u0131k sigortalar\u0131 yurtd\u0131\u015f\u0131nda y\u0131ll\u0131k olarak 6 haftaya kadar dializ masraflar\u0131n\u0131 kar\u015f\u0131lamaktad\u0131r. Hastalar\u0131m\u0131za, seyahate \u00e7\u0131kmadan \u00f6nce yasal sa\u011fl\u0131k sigortalar\u0131ndan masraf kar\u015f\u0131lama onay\u0131 almalar\u0131n\u0131 tavsiye ederiz. Ek bir \u00fccret olmadan, e\u011fer Almanya&#8217;da (baz\u0131 durumlarda \u0130svi\u00e7re ve Avusturya&#8217;da) yasal bir sa\u011fl\u0131k sigortas\u0131nda sigortal\u0131ysan\u0131z, sigorta \u015firketinizden masraf kar\u015f\u0131lama onay\u0131n\u0131 alabiliriz ve tatilinizin ard\u0131ndan sigortan\u0131zla DO\u011eRUDAN \u00f6deme yapabiliriz. HEMOD\u0130AL\u0130ZHemodiyaliz, d\u0131\u015far\u0131da dola\u015fan kan\u0131n, yar\u0131 ge\u00e7irgen bir zar i\u00e7eren filtreleme sistemleri arac\u0131l\u0131\u011f\u0131yla s\u0131v\u0131 ve \u00e7\u00f6z\u00fcnm\u00fc\u015f molek\u00fcllerin uzakla\u015ft\u0131r\u0131lmas\u0131 i\u015flemidir. Hemodiyaliz, bir t\u00fcr b\u00f6brek yerine koyma tedavisidir ve en s\u0131k uygulanan y\u00f6ntemdir. Hemodiyalizin en \u00f6nemli eleman\u0131, so-called dializat\u00f6rd\u00fcr. Bu cihazda, kan, plastik kapilerlerden olu\u015fan ince bir sistem arac\u0131l\u0131\u011f\u0131yla ge\u00e7irilir ve bu sistem, diyalisat s\u0131v\u0131s\u0131 taraf\u0131ndan \u00e7evrelenir. Kapillerler arac\u0131l\u0131\u011f\u0131yla ta\u015f\u0131ma s\u0131ras\u0131nda, kan, konsantrasyon gradyan\u0131 boyunca, kapiller duvar\u0131ndaki g\u00f6zeneklerden k\u00fc\u00e7\u00fck molek\u00fcll\u00fc bile\u015fenleri vererek, bunlar diyalisat s\u0131v\u0131s\u0131na ge\u00e7er ve b\u00f6ylece kandan uzakla\u015ft\u0131r\u0131l\u0131r. Plazma proteinleri ve kan h\u00fccreleri ise kan plazmas\u0131nda kal\u0131r. Hemodiyaliz tedavisinde \u00f6zellikle \u00f6nemli olan, s\u0131k\u0131 bir tedavi program\u0131 uygulanmas\u0131, d\u00fczenli ila\u00e7 al\u0131m\u0131 ve beslenme d\u00fczeninin de\u011fi\u015ftirilmesidir. Hemodiyaliz b\u00fcy\u00fck bir sorumluluktur, ancak bunu tek ba\u015f\u0131n\u0131za ba\u015farmak zorunda de\u011filsiniz. Ekibimizin doktorlar\u0131 ve dializ uzmanlar\u0131 hem Almanca hem de \u0130ngilizce konu\u015fabilmekte olup, dializ, nefroloji ve i\u00e7 hastal\u0131klar\u0131 alanlar\u0131nda uzun y\u0131llara dayanan deneyime sahiptir. 16 y\u0131l\u0131 a\u015fk\u0131n bir s\u00fcredir m\u00fckemmel t\u0131bbi bak\u0131m sunuyoruz ve yak\u0131nlardaki hastanelerle i\u015fbirli\u011fi yapmak bizim i\u00e7in do\u011fal bir ad\u0131md\u0131r. LABORDo\u011fa Deniz Dializ Merkezi, \u00fcnl\u00fc Ekol Laboratuvar\u0131 ile yak\u0131n bir i\u015fbirli\u011fi i\u00e7inde \u00e7al\u0131\u015fmaktad\u0131r. TIBB\u0130 VE TEKN\u0130K \u00d6ZELL\u0130KLER Yetkili Biyokimya Laboratuvar\u0131 (Ekol Labor) K\u00f6rfez Hastanesi Radyoloji B\u00f6l\u00fcm\u00fc ile \u0130\u015fbirli\u011fi Biyouyumlu Membran ve Dializat, Gambro ve Fresenius markalar\u0131n\u0131n kullan\u0131m\u0131 20 + 1 Hemodiyaliz Makinesi (18 Gambro, 3 Fresenius) Ayr\u0131 Hepatit C (2 makine) ve Hepatit B hastalar\u0131 odalar\u0131 (1 makine) Ultra-Pure Su ile Hemodiyaliz, \u00e7ift rezerv osmoz ile \u00e7al\u0131\u015fan bir su sistemi (Gambro JWP 60) LCD-TV&#8217;li Elektronik Yataklar Merkezi Is\u0131tma ve Klima Sistemi G\u00fcvenlik Kameras\u0131 Sistemi \u0130ki Yemek Salonu Oratoryum \u00c7ama\u015f\u0131rhane Misafir Odas\u0131 44 kWa Jenerat\u00f6r KL\u0130N\u0130\u011e\u0130N KAL\u0130TE POL\u0130T\u0130KASI Hastalar\u0131n memnuniyetini sa\u011flamak Hizmet ve performans kalitesini s\u00fcrekli olarak iyile\u015ftirmek \u00c7al\u0131\u015fanlar\u0131m\u0131z\u0131n memnuniyetini art\u0131rmak D\u0130\u011eER H\u0130ZMETLER Uydu Yay\u0131n\u0131 Sinema Yay\u0131n Merkezi Sistemi WLAN Yaz Bah\u00e7esi Beslenme uzman\u0131 g\u00f6zetiminde at\u0131\u015ft\u0131rmal\u0131klar \u00dccretsiz \u00c7ay ve Kahve Servisi Gazeteler\/Dergiler Geli\u015f ve gidi\u015fler ile yak\u0131ndaki yerlere transfer hizmeti K\u00fc\u00e7\u00fckkuyu Nerededir?K\u00fc\u00e7\u00fckkuyu, 8012 n\u00fcfuslu k\u00fc\u00e7\u00fck bir kasaba olup, 2013 y\u0131l\u0131 itibar\u0131yla \u00c7anakkale il s\u0131n\u0131rlar\u0131nda, Ayval\u0131k&#8217;a yak\u0131n bir konumda yer almaktad\u0131r. Antik yerle\u015fim yerleri merakl\u0131lar\u0131 i\u00e7in burada bir\u00e7ok ke\u015fif yapma imk\u00e2n\u0131 vard\u0131r. Bir efsaneye g\u00f6re, Zeus&#8217;un burada, Troya Sava\u015f\u0131&#8217;n\u0131 bir tepeden izledi\u011fi s\u00f6ylenir. Ayr\u0131ca, Afrodit&#8217;in burada bulunan \u015fifal\u0131 su kaynaklar\u0131n\u0131 ke\u015ffetti\u011fi de anlat\u0131l\u0131r. B\u00f6lge, Athena Tap\u0131na\u011f\u0131&#8217;na ait \u00fcnl\u00fc antik eserlerden birine de ev sahipli\u011fi yapmaktad\u0131r. M.\u00d6. 6. y\u00fczy\u0131lda in\u015fa edilen tap\u0131na\u011f\u0131n en g\u00fczel kal\u0131nt\u0131lar\u0131, 238 metre y\u00fckseklikteki alanda yer almakta ve g\u00fcn\u00fcm\u00fczde Boston ile \u0130stanbul\u2019daki m\u00fczelere da\u011f\u0131lm\u0131\u015ft\u0131r. Ancak arkeologlar, y\u0131llard\u0131r tap\u0131nak \u00e7evresinde hala ayakta kalan s\u00fctunlar\u0131 yeniden in\u015fa etmek i\u00e7in yo\u011fun bir \u015fekilde \u00e7al\u0131\u015fmaktad\u0131r. Tap\u0131nak kompleksi, \u00f6zellikle g\u00fcn bat\u0131m\u0131nda \u00e7ok etkileyici bir sil\u00fcet olu\u015fturur. Uzun s\u00fcre gizli kalm\u0131\u015f bu \u015fehir, deniz kenar\u0131ndaki konumu sayesinde turizm cennetine d\u00f6n\u00fc\u015fmeyi ba\u015farm\u0131\u015ft\u0131r. Eskiden bir bal\u0131k\u00e7\u0131 k\u00f6y\u00fc olan K\u00fc\u00e7\u00fckkuyu, art\u0131k kumlu plajlar\u0131 ve \u00e7ok say\u0131da oteliyle pop\u00fcler bir tatil beldesi olmu\u015ftur. K\u00fc\u00e7\u00fckkuyu&#8217;nun merkezinde ise T\u00fcrkiye&#8217;nin tek Zeytinya\u011f\u0131 M\u00fczesi olan Adatepe Zeytinya\u011f\u0131 M\u00fczesi yer almaktad\u0131r. KUCUKKUYU&#8217;YA NASIL G\u0130DEB\u0130L\u0130RS\u0130N\u0130Z?\u00c7ok basit, \u0130stanbul&#8217;a (Avrupa Yakas\u0131&#8217;na) u\u00e7uyor ve ard\u0131ndan yakla\u015f\u0131k 5 saatlik bir otob\u00fcs yolculu\u011fu veya i\u00e7 hat u\u00e7u\u015fuyla \u00c7anakkale&#8217;ye ge\u00e7iyorsunuz. Ayr\u0131ca K\u00fc\u00e7\u00fckkuyu&#8217;daki otellerde \u00f6zel indirimler de sunuyoruz. Seyahat rezervasyonunuzda size yard\u0131mc\u0131 olmaktan memnuniyet duyar\u0131z. Tabii ki, seyahatinizi kendiniz de rezerve edebilirsiniz. Herhangi bir sorunuz varsa, bug\u00fcn bizimle ileti\u015fime ge\u00e7ebilirsiniz. Size yard\u0131mc\u0131 olmaktan memnuniyet duyar\u0131z.<\/p>\n","protected":false},"author":4,"featured_media":0,"parent":5138,"menu_order":0,"comment_status":"closed","ping_status":"closed","template":"","meta":{"_joinchat":[],"footnotes":""},"class_list":["post-5139","page","type-page","status-publish","hentry"],"acf":[],"_links":{"self":[{"href":"https:\/\/medicaltravel.ch\/tr\/wp-json\/wp\/v2\/pages\/5139","targetHints":{"allow":["GET"]}}],"collection":[{"href":"https:\/\/medicaltravel.ch\/tr\/wp-json\/wp\/v2\/pages"}],"about":[{"href":"https:\/\/medicaltravel.ch\/tr\/wp-json\/wp\/v2\/types\/page"}],"author":[{"embeddable":true,"href":"https:\/\/medicaltravel.ch\/tr\/wp-json\/wp\/v2\/users\/4"}],"replies":[{"embeddable":true,"href":"https:\/\/medicaltravel.ch\/tr\/wp-json\/wp\/v2\/comments?post=5139"}],"version-history":[{"count":3,"href":"https:\/\/medicaltravel.ch\/tr\/wp-json\/wp\/v2\/pages\/5139\/revisions"}],"predecessor-version":[{"id":5142,"href":"https:\/\/medicaltravel.ch\/tr\/wp-json\/wp\/v2\/pages\/5139\/revisions\/5142"}],"up":[{"embeddable":true,"href":"https:\/\/medicaltravel.ch\/tr\/wp-json\/wp\/v2\/pages\/5138"}],"wp:attachment":[{"href":"https:\/\/medicaltravel.ch\/tr\/wp-json\/wp\/v2\/media?parent=5139"}],"curies":[{"name":"wp","href":"https:\/\/api.w.org\/{rel}","templated":true}]}}