{"id":5151,"date":"2025-09-17T10:04:54","date_gmt":"2025-09-17T09:04:54","guid":{"rendered":"https:\/\/medicaltravel.ch\/dializ-tatili\/dializ-tatili\/"},"modified":"2026-01-03T22:12:07","modified_gmt":"2026-01-03T21:12:07","slug":"dializ-tatili","status":"publish","type":"page","link":"https:\/\/medicaltravel.ch\/tr\/dializ-tatili\/dializ-tatili\/","title":{"rendered":"Dializ tatili"},"content":{"rendered":"\t\t<div data-elementor-type=\"wp-page\" data-elementor-id=\"5151\" class=\"elementor elementor-5151 elementor-195\" data-elementor-post-type=\"page\">\n\t\t\t\t<div class=\"elementor-element elementor-element-35b46d47 e-flex e-con-boxed wpr-particle-no wpr-jarallax-no wpr-parallax-no wpr-sticky-section-no e-con e-parent\" data-id=\"35b46d47\" data-element_type=\"container\" data-e-type=\"container\">\n\t\t\t\t\t<div class=\"e-con-inner\">\n\t\t<div class=\"elementor-element elementor-element-1582499 e-con-full e-flex wpr-particle-no wpr-jarallax-no wpr-parallax-no wpr-sticky-section-no e-con e-child\" data-id=\"1582499\" data-element_type=\"container\" data-e-type=\"container\">\n\t\t\t\t<div class=\"elementor-element elementor-element-25e3421 elementor-widget elementor-widget-button\" data-id=\"25e3421\" data-element_type=\"widget\" data-e-type=\"widget\" data-widget_type=\"button.default\">\n\t\t\t\t\t\t\t\t\t\t<a class=\"elementor-button elementor-button-link elementor-size-sm\" href=\"https:\/\/medicaltravel.ch\/tr\/dializ-tatili\/dializ-tatili\/\">\n\t\t\t\t\t\t<span class=\"elementor-button-content-wrapper\">\n\t\t\t\t\t\t\t\t\t<span class=\"elementor-button-text\">Dializ tatili<\/span>\n\t\t\t\t\t<\/span>\n\t\t\t\t\t<\/a>\n\t\t\t\t\t\t\t\t<\/div>\n\t\t\t\t<div class=\"elementor-element elementor-element-7ad2129 elementor-widget elementor-widget-button\" data-id=\"7ad2129\" data-element_type=\"widget\" data-e-type=\"widget\" data-widget_type=\"button.default\">\n\t\t\t\t\t\t\t\t\t\t<a class=\"elementor-button elementor-button-link elementor-size-sm\" href=\"https:\/\/medicaltravel.ch\/tr\/dializ-tatili\/istanbulda-dializ\/\">\n\t\t\t\t\t\t<span class=\"elementor-button-content-wrapper\">\n\t\t\t\t\t\t\t\t\t<span class=\"elementor-button-text\">\u0130stanbul'da dializ<\/span>\n\t\t\t\t\t<\/span>\n\t\t\t\t\t<\/a>\n\t\t\t\t\t\t\t\t<\/div>\n\t\t\t\t<div class=\"elementor-element elementor-element-29ceb81 elementor-widget elementor-widget-button\" data-id=\"29ceb81\" data-element_type=\"widget\" data-e-type=\"widget\" data-widget_type=\"button.default\">\n\t\t\t\t\t\t\t\t\t\t<a class=\"elementor-button elementor-button-link elementor-size-sm\" href=\"https:\/\/medicaltravel.ch\/tr\/dializ-tatili\/denizde-dializ\/\">\n\t\t\t\t\t\t<span class=\"elementor-button-content-wrapper\">\n\t\t\t\t\t\t\t\t\t<span class=\"elementor-button-text\">Denizde dializ<\/span>\n\t\t\t\t\t<\/span>\n\t\t\t\t\t<\/a>\n\t\t\t\t\t\t\t\t<\/div>\n\t\t\t\t<\/div>\n\t\t\t\t<div class=\"elementor-element elementor-element-364479c6 elementor-widget elementor-widget-text-editor\" data-id=\"364479c6\" data-element_type=\"widget\" data-e-type=\"widget\" data-widget_type=\"text-editor.default\">\n\t\t\t\t\t\t\t\t\t\n<h2 class=\"wp-block-heading\">\u0130stanbul&#8217;da Dializ<\/h2>\n\n<h2 class=\"wp-block-heading\">T\u00fcrkiye&#8217;de Diyaliz Tatili<\/h2>\n\n<p>MedicalTravel, tatil diyalizi sa\u011flay\u0131c\u0131s\u0131 olarak, T\u00fcrkiye&#8217;deki hemen hemen t\u00fcm \u015fehirlerde birden fazla \u00f6zel diyaliz merkezi portf\u00f6y\u00fcne sahiptir.<\/p>\n\n<p>Bize tatil adresinizi bildirin, biz de sizin i\u00e7in Avrupa standartlar\u0131nda yak\u0131nlardaki t\u00fcm diyaliz merkezlerini se\u00e7elim!<\/p>\n\n<p><strong>T\u00fcrkiye&#8217;deki Tatil Diyaliz Merkezleri:<\/strong><\/p>\n\n<p>T\u00fcrkiye&#8217;nin tatil b\u00f6lgelerinde, yabanc\u0131 dil bilen personele sahip ve uzun y\u0131llara dayanan deneyime sahip, yabanc\u0131 \u00fclkelerden gelen misafir hastalar\u0131n beklentilerine ve isteklerine \u00e7ok iyi derecede hakim olan tan\u0131nm\u0131\u015f \u00f6zel tatil diyalizleri bulunmaktad\u0131r. Ger\u00e7ek tatil diyaliz merkezlerinde bazen tatil hastalar\u0131 i\u00e7in 3-10 bo\u015f tedavi yeri ayr\u0131lmaktad\u0131r; bu da tatil diyalizlerinin daha esnek olabilmesini sa\u011flar. <\/p>\n\n<p>Burada, bireysel olarak 5 saat diyaliz tedavisi alabilir ve tedavi raporunuzda belirtilen tedavi t\u00fcr\u00fcyle tamamen ayn\u0131 hizmeti al\u0131rs\u0131n\u0131z.<\/p>\n\n<p>Burada devreye giriyoruz ve siz, diyaliz merkezi ve sigorta \u015firketleri aras\u0131nda bir k\u00f6pr\u00fc kuruyoruz. Her \u015feyi, tatil diyalizi ile yerel diyaliz aras\u0131ndaki fark\u0131 sonunda hissetmeyece\u011finiz \u015fekilde organize etmeye \u00e7al\u0131\u015f\u0131yoruz. <\/p>\n\n<p>T\u00fcrkiye&#8217;nin hemen hemen her yerinde, Antalya, \u0130zmir, \u0130stanbul, \u00c7anakkale, Kapadokya gibi b\u00f6lgeler de dahil olmak \u00fczere, size bir diyaliz merkezi sunabiliriz.<\/p>\n\n<p>Seyahatinizi isterseniz kendiniz organize edebilir ya da bizim arac\u0131l\u0131\u011f\u0131m\u0131zla rezervasyon yapt\u0131rabilirsiniz.<\/p>\n\n<p>\u00c7o\u011fu diyaliz merkezi, hastalar\u0131 otelden al\u0131r ve tekrar geri g\u00f6t\u00fcr\u00fcr. Bu genellikle fiyat\u0131n i\u00e7ine dahildir. <\/p>\n\n<p>Yenilik\u00e7i diyaliz merkezleri sayesinde, yurtd\u0131\u015f\u0131nda &#8220;En \u0130yi Tatil Diyalizleri&#8221; olarak kendini tan\u0131tm\u0131\u015f olan bu merkezler, g\u00fcn\u00fcm\u00fczde Almanya, \u0130svi\u00e7re ve Avusturya&#8217;dan gelen diyaliz hastalar\u0131 i\u00e7in T\u00fcrkiye&#8217;ye seyahat etmeyi bir rutin haline getirmi\u015ftir.<\/p>\n\n<p>Tatil b\u00f6lgelerindeki diyaliz merkezlerinde ve turistik yerlerdeki personel, yabanc\u0131 diyaliz hastalar\u0131yla ileti\u015fim konusunda deneyimlidir ve \u00e7ok dilli \u00e7al\u0131\u015fanlarla iyi bir \u015fekilde haz\u0131rlanm\u0131\u015ft\u0131r.<\/p>\n\n<p>\u00dcLKE \u0130\u00c7\u0130 D\u0130YAL\u0130Z MERKEZLER\u0130:<br>\u00dclke i\u00e7inde arkada\u015flar\u0131n\u0131z\u0131 ve ailenizi ziyaret etmek istiyor ve turistlere deneyimi olmayan bir diyaliz merkezine gitmek zorunda m\u0131s\u0131n\u0131z? Burada da, size uygun, yak\u0131n bir klinik bulmada yard\u0131mc\u0131 oluruz ve diyaliz yeri rezervasyonu ya da otelinizden ya da evinizden al\u0131nma saatlerinin organizasyonu gibi t\u00fcm i\u015flemleri \u00fcstleniriz. Ayr\u0131ca, doktor raporunuzu \u00e7evirip iletmeden \u00f6nce terc\u00fcme ederiz.  <\/p>\n\n<p>Her durumda, 24 saat ula\u015f\u0131labilir telefon numaram\u0131zla size s\u00fcrekli olarak yard\u0131mc\u0131 olmak i\u00e7in hizmetinizdeyiz.<\/p>\n\n<p>D\u0130YAL\u0130Z \u0130LA\u00c7LARI:<br>L\u00fctfen EPO\/NEO RECORMON, DEM\u0130R HAZM ED\u0130C\u0130LER, V\u0130TAM\u0130N-B (veya tedavi s\u0131ras\u0131nda hem\u015firelerimiz taraf\u0131ndan uygulanmas\u0131 gereken di\u011fer ila\u00e7lar) gibi ila\u00e7lar\u0131 kendiniz getiriniz. Bu ila\u00e7lar T\u00fcrkiye&#8217;de mevcuttur, ancak \u00e7o\u011fu durumda sigortalar maliyeti kar\u015f\u0131lamaz, bu y\u00fczden ila\u00e7lar\u0131n\u0131z, ana diyaliz merkeziniz taraf\u0131ndan bir so\u011futucu \u00e7antada sizin i\u00e7in g\u00f6nderilecektir. <\/p>\n\n<p>Fragmin veya Clexane gibi antikoag\u00fclanlar, diyaliz \u00fccretlerine dahil olup, yan\u0131n\u0131za alman\u0131za gerek yoktur.<\/p>\n\n<p><strong>Neden bizimle rezervasyon yapmal\u0131s\u0131n\u0131z?<\/strong><\/p>\n\n<ul class=\"wp-block-list\">\n<li>Tatildeki konaklama yerinize en yak\u0131n en iyi tatil diyaliz merkezini se\u00e7menizde yard\u0131mc\u0131 olma.<\/li>\n\n<li>T\u00fcrkiye genelindeki t\u00fcm diyaliz merkezlerinde diyaliz yeri rezervasyonu, Almanca konu\u015fan merkezi\u011fimiz arac\u0131l\u0131\u011f\u0131yla yap\u0131lmaktad\u0131r.<\/li>\n\n<li>Diyaliz transferi organizasyonu ve al\u0131m saatlerinin d\u00fczenlenmesi.<\/li>\n\n<li>Sa\u011fl\u0131k sigortan\u0131zdan maliyet onay\u0131 al\u0131nmas\u0131.<\/li>\n\n<li>Almanya, \u0130svi\u00e7re, Avusturya&#8217;daki diyaliz merkezinizden tam t\u0131bbi belgelerin talep edilmesi ve terc\u00fcmesi.<\/li>\n\n<li>Seyahat organizasyonu, u\u00e7ak, otel ve transferler dahil. <\/li>\n<\/ul>\n\n<p>T\u00fcrkiye&#8217;de nerelerde m\u00fcmk\u00fcnd\u00fcr?<br>Diyaliz tedavisini T\u00fcrkiye&#8217;nin hemen her \u015fehrinde sunabiliyoruz, \u00f6rne\u011fin:<br>\u0130stanbul, Antalya Merkez, Antalya-Manavgat, Antalya-Belek, Alanya, Kemer, Bodrum, Marmaris, Ku\u015fadas\u0131, Ankara, Eski\u015fehir, \u00c7anakkale, Ayvac\u0131k-K\u00fc\u00e7\u00fckkuyu, \u0130zmir, Adana, Kayseri (Kapadokya), Afyon, Tokat ve daha fazlas\u0131.<\/p>\n\n<p>Ba\u015fka sorunuz var m\u0131? Sizinle<a href=\"https:\/\/medicaltravel.ch\/kontakt\/\" data-type=\"page\" data-id=\"225\"> ileti\u015fime<\/a> ge\u00e7meyi d\u00f6rt g\u00f6zle bekliyoruz. <\/p>\n\t\t\t\t\t\t\t\t<\/div>\n\t\t\t\t\t<\/div>\n\t\t\t\t<\/div>\n\t\t\t\t<\/div>\n\t\t","protected":false},"excerpt":{"rendered":"<p>Dializ tatili \u0130stanbul&#8217;da dializ Denizde dializ \u0130stanbul&#8217;da Dializ T\u00fcrkiye&#8217;de Diyaliz Tatili MedicalTravel, tatil diyalizi sa\u011flay\u0131c\u0131s\u0131 olarak, T\u00fcrkiye&#8217;deki hemen hemen t\u00fcm \u015fehirlerde birden fazla \u00f6zel diyaliz merkezi portf\u00f6y\u00fcne sahiptir. Bize tatil adresinizi bildirin, biz de sizin i\u00e7in Avrupa standartlar\u0131nda yak\u0131nlardaki t\u00fcm diyaliz merkezlerini se\u00e7elim! T\u00fcrkiye&#8217;deki Tatil Diyaliz Merkezleri: T\u00fcrkiye&#8217;nin tatil b\u00f6lgelerinde, yabanc\u0131 dil bilen personele sahip ve uzun y\u0131llara dayanan deneyime sahip, yabanc\u0131 \u00fclkelerden gelen misafir hastalar\u0131n beklentilerine ve isteklerine \u00e7ok iyi derecede hakim olan tan\u0131nm\u0131\u015f \u00f6zel tatil diyalizleri bulunmaktad\u0131r. Ger\u00e7ek tatil diyaliz merkezlerinde bazen tatil hastalar\u0131 i\u00e7in 3-10 bo\u015f tedavi yeri ayr\u0131lmaktad\u0131r; bu da tatil diyalizlerinin daha esnek olabilmesini sa\u011flar. Burada, bireysel olarak 5 saat diyaliz tedavisi alabilir ve tedavi raporunuzda belirtilen tedavi t\u00fcr\u00fcyle tamamen ayn\u0131 hizmeti al\u0131rs\u0131n\u0131z. Burada devreye giriyoruz ve siz, diyaliz merkezi ve sigorta \u015firketleri aras\u0131nda bir k\u00f6pr\u00fc kuruyoruz. Her \u015feyi, tatil diyalizi ile yerel diyaliz aras\u0131ndaki fark\u0131 sonunda hissetmeyece\u011finiz \u015fekilde organize etmeye \u00e7al\u0131\u015f\u0131yoruz. T\u00fcrkiye&#8217;nin hemen hemen her yerinde, Antalya, \u0130zmir, \u0130stanbul, \u00c7anakkale, Kapadokya gibi b\u00f6lgeler de dahil olmak \u00fczere, size bir diyaliz merkezi sunabiliriz. Seyahatinizi isterseniz kendiniz organize edebilir ya da bizim arac\u0131l\u0131\u011f\u0131m\u0131zla rezervasyon yapt\u0131rabilirsiniz. \u00c7o\u011fu diyaliz merkezi, hastalar\u0131 otelden al\u0131r ve tekrar geri g\u00f6t\u00fcr\u00fcr. Bu genellikle fiyat\u0131n i\u00e7ine dahildir. Yenilik\u00e7i diyaliz merkezleri sayesinde, yurtd\u0131\u015f\u0131nda &#8220;En \u0130yi Tatil Diyalizleri&#8221; olarak kendini tan\u0131tm\u0131\u015f olan bu merkezler, g\u00fcn\u00fcm\u00fczde Almanya, \u0130svi\u00e7re ve Avusturya&#8217;dan gelen diyaliz hastalar\u0131 i\u00e7in T\u00fcrkiye&#8217;ye seyahat etmeyi bir rutin haline getirmi\u015ftir. Tatil b\u00f6lgelerindeki diyaliz merkezlerinde ve turistik yerlerdeki personel, yabanc\u0131 diyaliz hastalar\u0131yla ileti\u015fim konusunda deneyimlidir ve \u00e7ok dilli \u00e7al\u0131\u015fanlarla iyi bir \u015fekilde haz\u0131rlanm\u0131\u015ft\u0131r. \u00dcLKE \u0130\u00c7\u0130 D\u0130YAL\u0130Z MERKEZLER\u0130:\u00dclke i\u00e7inde arkada\u015flar\u0131n\u0131z\u0131 ve ailenizi ziyaret etmek istiyor ve turistlere deneyimi olmayan bir diyaliz merkezine gitmek zorunda m\u0131s\u0131n\u0131z? Burada da, size uygun, yak\u0131n bir klinik bulmada yard\u0131mc\u0131 oluruz ve diyaliz yeri rezervasyonu ya da otelinizden ya da evinizden al\u0131nma saatlerinin organizasyonu gibi t\u00fcm i\u015flemleri \u00fcstleniriz. Ayr\u0131ca, doktor raporunuzu \u00e7evirip iletmeden \u00f6nce terc\u00fcme ederiz. Her durumda, 24 saat ula\u015f\u0131labilir telefon numaram\u0131zla size s\u00fcrekli olarak yard\u0131mc\u0131 olmak i\u00e7in hizmetinizdeyiz. D\u0130YAL\u0130Z \u0130LA\u00c7LARI:L\u00fctfen EPO\/NEO RECORMON, DEM\u0130R HAZM ED\u0130C\u0130LER, V\u0130TAM\u0130N-B (veya tedavi s\u0131ras\u0131nda hem\u015firelerimiz taraf\u0131ndan uygulanmas\u0131 gereken di\u011fer ila\u00e7lar) gibi ila\u00e7lar\u0131 kendiniz getiriniz. Bu ila\u00e7lar T\u00fcrkiye&#8217;de mevcuttur, ancak \u00e7o\u011fu durumda sigortalar maliyeti kar\u015f\u0131lamaz, bu y\u00fczden ila\u00e7lar\u0131n\u0131z, ana diyaliz merkeziniz taraf\u0131ndan bir so\u011futucu \u00e7antada sizin i\u00e7in g\u00f6nderilecektir. Fragmin veya Clexane gibi antikoag\u00fclanlar, diyaliz \u00fccretlerine dahil olup, yan\u0131n\u0131za alman\u0131za gerek yoktur. Neden bizimle rezervasyon yapmal\u0131s\u0131n\u0131z? Tatildeki konaklama yerinize en yak\u0131n en iyi tatil diyaliz merkezini se\u00e7menizde yard\u0131mc\u0131 olma. T\u00fcrkiye genelindeki t\u00fcm diyaliz merkezlerinde diyaliz yeri rezervasyonu, Almanca konu\u015fan merkezi\u011fimiz arac\u0131l\u0131\u011f\u0131yla yap\u0131lmaktad\u0131r. Diyaliz transferi organizasyonu ve al\u0131m saatlerinin d\u00fczenlenmesi. Sa\u011fl\u0131k sigortan\u0131zdan maliyet onay\u0131 al\u0131nmas\u0131. Almanya, \u0130svi\u00e7re, Avusturya&#8217;daki diyaliz merkezinizden tam t\u0131bbi belgelerin talep edilmesi ve terc\u00fcmesi. Seyahat organizasyonu, u\u00e7ak, otel ve transferler dahil. T\u00fcrkiye&#8217;de nerelerde m\u00fcmk\u00fcnd\u00fcr?Diyaliz tedavisini T\u00fcrkiye&#8217;nin hemen her \u015fehrinde sunabiliyoruz, \u00f6rne\u011fin:\u0130stanbul, Antalya Merkez, Antalya-Manavgat, Antalya-Belek, Alanya, Kemer, Bodrum, Marmaris, Ku\u015fadas\u0131, Ankara, Eski\u015fehir, \u00c7anakkale, Ayvac\u0131k-K\u00fc\u00e7\u00fckkuyu, \u0130zmir, Adana, Kayseri (Kapadokya), Afyon, Tokat ve daha fazlas\u0131. Ba\u015fka sorunuz var m\u0131? Sizinle ileti\u015fime ge\u00e7meyi d\u00f6rt g\u00f6zle bekliyoruz.<\/p>\n","protected":false},"author":4,"featured_media":0,"parent":5138,"menu_order":0,"comment_status":"closed","ping_status":"closed","template":"","meta":{"_joinchat":[],"footnotes":""},"class_list":["post-5151","page","type-page","status-publish","hentry"],"acf":[],"_links":{"self":[{"href":"https:\/\/medicaltravel.ch\/tr\/wp-json\/wp\/v2\/pages\/5151","targetHints":{"allow":["GET"]}}],"collection":[{"href":"https:\/\/medicaltravel.ch\/tr\/wp-json\/wp\/v2\/pages"}],"about":[{"href":"https:\/\/medicaltravel.ch\/tr\/wp-json\/wp\/v2\/types\/page"}],"author":[{"embeddable":true,"href":"https:\/\/medicaltravel.ch\/tr\/wp-json\/wp\/v2\/users\/4"}],"replies":[{"embeddable":true,"href":"https:\/\/medicaltravel.ch\/tr\/wp-json\/wp\/v2\/comments?post=5151"}],"version-history":[{"count":3,"href":"https:\/\/medicaltravel.ch\/tr\/wp-json\/wp\/v2\/pages\/5151\/revisions"}],"predecessor-version":[{"id":5154,"href":"https:\/\/medicaltravel.ch\/tr\/wp-json\/wp\/v2\/pages\/5151\/revisions\/5154"}],"up":[{"embeddable":true,"href":"https:\/\/medicaltravel.ch\/tr\/wp-json\/wp\/v2\/pages\/5138"}],"wp:attachment":[{"href":"https:\/\/medicaltravel.ch\/tr\/wp-json\/wp\/v2\/media?parent=5151"}],"curies":[{"name":"wp","href":"https:\/\/api.w.org\/{rel}","templated":true}]}}