{"id":5158,"date":"2025-09-17T08:58:17","date_gmt":"2025-09-17T07:58:17","guid":{"rendered":"https:\/\/medicaltravel.ch\/sac-ekimi\/sac-ekimi-teklifi-tuerkiye\/"},"modified":"2026-01-03T22:32:30","modified_gmt":"2026-01-03T21:32:30","slug":"sac-ekimi-teklifi-tuerkiye","status":"publish","type":"page","link":"https:\/\/medicaltravel.ch\/tr\/sac-ekimi\/sac-ekimi-teklifi-tuerkiye\/","title":{"rendered":"Sa\u00e7 ekimi teklifi T\u00fcrkiye"},"content":{"rendered":"\t\t<div data-elementor-type=\"wp-page\" data-elementor-id=\"5158\" class=\"elementor elementor-5158 elementor-139\" data-elementor-post-type=\"page\">\n\t\t\t\t<div class=\"elementor-element elementor-element-2da484e2 e-flex e-con-boxed wpr-particle-no wpr-jarallax-no wpr-parallax-no wpr-sticky-section-no e-con e-parent\" data-id=\"2da484e2\" data-element_type=\"container\" data-e-type=\"container\">\n\t\t\t\t\t<div class=\"e-con-inner\">\n\t\t<div class=\"elementor-element elementor-element-c0c27ee e-con-full e-flex wpr-particle-no wpr-jarallax-no wpr-parallax-no wpr-sticky-section-no e-con e-child\" data-id=\"c0c27ee\" data-element_type=\"container\" data-e-type=\"container\">\n\t\t\t\t<div class=\"elementor-element elementor-element-cdca4ef elementor-widget elementor-widget-button\" data-id=\"cdca4ef\" data-element_type=\"widget\" data-e-type=\"widget\" data-widget_type=\"button.default\">\n\t\t\t\t\t\t\t\t\t\t<a class=\"elementor-button elementor-button-link elementor-size-sm\" href=\"https:\/\/medicaltravel.ch\/haartransplantation\/turkei-istanbul-haartransplantation\/\">\n\t\t\t\t\t\t<span class=\"elementor-button-content-wrapper\">\n\t\t\t\t\t\t\t\t\t<span class=\"elementor-button-text\">Sa\u00e7 ekimi<\/span>\n\t\t\t\t\t<\/span>\n\t\t\t\t\t<\/a>\n\t\t\t\t\t\t\t\t<\/div>\n\t\t\t\t<div class=\"elementor-element elementor-element-f9cc79e elementor-widget elementor-widget-button\" data-id=\"f9cc79e\" data-element_type=\"widget\" data-e-type=\"widget\" data-widget_type=\"button.default\">\n\t\t\t\t\t\t\t\t\t\t<a class=\"elementor-button elementor-button-link elementor-size-sm\" href=\"https:\/\/medicaltravel.ch\/haartransplantation\/die-spitaler\/haarkliniken-in-istanbul-turkei\/\">\n\t\t\t\t\t\t<span class=\"elementor-button-content-wrapper\">\n\t\t\t\t\t\t\t\t\t<span class=\"elementor-button-text\">Die Spit\u00e4ler<\/span>\n\t\t\t\t\t<\/span>\n\t\t\t\t\t<\/a>\n\t\t\t\t\t\t\t\t<\/div>\n\t\t\t\t<div class=\"elementor-element elementor-element-64f1c4a elementor-widget elementor-widget-button\" data-id=\"64f1c4a\" data-element_type=\"widget\" data-e-type=\"widget\" data-widget_type=\"button.default\">\n\t\t\t\t\t\t\t\t\t\t<a class=\"elementor-button elementor-button-link elementor-size-sm\" href=\"https:\/\/medicaltravel.ch\/haartransplantation\/leistungsspektrum\/turkei-istanbul-fue-fuer-maenner\/\">\n\t\t\t\t\t\t<span class=\"elementor-button-content-wrapper\">\n\t\t\t\t\t\t\t\t\t<span class=\"elementor-button-text\">Hizmet yelpazesi<\/span>\n\t\t\t\t\t<\/span>\n\t\t\t\t\t<\/a>\n\t\t\t\t\t\t\t\t<\/div>\n\t\t\t\t<div class=\"elementor-element elementor-element-a1429e7 elementor-widget elementor-widget-button\" data-id=\"a1429e7\" data-element_type=\"widget\" data-e-type=\"widget\" data-widget_type=\"button.default\">\n\t\t\t\t\t\t\t\t\t\t<a class=\"elementor-button elementor-button-link elementor-size-sm\" href=\"https:\/\/medicaltravel.ch\/tr\/sac-ekimi\/sac-ekimi-teklifi-tuerkiye\/\">\n\t\t\t\t\t\t<span class=\"elementor-button-content-wrapper\">\n\t\t\t\t\t\t\t\t\t<span class=\"elementor-button-text\">Teklif<\/span>\n\t\t\t\t\t<\/span>\n\t\t\t\t\t<\/a>\n\t\t\t\t\t\t\t\t<\/div>\n\t\t\t\t<div class=\"elementor-element elementor-element-317ee5e elementor-widget elementor-widget-button\" data-id=\"317ee5e\" data-element_type=\"widget\" data-e-type=\"widget\" data-widget_type=\"button.default\">\n\t\t\t\t\t\t\t\t\t\t<a class=\"elementor-button elementor-button-link elementor-size-sm\" href=\"https:\/\/medicaltravel.ch\/haartransplantation\/turkei-istanbul-preise-kosten\/\">\n\t\t\t\t\t\t<span class=\"elementor-button-content-wrapper\">\n\t\t\t\t\t\t\t\t\t<span class=\"elementor-button-text\">Fiyatlar<\/span>\n\t\t\t\t\t<\/span>\n\t\t\t\t\t<\/a>\n\t\t\t\t\t\t\t\t<\/div>\n\t\t\t\t<\/div>\n\t\t\t\t<div class=\"elementor-element elementor-element-72d23f58 elementor-widget elementor-widget-text-editor\" data-id=\"72d23f58\" data-element_type=\"widget\" data-e-type=\"widget\" data-widget_type=\"text-editor.default\">\n\t\t\t\t\t\t\t\t\t\n<h2 class=\"wp-block-heading\"><strong>TEKL\u0130F \u2013 SA\u00c7 B\u0130TK\u0130LER\u0130 T\u00fcrkiye<\/strong><\/h2>\n<hr class=\"wp-block-separator has-alpha-channel-opacity\">\n<p><strong>T\u00dcRK\u0130YE&#8217;DE SA\u00c7 EK\u0130M\u0130 &#8211; TEKL\u0130F<\/strong><\/p>\n\n<p>Amac\u0131m\u0131z, &#8220;sa\u00e7lar\u0131n\u0131z\u0131 geri kazanma&#8221; iste\u011finizi, \u0130stanbul veya Antalya gibi harika d\u00fcnya \u015fehirlerinde, en iyi hastanelerde sa\u011flanan t\u0131bbi ve organizasyonel olarak y\u00fcksek kaliteli bir hizmetle ger\u00e7ekle\u015ftirmektir.<\/p>\n\n<p><strong>Kapsaml\u0131 hizmetlerimizin tad\u0131n\u0131 \u00e7\u0131kar\u0131n.<\/strong><\/p>\n\n<p>\u0130stanbul\/Antalya&#8217;ya yap\u0131lacak bir sa\u00e7 ekimi seyahati belirli bir organizasyon gerektirir. Bu organizasyonu sizin i\u00e7in memnuniyetle \u00fcstleniyoruz. <\/p>\n\n<p>\u00dccretsiz, ba\u011flay\u0131c\u0131 olmayan ve ki\u015fisel dan\u0131\u015fmanl\u0131k hizmetimizden faydalanabilirsiniz.<br>Dan\u0131\u015fmanl\u0131k dillerimiz Almanca, \u0130ngilizce ve T\u00fcrk\u00e7e olup, Frans\u0131zca dan\u0131\u015fmanl\u0131k da yaz\u0131l\u0131 olarak sunulmaktad\u0131r. <\/p>\n\n<ul class=\"wp-block-list\">\n<li>\u0130svi\u00e7re&#8217;deki \u00f6n muayeneniz (iste\u011fe ba\u011fl\u0131)<\/li>\n<\/ul>\n\n<p>\u0130stanbul&#8217;a gelecek hastalar i\u00e7in, \u0130svi\u00e7re&#8217;deki dan\u0131\u015fmanl\u0131k g\u00fcnlerinde \u0130stanbul&#8217;dan uzman hekimler taraf\u0131ndan muayene edilme imkan\u0131 da bulunmaktad\u0131r. E\u011fer dan\u0131\u015fmanl\u0131k g\u00fcnlerine kat\u0131lamazsan\u0131z, sadece sa\u00e7 foto\u011fraflar\u0131n\u0131z\u0131 g\u00f6ndermeniz de bize \u00e7ok yard\u0131mc\u0131 olacakt\u0131r. <\/p>\n\n<ul class=\"wp-block-list\">\n<li>T\u0131bbiSeyahatPass<\/li>\n<\/ul>\n\n<p>O, bizim benzersiz ek hizmetimizdir. Pass, T\u00fcrkiye&#8217;deki kal\u0131\u015f\u0131n\u0131z ve operasyonunuzun iyile\u015fme s\u00fcreci hakk\u0131nda gerekli t\u00fcm bireysel bilgileri i\u00e7erir. Pasaportla ayn\u0131 boyutta olup, her zaman elinizin alt\u0131nda ta\u015f\u0131yabilece\u011finiz bir formattad\u0131r. Seyahatinizden \u00f6nce size \u00f6zel olarak d\u00fczenlenir.   <\/p>\n\n<ul class=\"wp-block-list\">\n<li>U\u00e7u\u015f<\/li>\n<\/ul>\n\n<p>Ne zaman ve nas\u0131l olaca\u011f\u0131na siz karar verirsiniz, biz sadece \u00f6neriler sunar\u0131z. Sa\u011fl\u0131k ama\u00e7l\u0131 seyahatler i\u00e7in havayollar\u0131n\u0131n sundu\u011fu \u00f6zel u\u00e7ak bileti fiyatlar\u0131ndan faydalanabilirsiniz.  A\u015fa\u011f\u0131daki havayollar\u0131 T\u00fcrkiye&#8217;ye u\u00e7u\u015f d\u00fczenlemektedir:<\/p>\n\n<ul class=\"wp-block-list\">\n<li> T\u00fcrk Hava Yollar\u0131 (Z\u00fcrih, Cenevre ve Basel&#8217;den g\u00fcnl\u00fck seferler)<\/li>\n\n<li> Pegasus Havayollar\u0131 (\u00e7o\u011funlukla Pazartesi, \u00c7ar\u015famba, Cumartesi)<\/li>\n<\/ul>\n\n<figure class=\"wp-block-image size-full\"><img decoding=\"async\" width=\"200\" height=\"118\" class=\"wp-image-491\" src=\"https:\/\/medicaltravel.ch\/wp-content\/uploads\/2025\/09\/zahnreisen-2.jpg\" alt=\"\"><\/figure>\n\n<ul class=\"wp-block-list\">\n<li>Havaliman\u0131 \u2013 otel transferi<\/li>\n<\/ul>\n\n<p>Kar\u015f\u0131lama servisimiz sizi memnuniyetle otele g\u00f6t\u00fcr\u00fcr. Bu transferler genellikle bireysel olarak yap\u0131l\u0131r, saatlerce trafikte dola\u015fan servis otob\u00fcsleri kullan\u0131lmaz. Yolculu\u011funuzun keyfini \u00e7\u0131kar\u0131n.  <\/p>\n\n<figure class=\"wp-block-image size-full\"><img decoding=\"async\" width=\"200\" height=\"83\" class=\"wp-image-492\" src=\"https:\/\/medicaltravel.ch\/wp-content\/uploads\/2025\/09\/zahnbehandlung-im-ausland-2.jpg\" alt=\"\"><\/figure>\n\n<ul class=\"wp-block-list\">\n<li>Otel<\/li>\n<\/ul>\n\n<p>Size uygun olabilecek se\u00e7enekler sunaca\u011f\u0131z; se\u00e7im size kalm\u0131\u015f. Oteller ya hastanenin yak\u0131n\u0131nda ya da turistik b\u00f6lgelerde bulunmaktad\u0131r. Sadece iyi ve temiz otellerle \u00e7al\u0131\u015f\u0131yoruz.  <\/p>\n\n<ul class=\"wp-block-list\">\n<li>Almanca konu\u015fan destek<\/li>\n<\/ul>\n\n<p>Doktoru anlaman\u0131z son derece \u00f6nemlidir. Hastanenin Almanca konu\u015fan personeli net ileti\u015fimi garanti eder. Elbette bu hizmet di\u011fer ulusal diller i\u00e7in de d\u00fczenlenebilir. Hastane neredeyse t\u00fcm Avrupa dillerinde yard\u0131mc\u0131 olabilir.   <\/p>\n\n<ul class=\"wp-block-list\">\n<li>\u00d6n muayeneniz<\/li>\n<\/ul>\n\n<p>Y\u00fcksek kaliteli tedavi sonu\u00e7lar\u0131 elde etmek i\u00e7in \u00f6n muayene son derece \u00f6nemlidir. Bu muayene s\u0131ras\u0131nda, mevcut sorunlar ve tedavileri belirlenir ve sizinle ayr\u0131nt\u0131l\u0131 olarak g\u00f6r\u00fc\u015f\u00fcl\u00fcr. Ard\u0131ndan, size \u00f6zel, hassas tedavi plan\u0131n\u0131z sizinle birlikte kesinle\u015ftirilir.  <\/p>\n\n<ul class=\"wp-block-list\">\n<li>Ihre Behandlung<\/li>\n<\/ul>\n\n<p>Bu hastaneleri, yerinde incelemeler ve \u00e7e\u015fitli fakt\u00f6rlerin de\u011ferlendirilmesi de dahil olmak \u00fczere kapsaml\u0131 bir ara\u015ft\u0131rma sonucunda se\u00e7tik. Hastaneler hakk\u0131nda daha fazla bilgiyi <a href=\"https:\/\/medicaltravel.ch\/haartransplantation\/die-spitaler\/haarkliniken-in-istanbul-turkei\/\" data-type=\"page\" data-id=\"119\">burada <\/a>bulabilirsiniz. <\/p>\n\n<ul class=\"wp-block-list\">\n<li>Takip muayeneniz<\/li>\n<\/ul>\n\n<p>Ertesi g\u00fcn bir kontrol muayeneniz olacak. Bu muayene hem son bir kontrol hem de ba\u015f b\u00f6lgesi i\u00e7in ameliyat sonras\u0131 bak\u0131m niteli\u011findedir. <\/p>\n\n<ul class=\"wp-block-list\">\n<li>Otel-Havaliman\u0131 transferi<\/li>\n<\/ul>\n\n<p>Transfer ekibimiz, yolculu\u011funuzun sonuna kadar olumlu bir deneyim olmas\u0131n\u0131 sa\u011flar.<\/p>\n\n<ul class=\"wp-block-list\">\n<li>\u0130svi\u00e7re&#8217;de takip muayeneleri (iste\u011fe ba\u011fl\u0131, sadece \u0130stanbul&#8217;a seyahat eden hastalar i\u00e7in)<\/li>\n<\/ul>\n\n<p>\u0130stanbul&#8217;daki hastalar elbette \u0130svi\u00e7re&#8217;deki dan\u0131\u015fma g\u00fcnlerine tekrar kat\u0131labilir ve sa\u00e7lar\u0131n\u0131 bir uzman taraf\u0131ndan \u00fccretsiz olarak inceletebilirler.<\/p>\n\n<ul class=\"wp-block-list\">\n<li>Art\u0131k kaliteden \u00f6d\u00fcn vermeden uygun fiyatlarla sa\u00e7 ekimini herkes i\u00e7in eri\u015filebilir hale getiriyoruz. <a href=\"https:\/\/medicaltravel.ch\/haartransplantation\/turkei-istanbul-preise-kosten\/\" data-type=\"page\" data-id=\"141\">Maliyet \u00f6zetine buradan ula\u015fabilirsiniz.<\/a><\/li>\n<\/ul>\n\n<ul class=\"wp-block-list\">\n<li>\u0130svi\u00e7re&#8217;de neden daha pahal\u0131?<\/li>\n<\/ul>\n\n<p>\u0130svi\u00e7re, d\u00fcnyan\u0131n en pahal\u0131 \u00fclkelerinden biridir. Personel maliyetleri, bina kiralar\u0131 ve altyap\u0131 giderleri olduk\u00e7a y\u00fcksektir. Ayr\u0131ca ileri teknoloji cihazlar da son derece pahal\u0131d\u0131r. Bu yat\u0131r\u0131mlar\u0131n kar\u015f\u0131l\u0131\u011f\u0131n\u0131 alabilmek i\u00e7in y\u00fcksek say\u0131da hasta gereklidir. \u00dclke nispeten k\u00fc\u00e7\u00fck oldu\u011fu i\u00e7in, buradaki i\u015fletmeler y\u00fcksek fiyatlarla \u00e7al\u0131\u015fmak zorunda kalmaktad\u0131r.    <\/p>\n\n<ul class=\"wp-block-list\">\n<li>\u0130stanbul&#8217;da neden daha ucuz?<\/li>\n<\/ul>\n\n<p>Dolay\u0131s\u0131yla T\u00fcrkiye&#8217;deki doktor \u00fccretleri \u0130svi\u00e7re&#8217;deki muadillerine g\u00f6re \u00f6nemli \u00f6l\u00e7\u00fcde daha d\u00fc\u015f\u00fckt\u00fcr. Dahas\u0131, \u0130stanbul&#8217;un n\u00fcfusu tek ba\u015f\u0131na \u0130svi\u00e7re&#8217;nin tamam\u0131n\u0131n neredeyse iki kat\u0131d\u0131r. Bu da do\u011fal olarak daha fazla hasta anlam\u0131na gelir ve tedavi malzemelerinin tedarik maliyetleri ayn\u0131 olsa bile daha uygun fiyatlar sunmay\u0131 m\u00fcmk\u00fcn k\u0131lar.  <\/p>\n\n<p>Bu nedenle T\u00fcrkiye her y\u0131l Avrupa\u2019dan binlerce hastay\u0131 a\u011f\u0131rlamaktad\u0131r. Biz de bu sayede, buradaki kaliteyi makul fiyatlarla sunabiliyoruz. <\/p>\n\n<ul class=\"wp-block-list\">\n<li>Neden seyahatimi MedicalTravel ile planlamal\u0131y\u0131m? Seyahatimi kendim de planlayabilirim, de\u011fil mi? <\/li>\n<\/ul>\n\n<p>Elbette, seyahatinizi kendiniz de organize edebilirsiniz. Ancak bu genellikle zahmetli ve risklidir. Yurtd\u0131\u015f\u0131ndaki tedaviniz i\u00e7in ihtiyac\u0131n\u0131z olan her \u015feyle biz ilgileniyoruz. Tedaviniz ba\u015flayana kadar oldu\u011fu kadar sonras\u0131nda da g\u00fcvenilir orta\u011f\u0131n\u0131z\u0131z.   <\/p>\n\n<ul class=\"wp-block-list\">\n<li>Seyahatimi neden MedicalTravel ile organize etmeliyim? Kendim planlayamaz m\u0131y\u0131m? <\/li>\n<\/ul>\n\n<p>\u0130\u015fleri kendiniz de organize edebilirsiniz. Ancak bu genellikle zahmetli ve risklidir. Dahas\u0131, SwissLasik kapsaml\u0131 ve her \u015feyi kapsayan bir prensiple \u00e7al\u0131\u015f\u0131r. Yurtd\u0131\u015f\u0131ndaki g\u00f6z ameliyat\u0131n\u0131z i\u00e7in ihtiyac\u0131n\u0131z olan her \u015feyle ilgileniyoruz. Sadece ameliyata kadar de\u011fil, sonras\u0131nda da g\u00fcvenilir orta\u011f\u0131n\u0131z\u0131z.    <\/p>\n\n<p>Ba\u015fka sorular\u0131n\u0131z var m\u0131? <a href=\"https:\/\/medicaltravel.ch\/kontakt\/\" data-type=\"page\" data-id=\"225\">Sizinle ileti\u015fime<\/a> ge\u00e7menizi memnuniyetle bekliyoruz. <\/p>\n\t\t\t\t\t\t\t\t<\/div>\n\t\t\t\t\t<\/div>\n\t\t\t\t<\/div>\n\t\t\t\t<\/div>\n\t\t","protected":false},"excerpt":{"rendered":"<p>Sa\u00e7 ekimi Die Spit\u00e4ler Hizmet yelpazesi Teklif Fiyatlar TEKL\u0130F \u2013 SA\u00c7 B\u0130TK\u0130LER\u0130 T\u00fcrkiye T\u00dcRK\u0130YE&#8217;DE SA\u00c7 EK\u0130M\u0130 &#8211; TEKL\u0130F Amac\u0131m\u0131z, &#8220;sa\u00e7lar\u0131n\u0131z\u0131 geri kazanma&#8221; iste\u011finizi, \u0130stanbul veya Antalya gibi harika d\u00fcnya \u015fehirlerinde, en iyi hastanelerde sa\u011flanan t\u0131bbi ve organizasyonel olarak y\u00fcksek kaliteli bir hizmetle ger\u00e7ekle\u015ftirmektir. Kapsaml\u0131 hizmetlerimizin tad\u0131n\u0131 \u00e7\u0131kar\u0131n. \u0130stanbul\/Antalya&#8217;ya yap\u0131lacak bir sa\u00e7 ekimi seyahati belirli bir organizasyon gerektirir. Bu organizasyonu sizin i\u00e7in memnuniyetle \u00fcstleniyoruz. \u00dccretsiz, ba\u011flay\u0131c\u0131 olmayan ve ki\u015fisel dan\u0131\u015fmanl\u0131k hizmetimizden faydalanabilirsiniz.Dan\u0131\u015fmanl\u0131k dillerimiz Almanca, \u0130ngilizce ve T\u00fcrk\u00e7e olup, Frans\u0131zca dan\u0131\u015fmanl\u0131k da yaz\u0131l\u0131 olarak sunulmaktad\u0131r. \u0130svi\u00e7re&#8217;deki \u00f6n muayeneniz (iste\u011fe ba\u011fl\u0131) \u0130stanbul&#8217;a gelecek hastalar i\u00e7in, \u0130svi\u00e7re&#8217;deki dan\u0131\u015fmanl\u0131k g\u00fcnlerinde \u0130stanbul&#8217;dan uzman hekimler taraf\u0131ndan muayene edilme imkan\u0131 da bulunmaktad\u0131r. E\u011fer dan\u0131\u015fmanl\u0131k g\u00fcnlerine kat\u0131lamazsan\u0131z, sadece sa\u00e7 foto\u011fraflar\u0131n\u0131z\u0131 g\u00f6ndermeniz de bize \u00e7ok yard\u0131mc\u0131 olacakt\u0131r. T\u0131bbiSeyahatPass O, bizim benzersiz ek hizmetimizdir. Pass, T\u00fcrkiye&#8217;deki kal\u0131\u015f\u0131n\u0131z ve operasyonunuzun iyile\u015fme s\u00fcreci hakk\u0131nda gerekli t\u00fcm bireysel bilgileri i\u00e7erir. Pasaportla ayn\u0131 boyutta olup, her zaman elinizin alt\u0131nda ta\u015f\u0131yabilece\u011finiz bir formattad\u0131r. Seyahatinizden \u00f6nce size \u00f6zel olarak d\u00fczenlenir. U\u00e7u\u015f Ne zaman ve nas\u0131l olaca\u011f\u0131na siz karar verirsiniz, biz sadece \u00f6neriler sunar\u0131z. Sa\u011fl\u0131k ama\u00e7l\u0131 seyahatler i\u00e7in havayollar\u0131n\u0131n sundu\u011fu \u00f6zel u\u00e7ak bileti fiyatlar\u0131ndan faydalanabilirsiniz. A\u015fa\u011f\u0131daki havayollar\u0131 T\u00fcrkiye&#8217;ye u\u00e7u\u015f d\u00fczenlemektedir: T\u00fcrk Hava Yollar\u0131 (Z\u00fcrih, Cenevre ve Basel&#8217;den g\u00fcnl\u00fck seferler) Pegasus Havayollar\u0131 (\u00e7o\u011funlukla Pazartesi, \u00c7ar\u015famba, Cumartesi) Havaliman\u0131 \u2013 otel transferi Kar\u015f\u0131lama servisimiz sizi memnuniyetle otele g\u00f6t\u00fcr\u00fcr. Bu transferler genellikle bireysel olarak yap\u0131l\u0131r, saatlerce trafikte dola\u015fan servis otob\u00fcsleri kullan\u0131lmaz. Yolculu\u011funuzun keyfini \u00e7\u0131kar\u0131n. Otel Size uygun olabilecek se\u00e7enekler sunaca\u011f\u0131z; se\u00e7im size kalm\u0131\u015f. Oteller ya hastanenin yak\u0131n\u0131nda ya da turistik b\u00f6lgelerde bulunmaktad\u0131r. Sadece iyi ve temiz otellerle \u00e7al\u0131\u015f\u0131yoruz. Almanca konu\u015fan destek Doktoru anlaman\u0131z son derece \u00f6nemlidir. Hastanenin Almanca konu\u015fan personeli net ileti\u015fimi garanti eder. Elbette bu hizmet di\u011fer ulusal diller i\u00e7in de d\u00fczenlenebilir. Hastane neredeyse t\u00fcm Avrupa dillerinde yard\u0131mc\u0131 olabilir. \u00d6n muayeneniz Y\u00fcksek kaliteli tedavi sonu\u00e7lar\u0131 elde etmek i\u00e7in \u00f6n muayene son derece \u00f6nemlidir. Bu muayene s\u0131ras\u0131nda, mevcut sorunlar ve tedavileri belirlenir ve sizinle ayr\u0131nt\u0131l\u0131 olarak g\u00f6r\u00fc\u015f\u00fcl\u00fcr. Ard\u0131ndan, size \u00f6zel, hassas tedavi plan\u0131n\u0131z sizinle birlikte kesinle\u015ftirilir. Ihre Behandlung Bu hastaneleri, yerinde incelemeler ve \u00e7e\u015fitli fakt\u00f6rlerin de\u011ferlendirilmesi de dahil olmak \u00fczere kapsaml\u0131 bir ara\u015ft\u0131rma sonucunda se\u00e7tik. Hastaneler hakk\u0131nda daha fazla bilgiyi burada bulabilirsiniz. Takip muayeneniz Ertesi g\u00fcn bir kontrol muayeneniz olacak. Bu muayene hem son bir kontrol hem de ba\u015f b\u00f6lgesi i\u00e7in ameliyat sonras\u0131 bak\u0131m niteli\u011findedir. Otel-Havaliman\u0131 transferi Transfer ekibimiz, yolculu\u011funuzun sonuna kadar olumlu bir deneyim olmas\u0131n\u0131 sa\u011flar. \u0130svi\u00e7re&#8217;de takip muayeneleri (iste\u011fe ba\u011fl\u0131, sadece \u0130stanbul&#8217;a seyahat eden hastalar i\u00e7in) \u0130stanbul&#8217;daki hastalar elbette \u0130svi\u00e7re&#8217;deki dan\u0131\u015fma g\u00fcnlerine tekrar kat\u0131labilir ve sa\u00e7lar\u0131n\u0131 bir uzman taraf\u0131ndan \u00fccretsiz olarak inceletebilirler. Art\u0131k kaliteden \u00f6d\u00fcn vermeden uygun fiyatlarla sa\u00e7 ekimini herkes i\u00e7in eri\u015filebilir hale getiriyoruz. Maliyet \u00f6zetine buradan ula\u015fabilirsiniz. \u0130svi\u00e7re&#8217;de neden daha pahal\u0131? \u0130svi\u00e7re, d\u00fcnyan\u0131n en pahal\u0131 \u00fclkelerinden biridir. Personel maliyetleri, bina kiralar\u0131 ve altyap\u0131 giderleri olduk\u00e7a y\u00fcksektir. Ayr\u0131ca ileri teknoloji cihazlar da son derece pahal\u0131d\u0131r. Bu yat\u0131r\u0131mlar\u0131n kar\u015f\u0131l\u0131\u011f\u0131n\u0131 alabilmek i\u00e7in y\u00fcksek say\u0131da hasta gereklidir. \u00dclke nispeten k\u00fc\u00e7\u00fck oldu\u011fu i\u00e7in, buradaki i\u015fletmeler y\u00fcksek fiyatlarla \u00e7al\u0131\u015fmak zorunda kalmaktad\u0131r. \u0130stanbul&#8217;da neden daha ucuz? Dolay\u0131s\u0131yla T\u00fcrkiye&#8217;deki doktor \u00fccretleri \u0130svi\u00e7re&#8217;deki muadillerine g\u00f6re \u00f6nemli \u00f6l\u00e7\u00fcde daha d\u00fc\u015f\u00fckt\u00fcr. Dahas\u0131, \u0130stanbul&#8217;un n\u00fcfusu tek ba\u015f\u0131na \u0130svi\u00e7re&#8217;nin tamam\u0131n\u0131n neredeyse iki kat\u0131d\u0131r. Bu da do\u011fal olarak daha fazla hasta anlam\u0131na gelir ve tedavi malzemelerinin tedarik maliyetleri ayn\u0131 olsa bile daha uygun fiyatlar sunmay\u0131 m\u00fcmk\u00fcn k\u0131lar. Bu nedenle T\u00fcrkiye her y\u0131l Avrupa\u2019dan binlerce hastay\u0131 a\u011f\u0131rlamaktad\u0131r. Biz de bu sayede, buradaki kaliteyi makul fiyatlarla sunabiliyoruz. Neden seyahatimi MedicalTravel ile planlamal\u0131y\u0131m? Seyahatimi kendim de planlayabilirim, de\u011fil mi? Elbette, seyahatinizi kendiniz de organize edebilirsiniz. Ancak bu genellikle zahmetli ve risklidir. Yurtd\u0131\u015f\u0131ndaki tedaviniz i\u00e7in ihtiyac\u0131n\u0131z olan her \u015feyle biz ilgileniyoruz. Tedaviniz ba\u015flayana kadar oldu\u011fu kadar sonras\u0131nda da g\u00fcvenilir orta\u011f\u0131n\u0131z\u0131z. Seyahatimi neden MedicalTravel ile organize etmeliyim? Kendim planlayamaz m\u0131y\u0131m? \u0130\u015fleri kendiniz de organize edebilirsiniz. Ancak bu genellikle zahmetli ve risklidir. Dahas\u0131, SwissLasik kapsaml\u0131 ve her \u015feyi kapsayan bir prensiple \u00e7al\u0131\u015f\u0131r. Yurtd\u0131\u015f\u0131ndaki g\u00f6z ameliyat\u0131n\u0131z i\u00e7in ihtiyac\u0131n\u0131z olan her \u015feyle ilgileniyoruz. Sadece ameliyata kadar de\u011fil, sonras\u0131nda da g\u00fcvenilir orta\u011f\u0131n\u0131z\u0131z. Ba\u015fka sorular\u0131n\u0131z var m\u0131? Sizinle ileti\u015fime ge\u00e7menizi memnuniyetle bekliyoruz.<\/p>\n","protected":false},"author":4,"featured_media":0,"parent":5157,"menu_order":0,"comment_status":"closed","ping_status":"closed","template":"","meta":{"_joinchat":[],"footnotes":""},"class_list":["post-5158","page","type-page","status-publish","hentry"],"acf":[],"_links":{"self":[{"href":"https:\/\/medicaltravel.ch\/tr\/wp-json\/wp\/v2\/pages\/5158","targetHints":{"allow":["GET"]}}],"collection":[{"href":"https:\/\/medicaltravel.ch\/tr\/wp-json\/wp\/v2\/pages"}],"about":[{"href":"https:\/\/medicaltravel.ch\/tr\/wp-json\/wp\/v2\/types\/page"}],"author":[{"embeddable":true,"href":"https:\/\/medicaltravel.ch\/tr\/wp-json\/wp\/v2\/users\/4"}],"replies":[{"embeddable":true,"href":"https:\/\/medicaltravel.ch\/tr\/wp-json\/wp\/v2\/comments?post=5158"}],"version-history":[{"count":3,"href":"https:\/\/medicaltravel.ch\/tr\/wp-json\/wp\/v2\/pages\/5158\/revisions"}],"predecessor-version":[{"id":5161,"href":"https:\/\/medicaltravel.ch\/tr\/wp-json\/wp\/v2\/pages\/5158\/revisions\/5161"}],"up":[{"embeddable":true,"href":"https:\/\/medicaltravel.ch\/tr\/wp-json\/wp\/v2\/pages\/5157"}],"wp:attachment":[{"href":"https:\/\/medicaltravel.ch\/tr\/wp-json\/wp\/v2\/media?parent=5158"}],"curies":[{"name":"wp","href":"https:\/\/api.w.org\/{rel}","templated":true}]}}