{"id":5173,"date":"2025-09-17T08:46:10","date_gmt":"2025-09-17T07:46:10","guid":{"rendered":"https:\/\/medicaltravel.ch\/sac-ekimi\/hastaneler\/best-hair-clinic-sac-ekimi-istanbul-tuerkiye\/"},"modified":"2026-01-03T22:40:57","modified_gmt":"2026-01-03T21:40:57","slug":"best-hair-clinic-sac-ekimi-istanbul-tuerkiye","status":"publish","type":"page","link":"https:\/\/medicaltravel.ch\/tr\/sac-ekimi\/hastaneler\/best-hair-clinic-sac-ekimi-istanbul-tuerkiye\/","title":{"rendered":"Best Hair Clinic Sa\u00e7 Ekimi \u0130stanbul T\u00fcrkiye"},"content":{"rendered":"\t\t<div data-elementor-type=\"wp-page\" data-elementor-id=\"5173\" class=\"elementor elementor-5173 elementor-119\" data-elementor-post-type=\"page\">\n\t\t\t\t<div class=\"elementor-element elementor-element-7c95994d e-flex e-con-boxed wpr-particle-no wpr-jarallax-no wpr-parallax-no wpr-sticky-section-no e-con e-parent\" data-id=\"7c95994d\" data-element_type=\"container\" data-e-type=\"container\">\n\t\t\t\t\t<div class=\"e-con-inner\">\n\t\t<div class=\"elementor-element elementor-element-c2b9666 e-con-full e-flex wpr-particle-no wpr-jarallax-no wpr-parallax-no wpr-sticky-section-no e-con e-child\" data-id=\"c2b9666\" data-element_type=\"container\" data-e-type=\"container\">\n\t\t\t\t<div class=\"elementor-element elementor-element-a316071 elementor-widget elementor-widget-button\" data-id=\"a316071\" data-element_type=\"widget\" data-e-type=\"widget\" data-widget_type=\"button.default\">\n\t\t\t\t\t\t\t\t\t\t<a class=\"elementor-button elementor-button-link elementor-size-sm\" href=\"https:\/\/medicaltravel.ch\/tr\/sac-ekimi\/hastaneler\/best-hair-clinic-sac-ekimi-istanbul-tuerkiye\/\">\n\t\t\t\t\t\t<span class=\"elementor-button-content-wrapper\">\n\t\t\t\t\t\t\t\t\t<span class=\"elementor-button-text\">Istanbul<\/span>\n\t\t\t\t\t<\/span>\n\t\t\t\t\t<\/a>\n\t\t\t\t\t\t\t\t<\/div>\n\t\t\t\t<div class=\"elementor-element elementor-element-6bb5481 elementor-widget elementor-widget-button\" data-id=\"6bb5481\" data-element_type=\"widget\" data-e-type=\"widget\" data-widget_type=\"button.default\">\n\t\t\t\t\t\t\t\t\t\t<a class=\"elementor-button elementor-button-link elementor-size-sm\" href=\"https:\/\/medicaltravel.ch\/haartransplantation\/die-spitaler\/haarkliniken-in-antalya-turkei\/\">\n\t\t\t\t\t\t<span class=\"elementor-button-content-wrapper\">\n\t\t\t\t\t\t\t\t\t<span class=\"elementor-button-text\">Antalya<\/span>\n\t\t\t\t\t<\/span>\n\t\t\t\t\t<\/a>\n\t\t\t\t\t\t\t\t<\/div>\n\t\t\t\t<div class=\"elementor-element elementor-element-5ab3312 elementor-widget elementor-widget-button\" data-id=\"5ab3312\" data-element_type=\"widget\" data-e-type=\"widget\" data-widget_type=\"button.default\">\n\t\t\t\t\t\t\t\t\t\t<a class=\"elementor-button elementor-button-link elementor-size-sm\" href=\"https:\/\/medicaltravel.ch\/haartransplantation\/die-spitaler\/haarklinik-izmir\/\">\n\t\t\t\t\t\t<span class=\"elementor-button-content-wrapper\">\n\t\t\t\t\t\t\t\t\t<span class=\"elementor-button-text\">Izmir<\/span>\n\t\t\t\t\t<\/span>\n\t\t\t\t\t<\/a>\n\t\t\t\t\t\t\t\t<\/div>\n\t\t\t\t<\/div>\n\t\t\t\t<div class=\"elementor-element elementor-element-66e433b3 elementor-widget elementor-widget-text-editor\" data-id=\"66e433b3\" data-element_type=\"widget\" data-e-type=\"widget\" data-widget_type=\"text-editor.default\">\n\t\t\t\t\t\t\t\t\t\n<h3 class=\"wp-block-heading\">\u0130stanbul-T\u00fcrkiye&#8217;nin EN \u0130Y\u0130 SA\u00c7 KL\u0130N\u0130\u011e\u0130<\/h3>\n\n<h2 class=\"wp-block-heading\">\u0130stanbul&#8217;daki SA\u00c7 KL\u0130N\u0130\u011e\u0130 &#8211; SA\u00c7 EK\u0130M\u0130<\/h2>\n<hr class=\"wp-block-separator has-alpha-channel-opacity\">\n<p>Renewa Sa\u00e7 Klini\u011fi, \u0130stanbul&#8217;da sa\u00e7 ekimi konusunda uzmanla\u015fm\u0131\u015f \u00e7ok deneyimli bir sa\u00e7 ekibi taraf\u0131ndan y\u00f6netilmektedir ve T\u00fcrk Sa\u011fl\u0131k Otoriteleri taraf\u0131ndan uluslararas\u0131 hastalar i\u00e7in sertifikaland\u0131r\u0131lm\u0131\u015ft\u0131r.<\/p>\n\n<p>Avrupa b\u00f6lgesinden gelen uluslararas\u0131 hastalar, y\u00fcksek kaliteli tedavi hizmetlerinden ve \u0130stanbul&#8217;un l\u00fcks semti Suadiye (Kad\u0131k\u00f6y)&#8217;de bulunan klini\u011fin \u00e7evresinden keyif almaktad\u0131r.<\/p>\n\n<p>Sa\u00e7 Klini\u011fi Renewa i\u00e7in Sa\u011fl\u0131k Bakanl\u0131\u011f\u0131 Sertifikas\u0131<br>T\u00fcrkiye, sa\u011fl\u0131k turizmi konusunda \u00f6nc\u00fc bir \u00fclkedir. \u0130klimi, iyi ula\u015f\u0131labilirli\u011fi ve geli\u015fmi\u015f sa\u011fl\u0131k altyap\u0131s\u0131 ile cazip bir destinasyon sunmaktad\u0131r. Uluslararas\u0131 hastalar\u0131n korunmas\u0131 \u00f6nceliklidir. Uluslararas\u0131 hastalar\u0131 kabul etmek isteyen sa\u011fl\u0131k kurulu\u015flar\u0131n\u0131n Sa\u011fl\u0131k Bakanl\u0131\u011f\u0131 onay\u0131 almas\u0131 zorunludur. Bu onay, g\u00fcvenli ve kaliteli hizmeti garanti eder.    <\/p>\n\n<p>Uzman Doktorlar Taraf\u0131ndan Y\u00f6nlendirilip Planlanm\u0131\u015ft\u0131r<br>Bu sa\u00e7 klini\u011finde sa\u00e7 ekimleri, uzman doktorlar taraf\u0131ndan planlanmakta ve y\u00f6nlendirilmektedir.<\/p>\n\n<figure class=\"wp-block-image size-full\"><img fetchpriority=\"high\" decoding=\"async\" width=\"1000\" height=\"667\" class=\"wp-image-450\" src=\"https:\/\/medicaltravel.ch\/wp-content\/uploads\/2025\/09\/151A0156.jpg\" alt=\"\" srcset=\"https:\/\/medicaltravel.ch\/wp-content\/uploads\/2025\/09\/151A0156.jpg 1000w, https:\/\/medicaltravel.ch\/wp-content\/uploads\/2025\/09\/151A0156-300x200.jpg 300w, https:\/\/medicaltravel.ch\/wp-content\/uploads\/2025\/09\/151A0156-768x512.jpg 768w\" sizes=\"(max-width: 1000px) 100vw, 1000px\" \/><\/figure>\n\n<p id=\"caption-attachment-12417\">\u0130stanbul&#8217;daki En \u0130yi Sa\u00e7 Klini\u011fi &#8211; Renewa<\/p>\n\n<figure class=\"wp-block-image size-full\"><img decoding=\"async\" width=\"1000\" height=\"667\" class=\"wp-image-451\" src=\"https:\/\/medicaltravel.ch\/wp-content\/uploads\/2025\/09\/151A0260.jpg\" alt=\"\" srcset=\"https:\/\/medicaltravel.ch\/wp-content\/uploads\/2025\/09\/151A0260.jpg 1000w, https:\/\/medicaltravel.ch\/wp-content\/uploads\/2025\/09\/151A0260-300x200.jpg 300w, https:\/\/medicaltravel.ch\/wp-content\/uploads\/2025\/09\/151A0260-768x512.jpg 768w\" sizes=\"(max-width: 1000px) 100vw, 1000px\" \/><\/figure>\n\n<p id=\"caption-attachment-12419\">Renewa Sa\u00e7 Klini\u011fi \u0130stanbul<\/p>\n\n<p>Sa\u011fl\u0131\u011f\u0131n\u0131z ve g\u00fczelli\u011finiz s\u00f6z konusu oldu\u011funda her \u015feyin m\u00fckemmel olmas\u0131 gerekir. \u0130yi ve kal\u0131c\u0131 sonu\u00e7lar i\u00e7in sertifikal\u0131 doktorlar taraf\u0131ndan yap\u0131lan planlama \u00e7ok \u00f6nemlidir. Sa\u00e7 ekimleri, deneyimli estetik cerrah\u0131 <a href=\"https:\/\/medicaltravel.ch\/wp-content\/uploads\/2025\/09\/Lebenslauf_Prof_Dr_Oguz-Kayiran.pdf\" data-type=\"link\" data-id=\"https:\/\/medicaltravel.ch\/wp-content\/uploads\/2025\/09\/Lebenslauf_Prof_Dr_Oguz-Kayiran.pdf\">Prof. Dr. Kay\u0131ran&#8217;\u0131n<\/a> g\u00f6zetiminde yap\u0131lmaktad\u0131r. Kendisi, Avrupa Plastik, Rekonstr\u00fcktif ve Estetik Cerrahi Kurulu&#8217;ndan da sertifikaya sahiptir.   <\/p>\n\n<p> <\/p>\n\n<p id=\"caption-attachment-9499\">Prof. Dr. Kayiran<\/p>\n\n<p>Prof. Dr. O\u011fuz Kay\u0131ran<br><a href=\"https:\/\/medicaltravel.ch\/wp-content\/uploads\/2025\/09\/Lebenslauf_Prof_Dr_Oguz-Kayiran.pdf\" target=\"_blank\" rel=\"noreferrer noopener\" data-type=\"link\" data-id=\"https:\/\/medicaltravel.ch\/wp-content\/uploads\/2025\/09\/Lebenslauf_Prof_Dr_Oguz-Kayiran.pdf\">CV&#8217;si burada.<\/a><\/p>\n\n<p>Hangi Tedaviler Sunulmaktad\u0131r?<br>Sa\u00e7 ekimleri <a href=\"https:\/\/medicaltravel.ch\/haartransplantation\/leistungsspektrum\/dhi_istanbul\/\" data-type=\"page\" data-id=\"129\">DHI <\/a>y\u00f6ntemiyle yap\u0131lmaktad\u0131r. Ayr\u0131ca, PRP, k\u00f6k h\u00fccre, pigmentasyon, exosom gibi destek tedavileri de sunulmaktad\u0131r. <\/p>\n\n<p>\u0130svi\u00e7re&#8217;de \u00d6n ve Sonras\u0131 Dan\u0131\u015fmanl\u0131k<br>Prof. Dr. Kay\u0131ran, d\u00fczenli olarak \u0130svi\u00e7re&#8217;ye gelerek \u00f6n ve sonras\u0131 dan\u0131\u015fmanl\u0131k hizmeti vermektedir. B\u00f6ylece doktoru tan\u0131yabilir, ki\u015fisel ve profesyonel bir \u015fekilde dan\u0131\u015fmanl\u0131k alabilirsiniz. Dan\u0131\u015fmanl\u0131k hizmeti \u00fccretsizdir. Dan\u0131\u015fmanl\u0131k g\u00fcnlerini her zaman <a href=\"https:\/\/medicaltravel.ch\/2020-2\/04-2\/23-2\/beratungen\/\" data-type=\"page\" data-id=\"247\">buradan <\/a>bulabilirsiniz.   <\/p>\n\n<p>Klinikte Almanca Dilinde Destek<br>Hastalar ile doktorlar aras\u0131nda iyi bir ileti\u015fim, yurtd\u0131\u015f\u0131nda tedavinin \u00f6nemli bir par\u00e7as\u0131d\u0131r. Bu nedenle, klinikte doktor g\u00f6r\u00fc\u015fmeleriniz s\u0131ras\u0131nda Almanca konu\u015fan terc\u00fcmanlar taraf\u0131ndan destek al\u0131rs\u0131n\u0131z. <\/p>\n\n<p>\u00dccretsiz Al\u0131m ve Otel Konaklamas\u0131<br>Klinik yak\u0131nlar\u0131ndaki partner otelde iki gece \u00fccretsiz konaklama (kahvalt\u0131 dahil, tek ki\u015filik odada) sa\u011flanmaktad\u0131r. Ayr\u0131ca, ek \u00fccretle refakat\u00e7ileriniz de sizinle konaklayabilir. Bunun yan\u0131 s\u0131ra, t\u00fcm havaalan\u0131-otel-klinik transferleri de sa\u011flanmaktad\u0131r. \u0130stanbul\u2019daki her iki havaalan\u0131 da tercih edilebilir.   <\/p>\n\n<p>\u0130stanbul&#8217;daki Bu Sa\u00e7 Klini\u011finde Sa\u00e7 Ekimi Ne Kadar?<br>Sa\u00e7 ekimi sadece 2340 <a href=\"https:\/\/medicaltravel.ch\/haartransplantation\/turkei-istanbul-preise-kosten\/\" data-type=\"page\" data-id=\"141\">CHF&#8217;ye <\/a>yap\u0131lmaktad\u0131r. Bunun d\u0131\u015f\u0131nda yaln\u0131zca u\u00e7ak bileti \u00fccreti eklenmektedir, u\u00e7u\u015flar\u0131 kendiniz ya da MedicalTravel \u00fczerinden rezervasyon yaparak temin edebilirsiniz. <\/p>\n\n<p>\u015eimdi \u0130svi\u00e7re&#8217;de \u00fccretsiz bir dan\u0131\u015fmanl\u0131k randevusu ayarlay\u0131n veya bize foto\u011fraflar\u0131n\u0131z\u0131 <a href=\"mailto:info@medicaltravel.net\">e-posta<\/a>, <a href=\"https:\/\/www.medicaltravel.ch\/kontakt\/\">buradan <\/a>veya <a href=\"https:\/\/web.whatsapp.com\/send?phone=41%2078%20737%2035%2041&amp;text=&amp;source=&amp;data=\" target=\"_blank\" rel=\"noreferrer noopener nofollow\">WhatsApp <\/a>\u00fczerinden g\u00f6ndererek \u00fccretsiz bir de\u011ferlendirme alabilirsiniz.<\/p>\n\n<p><strong>\u00d6NCE-SONRA FOTO\u011eRAFLARI &#8211; SA\u00c7 EK\u0130M\u0130 \u0130STANBUL<\/strong><\/p>\n\n<figure class=\"wp-block-image\"><img alt=\"\"><\/figure>\n\n<p>Sa\u00e7 Ekimi \u0130stanbul \u00d6ncesi<\/p>\n\n<figure class=\"wp-block-image\"><img alt=\"\"><\/figure>\n\n<p>Sa\u00e7 Ekimi \u0130stanbul Sonras\u0131<\/p>\n\t\t\t\t\t\t\t\t<\/div>\n\t\t\t\t\t<\/div>\n\t\t\t\t<\/div>\n\t\t\t\t<\/div>\n\t\t","protected":false},"excerpt":{"rendered":"<p>Istanbul Antalya Izmir \u0130stanbul-T\u00fcrkiye&#8217;nin EN \u0130Y\u0130 SA\u00c7 KL\u0130N\u0130\u011e\u0130 \u0130stanbul&#8217;daki SA\u00c7 KL\u0130N\u0130\u011e\u0130 &#8211; SA\u00c7 EK\u0130M\u0130 Renewa Sa\u00e7 Klini\u011fi, \u0130stanbul&#8217;da sa\u00e7 ekimi konusunda uzmanla\u015fm\u0131\u015f \u00e7ok deneyimli bir sa\u00e7 ekibi taraf\u0131ndan y\u00f6netilmektedir ve T\u00fcrk Sa\u011fl\u0131k Otoriteleri taraf\u0131ndan uluslararas\u0131 hastalar i\u00e7in sertifikaland\u0131r\u0131lm\u0131\u015ft\u0131r. Avrupa b\u00f6lgesinden gelen uluslararas\u0131 hastalar, y\u00fcksek kaliteli tedavi hizmetlerinden ve \u0130stanbul&#8217;un l\u00fcks semti Suadiye (Kad\u0131k\u00f6y)&#8217;de bulunan klini\u011fin \u00e7evresinden keyif almaktad\u0131r. Sa\u00e7 Klini\u011fi Renewa i\u00e7in Sa\u011fl\u0131k Bakanl\u0131\u011f\u0131 Sertifikas\u0131T\u00fcrkiye, sa\u011fl\u0131k turizmi konusunda \u00f6nc\u00fc bir \u00fclkedir. \u0130klimi, iyi ula\u015f\u0131labilirli\u011fi ve geli\u015fmi\u015f sa\u011fl\u0131k altyap\u0131s\u0131 ile cazip bir destinasyon sunmaktad\u0131r. Uluslararas\u0131 hastalar\u0131n korunmas\u0131 \u00f6nceliklidir. Uluslararas\u0131 hastalar\u0131 kabul etmek isteyen sa\u011fl\u0131k kurulu\u015flar\u0131n\u0131n Sa\u011fl\u0131k Bakanl\u0131\u011f\u0131 onay\u0131 almas\u0131 zorunludur. Bu onay, g\u00fcvenli ve kaliteli hizmeti garanti eder. Uzman Doktorlar Taraf\u0131ndan Y\u00f6nlendirilip Planlanm\u0131\u015ft\u0131rBu sa\u00e7 klini\u011finde sa\u00e7 ekimleri, uzman doktorlar taraf\u0131ndan planlanmakta ve y\u00f6nlendirilmektedir. \u0130stanbul&#8217;daki En \u0130yi Sa\u00e7 Klini\u011fi &#8211; Renewa Renewa Sa\u00e7 Klini\u011fi \u0130stanbul Sa\u011fl\u0131\u011f\u0131n\u0131z ve g\u00fczelli\u011finiz s\u00f6z konusu oldu\u011funda her \u015feyin m\u00fckemmel olmas\u0131 gerekir. \u0130yi ve kal\u0131c\u0131 sonu\u00e7lar i\u00e7in sertifikal\u0131 doktorlar taraf\u0131ndan yap\u0131lan planlama \u00e7ok \u00f6nemlidir. Sa\u00e7 ekimleri, deneyimli estetik cerrah\u0131 Prof. Dr. Kay\u0131ran&#8217;\u0131n g\u00f6zetiminde yap\u0131lmaktad\u0131r. Kendisi, Avrupa Plastik, Rekonstr\u00fcktif ve Estetik Cerrahi Kurulu&#8217;ndan da sertifikaya sahiptir. Prof. Dr. Kayiran Prof. Dr. O\u011fuz Kay\u0131ranCV&#8217;si burada. Hangi Tedaviler Sunulmaktad\u0131r?Sa\u00e7 ekimleri DHI y\u00f6ntemiyle yap\u0131lmaktad\u0131r. Ayr\u0131ca, PRP, k\u00f6k h\u00fccre, pigmentasyon, exosom gibi destek tedavileri de sunulmaktad\u0131r. \u0130svi\u00e7re&#8217;de \u00d6n ve Sonras\u0131 Dan\u0131\u015fmanl\u0131kProf. Dr. Kay\u0131ran, d\u00fczenli olarak \u0130svi\u00e7re&#8217;ye gelerek \u00f6n ve sonras\u0131 dan\u0131\u015fmanl\u0131k hizmeti vermektedir. B\u00f6ylece doktoru tan\u0131yabilir, ki\u015fisel ve profesyonel bir \u015fekilde dan\u0131\u015fmanl\u0131k alabilirsiniz. Dan\u0131\u015fmanl\u0131k hizmeti \u00fccretsizdir. Dan\u0131\u015fmanl\u0131k g\u00fcnlerini her zaman buradan bulabilirsiniz. Klinikte Almanca Dilinde DestekHastalar ile doktorlar aras\u0131nda iyi bir ileti\u015fim, yurtd\u0131\u015f\u0131nda tedavinin \u00f6nemli bir par\u00e7as\u0131d\u0131r. Bu nedenle, klinikte doktor g\u00f6r\u00fc\u015fmeleriniz s\u0131ras\u0131nda Almanca konu\u015fan terc\u00fcmanlar taraf\u0131ndan destek al\u0131rs\u0131n\u0131z. \u00dccretsiz Al\u0131m ve Otel Konaklamas\u0131Klinik yak\u0131nlar\u0131ndaki partner otelde iki gece \u00fccretsiz konaklama (kahvalt\u0131 dahil, tek ki\u015filik odada) sa\u011flanmaktad\u0131r. Ayr\u0131ca, ek \u00fccretle refakat\u00e7ileriniz de sizinle konaklayabilir. Bunun yan\u0131 s\u0131ra, t\u00fcm havaalan\u0131-otel-klinik transferleri de sa\u011flanmaktad\u0131r. \u0130stanbul\u2019daki her iki havaalan\u0131 da tercih edilebilir. \u0130stanbul&#8217;daki Bu Sa\u00e7 Klini\u011finde Sa\u00e7 Ekimi Ne Kadar?Sa\u00e7 ekimi sadece 2340 CHF&#8217;ye yap\u0131lmaktad\u0131r. Bunun d\u0131\u015f\u0131nda yaln\u0131zca u\u00e7ak bileti \u00fccreti eklenmektedir, u\u00e7u\u015flar\u0131 kendiniz ya da MedicalTravel \u00fczerinden rezervasyon yaparak temin edebilirsiniz. \u015eimdi \u0130svi\u00e7re&#8217;de \u00fccretsiz bir dan\u0131\u015fmanl\u0131k randevusu ayarlay\u0131n veya bize foto\u011fraflar\u0131n\u0131z\u0131 e-posta, buradan veya WhatsApp \u00fczerinden g\u00f6ndererek \u00fccretsiz bir de\u011ferlendirme alabilirsiniz. \u00d6NCE-SONRA FOTO\u011eRAFLARI &#8211; SA\u00c7 EK\u0130M\u0130 \u0130STANBUL Sa\u00e7 Ekimi \u0130stanbul \u00d6ncesi Sa\u00e7 Ekimi \u0130stanbul Sonras\u0131<\/p>\n","protected":false},"author":4,"featured_media":0,"parent":5164,"menu_order":0,"comment_status":"closed","ping_status":"closed","template":"","meta":{"_joinchat":[],"footnotes":""},"class_list":["post-5173","page","type-page","status-publish","hentry"],"acf":[],"_links":{"self":[{"href":"https:\/\/medicaltravel.ch\/tr\/wp-json\/wp\/v2\/pages\/5173","targetHints":{"allow":["GET"]}}],"collection":[{"href":"https:\/\/medicaltravel.ch\/tr\/wp-json\/wp\/v2\/pages"}],"about":[{"href":"https:\/\/medicaltravel.ch\/tr\/wp-json\/wp\/v2\/types\/page"}],"author":[{"embeddable":true,"href":"https:\/\/medicaltravel.ch\/tr\/wp-json\/wp\/v2\/users\/4"}],"replies":[{"embeddable":true,"href":"https:\/\/medicaltravel.ch\/tr\/wp-json\/wp\/v2\/comments?post=5173"}],"version-history":[{"count":3,"href":"https:\/\/medicaltravel.ch\/tr\/wp-json\/wp\/v2\/pages\/5173\/revisions"}],"predecessor-version":[{"id":5176,"href":"https:\/\/medicaltravel.ch\/tr\/wp-json\/wp\/v2\/pages\/5173\/revisions\/5176"}],"up":[{"embeddable":true,"href":"https:\/\/medicaltravel.ch\/tr\/wp-json\/wp\/v2\/pages\/5164"}],"wp:attachment":[{"href":"https:\/\/medicaltravel.ch\/tr\/wp-json\/wp\/v2\/media?parent=5173"}],"curies":[{"name":"wp","href":"https:\/\/api.w.org\/{rel}","templated":true}]}}