{"id":5186,"date":"2025-09-17T08:47:35","date_gmt":"2025-09-17T07:47:35","guid":{"rendered":"https:\/\/medicaltravel.ch\/sac-ekimi\/hastaneler\/haarklinik-haartransplantation-in-izmir-fue-dhi-clinichair\/"},"modified":"2026-01-03T22:50:30","modified_gmt":"2026-01-03T21:50:30","slug":"haarklinik-haartransplantation-in-izmir-fue-dhi-clinichair","status":"publish","type":"page","link":"https:\/\/medicaltravel.ch\/tr\/sac-ekimi\/hastaneler\/haarklinik-haartransplantation-in-izmir-fue-dhi-clinichair\/","title":{"rendered":"HAARKLINIK HAARTRANSPLANTATION IN IZMIR FUE DHI Clinichair"},"content":{"rendered":"\t\t<div data-elementor-type=\"wp-page\" data-elementor-id=\"5186\" class=\"elementor elementor-5186 elementor-123\" data-elementor-post-type=\"page\">\n\t\t\t\t<div class=\"elementor-element elementor-element-650f8e79 e-flex e-con-boxed wpr-particle-no wpr-jarallax-no wpr-parallax-no wpr-sticky-section-no e-con e-parent\" data-id=\"650f8e79\" data-element_type=\"container\" data-e-type=\"container\">\n\t\t\t\t\t<div class=\"e-con-inner\">\n\t\t<div class=\"elementor-element elementor-element-9e0b759 e-con-full e-flex wpr-particle-no wpr-jarallax-no wpr-parallax-no wpr-sticky-section-no e-con e-child\" data-id=\"9e0b759\" data-element_type=\"container\" data-e-type=\"container\">\n\t\t\t\t<div class=\"elementor-element elementor-element-74375c4 elementor-widget elementor-widget-button\" data-id=\"74375c4\" data-element_type=\"widget\" data-e-type=\"widget\" data-widget_type=\"button.default\">\n\t\t\t\t\t\t\t\t\t\t<a class=\"elementor-button elementor-button-link elementor-size-sm\" href=\"https:\/\/medicaltravel.ch\/tr\/sac-ekimi\/hastaneler\/best-hair-clinic-sac-ekimi-istanbul-tuerkiye\/\">\n\t\t\t\t\t\t<span class=\"elementor-button-content-wrapper\">\n\t\t\t\t\t\t\t\t\t<span class=\"elementor-button-text\">Istanbul<\/span>\n\t\t\t\t\t<\/span>\n\t\t\t\t\t<\/a>\n\t\t\t\t\t\t\t\t<\/div>\n\t\t\t\t<div class=\"elementor-element elementor-element-9b1f76e elementor-widget elementor-widget-button\" data-id=\"9b1f76e\" data-element_type=\"widget\" data-e-type=\"widget\" data-widget_type=\"button.default\">\n\t\t\t\t\t\t\t\t\t\t<a class=\"elementor-button elementor-button-link elementor-size-sm\" href=\"https:\/\/medicaltravel.ch\/tr\/sac-ekimi\/hastaneler\/antalyadaki-sac-klinigi-sac-ekimi-fue-dhi-yoentemleri\/\">\n\t\t\t\t\t\t<span class=\"elementor-button-content-wrapper\">\n\t\t\t\t\t\t\t\t\t<span class=\"elementor-button-text\">Antalya<\/span>\n\t\t\t\t\t<\/span>\n\t\t\t\t\t<\/a>\n\t\t\t\t\t\t\t\t<\/div>\n\t\t\t\t<div class=\"elementor-element elementor-element-391663a elementor-widget elementor-widget-button\" data-id=\"391663a\" data-element_type=\"widget\" data-e-type=\"widget\" data-widget_type=\"button.default\">\n\t\t\t\t\t\t\t\t\t\t<a class=\"elementor-button elementor-button-link elementor-size-sm\" href=\"https:\/\/medicaltravel.ch\/tr\/sac-ekimi\/hastaneler\/haarklinik-haartransplantation-in-izmir-fue-dhi-clinichair\/\">\n\t\t\t\t\t\t<span class=\"elementor-button-content-wrapper\">\n\t\t\t\t\t\t\t\t\t<span class=\"elementor-button-text\">Izmir<\/span>\n\t\t\t\t\t<\/span>\n\t\t\t\t\t<\/a>\n\t\t\t\t\t\t\t\t<\/div>\n\t\t\t\t<\/div>\n\t\t\t\t<div class=\"elementor-element elementor-element-4bdd1706 elementor-widget elementor-widget-text-editor\" data-id=\"4bdd1706\" data-element_type=\"widget\" data-e-type=\"widget\" data-widget_type=\"text-editor.default\">\n\t\t\t\t\t\t\t\t\t\n<h3 class=\"wp-block-heading\">SA\u00c7 KL\u0130N\u0130\u011e\u0130 &#8211; \u0130ZM\u0130R&#8217;DE SA\u00c7 EK\u0130M\u0130<\/h3>\n\n<p>Uzman Doktor Suat \u00d6zt\u00fcrk taraf\u0131ndan y\u00f6netilen CLINICHAIR \u0130zmir sa\u00e7 klini\u011fi.<\/p>\n\n<figure class=\"wp-block-image size-full\"><img fetchpriority=\"high\" decoding=\"async\" width=\"600\" height=\"333\" class=\"wp-image-464\" src=\"https:\/\/medicaltravel.ch\/wp-content\/uploads\/2025\/09\/clinichair_6.jpg\" alt=\"\" srcset=\"https:\/\/medicaltravel.ch\/wp-content\/uploads\/2025\/09\/clinichair_6.jpg 600w, https:\/\/medicaltravel.ch\/wp-content\/uploads\/2025\/09\/clinichair_6-300x167.jpg 300w\" sizes=\"(max-width: 600px) 100vw, 600px\" \/><\/figure>\n\n<p id=\"caption-attachment-10337\">\u0130zmir&#8217;de Sa\u00e7 Ekimi<\/p>\n\n<p>D\u00fcnya \u00e7ap\u0131ndaki hastalara y\u00fcksek kaliteli sa\u00e7 ekimleri sunmaktad\u0131r. \u0130zmir&#8217;in en sayg\u0131n \u00f6zel kliniklerinden biridir. Avrupa Birli\u011fi hijyen standartlar\u0131n\u0131n \u00e7ok \u00fczerinde bir temizlik ve hijyen anlay\u0131\u015f\u0131na sahiptir.  <\/p>\n\n<p>Sa\u00e7 ekibimiz, m\u00fckemmel sonu\u00e7lar i\u00e7in \u00f6ncelikle <a href=\"https:\/\/medicaltravel.ch\/haartransplantation\/leistungsspektrum\/turkei-istanbul-fue-fuer-maenner\/\" data-type=\"page\" data-id=\"127\">FUE <\/a>ve <a href=\"https:\/\/medicaltravel.ch\/haartransplantation\/leistungsspektrum\/dhi_istanbul\/\" data-type=\"page\" data-id=\"129\">DHI <\/a>y\u00f6ntemlerini sunmaktad\u0131r.<\/p>\n\n<p>\u0130zmir&#8217;deki tatilinizi en kaliteli sa\u00e7 ekimiyle birle\u015ftirin!<\/p>\n\n<figure class=\"wp-block-image size-large\"><img decoding=\"async\" width=\"1024\" height=\"576\" class=\"wp-image-466\" src=\"https:\/\/medicaltravel.ch\/wp-content\/uploads\/2025\/09\/ClinicHair_2-1024x576.jpg\" alt=\"\" srcset=\"https:\/\/medicaltravel.ch\/wp-content\/uploads\/2025\/09\/ClinicHair_2-1024x576.jpg 1024w, https:\/\/medicaltravel.ch\/wp-content\/uploads\/2025\/09\/ClinicHair_2-300x169.jpg 300w, https:\/\/medicaltravel.ch\/wp-content\/uploads\/2025\/09\/ClinicHair_2-768x432.jpg 768w, https:\/\/medicaltravel.ch\/wp-content\/uploads\/2025\/09\/ClinicHair_2.jpg 1080w\" sizes=\"(max-width: 1024px) 100vw, 1024px\" \/><\/figure>\n\n<p id=\"caption-attachment-10333\">Haarklinik Izmir<\/p>\n\n<p><strong>Sa\u00e7 bak\u0131m\u0131 i\u00e7in neden \u0130zmir&#8217;i tercih etmelisiniz?<\/strong><\/p>\n\n<ul class=\"wp-block-list\">\n<li>Sa\u00e7 bak\u0131m\u0131 i\u00e7in neden \u0130zmir&#8217;i tercih etmelisiniz?<\/li>\n\n<li>Klinik, sa\u011fl\u0131k otoriteleri taraf\u0131ndan onaylanm\u0131\u015ft\u0131r.<\/li>\n\n<li>Sa\u00e7 bak\u0131m\u0131 i\u00e7in neden \u0130zmir&#8217;i tercih etmelisiniz?<\/li>\n\n<li>Almanca ve \u0130ngilizce dahil olmak \u00fczere bir\u00e7ok dilde destek mevcuttur.<\/li>\n\n<li>Tedavinin maliyeti \u0130svi\u00e7re&#8217;de \u00f6demeniz gerekenden \u00e7ok daha d\u00fc\u015f\u00fck.<\/li>\n\n<li>Kalitesi, \u0130svi\u00e7re&#8217;de genellikle bulabilece\u011finizden \u00e7ok daha iyi.<\/li>\n<\/ul>\n\n<p>Klini\u011fin geni\u015f hizmet yelpazesi, hastalara \u00e7e\u015fitli tedavi se\u00e7enekleri sunmaktad\u0131r, bunlar aras\u0131nda farkl\u0131 cilt tedavileri de yer almaktad\u0131r. Sunulan operasyonlardaki b\u00fcy\u00fck deneyimiyle klinik, y\u00fcksek standartlarda hizmetler ve en y\u00fcksek kaliteyi sizlere sunmaktad\u0131r. <\/p>\n\n<p>A\u015fa\u011f\u0131daki tedaviler de sunulmaktad\u0131r:<br>\u2013 Ka\u015f ekimi<br>\u2013 Botox, dolgu maddeleri<br>\u2013 Mezoterapi<\/p>\n\n<p>\u0130zmir, T\u00fcrkiye&#8217;de sa\u00e7 ekimi ne kadar tutar?<br>FUE y\u00f6ntemi 2400 CHF, DHI y\u00f6ntemi ise 3000 CHF tutar\u0131ndad\u0131r.<br>Klinik, anla\u015fmal\u0131 bir otelde iki gece \u00fccretsiz konaklama imkan\u0131 sunmaktad\u0131r. Klinik ve otel aras\u0131ndaki havaalan\u0131 transferleri de fiyata dahildir. Klinikteki doktorla yap\u0131lan g\u00f6r\u00fc\u015fmeler Almanca olarak ger\u00e7ekle\u015ftirilmektedir.  <\/p>\n\n<p><strong>\u0130zmir&#8217;de yap\u0131lan sa\u00e7 ekimi \u00f6ncesi ve sonras\u0131 foto\u011fraflar\u0131.<\/strong><\/p>\n\n<figure class=\"wp-block-image size-large\"><img decoding=\"async\" width=\"1024\" height=\"477\" class=\"wp-image-467\" src=\"https:\/\/medicaltravel.ch\/wp-content\/uploads\/2025\/09\/clinichair_4-1024x477.jpg\" alt=\"\" srcset=\"https:\/\/medicaltravel.ch\/wp-content\/uploads\/2025\/09\/clinichair_4-1024x477.jpg 1024w, https:\/\/medicaltravel.ch\/wp-content\/uploads\/2025\/09\/clinichair_4-300x140.jpg 300w, https:\/\/medicaltravel.ch\/wp-content\/uploads\/2025\/09\/clinichair_4-768x358.jpg 768w, https:\/\/medicaltravel.ch\/wp-content\/uploads\/2025\/09\/clinichair_4.jpg 1280w\" sizes=\"(max-width: 1024px) 100vw, 1024px\" \/><\/figure>\n\n<p id=\"caption-attachment-10335\">\u0130zmir&#8217;de sa\u00e7 ekimi \u00f6ncesi ve sonras\u0131<\/p>\n\n<p>\u015e\u0130MD\u0130 \u00dcCRETS\u0130Z DANI\u015eMANLIK ALIN!<br>\u00dccretsiz de\u011ferlendirme i\u00e7in foto\u011fraflar\u0131n\u0131z\u0131 bize <a href=\"mailto:info@medicaltravel.net\">e-posta<\/a> yoluyla, <a href=\"https:\/\/medicaltravel.ch\/home\/kontakt\/\" data-type=\"page\" data-id=\"225\">buradan <\/a>veya <a href=\"https:\/\/wa.me\/41787373541\" target=\"_blank\" rel=\"noreferrer noopener nofollow\">WhatsApp <\/a>\u00fczerinden g\u00f6nderin.<\/p>\n\n<figure class=\"wp-block-image size-large\"><img loading=\"lazy\" decoding=\"async\" width=\"1024\" height=\"682\" class=\"wp-image-468\" src=\"https:\/\/medicaltravel.ch\/wp-content\/uploads\/2025\/09\/Seda_Erdogan_haartransplantation_9-1024x682.jpg\" alt=\"\" srcset=\"https:\/\/medicaltravel.ch\/wp-content\/uploads\/2025\/09\/Seda_Erdogan_haartransplantation_9-1024x682.jpg 1024w, https:\/\/medicaltravel.ch\/wp-content\/uploads\/2025\/09\/Seda_Erdogan_haartransplantation_9-300x200.jpg 300w, https:\/\/medicaltravel.ch\/wp-content\/uploads\/2025\/09\/Seda_Erdogan_haartransplantation_9-768x512.jpg 768w, https:\/\/medicaltravel.ch\/wp-content\/uploads\/2025\/09\/Seda_Erdogan_haartransplantation_9.jpg 1400w\" sizes=\"(max-width: 1024px) 100vw, 1024px\" \/><\/figure>\n\n<p id=\"caption-attachment-9822\">Haartransplantation in Izmir ClinicHair<\/p>\n\t\t\t\t\t\t\t\t<\/div>\n\t\t\t\t\t<\/div>\n\t\t\t\t<\/div>\n\t\t\t\t<\/div>\n\t\t","protected":false},"excerpt":{"rendered":"<p>Istanbul Antalya Izmir SA\u00c7 KL\u0130N\u0130\u011e\u0130 &#8211; \u0130ZM\u0130R&#8217;DE SA\u00c7 EK\u0130M\u0130 Uzman Doktor Suat \u00d6zt\u00fcrk taraf\u0131ndan y\u00f6netilen CLINICHAIR \u0130zmir sa\u00e7 klini\u011fi. \u0130zmir&#8217;de Sa\u00e7 Ekimi D\u00fcnya \u00e7ap\u0131ndaki hastalara y\u00fcksek kaliteli sa\u00e7 ekimleri sunmaktad\u0131r. \u0130zmir&#8217;in en sayg\u0131n \u00f6zel kliniklerinden biridir. Avrupa Birli\u011fi hijyen standartlar\u0131n\u0131n \u00e7ok \u00fczerinde bir temizlik ve hijyen anlay\u0131\u015f\u0131na sahiptir. Sa\u00e7 ekibimiz, m\u00fckemmel sonu\u00e7lar i\u00e7in \u00f6ncelikle FUE ve DHI y\u00f6ntemlerini sunmaktad\u0131r. \u0130zmir&#8217;deki tatilinizi en kaliteli sa\u00e7 ekimiyle birle\u015ftirin! Haarklinik Izmir Sa\u00e7 bak\u0131m\u0131 i\u00e7in neden \u0130zmir&#8217;i tercih etmelisiniz? Sa\u00e7 bak\u0131m\u0131 i\u00e7in neden \u0130zmir&#8217;i tercih etmelisiniz? Klinik, sa\u011fl\u0131k otoriteleri taraf\u0131ndan onaylanm\u0131\u015ft\u0131r. Sa\u00e7 bak\u0131m\u0131 i\u00e7in neden \u0130zmir&#8217;i tercih etmelisiniz? Almanca ve \u0130ngilizce dahil olmak \u00fczere bir\u00e7ok dilde destek mevcuttur. Tedavinin maliyeti \u0130svi\u00e7re&#8217;de \u00f6demeniz gerekenden \u00e7ok daha d\u00fc\u015f\u00fck. Kalitesi, \u0130svi\u00e7re&#8217;de genellikle bulabilece\u011finizden \u00e7ok daha iyi. Klini\u011fin geni\u015f hizmet yelpazesi, hastalara \u00e7e\u015fitli tedavi se\u00e7enekleri sunmaktad\u0131r, bunlar aras\u0131nda farkl\u0131 cilt tedavileri de yer almaktad\u0131r. Sunulan operasyonlardaki b\u00fcy\u00fck deneyimiyle klinik, y\u00fcksek standartlarda hizmetler ve en y\u00fcksek kaliteyi sizlere sunmaktad\u0131r. A\u015fa\u011f\u0131daki tedaviler de sunulmaktad\u0131r:\u2013 Ka\u015f ekimi\u2013 Botox, dolgu maddeleri\u2013 Mezoterapi \u0130zmir, T\u00fcrkiye&#8217;de sa\u00e7 ekimi ne kadar tutar?FUE y\u00f6ntemi 2400 CHF, DHI y\u00f6ntemi ise 3000 CHF tutar\u0131ndad\u0131r.Klinik, anla\u015fmal\u0131 bir otelde iki gece \u00fccretsiz konaklama imkan\u0131 sunmaktad\u0131r. Klinik ve otel aras\u0131ndaki havaalan\u0131 transferleri de fiyata dahildir. Klinikteki doktorla yap\u0131lan g\u00f6r\u00fc\u015fmeler Almanca olarak ger\u00e7ekle\u015ftirilmektedir. \u0130zmir&#8217;de yap\u0131lan sa\u00e7 ekimi \u00f6ncesi ve sonras\u0131 foto\u011fraflar\u0131. \u0130zmir&#8217;de sa\u00e7 ekimi \u00f6ncesi ve sonras\u0131 \u015e\u0130MD\u0130 \u00dcCRETS\u0130Z DANI\u015eMANLIK ALIN!\u00dccretsiz de\u011ferlendirme i\u00e7in foto\u011fraflar\u0131n\u0131z\u0131 bize e-posta yoluyla, buradan veya WhatsApp \u00fczerinden g\u00f6nderin. Haartransplantation in Izmir ClinicHair<\/p>\n","protected":false},"author":4,"featured_media":0,"parent":5164,"menu_order":0,"comment_status":"closed","ping_status":"closed","template":"","meta":{"_joinchat":[],"footnotes":""},"class_list":["post-5186","page","type-page","status-publish","hentry"],"acf":[],"_links":{"self":[{"href":"https:\/\/medicaltravel.ch\/tr\/wp-json\/wp\/v2\/pages\/5186","targetHints":{"allow":["GET"]}}],"collection":[{"href":"https:\/\/medicaltravel.ch\/tr\/wp-json\/wp\/v2\/pages"}],"about":[{"href":"https:\/\/medicaltravel.ch\/tr\/wp-json\/wp\/v2\/types\/page"}],"author":[{"embeddable":true,"href":"https:\/\/medicaltravel.ch\/tr\/wp-json\/wp\/v2\/users\/4"}],"replies":[{"embeddable":true,"href":"https:\/\/medicaltravel.ch\/tr\/wp-json\/wp\/v2\/comments?post=5186"}],"version-history":[{"count":3,"href":"https:\/\/medicaltravel.ch\/tr\/wp-json\/wp\/v2\/pages\/5186\/revisions"}],"predecessor-version":[{"id":5189,"href":"https:\/\/medicaltravel.ch\/tr\/wp-json\/wp\/v2\/pages\/5186\/revisions\/5189"}],"up":[{"embeddable":true,"href":"https:\/\/medicaltravel.ch\/tr\/wp-json\/wp\/v2\/pages\/5164"}],"wp:attachment":[{"href":"https:\/\/medicaltravel.ch\/tr\/wp-json\/wp\/v2\/media?parent=5186"}],"curies":[{"name":"wp","href":"https:\/\/api.w.org\/{rel}","templated":true}]}}