{"id":5196,"date":"2025-09-17T08:59:19","date_gmt":"2025-09-17T07:59:19","guid":{"rendered":"https:\/\/medicaltravel.ch\/sac-ekimi\/kosten-preise-haartransplantation-tuerkei\/"},"modified":"2026-01-03T23:19:58","modified_gmt":"2026-01-03T22:19:58","slug":"kosten-preise-haartransplantation-tuerkei","status":"publish","type":"page","link":"https:\/\/medicaltravel.ch\/tr\/sac-ekimi\/kosten-preise-haartransplantation-tuerkei\/","title":{"rendered":"Kosten Preise Haartransplantation T\u00fcrkei"},"content":{"rendered":"\t\t<div data-elementor-type=\"wp-page\" data-elementor-id=\"5196\" class=\"elementor elementor-5196 elementor-141\" data-elementor-post-type=\"page\">\n\t\t\t\t<div class=\"elementor-element elementor-element-181ad355 e-flex e-con-boxed wpr-particle-no wpr-jarallax-no wpr-parallax-no wpr-sticky-section-no e-con e-parent\" data-id=\"181ad355\" data-element_type=\"container\" data-e-type=\"container\">\n\t\t\t\t\t<div class=\"e-con-inner\">\n\t\t<div class=\"elementor-element elementor-element-c08af2e e-con-full e-flex wpr-particle-no wpr-jarallax-no wpr-parallax-no wpr-sticky-section-no e-con e-child\" data-id=\"c08af2e\" data-element_type=\"container\" data-e-type=\"container\">\n\t\t\t\t<div class=\"elementor-element elementor-element-1679a08 elementor-widget elementor-widget-button\" data-id=\"1679a08\" data-element_type=\"widget\" data-e-type=\"widget\" data-widget_type=\"button.default\">\n\t\t\t\t\t\t\t\t\t\t<a class=\"elementor-button elementor-button-link elementor-size-sm\" href=\"https:\/\/medicaltravel.ch\/tr\/sac-ekimi\/sac-ekimi\/\">\n\t\t\t\t\t\t<span class=\"elementor-button-content-wrapper\">\n\t\t\t\t\t\t\t\t\t<span class=\"elementor-button-text\">Sa\u00e7 ekimi<\/span>\n\t\t\t\t\t<\/span>\n\t\t\t\t\t<\/a>\n\t\t\t\t\t\t\t\t<\/div>\n\t\t\t\t<div class=\"elementor-element elementor-element-182b379 elementor-widget elementor-widget-button\" data-id=\"182b379\" data-element_type=\"widget\" data-e-type=\"widget\" data-widget_type=\"button.default\">\n\t\t\t\t\t\t\t\t\t\t<a class=\"elementor-button elementor-button-link elementor-size-sm\" href=\"https:\/\/medicaltravel.ch\/tr\/sac-ekimi\/hastaneler\/best-hair-clinic-sac-ekimi-istanbul-tuerkiye\/\">\n\t\t\t\t\t\t<span class=\"elementor-button-content-wrapper\">\n\t\t\t\t\t\t\t\t\t<span class=\"elementor-button-text\">hastaneler<\/span>\n\t\t\t\t\t<\/span>\n\t\t\t\t\t<\/a>\n\t\t\t\t\t\t\t\t<\/div>\n\t\t\t\t<div class=\"elementor-element elementor-element-6f48e0c elementor-widget elementor-widget-button\" data-id=\"6f48e0c\" data-element_type=\"widget\" data-e-type=\"widget\" data-widget_type=\"button.default\">\n\t\t\t\t\t\t\t\t\t\t<a class=\"elementor-button elementor-button-link elementor-size-sm\" href=\"https:\/\/medicaltravel.ch\/haartransplantation\/leistungsspektrum\/turkei-istanbul-fue-fuer-maenner\/\">\n\t\t\t\t\t\t<span class=\"elementor-button-content-wrapper\">\n\t\t\t\t\t\t\t\t\t<span class=\"elementor-button-text\">Hizmet yelpazesi<\/span>\n\t\t\t\t\t<\/span>\n\t\t\t\t\t<\/a>\n\t\t\t\t\t\t\t\t<\/div>\n\t\t\t\t<div class=\"elementor-element elementor-element-8ff073f elementor-widget elementor-widget-button\" data-id=\"8ff073f\" data-element_type=\"widget\" data-e-type=\"widget\" data-widget_type=\"button.default\">\n\t\t\t\t\t\t\t\t\t\t<a class=\"elementor-button elementor-button-link elementor-size-sm\" href=\"https:\/\/medicaltravel.ch\/tr\/sac-ekimi\/sac-ekimi-teklifi-tuerkiye\/\">\n\t\t\t\t\t\t<span class=\"elementor-button-content-wrapper\">\n\t\t\t\t\t\t\t\t\t<span class=\"elementor-button-text\">Teklif<\/span>\n\t\t\t\t\t<\/span>\n\t\t\t\t\t<\/a>\n\t\t\t\t\t\t\t\t<\/div>\n\t\t\t\t<div class=\"elementor-element elementor-element-177791e elementor-widget elementor-widget-button\" data-id=\"177791e\" data-element_type=\"widget\" data-e-type=\"widget\" data-widget_type=\"button.default\">\n\t\t\t\t\t\t\t\t\t\t<a class=\"elementor-button elementor-button-link elementor-size-sm\" href=\"https:\/\/medicaltravel.ch\/tr\/sac-ekimi\/kosten-preise-haartransplantation-tuerkei\/\">\n\t\t\t\t\t\t<span class=\"elementor-button-content-wrapper\">\n\t\t\t\t\t\t\t\t\t<span class=\"elementor-button-text\">Fiyatlar<\/span>\n\t\t\t\t\t<\/span>\n\t\t\t\t\t<\/a>\n\t\t\t\t\t\t\t\t<\/div>\n\t\t\t\t<\/div>\n\t\t\t\t<div class=\"elementor-element elementor-element-1ad4ab06 elementor-widget elementor-widget-text-editor\" data-id=\"1ad4ab06\" data-element_type=\"widget\" data-e-type=\"widget\" data-widget_type=\"text-editor.default\">\n\t\t\t\t\t\t\t\t\t\n<h1 class=\"wp-block-heading\">T\u00fcrkiye&#8217;de sa\u00e7 ekimi maliyeti<\/h1>\n<hr class=\"wp-block-separator has-alpha-channel-opacity\">\n<p>Y\u00fcksek kaliteli kendi sa\u00e7 k\u00f6kleriyle yap\u0131lan sa\u00e7 ekimi, b\u00fcy\u00fck bir maliyet gerektirmez \u2013 \u00f6zellikle de T\u00fcrkiye&#8217;de, benzer tedaviler \u0130svi\u00e7re&#8217;ye k\u0131yasla genellikle \u00e7ok daha uygun fiyatlarla sunulmaktad\u0131r. T\u00fcrkiye&#8217;deki deneyimli uzmanlar ve modern kliniklerle olan yak\u0131n i\u015fbirli\u011fimiz sayesinde, size birinci s\u0131n\u0131f sonu\u00e7lar\u0131 uygun fiyatlarla sunabiliyoruz. Ortaklar\u0131m\u0131z, uluslararas\u0131 standartlara g\u00f6re \u00e7al\u0131\u015fmakta, FUE, <a href=\"https:\/\/medicaltravel.ch\/haartransplantation\/leistungsspektrum\/dhi_istanbul\/\" data-type=\"page\" data-id=\"129\">DHI<\/a>, <a href=\"https:\/\/medicaltravel.ch\/haartransplantation\/leistungsspektrum\/long-to-long-hair-turkei\/\" data-type=\"page\" data-id=\"131\">LongtoLong <\/a>ve PRP gibi modern y\u00f6ntemler kullanmakta ve sa\u00e7 ekimi konusunda uzun y\u0131llara dayanan deneyime sahiptir.  <\/p>\n\n<p><a href=\"https:\/\/medicaltravel.ch\/haartransplantation\/leistungsspektrum\/turkei-istanbul-fue-fuer-maenner\/\" data-type=\"page\" data-id=\"127\">T\u00fcrkiye&#8217;de hem erkekler i\u00e7in sa\u00e7 ekimi<\/a> hem de <a href=\"https:\/\/medicaltravel.ch\/haartransplantation\/leistungsspektrum\/turkei-istanbul-fue-fuer-frauen\/\" data-type=\"page\" data-id=\"133\">kad\u0131nlar i\u00e7in sa\u00e7 ekimi<\/a> hizmeti sunuyoruz. Burada, T\u00fcrkiye&#8217;deki sa\u00e7 ekimi i\u00e7in ne kadar \u00f6deme yapman\u0131z gerekti\u011fini, paketlerimizde nelerin dahil oldu\u011funu ve neden bizde m\u00fckemmel bir fiyat-performans oran\u0131 sundu\u011fumuzu \u015feffaf bir \u015fekilde \u00f6\u011frenebilirsiniz. Tam maliyet \u015feffafl\u0131\u011f\u0131na b\u00fcy\u00fck \u00f6nem veriyoruz: T\u00fcm \u00f6nemli hizmetler, tekliflerimizde zaten dahil edilmi\u015ftir ve iste\u011finiz \u00fczerine u\u00e7u\u015flar\u0131n\u0131z\u0131 da memnuniyetle organize edebiliriz.  <\/p>\n<hr class=\"wp-block-separator has-alpha-channel-opacity\">\n<h2 class=\"wp-block-heading\">T\u00fcrkiye&#8217;de sa\u00e7 ekimi: Fiyatlar, yap\u0131lacak i\u015fleme ve b\u00f6lgeye g\u00f6re de\u011fi\u015fiklik g\u00f6sterir.<\/h2>\n\n<p>\u0130\u015fte T\u00fcrkiye&#8217;deki (\u0130stanbul, Antalya, \u0130zmir) sa\u00e7 ekimi i\u00e7in sundu\u011fumuz cazip teklifler ve ilgili maliyetler. Fiyatlar CHF cinsinden olup, kullan\u0131lan malzeme ve y\u00f6nteme g\u00f6re de\u011fi\u015fiklik g\u00f6sterebilir. Fiyat de\u011fi\u015fiklikleri hakk\u0131m\u0131zda sakl\u0131d\u0131r. Paket fiyatlar\u0131m\u0131z, \u0130svi\u00e7re gibi Avrupa \u00fclkelerindeki tedavilerle kar\u015f\u0131la\u015ft\u0131r\u0131ld\u0131\u011f\u0131nda \u00e7ok daha uygun fiyatlarla sunulmakta \u2013 ancak t\u0131bbi kalite ayn\u0131 y\u00fcksek seviyede kalmaktad\u0131r.   <\/p>\n\n<figure class=\"wp-block-table\">\n<table class=\"has-fixed-layout\">\n<tbody>\n<tr>\n<th>Performans<\/th>\n<th>\u0130stanbul*<\/th>\n<th>Antalya*<\/th>\n<th>\u0130zmir*<\/th>\n<th>Kar\u015f\u0131la\u015ft\u0131rma i\u00e7in: Avrupa&#8217;daki Maliyetler<\/th>\n<\/tr>\n<tr>\n<td>Fiyat\u0131<\/td>\n<td>2028 CHF<\/td>\n<td>2028 CHF<\/td>\n<td>2400 CHF<\/td>\n<td>4500 CHF idi.<\/td>\n<\/tr>\n<tr>\n<td>DHI<\/td>\n<td>2340 CHF<\/td>\n<td>2340 CHF<\/td>\n<td>3000 CHF<\/td>\n<td>7000 CHF<\/td>\n<\/tr>\n<tr>\n<td>LongtoLong<\/td>\n<td>3510 CHF<\/td>\n<td>\u2013<\/td>\n<td>\u2013<\/td>\n<td>9000 CHF<\/td>\n<\/tr>\n<tr>\n<td>PRP<\/td>\n<td>\u00dccretsiz<\/td>\n<td>\u00dccretsiz<\/td>\n<td>\u00dccretsiz<\/td>\n<td>1000 CHF<\/td>\n<\/tr>\n<tr>\n<td>K\u00f6k h\u00fccreler<\/td>\n<td>1080 CHF<\/td>\n<td>\u2013<\/td>\n<td>\u2013<\/td>\n<td>2000 CHF<\/td>\n<\/tr>\n<\/tbody>\n<\/table>\n<\/figure>\n\n<h3 class=\"wp-block-heading\">Maliyetlerimiz \u015fu \u015fekilde olu\u015fmaktad\u0131r:<\/h3>\n\n<p>T\u00fcrkiye&#8217;deki sa\u00e7 ekimi fiyatlar\u0131m\u0131z, birka\u00e7 bile\u015fenden olu\u015fmaktad\u0131r. \u015eeffafl\u0131\u011fa b\u00fcy\u00fck \u00f6nem veriyoruz \u2013 b\u00f6ylece teklifinizde hangi hizmetlerin dahil oldu\u011funu tam olarak g\u00f6rebilirsiniz. Nihai fiyat, t\u0131bbi, organizasyonel ve konumla ilgili fakt\u00f6rlerden olu\u015fur ve bunlar\u0131 sizinle a\u00e7\u0131k bir \u015fekilde payla\u015f\u0131r\u0131z.  <\/p>\n\n<ul class=\"wp-block-list\">\n<li>Tedavi Y\u00f6ntemi: Ortak sa\u00e7 kliniklerimiz, kan\u0131tlanm\u0131\u015f FUE y\u00f6ntemi, \u00f6zellikle hassas DHI tekni\u011fi ve PRP (Kendi Kan Terapisi) ile k\u00f6k h\u00fccre tedavisi gibi destekleyici tedaviler de dahil olmak \u00fczere \u00e7e\u015fitli y\u00f6ntemler sunmaktad\u0131r. Y\u00f6nteme ba\u011fl\u0131 olarak, i\u015flem s\u00fcresi ve kullan\u0131lan malzeme farkl\u0131l\u0131k g\u00f6sterebilir. <\/li>\n\n<li>Graft Say\u0131s\u0131: Her zaman m\u00fcmk\u00fcn olan en y\u00fcksek graft say\u0131s\u0131n\u0131 sunuyoruz ve fiyat ayn\u0131 kal\u0131r.<\/li>\n\n<li>Doktorlar\u0131n Nitelikleri: Sadece sa\u00e7 ekimi konusunda uzmanla\u015fm\u0131\u015f ve d\u00fczenli olarak kendilerini geli\u015ftiren deneyimli doktorlarla \u00e7al\u0131\u015f\u0131yoruz.<\/li>\n\n<li>Klinik Lokasyonu: Tedaviler \u0130stanbul, Antalya veya \u0130zmir&#8217;deki partner kliniklerimizde yap\u0131lmaktad\u0131r. Yerel ko\u015fullara ba\u011fl\u0131 olarak, Hair Clinic&#8217;in lokasyonu T\u00fcrkiye&#8217;deki sa\u00e7 ekimi maliyetlerini etkileyebilir \u2013 ancak t\u0131bbi kalite ve tedavi standartlar\u0131 her yerde ayn\u0131 d\u00fczeydedir. <\/li>\n<\/ul>\n\n<h3 class=\"wp-block-heading\">T\u00fcrkiye&#8217;deki sa\u00e7 ekimi maliyetlerimiz \u015funlar\u0131 i\u00e7ermektedir:<\/h3>\n\n<ul class=\"wp-block-list\">\n<li>Ki\u015fisel dan\u0131\u015fmanl\u0131\u011f\u0131m\u0131z<\/li>\n\n<li>Havaalan\u0131, partner otel ve Hair Clinic aras\u0131ndaki t\u00fcm ula\u015f\u0131m hizmetleri<\/li>\n\n<li>Partner otelde 2 gece konaklama, kahvalt\u0131 d\u00e2hil <\/li>\n\n<li>Doktor g\u00f6r\u00fc\u015fmelerinde Almanca destek<\/li>\n\n<li>Sertifikal\u0131 bir hastane\/klinikte tedavi<\/li>\n\n<li>\u0130lk g\u00fcnler i\u00e7in \u00f6zel \u015fampuan, bak\u0131m \u00fcr\u00fcnleri ve ila\u00e7lar<\/li>\n\n<li>T\u00fcm \u00f6n ve son kontroller<\/li>\n\n<li>\u0130svi\u00e7re&#8217;deki takip kontrolleri imk\u00e2n\u0131 (sadece \u0130stanbul i\u00e7in ge\u00e7erlidir)<\/li>\n\n<li>Sa\u00e7 b\u00fcy\u00fcmenizi desteklemek i\u00e7in PRP tedavisi<\/li>\n\n<li>\u00d6zel MedicalTravelpass&#8217;imiz: Bu, T\u00fcrkiye&#8217;deki konaklaman\u0131z, tedaviniz ve i\u015flem sonras\u0131 iyile\u015fme s\u00fcrecinizle ilgili t\u00fcm \u00f6nemli hasta bilgilerini i\u00e7ermektedir.<\/li>\n<\/ul>\n\n<p>T\u00fcrkiye&#8217;deki sa\u00e7 ekimi fiyat\u0131m\u0131za d\u00e2hil olmayan \u00f6\u011feler, T\u00fcrkiye&#8217;ye yap\u0131lacak u\u00e7u\u015flard\u0131r. Ancak u\u00e7u\u015flar\u0131n\u0131z\u0131 bizim arac\u0131l\u0131\u011f\u0131m\u0131zla ya da kendi ba\u015f\u0131n\u0131za rahatl\u0131kla rezerve edebilirsiniz.<\/p>\n\n<h3 class=\"wp-block-heading\">S\u0131k\u00e7a sorulanlar: T\u00fcrkiye&#8217;de sa\u00e7 ekimi taksitli \u00f6deme ile m\u00fcmk\u00fcn m\u00fc?<\/h3>\n\n<p>Genellikle tedavi \u00fccretini \u00f6nceden tam olarak \u00f6demeniz gerekmektedir. Ancak, dilerseniz taksitli \u00f6deme talep edebilirsiniz. Daha fazla bilgi i\u00e7in <a href=\"https:\/\/medicaltravel.ch\/zahlung-in-raten\/\" data-type=\"page\" data-id=\"223\">buraya <\/a>t\u0131klayabilirsiniz.  <\/p>\n<hr class=\"wp-block-separator has-alpha-channel-opacity\">\n<figure class=\"wp-block-image size-full\"><img fetchpriority=\"high\" decoding=\"async\" width=\"426\" height=\"640\" class=\"wp-image-495\" src=\"https:\/\/medicaltravel.ch\/wp-content\/uploads\/2025\/09\/fotoaufnahme-haartransplantation-turkei.jpg\" alt=\"\" srcset=\"https:\/\/medicaltravel.ch\/wp-content\/uploads\/2025\/09\/fotoaufnahme-haartransplantation-turkei.jpg 426w, https:\/\/medicaltravel.ch\/wp-content\/uploads\/2025\/09\/fotoaufnahme-haartransplantation-turkei-200x300.jpg 200w\" sizes=\"(max-width: 426px) 100vw, 426px\" \/><\/figure>\n\n<h2 class=\"wp-block-heading\">Bize ihtiyac\u0131n\u0131z olanlar:<\/h2>\n\n<p>Uzman doktorlar\u0131m\u0131z\u0131n sa\u00e7 durumunuzu ve d\u00f6k\u00fclme s\u00fcrecinizi ger\u00e7ek\u00e7i bir \u015fekilde de\u011ferlendirebilmeleri i\u00e7in bizden \u00f6nce birka\u00e7 foto\u011fraf\u0131n\u0131z\u0131 ve do\u011fum y\u0131l\u0131n\u0131z\u0131 talep ediyoruz. Sadece ba\u015flang\u0131\u00e7 durumunuzun sa\u011flam bir \u015fekilde de\u011ferlendirilmesi, T\u00fcrkiye&#8217;deki sa\u00e7 ekimi maliyetlerinin de ger\u00e7ek\u00e7i bir \u015fekilde belirlenmesini sa\u011flar. <\/p>\n\n<p>L\u00fctfen foto\u011fraflar\u0131 a\u015fa\u011f\u0131daki a\u00e7\u0131lardan \u00e7ekiniz:<\/p>\n\n<ul class=\"wp-block-list\">\n<li>\u00d6nden, hafif\u00e7e e\u011filmi\u015f ba\u015fla<\/li>\n\n<li>Yandan, her iki taraf (sol ve sa\u011f)<\/li>\n\n<li>\u00dcstten, ba\u015f\u0131n tepe k\u0131sm\u0131ndaki sa\u00e7 d\u00f6k\u00fclmesini de\u011ferlendirebilmek i\u00e7in<\/li>\n\n<li>Don\u00f6r b\u00f6lgesinden (arka kafadaki sa\u00e7 \u00e7evresi)<\/li>\n<\/ul>\n\n<p>\u0130pucu: Foto\u011fraf \u00e7ekerken m\u00fcmk\u00fcnse fla\u015f \u0131\u015f\u0131\u011f\u0131 kullanmay\u0131n, ba\u015f \u00f6rt\u00fcs\u00fc kullanmaktan ka\u00e7\u0131n\u0131n ve sa\u00e7lar\u0131n\u0131z\u0131n kuru ve net bir \u015fekilde g\u00f6r\u00fcnmesini sa\u011flay\u0131n \u2013 b\u00f6ylece T\u00fcrkiye&#8217;deki sa\u00e7 ekimi i\u015fleminizden en iyi \u015fekilde faydalanabilirsiniz.<\/p>\n\n<p>Foto\u011fraflar\u0131n\u0131z\u0131, <a href=\"https:\/\/medicaltravel.ch\/kontakt\/\" data-type=\"page\" data-id=\"225\">ileti\u015fim formu<\/a>, <a href=\"mailto:%20info@medicaltravel.net\">e-posta<\/a> veya <a href=\"https:\/\/wa.me\/41787373541\" rel=\"nofollow noopener\" target=\"_blank\">WhatsApp <\/a>arac\u0131l\u0131\u011f\u0131yla \u00fccretsiz ve taahh\u00fcts\u00fcz olarak bizlere g\u00f6nderebilirsiniz. Sonras\u0131nda doktorlar\u0131m\u0131z, sa\u00e7 yo\u011funlu\u011funuz ve yap\u0131n\u0131z\u0131 dikkatlice inceleyerek sa\u00e7 ekimi i\u00e7in uygun olup olmad\u0131\u011f\u0131n\u0131z\u0131 de\u011ferlendirir. Ayr\u0131ca, bireysel sa\u00e7 durumunuza en uygun tedavi y\u00f6ntemini ve tatmin edici bir sonu\u00e7 i\u00e7in gerekli graft veya greft say\u0131s\u0131n\u0131 belirlerler.  <\/p>\n<hr class=\"wp-block-separator has-alpha-channel-opacity\">\n<h2 class=\"wp-block-heading\">Sa\u00e7 Ekimi T\u00fcrkiye: Bizimle en iyi sonucu al\u0131rs\u0131n\u0131z<\/h2>\n\n<p><strong><a href=\"https:\/\/medicaltravel.ch\/tr\/sac-ekimi\/sac-ekimi\/\" data-type=\"page\" data-id=\"114\">T\u00fcrkiye&#8217;de sa\u00e7 ekimi ad\u0131m\u0131 g\u00fcven<\/a><\/strong> meselesidir \u2013 ve biz tam olarak bu alanda uzman\u0131z. Sizi hasta olarak, ilk dan\u0131\u015fmanl\u0131ktan seyahat organizasyonuna ve sonras\u0131 bak\u0131ma kadar t\u00fcm s\u00fcre\u00e7te ki\u015fisel olarak destekliyoruz. \u0130leti\u015fim noktalar\u0131n\u0131z \u0130svi\u00e7re&#8217;de bulunmaktad\u0131r ve her zaman sorular\u0131n\u0131z i\u00e7in yan\u0131n\u0131zda olacaklard\u0131r \u2013 \u015feffaf, g\u00fcvenilir ve dil engeli olmadan.  <\/p>\n\n<p>\u0130stanbul, Antalya ve \u0130zmir&#8217;deki deneyimli sa\u00e7 klinikleriyle yak\u0131n i\u015fbirli\u011fimiz sayesinde, size uygun fiyatlarla y\u00fcksek kaliteli t\u0131bbi tedaviler sunuyoruz. Ortaklar\u0131m\u0131z, en modern y\u00f6ntemlerle \u00e7al\u0131\u015fmakta ve m\u00fckemmel bir fiyat-performans oran\u0131 sunmaktad\u0131r: Transferler, otel konaklamas\u0131 ve ki\u015fisel rehberlik dahil olmak \u00fczere tam kapsaml\u0131 hizmetle, T\u00fcrkiye&#8217;deki sa\u00e7 ekimi maliyetleri, bir\u00e7ok di\u011fer \u00fclkedeki maliyetlerin yaln\u0131zca k\u00fc\u00e7\u00fck bir k\u0131sm\u0131n\u0131 olu\u015fturmaktad\u0131r. K\u0131sacas\u0131: Kaliteyi maliyet bilinciyle birle\u015ftiriyor ve birlikte, kal\u0131c\u0131 bir \u015fekilde sa\u00e7 d\u00f6k\u00fclmenizle m\u00fccadele ediyoruz.  <\/p>\n\t\t\t\t\t\t\t\t<\/div>\n\t\t\t\t\t<\/div>\n\t\t\t\t<\/div>\n\t\t\t\t<\/div>\n\t\t","protected":false},"excerpt":{"rendered":"<p>Sa\u00e7 ekimi hastaneler Hizmet yelpazesi Teklif Fiyatlar T\u00fcrkiye&#8217;de sa\u00e7 ekimi maliyeti Y\u00fcksek kaliteli kendi sa\u00e7 k\u00f6kleriyle yap\u0131lan sa\u00e7 ekimi, b\u00fcy\u00fck bir maliyet gerektirmez \u2013 \u00f6zellikle de T\u00fcrkiye&#8217;de, benzer tedaviler \u0130svi\u00e7re&#8217;ye k\u0131yasla genellikle \u00e7ok daha uygun fiyatlarla sunulmaktad\u0131r. T\u00fcrkiye&#8217;deki deneyimli uzmanlar ve modern kliniklerle olan yak\u0131n i\u015fbirli\u011fimiz sayesinde, size birinci s\u0131n\u0131f sonu\u00e7lar\u0131 uygun fiyatlarla sunabiliyoruz. Ortaklar\u0131m\u0131z, uluslararas\u0131 standartlara g\u00f6re \u00e7al\u0131\u015fmakta, FUE, DHI, LongtoLong ve PRP gibi modern y\u00f6ntemler kullanmakta ve sa\u00e7 ekimi konusunda uzun y\u0131llara dayanan deneyime sahiptir. T\u00fcrkiye&#8217;de hem erkekler i\u00e7in sa\u00e7 ekimi hem de kad\u0131nlar i\u00e7in sa\u00e7 ekimi hizmeti sunuyoruz. Burada, T\u00fcrkiye&#8217;deki sa\u00e7 ekimi i\u00e7in ne kadar \u00f6deme yapman\u0131z gerekti\u011fini, paketlerimizde nelerin dahil oldu\u011funu ve neden bizde m\u00fckemmel bir fiyat-performans oran\u0131 sundu\u011fumuzu \u015feffaf bir \u015fekilde \u00f6\u011frenebilirsiniz. Tam maliyet \u015feffafl\u0131\u011f\u0131na b\u00fcy\u00fck \u00f6nem veriyoruz: T\u00fcm \u00f6nemli hizmetler, tekliflerimizde zaten dahil edilmi\u015ftir ve iste\u011finiz \u00fczerine u\u00e7u\u015flar\u0131n\u0131z\u0131 da memnuniyetle organize edebiliriz. T\u00fcrkiye&#8217;de sa\u00e7 ekimi: Fiyatlar, yap\u0131lacak i\u015fleme ve b\u00f6lgeye g\u00f6re de\u011fi\u015fiklik g\u00f6sterir. \u0130\u015fte T\u00fcrkiye&#8217;deki (\u0130stanbul, Antalya, \u0130zmir) sa\u00e7 ekimi i\u00e7in sundu\u011fumuz cazip teklifler ve ilgili maliyetler. Fiyatlar CHF cinsinden olup, kullan\u0131lan malzeme ve y\u00f6nteme g\u00f6re de\u011fi\u015fiklik g\u00f6sterebilir. Fiyat de\u011fi\u015fiklikleri hakk\u0131m\u0131zda sakl\u0131d\u0131r. Paket fiyatlar\u0131m\u0131z, \u0130svi\u00e7re gibi Avrupa \u00fclkelerindeki tedavilerle kar\u015f\u0131la\u015ft\u0131r\u0131ld\u0131\u011f\u0131nda \u00e7ok daha uygun fiyatlarla sunulmakta \u2013 ancak t\u0131bbi kalite ayn\u0131 y\u00fcksek seviyede kalmaktad\u0131r. Performans \u0130stanbul* Antalya* \u0130zmir* Kar\u015f\u0131la\u015ft\u0131rma i\u00e7in: Avrupa&#8217;daki Maliyetler Fiyat\u0131 2028 CHF 2028 CHF 2400 CHF 4500 CHF idi. DHI 2340 CHF 2340 CHF 3000 CHF 7000 CHF LongtoLong 3510 CHF \u2013 \u2013 9000 CHF PRP \u00dccretsiz \u00dccretsiz \u00dccretsiz 1000 CHF K\u00f6k h\u00fccreler 1080 CHF \u2013 \u2013 2000 CHF Maliyetlerimiz \u015fu \u015fekilde olu\u015fmaktad\u0131r: T\u00fcrkiye&#8217;deki sa\u00e7 ekimi fiyatlar\u0131m\u0131z, birka\u00e7 bile\u015fenden olu\u015fmaktad\u0131r. \u015eeffafl\u0131\u011fa b\u00fcy\u00fck \u00f6nem veriyoruz \u2013 b\u00f6ylece teklifinizde hangi hizmetlerin dahil oldu\u011funu tam olarak g\u00f6rebilirsiniz. Nihai fiyat, t\u0131bbi, organizasyonel ve konumla ilgili fakt\u00f6rlerden olu\u015fur ve bunlar\u0131 sizinle a\u00e7\u0131k bir \u015fekilde payla\u015f\u0131r\u0131z. Tedavi Y\u00f6ntemi: Ortak sa\u00e7 kliniklerimiz, kan\u0131tlanm\u0131\u015f FUE y\u00f6ntemi, \u00f6zellikle hassas DHI tekni\u011fi ve PRP (Kendi Kan Terapisi) ile k\u00f6k h\u00fccre tedavisi gibi destekleyici tedaviler de dahil olmak \u00fczere \u00e7e\u015fitli y\u00f6ntemler sunmaktad\u0131r. Y\u00f6nteme ba\u011fl\u0131 olarak, i\u015flem s\u00fcresi ve kullan\u0131lan malzeme farkl\u0131l\u0131k g\u00f6sterebilir. Graft Say\u0131s\u0131: Her zaman m\u00fcmk\u00fcn olan en y\u00fcksek graft say\u0131s\u0131n\u0131 sunuyoruz ve fiyat ayn\u0131 kal\u0131r. Doktorlar\u0131n Nitelikleri: Sadece sa\u00e7 ekimi konusunda uzmanla\u015fm\u0131\u015f ve d\u00fczenli olarak kendilerini geli\u015ftiren deneyimli doktorlarla \u00e7al\u0131\u015f\u0131yoruz. Klinik Lokasyonu: Tedaviler \u0130stanbul, Antalya veya \u0130zmir&#8217;deki partner kliniklerimizde yap\u0131lmaktad\u0131r. Yerel ko\u015fullara ba\u011fl\u0131 olarak, Hair Clinic&#8217;in lokasyonu T\u00fcrkiye&#8217;deki sa\u00e7 ekimi maliyetlerini etkileyebilir \u2013 ancak t\u0131bbi kalite ve tedavi standartlar\u0131 her yerde ayn\u0131 d\u00fczeydedir. T\u00fcrkiye&#8217;deki sa\u00e7 ekimi maliyetlerimiz \u015funlar\u0131 i\u00e7ermektedir: Ki\u015fisel dan\u0131\u015fmanl\u0131\u011f\u0131m\u0131z Havaalan\u0131, partner otel ve Hair Clinic aras\u0131ndaki t\u00fcm ula\u015f\u0131m hizmetleri Partner otelde 2 gece konaklama, kahvalt\u0131 d\u00e2hil Doktor g\u00f6r\u00fc\u015fmelerinde Almanca destek Sertifikal\u0131 bir hastane\/klinikte tedavi \u0130lk g\u00fcnler i\u00e7in \u00f6zel \u015fampuan, bak\u0131m \u00fcr\u00fcnleri ve ila\u00e7lar T\u00fcm \u00f6n ve son kontroller \u0130svi\u00e7re&#8217;deki takip kontrolleri imk\u00e2n\u0131 (sadece \u0130stanbul i\u00e7in ge\u00e7erlidir) Sa\u00e7 b\u00fcy\u00fcmenizi desteklemek i\u00e7in PRP tedavisi \u00d6zel MedicalTravelpass&#8217;imiz: Bu, T\u00fcrkiye&#8217;deki konaklaman\u0131z, tedaviniz ve i\u015flem sonras\u0131 iyile\u015fme s\u00fcrecinizle ilgili t\u00fcm \u00f6nemli hasta bilgilerini i\u00e7ermektedir. T\u00fcrkiye&#8217;deki sa\u00e7 ekimi fiyat\u0131m\u0131za d\u00e2hil olmayan \u00f6\u011feler, T\u00fcrkiye&#8217;ye yap\u0131lacak u\u00e7u\u015flard\u0131r. Ancak u\u00e7u\u015flar\u0131n\u0131z\u0131 bizim arac\u0131l\u0131\u011f\u0131m\u0131zla ya da kendi ba\u015f\u0131n\u0131za rahatl\u0131kla rezerve edebilirsiniz. S\u0131k\u00e7a sorulanlar: T\u00fcrkiye&#8217;de sa\u00e7 ekimi taksitli \u00f6deme ile m\u00fcmk\u00fcn m\u00fc? Genellikle tedavi \u00fccretini \u00f6nceden tam olarak \u00f6demeniz gerekmektedir. Ancak, dilerseniz taksitli \u00f6deme talep edebilirsiniz. Daha fazla bilgi i\u00e7in buraya t\u0131klayabilirsiniz. Bize ihtiyac\u0131n\u0131z olanlar: Uzman doktorlar\u0131m\u0131z\u0131n sa\u00e7 durumunuzu ve d\u00f6k\u00fclme s\u00fcrecinizi ger\u00e7ek\u00e7i bir \u015fekilde de\u011ferlendirebilmeleri i\u00e7in bizden \u00f6nce birka\u00e7 foto\u011fraf\u0131n\u0131z\u0131 ve do\u011fum y\u0131l\u0131n\u0131z\u0131 talep ediyoruz. Sadece ba\u015flang\u0131\u00e7 durumunuzun sa\u011flam bir \u015fekilde de\u011ferlendirilmesi, T\u00fcrkiye&#8217;deki sa\u00e7 ekimi maliyetlerinin de ger\u00e7ek\u00e7i bir \u015fekilde belirlenmesini sa\u011flar. L\u00fctfen foto\u011fraflar\u0131 a\u015fa\u011f\u0131daki a\u00e7\u0131lardan \u00e7ekiniz: \u00d6nden, hafif\u00e7e e\u011filmi\u015f ba\u015fla Yandan, her iki taraf (sol ve sa\u011f) \u00dcstten, ba\u015f\u0131n tepe k\u0131sm\u0131ndaki sa\u00e7 d\u00f6k\u00fclmesini de\u011ferlendirebilmek i\u00e7in Don\u00f6r b\u00f6lgesinden (arka kafadaki sa\u00e7 \u00e7evresi) \u0130pucu: Foto\u011fraf \u00e7ekerken m\u00fcmk\u00fcnse fla\u015f \u0131\u015f\u0131\u011f\u0131 kullanmay\u0131n, ba\u015f \u00f6rt\u00fcs\u00fc kullanmaktan ka\u00e7\u0131n\u0131n ve sa\u00e7lar\u0131n\u0131z\u0131n kuru ve net bir \u015fekilde g\u00f6r\u00fcnmesini sa\u011flay\u0131n \u2013 b\u00f6ylece T\u00fcrkiye&#8217;deki sa\u00e7 ekimi i\u015fleminizden en iyi \u015fekilde faydalanabilirsiniz. Foto\u011fraflar\u0131n\u0131z\u0131, ileti\u015fim formu, e-posta veya WhatsApp arac\u0131l\u0131\u011f\u0131yla \u00fccretsiz ve taahh\u00fcts\u00fcz olarak bizlere g\u00f6nderebilirsiniz. Sonras\u0131nda doktorlar\u0131m\u0131z, sa\u00e7 yo\u011funlu\u011funuz ve yap\u0131n\u0131z\u0131 dikkatlice inceleyerek sa\u00e7 ekimi i\u00e7in uygun olup olmad\u0131\u011f\u0131n\u0131z\u0131 de\u011ferlendirir. Ayr\u0131ca, bireysel sa\u00e7 durumunuza en uygun tedavi y\u00f6ntemini ve tatmin edici bir sonu\u00e7 i\u00e7in gerekli graft veya greft say\u0131s\u0131n\u0131 belirlerler. Sa\u00e7 Ekimi T\u00fcrkiye: Bizimle en iyi sonucu al\u0131rs\u0131n\u0131z T\u00fcrkiye&#8217;de sa\u00e7 ekimi ad\u0131m\u0131 g\u00fcven meselesidir \u2013 ve biz tam olarak bu alanda uzman\u0131z. Sizi hasta olarak, ilk dan\u0131\u015fmanl\u0131ktan seyahat organizasyonuna ve sonras\u0131 bak\u0131ma kadar t\u00fcm s\u00fcre\u00e7te ki\u015fisel olarak destekliyoruz. \u0130leti\u015fim noktalar\u0131n\u0131z \u0130svi\u00e7re&#8217;de bulunmaktad\u0131r ve her zaman sorular\u0131n\u0131z i\u00e7in yan\u0131n\u0131zda olacaklard\u0131r \u2013 \u015feffaf, g\u00fcvenilir ve dil engeli olmadan. \u0130stanbul, Antalya ve \u0130zmir&#8217;deki deneyimli sa\u00e7 klinikleriyle yak\u0131n i\u015fbirli\u011fimiz sayesinde, size uygun fiyatlarla y\u00fcksek kaliteli t\u0131bbi tedaviler sunuyoruz. Ortaklar\u0131m\u0131z, en modern y\u00f6ntemlerle \u00e7al\u0131\u015fmakta ve m\u00fckemmel bir fiyat-performans oran\u0131 sunmaktad\u0131r: Transferler, otel konaklamas\u0131 ve ki\u015fisel rehberlik dahil olmak \u00fczere tam kapsaml\u0131 hizmetle, T\u00fcrkiye&#8217;deki sa\u00e7 ekimi maliyetleri, bir\u00e7ok di\u011fer \u00fclkedeki maliyetlerin yaln\u0131zca k\u00fc\u00e7\u00fck bir k\u0131sm\u0131n\u0131 olu\u015fturmaktad\u0131r. K\u0131sacas\u0131: Kaliteyi maliyet bilinciyle birle\u015ftiriyor ve birlikte, kal\u0131c\u0131 bir \u015fekilde sa\u00e7 d\u00f6k\u00fclmenizle m\u00fccadele ediyoruz.<\/p>\n","protected":false},"author":4,"featured_media":0,"parent":5157,"menu_order":0,"comment_status":"closed","ping_status":"closed","template":"","meta":{"_joinchat":[],"footnotes":""},"class_list":["post-5196","page","type-page","status-publish","hentry"],"acf":[],"_links":{"self":[{"href":"https:\/\/medicaltravel.ch\/tr\/wp-json\/wp\/v2\/pages\/5196","targetHints":{"allow":["GET"]}}],"collection":[{"href":"https:\/\/medicaltravel.ch\/tr\/wp-json\/wp\/v2\/pages"}],"about":[{"href":"https:\/\/medicaltravel.ch\/tr\/wp-json\/wp\/v2\/types\/page"}],"author":[{"embeddable":true,"href":"https:\/\/medicaltravel.ch\/tr\/wp-json\/wp\/v2\/users\/4"}],"replies":[{"embeddable":true,"href":"https:\/\/medicaltravel.ch\/tr\/wp-json\/wp\/v2\/comments?post=5196"}],"version-history":[{"count":3,"href":"https:\/\/medicaltravel.ch\/tr\/wp-json\/wp\/v2\/pages\/5196\/revisions"}],"predecessor-version":[{"id":5199,"href":"https:\/\/medicaltravel.ch\/tr\/wp-json\/wp\/v2\/pages\/5196\/revisions\/5199"}],"up":[{"embeddable":true,"href":"https:\/\/medicaltravel.ch\/tr\/wp-json\/wp\/v2\/pages\/5157"}],"wp:attachment":[{"href":"https:\/\/medicaltravel.ch\/tr\/wp-json\/wp\/v2\/media?parent=5196"}],"curies":[{"name":"wp","href":"https:\/\/api.w.org\/{rel}","templated":true}]}}