{"id":5202,"date":"2025-09-17T08:56:07","date_gmt":"2025-09-17T07:56:07","guid":{"rendered":"https:\/\/medicaltravel.ch\/sac-ekimi\/hizmet-yelpazesi\/kas-ekimi-istanbul-antalya-izmir\/"},"modified":"2026-01-03T23:23:05","modified_gmt":"2026-01-03T22:23:05","slug":"kas-ekimi-istanbul-antalya-izmir","status":"publish","type":"page","link":"https:\/\/medicaltravel.ch\/tr\/sac-ekimi\/hizmet-yelpazesi\/kas-ekimi-istanbul-antalya-izmir\/","title":{"rendered":"Ka\u015f ekimi \u0130stanbul &#8211; Antalya &#8211; \u0130zmir"},"content":{"rendered":"\t\t<div data-elementor-type=\"wp-page\" data-elementor-id=\"5202\" class=\"elementor elementor-5202 elementor-135\" data-elementor-post-type=\"page\">\n\t\t\t\t<div class=\"elementor-element elementor-element-561964c1 e-flex e-con-boxed wpr-particle-no wpr-jarallax-no wpr-parallax-no wpr-sticky-section-no wpr-equal-height-no e-con e-parent\" data-id=\"561964c1\" data-element_type=\"container\" data-e-type=\"container\">\n\t\t\t\t\t<div class=\"e-con-inner\">\n\t\t<div class=\"elementor-element elementor-element-477984b e-con-full e-flex wpr-particle-no wpr-jarallax-no wpr-parallax-no wpr-sticky-section-no wpr-equal-height-no e-con e-child\" data-id=\"477984b\" data-element_type=\"container\" data-e-type=\"container\">\n\t\t\t\t<div class=\"elementor-element elementor-element-28a9e38 elementor-widget elementor-widget-button\" data-id=\"28a9e38\" data-element_type=\"widget\" data-e-type=\"widget\" data-widget_type=\"button.default\">\n\t\t\t\t\t\t\t\t\t\t<a class=\"elementor-button elementor-button-link elementor-size-sm\" href=\"https:\/\/medicaltravel.ch\/haartransplantation\/leistungsspektrum\/turkei-istanbul-fue-fuer-maenner\/\">\n\t\t\t\t\t\t<span class=\"elementor-button-content-wrapper\">\n\t\t\t\t\t\t\t\t\t<span class=\"elementor-button-text\">Erkekler i\u00e7in FUE<\/span>\n\t\t\t\t\t<\/span>\n\t\t\t\t\t<\/a>\n\t\t\t\t\t\t\t\t<\/div>\n\t\t\t\t<div class=\"elementor-element elementor-element-edc9d30 elementor-widget elementor-widget-button\" data-id=\"edc9d30\" data-element_type=\"widget\" data-e-type=\"widget\" data-widget_type=\"button.default\">\n\t\t\t\t\t\t\t\t\t\t<a class=\"elementor-button elementor-button-link elementor-size-sm\" href=\"https:\/\/medicaltravel.ch\/haartransplantation\/leistungsspektrum\/dhi_istanbul\/\">\n\t\t\t\t\t\t<span class=\"elementor-button-content-wrapper\">\n\t\t\t\t\t\t\t\t\t<span class=\"elementor-button-text\">Y\u00f6ntem<\/span>\n\t\t\t\t\t<\/span>\n\t\t\t\t\t<\/a>\n\t\t\t\t\t\t\t\t<\/div>\n\t\t\t\t<div class=\"elementor-element elementor-element-6224a54 elementor-widget elementor-widget-button\" data-id=\"6224a54\" data-element_type=\"widget\" data-e-type=\"widget\" data-widget_type=\"button.default\">\n\t\t\t\t\t\t\t\t\t\t<a class=\"elementor-button elementor-button-link elementor-size-sm\" href=\"https:\/\/medicaltravel.ch\/haartransplantation\/leistungsspektrum\/long-to-long-hair-turkei\/\">\n\t\t\t\t\t\t<span class=\"elementor-button-content-wrapper\">\n\t\t\t\t\t\t\t\t\t<span class=\"elementor-button-text\">Longtolong<\/span>\n\t\t\t\t\t<\/span>\n\t\t\t\t\t<\/a>\n\t\t\t\t\t\t\t\t<\/div>\n\t\t\t\t<div class=\"elementor-element elementor-element-d3a1f8b elementor-widget elementor-widget-button\" data-id=\"d3a1f8b\" data-element_type=\"widget\" data-e-type=\"widget\" data-widget_type=\"button.default\">\n\t\t\t\t\t\t\t\t\t\t<a class=\"elementor-button elementor-button-link elementor-size-sm\" href=\"https:\/\/medicaltravel.ch\/haartransplantation\/leistungsspektrum\/turkei-istanbul-fue-fuer-frauen\/\">\n\t\t\t\t\t\t<span class=\"elementor-button-content-wrapper\">\n\t\t\t\t\t\t\t\t\t<span class=\"elementor-button-text\">Kad\u0131nlar i\u00e7in FUE<\/span>\n\t\t\t\t\t<\/span>\n\t\t\t\t\t<\/a>\n\t\t\t\t\t\t\t\t<\/div>\n\t\t\t\t<div class=\"elementor-element elementor-element-9bbe445 elementor-widget elementor-widget-button\" data-id=\"9bbe445\" data-element_type=\"widget\" data-e-type=\"widget\" data-widget_type=\"button.default\">\n\t\t\t\t\t\t\t\t\t\t<a class=\"elementor-button elementor-button-link elementor-size-sm\" href=\"https:\/\/medicaltravel.ch\/haartransplantation\/leistungsspektrum\/turkei-istanbul-fue-fuer-maenner\/\">\n\t\t\t\t\t\t<span class=\"elementor-button-content-wrapper\">\n\t\t\t\t\t\t\t\t\t<span class=\"elementor-button-text\">Ek hizmetler<\/span>\n\t\t\t\t\t<\/span>\n\t\t\t\t\t<\/a>\n\t\t\t\t\t\t\t\t<\/div>\n\t\t\t\t<div class=\"elementor-element elementor-element-f23da97 elementor-widget elementor-widget-button\" data-id=\"f23da97\" data-element_type=\"widget\" data-e-type=\"widget\" data-widget_type=\"button.default\">\n\t\t\t\t\t\t\t\t\t\t<a class=\"elementor-button elementor-button-link elementor-size-sm\" href=\"https:\/\/medicaltravel.ch\/tr\/sac-ekimi\/hizmet-yelpazesi\/kas-ekimi-istanbul-antalya-izmir\/\">\n\t\t\t\t\t\t<span class=\"elementor-button-content-wrapper\">\n\t\t\t\t\t\t\t\t\t<span class=\"elementor-button-text\">Ka\u015f ekimi<\/span>\n\t\t\t\t\t<\/span>\n\t\t\t\t\t<\/a>\n\t\t\t\t\t\t\t\t<\/div>\n\t\t\t\t<div class=\"elementor-element elementor-element-6389a6d elementor-widget elementor-widget-button\" data-id=\"6389a6d\" data-element_type=\"widget\" data-e-type=\"widget\" data-widget_type=\"button.default\">\n\t\t\t\t\t\t\t\t\t\t<a class=\"elementor-button elementor-button-link elementor-size-sm\" href=\"https:\/\/medicaltravel.ch\/tr\/dentalreisen\/hizmet-yelpazesi\/sac-ekimi-hakkinda-sikca-sorulan-sorular\/\">\n\t\t\t\t\t\t<span class=\"elementor-button-content-wrapper\">\n\t\t\t\t\t\t\t\t\t<span class=\"elementor-button-text\">S\u0131k\u00e7a Sorulan Sorular<\/span>\n\t\t\t\t\t<\/span>\n\t\t\t\t\t<\/a>\n\t\t\t\t\t\t\t\t<\/div>\n\t\t\t\t<\/div>\n\t\t\t\t<div class=\"elementor-element elementor-element-58ed7c57 elementor-widget elementor-widget-text-editor\" data-id=\"58ed7c57\" data-element_type=\"widget\" data-e-type=\"widget\" data-widget_type=\"text-editor.default\">\n\t\t\t\t\t\t\t\t\t\n<h2 class=\"wp-block-heading\">Ka\u015f Tedavileri &#8211; T\u00fcrkiye &#8211; \u0130stanbul &#8211; Antalya<\/h2>\n\n<h3 class=\"wp-block-heading\">Ka\u015f Ekimi<\/h3>\n\n<p><strong>Ka\u015f Nakli<\/strong><\/p>\n\n<p>Ka\u015f t\u00fcyleri, sa\u00e7lar gibi bir b\u00fcy\u00fcme a\u015famas\u0131 ve bir dinlenme a\u015famas\u0131na sahiptir. Bir\u00e7ok durumda, ka\u015f t\u00fcylerinin a\u015f\u0131r\u0131 yolunmas\u0131, cilt hastal\u0131klar\u0131 (\u00f6rne\u011fin, Pelade), kal\u0131c\u0131 makyaj, kemoterapi gibi fakt\u00f6rler nedeniyle ka\u015f \u015fekli bozulabilir veya ka\u015f t\u00fcyleri kaybolabilir. S\u00f6z konusu nedenler ortadan kalkt\u0131ktan sonra, d\u00f6k\u00fclen ka\u015f t\u00fcyleri genellikle bir y\u0131l i\u00e7inde yeniden \u00e7\u0131kmaya ba\u015flar.  <\/p>\n\n<p>Ka\u015f t\u00fcyleri, yeniden \u00e7\u0131km\u0131yorsa, bir nakil ile yerine konulabilir. Ka\u015f nakli, sa\u00e7 ekimi gibi, ense b\u00f6lgesinden al\u0131nan sa\u00e7 k\u00f6klerinin nakledilmesiyle yap\u0131l\u0131r. Ense t\u00fcyleri kald\u0131r\u0131l\u0131r ve nakil edilecek sa\u00e7 k\u00f6klerinin say\u0131s\u0131na g\u00f6re 1 cm geni\u015fli\u011finde ve 5-10 cm uzunlu\u011funda yatay bir \u015ferit t\u0131ra\u015f edilir. Ard\u0131ndan, sa\u00e7 k\u00f6kleri, \u00e7ok ince punch&#8217;lar kullan\u0131larak bir mikromotorla al\u0131n\u0131r. Sa\u00e7 k\u00f6klerinin al\u0131nd\u0131\u011f\u0131 alan \u00e7ok k\u00fc\u00e7\u00fck oldu\u011fundan, bu b\u00f6lgede herhangi bir iz kalmaz. \u0130htiyaca g\u00f6re 40-50&#8217;den 400-500&#8217;e kadar greft al\u0131narak gerekli alana nakledilebilir. Nakil i\u015flemi lokal anestezi alt\u0131nda yap\u0131l\u0131r ve i\u015flem sonras\u0131 ki\u015fi herhangi bir a\u011fr\u0131 hissetmez. Nakil s\u0131ras\u0131nda, ka\u015flar\u0131n anatomik yap\u0131s\u0131 ve \u00e7\u0131k\u0131\u015f y\u00f6n\u00fc dikkate al\u0131nmal\u0131d\u0131r.         <\/p>\n\n<p>Uzman doktorlar ve deneyimli bir ekip taraf\u0131ndan ger\u00e7ekle\u015ftirilen ka\u015f nakilleri son derece do\u011fal bir sonu\u00e7 sa\u011flar. Ka\u015flar, 4-6 ay i\u00e7inde toparlanarak nihai \u015feklini al\u0131r. 2 ay sonra ki\u015fi ka\u015flar\u0131n\u0131 alabilir. Nakil sonras\u0131 \u00e7\u0131kan ilk ka\u015flar, sa\u00e7lar\u0131m\u0131z gibi b\u00fcy\u00fcr \u00e7\u00fcnk\u00fc sa\u00e7 \u00f6zelliklerine sahiptir. Yakla\u015f\u0131k bir y\u0131l sonra, kan dola\u015f\u0131m\u0131n\u0131n ka\u015f b\u00f6lgesine uyum sa\u011flamas\u0131yla birlikte b\u00fcy\u00fcme durur ve t\u00fcyler ka\u015f t\u00fcylerinin \u00f6zelliklerini kazanmaya ba\u015flar.    <\/p>\n\n<p>Ba\u015fka sorunuz var m\u0131 Sizinle <a href=\"https:\/\/medicaltravel.ch\/kontakt\/\" data-type=\"page\" data-id=\"225\">ileti\u015fime <\/a>ge\u00e7meyi d\u00f6rt g\u00f6zle bekliyoruz. <\/p>\n\n<figure class=\"wp-block-image size-full\"><img fetchpriority=\"high\" decoding=\"async\" width=\"457\" height=\"200\" class=\"wp-image-485\" src=\"https:\/\/medicaltravel.ch\/wp-content\/uploads\/2025\/09\/csm_Augenbrauentransplantation_01_326b307795.jpg\" alt=\"\" srcset=\"https:\/\/medicaltravel.ch\/wp-content\/uploads\/2025\/09\/csm_Augenbrauentransplantation_01_326b307795.jpg 457w, https:\/\/medicaltravel.ch\/wp-content\/uploads\/2025\/09\/csm_Augenbrauentransplantation_01_326b307795-300x131.jpg 300w\" sizes=\"(max-width: 457px) 100vw, 457px\" \/><\/figure>\n\n<p id=\"caption-attachment-665\">Daha G\u00fczel Bir Y\u00fcz \u0130\u00e7in Ka\u015f Nakli<\/p>\n\t\t\t\t\t\t\t\t<\/div>\n\t\t\t\t\t<\/div>\n\t\t\t\t<\/div>\n\t\t\t\t<\/div>\n\t\t","protected":false},"excerpt":{"rendered":"<p>Erkekler i\u00e7in FUE Y\u00f6ntem Longtolong Kad\u0131nlar i\u00e7in FUE Ek hizmetler Ka\u015f ekimi S\u0131k\u00e7a Sorulan Sorular Ka\u015f Tedavileri &#8211; T\u00fcrkiye &#8211; \u0130stanbul &#8211; Antalya Ka\u015f Ekimi Ka\u015f Nakli Ka\u015f t\u00fcyleri, sa\u00e7lar gibi bir b\u00fcy\u00fcme a\u015famas\u0131 ve bir dinlenme a\u015famas\u0131na sahiptir. Bir\u00e7ok durumda, ka\u015f t\u00fcylerinin a\u015f\u0131r\u0131 yolunmas\u0131, cilt hastal\u0131klar\u0131 (\u00f6rne\u011fin, Pelade), kal\u0131c\u0131 makyaj, kemoterapi gibi fakt\u00f6rler nedeniyle ka\u015f \u015fekli bozulabilir veya ka\u015f t\u00fcyleri kaybolabilir. S\u00f6z konusu nedenler ortadan kalkt\u0131ktan sonra, d\u00f6k\u00fclen ka\u015f t\u00fcyleri genellikle bir y\u0131l i\u00e7inde yeniden \u00e7\u0131kmaya ba\u015flar. Ka\u015f t\u00fcyleri, yeniden \u00e7\u0131km\u0131yorsa, bir nakil ile yerine konulabilir. Ka\u015f nakli, sa\u00e7 ekimi gibi, ense b\u00f6lgesinden al\u0131nan sa\u00e7 k\u00f6klerinin nakledilmesiyle yap\u0131l\u0131r. Ense t\u00fcyleri kald\u0131r\u0131l\u0131r ve nakil edilecek sa\u00e7 k\u00f6klerinin say\u0131s\u0131na g\u00f6re 1 cm geni\u015fli\u011finde ve 5-10 cm uzunlu\u011funda yatay bir \u015ferit t\u0131ra\u015f edilir. Ard\u0131ndan, sa\u00e7 k\u00f6kleri, \u00e7ok ince punch&#8217;lar kullan\u0131larak bir mikromotorla al\u0131n\u0131r. Sa\u00e7 k\u00f6klerinin al\u0131nd\u0131\u011f\u0131 alan \u00e7ok k\u00fc\u00e7\u00fck oldu\u011fundan, bu b\u00f6lgede herhangi bir iz kalmaz. \u0130htiyaca g\u00f6re 40-50&#8217;den 400-500&#8217;e kadar greft al\u0131narak gerekli alana nakledilebilir. Nakil i\u015flemi lokal anestezi alt\u0131nda yap\u0131l\u0131r ve i\u015flem sonras\u0131 ki\u015fi herhangi bir a\u011fr\u0131 hissetmez. Nakil s\u0131ras\u0131nda, ka\u015flar\u0131n anatomik yap\u0131s\u0131 ve \u00e7\u0131k\u0131\u015f y\u00f6n\u00fc dikkate al\u0131nmal\u0131d\u0131r. Uzman doktorlar ve deneyimli bir ekip taraf\u0131ndan ger\u00e7ekle\u015ftirilen ka\u015f nakilleri son derece do\u011fal bir sonu\u00e7 sa\u011flar. Ka\u015flar, 4-6 ay i\u00e7inde toparlanarak nihai \u015feklini al\u0131r. 2 ay sonra ki\u015fi ka\u015flar\u0131n\u0131 alabilir. Nakil sonras\u0131 \u00e7\u0131kan ilk ka\u015flar, sa\u00e7lar\u0131m\u0131z gibi b\u00fcy\u00fcr \u00e7\u00fcnk\u00fc sa\u00e7 \u00f6zelliklerine sahiptir. Yakla\u015f\u0131k bir y\u0131l sonra, kan dola\u015f\u0131m\u0131n\u0131n ka\u015f b\u00f6lgesine uyum sa\u011flamas\u0131yla birlikte b\u00fcy\u00fcme durur ve t\u00fcyler ka\u015f t\u00fcylerinin \u00f6zelliklerini kazanmaya ba\u015flar. Ba\u015fka sorunuz var m\u0131 Sizinle ileti\u015fime ge\u00e7meyi d\u00f6rt g\u00f6zle bekliyoruz. Daha G\u00fczel Bir Y\u00fcz \u0130\u00e7in Ka\u015f Nakli<\/p>\n","protected":false},"author":4,"featured_media":0,"parent":5200,"menu_order":0,"comment_status":"closed","ping_status":"closed","template":"","meta":{"_joinchat":[],"footnotes":""},"class_list":["post-5202","page","type-page","status-publish","hentry"],"acf":[],"_links":{"self":[{"href":"https:\/\/medicaltravel.ch\/tr\/wp-json\/wp\/v2\/pages\/5202","targetHints":{"allow":["GET"]}}],"collection":[{"href":"https:\/\/medicaltravel.ch\/tr\/wp-json\/wp\/v2\/pages"}],"about":[{"href":"https:\/\/medicaltravel.ch\/tr\/wp-json\/wp\/v2\/types\/page"}],"author":[{"embeddable":true,"href":"https:\/\/medicaltravel.ch\/tr\/wp-json\/wp\/v2\/users\/4"}],"replies":[{"embeddable":true,"href":"https:\/\/medicaltravel.ch\/tr\/wp-json\/wp\/v2\/comments?post=5202"}],"version-history":[{"count":0,"href":"https:\/\/medicaltravel.ch\/tr\/wp-json\/wp\/v2\/pages\/5202\/revisions"}],"up":[{"embeddable":true,"href":"https:\/\/medicaltravel.ch\/tr\/wp-json\/wp\/v2\/pages\/5200"}],"wp:attachment":[{"href":"https:\/\/medicaltravel.ch\/tr\/wp-json\/wp\/v2\/media?parent=5202"}],"curies":[{"name":"wp","href":"https:\/\/api.w.org\/{rel}","templated":true}]}}