{"id":5207,"date":"2025-09-17T08:51:24","date_gmt":"2025-09-17T07:51:24","guid":{"rendered":"https:\/\/medicaltravel.ch\/sac-ekimi\/hizmet-yelpazesi\/dhi-sac-ekimi-istanbul-tuerkiye-fiyatlar-ve-maliyetler\/"},"modified":"2026-01-03T23:31:04","modified_gmt":"2026-01-03T22:31:04","slug":"dhi-sac-ekimi-istanbul-tuerkiye-fiyatlar-ve-maliyetler","status":"publish","type":"page","link":"https:\/\/medicaltravel.ch\/tr\/sac-ekimi\/hizmet-yelpazesi\/dhi-sac-ekimi-istanbul-tuerkiye-fiyatlar-ve-maliyetler\/","title":{"rendered":"DHI Sa\u00e7 Ekimi &#8211; \u0130stanbul &#8211; T\u00fcrkiye Fiyatlar ve Maliyetler"},"content":{"rendered":"\t\t<div data-elementor-type=\"wp-page\" data-elementor-id=\"5207\" class=\"elementor elementor-5207 elementor-129\" data-elementor-post-type=\"page\">\n\t\t\t\t<div class=\"elementor-element elementor-element-3da8338d e-flex e-con-boxed wpr-particle-no wpr-jarallax-no wpr-parallax-no wpr-sticky-section-no wpr-equal-height-no e-con e-parent\" data-id=\"3da8338d\" data-element_type=\"container\" data-e-type=\"container\">\n\t\t\t\t\t<div class=\"e-con-inner\">\n\t\t<div class=\"elementor-element elementor-element-c202bfe e-con-full e-flex wpr-particle-no wpr-jarallax-no wpr-parallax-no wpr-sticky-section-no wpr-equal-height-no e-con e-child\" data-id=\"c202bfe\" data-element_type=\"container\" data-e-type=\"container\">\n\t\t\t\t<div class=\"elementor-element elementor-element-e8e2103 elementor-widget elementor-widget-button\" data-id=\"e8e2103\" data-element_type=\"widget\" data-e-type=\"widget\" data-widget_type=\"button.default\">\n\t\t\t\t\t\t\t\t\t\t<a class=\"elementor-button elementor-button-link elementor-size-sm\" href=\"https:\/\/medicaltravel.ch\/haartransplantation\/leistungsspektrum\/turkei-istanbul-fue-fuer-maenner\/\">\n\t\t\t\t\t\t<span class=\"elementor-button-content-wrapper\">\n\t\t\t\t\t\t\t\t\t<span class=\"elementor-button-text\">Erkekler i\u00e7in FUE<\/span>\n\t\t\t\t\t<\/span>\n\t\t\t\t\t<\/a>\n\t\t\t\t\t\t\t\t<\/div>\n\t\t\t\t<div class=\"elementor-element elementor-element-6c5c348 elementor-widget elementor-widget-button\" data-id=\"6c5c348\" data-element_type=\"widget\" data-e-type=\"widget\" data-widget_type=\"button.default\">\n\t\t\t\t\t\t\t\t\t\t<a class=\"elementor-button elementor-button-link elementor-size-sm\" href=\"https:\/\/medicaltravel.ch\/tr\/sac-ekimi\/hizmet-yelpazesi\/dhi-sac-ekimi-istanbul-tuerkiye-fiyatlar-ve-maliyetler\/\">\n\t\t\t\t\t\t<span class=\"elementor-button-content-wrapper\">\n\t\t\t\t\t\t\t\t\t<span class=\"elementor-button-text\">Y\u00f6ntem<\/span>\n\t\t\t\t\t<\/span>\n\t\t\t\t\t<\/a>\n\t\t\t\t\t\t\t\t<\/div>\n\t\t\t\t<div class=\"elementor-element elementor-element-77a253e elementor-widget elementor-widget-button\" data-id=\"77a253e\" data-element_type=\"widget\" data-e-type=\"widget\" data-widget_type=\"button.default\">\n\t\t\t\t\t\t\t\t\t\t<a class=\"elementor-button elementor-button-link elementor-size-sm\" href=\"https:\/\/medicaltravel.ch\/haartransplantation\/leistungsspektrum\/long-to-long-hair-turkei\/\">\n\t\t\t\t\t\t<span class=\"elementor-button-content-wrapper\">\n\t\t\t\t\t\t\t\t\t<span class=\"elementor-button-text\">Longtolong<\/span>\n\t\t\t\t\t<\/span>\n\t\t\t\t\t<\/a>\n\t\t\t\t\t\t\t\t<\/div>\n\t\t\t\t<div class=\"elementor-element elementor-element-d76eb99 elementor-widget elementor-widget-button\" data-id=\"d76eb99\" data-element_type=\"widget\" data-e-type=\"widget\" data-widget_type=\"button.default\">\n\t\t\t\t\t\t\t\t\t\t<a class=\"elementor-button elementor-button-link elementor-size-sm\" href=\"https:\/\/medicaltravel.ch\/haartransplantation\/leistungsspektrum\/turkei-istanbul-fue-fuer-frauen\/\">\n\t\t\t\t\t\t<span class=\"elementor-button-content-wrapper\">\n\t\t\t\t\t\t\t\t\t<span class=\"elementor-button-text\">Kad\u0131nlar i\u00e7in FUE<\/span>\n\t\t\t\t\t<\/span>\n\t\t\t\t\t<\/a>\n\t\t\t\t\t\t\t\t<\/div>\n\t\t\t\t<div class=\"elementor-element elementor-element-b9af803 elementor-widget elementor-widget-button\" data-id=\"b9af803\" data-element_type=\"widget\" data-e-type=\"widget\" data-widget_type=\"button.default\">\n\t\t\t\t\t\t\t\t\t\t<a class=\"elementor-button elementor-button-link elementor-size-sm\" href=\"https:\/\/medicaltravel.ch\/haartransplantation\/leistungsspektrum\/turkei-istanbul-fue-fuer-maenner\/\">\n\t\t\t\t\t\t<span class=\"elementor-button-content-wrapper\">\n\t\t\t\t\t\t\t\t\t<span class=\"elementor-button-text\">Ek hizmetler<\/span>\n\t\t\t\t\t<\/span>\n\t\t\t\t\t<\/a>\n\t\t\t\t\t\t\t\t<\/div>\n\t\t\t\t<div class=\"elementor-element elementor-element-3972eea elementor-widget elementor-widget-button\" data-id=\"3972eea\" data-element_type=\"widget\" data-e-type=\"widget\" data-widget_type=\"button.default\">\n\t\t\t\t\t\t\t\t\t\t<a class=\"elementor-button elementor-button-link elementor-size-sm\" href=\"https:\/\/medicaltravel.ch\/tr\/sac-ekimi\/hizmet-yelpazesi\/kas-ekimi-istanbul-antalya-izmir\/\">\n\t\t\t\t\t\t<span class=\"elementor-button-content-wrapper\">\n\t\t\t\t\t\t\t\t\t<span class=\"elementor-button-text\">Ka\u015f ekimi<\/span>\n\t\t\t\t\t<\/span>\n\t\t\t\t\t<\/a>\n\t\t\t\t\t\t\t\t<\/div>\n\t\t\t\t<div class=\"elementor-element elementor-element-93ca962 elementor-widget elementor-widget-button\" data-id=\"93ca962\" data-element_type=\"widget\" data-e-type=\"widget\" data-widget_type=\"button.default\">\n\t\t\t\t\t\t\t\t\t\t<a class=\"elementor-button elementor-button-link elementor-size-sm\" href=\"https:\/\/medicaltravel.ch\/tr\/dentalreisen\/hizmet-yelpazesi\/sac-ekimi-hakkinda-sikca-sorulan-sorular\/\">\n\t\t\t\t\t\t<span class=\"elementor-button-content-wrapper\">\n\t\t\t\t\t\t\t\t\t<span class=\"elementor-button-text\">S\u0131k\u00e7a Sorulan Sorular<\/span>\n\t\t\t\t\t<\/span>\n\t\t\t\t\t<\/a>\n\t\t\t\t\t\t\t\t<\/div>\n\t\t\t\t<\/div>\n\t\t\t\t<div class=\"elementor-element elementor-element-1e1554d4 elementor-widget elementor-widget-text-editor\" data-id=\"1e1554d4\" data-element_type=\"widget\" data-e-type=\"widget\" data-widget_type=\"text-editor.default\">\n\t\t\t\t\t\t\t\t\t\n<ul class=\"wp-block-list\"><\/ul>\n<h1 class=\"wp-block-heading\">\u0130stanbul, T\u00fcrkiye&#8217;de DHI Sa\u00e7 Ekimi<\/h1>\n<hr class=\"wp-block-separator has-alpha-channel-opacity\">\n<p>DHI \u2013 FUE Y\u00f6ntemi veya Pen Y\u00f6ntemi, T\u00fcrkiye&#8217;deki en modern sa\u00e7 ekimi y\u00f6ntemidir.<\/p>\n\n<p>Geleneksel FUE sa\u00e7 ekimiyle kar\u015f\u0131la\u015ft\u0131r\u0131ld\u0131\u011f\u0131nda, DHI y\u00f6ntemi i\u00e7in herhangi bir cerrahi i\u015flem gerekmez, bu nedenle enfeksiyon riski \u00e7ok d\u00fc\u015f\u00fckt\u00fcr ve ayn\u0131 zamanda \u00e7irkin cerrahi izler olu\u015fmaz.<\/p>\n\n<p>DHI y\u00f6ntemiyle yap\u0131lan sa\u00e7 ekimleri, en do\u011fal ve en ba\u015far\u0131l\u0131 sonu\u00e7lar\u0131 elde eder. Bu, \u015fu anda en yeni sa\u00e7 ekimi y\u00f6ntemidir. DHI y\u00f6ntemi sayesinde \u00e7ok y\u00fcksek bir sa\u00e7 yo\u011funlu\u011fu sa\u011fl\u0131yoruz, sa\u00e7 b\u00fcy\u00fcme y\u00f6n\u00fcn\u00fc kontrol edebiliyoruz, yaran\u0131n iyile\u015fmesi \u00e7ok h\u0131zl\u0131 oluyor ve sonu\u00e7, do\u011fal sa\u00e7a en yak\u0131n \u015fekilde ortaya \u00e7\u0131k\u0131yor.  <\/p>\n\n<p>Genellikle, FUE sa\u00e7 ekimi s\u00fcreci her zaman ayn\u0131 \u015fekilde i\u015fler. Grefler don\u00f6r b\u00f6lgeden al\u0131n\u0131r, grefler i\u00e7in kanallar al\u0131c\u0131 b\u00f6lgede a\u00e7\u0131l\u0131r (bu i\u015flem i\u00e7in \u00f6zel ve yenilik\u00e7i Perkutan y\u00f6ntemi sunuyoruz) ve son olarak grefler yerle\u015ftirilir. Bu s\u00fcre\u00e7 genellikle 3 a\u015famada tamamlan\u0131r. Bu y\u00f6ntemde, sa\u00e7 k\u00f6kleri v\u00fccudun besin kaynaklar\u0131ndan birka\u00e7 saat boyunca ayr\u0131lm\u0131\u015f olur. DHI sa\u00e7 ekimi sunmak i\u00e7in ise, her bir ad\u0131mda y\u00fcksek hassasiyet gerektiren bir i\u015flem oldu\u011fu i\u00e7in, \u00f6zellikle uzmanla\u015fm\u0131\u015f ve ba\u015far\u0131l\u0131 bir ekibe ihtiya\u00e7 vard\u0131r.    <\/p>\n\n<p>DHI y\u00f6nteminde ise s\u00fcre\u00e7 farkl\u0131d\u0131r. Grefler, ayn\u0131 \u015fekilde don\u00f6r b\u00f6lgeden al\u0131n\u0131r ve \u00f6zel besin \u00e7\u00f6zeltisiyle beslenir. Ancak al\u0131c\u0131 b\u00f6lgede, ayr\u0131 bir kanal a\u00e7\u0131lmas\u0131na gerek yoktur. Choi \u0130mplanter Pen kullan\u0131larak grefler do\u011frudan yerle\u015ftirilir. Kanal a\u00e7ma ve nakil i\u015flemi ayn\u0131 \u00e7al\u0131\u015fma ad\u0131m\u0131nda yap\u0131l\u0131r. Bu sayede her bir gref tek tek ad\u0131m ad\u0131m nakledilebilir. Bu y\u00f6ntem, zaman a\u00e7\u0131s\u0131ndan daha fazla u\u011fra\u015f gerektirir ve yaln\u0131zca belirli bir gref say\u0131s\u0131na kadar uygulanabilir, ancak en optimal sonu\u00e7lar\u0131 vaat eder.      <\/p>\n\n<p>\u015eimdiye kadar kullan\u0131lan nakil y\u00f6ntemlerinde, al\u0131nan sa\u00e7lar\u0131n yaln\u0131zca %60 ila %75&#8217;i hayatta kalmaktad\u0131r.<\/p>\n\n<p>DHI y\u00f6ntemiyle Pen kullan\u0131ld\u0131\u011f\u0131nda, bu oran %90 ila %95&#8217;e \u00e7\u0131kar.<\/p>\n\n<p>FUE sa\u00e7 ekimi y\u00f6ntemiyle mikromotor kullan\u0131ld\u0131\u011f\u0131nda, her 1 cm\u00b2&#8217;ye kadar 30 sa\u00e7 k\u00f6k\u00fc ekilebilir.<\/p>\n\n<p>DHI sa\u00e7 ekimi y\u00f6nteminde, her 1 cm\u00b2&#8217;ye 75-100 sa\u00e7 k\u00f6k\u00fc ekilebilir.<\/p>\n\n<p>Bu y\u00f6ntemde, sa\u00e7 k\u00f6kleri orta arka k\u0131s\u0131mdan tek tek al\u0131n\u0131r. Al\u0131nan sa\u00e7 k\u00f6kleri, k\u00fc\u00e7\u00fck bir i\u011fne yard\u0131m\u0131yla kafa derisine yerle\u015ftirilir.<\/p>\n\n<p>DHI y\u00f6nteminin avantajlar\u0131: Geleneksel y\u00f6ntemlerde oldu\u011fu gibi giri\u015f deliklerine ihtiya\u00e7 yoktur, \u00e7\u00fcnk\u00fc sa\u00e7 k\u00f6kleri \u00f6zel bir DHI implantasyon cihaz\u0131 olan Pen Choi ile hemen yerle\u015ftirilir.<\/p>\n\n<p>Tedavi h\u0131zl\u0131 ve neredeyse a\u011fr\u0131s\u0131z bir \u015fekilde yap\u0131ld\u0131\u011f\u0131 i\u00e7in, sadece minimum d\u00fczeyde postoperatif ila\u00e7 tedavisi gereklidir.<\/p>\n\n<p>DHI y\u00f6ntemi sadece sa\u00e7 derisinde sa\u00e7 ekimi i\u00e7in de\u011fil, ayn\u0131 zamanda ka\u015f, sakal ve b\u0131y\u0131k gibi di\u011fer b\u00f6lgelere de sa\u00e7 ekimi i\u00e7in uygundur.<\/p>\n\n<p>DHI y\u00f6ntemi sayesinde, ekilen sa\u00e7lar\u0131n b\u00fcy\u00fcme y\u00f6n\u00fc m\u00fcmk\u00fcn oldu\u011funca hassas bir \u015fekilde dikkate al\u0131narak e\u015fsiz derecede do\u011fal bir sonu\u00e7 elde edilebilir. DHI y\u00f6nteminin sa\u011flad\u0131\u011f\u0131 avantajlardan biri, \u00f6zel ve ince i\u011fneler kullanarak minimal a\u00e7\u0131kl\u0131klar a\u00e7abilmemizdir. Bu sayede grefler, maksimum yo\u011funlukta ekilebilir ve b\u00f6ylece m\u00fckemmel bir sonu\u00e7 elde edilir. <\/p>\n\n<p>Ayr\u0131ca, DHI y\u00f6nteminde kullan\u0131lan ince i\u011fneler, yara izlerinin olu\u015fma riskini azalt\u0131r ve daha h\u0131zl\u0131 bir iyile\u015fme s\u00fcreci sa\u011flar. Bu sayede, sa\u00e7 ekimi sonras\u0131 daha k\u0131sa s\u00fcrede sosyal hayata d\u00f6nebilirsiniz.<\/p>\n\n<p><strong>Tedavi ne kadar s\u00fcr\u00fcyor?<br><\/strong>B\u00f6yle bir tedavi yakla\u015f\u0131k 3-5 saat s\u00fcrer. Genellikle t\u00fcm sa\u00e7 ekimi i\u015flemi i\u00e7in yakla\u015f\u0131k 2 g\u00fcnl\u00fck bir s\u00fcre ay\u0131rmak gerekir. Ancak bu s\u00fcre, ki\u015fiden ki\u015fiye de\u011fi\u015febilir. L\u00fctfen tedavi plan\u0131 yap\u0131labilmesi i\u00e7in a\u015fa\u011f\u0131daki foto\u011fraflar\u0131 <a href=\"mailto:info@medicaltravel.net\">info@medicaltravel.net<\/a> adresine g\u00f6nderin:   <\/p>\n\n<p>\u00d6nden, ba\u015f hafif\u00e7e e\u011fik,<br>yan taraftan,<br>yukar\u0131dan,<br>don\u00f6r b\u00f6lgesinden (sa\u00e7 \u00e7elengi).<\/p>\n\n<p>Bu foto\u011fraflar\u0131n al\u0131nmas\u0131n\u0131n ard\u0131ndan, doktorlar\u0131m\u0131z sa\u00e7lar\u0131n\u0131z\u0131n sa\u00e7 ekimi i\u00e7in uygun olup olmad\u0131\u011f\u0131n\u0131, hangi y\u00f6ntemin daha uygun oldu\u011funu ve tatmin edici bir sonu\u00e7 i\u00e7in ne kadar grefe ihtiyac\u0131n\u0131z olaca\u011f\u0131n\u0131 belirtebilirler.<\/p>\n\n<p>Ba\u015fka sorunuz var m\u0131 Sizinle <a href=\"https:\/\/medicaltravel.ch\/kontakt\/\" data-type=\"page\" data-id=\"225\">ileti\u015fime <\/a>ge\u00e7meyi d\u00f6rt g\u00f6zle bekliyoruz. <\/p>\n\n<p>\u015eimdi \u0130svi\u00e7re&#8217;de \u00fccretsiz bir dan\u0131\u015fmanl\u0131k randevusu ayarlay\u0131n veya bize foto\u011fraflar\u0131n\u0131z\u0131 <a href=\"mailto:info@medicaltravel.net\">e-posta<\/a>, <a href=\"https:\/\/medicaltravel.ch\/kontakt\/\" data-type=\"page\" data-id=\"225\">buradan <\/a>veya <a href=\"https:\/\/web.whatsapp.com\/send?phone=41%2078%20737%2035%2041&amp;text=&amp;source=&amp;data=\" target=\"_blank\" rel=\"noreferrer noopener nofollow\">WhatsApp <\/a>\u00fczerinden g\u00f6ndererek \u00fccretsiz bir de\u011ferlendirme alabilirsiniz.<\/p>\n\n<p> <\/p>\n\n<p id=\"caption-attachment-4661\">Sa\u00e7lar\u0131n\u0131z\u0131 geri kazan\u0131n!<\/p>\n\t\t\t\t\t\t\t\t<\/div>\n\t\t\t\t\t<\/div>\n\t\t\t\t<\/div>\n\t\t\t\t<\/div>\n\t\t","protected":false},"excerpt":{"rendered":"<p>Erkekler i\u00e7in FUE Y\u00f6ntem Longtolong Kad\u0131nlar i\u00e7in FUE Ek hizmetler Ka\u015f ekimi S\u0131k\u00e7a Sorulan Sorular \u0130stanbul, T\u00fcrkiye&#8217;de DHI Sa\u00e7 Ekimi DHI \u2013 FUE Y\u00f6ntemi veya Pen Y\u00f6ntemi, T\u00fcrkiye&#8217;deki en modern sa\u00e7 ekimi y\u00f6ntemidir. Geleneksel FUE sa\u00e7 ekimiyle kar\u015f\u0131la\u015ft\u0131r\u0131ld\u0131\u011f\u0131nda, DHI y\u00f6ntemi i\u00e7in herhangi bir cerrahi i\u015flem gerekmez, bu nedenle enfeksiyon riski \u00e7ok d\u00fc\u015f\u00fckt\u00fcr ve ayn\u0131 zamanda \u00e7irkin cerrahi izler olu\u015fmaz. DHI y\u00f6ntemiyle yap\u0131lan sa\u00e7 ekimleri, en do\u011fal ve en ba\u015far\u0131l\u0131 sonu\u00e7lar\u0131 elde eder. Bu, \u015fu anda en yeni sa\u00e7 ekimi y\u00f6ntemidir. DHI y\u00f6ntemi sayesinde \u00e7ok y\u00fcksek bir sa\u00e7 yo\u011funlu\u011fu sa\u011fl\u0131yoruz, sa\u00e7 b\u00fcy\u00fcme y\u00f6n\u00fcn\u00fc kontrol edebiliyoruz, yaran\u0131n iyile\u015fmesi \u00e7ok h\u0131zl\u0131 oluyor ve sonu\u00e7, do\u011fal sa\u00e7a en yak\u0131n \u015fekilde ortaya \u00e7\u0131k\u0131yor. Genellikle, FUE sa\u00e7 ekimi s\u00fcreci her zaman ayn\u0131 \u015fekilde i\u015fler. Grefler don\u00f6r b\u00f6lgeden al\u0131n\u0131r, grefler i\u00e7in kanallar al\u0131c\u0131 b\u00f6lgede a\u00e7\u0131l\u0131r (bu i\u015flem i\u00e7in \u00f6zel ve yenilik\u00e7i Perkutan y\u00f6ntemi sunuyoruz) ve son olarak grefler yerle\u015ftirilir. Bu s\u00fcre\u00e7 genellikle 3 a\u015famada tamamlan\u0131r. Bu y\u00f6ntemde, sa\u00e7 k\u00f6kleri v\u00fccudun besin kaynaklar\u0131ndan birka\u00e7 saat boyunca ayr\u0131lm\u0131\u015f olur. DHI sa\u00e7 ekimi sunmak i\u00e7in ise, her bir ad\u0131mda y\u00fcksek hassasiyet gerektiren bir i\u015flem oldu\u011fu i\u00e7in, \u00f6zellikle uzmanla\u015fm\u0131\u015f ve ba\u015far\u0131l\u0131 bir ekibe ihtiya\u00e7 vard\u0131r. DHI y\u00f6nteminde ise s\u00fcre\u00e7 farkl\u0131d\u0131r. Grefler, ayn\u0131 \u015fekilde don\u00f6r b\u00f6lgeden al\u0131n\u0131r ve \u00f6zel besin \u00e7\u00f6zeltisiyle beslenir. Ancak al\u0131c\u0131 b\u00f6lgede, ayr\u0131 bir kanal a\u00e7\u0131lmas\u0131na gerek yoktur. Choi \u0130mplanter Pen kullan\u0131larak grefler do\u011frudan yerle\u015ftirilir. Kanal a\u00e7ma ve nakil i\u015flemi ayn\u0131 \u00e7al\u0131\u015fma ad\u0131m\u0131nda yap\u0131l\u0131r. Bu sayede her bir gref tek tek ad\u0131m ad\u0131m nakledilebilir. Bu y\u00f6ntem, zaman a\u00e7\u0131s\u0131ndan daha fazla u\u011fra\u015f gerektirir ve yaln\u0131zca belirli bir gref say\u0131s\u0131na kadar uygulanabilir, ancak en optimal sonu\u00e7lar\u0131 vaat eder. \u015eimdiye kadar kullan\u0131lan nakil y\u00f6ntemlerinde, al\u0131nan sa\u00e7lar\u0131n yaln\u0131zca %60 ila %75&#8217;i hayatta kalmaktad\u0131r. DHI y\u00f6ntemiyle Pen kullan\u0131ld\u0131\u011f\u0131nda, bu oran %90 ila %95&#8217;e \u00e7\u0131kar. FUE sa\u00e7 ekimi y\u00f6ntemiyle mikromotor kullan\u0131ld\u0131\u011f\u0131nda, her 1 cm\u00b2&#8217;ye kadar 30 sa\u00e7 k\u00f6k\u00fc ekilebilir. DHI sa\u00e7 ekimi y\u00f6nteminde, her 1 cm\u00b2&#8217;ye 75-100 sa\u00e7 k\u00f6k\u00fc ekilebilir. Bu y\u00f6ntemde, sa\u00e7 k\u00f6kleri orta arka k\u0131s\u0131mdan tek tek al\u0131n\u0131r. Al\u0131nan sa\u00e7 k\u00f6kleri, k\u00fc\u00e7\u00fck bir i\u011fne yard\u0131m\u0131yla kafa derisine yerle\u015ftirilir. DHI y\u00f6nteminin avantajlar\u0131: Geleneksel y\u00f6ntemlerde oldu\u011fu gibi giri\u015f deliklerine ihtiya\u00e7 yoktur, \u00e7\u00fcnk\u00fc sa\u00e7 k\u00f6kleri \u00f6zel bir DHI implantasyon cihaz\u0131 olan Pen Choi ile hemen yerle\u015ftirilir. Tedavi h\u0131zl\u0131 ve neredeyse a\u011fr\u0131s\u0131z bir \u015fekilde yap\u0131ld\u0131\u011f\u0131 i\u00e7in, sadece minimum d\u00fczeyde postoperatif ila\u00e7 tedavisi gereklidir. DHI y\u00f6ntemi sadece sa\u00e7 derisinde sa\u00e7 ekimi i\u00e7in de\u011fil, ayn\u0131 zamanda ka\u015f, sakal ve b\u0131y\u0131k gibi di\u011fer b\u00f6lgelere de sa\u00e7 ekimi i\u00e7in uygundur. DHI y\u00f6ntemi sayesinde, ekilen sa\u00e7lar\u0131n b\u00fcy\u00fcme y\u00f6n\u00fc m\u00fcmk\u00fcn oldu\u011funca hassas bir \u015fekilde dikkate al\u0131narak e\u015fsiz derecede do\u011fal bir sonu\u00e7 elde edilebilir. DHI y\u00f6nteminin sa\u011flad\u0131\u011f\u0131 avantajlardan biri, \u00f6zel ve ince i\u011fneler kullanarak minimal a\u00e7\u0131kl\u0131klar a\u00e7abilmemizdir. Bu sayede grefler, maksimum yo\u011funlukta ekilebilir ve b\u00f6ylece m\u00fckemmel bir sonu\u00e7 elde edilir. Ayr\u0131ca, DHI y\u00f6nteminde kullan\u0131lan ince i\u011fneler, yara izlerinin olu\u015fma riskini azalt\u0131r ve daha h\u0131zl\u0131 bir iyile\u015fme s\u00fcreci sa\u011flar. Bu sayede, sa\u00e7 ekimi sonras\u0131 daha k\u0131sa s\u00fcrede sosyal hayata d\u00f6nebilirsiniz. Tedavi ne kadar s\u00fcr\u00fcyor?B\u00f6yle bir tedavi yakla\u015f\u0131k 3-5 saat s\u00fcrer. Genellikle t\u00fcm sa\u00e7 ekimi i\u015flemi i\u00e7in yakla\u015f\u0131k 2 g\u00fcnl\u00fck bir s\u00fcre ay\u0131rmak gerekir. Ancak bu s\u00fcre, ki\u015fiden ki\u015fiye de\u011fi\u015febilir. L\u00fctfen tedavi plan\u0131 yap\u0131labilmesi i\u00e7in a\u015fa\u011f\u0131daki foto\u011fraflar\u0131 info@medicaltravel.net adresine g\u00f6nderin: \u00d6nden, ba\u015f hafif\u00e7e e\u011fik,yan taraftan,yukar\u0131dan,don\u00f6r b\u00f6lgesinden (sa\u00e7 \u00e7elengi). Bu foto\u011fraflar\u0131n al\u0131nmas\u0131n\u0131n ard\u0131ndan, doktorlar\u0131m\u0131z sa\u00e7lar\u0131n\u0131z\u0131n sa\u00e7 ekimi i\u00e7in uygun olup olmad\u0131\u011f\u0131n\u0131, hangi y\u00f6ntemin daha uygun oldu\u011funu ve tatmin edici bir sonu\u00e7 i\u00e7in ne kadar grefe ihtiyac\u0131n\u0131z olaca\u011f\u0131n\u0131 belirtebilirler. Ba\u015fka sorunuz var m\u0131 Sizinle ileti\u015fime ge\u00e7meyi d\u00f6rt g\u00f6zle bekliyoruz. \u015eimdi \u0130svi\u00e7re&#8217;de \u00fccretsiz bir dan\u0131\u015fmanl\u0131k randevusu ayarlay\u0131n veya bize foto\u011fraflar\u0131n\u0131z\u0131 e-posta, buradan veya WhatsApp \u00fczerinden g\u00f6ndererek \u00fccretsiz bir de\u011ferlendirme alabilirsiniz. Sa\u00e7lar\u0131n\u0131z\u0131 geri kazan\u0131n!<\/p>\n","protected":false},"author":4,"featured_media":0,"parent":5200,"menu_order":0,"comment_status":"closed","ping_status":"closed","template":"","meta":{"_joinchat":[],"footnotes":""},"class_list":["post-5207","page","type-page","status-publish","hentry"],"acf":[],"_links":{"self":[{"href":"https:\/\/medicaltravel.ch\/tr\/wp-json\/wp\/v2\/pages\/5207","targetHints":{"allow":["GET"]}}],"collection":[{"href":"https:\/\/medicaltravel.ch\/tr\/wp-json\/wp\/v2\/pages"}],"about":[{"href":"https:\/\/medicaltravel.ch\/tr\/wp-json\/wp\/v2\/types\/page"}],"author":[{"embeddable":true,"href":"https:\/\/medicaltravel.ch\/tr\/wp-json\/wp\/v2\/users\/4"}],"replies":[{"embeddable":true,"href":"https:\/\/medicaltravel.ch\/tr\/wp-json\/wp\/v2\/comments?post=5207"}],"version-history":[{"count":0,"href":"https:\/\/medicaltravel.ch\/tr\/wp-json\/wp\/v2\/pages\/5207\/revisions"}],"up":[{"embeddable":true,"href":"https:\/\/medicaltravel.ch\/tr\/wp-json\/wp\/v2\/pages\/5200"}],"wp:attachment":[{"href":"https:\/\/medicaltravel.ch\/tr\/wp-json\/wp\/v2\/media?parent=5207"}],"curies":[{"name":"wp","href":"https:\/\/api.w.org\/{rel}","templated":true}]}}