{"id":5211,"date":"2025-09-17T08:50:09","date_gmt":"2025-09-17T07:50:09","guid":{"rendered":"https:\/\/medicaltravel.ch\/sac-ekimi\/hizmet-yelpazesi\/fue-sac-ekimi-erkekler-icin-tuerkiye-istanbul-antalya\/"},"modified":"2026-01-03T23:37:47","modified_gmt":"2026-01-03T22:37:47","slug":"fue-sac-ekimi-erkekler-icin-tuerkiye-istanbul-antalya","status":"publish","type":"page","link":"https:\/\/medicaltravel.ch\/tr\/sac-ekimi\/hizmet-yelpazesi\/fue-sac-ekimi-erkekler-icin-tuerkiye-istanbul-antalya\/","title":{"rendered":"FUE Sa\u00e7 Ekimi Erkekler i\u00e7in T\u00fcrkiye \u0130stanbul Antalya"},"content":{"rendered":"\t\t<div data-elementor-type=\"wp-page\" data-elementor-id=\"5211\" class=\"elementor elementor-5211 elementor-127\" data-elementor-post-type=\"page\">\n\t\t\t\t<div class=\"elementor-element elementor-element-4dfde22e e-flex e-con-boxed wpr-particle-no wpr-jarallax-no wpr-parallax-no wpr-sticky-section-no e-con e-parent\" data-id=\"4dfde22e\" data-element_type=\"container\" data-e-type=\"container\">\n\t\t\t\t\t<div class=\"e-con-inner\">\n\t\t<div class=\"elementor-element elementor-element-75d0a84 e-con-full e-flex wpr-particle-no wpr-jarallax-no wpr-parallax-no wpr-sticky-section-no e-con e-child\" data-id=\"75d0a84\" data-element_type=\"container\" data-e-type=\"container\">\n\t\t\t\t<div class=\"elementor-element elementor-element-e509e28 elementor-widget elementor-widget-button\" data-id=\"e509e28\" data-element_type=\"widget\" data-e-type=\"widget\" data-widget_type=\"button.default\">\n\t\t\t\t\t\t\t\t\t\t<a class=\"elementor-button elementor-button-link elementor-size-sm\" href=\"https:\/\/medicaltravel.ch\/tr\/sac-ekimi\/hizmet-yelpazesi\/fue-sac-ekimi-erkekler-icin-tuerkiye-istanbul-antalya\/\">\n\t\t\t\t\t\t<span class=\"elementor-button-content-wrapper\">\n\t\t\t\t\t\t\t\t\t<span class=\"elementor-button-text\">Erkekler i\u00e7in FUE<\/span>\n\t\t\t\t\t<\/span>\n\t\t\t\t\t<\/a>\n\t\t\t\t\t\t\t\t<\/div>\n\t\t\t\t<div class=\"elementor-element elementor-element-b182ea4 elementor-widget elementor-widget-button\" data-id=\"b182ea4\" data-element_type=\"widget\" data-e-type=\"widget\" data-widget_type=\"button.default\">\n\t\t\t\t\t\t\t\t\t\t<a class=\"elementor-button elementor-button-link elementor-size-sm\" href=\"https:\/\/medicaltravel.ch\/tr\/sac-ekimi\/hizmet-yelpazesi\/dhi-sac-ekimi-istanbul-tuerkiye-fiyatlar-ve-maliyetler\/\">\n\t\t\t\t\t\t<span class=\"elementor-button-content-wrapper\">\n\t\t\t\t\t\t\t\t\t<span class=\"elementor-button-text\">Y\u00f6ntem<\/span>\n\t\t\t\t\t<\/span>\n\t\t\t\t\t<\/a>\n\t\t\t\t\t\t\t\t<\/div>\n\t\t\t\t<div class=\"elementor-element elementor-element-258b22e elementor-widget elementor-widget-button\" data-id=\"258b22e\" data-element_type=\"widget\" data-e-type=\"widget\" data-widget_type=\"button.default\">\n\t\t\t\t\t\t\t\t\t\t<a class=\"elementor-button elementor-button-link elementor-size-sm\" href=\"https:\/\/medicaltravel.ch\/haartransplantation\/leistungsspektrum\/long-to-long-hair-turkei\/\">\n\t\t\t\t\t\t<span class=\"elementor-button-content-wrapper\">\n\t\t\t\t\t\t\t\t\t<span class=\"elementor-button-text\">Longtolong<\/span>\n\t\t\t\t\t<\/span>\n\t\t\t\t\t<\/a>\n\t\t\t\t\t\t\t\t<\/div>\n\t\t\t\t<div class=\"elementor-element elementor-element-a8b6342 elementor-widget elementor-widget-button\" data-id=\"a8b6342\" data-element_type=\"widget\" data-e-type=\"widget\" data-widget_type=\"button.default\">\n\t\t\t\t\t\t\t\t\t\t<a class=\"elementor-button elementor-button-link elementor-size-sm\" href=\"https:\/\/medicaltravel.ch\/haartransplantation\/leistungsspektrum\/turkei-istanbul-fue-fuer-frauen\/\">\n\t\t\t\t\t\t<span class=\"elementor-button-content-wrapper\">\n\t\t\t\t\t\t\t\t\t<span class=\"elementor-button-text\">Kad\u0131nlar i\u00e7in FUE<\/span>\n\t\t\t\t\t<\/span>\n\t\t\t\t\t<\/a>\n\t\t\t\t\t\t\t\t<\/div>\n\t\t\t\t<div class=\"elementor-element elementor-element-4bdd664 elementor-widget elementor-widget-button\" data-id=\"4bdd664\" data-element_type=\"widget\" data-e-type=\"widget\" data-widget_type=\"button.default\">\n\t\t\t\t\t\t\t\t\t\t<a class=\"elementor-button elementor-button-link elementor-size-sm\" href=\"https:\/\/medicaltravel.ch\/tr\/sac-ekimi\/hizmet-yelpazesi\/fue-sac-ekimi-erkekler-icin-tuerkiye-istanbul-antalya\/\">\n\t\t\t\t\t\t<span class=\"elementor-button-content-wrapper\">\n\t\t\t\t\t\t\t\t\t<span class=\"elementor-button-text\">Ek hizmetler<\/span>\n\t\t\t\t\t<\/span>\n\t\t\t\t\t<\/a>\n\t\t\t\t\t\t\t\t<\/div>\n\t\t\t\t<div class=\"elementor-element elementor-element-c618751 elementor-widget elementor-widget-button\" data-id=\"c618751\" data-element_type=\"widget\" data-e-type=\"widget\" data-widget_type=\"button.default\">\n\t\t\t\t\t\t\t\t\t\t<a class=\"elementor-button elementor-button-link elementor-size-sm\" href=\"https:\/\/medicaltravel.ch\/tr\/sac-ekimi\/hizmet-yelpazesi\/kas-ekimi-istanbul-antalya-izmir\/\">\n\t\t\t\t\t\t<span class=\"elementor-button-content-wrapper\">\n\t\t\t\t\t\t\t\t\t<span class=\"elementor-button-text\">Ka\u015f ekimi<\/span>\n\t\t\t\t\t<\/span>\n\t\t\t\t\t<\/a>\n\t\t\t\t\t\t\t\t<\/div>\n\t\t\t\t<div class=\"elementor-element elementor-element-46f4e3a elementor-widget elementor-widget-button\" data-id=\"46f4e3a\" data-element_type=\"widget\" data-e-type=\"widget\" data-widget_type=\"button.default\">\n\t\t\t\t\t\t\t\t\t\t<a class=\"elementor-button elementor-button-link elementor-size-sm\" href=\"https:\/\/medicaltravel.ch\/tr\/dentalreisen\/hizmet-yelpazesi\/sac-ekimi-hakkinda-sikca-sorulan-sorular\/\">\n\t\t\t\t\t\t<span class=\"elementor-button-content-wrapper\">\n\t\t\t\t\t\t\t\t\t<span class=\"elementor-button-text\">S\u0131k\u00e7a Sorulan Sorular<\/span>\n\t\t\t\t\t<\/span>\n\t\t\t\t\t<\/a>\n\t\t\t\t\t\t\t\t<\/div>\n\t\t\t\t<\/div>\n\t\t\t\t<div class=\"elementor-element elementor-element-3027c6a6 elementor-widget elementor-widget-text-editor\" data-id=\"3027c6a6\" data-element_type=\"widget\" data-e-type=\"widget\" data-widget_type=\"text-editor.default\">\n\t\t\t\t\t\t\t\t\t\n<h1 class=\"wp-block-heading\">Erkekler i\u00e7in FUE Sa\u00e7 Ekimi \u2013 T\u00fcrkiye \u2013 \u0130stanbul \u2013 Antalya<\/h1>\n<hr class=\"wp-block-separator has-alpha-channel-opacity\">\n<p>Sa\u00e7 ekimi \u2013 sa\u00e7 d\u00f6k\u00fclmesi i\u00e7in mant\u0131kl\u0131 bir \u00e7\u00f6z\u00fcm<\/p>\n\n<p>E\u011fer sa\u00e7 d\u00f6k\u00fclmesi genetik ya da hormonal nedenlerden kaynaklan\u0131yorsa, sa\u00e7lar genellikle sa\u00e7 \u00e7izgisi, al\u0131ndaki kellik b\u00f6lgeleri ve arka kafada d\u00f6k\u00fcl\u00fcr. Ancak, ense b\u00f6lgesindeki, genetik olarak d\u00f6k\u00fclmeye kar\u015f\u0131 daha diren\u00e7li olan sa\u00e7 k\u00f6kleri korunur. Modern sa\u00e7 ekimi, bu \u00f6zellikten faydalanarak, sa\u00e7 k\u00f6klerinin ak\u0131ll\u0131ca yeniden da\u011f\u0131t\u0131lmas\u0131yla kal\u0131c\u0131 ve do\u011fal bir sa\u00e7 b\u00fcy\u00fcmesi sa\u011flar.  <\/p>\n\n<p>Sa\u00e7 ekimi, son y\u0131llarda h\u0131zl\u0131 bir \u015fekilde geli\u015fti. Modern mikrocerrahi teknikler sayesinde, bug\u00fcn yo\u011fun sa\u00e7l\u0131 b\u00f6lgelerden kendi sa\u00e7 k\u00f6klerinizi al\u0131p, kellik b\u00f6lgelerine nakletmek m\u00fcmk\u00fcn hale geldi. <\/p>\n\n<p><strong>En \u00fcst d\u00fczeyde estetik sonu\u00e7lar.<\/strong><\/p>\n\n<p>En iyi sonu\u00e7 \u2013 yani i\u015flemin fark edilmemesi \u2013 sadece profesyonel bir uzman taraf\u0131ndan elde edilebilir. Bu, sa\u00e7 d\u00f6k\u00fclmesi ve onun ortadan kald\u0131r\u0131lmas\u0131 konusunda y\u0131llarca deneyime sahip olan uzman doktorlar ve asistanlar\u0131 taraf\u0131ndan sa\u011flan\u0131r. <\/p>\n\n<p>Bir kez nakledilen sa\u00e7 k\u00f6kleri, \u00f6m\u00fcr boyu sa\u011fl\u0131kl\u0131 sa\u00e7 \u00fcretir, bu da sa\u00e7 ekimini kal\u0131c\u0131 bir \u00e7\u00f6z\u00fcm haline getirir. \u0130kna edici sonu\u00e7: Y\u00fczeysel iyile\u015fme s\u00fcrecinin tamamlanmas\u0131n\u0131n ard\u0131ndan, nakledilen sa\u00e7 k\u00f6kleri iki ila \u00fc\u00e7 ay i\u00e7inde yeni, sa\u011fl\u0131kl\u0131 ve g\u00fc\u00e7l\u00fc sa\u00e7lar \u00fcretmeye ba\u015flar ve bu sa\u00e7lar \u00f6m\u00fcr boyu korunur. Yeni sa\u00e7lar normal bir \u015fekilde kesilebilir, y\u0131kanabilir, kurutulabilir, perma yap\u0131labilir ve boyanabilir.  <\/p>\n\n<p>T\u00fcrkiye&#8217;deki sa\u00e7 kliniklerinde, kendi sa\u00e7 k\u00f6klerini nakletme (sa\u00e7 ekimi) i\u015flemlerinde en yeni y\u00f6ntemler uygulanmaktad\u0131r. Baz\u0131 \u00f6rnekler \u015funlard\u0131r: <\/p>\n\n<p><strong>FUE Folik\u00fcler \u00dcnite Ekstraksiyonu<\/strong><\/p>\n\n<p>FUE tedavisi, sadece T\u00fcrkiye&#8217;de de\u011fil, d\u00fcnya \u00e7ap\u0131nda en yeni sa\u00e7 ekimi tekni\u011fidir. Bu y\u00f6ntemde, ba\u015ftaki sa\u00e7l\u0131 b\u00f6lgelerden canl\u0131 sa\u00e7 k\u00f6kleri al\u0131n\u0131r ve ard\u0131ndan sa\u00e7s\u0131z b\u00f6lgelere nakledilir. Bu sayede son derece do\u011fal bir sonu\u00e7 elde edilir. Sa\u00e7 ekimi s\u0131ras\u0131nda uygulanan FUE tedavisi, \u015fu anda en modern y\u00f6ntemdir.   <\/p>\n\n<p>FUT tedavisinden fark\u0131, greflerin do\u011frudan sa\u00e7 k\u00f6k\u00fcnden al\u0131nmas\u0131d\u0131r. Bu y\u00f6ntemde, greflerin al\u0131nmas\u0131 i\u00e7in herhangi bir lancet veya b\u0131\u00e7ak kullan\u0131lmad\u0131\u011f\u0131 i\u00e7in bu b\u00f6lgelerde iz olu\u015fmaz. Bu sayede, k\u0131sa s\u00fcre i\u00e7inde yo\u011fun sa\u00e7 b\u00fcy\u00fcmesi g\u00f6rebilirsiniz. Her iki teknik de ayn\u0131 ekim y\u00f6ntemini kullan\u0131r, fark yaln\u0131zca greflerin al\u0131nma \u015feklidir. Her iki sa\u00e7 ekimi y\u00f6ntemi de nihayetinde istenilen ba\u015far\u0131y\u0131 sa\u011flar.    <\/p>\n\n<p><strong>FUE (Folik\u00fcl \u00dcnite Ekstraksiyonu) y\u00f6ntemi ne zaman tercih edilmelidir? <\/strong><\/p>\n\n<p>FUE y\u00f6ntemi, sa\u00e7 uzamas\u0131 durduktan sonra sa\u00e7\u0131n\u0131z\u0131 k\u0131sa (0,5 cm&#8217;den k\u0131sa) kullanmak istiyorsan\u0131z daha uygundur, \u00e7\u00fcnk\u00fc sa\u00e7 ekim b\u00f6lgesinde herhangi bir yara izi g\u00f6r\u00fcnmez.<\/p>\n\n<p>Bazen ba\u015f b\u00f6lgesinde sa\u00e7 ekimi i\u00e7in yeterli don\u00f6r alan bulunmayabilir. Bu durumda, FUE y\u00f6ntemi, di\u011fer v\u00fccut t\u00fcylerinden sa\u00e7 ekimi yap\u0131lmas\u0131na da olanak tan\u0131r. Elbette, burada da kendi v\u00fccut t\u00fcylerinizin kullan\u0131lmas\u0131 gerekmektedir. Zamanla, nakledilen v\u00fccut t\u00fcyleri \u00e7evredeki kafa sa\u00e7lar\u0131n\u0131n \u00f6zelliklerine belirli bir dereceye kadar uyum sa\u011flar. Ayr\u0131ca, \u00f6zellikle gen\u00e7 bireyler i\u00e7in elastik cilt yap\u0131s\u0131na sahip olanlar, FUE tekni\u011fiyle sa\u00e7 ekimi i\u00e7in \u00f6nerilen en uygun adaylard\u0131r.    <\/p>\n\n<p><strong>FUE tedavisinin a\u015famalar\u0131:<\/strong><\/p>\n\n<ul class=\"wp-block-list\">\n<li>Sa\u00e7 ekimi \u00f6ncesinde ense b\u00f6lgesindeki t\u00fcyler t\u0131ra\u015f edilir. Bu, daha geni\u015f bir alan i\u00e7in haz\u0131rl\u0131k sa\u011flar. <\/li>\n\n<li>K\u0131l alma i\u015flemi yap\u0131lacak b\u00f6lgeler lokal anestezi ile uyu\u015fturulur.<\/li>\n\n<li>\u015eimdi sa\u00e7 k\u00f6kleri \u00e7\u0131kar\u0131l\u0131yor.<\/li>\n\n<li>Bazen istenilen say\u0131da greft elde etmek i\u00e7in birka\u00e7 g\u00fcn s\u00fcren birka\u00e7 tedavi seans\u0131 gerekebilir.<\/li>\n\n<li>Sa\u00e7 k\u00f6kleri daha sonra cerrahi olarak ekilir.<\/li>\n<\/ul>\n\n<p><strong>Tedavi ne kadar s\u00fcr\u00fcyor?<\/strong><\/p>\n\n<p>Bu tedavi yakla\u015f\u0131k 3-5 saat s\u00fcrer. Genellikle t\u00fcm sa\u00e7 ekimi i\u015flemi i\u00e7in yakla\u015f\u0131k 2 g\u00fcnl\u00fck bir s\u00fcre ay\u0131rmak gerekir. Ancak bu s\u00fcre, ki\u015fiden ki\u015fiye de\u011fi\u015febilir. L\u00fctfen tedavi plan\u0131 yap\u0131labilmesi i\u00e7in a\u015fa\u011f\u0131daki foto\u011fraflar\u0131 <a href=\"mailto:info@medicaltravel.net\">info@medicaltravel.net <\/a>adresine g\u00f6nderin:   <\/p>\n\n<p>\u00d6nden, ba\u015f hafif\u00e7e e\u011fik,<br>yan taraftan,<br>yukar\u0131dan,<br>don\u00f6r b\u00f6lgesinden (sa\u00e7 \u00e7elengi).<\/p>\n\n<p>Bu foto\u011fraflar\u0131n al\u0131nmas\u0131n\u0131n ard\u0131ndan, doktorlar\u0131m\u0131z sa\u00e7lar\u0131n\u0131z\u0131n sa\u00e7 ekimi i\u00e7in uygun olup olmad\u0131\u011f\u0131n\u0131, hangi y\u00f6ntemin daha uygun oldu\u011funu ve tatmin edici bir sonu\u00e7 i\u00e7in ne kadar grefe ihtiyac\u0131n\u0131z olaca\u011f\u0131n\u0131 belirtebilirler.<\/p>\n\n<p>Ba\u015fka sorunuz var m\u0131 Sizinle <a href=\"https:\/\/medicaltravel.ch\/kontakt\/\" data-type=\"page\" data-id=\"225\">ileti\u015fime <\/a>ge\u00e7meyi d\u00f6rt g\u00f6zle bekliyoruz. <\/p>\n\n<p>\u015eimdi \u0130svi\u00e7re&#8217;de \u00fccretsiz bir dan\u0131\u015fmanl\u0131k randevusu ayarlay\u0131n veya bize foto\u011fraflar\u0131n\u0131z\u0131 <a href=\"mailto:info@medicaltravel.net\">e-posta<\/a>, <a href=\"https:\/\/medicaltravel.ch\/kontakt\/\" data-type=\"page\" data-id=\"225\">buradan <\/a>veya <a href=\"https:\/\/web.whatsapp.com\/send?phone=41%2078%20737%2035%2041&amp;text=&amp;source=&amp;data=\" target=\"_blank\" rel=\"noreferrer noopener nofollow\">WhatsApp <\/a>\u00fczerinden g\u00f6ndererek \u00fccretsiz bir de\u011ferlendirme alabilirsiniz.<\/p>\n\n<figure class=\"wp-block-image size-full\"><img fetchpriority=\"high\" decoding=\"async\" width=\"500\" height=\"219\" class=\"wp-image-471\" src=\"https:\/\/medicaltravel.ch\/wp-content\/uploads\/2025\/09\/FUE-fur-Eigenhaarverpflanzungen-1.jpg\" alt=\"\" srcset=\"https:\/\/medicaltravel.ch\/wp-content\/uploads\/2025\/09\/FUE-fur-Eigenhaarverpflanzungen-1.jpg 500w, https:\/\/medicaltravel.ch\/wp-content\/uploads\/2025\/09\/FUE-fur-Eigenhaarverpflanzungen-1-300x131.jpg 300w\" sizes=\"(max-width: 500px) 100vw, 500px\" \/><\/figure>\n\n<p id=\"caption-attachment-582\">FUE sa\u00e7 ekimi<\/p>\n\t\t\t\t\t\t\t\t<\/div>\n\t\t\t\t\t<\/div>\n\t\t\t\t<\/div>\n\t\t\t\t<\/div>\n\t\t","protected":false},"excerpt":{"rendered":"<p>Erkekler i\u00e7in FUE Y\u00f6ntem Longtolong Kad\u0131nlar i\u00e7in FUE Ek hizmetler Ka\u015f ekimi S\u0131k\u00e7a Sorulan Sorular Erkekler i\u00e7in FUE Sa\u00e7 Ekimi \u2013 T\u00fcrkiye \u2013 \u0130stanbul \u2013 Antalya Sa\u00e7 ekimi \u2013 sa\u00e7 d\u00f6k\u00fclmesi i\u00e7in mant\u0131kl\u0131 bir \u00e7\u00f6z\u00fcm E\u011fer sa\u00e7 d\u00f6k\u00fclmesi genetik ya da hormonal nedenlerden kaynaklan\u0131yorsa, sa\u00e7lar genellikle sa\u00e7 \u00e7izgisi, al\u0131ndaki kellik b\u00f6lgeleri ve arka kafada d\u00f6k\u00fcl\u00fcr. Ancak, ense b\u00f6lgesindeki, genetik olarak d\u00f6k\u00fclmeye kar\u015f\u0131 daha diren\u00e7li olan sa\u00e7 k\u00f6kleri korunur. Modern sa\u00e7 ekimi, bu \u00f6zellikten faydalanarak, sa\u00e7 k\u00f6klerinin ak\u0131ll\u0131ca yeniden da\u011f\u0131t\u0131lmas\u0131yla kal\u0131c\u0131 ve do\u011fal bir sa\u00e7 b\u00fcy\u00fcmesi sa\u011flar. Sa\u00e7 ekimi, son y\u0131llarda h\u0131zl\u0131 bir \u015fekilde geli\u015fti. Modern mikrocerrahi teknikler sayesinde, bug\u00fcn yo\u011fun sa\u00e7l\u0131 b\u00f6lgelerden kendi sa\u00e7 k\u00f6klerinizi al\u0131p, kellik b\u00f6lgelerine nakletmek m\u00fcmk\u00fcn hale geldi. En \u00fcst d\u00fczeyde estetik sonu\u00e7lar. En iyi sonu\u00e7 \u2013 yani i\u015flemin fark edilmemesi \u2013 sadece profesyonel bir uzman taraf\u0131ndan elde edilebilir. Bu, sa\u00e7 d\u00f6k\u00fclmesi ve onun ortadan kald\u0131r\u0131lmas\u0131 konusunda y\u0131llarca deneyime sahip olan uzman doktorlar ve asistanlar\u0131 taraf\u0131ndan sa\u011flan\u0131r. Bir kez nakledilen sa\u00e7 k\u00f6kleri, \u00f6m\u00fcr boyu sa\u011fl\u0131kl\u0131 sa\u00e7 \u00fcretir, bu da sa\u00e7 ekimini kal\u0131c\u0131 bir \u00e7\u00f6z\u00fcm haline getirir. \u0130kna edici sonu\u00e7: Y\u00fczeysel iyile\u015fme s\u00fcrecinin tamamlanmas\u0131n\u0131n ard\u0131ndan, nakledilen sa\u00e7 k\u00f6kleri iki ila \u00fc\u00e7 ay i\u00e7inde yeni, sa\u011fl\u0131kl\u0131 ve g\u00fc\u00e7l\u00fc sa\u00e7lar \u00fcretmeye ba\u015flar ve bu sa\u00e7lar \u00f6m\u00fcr boyu korunur. Yeni sa\u00e7lar normal bir \u015fekilde kesilebilir, y\u0131kanabilir, kurutulabilir, perma yap\u0131labilir ve boyanabilir. T\u00fcrkiye&#8217;deki sa\u00e7 kliniklerinde, kendi sa\u00e7 k\u00f6klerini nakletme (sa\u00e7 ekimi) i\u015flemlerinde en yeni y\u00f6ntemler uygulanmaktad\u0131r. Baz\u0131 \u00f6rnekler \u015funlard\u0131r: FUE Folik\u00fcler \u00dcnite Ekstraksiyonu FUE tedavisi, sadece T\u00fcrkiye&#8217;de de\u011fil, d\u00fcnya \u00e7ap\u0131nda en yeni sa\u00e7 ekimi tekni\u011fidir. Bu y\u00f6ntemde, ba\u015ftaki sa\u00e7l\u0131 b\u00f6lgelerden canl\u0131 sa\u00e7 k\u00f6kleri al\u0131n\u0131r ve ard\u0131ndan sa\u00e7s\u0131z b\u00f6lgelere nakledilir. Bu sayede son derece do\u011fal bir sonu\u00e7 elde edilir. Sa\u00e7 ekimi s\u0131ras\u0131nda uygulanan FUE tedavisi, \u015fu anda en modern y\u00f6ntemdir. FUT tedavisinden fark\u0131, greflerin do\u011frudan sa\u00e7 k\u00f6k\u00fcnden al\u0131nmas\u0131d\u0131r. Bu y\u00f6ntemde, greflerin al\u0131nmas\u0131 i\u00e7in herhangi bir lancet veya b\u0131\u00e7ak kullan\u0131lmad\u0131\u011f\u0131 i\u00e7in bu b\u00f6lgelerde iz olu\u015fmaz. Bu sayede, k\u0131sa s\u00fcre i\u00e7inde yo\u011fun sa\u00e7 b\u00fcy\u00fcmesi g\u00f6rebilirsiniz. Her iki teknik de ayn\u0131 ekim y\u00f6ntemini kullan\u0131r, fark yaln\u0131zca greflerin al\u0131nma \u015feklidir. Her iki sa\u00e7 ekimi y\u00f6ntemi de nihayetinde istenilen ba\u015far\u0131y\u0131 sa\u011flar. FUE (Folik\u00fcl \u00dcnite Ekstraksiyonu) y\u00f6ntemi ne zaman tercih edilmelidir? FUE y\u00f6ntemi, sa\u00e7 uzamas\u0131 durduktan sonra sa\u00e7\u0131n\u0131z\u0131 k\u0131sa (0,5 cm&#8217;den k\u0131sa) kullanmak istiyorsan\u0131z daha uygundur, \u00e7\u00fcnk\u00fc sa\u00e7 ekim b\u00f6lgesinde herhangi bir yara izi g\u00f6r\u00fcnmez. Bazen ba\u015f b\u00f6lgesinde sa\u00e7 ekimi i\u00e7in yeterli don\u00f6r alan bulunmayabilir. Bu durumda, FUE y\u00f6ntemi, di\u011fer v\u00fccut t\u00fcylerinden sa\u00e7 ekimi yap\u0131lmas\u0131na da olanak tan\u0131r. Elbette, burada da kendi v\u00fccut t\u00fcylerinizin kullan\u0131lmas\u0131 gerekmektedir. Zamanla, nakledilen v\u00fccut t\u00fcyleri \u00e7evredeki kafa sa\u00e7lar\u0131n\u0131n \u00f6zelliklerine belirli bir dereceye kadar uyum sa\u011flar. Ayr\u0131ca, \u00f6zellikle gen\u00e7 bireyler i\u00e7in elastik cilt yap\u0131s\u0131na sahip olanlar, FUE tekni\u011fiyle sa\u00e7 ekimi i\u00e7in \u00f6nerilen en uygun adaylard\u0131r. FUE tedavisinin a\u015famalar\u0131: Sa\u00e7 ekimi \u00f6ncesinde ense b\u00f6lgesindeki t\u00fcyler t\u0131ra\u015f edilir. Bu, daha geni\u015f bir alan i\u00e7in haz\u0131rl\u0131k sa\u011flar. K\u0131l alma i\u015flemi yap\u0131lacak b\u00f6lgeler lokal anestezi ile uyu\u015fturulur. \u015eimdi sa\u00e7 k\u00f6kleri \u00e7\u0131kar\u0131l\u0131yor. Bazen istenilen say\u0131da greft elde etmek i\u00e7in birka\u00e7 g\u00fcn s\u00fcren birka\u00e7 tedavi seans\u0131 gerekebilir. Sa\u00e7 k\u00f6kleri daha sonra cerrahi olarak ekilir. Tedavi ne kadar s\u00fcr\u00fcyor? Bu tedavi yakla\u015f\u0131k 3-5 saat s\u00fcrer. Genellikle t\u00fcm sa\u00e7 ekimi i\u015flemi i\u00e7in yakla\u015f\u0131k 2 g\u00fcnl\u00fck bir s\u00fcre ay\u0131rmak gerekir. Ancak bu s\u00fcre, ki\u015fiden ki\u015fiye de\u011fi\u015febilir. L\u00fctfen tedavi plan\u0131 yap\u0131labilmesi i\u00e7in a\u015fa\u011f\u0131daki foto\u011fraflar\u0131 info@medicaltravel.net adresine g\u00f6nderin: \u00d6nden, ba\u015f hafif\u00e7e e\u011fik,yan taraftan,yukar\u0131dan,don\u00f6r b\u00f6lgesinden (sa\u00e7 \u00e7elengi). Bu foto\u011fraflar\u0131n al\u0131nmas\u0131n\u0131n ard\u0131ndan, doktorlar\u0131m\u0131z sa\u00e7lar\u0131n\u0131z\u0131n sa\u00e7 ekimi i\u00e7in uygun olup olmad\u0131\u011f\u0131n\u0131, hangi y\u00f6ntemin daha uygun oldu\u011funu ve tatmin edici bir sonu\u00e7 i\u00e7in ne kadar grefe ihtiyac\u0131n\u0131z olaca\u011f\u0131n\u0131 belirtebilirler. Ba\u015fka sorunuz var m\u0131 Sizinle ileti\u015fime ge\u00e7meyi d\u00f6rt g\u00f6zle bekliyoruz. \u015eimdi \u0130svi\u00e7re&#8217;de \u00fccretsiz bir dan\u0131\u015fmanl\u0131k randevusu ayarlay\u0131n veya bize foto\u011fraflar\u0131n\u0131z\u0131 e-posta, buradan veya WhatsApp \u00fczerinden g\u00f6ndererek \u00fccretsiz bir de\u011ferlendirme alabilirsiniz. FUE sa\u00e7 ekimi<\/p>\n","protected":false},"author":4,"featured_media":0,"parent":5200,"menu_order":0,"comment_status":"closed","ping_status":"closed","template":"","meta":{"_joinchat":[],"footnotes":""},"class_list":["post-5211","page","type-page","status-publish","hentry"],"acf":[],"_links":{"self":[{"href":"https:\/\/medicaltravel.ch\/tr\/wp-json\/wp\/v2\/pages\/5211","targetHints":{"allow":["GET"]}}],"collection":[{"href":"https:\/\/medicaltravel.ch\/tr\/wp-json\/wp\/v2\/pages"}],"about":[{"href":"https:\/\/medicaltravel.ch\/tr\/wp-json\/wp\/v2\/types\/page"}],"author":[{"embeddable":true,"href":"https:\/\/medicaltravel.ch\/tr\/wp-json\/wp\/v2\/users\/4"}],"replies":[{"embeddable":true,"href":"https:\/\/medicaltravel.ch\/tr\/wp-json\/wp\/v2\/comments?post=5211"}],"version-history":[{"count":3,"href":"https:\/\/medicaltravel.ch\/tr\/wp-json\/wp\/v2\/pages\/5211\/revisions"}],"predecessor-version":[{"id":5214,"href":"https:\/\/medicaltravel.ch\/tr\/wp-json\/wp\/v2\/pages\/5211\/revisions\/5214"}],"up":[{"embeddable":true,"href":"https:\/\/medicaltravel.ch\/tr\/wp-json\/wp\/v2\/pages\/5200"}],"wp:attachment":[{"href":"https:\/\/medicaltravel.ch\/tr\/wp-json\/wp\/v2\/media?parent=5211"}],"curies":[{"name":"wp","href":"https:\/\/api.w.org\/{rel}","templated":true}]}}