{"id":5216,"date":"2025-09-17T08:52:44","date_gmt":"2025-09-17T07:52:44","guid":{"rendered":"https:\/\/medicaltravel.ch\/sac-ekimi\/hizmet-yelpazesi\/kadinlar-icin-fue\/"},"modified":"2026-01-03T23:43:13","modified_gmt":"2026-01-03T22:43:13","slug":"kadinlar-icin-fue","status":"publish","type":"page","link":"https:\/\/medicaltravel.ch\/tr\/sac-ekimi\/hizmet-yelpazesi\/kadinlar-icin-fue\/","title":{"rendered":"Kad\u0131nlar i\u00e7in FUE"},"content":{"rendered":"\t\t<div data-elementor-type=\"wp-page\" data-elementor-id=\"5216\" class=\"elementor elementor-5216 elementor-133\" data-elementor-post-type=\"page\">\n\t\t\t\t<div class=\"elementor-element elementor-element-4eaa578d e-flex e-con-boxed wpr-particle-no wpr-jarallax-no wpr-parallax-no wpr-sticky-section-no wpr-equal-height-no e-con e-parent\" data-id=\"4eaa578d\" data-element_type=\"container\" data-e-type=\"container\">\n\t\t\t\t\t<div class=\"e-con-inner\">\n\t\t<div class=\"elementor-element elementor-element-9232838 e-con-full e-flex wpr-particle-no wpr-jarallax-no wpr-parallax-no wpr-sticky-section-no wpr-equal-height-no e-con e-child\" data-id=\"9232838\" data-element_type=\"container\" data-e-type=\"container\">\n\t\t\t\t<div class=\"elementor-element elementor-element-5c24253 elementor-widget elementor-widget-button\" data-id=\"5c24253\" data-element_type=\"widget\" data-e-type=\"widget\" data-widget_type=\"button.default\">\n\t\t\t\t\t\t\t\t\t\t<a class=\"elementor-button elementor-button-link elementor-size-sm\" href=\"https:\/\/medicaltravel.ch\/tr\/sac-ekimi\/hizmet-yelpazesi\/fue-sac-ekimi-erkekler-icin-tuerkiye-istanbul-antalya\/\">\n\t\t\t\t\t\t<span class=\"elementor-button-content-wrapper\">\n\t\t\t\t\t\t\t\t\t<span class=\"elementor-button-text\">Erkekler i\u00e7in FUE<\/span>\n\t\t\t\t\t<\/span>\n\t\t\t\t\t<\/a>\n\t\t\t\t\t\t\t\t<\/div>\n\t\t\t\t<div class=\"elementor-element elementor-element-c43a0e1 elementor-widget elementor-widget-button\" data-id=\"c43a0e1\" data-element_type=\"widget\" data-e-type=\"widget\" data-widget_type=\"button.default\">\n\t\t\t\t\t\t\t\t\t\t<a class=\"elementor-button elementor-button-link elementor-size-sm\" href=\"https:\/\/medicaltravel.ch\/tr\/sac-ekimi\/hizmet-yelpazesi\/dhi-sac-ekimi-istanbul-tuerkiye-fiyatlar-ve-maliyetler\/\">\n\t\t\t\t\t\t<span class=\"elementor-button-content-wrapper\">\n\t\t\t\t\t\t\t\t\t<span class=\"elementor-button-text\">Y\u00f6ntem<\/span>\n\t\t\t\t\t<\/span>\n\t\t\t\t\t<\/a>\n\t\t\t\t\t\t\t\t<\/div>\n\t\t\t\t<div class=\"elementor-element elementor-element-65bac7f elementor-widget elementor-widget-button\" data-id=\"65bac7f\" data-element_type=\"widget\" data-e-type=\"widget\" data-widget_type=\"button.default\">\n\t\t\t\t\t\t\t\t\t\t<a class=\"elementor-button elementor-button-link elementor-size-sm\" href=\"https:\/\/medicaltravel.ch\/haartransplantation\/leistungsspektrum\/long-to-long-hair-turkei\/\">\n\t\t\t\t\t\t<span class=\"elementor-button-content-wrapper\">\n\t\t\t\t\t\t\t\t\t<span class=\"elementor-button-text\">Longtolong<\/span>\n\t\t\t\t\t<\/span>\n\t\t\t\t\t<\/a>\n\t\t\t\t\t\t\t\t<\/div>\n\t\t\t\t<div class=\"elementor-element elementor-element-2bf5231 elementor-widget elementor-widget-button\" data-id=\"2bf5231\" data-element_type=\"widget\" data-e-type=\"widget\" data-widget_type=\"button.default\">\n\t\t\t\t\t\t\t\t\t\t<a class=\"elementor-button elementor-button-link elementor-size-sm\" href=\"https:\/\/medicaltravel.ch\/tr\/sac-ekimi\/hizmet-yelpazesi\/kadinlar-icin-fue\/\">\n\t\t\t\t\t\t<span class=\"elementor-button-content-wrapper\">\n\t\t\t\t\t\t\t\t\t<span class=\"elementor-button-text\">Kad\u0131nlar i\u00e7in FUE<\/span>\n\t\t\t\t\t<\/span>\n\t\t\t\t\t<\/a>\n\t\t\t\t\t\t\t\t<\/div>\n\t\t\t\t<div class=\"elementor-element elementor-element-aeef4dc elementor-widget elementor-widget-button\" data-id=\"aeef4dc\" data-element_type=\"widget\" data-e-type=\"widget\" data-widget_type=\"button.default\">\n\t\t\t\t\t\t\t\t\t\t<a class=\"elementor-button elementor-button-link elementor-size-sm\" href=\"https:\/\/medicaltravel.ch\/tr\/sac-ekimi\/hizmet-yelpazesi\/fue-sac-ekimi-erkekler-icin-tuerkiye-istanbul-antalya\/\">\n\t\t\t\t\t\t<span class=\"elementor-button-content-wrapper\">\n\t\t\t\t\t\t\t\t\t<span class=\"elementor-button-text\">Ek hizmetler<\/span>\n\t\t\t\t\t<\/span>\n\t\t\t\t\t<\/a>\n\t\t\t\t\t\t\t\t<\/div>\n\t\t\t\t<div class=\"elementor-element elementor-element-10eead2 elementor-widget elementor-widget-button\" data-id=\"10eead2\" data-element_type=\"widget\" data-e-type=\"widget\" data-widget_type=\"button.default\">\n\t\t\t\t\t\t\t\t\t\t<a class=\"elementor-button elementor-button-link elementor-size-sm\" href=\"https:\/\/medicaltravel.ch\/tr\/sac-ekimi\/hizmet-yelpazesi\/kas-ekimi-istanbul-antalya-izmir\/\">\n\t\t\t\t\t\t<span class=\"elementor-button-content-wrapper\">\n\t\t\t\t\t\t\t\t\t<span class=\"elementor-button-text\">Ka\u015f ekimi<\/span>\n\t\t\t\t\t<\/span>\n\t\t\t\t\t<\/a>\n\t\t\t\t\t\t\t\t<\/div>\n\t\t\t\t<div class=\"elementor-element elementor-element-ff99de8 elementor-widget elementor-widget-button\" data-id=\"ff99de8\" data-element_type=\"widget\" data-e-type=\"widget\" data-widget_type=\"button.default\">\n\t\t\t\t\t\t\t\t\t\t<a class=\"elementor-button elementor-button-link elementor-size-sm\" href=\"https:\/\/medicaltravel.ch\/tr\/dentalreisen\/hizmet-yelpazesi\/sac-ekimi-hakkinda-sikca-sorulan-sorular\/\">\n\t\t\t\t\t\t<span class=\"elementor-button-content-wrapper\">\n\t\t\t\t\t\t\t\t\t<span class=\"elementor-button-text\">S\u0131k\u00e7a Sorulan Sorular<\/span>\n\t\t\t\t\t<\/span>\n\t\t\t\t\t<\/a>\n\t\t\t\t\t\t\t\t<\/div>\n\t\t\t\t<\/div>\n\t\t\t\t<div class=\"elementor-element elementor-element-2029ab2c elementor-widget elementor-widget-text-editor\" data-id=\"2029ab2c\" data-element_type=\"widget\" data-e-type=\"widget\" data-widget_type=\"text-editor.default\">\n\t\t\t\t\t\t\t\t\t\n<h2 class=\"wp-block-heading\">KADINLAR \u0130\u00c7\u0130N FUE<\/h2>\n\n<p><strong>KADINLAR \u0130\u00c7\u0130N SA\u00c7 HAKKINDA S\u00d6YLEMLER<\/strong><\/p>\n\n<p>Kad\u0131nlarda sa\u00e7 d\u00f6k\u00fclmesi genellikle anemi (kans\u0131zl\u0131k), mineral ve vitamin eksiklikleri, hormonal dengesizlikler, tiroid hastal\u0131klar\u0131, gebelik, emzirme ve di\u011fer sebeplerle meydana gelir. Kad\u0131nlarda sa\u00e7 d\u00f6k\u00fclmesinin tedavisinde, \u00f6ncelikle d\u00f6k\u00fclmenin nedeni ortadan kald\u0131r\u0131lmal\u0131d\u0131r. Bu y\u00fczden, sa\u00e7 d\u00f6k\u00fclmesi tedavisinde mutlaka dermatologlar, i\u00e7 hastal\u0131klar\u0131 uzmanlar\u0131 ve baz\u0131 durumlarda endokrinologlarla dan\u0131\u015f\u0131lmal\u0131d\u0131r, ard\u0131ndan sa\u00e7 ekimi karar\u0131na var\u0131lmal\u0131d\u0131r. Sa\u00e7 d\u00f6k\u00fclmesinin nedeni giderildi\u011finde, d\u00f6k\u00fclen sa\u00e7lar genellikle bir y\u0131l i\u00e7inde tekrar \u00e7\u0131kar.   <\/p>\n\n<p>Sa\u00e7 ekimi i\u015fleminin her a\u015famas\u0131, kad\u0131nlar ve erkekler i\u00e7in ayn\u0131d\u0131r. Ancak kad\u0131nlar, g\u00f6rsel nedenlerden dolay\u0131 sa\u00e7lar\u0131n\u0131 t\u0131ra\u015f etmek konusunda genellikle isteksizdirler. Bu nedenle, kad\u0131nlarda sa\u00e7 ekimi s\u0131ras\u0131nda al\u0131m a\u015famas\u0131nda farkl\u0131 bir y\u00f6ntem uygulan\u0131r. T\u00fcm sa\u00e7lar\u0131 t\u0131ra\u015f etmek yerine, kulaklar aras\u0131nda 2-2,5 cm geni\u015fli\u011finde ve yakla\u015f\u0131k 15 cm uzunlu\u011funda bir alan se\u00e7ilir, bu b\u00f6lgedeki sa\u00e7lar kald\u0131r\u0131l\u0131p t\u0131ra\u015f edilir ve sa\u00e7 k\u00f6kleri mikromotorla bu alandan tek tek al\u0131n\u0131r. Al\u0131m i\u015flemi sonras\u0131nda, kald\u0131r\u0131lan sa\u00e7larla al\u0131m b\u00f6lgesi gizlenir. Ameliyat sonras\u0131 bir hafta i\u00e7inde bu b\u00f6lgedeki iyile\u015fme tamamlan\u0131r ve bir ay sonra, etkilenen ki\u015fi bu alan\u0131 el ile neredeyse fark edemez.     <\/p>\n\n<p>Al\u0131m i\u015flemi sonras\u0131nda, gerekli b\u00f6lgede \u00e7ok ince slits (kesikler) a\u00e7\u0131l\u0131r ve bu i\u015flem s\u0131ras\u0131nda o b\u00f6lgedeki sa\u00e7lar t\u0131ra\u015f edilmez. Bu a\u015famadaki tek fark, bu b\u00f6lgedeki sa\u00e7lar\u0131n uzun olmas\u0131d\u0131r. Ekim b\u00f6lgesinin normal g\u00f6r\u00fcnmesi yakla\u015f\u0131k bir hafta s\u00fcrer. \u00dc\u00e7 hafta i\u00e7inde d\u00f6k\u00fclecek olan sa\u00e7lar, \u00fc\u00e7 ay sonra yeniden \u00e7\u0131kmaya ba\u015flar. Nakledilen sa\u00e7lar\u0131n kalitesi ve g\u00f6r\u00fcn\u00fcm\u00fc, kendi sa\u00e7lar\u0131n\u0131za benzer hale gelmesi yakla\u015f\u0131k bir y\u0131l s\u00fcrer. Bu s\u00fcre zarf\u0131nda, destek olarak vitamin tabletleri al\u0131nabilir veya mezoterapi yap\u0131labilir.     <\/p>\n\n<p>Bu sa\u00e7 ekimi y\u00f6nteminin g\u00f6rsel avantaj\u0131, sa\u00e7lar\u0131n\u0131z\u0131n k\u0131sa kesilmesine gerek olmamas\u0131d\u0131r. Ancak, en \u00f6nemli dezavantaj\u0131, bir seansta yaln\u0131zca 800-1000 gref al\u0131nabilmesidir. <\/p>\n\n<figure class=\"wp-block-image size-full\"><img fetchpriority=\"high\" decoding=\"async\" width=\"500\" height=\"219\" class=\"wp-image-482\" src=\"https:\/\/medicaltravel.ch\/wp-content\/uploads\/2025\/09\/csm_fue-fur-frauen_896263434a.jpg\" alt=\"\" srcset=\"https:\/\/medicaltravel.ch\/wp-content\/uploads\/2025\/09\/csm_fue-fur-frauen_896263434a.jpg 500w, https:\/\/medicaltravel.ch\/wp-content\/uploads\/2025\/09\/csm_fue-fur-frauen_896263434a-300x131.jpg 300w\" sizes=\"(max-width: 500px) 100vw, 500px\" \/><\/figure>\n\n<p id=\"caption-attachment-645\">Kad\u0131nlar i\u00e7in FUE sa\u00e7 uygulamalar\u0131<\/p>\n\n<p><strong>Tedavi ne kadar s\u00fcr\u00fcyor?<\/strong><\/p>\n\n<p>Bu tedavi yakla\u015f\u0131k 3-5 saat s\u00fcrer. Genellikle t\u00fcm sa\u00e7 ekimi i\u015flemi i\u00e7in yakla\u015f\u0131k 2 g\u00fcnl\u00fck bir s\u00fcre ay\u0131rmak gerekir. Ancak bu s\u00fcre ki\u015fiden ki\u015fiye de\u011fi\u015febilir. L\u00fctfen tedavi plan\u0131 yap\u0131labilmesi i\u00e7in a\u015fa\u011f\u0131daki foto\u011fraflar\u0131 <a href=\"mailto:info@medicaltravel.net\">info@medicaltravel.net <\/a>adresine g\u00f6nderin:   <\/p>\n\n<p>\u00d6nden g\u00f6r\u00fcn\u00fcm, ba\u015f hafif\u00e7e e\u011fik,<\/p>\n\n<p>yandan,<\/p>\n\n<p>yukar\u0131dan,<\/p>\n\n<p>Don\u00f6r b\u00f6lgesinden (sa\u00e7 \u00e7elengi).<\/p>\n\n<p>Bu foto\u011fraflar\u0131n al\u0131nmas\u0131n\u0131n ard\u0131ndan, doktorlar\u0131m\u0131z sa\u00e7lar\u0131n\u0131z\u0131n sa\u00e7 ekimi i\u00e7in uygun olup olmad\u0131\u011f\u0131n\u0131, hangi y\u00f6ntemin daha uygun oldu\u011funu ve tatmin edici bir sonu\u00e7 i\u00e7in ne kadar grefe ihtiyac\u0131n\u0131z olaca\u011f\u0131n\u0131 belirtebilirler.<\/p>\n\n<p>Ba\u015fka sorunuz var m\u0131 Sizinle <a href=\"https:\/\/medicaltravel.ch\/kontakt\/\" data-type=\"page\" data-id=\"225\">ileti\u015fime <\/a>ge\u00e7meyi d\u00f6rt g\u00f6zle bekliyoruz. <\/p>\n\t\t\t\t\t\t\t\t<\/div>\n\t\t\t\t\t<\/div>\n\t\t\t\t<\/div>\n\t\t\t\t<\/div>\n\t\t","protected":false},"excerpt":{"rendered":"<p>Erkekler i\u00e7in FUE Y\u00f6ntem Longtolong Kad\u0131nlar i\u00e7in FUE Ek hizmetler Ka\u015f ekimi S\u0131k\u00e7a Sorulan Sorular KADINLAR \u0130\u00c7\u0130N FUE KADINLAR \u0130\u00c7\u0130N SA\u00c7 HAKKINDA S\u00d6YLEMLER Kad\u0131nlarda sa\u00e7 d\u00f6k\u00fclmesi genellikle anemi (kans\u0131zl\u0131k), mineral ve vitamin eksiklikleri, hormonal dengesizlikler, tiroid hastal\u0131klar\u0131, gebelik, emzirme ve di\u011fer sebeplerle meydana gelir. Kad\u0131nlarda sa\u00e7 d\u00f6k\u00fclmesinin tedavisinde, \u00f6ncelikle d\u00f6k\u00fclmenin nedeni ortadan kald\u0131r\u0131lmal\u0131d\u0131r. Bu y\u00fczden, sa\u00e7 d\u00f6k\u00fclmesi tedavisinde mutlaka dermatologlar, i\u00e7 hastal\u0131klar\u0131 uzmanlar\u0131 ve baz\u0131 durumlarda endokrinologlarla dan\u0131\u015f\u0131lmal\u0131d\u0131r, ard\u0131ndan sa\u00e7 ekimi karar\u0131na var\u0131lmal\u0131d\u0131r. Sa\u00e7 d\u00f6k\u00fclmesinin nedeni giderildi\u011finde, d\u00f6k\u00fclen sa\u00e7lar genellikle bir y\u0131l i\u00e7inde tekrar \u00e7\u0131kar. Sa\u00e7 ekimi i\u015fleminin her a\u015famas\u0131, kad\u0131nlar ve erkekler i\u00e7in ayn\u0131d\u0131r. Ancak kad\u0131nlar, g\u00f6rsel nedenlerden dolay\u0131 sa\u00e7lar\u0131n\u0131 t\u0131ra\u015f etmek konusunda genellikle isteksizdirler. Bu nedenle, kad\u0131nlarda sa\u00e7 ekimi s\u0131ras\u0131nda al\u0131m a\u015famas\u0131nda farkl\u0131 bir y\u00f6ntem uygulan\u0131r. T\u00fcm sa\u00e7lar\u0131 t\u0131ra\u015f etmek yerine, kulaklar aras\u0131nda 2-2,5 cm geni\u015fli\u011finde ve yakla\u015f\u0131k 15 cm uzunlu\u011funda bir alan se\u00e7ilir, bu b\u00f6lgedeki sa\u00e7lar kald\u0131r\u0131l\u0131p t\u0131ra\u015f edilir ve sa\u00e7 k\u00f6kleri mikromotorla bu alandan tek tek al\u0131n\u0131r. Al\u0131m i\u015flemi sonras\u0131nda, kald\u0131r\u0131lan sa\u00e7larla al\u0131m b\u00f6lgesi gizlenir. Ameliyat sonras\u0131 bir hafta i\u00e7inde bu b\u00f6lgedeki iyile\u015fme tamamlan\u0131r ve bir ay sonra, etkilenen ki\u015fi bu alan\u0131 el ile neredeyse fark edemez. Al\u0131m i\u015flemi sonras\u0131nda, gerekli b\u00f6lgede \u00e7ok ince slits (kesikler) a\u00e7\u0131l\u0131r ve bu i\u015flem s\u0131ras\u0131nda o b\u00f6lgedeki sa\u00e7lar t\u0131ra\u015f edilmez. Bu a\u015famadaki tek fark, bu b\u00f6lgedeki sa\u00e7lar\u0131n uzun olmas\u0131d\u0131r. Ekim b\u00f6lgesinin normal g\u00f6r\u00fcnmesi yakla\u015f\u0131k bir hafta s\u00fcrer. \u00dc\u00e7 hafta i\u00e7inde d\u00f6k\u00fclecek olan sa\u00e7lar, \u00fc\u00e7 ay sonra yeniden \u00e7\u0131kmaya ba\u015flar. Nakledilen sa\u00e7lar\u0131n kalitesi ve g\u00f6r\u00fcn\u00fcm\u00fc, kendi sa\u00e7lar\u0131n\u0131za benzer hale gelmesi yakla\u015f\u0131k bir y\u0131l s\u00fcrer. Bu s\u00fcre zarf\u0131nda, destek olarak vitamin tabletleri al\u0131nabilir veya mezoterapi yap\u0131labilir. Bu sa\u00e7 ekimi y\u00f6nteminin g\u00f6rsel avantaj\u0131, sa\u00e7lar\u0131n\u0131z\u0131n k\u0131sa kesilmesine gerek olmamas\u0131d\u0131r. Ancak, en \u00f6nemli dezavantaj\u0131, bir seansta yaln\u0131zca 800-1000 gref al\u0131nabilmesidir. Kad\u0131nlar i\u00e7in FUE sa\u00e7 uygulamalar\u0131 Tedavi ne kadar s\u00fcr\u00fcyor? Bu tedavi yakla\u015f\u0131k 3-5 saat s\u00fcrer. Genellikle t\u00fcm sa\u00e7 ekimi i\u015flemi i\u00e7in yakla\u015f\u0131k 2 g\u00fcnl\u00fck bir s\u00fcre ay\u0131rmak gerekir. Ancak bu s\u00fcre ki\u015fiden ki\u015fiye de\u011fi\u015febilir. L\u00fctfen tedavi plan\u0131 yap\u0131labilmesi i\u00e7in a\u015fa\u011f\u0131daki foto\u011fraflar\u0131 info@medicaltravel.net adresine g\u00f6nderin: \u00d6nden g\u00f6r\u00fcn\u00fcm, ba\u015f hafif\u00e7e e\u011fik, yandan, yukar\u0131dan, Don\u00f6r b\u00f6lgesinden (sa\u00e7 \u00e7elengi). Bu foto\u011fraflar\u0131n al\u0131nmas\u0131n\u0131n ard\u0131ndan, doktorlar\u0131m\u0131z sa\u00e7lar\u0131n\u0131z\u0131n sa\u00e7 ekimi i\u00e7in uygun olup olmad\u0131\u011f\u0131n\u0131, hangi y\u00f6ntemin daha uygun oldu\u011funu ve tatmin edici bir sonu\u00e7 i\u00e7in ne kadar grefe ihtiyac\u0131n\u0131z olaca\u011f\u0131n\u0131 belirtebilirler. Ba\u015fka sorunuz var m\u0131 Sizinle ileti\u015fime ge\u00e7meyi d\u00f6rt g\u00f6zle bekliyoruz.<\/p>\n","protected":false},"author":4,"featured_media":0,"parent":5200,"menu_order":0,"comment_status":"closed","ping_status":"closed","template":"","meta":{"_joinchat":[],"footnotes":""},"class_list":["post-5216","page","type-page","status-publish","hentry"],"acf":[],"_links":{"self":[{"href":"https:\/\/medicaltravel.ch\/tr\/wp-json\/wp\/v2\/pages\/5216","targetHints":{"allow":["GET"]}}],"collection":[{"href":"https:\/\/medicaltravel.ch\/tr\/wp-json\/wp\/v2\/pages"}],"about":[{"href":"https:\/\/medicaltravel.ch\/tr\/wp-json\/wp\/v2\/types\/page"}],"author":[{"embeddable":true,"href":"https:\/\/medicaltravel.ch\/tr\/wp-json\/wp\/v2\/users\/4"}],"replies":[{"embeddable":true,"href":"https:\/\/medicaltravel.ch\/tr\/wp-json\/wp\/v2\/comments?post=5216"}],"version-history":[{"count":0,"href":"https:\/\/medicaltravel.ch\/tr\/wp-json\/wp\/v2\/pages\/5216\/revisions"}],"up":[{"embeddable":true,"href":"https:\/\/medicaltravel.ch\/tr\/wp-json\/wp\/v2\/pages\/5200"}],"wp:attachment":[{"href":"https:\/\/medicaltravel.ch\/tr\/wp-json\/wp\/v2\/media?parent=5216"}],"curies":[{"name":"wp","href":"https:\/\/api.w.org\/{rel}","templated":true}]}}