{"id":5223,"date":"2025-09-17T09:49:49","date_gmt":"2025-09-17T08:49:49","guid":{"rendered":"https:\/\/medicaltravel.ch\/teklif\/"},"modified":"2026-01-03T23:56:21","modified_gmt":"2026-01-03T22:56:21","slug":"teklif","status":"publish","type":"page","link":"https:\/\/medicaltravel.ch\/tr\/cocuk-sahibi-olma-istegi\/teklif\/","title":{"rendered":"Teklif"},"content":{"rendered":"\t\t<div data-elementor-type=\"wp-page\" data-elementor-id=\"5223\" class=\"elementor elementor-5223 elementor-161\" data-elementor-post-type=\"page\">\n\t\t\t\t<div class=\"elementor-element elementor-element-1ab73a5e e-flex e-con-boxed wpr-particle-no wpr-jarallax-no wpr-parallax-no wpr-sticky-section-no e-con e-parent\" data-id=\"1ab73a5e\" data-element_type=\"container\" data-e-type=\"container\">\n\t\t\t\t\t<div class=\"e-con-inner\">\n\t\t<div class=\"elementor-element elementor-element-46aade5 e-con-full e-flex wpr-particle-no wpr-jarallax-no wpr-parallax-no wpr-sticky-section-no e-con e-child\" data-id=\"46aade5\" data-element_type=\"container\" data-e-type=\"container\">\n\t\t\t\t<div class=\"elementor-element elementor-element-01ba7c4 elementor-widget elementor-widget-button\" data-id=\"01ba7c4\" data-element_type=\"widget\" data-e-type=\"widget\" data-widget_type=\"button.default\">\n\t\t\t\t\t\t\t\t\t\t<a class=\"elementor-button elementor-button-link elementor-size-sm\" href=\"https:\/\/medicaltravel.ch\/kinderwunsch\/kinderwunsch-turkei\/\">\n\t\t\t\t\t\t<span class=\"elementor-button-content-wrapper\">\n\t\t\t\t\t\t\t\t\t<span class=\"elementor-button-text\">Kinderwunsch T\u00fcrkei<\/span>\n\t\t\t\t\t<\/span>\n\t\t\t\t\t<\/a>\n\t\t\t\t\t\t\t\t<\/div>\n\t\t\t\t<div class=\"elementor-element elementor-element-6e8a0c5 elementor-widget elementor-widget-button\" data-id=\"6e8a0c5\" data-element_type=\"widget\" data-e-type=\"widget\" data-widget_type=\"button.default\">\n\t\t\t\t\t\t\t\t\t\t<a class=\"elementor-button elementor-button-link elementor-size-sm\" href=\"https:\/\/medicaltravel.ch\/kinderwunsch\/die-spitaler\/kinderwunsch-in-istanbul\/\">\n\t\t\t\t\t\t<span class=\"elementor-button-content-wrapper\">\n\t\t\t\t\t\t\t\t\t<span class=\"elementor-button-text\">hastaneler<\/span>\n\t\t\t\t\t<\/span>\n\t\t\t\t\t<\/a>\n\t\t\t\t\t\t\t\t<\/div>\n\t\t\t\t<div class=\"elementor-element elementor-element-6298621 elementor-widget elementor-widget-button\" data-id=\"6298621\" data-element_type=\"widget\" data-e-type=\"widget\" data-widget_type=\"button.default\">\n\t\t\t\t\t\t\t\t\t\t<a class=\"elementor-button elementor-button-link elementor-size-sm\" href=\"https:\/\/medicaltravel.ch\/kinderwunsch\/leistungsspektrum\/\">\n\t\t\t\t\t\t<span class=\"elementor-button-content-wrapper\">\n\t\t\t\t\t\t\t\t\t<span class=\"elementor-button-text\">Hizmet yelpazesi<\/span>\n\t\t\t\t\t<\/span>\n\t\t\t\t\t<\/a>\n\t\t\t\t\t\t\t\t<\/div>\n\t\t\t\t<div class=\"elementor-element elementor-element-1d5fda2 elementor-widget elementor-widget-button\" data-id=\"1d5fda2\" data-element_type=\"widget\" data-e-type=\"widget\" data-widget_type=\"button.default\">\n\t\t\t\t\t\t\t\t\t\t<a class=\"elementor-button elementor-button-link elementor-size-sm\" href=\"https:\/\/medicaltravel.ch\/tr\/dentalreisen\/fiyatlar\/teklif\/\">\n\t\t\t\t\t\t<span class=\"elementor-button-content-wrapper\">\n\t\t\t\t\t\t\t\t\t<span class=\"elementor-button-text\">Teklif<\/span>\n\t\t\t\t\t<\/span>\n\t\t\t\t\t<\/a>\n\t\t\t\t\t\t\t\t<\/div>\n\t\t\t\t<div class=\"elementor-element elementor-element-6612dc3 elementor-widget elementor-widget-button\" data-id=\"6612dc3\" data-element_type=\"widget\" data-e-type=\"widget\" data-widget_type=\"button.default\">\n\t\t\t\t\t\t\t\t\t\t<a class=\"elementor-button elementor-button-link elementor-size-sm\" href=\"https:\/\/medicaltravel.ch\/kinderwunsch\/preise\/\">\n\t\t\t\t\t\t<span class=\"elementor-button-content-wrapper\">\n\t\t\t\t\t\t\t\t\t<span class=\"elementor-button-text\">Fiyatlar<\/span>\n\t\t\t\t\t<\/span>\n\t\t\t\t\t<\/a>\n\t\t\t\t\t\t\t\t<\/div>\n\t\t\t\t<\/div>\n\t\t\t\t<div class=\"elementor-element elementor-element-4e3fa028 elementor-widget elementor-widget-text-editor\" data-id=\"4e3fa028\" data-element_type=\"widget\" data-e-type=\"widget\" data-widget_type=\"text-editor.default\">\n\t\t\t\t\t\t\t\t\t\n<h1 class=\"wp-block-heading\">YAPAY ENFEKS\u0130YONUNUZ \u0130\u00c7\u0130N TEKL\u0130F\u0130M\u0130Z<\/h1>\n\n<h1 class=\"wp-block-heading\">YAPAY \u00c7IKARIM TEKL\u0130F\u0130<\/h1>\n\n<p>Amac\u0131m\u0131z, &#8220;kendi bebe\u011finiz&#8221; konusundaki iste\u011finizi, \u0130stanbul veya Antalya&#8217;n\u0131n harika \u015fehirlerinde bulunan en iyi hastanelerden birinde, t\u0131bbi ve organizasyonel olarak y\u00fcksek kaliteli bir hizmetle ger\u00e7ekle\u015ftirmektir.<\/p>\n\n<p><strong>Kapsaml\u0131 hizmetlerimizin tad\u0131n\u0131 \u00e7\u0131kar\u0131n.<\/strong><\/p>\n\n<p>\u00dccretsiz, ba\u011flay\u0131c\u0131 olmayan ve ki\u015fisel dan\u0131\u015fmanl\u0131k hizmetimizden faydalanabilirsiniz.<br>Dan\u0131\u015fmanl\u0131k dillerimiz Almanca, \u0130ngilizce ve T\u00fcrk\u00e7e olup, Frans\u0131zca dan\u0131\u015fmanl\u0131k da yaz\u0131l\u0131 olarak sunulmaktad\u0131r. <\/p>\n\n<p><strong>evet<\/strong><\/p>\n\n<figure class=\"wp-block-image size-full\"><img fetchpriority=\"high\" decoding=\"async\" width=\"462\" height=\"350\" class=\"wp-image-513\" src=\"https:\/\/medicaltravel.ch\/wp-content\/uploads\/2025\/09\/Erfolgreiche-ICSI-Behandlungen-in-der-Turkei-1.jpg\" alt=\"\" srcset=\"https:\/\/medicaltravel.ch\/wp-content\/uploads\/2025\/09\/Erfolgreiche-ICSI-Behandlungen-in-der-Turkei-1.jpg 462w, https:\/\/medicaltravel.ch\/wp-content\/uploads\/2025\/09\/Erfolgreiche-ICSI-Behandlungen-in-der-Turkei-1-300x227.jpg 300w\" sizes=\"(max-width: 462px) 100vw, 462px\" \/><\/figure>\n\n<p id=\"caption-attachment-1841\">\u0130stanbul ve Antalya&#8217;da K\u0131s\u0131rl\u0131k Tedavileri<\/p>\n\n<ul class=\"wp-block-list\">\n<li>U\u00e7u\u015f<\/li>\n<\/ul>\n\n<p>Ne zaman ve nas\u0131l olaca\u011f\u0131na siz karar verirsiniz, biz sadece \u00f6neriler sunar\u0131z. Sa\u011fl\u0131k ama\u00e7l\u0131 seyahatler i\u00e7in havayollar\u0131n\u0131n sundu\u011fu \u00f6zel u\u00e7ak bileti fiyatlar\u0131ndan faydalanabilirsiniz.  A\u015fa\u011f\u0131daki havayollar\u0131 \u0130stanbul ve Antalya&#8217;ya u\u00e7u\u015f d\u00fczenlemektedir:<\/p>\n\n<ul class=\"wp-block-list\">\n<li>\u0130svi\u00e7re Havayollar\u0131 (Z\u00fcrih&#8217;ten g\u00fcnl\u00fck seferler)<\/li>\n\n<li>T\u00fcrk Hava Yollar\u0131 (Z\u00fcrih&#8217;ten her g\u00fcn, Cenevre ve Basel&#8217;den ise her g\u00fcn de\u011fil)<\/li>\n\n<li>Easyjet (Basel&#8217;den, sabit u\u00e7u\u015f program\u0131 yok)<\/li>\n\n<li>Pegasus Havayollar\u0131 (Pazartesi, \u00c7ar\u015famba, Cumartesi)<\/li>\n<\/ul>\n\n<figure class=\"wp-block-image size-full\"><img decoding=\"async\" width=\"200\" height=\"118\" class=\"wp-image-514\" src=\"https:\/\/medicaltravel.ch\/wp-content\/uploads\/2025\/09\/zahnreisen-3.jpg\" alt=\"\"><\/figure>\n\n<ul class=\"wp-block-list\">\n<li>Havaliman\u0131 \u2013 otel transferi<\/li>\n<\/ul>\n\n<p>Kar\u015f\u0131lama servisimiz sizi memnuniyetle otele g\u00f6t\u00fcr\u00fcr. Bu transferler genellikle bireysel olarak yap\u0131l\u0131r, saatlerce trafikte dola\u015fan servis otob\u00fcsleri kullan\u0131lmaz. Yolculu\u011funuzun keyfini \u00e7\u0131kar\u0131n.  <\/p>\n\n<figure class=\"wp-block-image size-full\"><img decoding=\"async\" width=\"200\" height=\"83\" class=\"wp-image-515\" src=\"https:\/\/medicaltravel.ch\/wp-content\/uploads\/2025\/09\/zahnbehandlung-im-ausland-3.jpg\" alt=\"\"><\/figure>\n\n<ul class=\"wp-block-list\">\n<li>Otel<\/li>\n<\/ul>\n\n<p>Size uygun se\u00e7enekler sunuyoruz, karar tamamen size aittir. Oteller, hastaneye yak\u0131n konumda olup, yaln\u0131zca iyi ve temiz otellerle \u00e7al\u0131\u015fmaktay\u0131z.  <\/p>\n\n<ul class=\"wp-block-list\">\n<li>Almanca konu\u015fan destek<\/li>\n<\/ul>\n\n<p>Doktoru anlaman\u0131z son derece \u00f6nemlidir. Hastanedeki Almanca konu\u015fan personel, m\u00fckemmel bir ileti\u015fim sa\u011flar. Tabii ki, di\u011fer resmi dillerde de bu hizmetin sa\u011flanmas\u0131 m\u00fcmk\u00fcnd\u00fcr. <a href=\"https:\/\/medicaltravel.ch\/kinderwunsch\/die-spitaler\/kinderwunsch-in-istanbul\/\" data-type=\"page\" data-id=\"153\">Hastaneler<\/a>, neredeyse t\u00fcm Avrupa dillerinde yard\u0131mc\u0131 olabilir.  <\/p>\n\n<ul class=\"wp-block-list\">\n<li>\u00d6n muayeneniz<\/li>\n<\/ul>\n\n<p>Y\u00fcksek kaliteli tedavi sonu\u00e7lar\u0131 elde etmek i\u00e7in \u00f6n muayene son derece \u00f6nemlidir. Bu muayene s\u0131ras\u0131nda, mevcut sorunlar ve tedavileri belirlenir ve sizinle ayr\u0131nt\u0131l\u0131 olarak g\u00f6r\u00fc\u015f\u00fcl\u00fcr. Ard\u0131ndan, size \u00f6zel, hassas tedavi plan\u0131n\u0131z sizinle birlikte kesinle\u015ftirilir.  <\/p>\n\n<ul class=\"wp-block-list\">\n<li>Tedaviniz<\/li>\n<\/ul>\n\n<p>Bu hastaneleri, yerinde incelemeler ve \u00e7e\u015fitli fakt\u00f6rlerin de\u011ferlendirilmesi de dahil olmak \u00fczere kapsaml\u0131 bir ara\u015ft\u0131rma sonucunda se\u00e7tik. Hastaneler hakk\u0131nda daha fazla bilgiyi <a href=\"https:\/\/medicaltravel.ch\/kinderwunsch\/die-spitaler\/kinderwunsch-in-istanbul\/\" data-type=\"page\" data-id=\"153\">burada <\/a>bulabilirsiniz. <\/p>\n\n<ul class=\"wp-block-list\">\n<li>\u015eehir turlar\u0131 (\u0130ste\u011fe ba\u011fl\u0131)<\/li>\n<\/ul>\n\n<p>Hizmetimiz sayesinde bir d\u00fcnya \u015fehri deneyimleyeceksiniz. Seyahat plan\u0131n\u0131za g\u00f6re neler gezip g\u00f6rebilece\u011finiz ve yapabilece\u011finiz konusunda sizi bilgilendiriyoruz. B\u00f6ylece yeni hayat\u0131n\u0131za g\u00fczel hat\u0131ralarla ba\u015flars\u0131n\u0131z.  <\/p>\n\n<ul class=\"wp-block-list\">\n<li>Otel-Havaliman\u0131 transferi<\/li>\n<\/ul>\n\n<p>Transfer ekibimiz, yolculu\u011funuzun sonuna kadar olumlu bir deneyim olmas\u0131n\u0131 sa\u011flar.<\/p>\n\n<ul class=\"wp-block-list\">\n<li>T\u0131bbi seyahat kart\u0131<\/li>\n<\/ul>\n\n<p>O, bizim benzersiz ek hizmetimizdir. Pass, T\u00fcrkiye&#8217;deki kal\u0131\u015f\u0131n\u0131z ve operasyonunuzun iyile\u015fme s\u00fcreci hakk\u0131nda gerekli t\u00fcm bireysel bilgileri i\u00e7erir. Pasaportla ayn\u0131 boyutta olup, her zaman elinizin alt\u0131nda ta\u015f\u0131yabilece\u011finiz bir formattad\u0131r. Seyahatinizden \u00f6nce size \u00f6zel olarak d\u00fczenlenir.   <\/p>\n\n<ul class=\"wp-block-list\">\n<li>Fiyatlar\u0131m\u0131zdan faydalan\u0131n<\/li>\n<\/ul>\n\n<p>\u015eimdi herkes i\u00e7in uygun fiyatlarla IVF \u2013 ICSI tedavisi sa\u011fl\u0131yoruz.<\/p>\n\n<ul class=\"wp-block-list\">\n<li>\u0130svi\u00e7re&#8217;de neden daha pahal\u0131?<\/li>\n<\/ul>\n\n<p>\u0130svi\u00e7re, d\u00fcnyan\u0131n en pahal\u0131 \u00fclkelerinden biridir. Personel maliyetleri, bina kiralar\u0131 ve altyap\u0131 giderleri olduk\u00e7a y\u00fcksektir. Ayr\u0131ca ileri teknoloji cihazlar da son derece pahal\u0131d\u0131r. Bu yat\u0131r\u0131mlar\u0131n kar\u015f\u0131l\u0131\u011f\u0131n\u0131 alabilmek i\u00e7in y\u00fcksek say\u0131da hasta gereklidir. \u00dclke nispeten k\u00fc\u00e7\u00fck oldu\u011fu i\u00e7in, buradaki i\u015fletmeler y\u00fcksek fiyatlarla \u00e7al\u0131\u015fmak zorunda kalmaktad\u0131r.    <\/p>\n\n<ul class=\"wp-block-list\">\n<li>T\u00fcrkiye&#8217;de neden daha ucuz?<\/li>\n<\/ul>\n\n<p>OECD\u2019nin de do\u011frulad\u0131\u011f\u0131 bir \u00e7al\u0131\u015fmaya g\u00f6re, \u0130svi\u00e7re\u2019de 100 \u0130svi\u00e7re frang\u0131na mal olan bir hizmet i\u00e7in T\u00fcrkiye\u2019de yaln\u0131zca 45 \u0130svi\u00e7re frang\u0131 \u00f6denmektedir.<\/p>\n\n<p>Dolay\u0131s\u0131yla T\u00fcrkiye&#8217;deki doktor \u00fccretleri \u0130svi\u00e7re&#8217;deki muadillerine g\u00f6re \u00f6nemli \u00f6l\u00e7\u00fcde daha d\u00fc\u015f\u00fckt\u00fcr. Dahas\u0131, \u0130stanbul&#8217;un n\u00fcfusu tek ba\u015f\u0131na \u0130svi\u00e7re&#8217;nin tamam\u0131n\u0131n neredeyse iki kat\u0131d\u0131r. Bu da do\u011fal olarak daha fazla hasta anlam\u0131na gelir ve tedavi malzemelerinin tedarik maliyetleri ayn\u0131 olsa bile daha uygun fiyatlar sunmay\u0131 m\u00fcmk\u00fcn k\u0131lar.  <\/p>\n\n<p>Bu nedenle T\u00fcrkiye her y\u0131l Avrupa\u2019dan binlerce hastay\u0131 a\u011f\u0131rlamaktad\u0131r. Biz de bu sayede, buradaki kaliteyi makul fiyatlarla sunabiliyoruz. <\/p>\n\n<ul class=\"wp-block-list\">\n<li>Neden planlamay\u0131 sizinle yapmal\u0131y\u0131m? Seyahatimi kendim de planlayabilirim. <\/li>\n<\/ul>\n\n<p>Tabii ki, seyahatinizi kendiniz de organize edebilirsiniz. Ancak bu genellikle zahmetli ve risklidir. Yurt d\u0131\u015f\u0131nda alaca\u011f\u0131n\u0131z tedaviyle ilgili ihtiyac\u0131n\u0131z olan her \u015feyle biz ilgileniyoruz. Sadece tedavi \u00f6ncesi de\u011fil, sonras\u0131nda da g\u00fcvenilir dan\u0131\u015fman\u0131n\u0131z olmaya devam ediyoruz.   <\/p>\n\n<p>Ba\u015fka sorular\u0131n\u0131z var m\u0131? <a href=\"https:\/\/medicaltravel.ch\/kontakt\/\" data-type=\"page\" data-id=\"225\">Sizinle ileti\u015fime<\/a> ge\u00e7menizi memnuniyetle bekliyoruz. <\/p>\n\t\t\t\t\t\t\t\t<\/div>\n\t\t\t\t\t<\/div>\n\t\t\t\t<\/div>\n\t\t\t\t<\/div>\n\t\t","protected":false},"excerpt":{"rendered":"<p>Kinderwunsch T\u00fcrkei hastaneler Hizmet yelpazesi Teklif Fiyatlar YAPAY ENFEKS\u0130YONUNUZ \u0130\u00c7\u0130N TEKL\u0130F\u0130M\u0130Z YAPAY \u00c7IKARIM TEKL\u0130F\u0130 Amac\u0131m\u0131z, &#8220;kendi bebe\u011finiz&#8221; konusundaki iste\u011finizi, \u0130stanbul veya Antalya&#8217;n\u0131n harika \u015fehirlerinde bulunan en iyi hastanelerden birinde, t\u0131bbi ve organizasyonel olarak y\u00fcksek kaliteli bir hizmetle ger\u00e7ekle\u015ftirmektir. Kapsaml\u0131 hizmetlerimizin tad\u0131n\u0131 \u00e7\u0131kar\u0131n. \u00dccretsiz, ba\u011flay\u0131c\u0131 olmayan ve ki\u015fisel dan\u0131\u015fmanl\u0131k hizmetimizden faydalanabilirsiniz.Dan\u0131\u015fmanl\u0131k dillerimiz Almanca, \u0130ngilizce ve T\u00fcrk\u00e7e olup, Frans\u0131zca dan\u0131\u015fmanl\u0131k da yaz\u0131l\u0131 olarak sunulmaktad\u0131r. evet \u0130stanbul ve Antalya&#8217;da K\u0131s\u0131rl\u0131k Tedavileri U\u00e7u\u015f Ne zaman ve nas\u0131l olaca\u011f\u0131na siz karar verirsiniz, biz sadece \u00f6neriler sunar\u0131z. Sa\u011fl\u0131k ama\u00e7l\u0131 seyahatler i\u00e7in havayollar\u0131n\u0131n sundu\u011fu \u00f6zel u\u00e7ak bileti fiyatlar\u0131ndan faydalanabilirsiniz. A\u015fa\u011f\u0131daki havayollar\u0131 \u0130stanbul ve Antalya&#8217;ya u\u00e7u\u015f d\u00fczenlemektedir: \u0130svi\u00e7re Havayollar\u0131 (Z\u00fcrih&#8217;ten g\u00fcnl\u00fck seferler) T\u00fcrk Hava Yollar\u0131 (Z\u00fcrih&#8217;ten her g\u00fcn, Cenevre ve Basel&#8217;den ise her g\u00fcn de\u011fil) Easyjet (Basel&#8217;den, sabit u\u00e7u\u015f program\u0131 yok) Pegasus Havayollar\u0131 (Pazartesi, \u00c7ar\u015famba, Cumartesi) Havaliman\u0131 \u2013 otel transferi Kar\u015f\u0131lama servisimiz sizi memnuniyetle otele g\u00f6t\u00fcr\u00fcr. Bu transferler genellikle bireysel olarak yap\u0131l\u0131r, saatlerce trafikte dola\u015fan servis otob\u00fcsleri kullan\u0131lmaz. Yolculu\u011funuzun keyfini \u00e7\u0131kar\u0131n. Otel Size uygun se\u00e7enekler sunuyoruz, karar tamamen size aittir. Oteller, hastaneye yak\u0131n konumda olup, yaln\u0131zca iyi ve temiz otellerle \u00e7al\u0131\u015fmaktay\u0131z. Almanca konu\u015fan destek Doktoru anlaman\u0131z son derece \u00f6nemlidir. Hastanedeki Almanca konu\u015fan personel, m\u00fckemmel bir ileti\u015fim sa\u011flar. Tabii ki, di\u011fer resmi dillerde de bu hizmetin sa\u011flanmas\u0131 m\u00fcmk\u00fcnd\u00fcr. Hastaneler, neredeyse t\u00fcm Avrupa dillerinde yard\u0131mc\u0131 olabilir. \u00d6n muayeneniz Y\u00fcksek kaliteli tedavi sonu\u00e7lar\u0131 elde etmek i\u00e7in \u00f6n muayene son derece \u00f6nemlidir. Bu muayene s\u0131ras\u0131nda, mevcut sorunlar ve tedavileri belirlenir ve sizinle ayr\u0131nt\u0131l\u0131 olarak g\u00f6r\u00fc\u015f\u00fcl\u00fcr. Ard\u0131ndan, size \u00f6zel, hassas tedavi plan\u0131n\u0131z sizinle birlikte kesinle\u015ftirilir. Tedaviniz Bu hastaneleri, yerinde incelemeler ve \u00e7e\u015fitli fakt\u00f6rlerin de\u011ferlendirilmesi de dahil olmak \u00fczere kapsaml\u0131 bir ara\u015ft\u0131rma sonucunda se\u00e7tik. Hastaneler hakk\u0131nda daha fazla bilgiyi burada bulabilirsiniz. \u015eehir turlar\u0131 (\u0130ste\u011fe ba\u011fl\u0131) Hizmetimiz sayesinde bir d\u00fcnya \u015fehri deneyimleyeceksiniz. Seyahat plan\u0131n\u0131za g\u00f6re neler gezip g\u00f6rebilece\u011finiz ve yapabilece\u011finiz konusunda sizi bilgilendiriyoruz. B\u00f6ylece yeni hayat\u0131n\u0131za g\u00fczel hat\u0131ralarla ba\u015flars\u0131n\u0131z. Otel-Havaliman\u0131 transferi Transfer ekibimiz, yolculu\u011funuzun sonuna kadar olumlu bir deneyim olmas\u0131n\u0131 sa\u011flar. T\u0131bbi seyahat kart\u0131 O, bizim benzersiz ek hizmetimizdir. Pass, T\u00fcrkiye&#8217;deki kal\u0131\u015f\u0131n\u0131z ve operasyonunuzun iyile\u015fme s\u00fcreci hakk\u0131nda gerekli t\u00fcm bireysel bilgileri i\u00e7erir. Pasaportla ayn\u0131 boyutta olup, her zaman elinizin alt\u0131nda ta\u015f\u0131yabilece\u011finiz bir formattad\u0131r. Seyahatinizden \u00f6nce size \u00f6zel olarak d\u00fczenlenir. Fiyatlar\u0131m\u0131zdan faydalan\u0131n \u015eimdi herkes i\u00e7in uygun fiyatlarla IVF \u2013 ICSI tedavisi sa\u011fl\u0131yoruz. \u0130svi\u00e7re&#8217;de neden daha pahal\u0131? \u0130svi\u00e7re, d\u00fcnyan\u0131n en pahal\u0131 \u00fclkelerinden biridir. Personel maliyetleri, bina kiralar\u0131 ve altyap\u0131 giderleri olduk\u00e7a y\u00fcksektir. Ayr\u0131ca ileri teknoloji cihazlar da son derece pahal\u0131d\u0131r. Bu yat\u0131r\u0131mlar\u0131n kar\u015f\u0131l\u0131\u011f\u0131n\u0131 alabilmek i\u00e7in y\u00fcksek say\u0131da hasta gereklidir. \u00dclke nispeten k\u00fc\u00e7\u00fck oldu\u011fu i\u00e7in, buradaki i\u015fletmeler y\u00fcksek fiyatlarla \u00e7al\u0131\u015fmak zorunda kalmaktad\u0131r. T\u00fcrkiye&#8217;de neden daha ucuz? OECD\u2019nin de do\u011frulad\u0131\u011f\u0131 bir \u00e7al\u0131\u015fmaya g\u00f6re, \u0130svi\u00e7re\u2019de 100 \u0130svi\u00e7re frang\u0131na mal olan bir hizmet i\u00e7in T\u00fcrkiye\u2019de yaln\u0131zca 45 \u0130svi\u00e7re frang\u0131 \u00f6denmektedir. Dolay\u0131s\u0131yla T\u00fcrkiye&#8217;deki doktor \u00fccretleri \u0130svi\u00e7re&#8217;deki muadillerine g\u00f6re \u00f6nemli \u00f6l\u00e7\u00fcde daha d\u00fc\u015f\u00fckt\u00fcr. Dahas\u0131, \u0130stanbul&#8217;un n\u00fcfusu tek ba\u015f\u0131na \u0130svi\u00e7re&#8217;nin tamam\u0131n\u0131n neredeyse iki kat\u0131d\u0131r. Bu da do\u011fal olarak daha fazla hasta anlam\u0131na gelir ve tedavi malzemelerinin tedarik maliyetleri ayn\u0131 olsa bile daha uygun fiyatlar sunmay\u0131 m\u00fcmk\u00fcn k\u0131lar. Bu nedenle T\u00fcrkiye her y\u0131l Avrupa\u2019dan binlerce hastay\u0131 a\u011f\u0131rlamaktad\u0131r. Biz de bu sayede, buradaki kaliteyi makul fiyatlarla sunabiliyoruz. Neden planlamay\u0131 sizinle yapmal\u0131y\u0131m? Seyahatimi kendim de planlayabilirim. Tabii ki, seyahatinizi kendiniz de organize edebilirsiniz. Ancak bu genellikle zahmetli ve risklidir. Yurt d\u0131\u015f\u0131nda alaca\u011f\u0131n\u0131z tedaviyle ilgili ihtiyac\u0131n\u0131z olan her \u015feyle biz ilgileniyoruz. Sadece tedavi \u00f6ncesi de\u011fil, sonras\u0131nda da g\u00fcvenilir dan\u0131\u015fman\u0131n\u0131z olmaya devam ediyoruz. Ba\u015fka sorular\u0131n\u0131z var m\u0131? Sizinle ileti\u015fime ge\u00e7menizi memnuniyetle bekliyoruz.<\/p>\n","protected":false},"author":4,"featured_media":0,"parent":5227,"menu_order":0,"comment_status":"closed","ping_status":"closed","template":"","meta":{"_joinchat":[],"footnotes":""},"class_list":["post-5223","page","type-page","status-publish","hentry"],"acf":[],"_links":{"self":[{"href":"https:\/\/medicaltravel.ch\/tr\/wp-json\/wp\/v2\/pages\/5223","targetHints":{"allow":["GET"]}}],"collection":[{"href":"https:\/\/medicaltravel.ch\/tr\/wp-json\/wp\/v2\/pages"}],"about":[{"href":"https:\/\/medicaltravel.ch\/tr\/wp-json\/wp\/v2\/types\/page"}],"author":[{"embeddable":true,"href":"https:\/\/medicaltravel.ch\/tr\/wp-json\/wp\/v2\/users\/4"}],"replies":[{"embeddable":true,"href":"https:\/\/medicaltravel.ch\/tr\/wp-json\/wp\/v2\/comments?post=5223"}],"version-history":[{"count":4,"href":"https:\/\/medicaltravel.ch\/tr\/wp-json\/wp\/v2\/pages\/5223\/revisions"}],"predecessor-version":[{"id":5228,"href":"https:\/\/medicaltravel.ch\/tr\/wp-json\/wp\/v2\/pages\/5223\/revisions\/5228"}],"up":[{"embeddable":true,"href":"https:\/\/medicaltravel.ch\/tr\/wp-json\/wp\/v2\/pages\/5227"}],"wp:attachment":[{"href":"https:\/\/medicaltravel.ch\/tr\/wp-json\/wp\/v2\/media?parent=5223"}],"curies":[{"name":"wp","href":"https:\/\/api.w.org\/{rel}","templated":true}]}}