{"id":5229,"date":"2025-11-11T13:19:40","date_gmt":"2025-11-11T12:19:40","guid":{"rendered":"https:\/\/medicaltravel.ch\/kuenye\/"},"modified":"2026-01-03T23:59:41","modified_gmt":"2026-01-03T22:59:41","slug":"kuenye","status":"publish","type":"page","link":"https:\/\/medicaltravel.ch\/tr\/kuenye\/","title":{"rendered":"k\u00fcnye"},"content":{"rendered":"\t\t<div data-elementor-type=\"wp-page\" data-elementor-id=\"5229\" class=\"elementor elementor-5229 elementor-2105\" data-elementor-post-type=\"page\">\n\t\t\t\t<div class=\"elementor-element elementor-element-4dcc0893 e-flex e-con-boxed wpr-particle-no wpr-jarallax-no wpr-parallax-no wpr-sticky-section-no e-con e-parent\" data-id=\"4dcc0893\" data-element_type=\"container\" data-e-type=\"container\">\n\t\t\t\t\t<div class=\"e-con-inner\">\n\t\t\t\t<div class=\"elementor-element elementor-element-8ae2b0d elementor-widget elementor-widget-text-editor\" data-id=\"8ae2b0d\" data-element_type=\"widget\" data-e-type=\"widget\" data-widget_type=\"text-editor.default\">\n\t\t\t\t\t\t\t\t\t<p><\/p>\n<p>Bu web sitesinden sorumlu ki\u015fi:<br>MedicalTravel GmbH<br>L\u00e4nggassstrasse 8<br>3012 Bern, \u0130svi\u00e7re<\/p>\n<p><span style=\"color: #808080;\">E-Mail:<\/span> <span style=\"color: #e23e47;\">info@medicaltravel.net<\/span><br><span style=\"color: #000000;\"><span style=\"color: #808080;\">Telefon:<\/span> <span style=\"color: #e23e47;\">+41 (0)33 534 57 65<\/span><\/span><\/p>\n<p><\/p>\n<p>Bu web projesinin amac\u0131, T\u00fcrkiye&#8217;de t\u0131bbi ve organizasyonel a\u00e7\u0131dan y\u00fcksek kalitede tedavi almak isteyen hastalar i\u00e7in t\u0131bbi tedaviler hakk\u0131nda bilgilendirme yapmak ve medikal seyahatleri organize etmektir.<\/p>\n<p><\/p>\n<p>Bern Kantonu Ticaret Sicili; Firma Numaras\u0131: CH-036.4.056.276-7<\/p>\n<p><\/p>\n<p>Bu web sitesindeki bilgiler i\u00e7in taml\u0131k, g\u00fcncellik, kalite ve do\u011fruluk garantisi verilmemektedir. \u0130nternet sitesinin i\u00e7eri\u011fine g\u00fcvenerek yap\u0131lan i\u015flemlerden veya kullan\u0131m\u0131ndan kaynaklanan herhangi bir zarardan sorumluluk kabul edilmez. medicaltravel.ch&#8217;de yay\u0131mlanan i\u00e7eriklerin kopyalanmas\u0131 yaln\u0131zca ticari olmayan kullan\u0131m i\u00e7in izin verilmi\u015ftir.  <\/p>\n<p><\/p>\n<p>www.medicaltravel.ch adresinde sunulan bilgiler, hastalar ile doktorlar\u0131 aras\u0131ndaki ili\u015fkiyi yerine ge\u00e7mek yerine, yaln\u0131zca destek ama\u00e7l\u0131d\u0131r.<\/p>\n<p><\/p>\n<p>Genel \u0130\u015flem \u015eartlar\u0131 (AGB)<br>MedicalTravel GmbH&#8217;nin Genel \u0130\u015flem \u015eartlar\u0131 (AGB) detayl\u0131 olarak burada bulunmaktad\u0131r.<\/p>\n<p><\/p>\n<p>Ba\u011flant\u0131lar ve \u0130\u00e7erikler i\u00e7in Sorumluluk Reddi<br>E\u011fer bu web sitesinden herhangi bir koruma hakk\u0131n\u0131z\u0131n ihlal edildi\u011fini d\u00fc\u015f\u00fcn\u00fcyorsan\u0131z, l\u00fctfen bunu hemen info@medicaltravel.net adresine e-posta ile bildirin. \u0130lgili i\u00e7erikleri k\u0131sa bir bildirimle, herhangi bir \u00fccret talep etmeden de\u011fi\u015ftirmeye veya silmeye haz\u0131r\u0131z. Ancak, bu sayfalardan kaynaklanabilecek herhangi bir koruma hakk\u0131 ihlalinin, hak sahipleri taraf\u0131ndan onay al\u0131nmadan giderilmesi do\u011fru de\u011fildir. Hukuken ge\u00e7erli \u015fekilde itiraz edilen b\u00f6l\u00fcmler, bir avukat\u0131n m\u00fcdahalesine gerek kalmadan derhal kald\u0131r\u0131lacakt\u0131r. Ancak, sizin taraf\u0131n\u0131zdan \u00f6nceden ileti\u015fime ge\u00e7meden ba\u015flat\u0131lan maliyetler tamamen reddedilecektir ve gerekli durumlarda yukar\u0131daki h\u00fck\u00fcmleri ihlal nedeniyle kar\u015f\u0131 dava a\u00e7\u0131labilir.    <\/p>\n<p><\/p>\n<p>Veri Koruma<br>Bu ana sayfa \u00fczerinden g\u00f6nderilen e-postalar \u015fifrelenmemi\u015ftir ve bilgiler, yabanc\u0131 ki\u015filer taraf\u0131ndan g\u00f6r\u00fcnt\u00fclenebilir.<\/p>\n<p><\/p>\n<p>T\u00fcm ki\u015fisel bilgiler, \u00f6rne\u011fin ileti\u015fim formu \u00fczerinden iletilenler, s\u0131k\u0131 bir gizlilik i\u00e7inde i\u015flenir ve kesinlikle \u00fc\u00e7\u00fcnc\u00fc \u015fah\u0131slara aktar\u0131lmaz.<\/p>\n<p><\/p>\n<p>Reklam, Bilgi, Finansman<br>\u00dc\u00e7\u00fcnc\u00fc \u015fah\u0131slar\u0131n reklamlar\u0131ndan feragat ediyoruz. www.medicaltravel.ch sayfalar\u0131, MedicalTravel GmbH taraf\u0131ndan finanse edilmekte ve y\u00f6netilmektedir. T\u00fcrkiye&#8217;ye t\u0131bbi seyahatler sunuyoruz.  <\/p>\n<p><\/p>\n<p>Google Analytics<br>Bu site, Google Analytics&#8217;i kullanmaktad\u0131r, bu da Google Inc. (&#8220;Google&#8221;) taraf\u0131ndan sunulan bir web analiz hizmetidir. Google Analytics, &#8220;\u00c7erezler&#8221; ad\u0131 verilen, bilgisayar\u0131n\u0131za kaydedilen metin dosyalar\u0131n\u0131 kullan\u0131r ve bu \u00e7erezler, sitenin kullan\u0131m\u0131n\u0131 analiz etmeyi sa\u011flar. \u00c7erez taraf\u0131ndan olu\u015fturulan, sitenizin kullan\u0131m\u0131na dair bilgiler (IP adresiniz de dahil) Google&#8217;\u0131n ABD&#8217;deki bir sunucusuna aktar\u0131lacak ve orada saklanacakt\u0131r. Google, bu bilgileri kullanarak sitenizin kullan\u0131m\u0131n\u0131 de\u011ferlendirecek, site faaliyetleri hakk\u0131nda raporlar haz\u0131rlayacak ve internet kullan\u0131m\u0131n\u0131zla ilgili di\u011fer hizmetleri sa\u011flayacakt\u0131r. Google bu bilgileri, kanunen gerekli oldu\u011fu durumlarda veya \u00fc\u00e7\u00fcnc\u00fc \u015fah\u0131slar\u0131n bu verileri Google ad\u0131na i\u015fledi\u011fi durumlarda \u00fc\u00e7\u00fcnc\u00fc \u015fah\u0131slara aktarabilir. Google, hi\u00e7bir ko\u015fulda IP adresinizi Google&#8217;\u0131n di\u011fer verileriyle ili\u015fkilendirmeyecektir. \u00c7erezlerin y\u00fcklenmesini, taray\u0131c\u0131 yaz\u0131l\u0131m\u0131n\u0131zda uygun ayarlar\u0131 yaparak engelleyebilirsiniz; ancak bu durumda, siteyi tam anlam\u0131yla kullanamayabilece\u011finizi hat\u0131rlatmak isteriz. Bu siteyi kullanarak, Google&#8217;\u0131n sizinle ilgili toplad\u0131\u011f\u0131 verileri yukar\u0131da belirtilen \u015fekilde ve belirtilen ama\u00e7la i\u015flemesini kabul etmi\u015f olursunuz.<\/p>\n<p><\/p>\t\t\t\t\t\t\t\t<\/div>\n\t\t\t\t\t<\/div>\n\t\t\t\t<\/div>\n\t\t\t\t<\/div>\n\t\t","protected":false},"excerpt":{"rendered":"<p>Bu web sitesinden sorumlu ki\u015fi:MedicalTravel GmbHL\u00e4nggassstrasse 83012 Bern, \u0130svi\u00e7re E-Mail: info@medicaltravel.netTelefon: +41 (0)33 534 57 65 Bu web projesinin amac\u0131, T\u00fcrkiye&#8217;de t\u0131bbi ve organizasyonel a\u00e7\u0131dan y\u00fcksek kalitede tedavi almak isteyen hastalar i\u00e7in t\u0131bbi tedaviler hakk\u0131nda bilgilendirme yapmak ve medikal seyahatleri organize etmektir. Bern Kantonu Ticaret Sicili; Firma Numaras\u0131: CH-036.4.056.276-7 Bu web sitesindeki bilgiler i\u00e7in taml\u0131k, g\u00fcncellik, kalite ve do\u011fruluk garantisi verilmemektedir. \u0130nternet sitesinin i\u00e7eri\u011fine g\u00fcvenerek yap\u0131lan i\u015flemlerden veya kullan\u0131m\u0131ndan kaynaklanan herhangi bir zarardan sorumluluk kabul edilmez. medicaltravel.ch&#8217;de yay\u0131mlanan i\u00e7eriklerin kopyalanmas\u0131 yaln\u0131zca ticari olmayan kullan\u0131m i\u00e7in izin verilmi\u015ftir. www.medicaltravel.ch adresinde sunulan bilgiler, hastalar ile doktorlar\u0131 aras\u0131ndaki ili\u015fkiyi yerine ge\u00e7mek yerine, yaln\u0131zca destek ama\u00e7l\u0131d\u0131r. Genel \u0130\u015flem \u015eartlar\u0131 (AGB)MedicalTravel GmbH&#8217;nin Genel \u0130\u015flem \u015eartlar\u0131 (AGB) detayl\u0131 olarak burada bulunmaktad\u0131r. Ba\u011flant\u0131lar ve \u0130\u00e7erikler i\u00e7in Sorumluluk ReddiE\u011fer bu web sitesinden herhangi bir koruma hakk\u0131n\u0131z\u0131n ihlal edildi\u011fini d\u00fc\u015f\u00fcn\u00fcyorsan\u0131z, l\u00fctfen bunu hemen info@medicaltravel.net adresine e-posta ile bildirin. \u0130lgili i\u00e7erikleri k\u0131sa bir bildirimle, herhangi bir \u00fccret talep etmeden de\u011fi\u015ftirmeye veya silmeye haz\u0131r\u0131z. Ancak, bu sayfalardan kaynaklanabilecek herhangi bir koruma hakk\u0131 ihlalinin, hak sahipleri taraf\u0131ndan onay al\u0131nmadan giderilmesi do\u011fru de\u011fildir. Hukuken ge\u00e7erli \u015fekilde itiraz edilen b\u00f6l\u00fcmler, bir avukat\u0131n m\u00fcdahalesine gerek kalmadan derhal kald\u0131r\u0131lacakt\u0131r. Ancak, sizin taraf\u0131n\u0131zdan \u00f6nceden ileti\u015fime ge\u00e7meden ba\u015flat\u0131lan maliyetler tamamen reddedilecektir ve gerekli durumlarda yukar\u0131daki h\u00fck\u00fcmleri ihlal nedeniyle kar\u015f\u0131 dava a\u00e7\u0131labilir. Veri KorumaBu ana sayfa \u00fczerinden g\u00f6nderilen e-postalar \u015fifrelenmemi\u015ftir ve bilgiler, yabanc\u0131 ki\u015filer taraf\u0131ndan g\u00f6r\u00fcnt\u00fclenebilir. T\u00fcm ki\u015fisel bilgiler, \u00f6rne\u011fin ileti\u015fim formu \u00fczerinden iletilenler, s\u0131k\u0131 bir gizlilik i\u00e7inde i\u015flenir ve kesinlikle \u00fc\u00e7\u00fcnc\u00fc \u015fah\u0131slara aktar\u0131lmaz. Reklam, Bilgi, Finansman\u00dc\u00e7\u00fcnc\u00fc \u015fah\u0131slar\u0131n reklamlar\u0131ndan feragat ediyoruz. www.medicaltravel.ch sayfalar\u0131, MedicalTravel GmbH taraf\u0131ndan finanse edilmekte ve y\u00f6netilmektedir. T\u00fcrkiye&#8217;ye t\u0131bbi seyahatler sunuyoruz. Google AnalyticsBu site, Google Analytics&#8217;i kullanmaktad\u0131r, bu da Google Inc. (&#8220;Google&#8221;) taraf\u0131ndan sunulan bir web analiz hizmetidir. Google Analytics, &#8220;\u00c7erezler&#8221; ad\u0131 verilen, bilgisayar\u0131n\u0131za kaydedilen metin dosyalar\u0131n\u0131 kullan\u0131r ve bu \u00e7erezler, sitenin kullan\u0131m\u0131n\u0131 analiz etmeyi sa\u011flar. \u00c7erez taraf\u0131ndan olu\u015fturulan, sitenizin kullan\u0131m\u0131na dair bilgiler (IP adresiniz de dahil) Google&#8217;\u0131n ABD&#8217;deki bir sunucusuna aktar\u0131lacak ve orada saklanacakt\u0131r. Google, bu bilgileri kullanarak sitenizin kullan\u0131m\u0131n\u0131 de\u011ferlendirecek, site faaliyetleri hakk\u0131nda raporlar haz\u0131rlayacak ve internet kullan\u0131m\u0131n\u0131zla ilgili di\u011fer hizmetleri sa\u011flayacakt\u0131r. Google bu bilgileri, kanunen gerekli oldu\u011fu durumlarda veya \u00fc\u00e7\u00fcnc\u00fc \u015fah\u0131slar\u0131n bu verileri Google ad\u0131na i\u015fledi\u011fi durumlarda \u00fc\u00e7\u00fcnc\u00fc \u015fah\u0131slara aktarabilir. Google, hi\u00e7bir ko\u015fulda IP adresinizi Google&#8217;\u0131n di\u011fer verileriyle ili\u015fkilendirmeyecektir. \u00c7erezlerin y\u00fcklenmesini, taray\u0131c\u0131 yaz\u0131l\u0131m\u0131n\u0131zda uygun ayarlar\u0131 yaparak engelleyebilirsiniz; ancak bu durumda, siteyi tam anlam\u0131yla kullanamayabilece\u011finizi hat\u0131rlatmak isteriz. Bu siteyi kullanarak, Google&#8217;\u0131n sizinle ilgili toplad\u0131\u011f\u0131 verileri yukar\u0131da belirtilen \u015fekilde ve belirtilen ama\u00e7la i\u015flemesini kabul etmi\u015f olursunuz.<\/p>\n","protected":false},"author":4,"featured_media":0,"parent":0,"menu_order":0,"comment_status":"closed","ping_status":"closed","template":"","meta":{"_joinchat":[],"footnotes":""},"class_list":["post-5229","page","type-page","status-publish","hentry"],"acf":[],"_links":{"self":[{"href":"https:\/\/medicaltravel.ch\/tr\/wp-json\/wp\/v2\/pages\/5229","targetHints":{"allow":["GET"]}}],"collection":[{"href":"https:\/\/medicaltravel.ch\/tr\/wp-json\/wp\/v2\/pages"}],"about":[{"href":"https:\/\/medicaltravel.ch\/tr\/wp-json\/wp\/v2\/types\/page"}],"author":[{"embeddable":true,"href":"https:\/\/medicaltravel.ch\/tr\/wp-json\/wp\/v2\/users\/4"}],"replies":[{"embeddable":true,"href":"https:\/\/medicaltravel.ch\/tr\/wp-json\/wp\/v2\/comments?post=5229"}],"version-history":[{"count":3,"href":"https:\/\/medicaltravel.ch\/tr\/wp-json\/wp\/v2\/pages\/5229\/revisions"}],"predecessor-version":[{"id":5232,"href":"https:\/\/medicaltravel.ch\/tr\/wp-json\/wp\/v2\/pages\/5229\/revisions\/5232"}],"wp:attachment":[{"href":"https:\/\/medicaltravel.ch\/tr\/wp-json\/wp\/v2\/media?parent=5229"}],"curies":[{"name":"wp","href":"https:\/\/api.w.org\/{rel}","templated":true}]}}