{"id":5235,"date":"2025-09-17T08:52:05","date_gmt":"2025-09-17T07:52:05","guid":{"rendered":"https:\/\/medicaltravel.ch\/sac-ekimi\/hizmet-yelpazesi\/long-to-long-haartransplantation\/"},"modified":"2026-01-04T00:08:30","modified_gmt":"2026-01-03T23:08:30","slug":"long-to-long-haartransplantation","status":"publish","type":"page","link":"https:\/\/medicaltravel.ch\/tr\/sac-ekimi\/hizmet-yelpazesi\/long-to-long-haartransplantation\/","title":{"rendered":"Long to Long Haartransplantation"},"content":{"rendered":"\t\t<div data-elementor-type=\"wp-page\" data-elementor-id=\"5235\" class=\"elementor elementor-5235 elementor-131\" data-elementor-post-type=\"page\">\n\t\t\t\t<div class=\"elementor-element elementor-element-72e372e2 e-flex e-con-boxed wpr-particle-no wpr-jarallax-no wpr-parallax-no wpr-sticky-section-no wpr-equal-height-no e-con e-parent\" data-id=\"72e372e2\" data-element_type=\"container\" data-e-type=\"container\">\n\t\t\t\t\t<div class=\"e-con-inner\">\n\t\t<div class=\"elementor-element elementor-element-0806f4b e-con-full e-flex wpr-particle-no wpr-jarallax-no wpr-parallax-no wpr-sticky-section-no wpr-equal-height-no e-con e-child\" data-id=\"0806f4b\" data-element_type=\"container\" data-e-type=\"container\">\n\t\t\t\t<div class=\"elementor-element elementor-element-27853f3 elementor-widget elementor-widget-button\" data-id=\"27853f3\" data-element_type=\"widget\" data-e-type=\"widget\" data-widget_type=\"button.default\">\n\t\t\t\t\t\t\t\t\t\t<a class=\"elementor-button elementor-button-link elementor-size-sm\" href=\"https:\/\/medicaltravel.ch\/tr\/sac-ekimi\/hizmet-yelpazesi\/fue-sac-ekimi-erkekler-icin-tuerkiye-istanbul-antalya\/\">\n\t\t\t\t\t\t<span class=\"elementor-button-content-wrapper\">\n\t\t\t\t\t\t\t\t\t<span class=\"elementor-button-text\">Erkekler i\u00e7in FUE<\/span>\n\t\t\t\t\t<\/span>\n\t\t\t\t\t<\/a>\n\t\t\t\t\t\t\t\t<\/div>\n\t\t\t\t<div class=\"elementor-element elementor-element-c87b53c elementor-widget elementor-widget-button\" data-id=\"c87b53c\" data-element_type=\"widget\" data-e-type=\"widget\" data-widget_type=\"button.default\">\n\t\t\t\t\t\t\t\t\t\t<a class=\"elementor-button elementor-button-link elementor-size-sm\" href=\"https:\/\/medicaltravel.ch\/tr\/sac-ekimi\/hizmet-yelpazesi\/dhi-sac-ekimi-istanbul-tuerkiye-fiyatlar-ve-maliyetler\/\">\n\t\t\t\t\t\t<span class=\"elementor-button-content-wrapper\">\n\t\t\t\t\t\t\t\t\t<span class=\"elementor-button-text\">Y\u00f6ntem<\/span>\n\t\t\t\t\t<\/span>\n\t\t\t\t\t<\/a>\n\t\t\t\t\t\t\t\t<\/div>\n\t\t\t\t<div class=\"elementor-element elementor-element-8cb1acc elementor-widget elementor-widget-button\" data-id=\"8cb1acc\" data-element_type=\"widget\" data-e-type=\"widget\" data-widget_type=\"button.default\">\n\t\t\t\t\t\t\t\t\t\t<a class=\"elementor-button elementor-button-link elementor-size-sm\" href=\"https:\/\/medicaltravel.ch\/tr\/sac-ekimi\/hizmet-yelpazesi\/long-to-long-haartransplantation\/\">\n\t\t\t\t\t\t<span class=\"elementor-button-content-wrapper\">\n\t\t\t\t\t\t\t\t\t<span class=\"elementor-button-text\">Longtolong<\/span>\n\t\t\t\t\t<\/span>\n\t\t\t\t\t<\/a>\n\t\t\t\t\t\t\t\t<\/div>\n\t\t\t\t<div class=\"elementor-element elementor-element-f300436 elementor-widget elementor-widget-button\" data-id=\"f300436\" data-element_type=\"widget\" data-e-type=\"widget\" data-widget_type=\"button.default\">\n\t\t\t\t\t\t\t\t\t\t<a class=\"elementor-button elementor-button-link elementor-size-sm\" href=\"https:\/\/medicaltravel.ch\/tr\/sac-ekimi\/hizmet-yelpazesi\/kadinlar-icin-fue\/\">\n\t\t\t\t\t\t<span class=\"elementor-button-content-wrapper\">\n\t\t\t\t\t\t\t\t\t<span class=\"elementor-button-text\">Kad\u0131nlar i\u00e7in FUE<\/span>\n\t\t\t\t\t<\/span>\n\t\t\t\t\t<\/a>\n\t\t\t\t\t\t\t\t<\/div>\n\t\t\t\t<div class=\"elementor-element elementor-element-2567e2b elementor-widget elementor-widget-button\" data-id=\"2567e2b\" data-element_type=\"widget\" data-e-type=\"widget\" data-widget_type=\"button.default\">\n\t\t\t\t\t\t\t\t\t\t<a class=\"elementor-button elementor-button-link elementor-size-sm\" href=\"https:\/\/medicaltravel.ch\/tr\/sac-ekimi\/hizmet-yelpazesi\/fue-sac-ekimi-erkekler-icin-tuerkiye-istanbul-antalya\/\">\n\t\t\t\t\t\t<span class=\"elementor-button-content-wrapper\">\n\t\t\t\t\t\t\t\t\t<span class=\"elementor-button-text\">Ek hizmetler<\/span>\n\t\t\t\t\t<\/span>\n\t\t\t\t\t<\/a>\n\t\t\t\t\t\t\t\t<\/div>\n\t\t\t\t<div class=\"elementor-element elementor-element-f1de224 elementor-widget elementor-widget-button\" data-id=\"f1de224\" data-element_type=\"widget\" data-e-type=\"widget\" data-widget_type=\"button.default\">\n\t\t\t\t\t\t\t\t\t\t<a class=\"elementor-button elementor-button-link elementor-size-sm\" href=\"https:\/\/medicaltravel.ch\/tr\/sac-ekimi\/hizmet-yelpazesi\/kas-ekimi-istanbul-antalya-izmir\/\">\n\t\t\t\t\t\t<span class=\"elementor-button-content-wrapper\">\n\t\t\t\t\t\t\t\t\t<span class=\"elementor-button-text\">Ka\u015f ekimi<\/span>\n\t\t\t\t\t<\/span>\n\t\t\t\t\t<\/a>\n\t\t\t\t\t\t\t\t<\/div>\n\t\t\t\t<div class=\"elementor-element elementor-element-d962121 elementor-widget elementor-widget-button\" data-id=\"d962121\" data-element_type=\"widget\" data-e-type=\"widget\" data-widget_type=\"button.default\">\n\t\t\t\t\t\t\t\t\t\t<a class=\"elementor-button elementor-button-link elementor-size-sm\" href=\"https:\/\/medicaltravel.ch\/tr\/dentalreisen\/hizmet-yelpazesi\/sac-ekimi-hakkinda-sikca-sorulan-sorular\/\">\n\t\t\t\t\t\t<span class=\"elementor-button-content-wrapper\">\n\t\t\t\t\t\t\t\t\t<span class=\"elementor-button-text\">S\u0131k\u00e7a Sorulan Sorular<\/span>\n\t\t\t\t\t<\/span>\n\t\t\t\t\t<\/a>\n\t\t\t\t\t\t\t\t<\/div>\n\t\t\t\t<\/div>\n\t\t\t\t<div class=\"elementor-element elementor-element-62782b07 elementor-widget elementor-widget-text-editor\" data-id=\"62782b07\" data-element_type=\"widget\" data-e-type=\"widget\" data-widget_type=\"text-editor.default\">\n\t\t\t\t\t\t\t\t\t\n<h1 class=\"wp-block-heading\">\u0130stanbul-T\u00fcrkei&#8217;de Uzun-Uzun (Uzun Sa\u00e7) Haartransplantasyonu<\/h1>\n<hr class=\"wp-block-separator has-alpha-channel-opacity\">\n<p><strong>UZUN-UZUN SA\u00c7 EK\u0130M\u0130<\/strong><\/p>\n\n<p>Long-to-Long sa\u00e7 ekimi (Long Hair Y\u00f6ntemi), ayn\u0131 zamanda Uzun Sa\u00e7 Transplantasyonu (Long Hair FUE\/DHI) olarak da bilinir, sa\u00e7lar t\u0131ra\u015f edilmeden, uzun haliyle nakledilen bir tekniktir. \u0130stanbul&#8217;da bu tekni\u011fi sunan birka\u00e7 klinik bulunmaktad\u0131r, bunlardan biri ise sa\u00e7 ekimi konusunda \u00f6zellikle uluslararas\u0131 hastalar i\u00e7in deneyimiyle tan\u0131nan Renewa Sa\u00e7 Klinikleri&#8217;dir. <\/p>\n\n<p><strong>Uzun sa\u00e7tan uzun sa\u00e7a sa\u00e7 ekimi nedir?<\/strong><br>Long-to-Long y\u00f6nteminde, sa\u00e7 don\u00f6rleri k\u0131salt\u0131lmadan, tam uzunlu\u011fu ile al\u0131n\u0131r ve ekilir. Bu sayede, sa\u00e7 ekimi sonucunu hemen g\u00f6rmek m\u00fcmk\u00fcnd\u00fcr, \u00e7\u00fcnk\u00fc ekilen sa\u00e7lar zaten uzundur ve b\u00fcy\u00fcmesi beklenmeden do\u011fal bir g\u00f6r\u00fcn\u00fcm sa\u011flar. <\/p>\n\n<p><strong>Sa\u00e7tan sa\u00e7a sa\u00e7 ekiminin avantajlar\u0131:<\/strong><\/p>\n\n<p>\u2022 An\u0131nda g\u00f6r\u00fclebilir sonu\u00e7:<br>Sa\u00e7 ekiminin sonucu, sa\u00e7lar zaten uzun oldu\u011fu i\u00e7in hemen g\u00f6r\u00fclebilir.<\/p>\n\n<p>\u2022 G\u00fcnl\u00fck hayatta daha az k\u0131s\u0131tlama:<br>Sa\u00e7lar t\u0131ra\u015f edilmedi\u011fi i\u00e7in, ba\u015f\u00f6rt\u00fcs\u00fc takmak gibi g\u00fcnl\u00fck hayatta daha az k\u0131s\u0131tlama vard\u0131r.<\/p>\n\n<p>\u2022 Belirli sa\u00e7 uzunluklar\u0131 i\u00e7in uygundur:<br>Bu y\u00f6ntem, \u00f6zellikle belirli bir sa\u00e7 uzunlu\u011funa sahip olan ve bunu korumak isteyen hastalar i\u00e7in uygundur.<\/p>\n\n<p>Uzun sa\u00e7tan uzun sa\u00e7a sa\u00e7 ekiminin dezavantajlar\u0131:<br>\u2022 Daha y\u00fcksek maliyetler:<br>Uzun sa\u00e7tan uzun sa\u00e7a y\u00f6ntemi, genellikle klasik sa\u00e7 ekimi y\u00f6ntemine (t\u0131ra\u015fla yap\u0131lan) g\u00f6re daha pahal\u0131d\u0131r.<\/p>\n\n<p>\u2022 Daha az say\u0131da greft:<br>Sa\u00e7lar t\u0131ra\u015f edilmedi\u011fi i\u00e7in daha az say\u0131da greft (sa\u00e7 k\u00f6k\u00fc) \u00e7\u0131kar\u0131l\u0131p nakledilebilir.<\/p>\n\n<p>\u2022 Daha teknik olarak zorlay\u0131c\u0131:<br>Uzun sa\u00e7lar\u0131n \u00e7ekilmesi ve nakli daha teknik olarak zorlay\u0131c\u0131d\u0131r ve sa\u00e7 ekibinden daha fazla deneyim gerektirir.<\/p>\n\n<p>\u2022 Uzun Sa\u00e7tan Uzun Sa\u00e7a (Long-to-Long) y\u00f6nteminin fiyat\u0131 ne kadar?:<br>Uzun Sa\u00e7tan Uzun Sa\u00e7a (Long Hair) y\u00f6nteminin fiyat\u0131 3510 \u0130svi\u00e7re Frang\u0131&#8217;d\u0131r. <\/p>\n\n<p>\u2022 S\u00fcre:<br>Sa\u00e7 ekimi genellikle birka\u00e7 saat s\u00fcrer ve bir veya iki g\u00fcne kadar uzayabilir.<\/p>\n\n<p>\u2022 Konaklama:<br>\u0130stanbul&#8217;da sa\u00e7 ekimi i\u00e7in genellikle 2 gecelik bir konaklama planlaman\u0131z gerekir.<\/p>\n\n<p>\u00d6zetle, uzun sa\u00e7tan uzun sa\u00e7a sa\u00e7 ekimi, nispeten az say\u0131da kel b\u00f6lgeye sahip olan ve sa\u00e7 uzunlu\u011funu korumak isteyen hastalar i\u00e7in iyi bir se\u00e7enektir.<\/p>\n\n<p><a href=\"https:\/\/medicaltravel.ch\/tr\/sac-ekimi\/hastaneler\/best-hair-clinic-sac-ekimi-istanbul-tuerkiye\/\" data-type=\"page\" data-id=\"119\">Renewa Sa\u00e7 Klini\u011fi<\/a>, <a href=\"https:\/\/medicaltravel.ch\/warum-tuerkei\/staedte-der-tuerkei\/istanbul-als-stadt\/\" data-type=\"page\" data-id=\"20\">\u0130stanbul&#8217;da <\/a>bu tekni\u011fi sunan ve uluslararas\u0131 hastalar\u0131 tedavi eden kliniklerden biridir.<\/p>\n\n<p><strong>Tedavi ne kadar s\u00fcr\u00fcyor?<br><\/strong>Bu i\u015flem yakla\u015f\u0131k 3-5 saat s\u00fcrer. Genel olarak, t\u00fcm sa\u00e7 ekimi s\u00fcreci yakla\u015f\u0131k 2 g\u00fcn s\u00fcrer. Ancak bu ki\u015fiden ki\u015fiye de\u011fi\u015febilir. Uygunlu\u011fu de\u011ferlendirmek i\u00e7in l\u00fctfen a\u015fa\u011f\u0131daki foto\u011fraflar\u0131 <a href=\"mailto:info@medicaltravel.net\" target=\"_blank\" rel=\"noreferrer noopener\">info@medicaltravel.net <\/a>adresine g\u00f6nderin:   <\/p>\n\n<p>\u00d6nden, ba\u015f hafif\u00e7e e\u011fik,<br>yan taraftan,<br>yukar\u0131dan,<br>don\u00f6r b\u00f6lgesinden (sa\u00e7 \u00e7elengi).<\/p>\n\n<p>Bu foto\u011fraflar\u0131 ald\u0131ktan sonra, doktorlar\u0131m\u0131z sa\u00e7\u0131n\u0131z\u0131n uzun-uzun sa\u00e7 ekimi i\u00e7in uygun olup olmad\u0131\u011f\u0131n\u0131, hangi y\u00f6ntemin daha uygun oldu\u011funu ve tatmin edici bir sonu\u00e7 i\u00e7in ka\u00e7 greft gerekti\u011fini size s\u00f6yleyebilirler.<\/p>\n\n<p>Sorular\u0131n\u0131z m\u0131 var? Buradan, <a href=\"mailto:info@medicaltravel.net\">e-posta <\/a>yoluyla veya <a href=\"https:\/\/wa.me\/41787373541\" target=\"_blank\" rel=\"noreferrer noopener nofollow\">WhatsApp <\/a>\u00fczerinden bizimle <a href=\"https:\/\/medicaltravel.ch\/kontakt\/\" data-type=\"page\" data-id=\"225\">ileti\u015fime <\/a>ge\u00e7menizi bekliyoruz. <\/p>\n\n<p>\u015eimdi <a href=\"https:\/\/medicaltravel.ch\/2020-2\/04-2\/23-2\/beratungen\/\" data-type=\"page\" data-id=\"247\">\u0130svi\u00e7re&#8217;de \u00fccretsiz bir dan\u0131\u015fmanl\u0131k<\/a> randevusu ayarlay\u0131n veya bize foto\u011fraflar\u0131n\u0131z\u0131 <a href=\"mailto:info@medicaltravel.net\">e-posta<\/a>, <a href=\"https:\/\/medicaltravel.ch\/kontakt\/\" data-type=\"page\" data-id=\"225\">buradan <\/a>veya <a href=\"https:\/\/web.whatsapp.com\/send?phone=41%2078%20737%2035%2041&amp;text=&amp;source=&amp;data=\" target=\"_blank\" rel=\"noreferrer noopener nofollow\">WhatsApp <\/a>\u00fczerinden g\u00f6ndererek \u00fccretsiz bir de\u011ferlendirme alabilirsiniz.<\/p>\n\n<figure class=\"wp-block-image size-full\"><img fetchpriority=\"high\" decoding=\"async\" width=\"768\" height=\"413\" class=\"wp-image-476\" src=\"https:\/\/medicaltravel.ch\/wp-content\/uploads\/2025\/09\/long-hair-transplant-vorher-nachher-768x413-1.png\" alt=\"\" srcset=\"https:\/\/medicaltravel.ch\/wp-content\/uploads\/2025\/09\/long-hair-transplant-vorher-nachher-768x413-1.png 768w, https:\/\/medicaltravel.ch\/wp-content\/uploads\/2025\/09\/long-hair-transplant-vorher-nachher-768x413-1-300x161.png 300w\" sizes=\"(max-width: 768px) 100vw, 768px\" \/><\/figure>\n\n<p id=\"caption-attachment-12831\">\u0130stanbul&#8217;da Uzun Sa\u00e7tan Uzun Sa\u00e7a Sa\u00e7 Ekimi \u00d6ncesi ve Sonras\u0131<\/p>\n\n<figure class=\"wp-block-image size-full\"><img decoding=\"async\" width=\"768\" height=\"413\" class=\"wp-image-477\" src=\"https:\/\/medicaltravel.ch\/wp-content\/uploads\/2025\/09\/long-haartranplantation-vorher-nachher_Frau-768x413-1.png\" alt=\"\" srcset=\"https:\/\/medicaltravel.ch\/wp-content\/uploads\/2025\/09\/long-haartranplantation-vorher-nachher_Frau-768x413-1.png 768w, https:\/\/medicaltravel.ch\/wp-content\/uploads\/2025\/09\/long-haartranplantation-vorher-nachher_Frau-768x413-1-300x161.png 300w\" sizes=\"(max-width: 768px) 100vw, 768px\" \/><\/figure>\n\n<p id=\"caption-attachment-12833\">Uzun Sa\u00e7 Bak\u0131m\u0131 \u0130\u00e7in Kad\u0131nlar: \u00d6ncesi ve Sonras\u0131<\/p>\n\t\t\t\t\t\t\t\t<\/div>\n\t\t\t\t\t<\/div>\n\t\t\t\t<\/div>\n\t\t\t\t<\/div>\n\t\t","protected":false},"excerpt":{"rendered":"<p>Erkekler i\u00e7in FUE Y\u00f6ntem Longtolong Kad\u0131nlar i\u00e7in FUE Ek hizmetler Ka\u015f ekimi S\u0131k\u00e7a Sorulan Sorular \u0130stanbul-T\u00fcrkei&#8217;de Uzun-Uzun (Uzun Sa\u00e7) Haartransplantasyonu UZUN-UZUN SA\u00c7 EK\u0130M\u0130 Long-to-Long sa\u00e7 ekimi (Long Hair Y\u00f6ntemi), ayn\u0131 zamanda Uzun Sa\u00e7 Transplantasyonu (Long Hair FUE\/DHI) olarak da bilinir, sa\u00e7lar t\u0131ra\u015f edilmeden, uzun haliyle nakledilen bir tekniktir. \u0130stanbul&#8217;da bu tekni\u011fi sunan birka\u00e7 klinik bulunmaktad\u0131r, bunlardan biri ise sa\u00e7 ekimi konusunda \u00f6zellikle uluslararas\u0131 hastalar i\u00e7in deneyimiyle tan\u0131nan Renewa Sa\u00e7 Klinikleri&#8217;dir. Uzun sa\u00e7tan uzun sa\u00e7a sa\u00e7 ekimi nedir?Long-to-Long y\u00f6nteminde, sa\u00e7 don\u00f6rleri k\u0131salt\u0131lmadan, tam uzunlu\u011fu ile al\u0131n\u0131r ve ekilir. Bu sayede, sa\u00e7 ekimi sonucunu hemen g\u00f6rmek m\u00fcmk\u00fcnd\u00fcr, \u00e7\u00fcnk\u00fc ekilen sa\u00e7lar zaten uzundur ve b\u00fcy\u00fcmesi beklenmeden do\u011fal bir g\u00f6r\u00fcn\u00fcm sa\u011flar. Sa\u00e7tan sa\u00e7a sa\u00e7 ekiminin avantajlar\u0131: \u2022 An\u0131nda g\u00f6r\u00fclebilir sonu\u00e7:Sa\u00e7 ekiminin sonucu, sa\u00e7lar zaten uzun oldu\u011fu i\u00e7in hemen g\u00f6r\u00fclebilir. \u2022 G\u00fcnl\u00fck hayatta daha az k\u0131s\u0131tlama:Sa\u00e7lar t\u0131ra\u015f edilmedi\u011fi i\u00e7in, ba\u015f\u00f6rt\u00fcs\u00fc takmak gibi g\u00fcnl\u00fck hayatta daha az k\u0131s\u0131tlama vard\u0131r. \u2022 Belirli sa\u00e7 uzunluklar\u0131 i\u00e7in uygundur:Bu y\u00f6ntem, \u00f6zellikle belirli bir sa\u00e7 uzunlu\u011funa sahip olan ve bunu korumak isteyen hastalar i\u00e7in uygundur. Uzun sa\u00e7tan uzun sa\u00e7a sa\u00e7 ekiminin dezavantajlar\u0131:\u2022 Daha y\u00fcksek maliyetler:Uzun sa\u00e7tan uzun sa\u00e7a y\u00f6ntemi, genellikle klasik sa\u00e7 ekimi y\u00f6ntemine (t\u0131ra\u015fla yap\u0131lan) g\u00f6re daha pahal\u0131d\u0131r. \u2022 Daha az say\u0131da greft:Sa\u00e7lar t\u0131ra\u015f edilmedi\u011fi i\u00e7in daha az say\u0131da greft (sa\u00e7 k\u00f6k\u00fc) \u00e7\u0131kar\u0131l\u0131p nakledilebilir. \u2022 Daha teknik olarak zorlay\u0131c\u0131:Uzun sa\u00e7lar\u0131n \u00e7ekilmesi ve nakli daha teknik olarak zorlay\u0131c\u0131d\u0131r ve sa\u00e7 ekibinden daha fazla deneyim gerektirir. \u2022 Uzun Sa\u00e7tan Uzun Sa\u00e7a (Long-to-Long) y\u00f6nteminin fiyat\u0131 ne kadar?:Uzun Sa\u00e7tan Uzun Sa\u00e7a (Long Hair) y\u00f6nteminin fiyat\u0131 3510 \u0130svi\u00e7re Frang\u0131&#8217;d\u0131r. \u2022 S\u00fcre:Sa\u00e7 ekimi genellikle birka\u00e7 saat s\u00fcrer ve bir veya iki g\u00fcne kadar uzayabilir. \u2022 Konaklama:\u0130stanbul&#8217;da sa\u00e7 ekimi i\u00e7in genellikle 2 gecelik bir konaklama planlaman\u0131z gerekir. \u00d6zetle, uzun sa\u00e7tan uzun sa\u00e7a sa\u00e7 ekimi, nispeten az say\u0131da kel b\u00f6lgeye sahip olan ve sa\u00e7 uzunlu\u011funu korumak isteyen hastalar i\u00e7in iyi bir se\u00e7enektir. Renewa Sa\u00e7 Klini\u011fi, \u0130stanbul&#8217;da bu tekni\u011fi sunan ve uluslararas\u0131 hastalar\u0131 tedavi eden kliniklerden biridir. Tedavi ne kadar s\u00fcr\u00fcyor?Bu i\u015flem yakla\u015f\u0131k 3-5 saat s\u00fcrer. Genel olarak, t\u00fcm sa\u00e7 ekimi s\u00fcreci yakla\u015f\u0131k 2 g\u00fcn s\u00fcrer. Ancak bu ki\u015fiden ki\u015fiye de\u011fi\u015febilir. Uygunlu\u011fu de\u011ferlendirmek i\u00e7in l\u00fctfen a\u015fa\u011f\u0131daki foto\u011fraflar\u0131 info@medicaltravel.net adresine g\u00f6nderin: \u00d6nden, ba\u015f hafif\u00e7e e\u011fik,yan taraftan,yukar\u0131dan,don\u00f6r b\u00f6lgesinden (sa\u00e7 \u00e7elengi). Bu foto\u011fraflar\u0131 ald\u0131ktan sonra, doktorlar\u0131m\u0131z sa\u00e7\u0131n\u0131z\u0131n uzun-uzun sa\u00e7 ekimi i\u00e7in uygun olup olmad\u0131\u011f\u0131n\u0131, hangi y\u00f6ntemin daha uygun oldu\u011funu ve tatmin edici bir sonu\u00e7 i\u00e7in ka\u00e7 greft gerekti\u011fini size s\u00f6yleyebilirler. Sorular\u0131n\u0131z m\u0131 var? Buradan, e-posta yoluyla veya WhatsApp \u00fczerinden bizimle ileti\u015fime ge\u00e7menizi bekliyoruz. \u015eimdi \u0130svi\u00e7re&#8217;de \u00fccretsiz bir dan\u0131\u015fmanl\u0131k randevusu ayarlay\u0131n veya bize foto\u011fraflar\u0131n\u0131z\u0131 e-posta, buradan veya WhatsApp \u00fczerinden g\u00f6ndererek \u00fccretsiz bir de\u011ferlendirme alabilirsiniz. \u0130stanbul&#8217;da Uzun Sa\u00e7tan Uzun Sa\u00e7a Sa\u00e7 Ekimi \u00d6ncesi ve Sonras\u0131 Uzun Sa\u00e7 Bak\u0131m\u0131 \u0130\u00e7in Kad\u0131nlar: \u00d6ncesi ve Sonras\u0131<\/p>\n","protected":false},"author":4,"featured_media":0,"parent":5200,"menu_order":0,"comment_status":"closed","ping_status":"closed","template":"","meta":{"_joinchat":[],"footnotes":""},"class_list":["post-5235","page","type-page","status-publish","hentry"],"acf":[],"_links":{"self":[{"href":"https:\/\/medicaltravel.ch\/tr\/wp-json\/wp\/v2\/pages\/5235","targetHints":{"allow":["GET"]}}],"collection":[{"href":"https:\/\/medicaltravel.ch\/tr\/wp-json\/wp\/v2\/pages"}],"about":[{"href":"https:\/\/medicaltravel.ch\/tr\/wp-json\/wp\/v2\/types\/page"}],"author":[{"embeddable":true,"href":"https:\/\/medicaltravel.ch\/tr\/wp-json\/wp\/v2\/users\/4"}],"replies":[{"embeddable":true,"href":"https:\/\/medicaltravel.ch\/tr\/wp-json\/wp\/v2\/comments?post=5235"}],"version-history":[{"count":0,"href":"https:\/\/medicaltravel.ch\/tr\/wp-json\/wp\/v2\/pages\/5235\/revisions"}],"up":[{"embeddable":true,"href":"https:\/\/medicaltravel.ch\/tr\/wp-json\/wp\/v2\/pages\/5200"}],"wp:attachment":[{"href":"https:\/\/medicaltravel.ch\/tr\/wp-json\/wp\/v2\/media?parent=5235"}],"curies":[{"name":"wp","href":"https:\/\/api.w.org\/{rel}","templated":true}]}}