{"id":5244,"date":"2025-09-17T07:26:34","date_gmt":"2025-09-17T06:26:34","guid":{"rendered":"https:\/\/medicaltravel.ch\/ana-sayfa\/"},"modified":"2026-01-04T00:31:08","modified_gmt":"2026-01-03T23:31:08","slug":"ana-sayfa","status":"publish","type":"page","link":"https:\/\/medicaltravel.ch\/tr\/","title":{"rendered":"Ana Sayfa"},"content":{"rendered":"\t\t<div data-elementor-type=\"wp-page\" data-elementor-id=\"5244\" class=\"elementor elementor-5244 elementor-6\" data-elementor-post-type=\"page\">\n\t\t\t\t<div class=\"elementor-element elementor-element-698891eb e-flex e-con-boxed wpr-particle-no wpr-jarallax-no wpr-parallax-no wpr-sticky-section-no wpr-equal-height-no e-con e-parent\" data-id=\"698891eb\" data-element_type=\"container\" data-e-type=\"container\">\n\t\t\t\t\t<div class=\"e-con-inner\">\n\t\t\t\t<div class=\"elementor-element elementor-element-12d5972 elementor-widget elementor-widget-text-editor\" data-id=\"12d5972\" data-element_type=\"widget\" data-e-type=\"widget\" data-widget_type=\"text-editor.default\">\n\t\t\t\t\t\t\t\t\t\n<p>SRF, \u0130STANBUL&#8217;DAK\u0130 HASTALARIMIZI \u00c7EKT\u0130<br>\u0130svi\u00e7re televizyonu (SRF), TV Program\u0131 Plus ile \u0130stanbul&#8217;daki hastalar\u0131m\u0131z\u0131 \u00e7ekti. Program\u0131 <a href=\"https:\/\/www.srf.ch\/play\/tv\/puls\/video\/operation-ausland-unters-messer-in-die-tuerkei?urn=urn:srf:video:3352a045-74a1-4ea8-878a-3e3577469f5f\" rel=\"nofollow noopener\" target=\"_blank\">buradan izleyebilirsiniz.<\/a><br>Bize duyduklar\u0131 g\u00fcven i\u00e7in SRF ekibine te\u015fekk\u00fcr ederiz. <\/p>\n\t\t\t\t\t\t\t\t<\/div>\n\t\t\t\t<div class=\"elementor-element elementor-element-f0e36de elementor-widget__width-initial elementor-widget elementor-widget-video\" data-id=\"f0e36de\" data-element_type=\"widget\" data-e-type=\"widget\" data-settings=\"{&quot;youtube_url&quot;:&quot;https:\\\/\\\/www.youtube.com\\\/watch?v=vrFJ2uZ_yhs&quot;,&quot;video_type&quot;:&quot;youtube&quot;,&quot;controls&quot;:&quot;yes&quot;}\" data-widget_type=\"video.default\">\n\t\t\t\t\t\t\t<div class=\"elementor-wrapper elementor-open-inline\">\n\t\t\t<div class=\"elementor-video\"><\/div>\t\t<\/div>\n\t\t\t\t\t\t<\/div>\n\t\t\t\t<div class=\"elementor-element elementor-element-2e3776f9 elementor-widget elementor-widget-text-editor\" data-id=\"2e3776f9\" data-element_type=\"widget\" data-e-type=\"widget\" data-widget_type=\"text-editor.default\">\n\t\t\t\t\t\t\t\t\t\n<p><strong><a href=\"https:\/\/medicaltravel.ch\/2020-2\/04-2\/23-2\/beratungen\/\" data-type=\"page\" data-id=\"247\">31 Ocak 2026&#8217;da Estetik Cerrahi ve Sa\u00e7 Ekimi \u0130\u00e7in \u00dccretsiz Dan\u0131\u015fmanl\u0131k Hizmeti.<\/a><\/strong><\/p>\n\n<p>\u015eimdi hi\u00e7bir y\u00fck\u00fcml\u00fcl\u00fck alt\u0131na girmeden kay\u0131t olun: <a href=\"mailto:info@medicaltravel.net\" target=\"_blank\" rel=\"noreferrer noopener\">E-posta, <\/a><a href=\"https:\/\/medicaltravel.ch\/kontakt\/\" data-type=\"page\" data-id=\"225\">ileti\u015fim formu<\/a>, <a href=\"https:\/\/wa.me\/41787373541\" target=\"_blank\" rel=\"noreferrer noopener nofollow\">WhatsApp<\/a>. Sizden haber bekliyoruz. <\/p>\n<hr class=\"wp-block-separator has-alpha-channel-opacity\">\n<p><strong><br>T\u00dcRK\u0130YE&#8217;DE KOZMET\u0130K CERRAH\u0130<\/strong><\/p>\n\n<p>G\u00fczellik bak\u0131mlar\u0131n\u0131z i\u00e7in y\u00fcksek fiyatlardan veya bekleme s\u00fcrelerinden b\u0131kt\u0131n\u0131z m\u0131?<\/p>\n\n<p>T\u00fcrkiye&#8217;de kraliyet ailesi gibi a\u011f\u0131rlanmaya ne dersiniz? \u0130stanbul, Antalya ve \u0130zmir \u015fehirlerinin tad\u0131n\u0131 \u00e7\u0131kar\u0131rken, T\u00fcrkiye&#8217;nin son derece deneyimli estetik cerrahlar\u0131ndan daha uygun fiyatlarla faydalanacaks\u0131n\u0131z. <\/p>\n\n<p>U\u00e7u\u015flar, kar\u015f\u0131lama ve otel dahil her \u015feyi sizin i\u00e7in organize ediyoruz ve <a href=\"https:\/\/medicaltravel.ch\/schoenheitsoperation\/behandlungsspektrum\/turkei-istanbul-brustoperationen\/\" data-type=\"page\" data-id=\"88\">meme ameliyatlar\u0131 (b\u00fcy\u00fctme, k\u00fc\u00e7\u00fcltme, s\u0131k\u0131la\u015ft\u0131rma, kald\u0131rma) <\/a>dahil olmak \u00fczere A&#8217;dan Z&#8217;ye t\u00fcm estetik ameliyatlar\u0131 sunuyoruz. <br><a href=\"https:\/\/medicaltravel.ch\/schoenheitsoperation\/behandlungsspektrum\/turkei-istanbul-nasenkorrektur\/\" data-type=\"page\" data-id=\"98\">Nasenkorrektur<\/a><br><a href=\"https:\/\/medicaltravel.ch\/schoenheitsoperation\/behandlungsspektrum\/turkei-istanbul-fettabsaugung-liposuktion\/\" data-type=\"page\" data-id=\"92\">Liposuction,<\/a><br><a href=\"https:\/\/medicaltravel.ch\/schoenheitsoperation\/behandlungsspektrum\/turkei-istanbul-augenlidkorrektur\/\" data-type=\"page\" data-id=\"96\">G\u00f6z kapa\u011f\u0131 d\u00fczeltmesi<\/a><br><a href=\"https:\/\/medicaltravel.ch\/schoenheitsoperation\/behandlungsspektrum\/turkei-istanbul-bauchstraffung\/\" data-type=\"page\" data-id=\"94\">Kar\u0131n germe ameliyat\u0131,<\/a><br><a href=\"https:\/\/medicaltravel.ch\/schoenheitsoperation\/behandlungsspektrum\/turkei-istanbul-faceliftung\/\" data-type=\"page\" data-id=\"100\">Y\u00fcz germe (facelift),<\/a><br><a href=\"https:\/\/medicaltravel.ch\/schoenheitsoperation\/behandlungsspektrum\/turkei-istanbul-oberarmstraffung\/\" data-type=\"page\" data-id=\"104\">Uyluk germe,<\/a> vb.<\/p>\n\n<p>Estetik cerrahi, <a href=\"https:\/\/medicaltravel.ch\/schoenheitsoperation\/die-spitaler\/schoenheitsklinik-in-istanbul\/\" data-type=\"page\" data-id=\"78\">g\u00fczellik klinikleri<\/a> ve <a href=\"https:\/\/medicaltravel.ch\/schoenheitsoperation\/turkei-istanbul-preise\/\" data-type=\"page\" data-id=\"108\">maliyetler <\/a>hakk\u0131nda daha fazla bilgiye <a href=\"https:\/\/medicaltravel.ch\/schoenheitsoperation\/turkei-istanbul-schoenheitsreisen\/\" data-type=\"page\" data-id=\"74\">buradan <\/a>ula\u015fabilirsiniz.<\/p>\n\n<figure class=\"wp-block-image size-full\">\n<figure id=\"attachment_228\" aria-describedby=\"caption-attachment-228\" style=\"width: 525px\" class=\"wp-caption alignnone\"><img fetchpriority=\"high\" decoding=\"async\" class=\"wp-image-228\" src=\"https:\/\/medicaltravel.ch\/wp-content\/uploads\/2025\/09\/Wir-organisieren-Gesundheitsreisen-in-die-Turkei-fur-Schonheits-Eigenhaar-Zahn-Augen-und-Kinderwunschbehandlungen.jpg\" alt=\"MedicalTravel Kozmetik Cerrahi ve Sa\u00e7 Ekimi\" width=\"525\" height=\"350\" srcset=\"https:\/\/medicaltravel.ch\/wp-content\/uploads\/2025\/09\/Wir-organisieren-Gesundheitsreisen-in-die-Turkei-fur-Schonheits-Eigenhaar-Zahn-Augen-und-Kinderwunschbehandlungen.jpg 525w, https:\/\/medicaltravel.ch\/wp-content\/uploads\/2025\/09\/Wir-organisieren-Gesundheitsreisen-in-die-Turkei-fur-Schonheits-Eigenhaar-Zahn-Augen-und-Kinderwunschbehandlungen-300x200.jpg 300w\" sizes=\"(max-width: 525px) 100vw, 525px\" \/><figcaption id=\"caption-attachment-228\" class=\"wp-caption-text\">MedicalTravel Kozmetik Cerrahi ve Sa\u00e7 Ekimi<\/figcaption><\/figure>\n<\/figure>\n\n<p id=\"caption-attachment-1271\">T\u00fcrkiye&#8217;ye, sa\u00e7 restorasyonu, di\u015f tedavisi, g\u00f6z bak\u0131m\u0131 ve k\u0131s\u0131rl\u0131k tedavileri de dahil olmak \u00fczere g\u00fczellik uygulamalar\u0131 i\u00e7in sa\u011fl\u0131k gezileri d\u00fczenliyoruz.<\/p>\n\n<figure class=\"wp-block-image size-full\"><img decoding=\"async\" width=\"500\" height=\"219\" class=\"wp-image-230\" src=\"https:\/\/medicaltravel.ch\/wp-content\/uploads\/2025\/09\/FUE-fur-Eigenhaarverpflanzungen.jpg\" alt=\"\" srcset=\"https:\/\/medicaltravel.ch\/wp-content\/uploads\/2025\/09\/FUE-fur-Eigenhaarverpflanzungen.jpg 500w, https:\/\/medicaltravel.ch\/wp-content\/uploads\/2025\/09\/FUE-fur-Eigenhaarverpflanzungen-300x131.jpg 300w\" sizes=\"(max-width: 500px) 100vw, 500px\" \/><\/figure>\n\n<p id=\"caption-attachment-1272\">T\u00fcrkiye&#8217;de sa\u00e7lar\u0131n\u0131z\u0131 yeniden kazan\u0131n ve tekrar g\u00fc\u00e7lendirin.<\/p>\n\n<p><strong>SA\u00c7 HAKKINDA S\u00d6YLENMELER<\/strong><\/p>\n\n<p>Sa\u00e7 d\u00f6k\u00fclmesi sorunu mu ya\u015f\u0131yorsunuz? Y\u00fcksek kaliteli bir tedavi istiyor ancak \u00e7ok para harcamak istemiyorsan\u0131z, MedicalTravel tam size g\u00f6re.<\/p>\n\n<p>Sa\u00e7 ekiminiz, <a href=\"https:\/\/medicaltravel.ch\/tr\/sac-ekimi\/hastaneler\/best-hair-clinic-sac-ekimi-istanbul-tuerkiye\/\" data-type=\"page\" data-id=\"119\">T\u00fcrkiye&#8217;nin en iyi sa\u00e7 kliniklerinde<\/a> \u0130stanbul, Antalya veya \u0130zmir&#8217;de uygun fiyatlarla ger\u00e7ekle\u015ftirilecektir.<\/p>\n\n<p><a href=\"https:\/\/medicaltravel.ch\/tr\/sac-ekimi\/hizmet-yelpazesi\/fue-sac-ekimi-erkekler-icin-tuerkiye-istanbul-antalya\/\" data-type=\"page\" data-id=\"127\">FUE<\/a> gibi tedaviler, <a href=\"https:\/\/medicaltravel.ch\/tr\/sac-ekimi\/hastaneler\/best-hair-clinic-sac-ekimi-istanbul-tuerkiye\/\" data-type=\"page\" data-id=\"119\">sa\u00e7 ekimi merkezleri<\/a> ve <a href=\"https:\/\/medicaltravel.ch\/tr\/sac-ekimi\/kosten-preise-haartransplantation-tuerkei\/\" data-type=\"page\" data-id=\"141\">fiyatlar <\/a>hakk\u0131nda bilgilere <a href=\"https:\/\/medicaltravel.ch\/tr\/sac-ekimi\/sac-ekimi\/\" data-type=\"page\" data-id=\"114\">buradan <\/a>ula\u015fabilirsiniz.<\/p>\n\n<p><strong>Di\u015f implantlar\u0131, di\u015f d\u00fczeltmeleri, di\u015f kronlar\u0131, di\u015f k\u00f6pr\u00fcleri<\/strong><\/p>\n\n<p>K\u00fc\u00e7\u00fck ya da b\u00fcy\u00fck \u00e7apl\u0131 <a href=\"https:\/\/medicaltravel.ch\/tr\/dentalreisen\/hizmet-yelpazesi\/dis-implantlari-tuerkiye-istanbul-antalya-izmir-bodrum-kusadasi\/\" data-type=\"page\" data-id=\"34\">di\u015f onar\u0131mlar\u0131na<\/a> m\u0131 ihtiyac\u0131n\u0131z var, yoksa nihayet yeniden g\u00fczelce g\u00fcl\u00fcmseyebilmeyi mi istiyorsunuz?<\/p>\n\n<p>T\u00fcrkiye&#8217;de y\u00fcksek kaliteli di\u015f tedavileri (\u00f6rne\u011fin, di\u015f implantlar\u0131) uygun fiyatlarla sunulmaktad\u0131r ve %70&#8217;e varan tasarruf imkan\u0131 bulunmaktad\u0131r!<\/p>\n\n<p>\u0130svi\u00e7re&#8217;de ameliyat \u00f6ncesi ve sonras\u0131 kontroller, <a href=\"https:\/\/medicaltravel.ch\/tr\/dentalreisen\/dis-klinikleri\/istanbuldaki-swiss-dis-klinigi\/\" data-type=\"page\" data-id=\"46\">Z\u00fcrih&#8217;teki ortak klinik<\/a> arac\u0131l\u0131\u011f\u0131yla da m\u00fcmk\u00fcnd\u00fcr.<\/p>\n\n<p>T\u00fcrkiye&#8217;nin g\u00fczel \u015fehirlerinde (<a href=\"https:\/\/medicaltravel.ch\/tr\/dentalreisen\/dis-klinikleri\/istanbuldaki-swiss-dis-klinigi\/\" data-type=\"page\" data-id=\"46\">\u0130stanbul<\/a>, <a href=\"https:\/\/medicaltravel.ch\/tr\/dentalreisen\/dis-klinikleri\/antalyada-dis-klinigi\/\" data-type=\"page\" data-id=\"52\">Antalya<\/a>, <a href=\"https:\/\/medicaltravel.ch\/tr\/dentalreisen\/dis-klinikleri\/kusadasindaki-dis-klinigi\/\" data-type=\"page\" data-id=\"60\">Ku\u015fadas\u0131<\/a>, <a href=\"https:\/\/medicaltravel.ch\/tr\/dentalreisen\/dis-klinikleri\/bodrum-dis-klinigi-dis-tedavisi-dis-klinigi-dis-implantlari\/\" data-type=\"page\" data-id=\"64\">Bodrum<\/a>, <a href=\"https:\/\/medicaltravel.ch\/tr\/dentalreisen\/dis-klinikleri\/kayseri-kapadokya-hospitadent-dis-klinigi\/\" data-type=\"page\" data-id=\"58\">Kapadokya<\/a>) tatilinizin tad\u0131n\u0131 \u00e7\u0131karmak, \u00e7ok can yak\u0131c\u0131 di\u015f faturalar\u0131yla u\u011fra\u015fmaktan daha iyidir.<\/p>\n\n<p>Deneyimli <a href=\"https:\/\/medicaltravel.ch\/tr\/dentalreisen\/dis-klinikleri\/istanbuldaki-swiss-dis-klinigi\/\" data-type=\"page\" data-id=\"46\">di\u015f hekimlerinin<\/a> g\u00f6rev yapt\u0131\u011f\u0131 di\u015f kliniklerinde Almanca konu\u015fan destek hizmeti sunulmaktad\u0131r. T\u00fcm seyahatiniz taraf\u0131m\u0131zdan \u00f6zenle organize edilecektir. Daha fazla bilgiye <a href=\"https:\/\/medicaltravel.ch\/tr\/cocuk-sahibi-olma-istegi\/teklif\/\" data-type=\"page\" data-id=\"161\">buradan <\/a>ula\u015fabilirsiniz.  <\/p>\n<p><img decoding=\"async\" class=\"alignnone size-medium wp-image-251\" src=\"https:\/\/medicaltravel.ch\/wp-content\/uploads\/2025\/09\/Service-spectrum-768x197-1-e1763041637523-300x190.jpg\" alt=\"\" width=\"300\" height=\"190\" srcset=\"https:\/\/medicaltravel.ch\/wp-content\/uploads\/2025\/09\/Service-spectrum-768x197-1-e1763041637523-300x190.jpg 300w, https:\/\/medicaltravel.ch\/wp-content\/uploads\/2025\/09\/Service-spectrum-768x197-1-e1763041637523.jpg 311w\" sizes=\"(max-width: 300px) 100vw, 300px\" \/><\/p>\n\n<p id=\"caption-attachment-1273\">Kaliteli di\u015f tedavisi art\u0131k servet de\u011ferinde de\u011fil.<\/p>\n\n<figure class=\"wp-block-image size-full\"><img loading=\"lazy\" decoding=\"async\" width=\"397\" height=\"265\" class=\"wp-image-252\" src=\"https:\/\/medicaltravel.ch\/wp-content\/uploads\/2025\/09\/Augenlaserbehandlungen-in-der-Turkei-spitze-Qualitat-zu-erschwinglichen-Preisen.jpg\" alt=\"\" srcset=\"https:\/\/medicaltravel.ch\/wp-content\/uploads\/2025\/09\/Augenlaserbehandlungen-in-der-Turkei-spitze-Qualitat-zu-erschwinglichen-Preisen.jpg 397w, https:\/\/medicaltravel.ch\/wp-content\/uploads\/2025\/09\/Augenlaserbehandlungen-in-der-Turkei-spitze-Qualitat-zu-erschwinglichen-Preisen-300x200.jpg 300w\" sizes=\"(max-width: 397px) 100vw, 397px\" \/><\/figure>\n\n<p id=\"caption-attachment-1274\">T\u00fcrkiye&#8217;de Lazer G\u00f6z Ameliyat\u0131: Uygun Fiyatlarla En Y\u00fcksek Kalite<\/p>\n\n<p><strong>T\u00dcRK\u0130YE&#8217;DE LASIK G\u00d6Z LAZER AMEL\u0130YATI<\/strong><\/p>\n\n<p>MedicalTravel, T\u00fcrkiye&#8217;nin \u0130stanbul, \u0130zmir, Antalya ve Kayseri \u015fehirlerindeki en iyi <a href=\"https:\/\/www.medicaltravel.ch\/augenlaser-lasik\/lasik-in-istanbul\/augenklinik\">g\u00f6z kliniklerinde<\/a> <a href=\"https:\/\/www.medicaltravel.ch\/augenlaser-lasik\/augen-lasern\/augen-lasern\">lazer g\u00f6z<\/a> ameliyat\u0131 ve lens ameliyat\u0131n\u0131z\u0131 organize eder.<\/p>\n\n<p>T\u00fcrkiye, art\u0131k <a href=\"https:\/\/www.medicaltravel.ch\/augenoperation\/augenlasern-in-der-tuerkei\/augen-lasern\">LASIK <\/a>operasyonlar\u0131 i\u00e7in a\u00e7\u0131k ara bir numaral\u0131 destinasyon haline gelmi\u015ftir. G\u00f6z tedavinizin yan\u0131 s\u0131ra, g\u00f6zl\u00fck ya da lens kullanmadan, T\u00fcrkiye&#8217;nin g\u00fczel \u015fehirlerini yeni g\u00f6zlerle ke\u015ffetmenin keyfini \u00e7\u0131karabilirsiniz. <\/p>\n\n<p>Sizin iste\u011finizi ger\u00e7e\u011fe d\u00f6n\u00fc\u015ft\u00fcr\u00fcyor ve sizi d\u00fcnya \u00e7ap\u0131nda tan\u0131nan g\u00f6z lazer kliniklerinde y\u00fcksek kaliteli bir g\u00f6z lazeri operasyonuna kavu\u015fturuyoruz. T\u00fcrkiye&#8217;deki LASIK ve g\u00f6z lazeri operasyonlar\u0131, en son teknoloji, hijyen ve kaliteyi g\u00f6z ard\u0131 etmeden uygun fiyatlarla g\u00fcvenli bir \u015fekilde yap\u0131lmaktad\u0131r. Daha fazla bilgiye <a href=\"https:\/\/www.medicaltravel.ch\/augenlaser-lasik\/lasik-in-istanbul\/lasik-in-istanbul\">burada <\/a>ula\u015fabilirsiniz. <\/p>\n\n<p><strong>T\u00fcp Bebek K\u0131s\u0131rl\u0131k Tedavileri<\/strong><\/p>\n\n<p>Evlisiniz ve bir aile kurmak istiyorsunuz, ancak \u00e7ocuk sahibi olma konusunda maalesef zorluk ya\u015f\u0131yor musunuz?<\/p>\n\n<p>T\u00fcrkiye, <a href=\"https:\/\/medicaltravel.ch\/kinderwunsch\/leistungsspektrum\/\" data-type=\"page\" data-id=\"159\">IVF veya ICSI<\/a> y\u00f6ntemleriyle birinci s\u0131n\u0131f \u00e7ocuk sahibi olma<a href=\"https:\/\/medicaltravel.ch\/kinderwunsch\/kinderwunsch-turkei\/\" data-type=\"page\" data-id=\"147\"> tedavileri sunmakta<\/a> ve \u00e7ok y\u00fcksek ba\u015far\u0131 oranlar\u0131na sahiptir. Ayr\u0131ca, T\u00fcrkiye&#8217;nin yasalar\u0131, t\u00fcp bebek tedavisi konusunda daha fazla deneme yapma imk\u00e2n\u0131 da sunmaktad\u0131r. <\/p>\n\n<p><a href=\"https:\/\/medicaltravel.ch\/kinderwunsch\/die-spitaler\/kinderwunsch-in-istanbul\/\" data-type=\"page\" data-id=\"153\">\u0130stanbul ve Antalya&#8217;daki son derece deneyimli t\u00fcp bebek <\/a>merkezlerimizin uzmanl\u0131\u011f\u0131ndan yararlan\u0131n. Daha fazla bilgiye <a href=\"https:\/\/medicaltravel.ch\/home\/kinderwunsch\/kinderwunsch-turkei\/\" data-type=\"page\" data-id=\"147\">buradan <\/a>ula\u015fabilirsiniz. <\/p>\n\n<p><strong>Sizinle <a href=\"https:\/\/medicaltravel.ch\/kontakt\/\" data-type=\"page\" data-id=\"225\">ileti\u015fime ge\u00e7meyi<\/a> d\u00f6rt g\u00f6zle bekliyoruz.<\/strong><\/p>\n\n<p><strong><a href=\"mailto:info@medicaltravel.net\">E-posta<\/a> g\u00f6nderin veya<a href=\"tel:0335345765\"> 033 534 57 65<\/a> numaral\u0131 telefonu aray\u0131n.<\/strong><\/p>\n\n<p><strong>WhatsApp \u00fczerinden <a href=\"https:\/\/web.whatsapp.com\/send?phone=41%2078%20737%2035%2041&amp;text=&amp;source=&amp;data=\" target=\"_blank\" rel=\"noreferrer noopener nofollow\">078 737 35 41.<\/a><\/strong><\/p>\n\n<figure class=\"wp-block-image size-full\"><img loading=\"lazy\" decoding=\"async\" width=\"462\" height=\"350\" class=\"wp-image-253\" src=\"https:\/\/medicaltravel.ch\/wp-content\/uploads\/2025\/09\/Erfolgreiche-ICSI-Behandlungen-in-der-Turkei.jpg\" alt=\"\" srcset=\"https:\/\/medicaltravel.ch\/wp-content\/uploads\/2025\/09\/Erfolgreiche-ICSI-Behandlungen-in-der-Turkei.jpg 462w, https:\/\/medicaltravel.ch\/wp-content\/uploads\/2025\/09\/Erfolgreiche-ICSI-Behandlungen-in-der-Turkei-300x227.jpg 300w\" sizes=\"(max-width: 462px) 100vw, 462px\" \/><\/figure>\n\n<p id=\"caption-attachment-1277\">T\u00fcrkiye&#8217;de \u00e7ocuk sahibi olma iste\u011finizi ger\u00e7ekle\u015ftirin.<\/p>\n\t\t\t\t\t\t\t\t<\/div>\n\t\t\t\t\t<\/div>\n\t\t\t\t<\/div>\n\t\t\t\t<\/div>\n\t\t","protected":false},"excerpt":{"rendered":"<p>SRF, \u0130STANBUL&#8217;DAK\u0130 HASTALARIMIZI \u00c7EKT\u0130\u0130svi\u00e7re televizyonu (SRF), TV Program\u0131 Plus ile \u0130stanbul&#8217;daki hastalar\u0131m\u0131z\u0131 \u00e7ekti. Program\u0131 buradan izleyebilirsiniz.Bize duyduklar\u0131 g\u00fcven i\u00e7in SRF ekibine te\u015fekk\u00fcr ederiz. 31 Ocak 2026&#8217;da Estetik Cerrahi ve Sa\u00e7 Ekimi \u0130\u00e7in \u00dccretsiz Dan\u0131\u015fmanl\u0131k Hizmeti. \u015eimdi hi\u00e7bir y\u00fck\u00fcml\u00fcl\u00fck alt\u0131na girmeden kay\u0131t olun: E-posta, ileti\u015fim formu, WhatsApp. Sizden haber bekliyoruz. T\u00dcRK\u0130YE&#8217;DE KOZMET\u0130K CERRAH\u0130 G\u00fczellik bak\u0131mlar\u0131n\u0131z i\u00e7in y\u00fcksek fiyatlardan veya bekleme s\u00fcrelerinden b\u0131kt\u0131n\u0131z m\u0131? T\u00fcrkiye&#8217;de kraliyet ailesi gibi a\u011f\u0131rlanmaya ne dersiniz? \u0130stanbul, Antalya ve \u0130zmir \u015fehirlerinin tad\u0131n\u0131 \u00e7\u0131kar\u0131rken, T\u00fcrkiye&#8217;nin son derece deneyimli estetik cerrahlar\u0131ndan daha uygun fiyatlarla faydalanacaks\u0131n\u0131z. U\u00e7u\u015flar, kar\u015f\u0131lama ve otel dahil her \u015feyi sizin i\u00e7in organize ediyoruz ve meme ameliyatlar\u0131 (b\u00fcy\u00fctme, k\u00fc\u00e7\u00fcltme, s\u0131k\u0131la\u015ft\u0131rma, kald\u0131rma) dahil olmak \u00fczere A&#8217;dan Z&#8217;ye t\u00fcm estetik ameliyatlar\u0131 sunuyoruz. NasenkorrekturLiposuction,G\u00f6z kapa\u011f\u0131 d\u00fczeltmesiKar\u0131n germe ameliyat\u0131,Y\u00fcz germe (facelift),Uyluk germe, vb. Estetik cerrahi, g\u00fczellik klinikleri ve maliyetler hakk\u0131nda daha fazla bilgiye buradan ula\u015fabilirsiniz. T\u00fcrkiye&#8217;ye, sa\u00e7 restorasyonu, di\u015f tedavisi, g\u00f6z bak\u0131m\u0131 ve k\u0131s\u0131rl\u0131k tedavileri de dahil olmak \u00fczere g\u00fczellik uygulamalar\u0131 i\u00e7in sa\u011fl\u0131k gezileri d\u00fczenliyoruz. T\u00fcrkiye&#8217;de sa\u00e7lar\u0131n\u0131z\u0131 yeniden kazan\u0131n ve tekrar g\u00fc\u00e7lendirin. SA\u00c7 HAKKINDA S\u00d6YLENMELER Sa\u00e7 d\u00f6k\u00fclmesi sorunu mu ya\u015f\u0131yorsunuz? Y\u00fcksek kaliteli bir tedavi istiyor ancak \u00e7ok para harcamak istemiyorsan\u0131z, MedicalTravel tam size g\u00f6re. Sa\u00e7 ekiminiz, T\u00fcrkiye&#8217;nin en iyi sa\u00e7 kliniklerinde \u0130stanbul, Antalya veya \u0130zmir&#8217;de uygun fiyatlarla ger\u00e7ekle\u015ftirilecektir. FUE gibi tedaviler, sa\u00e7 ekimi merkezleri ve fiyatlar hakk\u0131nda bilgilere buradan ula\u015fabilirsiniz. Di\u015f implantlar\u0131, di\u015f d\u00fczeltmeleri, di\u015f kronlar\u0131, di\u015f k\u00f6pr\u00fcleri K\u00fc\u00e7\u00fck ya da b\u00fcy\u00fck \u00e7apl\u0131 di\u015f onar\u0131mlar\u0131na m\u0131 ihtiyac\u0131n\u0131z var, yoksa nihayet yeniden g\u00fczelce g\u00fcl\u00fcmseyebilmeyi mi istiyorsunuz? T\u00fcrkiye&#8217;de y\u00fcksek kaliteli di\u015f tedavileri (\u00f6rne\u011fin, di\u015f implantlar\u0131) uygun fiyatlarla sunulmaktad\u0131r ve %70&#8217;e varan tasarruf imkan\u0131 bulunmaktad\u0131r! \u0130svi\u00e7re&#8217;de ameliyat \u00f6ncesi ve sonras\u0131 kontroller, Z\u00fcrih&#8217;teki ortak klinik arac\u0131l\u0131\u011f\u0131yla da m\u00fcmk\u00fcnd\u00fcr. T\u00fcrkiye&#8217;nin g\u00fczel \u015fehirlerinde (\u0130stanbul, Antalya, Ku\u015fadas\u0131, Bodrum, Kapadokya) tatilinizin tad\u0131n\u0131 \u00e7\u0131karmak, \u00e7ok can yak\u0131c\u0131 di\u015f faturalar\u0131yla u\u011fra\u015fmaktan daha iyidir. Deneyimli di\u015f hekimlerinin g\u00f6rev yapt\u0131\u011f\u0131 di\u015f kliniklerinde Almanca konu\u015fan destek hizmeti sunulmaktad\u0131r. T\u00fcm seyahatiniz taraf\u0131m\u0131zdan \u00f6zenle organize edilecektir. Daha fazla bilgiye buradan ula\u015fabilirsiniz. Kaliteli di\u015f tedavisi art\u0131k servet de\u011ferinde de\u011fil. T\u00fcrkiye&#8217;de Lazer G\u00f6z Ameliyat\u0131: Uygun Fiyatlarla En Y\u00fcksek Kalite T\u00dcRK\u0130YE&#8217;DE LASIK G\u00d6Z LAZER AMEL\u0130YATI MedicalTravel, T\u00fcrkiye&#8217;nin \u0130stanbul, \u0130zmir, Antalya ve Kayseri \u015fehirlerindeki en iyi g\u00f6z kliniklerinde lazer g\u00f6z ameliyat\u0131 ve lens ameliyat\u0131n\u0131z\u0131 organize eder. T\u00fcrkiye, art\u0131k LASIK operasyonlar\u0131 i\u00e7in a\u00e7\u0131k ara bir numaral\u0131 destinasyon haline gelmi\u015ftir. G\u00f6z tedavinizin yan\u0131 s\u0131ra, g\u00f6zl\u00fck ya da lens kullanmadan, T\u00fcrkiye&#8217;nin g\u00fczel \u015fehirlerini yeni g\u00f6zlerle ke\u015ffetmenin keyfini \u00e7\u0131karabilirsiniz. Sizin iste\u011finizi ger\u00e7e\u011fe d\u00f6n\u00fc\u015ft\u00fcr\u00fcyor ve sizi d\u00fcnya \u00e7ap\u0131nda tan\u0131nan g\u00f6z lazer kliniklerinde y\u00fcksek kaliteli bir g\u00f6z lazeri operasyonuna kavu\u015fturuyoruz. T\u00fcrkiye&#8217;deki LASIK ve g\u00f6z lazeri operasyonlar\u0131, en son teknoloji, hijyen ve kaliteyi g\u00f6z ard\u0131 etmeden uygun fiyatlarla g\u00fcvenli bir \u015fekilde yap\u0131lmaktad\u0131r. Daha fazla bilgiye burada ula\u015fabilirsiniz. T\u00fcp Bebek K\u0131s\u0131rl\u0131k Tedavileri Evlisiniz ve bir aile kurmak istiyorsunuz, ancak \u00e7ocuk sahibi olma konusunda maalesef zorluk ya\u015f\u0131yor musunuz? T\u00fcrkiye, IVF veya ICSI y\u00f6ntemleriyle birinci s\u0131n\u0131f \u00e7ocuk sahibi olma tedavileri sunmakta ve \u00e7ok y\u00fcksek ba\u015far\u0131 oranlar\u0131na sahiptir. Ayr\u0131ca, T\u00fcrkiye&#8217;nin yasalar\u0131, t\u00fcp bebek tedavisi konusunda daha fazla deneme yapma imk\u00e2n\u0131 da sunmaktad\u0131r. \u0130stanbul ve Antalya&#8217;daki son derece deneyimli t\u00fcp bebek merkezlerimizin uzmanl\u0131\u011f\u0131ndan yararlan\u0131n. Daha fazla bilgiye buradan ula\u015fabilirsiniz. Sizinle ileti\u015fime ge\u00e7meyi d\u00f6rt g\u00f6zle bekliyoruz. E-posta g\u00f6nderin veya 033 534 57 65 numaral\u0131 telefonu aray\u0131n. WhatsApp \u00fczerinden 078 737 35 41. T\u00fcrkiye&#8217;de \u00e7ocuk sahibi olma iste\u011finizi ger\u00e7ekle\u015ftirin.<\/p>\n","protected":false},"author":4,"featured_media":0,"parent":0,"menu_order":0,"comment_status":"closed","ping_status":"closed","template":"elementor_canvas","meta":{"_joinchat":[],"footnotes":""},"class_list":["post-5244","page","type-page","status-publish","hentry"],"acf":[],"_links":{"self":[{"href":"https:\/\/medicaltravel.ch\/tr\/wp-json\/wp\/v2\/pages\/5244","targetHints":{"allow":["GET"]}}],"collection":[{"href":"https:\/\/medicaltravel.ch\/tr\/wp-json\/wp\/v2\/pages"}],"about":[{"href":"https:\/\/medicaltravel.ch\/tr\/wp-json\/wp\/v2\/types\/page"}],"author":[{"embeddable":true,"href":"https:\/\/medicaltravel.ch\/tr\/wp-json\/wp\/v2\/users\/4"}],"replies":[{"embeddable":true,"href":"https:\/\/medicaltravel.ch\/tr\/wp-json\/wp\/v2\/comments?post=5244"}],"version-history":[{"count":0,"href":"https:\/\/medicaltravel.ch\/tr\/wp-json\/wp\/v2\/pages\/5244\/revisions"}],"wp:attachment":[{"href":"https:\/\/medicaltravel.ch\/tr\/wp-json\/wp\/v2\/media?parent=5244"}],"curies":[{"name":"wp","href":"https:\/\/api.w.org\/{rel}","templated":true}]}}