{"id":5248,"date":"2025-09-17T12:11:29","date_gmt":"2025-09-17T11:11:29","guid":{"rendered":"https:\/\/medicaltravel.ch\/tuerkiyedeki-tedaviler-icin-taksitle-oedeme-imkani-sunulmaktadir\/"},"modified":"2026-01-04T00:37:52","modified_gmt":"2026-01-03T23:37:52","slug":"tuerkiyedeki-tedaviler-icin-taksitle-oedeme-imkani-sunulmaktadir","status":"publish","type":"page","link":"https:\/\/medicaltravel.ch\/tr\/tuerkiyedeki-tedaviler-icin-taksitle-oedeme-imkani-sunulmaktadir\/","title":{"rendered":"T\u00fcrkiye&#8217;deki tedaviler i\u00e7in taksitle \u00f6deme imk\u00e2n\u0131 sunulmaktad\u0131r."},"content":{"rendered":"\t\t<div data-elementor-type=\"wp-page\" data-elementor-id=\"5248\" class=\"elementor elementor-5248 elementor-223\" data-elementor-post-type=\"page\">\n\t\t\t\t<div class=\"elementor-element elementor-element-5a7b2155 e-flex e-con-boxed wpr-particle-no wpr-jarallax-no wpr-parallax-no wpr-sticky-section-no e-con e-parent\" data-id=\"5a7b2155\" data-element_type=\"container\" data-e-type=\"container\">\n\t\t\t\t\t<div class=\"e-con-inner\">\n\t\t\t\t<div class=\"elementor-element elementor-element-72bb346a elementor-widget elementor-widget-text-editor\" data-id=\"72bb346a\" data-element_type=\"widget\" data-e-type=\"widget\" data-widget_type=\"text-editor.default\">\n\t\t\t\t\t\t\t\t\t\n<h2 class=\"wp-block-heading\">Tedaviniz i\u00e7in taksitle \u00f6deme imk\u00e2n\u0131 mevcuttur.<\/h2>\n\n<p>Hayalinizdeki tedaviyi yapt\u0131rmak istiyorsunuz, ancak maddi yetersizlik mi engel oluyor?<\/p>\n\n<p>Art\u0131k beklemenize gerek yok. MedicalTravel, <a href=\"https:\/\/crowd4cash.ch\/registration?ref=7244-EP\" target=\"_blank\" rel=\"noreferrer noopener nofollow\">Crowd4cash <\/a>ile i\u015fbirli\u011fi yaparak, hayalinizdeki tedavileri taksitle \u00f6deme imk\u00e2n\u0131 ile finansman\u0131n\u0131z\u0131 sa\u011fl\u0131yor. <\/p>\n\n<p><a href=\"https:\/\/crowd4cash.ch\/registration?ref=7244-EP\" target=\"_blank\" rel=\"noreferrer noopener nofollow\">Crowd4cash<\/a>, \u0130svi\u00e7re genelinde taksitle \u00f6deme konusunda lider sa\u011flay\u0131c\u0131d\u0131r.<\/p>\n\n<p><strong>Taksitli \u00f6deme i\u00e7in nas\u0131l ba\u015fvuru yapabilirim?<\/strong><\/p>\n\n<p>Online ba\u015fvuruyu Crowd4Cash \u00fczerinden <a href=\"https:\/\/crowd4cash.ch\/registration?ref=7244-EP\" target=\"_blank\" rel=\"noreferrer noopener nofollow\">burada <\/a>( &#8220;Kredi al\u0131c\u0131&#8221; k\u0131sm\u0131) doldurun. Firma sizden a\u015fa\u011f\u0131daki belgeleri mutlaka talep edecektir:<br>\u2013 Kimlik kart\u0131n\u0131z\u0131n veya pasaportunuzun fotokopisi\/ taramas\u0131<br>\u2013 Son \u00fc\u00e7 maa\u015f bordronuz <\/p>\n\n<p>2.000 \u0130svi\u00e7re Frang\u0131&#8217;ndan itibaren taksitli \u00f6deme m\u00fcmk\u00fcnd\u00fcr.<\/p>\n\n<p>2. Krediniz onaylan\u0131p fonland\u0131ktan sonra, taksit \u00f6demelerine ili\u015fkin fatura ve s\u00f6zle\u015fme imzalaman\u0131z i\u00e7in e-posta ile size g\u00f6nderilecektir.<\/p>\n\n<p>3. \u0130mzalad\u0131\u011f\u0131n\u0131z s\u00f6zle\u015fmeyi Crowd4Cash&#8217;e y\u00fckleyin.<\/p>\n\n<p>Art\u0131k T\u00fcrkiye seyahatinizi g\u00fcvenle rezerve edebilirsiniz. \u00d6deme do\u011frudan MedicalTravel&#8217;a yap\u0131l\u0131r. Ba\u015fka hi\u00e7bir \u015fey i\u00e7in endi\u015felenmenize gerek yok; gerisini biz halledece\u011fiz.  <\/p>\n\n<p>Taksitli \u00d6deme \u0130\u00e7in Minimum Kriterler<br>\u2022 \u0130svi\u00e7re vatanda\u015f\u0131, C veya B vizesi (\u0130svi\u00e7re&#8217;de en az 3 y\u0131l ikamet etmi\u015f olmak)<br>\u2022 Daimi i\u015f s\u00f6zle\u015fmesi<br>\u2022 20-65 ya\u015f aras\u0131<br>\u2022 Ayl\u0131k net gelir en az 4.000 CHF<br>\u2022 \u0130yi kredi notu (son \u00fc\u00e7 y\u0131lda tahsilat davas\u0131 a\u00e7\u0131lmam\u0131\u015f olmas\u0131)<\/p>\n\n<p>Maliyetler<br>\u0130\u015fte size maliyetler hakk\u0131nda fikir vermek i\u00e7in bir \u00f6rnek. Bu \u00f6rnek taksit plan\u0131 i\u00e7in taksitler ve maliyetler (m\u00fckemmel kredi notuyla) 2.000 CHF&#8217;dir: <\/p>\n\n<p>\u2022 3 ayl\u0131k taksitle: Ayl\u0131k \u00f6deme 673,34 CHF (Toplam maliyet: 30,95 CHF)<br>\u2022 12 ayl\u0131k taksitle: Ayl\u0131k \u00f6deme 170,21 CHF (Toplam maliyet: 56,50 CHF)<br>\u2022 24 ayl\u0131k taksitle: Ayl\u0131k \u00f6deme 86,93 CHF (Toplam maliyet: 114,53 CHF)<\/p>\n\n<p>Bor\u00e7 verenin a\u015f\u0131r\u0131 bor\u00e7lanmas\u0131na yol a\u00e7mas\u0131 halinde bor\u00e7 verme yasakt\u0131r (Madde 3 UWG).<\/p>\n\n<p>\u00d6demelerinizi 48 aya kadar taksitler halinde yapabilirsiniz.<\/p>\n\n<p><a href=\"https:\/\/crowd4cash.ch\/registration?ref=7244-EP\" rel=\"nofollow noopener\" target=\"_blank\">Crowd4Cash Hakk\u0131nda<\/a><br>Crowd4Cash, Crowdlending temelli kredi veren ba\u011f\u0131ms\u0131z bir finansal kurulu\u015ftur. \u00d6zel yat\u0131r\u0131mc\u0131lar ile kredi al\u0131c\u0131lar\u0131 aras\u0131ndaki do\u011frudan ba\u011flant\u0131 sayesinde, Crowd4Cash geleneksel sa\u011flay\u0131c\u0131lara g\u00f6re daha uygun ko\u015fullar sunmaktad\u0131r. Kredi ba\u015fvurusu tamamen dijitaldir ve kredi karar\u0131 24 saat i\u00e7inde verilir. Crowd4Cash, Zug Kantonu&#8217;ndan kredi veren lisans\u0131na sahiptir. Bu nedenle, kredi s\u00f6zle\u015fmeniz genellikle do\u011frudan Crowd4Cash ile yap\u0131l\u0131r. Ancak, do\u011frudan kredi verilmesi i\u00e7in gerekli \u015fartlar sa\u011flanmazsa, Crowd4Cash krediyi ba\u015fka bir kurulu\u015fa aktarabilir.     <\/p>\n\n<p>\u00d6NEML\u0130 B\u0130LG\u0130: MedicalTravel, ba\u015fvuru s\u00fcrecinin durumu hakk\u0131nda bilgilendirilecektir. B\u00f6ylece bilgi ak\u0131\u015f\u0131 her zaman sa\u011flan\u0131r ve seyahatiniz daha iyi planlanabilir. L\u00fctfen unutmay\u0131n, kredi s\u00f6zle\u015fmesi yaln\u0131zca siz ve Crowd4Cash aras\u0131nda yap\u0131l\u0131r. MedicalTravel yaln\u0131zca teklifi duyurur ve herhangi bir sorumluluk kabul etmez. Kaydoldu\u011funuzda, bu prosed\u00fcr\u00fc kabul etmi\u015f olursunuz.    <\/p>\n\n<p>H\u00e2l\u00e2 sorular\u0131n\u0131z m\u0131 var? <a href=\"https:\/\/www.medicaltravel.ch\/kontakt\/\">Buradan <\/a>bizimle ileti\u015fime ge\u00e7in.  Size yard\u0131mc\u0131 olmaktan mutluluk duyar\u0131z. Sayg\u0131lar\u0131m\u0131zla, MedicalTravel Ekibiniz<\/p>\n\n<p> <\/p>\n\n<p id=\"caption-attachment-7635\">Taksitli \u00f6deme imkan\u0131 sunuyoruz!<\/p>\n\t\t\t\t\t\t\t\t<\/div>\n\t\t\t\t\t<\/div>\n\t\t\t\t<\/div>\n\t\t\t\t<\/div>\n\t\t","protected":false},"excerpt":{"rendered":"<p>Tedaviniz i\u00e7in taksitle \u00f6deme imk\u00e2n\u0131 mevcuttur. Hayalinizdeki tedaviyi yapt\u0131rmak istiyorsunuz, ancak maddi yetersizlik mi engel oluyor? Art\u0131k beklemenize gerek yok. MedicalTravel, Crowd4cash ile i\u015fbirli\u011fi yaparak, hayalinizdeki tedavileri taksitle \u00f6deme imk\u00e2n\u0131 ile finansman\u0131n\u0131z\u0131 sa\u011fl\u0131yor. Crowd4cash, \u0130svi\u00e7re genelinde taksitle \u00f6deme konusunda lider sa\u011flay\u0131c\u0131d\u0131r. Taksitli \u00f6deme i\u00e7in nas\u0131l ba\u015fvuru yapabilirim? Online ba\u015fvuruyu Crowd4Cash \u00fczerinden burada ( &#8220;Kredi al\u0131c\u0131&#8221; k\u0131sm\u0131) doldurun. Firma sizden a\u015fa\u011f\u0131daki belgeleri mutlaka talep edecektir:\u2013 Kimlik kart\u0131n\u0131z\u0131n veya pasaportunuzun fotokopisi\/ taramas\u0131\u2013 Son \u00fc\u00e7 maa\u015f bordronuz 2.000 \u0130svi\u00e7re Frang\u0131&#8217;ndan itibaren taksitli \u00f6deme m\u00fcmk\u00fcnd\u00fcr. 2. Krediniz onaylan\u0131p fonland\u0131ktan sonra, taksit \u00f6demelerine ili\u015fkin fatura ve s\u00f6zle\u015fme imzalaman\u0131z i\u00e7in e-posta ile size g\u00f6nderilecektir. 3. \u0130mzalad\u0131\u011f\u0131n\u0131z s\u00f6zle\u015fmeyi Crowd4Cash&#8217;e y\u00fckleyin. Art\u0131k T\u00fcrkiye seyahatinizi g\u00fcvenle rezerve edebilirsiniz. \u00d6deme do\u011frudan MedicalTravel&#8217;a yap\u0131l\u0131r. Ba\u015fka hi\u00e7bir \u015fey i\u00e7in endi\u015felenmenize gerek yok; gerisini biz halledece\u011fiz. Taksitli \u00d6deme \u0130\u00e7in Minimum Kriterler\u2022 \u0130svi\u00e7re vatanda\u015f\u0131, C veya B vizesi (\u0130svi\u00e7re&#8217;de en az 3 y\u0131l ikamet etmi\u015f olmak)\u2022 Daimi i\u015f s\u00f6zle\u015fmesi\u2022 20-65 ya\u015f aras\u0131\u2022 Ayl\u0131k net gelir en az 4.000 CHF\u2022 \u0130yi kredi notu (son \u00fc\u00e7 y\u0131lda tahsilat davas\u0131 a\u00e7\u0131lmam\u0131\u015f olmas\u0131) Maliyetler\u0130\u015fte size maliyetler hakk\u0131nda fikir vermek i\u00e7in bir \u00f6rnek. Bu \u00f6rnek taksit plan\u0131 i\u00e7in taksitler ve maliyetler (m\u00fckemmel kredi notuyla) 2.000 CHF&#8217;dir: \u2022 3 ayl\u0131k taksitle: Ayl\u0131k \u00f6deme 673,34 CHF (Toplam maliyet: 30,95 CHF)\u2022 12 ayl\u0131k taksitle: Ayl\u0131k \u00f6deme 170,21 CHF (Toplam maliyet: 56,50 CHF)\u2022 24 ayl\u0131k taksitle: Ayl\u0131k \u00f6deme 86,93 CHF (Toplam maliyet: 114,53 CHF) Bor\u00e7 verenin a\u015f\u0131r\u0131 bor\u00e7lanmas\u0131na yol a\u00e7mas\u0131 halinde bor\u00e7 verme yasakt\u0131r (Madde 3 UWG). \u00d6demelerinizi 48 aya kadar taksitler halinde yapabilirsiniz. Crowd4Cash Hakk\u0131ndaCrowd4Cash, Crowdlending temelli kredi veren ba\u011f\u0131ms\u0131z bir finansal kurulu\u015ftur. \u00d6zel yat\u0131r\u0131mc\u0131lar ile kredi al\u0131c\u0131lar\u0131 aras\u0131ndaki do\u011frudan ba\u011flant\u0131 sayesinde, Crowd4Cash geleneksel sa\u011flay\u0131c\u0131lara g\u00f6re daha uygun ko\u015fullar sunmaktad\u0131r. Kredi ba\u015fvurusu tamamen dijitaldir ve kredi karar\u0131 24 saat i\u00e7inde verilir. Crowd4Cash, Zug Kantonu&#8217;ndan kredi veren lisans\u0131na sahiptir. Bu nedenle, kredi s\u00f6zle\u015fmeniz genellikle do\u011frudan Crowd4Cash ile yap\u0131l\u0131r. Ancak, do\u011frudan kredi verilmesi i\u00e7in gerekli \u015fartlar sa\u011flanmazsa, Crowd4Cash krediyi ba\u015fka bir kurulu\u015fa aktarabilir. \u00d6NEML\u0130 B\u0130LG\u0130: MedicalTravel, ba\u015fvuru s\u00fcrecinin durumu hakk\u0131nda bilgilendirilecektir. B\u00f6ylece bilgi ak\u0131\u015f\u0131 her zaman sa\u011flan\u0131r ve seyahatiniz daha iyi planlanabilir. L\u00fctfen unutmay\u0131n, kredi s\u00f6zle\u015fmesi yaln\u0131zca siz ve Crowd4Cash aras\u0131nda yap\u0131l\u0131r. MedicalTravel yaln\u0131zca teklifi duyurur ve herhangi bir sorumluluk kabul etmez. Kaydoldu\u011funuzda, bu prosed\u00fcr\u00fc kabul etmi\u015f olursunuz. H\u00e2l\u00e2 sorular\u0131n\u0131z m\u0131 var? Buradan bizimle ileti\u015fime ge\u00e7in. Size yard\u0131mc\u0131 olmaktan mutluluk duyar\u0131z. Sayg\u0131lar\u0131m\u0131zla, MedicalTravel Ekibiniz Taksitli \u00f6deme imkan\u0131 sunuyoruz!<\/p>\n","protected":false},"author":4,"featured_media":0,"parent":0,"menu_order":0,"comment_status":"closed","ping_status":"closed","template":"","meta":{"_joinchat":[],"footnotes":""},"class_list":["post-5248","page","type-page","status-publish","hentry"],"acf":[],"_links":{"self":[{"href":"https:\/\/medicaltravel.ch\/tr\/wp-json\/wp\/v2\/pages\/5248","targetHints":{"allow":["GET"]}}],"collection":[{"href":"https:\/\/medicaltravel.ch\/tr\/wp-json\/wp\/v2\/pages"}],"about":[{"href":"https:\/\/medicaltravel.ch\/tr\/wp-json\/wp\/v2\/types\/page"}],"author":[{"embeddable":true,"href":"https:\/\/medicaltravel.ch\/tr\/wp-json\/wp\/v2\/users\/4"}],"replies":[{"embeddable":true,"href":"https:\/\/medicaltravel.ch\/tr\/wp-json\/wp\/v2\/comments?post=5248"}],"version-history":[{"count":3,"href":"https:\/\/medicaltravel.ch\/tr\/wp-json\/wp\/v2\/pages\/5248\/revisions"}],"predecessor-version":[{"id":5251,"href":"https:\/\/medicaltravel.ch\/tr\/wp-json\/wp\/v2\/pages\/5248\/revisions\/5251"}],"wp:attachment":[{"href":"https:\/\/medicaltravel.ch\/tr\/wp-json\/wp\/v2\/media?parent=5248"}],"curies":[{"name":"wp","href":"https:\/\/api.w.org\/{rel}","templated":true}]}}