{"id":5256,"date":"2025-09-17T09:48:02","date_gmt":"2025-09-17T08:48:02","guid":{"rendered":"https:\/\/medicaltravel.ch\/cocuk-sahibi-olma-istegi\/hastaneler\/antalyada-cocuk-sahibi-olma-istegi\/"},"modified":"2026-01-04T14:01:57","modified_gmt":"2026-01-04T13:01:57","slug":"antalyada-cocuk-sahibi-olma-istegi","status":"publish","type":"page","link":"https:\/\/medicaltravel.ch\/tr\/cocuk-sahibi-olma-istegi\/hastaneler\/antalyada-cocuk-sahibi-olma-istegi\/","title":{"rendered":"Antalya&#8217;da \u00e7ocuk sahibi olma iste\u011fi"},"content":{"rendered":"\t\t<div data-elementor-type=\"wp-page\" data-elementor-id=\"5256\" class=\"elementor elementor-5256 elementor-155\" data-elementor-post-type=\"page\">\n\t\t\t\t<div class=\"elementor-element elementor-element-5746547c e-flex e-con-boxed wpr-particle-no wpr-jarallax-no wpr-parallax-no wpr-sticky-section-no wpr-equal-height-no e-con e-parent\" data-id=\"5746547c\" data-element_type=\"container\" data-e-type=\"container\">\n\t\t\t\t\t<div class=\"e-con-inner\">\n\t\t<div class=\"elementor-element elementor-element-aed49a9 e-con-full e-flex wpr-particle-no wpr-jarallax-no wpr-parallax-no wpr-sticky-section-no wpr-equal-height-no e-con e-child\" data-id=\"aed49a9\" data-element_type=\"container\" data-e-type=\"container\">\n\t\t\t\t<div class=\"elementor-element elementor-element-2dbbdcc elementor-widget elementor-widget-button\" data-id=\"2dbbdcc\" data-element_type=\"widget\" data-e-type=\"widget\" data-widget_type=\"button.default\">\n\t\t\t\t\t\t\t\t\t\t<a class=\"elementor-button elementor-button-link elementor-size-sm\" href=\"https:\/\/medicaltravel.ch\/kinderwunsch\/die-spitaler\/kinderwunsch-in-istanbul\/\">\n\t\t\t\t\t\t<span class=\"elementor-button-content-wrapper\">\n\t\t\t\t\t\t\t\t\t<span class=\"elementor-button-text\">\u0130stanbul'da \u00e7ocuk sahibi olma iste\u011fi<\/span>\n\t\t\t\t\t<\/span>\n\t\t\t\t\t<\/a>\n\t\t\t\t\t\t\t\t<\/div>\n\t\t\t\t<div class=\"elementor-element elementor-element-5170dda elementor-widget elementor-widget-button\" data-id=\"5170dda\" data-element_type=\"widget\" data-e-type=\"widget\" data-widget_type=\"button.default\">\n\t\t\t\t\t\t\t\t\t\t<a class=\"elementor-button elementor-button-link elementor-size-sm\" href=\"https:\/\/medicaltravel.ch\/kinderwunsch\/die-spitaler\/prof_dr_arikan\/\">\n\t\t\t\t\t\t<span class=\"elementor-button-content-wrapper\">\n\t\t\t\t\t\t\t\t\t<span class=\"elementor-button-text\">Prof. Dr. G\u00fcrkan Arikan<\/span>\n\t\t\t\t\t<\/span>\n\t\t\t\t\t<\/a>\n\t\t\t\t\t\t\t\t<\/div>\n\t\t\t\t<div class=\"elementor-element elementor-element-b300d79 elementor-widget elementor-widget-button\" data-id=\"b300d79\" data-element_type=\"widget\" data-e-type=\"widget\" data-widget_type=\"button.default\">\n\t\t\t\t\t\t\t\t\t\t<a class=\"elementor-button elementor-button-link elementor-size-sm\" href=\"https:\/\/medicaltravel.ch\/tr\/cocuk-sahibi-olma-istegi\/hastaneler\/antalyada-cocuk-sahibi-olma-istegi\/\">\n\t\t\t\t\t\t<span class=\"elementor-button-content-wrapper\">\n\t\t\t\t\t\t\t\t\t<span class=\"elementor-button-text\">Antalya'da \u00e7ocuk sahibi olma iste\u011fi<\/span>\n\t\t\t\t\t<\/span>\n\t\t\t\t\t<\/a>\n\t\t\t\t\t\t\t\t<\/div>\n\t\t\t\t<\/div>\n\t\t\t\t<div class=\"elementor-element elementor-element-4d2e1dc0 elementor-widget elementor-widget-text-editor\" data-id=\"4d2e1dc0\" data-element_type=\"widget\" data-e-type=\"widget\" data-widget_type=\"text-editor.default\">\n\t\t\t\t\t\t\t\t\t\n<h2 class=\"wp-block-heading\">IVF Tedavisi Memorial Antalya Hastanesi&#8217;nde<\/h2>\n\n<p><a href=\"http:\/\/en.wikipedia.org\/wiki\/Memorial_Health_Group\" target=\"_blank\" rel=\"noreferrer noopener nofollow\">Memorial Hastanesi<\/a>, Antalya&#8217;da en yeni cihazlar ve teknolojilerle donat\u0131lm\u0131\u015ft\u0131r. T\u00fcrkiye&#8217;nin en sayg\u0131n \u00f6zel hastanelerinden biridir. Memorial hastane grubu, her y\u0131l b\u00fcy\u00fcmeye ve geli\u015fmeye devam etmektedir. Avrupa Birli\u011fi hijyen standartlar\u0131n\u0131n \u00e7ok \u00f6tesinde bir temizlik ve hijyen seviyesi sunulmaktad\u0131r. Ayr\u0131ca, burada \u00e7ok deneyimli uzman doktorlar ve cerrahlar taraf\u0131ndan tedavi edilirsiniz.   <\/p>\n\n<p>Antalya&#8217;da sa\u011fl\u0131k sekt\u00f6r\u00fcnde, \u00e7evresindeki y\u00fcksek sosyetenin de tercih etti\u011fi ilk adres buras\u0131d\u0131r&#8230;<\/p>\n\n<p>Memorial, uluslararas\u0131 alanda e\u011fitim alm\u0131\u015f doktorlara sahip olup, t\u00fcm uzmanl\u0131k alanlar\u0131nda oldu\u011fu gibi estetik operasyonlar konusunda da deneyime sahiptir. Ayr\u0131ca, bilimsel ve teknolojik geli\u015fmeleri s\u00fcrekli olarak iyile\u015ftirerek hizmet sunmaktad\u0131r.<\/p>\n\n<figure class=\"wp-block-image size-full\"><img decoding=\"async\" width=\"200\" height=\"134\" class=\"wp-image-524\" src=\"https:\/\/medicaltravel.ch\/wp-content\/uploads\/2025\/09\/Das-moderne-Spital-Memorial.jpg\" alt=\"\"><\/figure>\n\n<p id=\"caption-attachment-1135\">Modern An\u0131t Hastanesi<\/p>\n\n<p><strong>Antalya&#8217;da k\u0131s\u0131rl\u0131k tedavisi i\u00e7in neden Memorial Hastanesi&#8217;ni tercih etmelisiniz?<\/strong><\/p>\n\n<p>Hastane:<\/p>\n\n<ul class=\"wp-block-list\">\n<li>&#8220;Joint Commission International taraf\u0131ndan akredite edilmi\u015ftir.&#8221;<\/li>\n\n<li>Amerikan Hastaneler Birli\u011fi&#8217;nin (AHA) bir \u00fcyesidir.<\/li>\n\n<li>\u00dclkenin ilk kol naklini ba\u015far\u0131yla ger\u00e7ekle\u015ftiren estetik cerrah taraf\u0131ndan i\u015fe al\u0131nd\u0131.<\/li>\n\n<li>T\u00fcrkiye&#8217;de bir\u00e7ok t\u0131p merkezi bulunmaktad\u0131r.<\/li>\n\n<li>7\/24 hizmet sunmaktad\u0131r.<\/li>\n\n<li>\u00d6zellikle k\u0131s\u0131rl\u0131k tedavileri, estetik uygulamalar ve sa\u00e7 ekimi alanlar\u0131ndaki hizmetleriyle tan\u0131nmaktad\u0131r.<\/li>\n\n<li>Almanca, Frans\u0131zca ve \u0130ngilizce dahil olmak \u00fczere bir\u00e7ok dilde destek mevcuttur.<\/li>\n<\/ul>\n\n<p>Hastanenin geni\u015f hizmet yelpazesi, hastalara \u00e7e\u015fitli tedavi se\u00e7enekleri sunmaktad\u0131r. Sunulan cerrahi i\u015flemlerdeki kapsaml\u0131 deneyimiyle hastane, y\u00fcksek standartlar\u0131 temsil etmekte ve en kaliteli hizmetleri sa\u011flamaktad\u0131r. <\/p>\n\n<p>\u00c7ocuk sahibi olma arzunuz s\u00f6z konusu oldu\u011funda, her \u015feyin kusursuz olmas\u0131 gerekir. Doktorlar, iyi ve kal\u0131c\u0131 sonu\u00e7lar elde etmede \u00e7ok \u00f6nemli bir rol oynarlar. K\u0131s\u0131rl\u0131k tedavileri yaln\u0131zca son derece deneyimli hekimler taraf\u0131ndan ger\u00e7ekle\u015ftirilir. <\/p>\n\n<figure class=\"wp-block-image size-full\"><img fetchpriority=\"high\" decoding=\"async\" width=\"300\" height=\"200\" class=\"wp-image-525\" src=\"https:\/\/medicaltravel.ch\/wp-content\/uploads\/2025\/09\/Ihre-IVF-behandlung-im-Memorial-Antalya-300x200-1.jpg\" alt=\"\"><\/figure>\n\t\t\t\t\t\t\t\t<\/div>\n\t\t\t\t\t<\/div>\n\t\t\t\t<\/div>\n\t\t\t\t<\/div>\n\t\t","protected":false},"excerpt":{"rendered":"<p>\u0130stanbul&#8217;da \u00e7ocuk sahibi olma iste\u011fi Prof. Dr. G\u00fcrkan Arikan Antalya&#8217;da \u00e7ocuk sahibi olma iste\u011fi IVF Tedavisi Memorial Antalya Hastanesi&#8217;nde Memorial Hastanesi, Antalya&#8217;da en yeni cihazlar ve teknolojilerle donat\u0131lm\u0131\u015ft\u0131r. T\u00fcrkiye&#8217;nin en sayg\u0131n \u00f6zel hastanelerinden biridir. Memorial hastane grubu, her y\u0131l b\u00fcy\u00fcmeye ve geli\u015fmeye devam etmektedir. Avrupa Birli\u011fi hijyen standartlar\u0131n\u0131n \u00e7ok \u00f6tesinde bir temizlik ve hijyen seviyesi sunulmaktad\u0131r. Ayr\u0131ca, burada \u00e7ok deneyimli uzman doktorlar ve cerrahlar taraf\u0131ndan tedavi edilirsiniz. Antalya&#8217;da sa\u011fl\u0131k sekt\u00f6r\u00fcnde, \u00e7evresindeki y\u00fcksek sosyetenin de tercih etti\u011fi ilk adres buras\u0131d\u0131r&#8230; Memorial, uluslararas\u0131 alanda e\u011fitim alm\u0131\u015f doktorlara sahip olup, t\u00fcm uzmanl\u0131k alanlar\u0131nda oldu\u011fu gibi estetik operasyonlar konusunda da deneyime sahiptir. Ayr\u0131ca, bilimsel ve teknolojik geli\u015fmeleri s\u00fcrekli olarak iyile\u015ftirerek hizmet sunmaktad\u0131r. Modern An\u0131t Hastanesi Antalya&#8217;da k\u0131s\u0131rl\u0131k tedavisi i\u00e7in neden Memorial Hastanesi&#8217;ni tercih etmelisiniz? Hastane: &#8220;Joint Commission International taraf\u0131ndan akredite edilmi\u015ftir.&#8221; Amerikan Hastaneler Birli\u011fi&#8217;nin (AHA) bir \u00fcyesidir. \u00dclkenin ilk kol naklini ba\u015far\u0131yla ger\u00e7ekle\u015ftiren estetik cerrah taraf\u0131ndan i\u015fe al\u0131nd\u0131. T\u00fcrkiye&#8217;de bir\u00e7ok t\u0131p merkezi bulunmaktad\u0131r. 7\/24 hizmet sunmaktad\u0131r. \u00d6zellikle k\u0131s\u0131rl\u0131k tedavileri, estetik uygulamalar ve sa\u00e7 ekimi alanlar\u0131ndaki hizmetleriyle tan\u0131nmaktad\u0131r. Almanca, Frans\u0131zca ve \u0130ngilizce dahil olmak \u00fczere bir\u00e7ok dilde destek mevcuttur. Hastanenin geni\u015f hizmet yelpazesi, hastalara \u00e7e\u015fitli tedavi se\u00e7enekleri sunmaktad\u0131r. Sunulan cerrahi i\u015flemlerdeki kapsaml\u0131 deneyimiyle hastane, y\u00fcksek standartlar\u0131 temsil etmekte ve en kaliteli hizmetleri sa\u011flamaktad\u0131r. \u00c7ocuk sahibi olma arzunuz s\u00f6z konusu oldu\u011funda, her \u015feyin kusursuz olmas\u0131 gerekir. Doktorlar, iyi ve kal\u0131c\u0131 sonu\u00e7lar elde etmede \u00e7ok \u00f6nemli bir rol oynarlar. K\u0131s\u0131rl\u0131k tedavileri yaln\u0131zca son derece deneyimli hekimler taraf\u0131ndan ger\u00e7ekle\u015ftirilir.<\/p>\n","protected":false},"author":4,"featured_media":0,"parent":5253,"menu_order":0,"comment_status":"closed","ping_status":"closed","template":"","meta":{"_joinchat":[],"footnotes":""},"class_list":["post-5256","page","type-page","status-publish","hentry"],"acf":[],"_links":{"self":[{"href":"https:\/\/medicaltravel.ch\/tr\/wp-json\/wp\/v2\/pages\/5256","targetHints":{"allow":["GET"]}}],"collection":[{"href":"https:\/\/medicaltravel.ch\/tr\/wp-json\/wp\/v2\/pages"}],"about":[{"href":"https:\/\/medicaltravel.ch\/tr\/wp-json\/wp\/v2\/types\/page"}],"author":[{"embeddable":true,"href":"https:\/\/medicaltravel.ch\/tr\/wp-json\/wp\/v2\/users\/4"}],"replies":[{"embeddable":true,"href":"https:\/\/medicaltravel.ch\/tr\/wp-json\/wp\/v2\/comments?post=5256"}],"version-history":[{"count":0,"href":"https:\/\/medicaltravel.ch\/tr\/wp-json\/wp\/v2\/pages\/5256\/revisions"}],"up":[{"embeddable":true,"href":"https:\/\/medicaltravel.ch\/tr\/wp-json\/wp\/v2\/pages\/5253"}],"wp:attachment":[{"href":"https:\/\/medicaltravel.ch\/tr\/wp-json\/wp\/v2\/media?parent=5256"}],"curies":[{"name":"wp","href":"https:\/\/api.w.org\/{rel}","templated":true}]}}