{"id":5265,"date":"2025-09-17T09:47:25","date_gmt":"2025-09-17T08:47:25","guid":{"rendered":"https:\/\/medicaltravel.ch\/cocuk-sahibi-olma-istegi\/hastaneler\/istanbulda-cocuk-sahibi-olma-istegi\/"},"modified":"2026-01-04T14:06:37","modified_gmt":"2026-01-04T13:06:37","slug":"istanbulda-cocuk-sahibi-olma-istegi","status":"publish","type":"page","link":"https:\/\/medicaltravel.ch\/tr\/cocuk-sahibi-olma-istegi\/hastaneler\/istanbulda-cocuk-sahibi-olma-istegi\/","title":{"rendered":"\u0130stanbul&#8217;da \u00e7ocuk sahibi olma iste\u011fi"},"content":{"rendered":"\t\t<div data-elementor-type=\"wp-page\" data-elementor-id=\"5265\" class=\"elementor elementor-5265 elementor-153\" data-elementor-post-type=\"page\">\n\t\t\t\t<div class=\"elementor-element elementor-element-75c7d1c5 e-flex e-con-boxed wpr-particle-no wpr-jarallax-no wpr-parallax-no wpr-sticky-section-no e-con e-parent\" data-id=\"75c7d1c5\" data-element_type=\"container\" data-e-type=\"container\">\n\t\t\t\t\t<div class=\"e-con-inner\">\n\t\t<div class=\"elementor-element elementor-element-79e8d87 e-con-full e-flex wpr-particle-no wpr-jarallax-no wpr-parallax-no wpr-sticky-section-no e-con e-child\" data-id=\"79e8d87\" data-element_type=\"container\" data-e-type=\"container\">\n\t\t\t\t<div class=\"elementor-element elementor-element-5174562 elementor-widget elementor-widget-button\" data-id=\"5174562\" data-element_type=\"widget\" data-e-type=\"widget\" data-widget_type=\"button.default\">\n\t\t\t\t\t\t\t\t\t\t<a class=\"elementor-button elementor-button-link elementor-size-sm\" href=\"https:\/\/medicaltravel.ch\/tr\/cocuk-sahibi-olma-istegi\/hastaneler\/istanbulda-cocuk-sahibi-olma-istegi\/\">\n\t\t\t\t\t\t<span class=\"elementor-button-content-wrapper\">\n\t\t\t\t\t\t\t\t\t<span class=\"elementor-button-text\">\u0130stanbul'da \u00e7ocuk sahibi olma iste\u011fi<\/span>\n\t\t\t\t\t<\/span>\n\t\t\t\t\t<\/a>\n\t\t\t\t\t\t\t\t<\/div>\n\t\t\t\t<div class=\"elementor-element elementor-element-a296fd1 elementor-widget elementor-widget-button\" data-id=\"a296fd1\" data-element_type=\"widget\" data-e-type=\"widget\" data-widget_type=\"button.default\">\n\t\t\t\t\t\t\t\t\t\t<a class=\"elementor-button elementor-button-link elementor-size-sm\" href=\"https:\/\/medicaltravel.ch\/kinderwunsch\/die-spitaler\/prof_dr_arikan\/\">\n\t\t\t\t\t\t<span class=\"elementor-button-content-wrapper\">\n\t\t\t\t\t\t\t\t\t<span class=\"elementor-button-text\">Prof. Dr. G\u00fcrkan Arikan<\/span>\n\t\t\t\t\t<\/span>\n\t\t\t\t\t<\/a>\n\t\t\t\t\t\t\t\t<\/div>\n\t\t\t\t<div class=\"elementor-element elementor-element-fef8fe1 elementor-widget elementor-widget-button\" data-id=\"fef8fe1\" data-element_type=\"widget\" data-e-type=\"widget\" data-widget_type=\"button.default\">\n\t\t\t\t\t\t\t\t\t\t<a class=\"elementor-button elementor-button-link elementor-size-sm\" href=\"https:\/\/medicaltravel.ch\/tr\/cocuk-sahibi-olma-istegi\/hastaneler\/antalyada-cocuk-sahibi-olma-istegi\/\">\n\t\t\t\t\t\t<span class=\"elementor-button-content-wrapper\">\n\t\t\t\t\t\t\t\t\t<span class=\"elementor-button-text\">Antalya'da \u00e7ocuk sahibi olma iste\u011fi<\/span>\n\t\t\t\t\t<\/span>\n\t\t\t\t\t<\/a>\n\t\t\t\t\t\t\t\t<\/div>\n\t\t\t\t<\/div>\n\t\t\t\t<div class=\"elementor-element elementor-element-5870a7ed elementor-widget elementor-widget-text-editor\" data-id=\"5870a7ed\" data-element_type=\"widget\" data-e-type=\"widget\" data-widget_type=\"text-editor.default\">\n\t\t\t\t\t\t\t\t\t\n<p><g id=\"gid_0\">Ac\u0131badem Hastanesi,<\/g> \u0130stanbul\u2019daki en yeni cihaz ve teknolojiye sahiptir. \u0130stanbul\u2019un en prestijli \u00f6zel hastanelerinden biri olarak kabul edilir ve T\u00fcrkiye\u2019deki ilk 100 \u015firket aras\u0131nda yer al\u0131r. Ayn\u0131 zamanda bir anonim \u015firket olan Ac\u0131badem Sa\u011fl\u0131k Grubu, her y\u0131l b\u00fcy\u00fcy\u00fcp geli\u015fmektedir. AB hijyen standartlar\u0131 fazlas\u0131yla a\u015f\u0131lm\u0131\u015ft\u0131r. Ayr\u0131ca burada \u00e7ok iyi uzman doktorlar ve cerrahlar taraf\u0131ndan tedavi edilirsiniz.    <\/p>\n\n<figure class=\"wp-block-image size-full\"><img fetchpriority=\"high\" decoding=\"async\" width=\"448\" height=\"299\" class=\"wp-image-503\" src=\"https:\/\/medicaltravel.ch\/wp-content\/uploads\/2025\/09\/Das-moderne-Spital-Acibadem.jpg\" alt=\"\" srcset=\"https:\/\/medicaltravel.ch\/wp-content\/uploads\/2025\/09\/Das-moderne-Spital-Acibadem.jpg 448w, https:\/\/medicaltravel.ch\/wp-content\/uploads\/2025\/09\/Das-moderne-Spital-Acibadem-300x200.jpg 300w\" sizes=\"(max-width: 448px) 100vw, 448px\" \/><\/figure>\n\n<p id=\"caption-attachment-1760\">Modern Ac\u0131badem Hastanesi<\/p>\n\n<p>Hastanede 24 farkl\u0131 t\u0131bbi merkez bulunuyor, bunlar\u0131n \u00e7o\u011fu \u0130stanbul\u2019dad\u0131r. Sa\u011fl\u0131k sekt\u00f6r\u00fcnde \u0130stanbul ve T\u00fcrkiye\u2019de ilk tercih edilen adreslerden biridir ve \u0130stanbul ile T\u00fcrkiye\u2019nin \u00fcst s\u0131n\u0131f\u0131 da buray\u0131 tercih eder. T\u00fcrk Milli Futbol Tak\u0131m\u0131 ve Fenerbah\u00e7e, Galatasaray, Be\u015fikta\u015f gibi \u00f6nde gelen kul\u00fcpler de Ac\u0131badem taraf\u0131ndan sa\u011fl\u0131k a\u00e7\u0131s\u0131ndan desteklenmektedir. <\/p>\n\n<figure class=\"wp-block-image size-full\"><img decoding=\"async\" width=\"448\" height=\"298\" class=\"wp-image-504\" src=\"https:\/\/medicaltravel.ch\/wp-content\/uploads\/2025\/09\/Das-Luxuspital-Acibadem.jpg\" alt=\"\" srcset=\"https:\/\/medicaltravel.ch\/wp-content\/uploads\/2025\/09\/Das-Luxuspital-Acibadem.jpg 448w, https:\/\/medicaltravel.ch\/wp-content\/uploads\/2025\/09\/Das-Luxuspital-Acibadem-300x200.jpg 300w\" sizes=\"(max-width: 448px) 100vw, 448px\" \/><\/figure>\n\n<p id=\"caption-attachment-1761\">Ac\u0131badem L\u00fcks Hastanesi<\/p>\n\n<p>Ac\u0131badem Hastanesi, ABD merkezli JCI (<a href=\"http:\/\/www.jointcommissioninternational.org\/\" rel=\"nofollow noopener\" target=\"_blank\">Joint Commission International<\/a>) taraf\u0131ndan sertifikaland\u0131r\u0131lm\u0131\u015ft\u0131r<\/p>\n\n<figure class=\"wp-block-image size-full\"><img decoding=\"async\" width=\"80\" height=\"80\" class=\"wp-image-505\" src=\"https:\/\/medicaltravel.ch\/wp-content\/uploads\/2025\/09\/RTEmagicC_jc_goldseal-1040x1040_converted__1__70-2.jpg-2.jpg\" alt=\"\"><\/figure>\n\n<p>Ac\u0131badem&#8217;de, tamam\u0131 k\u0131s\u0131rl\u0131k tedavisi konusunda uzmanla\u015fm\u0131\u015f ve s\u00fcrekli olarak bilimsel ve teknolojik geli\u015fmeleri takip eden 1.600 y\u00fcksek e\u011fitimli doktor bulunmaktad\u0131r.<\/p>\n\n<p><strong>Ameliyat\u0131n\u0131z i\u00e7in \u0130stanbul Ac\u0131badem Hastanesi&#8217;ni neden tercih etmelisiniz?<\/strong><\/p>\n\n<p>Hastane:<\/p>\n\n<ul class=\"wp-block-list\">\n<li>&#8220;Joint Commission International taraf\u0131ndan akredite edilmi\u015ftir.&#8221;<\/li>\n\n<li>European Foundation for Quality Management (EFQM) \u00fcyesidir<\/li>\n\n<li>T\u00fcrkiye Milli Futbol Tak\u0131m\u0131\u2019n\u0131n medikal sponsorudur<\/li>\n\n<li>1.600\u2019\u00fc doktor olmak \u00fczere toplam 10.500 \u00e7al\u0131\u015fan istihdam etmektedir<\/li>\n\n<li>T\u00fcrkiye&#8217;de 24&#8217;ten fazla farkl\u0131 t\u0131p merkezi bulunmaktad\u0131r.<\/li>\n\n<li>\u00dclkenin en iyi 100 \u015firketi aras\u0131nda yer almaktad\u0131r<\/li>\n\n<li>Her t\u00fcrl\u00fc t\u0131bbi tedaviyi sunmaktad\u0131r<\/li>\n\n<li>\u00d6zellikle estetik cerrahi, suni d\u00f6llenme, lazer g\u00f6z tedavileri ve sa\u00e7 ekimi alanlar\u0131ndaki hizmetleriyle tan\u0131nmaktad\u0131r.<\/li>\n\n<li>Almanca ba\u015fta olmak \u00fczere bir\u00e7ok dilde hizmet ve dan\u0131\u015fmanl\u0131k sunulmaktad\u0131r<\/li>\n<\/ul>\n\n<p>Hastanenin geni\u015f hizmet yelpazesi, hastalara farkl\u0131 tedavi se\u00e7enekleri sunmaktad\u0131r. Sunulan ameliyatlarda sahip oldu\u011fu y\u00fcksek deneyim sayesinde, y\u00fcksek beklentilere ve kaliteli hizmet anlay\u0131\u015f\u0131na sahip hastalar i\u00e7in hizmet vermektedir <\/p>\n\n<p>Say\u0131n Karaa\u011fac\u0131l\u0131&#8217;n\u0131n (MedicalTravel Genel M\u00fcd\u00fcr\u00fc) kuzeni de bu hastanede suni d\u00f6llenme y\u00f6ntemiyle sa\u011fl\u0131kl\u0131 bir erkek \u00e7ocu\u011fu d\u00fcnyaya getirdi!<\/p>\n\n<p>Tedaviniz s\u0131ras\u0131nda psikolojik destek<br>Geli\u015fmi\u015f prosed\u00fcrlere ra\u011fmen, bu t\u00fcr tedavilerin her zaman ba\u015far\u0131l\u0131 olmayabilece\u011fini anl\u0131yoruz. \u00c7ocuk sahibi olma arzusu s\u00f6z konusu oldu\u011funda, duygular genellikle yo\u011fun olur. Ac\u0131badem Hastanesi, her zaman rahat hissetmenizi istiyor ve \u00f6zel olarak e\u011fitilmi\u015f uzmanlar arac\u0131l\u0131\u011f\u0131yla size psikolojik destek sa\u011flamaktan mutluluk duyuyor.  <\/p>\n\n<p>Hastanenin ba\u015fhekimi Prof. Dr. Tansu K\u00fc\u00e7\u00fck&#8217;t\u00fcr.<\/p>\n\n<p>Ac\u0131badem y\u0131lda yakla\u015f\u0131k 2.500 t\u00fcp bebek tedavisi uygulamaktad\u0131r. Hastanenin ba\u015far\u0131 oranlar\u0131 a\u015fa\u011f\u0131daki gibidir: <\/p>\n\n<p>37 ya\u015f alt\u0131 kad\u0131nlar aras\u0131nda: %69<br>38-41 ya\u015f aras\u0131 kad\u0131nlar aras\u0131nda: %36<br>42 ya\u015f \u00fcst\u00fc kad\u0131nlar aras\u0131nda: %18<\/p>\n\n<p><a href=\"http:\/\/www.acibadem.com.tr\/SanalTur\/maslak\/en.html\" rel=\"nofollow noopener\" target=\"_blank\">Burada hastaneyi sanal olarak gezebilirsiniz. Haz\u0131r m\u0131s\u0131n\u0131z? Kendiniz g\u00f6r\u00fcn ve hayran kal\u0131n  <\/a><\/p>\n\n<figure class=\"wp-block-image size-full\"><img loading=\"lazy\" decoding=\"async\" width=\"448\" height=\"299\" class=\"wp-image-506\" src=\"https:\/\/medicaltravel.ch\/wp-content\/uploads\/2025\/09\/Das-A-classe-Spital-Acibadem.jpg\" alt=\"\" srcset=\"https:\/\/medicaltravel.ch\/wp-content\/uploads\/2025\/09\/Das-A-classe-Spital-Acibadem.jpg 448w, https:\/\/medicaltravel.ch\/wp-content\/uploads\/2025\/09\/Das-A-classe-Spital-Acibadem-300x200.jpg 300w\" sizes=\"(max-width: 448px) 100vw, 448px\" \/><\/figure>\n\n<p id=\"caption-attachment-1762\">Das A+ s\u0131n\u0131f\u0131 Ac\u0131badem Hastanesi<\/p>\n\n<figure class=\"wp-block-image size-full\"><img loading=\"lazy\" decoding=\"async\" width=\"200\" height=\"235\" class=\"wp-image-507\" src=\"https:\/\/medicaltravel.ch\/wp-content\/uploads\/2025\/09\/Prof.-Dr.-Tansu-Kucuk.jpg\" alt=\"\"><\/figure>\n\t\t\t\t\t\t\t\t<\/div>\n\t\t\t\t\t<\/div>\n\t\t\t\t<\/div>\n\t\t\t\t<\/div>\n\t\t","protected":false},"excerpt":{"rendered":"<p>\u0130stanbul&#8217;da \u00e7ocuk sahibi olma iste\u011fi Prof. Dr. G\u00fcrkan Arikan Antalya&#8217;da \u00e7ocuk sahibi olma iste\u011fi Ac\u0131badem Hastanesi, \u0130stanbul\u2019daki en yeni cihaz ve teknolojiye sahiptir. \u0130stanbul\u2019un en prestijli \u00f6zel hastanelerinden biri olarak kabul edilir ve T\u00fcrkiye\u2019deki ilk 100 \u015firket aras\u0131nda yer al\u0131r. Ayn\u0131 zamanda bir anonim \u015firket olan Ac\u0131badem Sa\u011fl\u0131k Grubu, her y\u0131l b\u00fcy\u00fcy\u00fcp geli\u015fmektedir. AB hijyen standartlar\u0131 fazlas\u0131yla a\u015f\u0131lm\u0131\u015ft\u0131r. Ayr\u0131ca burada \u00e7ok iyi uzman doktorlar ve cerrahlar taraf\u0131ndan tedavi edilirsiniz. Modern Ac\u0131badem Hastanesi Hastanede 24 farkl\u0131 t\u0131bbi merkez bulunuyor, bunlar\u0131n \u00e7o\u011fu \u0130stanbul\u2019dad\u0131r. Sa\u011fl\u0131k sekt\u00f6r\u00fcnde \u0130stanbul ve T\u00fcrkiye\u2019de ilk tercih edilen adreslerden biridir ve \u0130stanbul ile T\u00fcrkiye\u2019nin \u00fcst s\u0131n\u0131f\u0131 da buray\u0131 tercih eder. T\u00fcrk Milli Futbol Tak\u0131m\u0131 ve Fenerbah\u00e7e, Galatasaray, Be\u015fikta\u015f gibi \u00f6nde gelen kul\u00fcpler de Ac\u0131badem taraf\u0131ndan sa\u011fl\u0131k a\u00e7\u0131s\u0131ndan desteklenmektedir. Ac\u0131badem L\u00fcks Hastanesi Ac\u0131badem Hastanesi, ABD merkezli JCI (Joint Commission International) taraf\u0131ndan sertifikaland\u0131r\u0131lm\u0131\u015ft\u0131r Ac\u0131badem&#8217;de, tamam\u0131 k\u0131s\u0131rl\u0131k tedavisi konusunda uzmanla\u015fm\u0131\u015f ve s\u00fcrekli olarak bilimsel ve teknolojik geli\u015fmeleri takip eden 1.600 y\u00fcksek e\u011fitimli doktor bulunmaktad\u0131r. Ameliyat\u0131n\u0131z i\u00e7in \u0130stanbul Ac\u0131badem Hastanesi&#8217;ni neden tercih etmelisiniz? Hastane: &#8220;Joint Commission International taraf\u0131ndan akredite edilmi\u015ftir.&#8221; European Foundation for Quality Management (EFQM) \u00fcyesidir T\u00fcrkiye Milli Futbol Tak\u0131m\u0131\u2019n\u0131n medikal sponsorudur 1.600\u2019\u00fc doktor olmak \u00fczere toplam 10.500 \u00e7al\u0131\u015fan istihdam etmektedir T\u00fcrkiye&#8217;de 24&#8217;ten fazla farkl\u0131 t\u0131p merkezi bulunmaktad\u0131r. \u00dclkenin en iyi 100 \u015firketi aras\u0131nda yer almaktad\u0131r Her t\u00fcrl\u00fc t\u0131bbi tedaviyi sunmaktad\u0131r \u00d6zellikle estetik cerrahi, suni d\u00f6llenme, lazer g\u00f6z tedavileri ve sa\u00e7 ekimi alanlar\u0131ndaki hizmetleriyle tan\u0131nmaktad\u0131r. Almanca ba\u015fta olmak \u00fczere bir\u00e7ok dilde hizmet ve dan\u0131\u015fmanl\u0131k sunulmaktad\u0131r Hastanenin geni\u015f hizmet yelpazesi, hastalara farkl\u0131 tedavi se\u00e7enekleri sunmaktad\u0131r. Sunulan ameliyatlarda sahip oldu\u011fu y\u00fcksek deneyim sayesinde, y\u00fcksek beklentilere ve kaliteli hizmet anlay\u0131\u015f\u0131na sahip hastalar i\u00e7in hizmet vermektedir Say\u0131n Karaa\u011fac\u0131l\u0131&#8217;n\u0131n (MedicalTravel Genel M\u00fcd\u00fcr\u00fc) kuzeni de bu hastanede suni d\u00f6llenme y\u00f6ntemiyle sa\u011fl\u0131kl\u0131 bir erkek \u00e7ocu\u011fu d\u00fcnyaya getirdi! Tedaviniz s\u0131ras\u0131nda psikolojik destekGeli\u015fmi\u015f prosed\u00fcrlere ra\u011fmen, bu t\u00fcr tedavilerin her zaman ba\u015far\u0131l\u0131 olmayabilece\u011fini anl\u0131yoruz. \u00c7ocuk sahibi olma arzusu s\u00f6z konusu oldu\u011funda, duygular genellikle yo\u011fun olur. Ac\u0131badem Hastanesi, her zaman rahat hissetmenizi istiyor ve \u00f6zel olarak e\u011fitilmi\u015f uzmanlar arac\u0131l\u0131\u011f\u0131yla size psikolojik destek sa\u011flamaktan mutluluk duyuyor. Hastanenin ba\u015fhekimi Prof. Dr. Tansu K\u00fc\u00e7\u00fck&#8217;t\u00fcr. Ac\u0131badem y\u0131lda yakla\u015f\u0131k 2.500 t\u00fcp bebek tedavisi uygulamaktad\u0131r. Hastanenin ba\u015far\u0131 oranlar\u0131 a\u015fa\u011f\u0131daki gibidir: 37 ya\u015f alt\u0131 kad\u0131nlar aras\u0131nda: %6938-41 ya\u015f aras\u0131 kad\u0131nlar aras\u0131nda: %3642 ya\u015f \u00fcst\u00fc kad\u0131nlar aras\u0131nda: %18 Burada hastaneyi sanal olarak gezebilirsiniz. Haz\u0131r m\u0131s\u0131n\u0131z? Kendiniz g\u00f6r\u00fcn ve hayran kal\u0131n Das A+ s\u0131n\u0131f\u0131 Ac\u0131badem Hastanesi<\/p>\n","protected":false},"author":4,"featured_media":0,"parent":5253,"menu_order":0,"comment_status":"closed","ping_status":"closed","template":"","meta":{"_joinchat":[],"footnotes":""},"class_list":["post-5265","page","type-page","status-publish","hentry"],"acf":[],"_links":{"self":[{"href":"https:\/\/medicaltravel.ch\/tr\/wp-json\/wp\/v2\/pages\/5265","targetHints":{"allow":["GET"]}}],"collection":[{"href":"https:\/\/medicaltravel.ch\/tr\/wp-json\/wp\/v2\/pages"}],"about":[{"href":"https:\/\/medicaltravel.ch\/tr\/wp-json\/wp\/v2\/types\/page"}],"author":[{"embeddable":true,"href":"https:\/\/medicaltravel.ch\/tr\/wp-json\/wp\/v2\/users\/4"}],"replies":[{"embeddable":true,"href":"https:\/\/medicaltravel.ch\/tr\/wp-json\/wp\/v2\/comments?post=5265"}],"version-history":[{"count":3,"href":"https:\/\/medicaltravel.ch\/tr\/wp-json\/wp\/v2\/pages\/5265\/revisions"}],"predecessor-version":[{"id":5268,"href":"https:\/\/medicaltravel.ch\/tr\/wp-json\/wp\/v2\/pages\/5265\/revisions\/5268"}],"up":[{"embeddable":true,"href":"https:\/\/medicaltravel.ch\/tr\/wp-json\/wp\/v2\/pages\/5253"}],"wp:attachment":[{"href":"https:\/\/medicaltravel.ch\/tr\/wp-json\/wp\/v2\/media?parent=5265"}],"curies":[{"name":"wp","href":"https:\/\/api.w.org\/{rel}","templated":true}]}}