{"id":5283,"date":"2025-09-17T09:46:15","date_gmt":"2025-09-17T08:46:15","guid":{"rendered":"https:\/\/medicaltravel.ch\/cocuk-sahibi-olma-istegi\/hastaneler\/prof-dr-guerkan-arikan\/"},"modified":"2026-01-04T14:22:07","modified_gmt":"2026-01-04T13:22:07","slug":"prof-dr-guerkan-arikan","status":"publish","type":"page","link":"https:\/\/medicaltravel.ch\/tr\/cocuk-sahibi-olma-istegi\/hastaneler\/prof-dr-guerkan-arikan\/","title":{"rendered":"Prof. Dr. G\u00fcrkan Arikan"},"content":{"rendered":"\t\t<div data-elementor-type=\"wp-page\" data-elementor-id=\"5283\" class=\"elementor elementor-5283 elementor-151\" data-elementor-post-type=\"page\">\n\t\t\t\t<div class=\"elementor-element elementor-element-5ed32a5b e-flex e-con-boxed wpr-particle-no wpr-jarallax-no wpr-parallax-no wpr-sticky-section-no e-con e-parent\" data-id=\"5ed32a5b\" data-element_type=\"container\" data-e-type=\"container\">\n\t\t\t\t\t<div class=\"e-con-inner\">\n\t\t<div class=\"elementor-element elementor-element-ce9314a e-con-full e-flex wpr-particle-no wpr-jarallax-no wpr-parallax-no wpr-sticky-section-no e-con e-child\" data-id=\"ce9314a\" data-element_type=\"container\" data-e-type=\"container\">\n\t\t\t\t<div class=\"elementor-element elementor-element-13ff1ac elementor-widget elementor-widget-button\" data-id=\"13ff1ac\" data-element_type=\"widget\" data-e-type=\"widget\" data-widget_type=\"button.default\">\n\t\t\t\t\t\t\t\t\t\t<a class=\"elementor-button elementor-button-link elementor-size-sm\" href=\"https:\/\/medicaltravel.ch\/tr\/cocuk-sahibi-olma-istegi\/hastaneler\/istanbulda-cocuk-sahibi-olma-istegi\/\">\n\t\t\t\t\t\t<span class=\"elementor-button-content-wrapper\">\n\t\t\t\t\t\t\t\t\t<span class=\"elementor-button-text\">\u0130stanbul'da \u00e7ocuk sahibi olma iste\u011fi<\/span>\n\t\t\t\t\t<\/span>\n\t\t\t\t\t<\/a>\n\t\t\t\t\t\t\t\t<\/div>\n\t\t\t\t<div class=\"elementor-element elementor-element-48b5c72 elementor-widget elementor-widget-button\" data-id=\"48b5c72\" data-element_type=\"widget\" data-e-type=\"widget\" data-widget_type=\"button.default\">\n\t\t\t\t\t\t\t\t\t\t<a class=\"elementor-button elementor-button-link elementor-size-sm\" href=\"https:\/\/medicaltravel.ch\/tr\/cocuk-sahibi-olma-istegi\/hastaneler\/prof-dr-guerkan-arikan\/\">\n\t\t\t\t\t\t<span class=\"elementor-button-content-wrapper\">\n\t\t\t\t\t\t\t\t\t<span class=\"elementor-button-text\">Prof. Dr. G\u00fcrkan Arikan<\/span>\n\t\t\t\t\t<\/span>\n\t\t\t\t\t<\/a>\n\t\t\t\t\t\t\t\t<\/div>\n\t\t\t\t<div class=\"elementor-element elementor-element-23f736f elementor-widget elementor-widget-button\" data-id=\"23f736f\" data-element_type=\"widget\" data-e-type=\"widget\" data-widget_type=\"button.default\">\n\t\t\t\t\t\t\t\t\t\t<a class=\"elementor-button elementor-button-link elementor-size-sm\" href=\"https:\/\/medicaltravel.ch\/tr\/cocuk-sahibi-olma-istegi\/hastaneler\/antalyada-cocuk-sahibi-olma-istegi\/\">\n\t\t\t\t\t\t<span class=\"elementor-button-content-wrapper\">\n\t\t\t\t\t\t\t\t\t<span class=\"elementor-button-text\">Antalya'da \u00e7ocuk sahibi olma iste\u011fi<\/span>\n\t\t\t\t\t<\/span>\n\t\t\t\t\t<\/a>\n\t\t\t\t\t\t\t\t<\/div>\n\t\t\t\t<\/div>\n\t\t\t\t<div class=\"elementor-element elementor-element-32c0d00d elementor-widget elementor-widget-text-editor\" data-id=\"32c0d00d\" data-element_type=\"widget\" data-e-type=\"widget\" data-widget_type=\"text-editor.default\">\n\t\t\t\t\t\t\t\t\t\n<p>Profes\u00f6r Dr. G\u00fcrkan Arikan 1964 y\u0131l\u0131nda Bolu&#8217;da do\u011fdu. \u0130ki \u00e7ocu\u011fu var. <\/p>\n\n<p>Do\u011fum ve Kad\u0131n Hastal\u0131klar\u0131 alan\u0131ndaki uzmanl\u0131\u011f\u0131n\u0131 1996 y\u0131l\u0131nda Avusturya&#8217;daki Graz \u00dcniversitesi T\u0131p Fak\u00fcltesi&#8217;nde tamamlad\u0131 ve 2001 y\u0131l\u0131nda ayn\u0131 \u00fcniversitede profes\u00f6rl\u00fck unvan\u0131n\u0131 ald\u0131.<\/p>\n\n<p>Avusturya\u2019daki ara\u015ft\u0131rma enstit\u00fcs\u00fcnde bilimsel proje asistan\u0131 ve y\u00f6neticisi olarak g\u00f6rev yapt\u0131 ve g\u00f6revleri ve sorumluluklar\u0131 nedeniyle L\u00fcksemburg, Almanya ve Avusturya&#8217;da diplomalar ald\u0131.<\/p>\n\n<p>Reprod\u00fcktif t\u0131p (UTI, IVF) ve endokrinoloji alan\u0131ndaki uzmanl\u0131\u011f\u0131n\u0131 M\u00fcnih&#8217;teki Ludwig-Maximilians-Universit\u00e4t&#8217;te tamamlad\u0131ktan sonra, onkolojik, laparoskopik ve rekonstr\u00fcktif cerrahi \u00fczerine e\u011fitimine devam etti.<\/p>\n\n<p>Onkolojik laparoskopik cerrahi i\u00e7in kendine \u00f6zg\u00fc cerrahi teknikleri vard\u0131r.<\/p>\n\n<figure class=\"wp-block-image size-full\"><img fetchpriority=\"high\" decoding=\"async\" width=\"300\" height=\"302\" class=\"wp-image-519\" src=\"https:\/\/medicaltravel.ch\/wp-content\/uploads\/2025\/09\/Prof.-Dr.-Gurkan-Arikan.jpg\" alt=\"\" srcset=\"https:\/\/medicaltravel.ch\/wp-content\/uploads\/2025\/09\/Prof.-Dr.-Gurkan-Arikan.jpg 300w, https:\/\/medicaltravel.ch\/wp-content\/uploads\/2025\/09\/Prof.-Dr.-Gurkan-Arikan-298x300.jpg 298w, https:\/\/medicaltravel.ch\/wp-content\/uploads\/2025\/09\/Prof.-Dr.-Gurkan-Arikan-150x150.jpg 150w\" sizes=\"(max-width: 300px) 100vw, 300px\" \/><\/figure>\n\n<p id=\"caption-attachment-678\">Prof. Dr. G\u00fcrkan Arikan<\/p>\n\n<p>Avusturya merkezli Online Onkoloji Kurulu&#8217;nun kurucu \u00fcyesidir. \u015eu anda bu kurumla onkolojik dan\u0131\u015fmanl\u0131klar konusunda i\u015fbirli\u011fi yapmaktad\u0131r. Graz T\u0131p \u00dcniversitesi&#8217;ndeki e\u011fitim fonksiyonu ve telemedisin y\u00f6ntemi, Bat\u0131 Avrupa&#8217;daki 12 merkezle i\u015fbirli\u011fi yapmaktad\u0131r, \u00f6zellikle de Viyana&#8217;daki Wunschbaby Enstit\u00fcs\u00fc ve Profes\u00f6r Feichtinger ile.  <\/p>\n\n<p>Ayr\u0131ca, \u0130stanbul&#8217;daki MedicalPark Hastanesi&#8217;nin Kad\u0131n Hastal\u0131klar\u0131 ve Do\u011fum B\u00f6l\u00fcm\u00fc&#8217;nde ileri d\u00fczey laparoskopik cerrahi, kanser cerrahisi ve t\u00fcp bebek tedavisi alanlar\u0131nda \u00e7al\u0131\u015fmalar yapmaktad\u0131r.<\/p>\n\n<p>Gelecek perspektiflerini \u015fu \u015fekilde tan\u0131mlamaktad\u0131r: Laparoskopi ve onkolojik cerrahi alanlar\u0131ndaki kalite standartlar\u0131n\u0131 y\u00fckseltmek ve in-vitro bebek tedavisi i\u00e7in en y\u00fcksek hizmet standard\u0131n\u0131 sunmak.<\/p>\n\n<p>\u00d6zge\u00e7mi\u015finin tamam\u0131na <a href=\"https:\/\/medicaltravel.ch\/wp-content\/uploads\/2025\/09\/Lebenslauf_Prof_Dr_Arikan_Kinderwunsch_11_05_2019.pdf\" data-type=\"link\" data-id=\"https:\/\/medicaltravel.ch\/wp-content\/uploads\/2025\/09\/Lebenslauf_Prof_Dr_Arikan_Kinderwunsch_11_05_2019.pdf\">buradan <\/a>ula\u015fabilirsiniz.<\/p>\n\t\t\t\t\t\t\t\t<\/div>\n\t\t\t\t\t<\/div>\n\t\t\t\t<\/div>\n\t\t\t\t<\/div>\n\t\t","protected":false},"excerpt":{"rendered":"<p>\u0130stanbul&#8217;da \u00e7ocuk sahibi olma iste\u011fi Prof. Dr. G\u00fcrkan Arikan Antalya&#8217;da \u00e7ocuk sahibi olma iste\u011fi Profes\u00f6r Dr. G\u00fcrkan Arikan 1964 y\u0131l\u0131nda Bolu&#8217;da do\u011fdu. \u0130ki \u00e7ocu\u011fu var. Do\u011fum ve Kad\u0131n Hastal\u0131klar\u0131 alan\u0131ndaki uzmanl\u0131\u011f\u0131n\u0131 1996 y\u0131l\u0131nda Avusturya&#8217;daki Graz \u00dcniversitesi T\u0131p Fak\u00fcltesi&#8217;nde tamamlad\u0131 ve 2001 y\u0131l\u0131nda ayn\u0131 \u00fcniversitede profes\u00f6rl\u00fck unvan\u0131n\u0131 ald\u0131. Avusturya\u2019daki ara\u015ft\u0131rma enstit\u00fcs\u00fcnde bilimsel proje asistan\u0131 ve y\u00f6neticisi olarak g\u00f6rev yapt\u0131 ve g\u00f6revleri ve sorumluluklar\u0131 nedeniyle L\u00fcksemburg, Almanya ve Avusturya&#8217;da diplomalar ald\u0131. Reprod\u00fcktif t\u0131p (UTI, IVF) ve endokrinoloji alan\u0131ndaki uzmanl\u0131\u011f\u0131n\u0131 M\u00fcnih&#8217;teki Ludwig-Maximilians-Universit\u00e4t&#8217;te tamamlad\u0131ktan sonra, onkolojik, laparoskopik ve rekonstr\u00fcktif cerrahi \u00fczerine e\u011fitimine devam etti. Onkolojik laparoskopik cerrahi i\u00e7in kendine \u00f6zg\u00fc cerrahi teknikleri vard\u0131r. Prof. Dr. G\u00fcrkan Arikan Avusturya merkezli Online Onkoloji Kurulu&#8217;nun kurucu \u00fcyesidir. \u015eu anda bu kurumla onkolojik dan\u0131\u015fmanl\u0131klar konusunda i\u015fbirli\u011fi yapmaktad\u0131r. Graz T\u0131p \u00dcniversitesi&#8217;ndeki e\u011fitim fonksiyonu ve telemedisin y\u00f6ntemi, Bat\u0131 Avrupa&#8217;daki 12 merkezle i\u015fbirli\u011fi yapmaktad\u0131r, \u00f6zellikle de Viyana&#8217;daki Wunschbaby Enstit\u00fcs\u00fc ve Profes\u00f6r Feichtinger ile. Ayr\u0131ca, \u0130stanbul&#8217;daki MedicalPark Hastanesi&#8217;nin Kad\u0131n Hastal\u0131klar\u0131 ve Do\u011fum B\u00f6l\u00fcm\u00fc&#8217;nde ileri d\u00fczey laparoskopik cerrahi, kanser cerrahisi ve t\u00fcp bebek tedavisi alanlar\u0131nda \u00e7al\u0131\u015fmalar yapmaktad\u0131r. Gelecek perspektiflerini \u015fu \u015fekilde tan\u0131mlamaktad\u0131r: Laparoskopi ve onkolojik cerrahi alanlar\u0131ndaki kalite standartlar\u0131n\u0131 y\u00fckseltmek ve in-vitro bebek tedavisi i\u00e7in en y\u00fcksek hizmet standard\u0131n\u0131 sunmak. \u00d6zge\u00e7mi\u015finin tamam\u0131na buradan ula\u015fabilirsiniz.<\/p>\n","protected":false},"author":4,"featured_media":0,"parent":5253,"menu_order":0,"comment_status":"closed","ping_status":"closed","template":"","meta":{"_joinchat":[],"footnotes":""},"class_list":["post-5283","page","type-page","status-publish","hentry"],"acf":[],"_links":{"self":[{"href":"https:\/\/medicaltravel.ch\/tr\/wp-json\/wp\/v2\/pages\/5283","targetHints":{"allow":["GET"]}}],"collection":[{"href":"https:\/\/medicaltravel.ch\/tr\/wp-json\/wp\/v2\/pages"}],"about":[{"href":"https:\/\/medicaltravel.ch\/tr\/wp-json\/wp\/v2\/types\/page"}],"author":[{"embeddable":true,"href":"https:\/\/medicaltravel.ch\/tr\/wp-json\/wp\/v2\/users\/4"}],"replies":[{"embeddable":true,"href":"https:\/\/medicaltravel.ch\/tr\/wp-json\/wp\/v2\/comments?post=5283"}],"version-history":[{"count":3,"href":"https:\/\/medicaltravel.ch\/tr\/wp-json\/wp\/v2\/pages\/5283\/revisions"}],"predecessor-version":[{"id":5286,"href":"https:\/\/medicaltravel.ch\/tr\/wp-json\/wp\/v2\/pages\/5283\/revisions\/5286"}],"up":[{"embeddable":true,"href":"https:\/\/medicaltravel.ch\/tr\/wp-json\/wp\/v2\/pages\/5253"}],"wp:attachment":[{"href":"https:\/\/medicaltravel.ch\/tr\/wp-json\/wp\/v2\/media?parent=5283"}],"curies":[{"name":"wp","href":"https:\/\/api.w.org\/{rel}","templated":true}]}}