{"id":5289,"date":"2025-09-17T09:17:05","date_gmt":"2025-09-17T08:17:05","guid":{"rendered":"https:\/\/medicaltravel.ch\/cocuk-sahibi-olma-istegi\/kinderwunsch-tuerkei\/"},"modified":"2026-01-06T13:26:23","modified_gmt":"2026-01-06T12:26:23","slug":"turkiye-de-cocuk-sahibi-olma","status":"publish","type":"page","link":"https:\/\/medicaltravel.ch\/tr\/cocuk-sahibi-olma-istegi\/turkiye-de-cocuk-sahibi-olma\/","title":{"rendered":"T\u00fcrkiye\u2019de \u00c7ocuk Sahibi Olma"},"content":{"rendered":"\t\t<div data-elementor-type=\"wp-page\" data-elementor-id=\"5289\" class=\"elementor elementor-5289 elementor-147\" data-elementor-post-type=\"page\">\n\t\t\t\t<div class=\"elementor-element elementor-element-584619ca e-flex e-con-boxed wpr-particle-no wpr-jarallax-no wpr-parallax-no wpr-sticky-section-no e-con e-parent\" data-id=\"584619ca\" data-element_type=\"container\" data-e-type=\"container\">\n\t\t\t\t\t<div class=\"e-con-inner\">\n\t\t<div class=\"elementor-element elementor-element-ed748b9 e-con-full e-flex wpr-particle-no wpr-jarallax-no wpr-parallax-no wpr-sticky-section-no e-con e-child\" data-id=\"ed748b9\" data-element_type=\"container\" data-e-type=\"container\">\n\t\t\t\t<div class=\"elementor-element elementor-element-a0891af elementor-widget elementor-widget-button\" data-id=\"a0891af\" data-element_type=\"widget\" data-e-type=\"widget\" data-widget_type=\"button.default\">\n\t\t\t\t\t\t\t\t\t\t<a class=\"elementor-button elementor-button-link elementor-size-sm\" href=\"https:\/\/medicaltravel.ch\/tr\/cocuk-sahibi-olma-istegi\/kinderwunsch-tuerkei\/\">\n\t\t\t\t\t\t<span class=\"elementor-button-content-wrapper\">\n\t\t\t\t\t\t\t\t\t<span class=\"elementor-button-text\">Kinderwunsch T\u00fcrkei<\/span>\n\t\t\t\t\t<\/span>\n\t\t\t\t\t<\/a>\n\t\t\t\t\t\t\t\t<\/div>\n\t\t\t\t<div class=\"elementor-element elementor-element-39cf00e elementor-widget elementor-widget-button\" data-id=\"39cf00e\" data-element_type=\"widget\" data-e-type=\"widget\" data-widget_type=\"button.default\">\n\t\t\t\t\t\t\t\t\t\t<a class=\"elementor-button elementor-button-link elementor-size-sm\" href=\"https:\/\/medicaltravel.ch\/tr\/cocuk-sahibi-olma-istegi\/hastaneler\/istanbulda-cocuk-sahibi-olma-istegi\/\">\n\t\t\t\t\t\t<span class=\"elementor-button-content-wrapper\">\n\t\t\t\t\t\t\t\t\t<span class=\"elementor-button-text\">hastaneler<\/span>\n\t\t\t\t\t<\/span>\n\t\t\t\t\t<\/a>\n\t\t\t\t\t\t\t\t<\/div>\n\t\t\t\t<div class=\"elementor-element elementor-element-d332f69 elementor-widget elementor-widget-button\" data-id=\"d332f69\" data-element_type=\"widget\" data-e-type=\"widget\" data-widget_type=\"button.default\">\n\t\t\t\t\t\t\t\t\t\t<a class=\"elementor-button elementor-button-link elementor-size-sm\" href=\"https:\/\/medicaltravel.ch\/tr\/cocuk-sahibi-olma-istegi\/hizmet-yelpazesi\/\">\n\t\t\t\t\t\t<span class=\"elementor-button-content-wrapper\">\n\t\t\t\t\t\t\t\t\t<span class=\"elementor-button-text\">Hizmet yelpazesi<\/span>\n\t\t\t\t\t<\/span>\n\t\t\t\t\t<\/a>\n\t\t\t\t\t\t\t\t<\/div>\n\t\t\t\t<div class=\"elementor-element elementor-element-759ec73 elementor-widget elementor-widget-button\" data-id=\"759ec73\" data-element_type=\"widget\" data-e-type=\"widget\" data-widget_type=\"button.default\">\n\t\t\t\t\t\t\t\t\t\t<a class=\"elementor-button elementor-button-link elementor-size-sm\" href=\"https:\/\/medicaltravel.ch\/tr\/cocuk-sahibi-olma-istegi\/teklif\/\">\n\t\t\t\t\t\t<span class=\"elementor-button-content-wrapper\">\n\t\t\t\t\t\t\t\t\t<span class=\"elementor-button-text\">Teklif<\/span>\n\t\t\t\t\t<\/span>\n\t\t\t\t\t<\/a>\n\t\t\t\t\t\t\t\t<\/div>\n\t\t\t\t<div class=\"elementor-element elementor-element-9c58667 elementor-widget elementor-widget-button\" data-id=\"9c58667\" data-element_type=\"widget\" data-e-type=\"widget\" data-widget_type=\"button.default\">\n\t\t\t\t\t\t\t\t\t\t<a class=\"elementor-button elementor-button-link elementor-size-sm\" href=\"https:\/\/medicaltravel.ch\/tr\/cocuk-sahibi-olma-istegi\/fiyatlar-maliyetler-tuep-bebek-kisirlik-tedavisi-istanbul-tuerkiye\/\">\n\t\t\t\t\t\t<span class=\"elementor-button-content-wrapper\">\n\t\t\t\t\t\t\t\t\t<span class=\"elementor-button-text\">Fiyatlar<\/span>\n\t\t\t\t\t<\/span>\n\t\t\t\t\t<\/a>\n\t\t\t\t\t\t\t\t<\/div>\n\t\t\t\t<\/div>\n\t\t\t\t<div class=\"elementor-element elementor-element-5d9a7b2 elementor-widget elementor-widget-text-editor\" data-id=\"5d9a7b2\" data-element_type=\"widget\" data-e-type=\"widget\" data-widget_type=\"text-editor.default\">\n\t\t\t\t\t\t\t\t\t\n<h2 class=\"wp-block-heading\">T\u00fcrkiye&#8217;de \u00e7ocuk sahibi olma arzusunu ger\u00e7ekle\u015ftirmek<\/h2>\n\n<p><strong>T\u00fcrkiye, \u0130stanbul, Antalya&#8217;da suni d\u00f6llenme<\/strong><\/p>\n\n<p>\u0130stanbul ve Antalya&#8217;da suni d\u00f6llenme tedavileri (IVF, ICSI, k\u0131s\u0131rl\u0131k tedavisi) de sunmaktay\u0131z.<\/p>\n\n<p>Suni d\u00f6llenme hassas bir konu. Bu sadece gelece\u011finizle ilgili de\u011fil\u2026 <\/p>\n\n<p>En b\u00fcy\u00fck \u00f6zen, empati ve en y\u00fcksek ba\u015far\u0131 \u015fanslar\u0131 \u2013 bu konuda sizin i\u00e7in \u00f6nemli olan \u00e7ok \u015fey var. Sizin sadece en iyi ellerde olman\u0131z\u0131 istiyoruz \u2013 daha g\u00fczel bir gelece\u011fe do\u011fru bir ad\u0131m atmak i\u00e7in! <\/p>\n\n<p>\u00c7ocuk sahibi olamamak, modern ya\u015famda giderek daha yayg\u0131n hale gelmektedir. Kendi \u00e7ocu\u011funuz olma arzusunu ciddiye al\u0131yor ve size T\u00fcrkiye&#8217;nin en iyi hastanelerinden biri olan <a href=\"https:\/\/medicaltravel.ch\/tr\/cocuk-sahibi-olma-istegi\/hastaneler\/prof-dr-guerkan-arikan\/\" data-type=\"page\" data-id=\"151\">MedicalPark Hastanesi (Prof. Dr. Arikan)<\/a>, <a href=\"https:\/\/medicaltravel.ch\/tr\/cocuk-sahibi-olma-istegi\/hastaneler\/istanbulda-cocuk-sahibi-olma-istegi\/\" data-type=\"page\" data-id=\"153\">Ac\u0131badem Hastanesi<\/a> veya <a href=\"https:\/\/medicaltravel.ch\/tr\/cocuk-sahibi-olma-istegi\/hastaneler\/antalyada-cocuk-sahibi-olma-istegi\/\" data-type=\"page\" data-id=\"155\">Memorial Hastanesi&#8217;nde<\/a> yard\u0131mc\u0131 olmak i\u00e7in buraday\u0131z. <\/p>\n\n<p>Tedavi se\u00e7enekleri hakk\u0131nda bilgileri <a href=\"https:\/\/medicaltravel.ch\/tr\/cocuk-sahibi-olma-istegi\/hizmet-yelpazesi\/\" data-type=\"page\" data-id=\"159\">burada <\/a>bulabilirsiniz.<\/p>\n\n<p><strong>T\u00fcrkiye&#8217;deki tedaviden neden fayda sa\u011flayabilirsiniz?<\/strong><\/p>\n\n<p>T\u00fcrkiye, 17 y\u0131ld\u0131r \u00e7ok y\u00fcksek ba\u015far\u0131 oran\u0131n\u0131n sergilendi\u011fi \u00fcreme t\u0131bb\u0131 alan\u0131nda bir merkezdir. <\/p>\n\n<p><strong>Nedenmi\u015f?<\/strong><br>Kad\u0131n hastal\u0131klar\u0131 ve onkolojik cerrahiler, sadece son derece deneyimli ve iyi e\u011fitimli doktorlar taraf\u0131ndan yap\u0131lmakla kalmaz, ayn\u0131 zamanda en y\u00fcksek standartlarda ger\u00e7ekle\u015ftirilir. Doktorlar, e\u011fitimlerini ABD ve Bat\u0131 Avrupa&#8217;da tamamlam\u0131\u015f ve burada da tedavi yaparak deneyimlerini ve uzmanl\u0131klar\u0131n\u0131 geli\u015ftirmi\u015flerdir. <\/p>\n\n<p>E\u011fer sizin i\u00e7in ICSI, destekli a\u00e7\u0131lma (assisted hatching) veya blastosist transferi gerekli olursa, bu i\u015flemler ek bir \u00fccret al\u0131nmaks\u0131z\u0131n yap\u0131lacakt\u0131r.<\/p>\n\n<p>\u00dc\u00e7 embriyo transferi yapma imk\u00e2n\u0131 vard\u0131r.<br>Maliyet fakt\u00f6r\u00fc, bir\u00e7ok \u00e7iftin t\u00fcp bebek tedavisini tercih etmemesinin \u00e7ok yayg\u0131n bir nedenidir. T\u00fcrkiye&#8217;de yap\u0131lacak bir tedavi, Almanya, \u0130svi\u00e7re veya Avusturya&#8217;da yap\u0131lan tedavilere g\u00f6re \u00e7ok daha d\u00fc\u015f\u00fck maliyetli olacakt\u0131r. <\/p>\n\n<p><strong>T\u00fcp bebek ve ICSI y\u00f6ntemleriyle gebelik oran\u0131 neden daha y\u00fcksek?<\/strong><br>Muhtemelen, neden IVF ve ICSI tedavilerinde ba\u015far\u0131 oranlar\u0131n\u0131n \u0130svi\u00e7re veya Almanya&#8217;ya g\u00f6re daha y\u00fcksek oldu\u011funu merak ediyorsunuzdur.<\/p>\n\n<p>Bu \u00fclkelerde, yaln\u0131zca \u00fc\u00e7 zigotun daha fazla k\u00fclt\u00fcrlenmesine izin veren bir yasa bulunmaktad\u0131r. Bu da en fazla \u00fc\u00e7 embriyonun olu\u015fmas\u0131na yol a\u00e7ar. Transfer, 2. veya 3. g\u00fcn yap\u0131lmal\u0131d\u0131r. Ancak, bu s\u00fcre\u00e7te en y\u00fcksek kalitedeki embriyolar\u0131n se\u00e7ilmesi m\u00fcmk\u00fcn de\u011fildir. Bu nedenle, embriyo havuzundan embriyo se\u00e7imi yapma ve blastosist k\u00fclt\u00fcr\u00fc ile preimplantasyon genetik tan\u0131 (PGD) uygulama imk\u00e2n\u0131 bulunmamaktad\u0131r.      <\/p>\n\n<p>T\u00fcrk yasalar\u0131na g\u00f6re ise blastosist k\u00fclt\u00fcr\u00fc m\u00fcmk\u00fcnd\u00fcr. Bu sayede yaln\u0131zca 1-2 blastosist ile gebelik oran\u0131 (SS-Rate) iki kat\u0131na kadar art\u0131r\u0131labilir ve implantasyon oran\u0131 (her bir blastosist i\u00e7in %50&#8217;ye kadar) y\u00fckseltilebilir. Embriyolar\u0131n se\u00e7ilebilmesi sayesinde, y\u00fcksek gebelik oranlar\u0131n\u0131n yan\u0131 s\u0131ra d\u00fc\u015f\u00fck d\u00fc\u015f\u00fck oranlar\u0131na da ula\u015f\u0131labilir. Basit\u00e7e s\u00f6ylemek gerekirse: Gebelik \u015fanslar\u0131 sadece artmakla kalmaz, ayn\u0131 zamanda ba\u015far\u0131l\u0131 bir gebelik \u015fans\u0131 da art\u0131r\u0131lm\u0131\u015f olur!   <\/p>\n\n<p>Baz\u0131 \u00e7iftler genetik olarak &#8220;y\u00fckl\u00fc&#8221; olabilir ve \u00f6rne\u011fin, \u00f6nceden PID (Preimplantasyon Genetik Tan\u0131) ile tespit edilebilen bir engeli olan \u00e7ocuklar\u0131 olabilir. Bu \u00e7iftlere, Preimplantasyon Genetik Tan\u0131 (PID) uygulayarak, her iki engeli olmayan bir \u00e7ocuk sahibi olma \u015fans\u0131 sunabiliriz. <\/p>\n\n<p><strong>Bu hastanelerdeki ortalama gebelik oranlar\u0131:<\/strong><\/p>\n\n<p>35 ya\u015f\u0131ndan k\u00fc\u00e7\u00fck kad\u0131nlar i\u00e7in gebelik oran\u0131 = %50 &#8211; %60<br>40 ya\u015f\u0131ndan k\u00fc\u00e7\u00fck kad\u0131nlar i\u00e7in gebelik oran\u0131 = %40<br>40 ya\u015f\u0131ndan b\u00fcy\u00fck kad\u0131nlar i\u00e7in gebelik oran\u0131 = %25<\/p>\n\n<p><strong>\u00d6nemli duyuru:<\/strong><\/p>\n\n<p>T\u00fcrk yasalar\u0131na g\u00f6re, T\u00fcrkiye&#8217;de k\u0131s\u0131rl\u0131k tedavileri yaln\u0131zca evli \u00e7iftler i\u00e7in m\u00fcmk\u00fcnd\u00fcr. Cinsiyet se\u00e7imi de yasakt\u0131r. <\/p>\n\n<p><strong>\u0130\u015fte ilk MedicalTravel bebekleri:<\/strong><\/p>\n\n<figure class=\"wp-block-gallery has-nested-images columns-default is-cropped\">\n<figure class=\"wp-block-image size-large\"><img fetchpriority=\"high\" decoding=\"async\" width=\"300\" height=\"225\" class=\"wp-image-498\" src=\"https:\/\/medicaltravel.ch\/wp-content\/uploads\/2025\/09\/Meral-und-Mehan-und-Ihre-Mutter-sind-wohlauf.-300x225-1.jpg\" alt=\"\"><\/figure>\n<\/figure>\n\n<p id=\"caption-attachment-481\">Meral, Mehan ve anneleri gayet iyiler.<\/p>\n\n<figure class=\"wp-block-image size-full\"><img decoding=\"async\" width=\"300\" height=\"225\" class=\"wp-image-500\" src=\"https:\/\/medicaltravel.ch\/wp-content\/uploads\/2025\/09\/MedicalTravel-Team-besuchte-die-gluckliche-Familie-im-Spital.-300x225-1.jpg\" alt=\"\"><\/figure>\n\n<p id=\"caption-attachment-482\">MedicalTravel ekibi, mutlu aileyi hastanede ziyaret etti.<br>Her iki taraf i\u00e7in de ne b\u00fcy\u00fck bir mutluluk an\u0131!<\/p>\n\t\t\t\t\t\t\t\t<\/div>\n\t\t\t\t\t<\/div>\n\t\t\t\t<\/div>\n\t\t\t\t<\/div>\n\t\t","protected":false},"excerpt":{"rendered":"<p>Kinderwunsch T\u00fcrkei hastaneler Hizmet yelpazesi Teklif Fiyatlar T\u00fcrkiye&#8217;de \u00e7ocuk sahibi olma arzusunu ger\u00e7ekle\u015ftirmek T\u00fcrkiye, \u0130stanbul, Antalya&#8217;da suni d\u00f6llenme \u0130stanbul ve Antalya&#8217;da suni d\u00f6llenme tedavileri (IVF, ICSI, k\u0131s\u0131rl\u0131k tedavisi) de sunmaktay\u0131z. Suni d\u00f6llenme hassas bir konu. Bu sadece gelece\u011finizle ilgili de\u011fil\u2026 En b\u00fcy\u00fck \u00f6zen, empati ve en y\u00fcksek ba\u015far\u0131 \u015fanslar\u0131 \u2013 bu konuda sizin i\u00e7in \u00f6nemli olan \u00e7ok \u015fey var. Sizin sadece en iyi ellerde olman\u0131z\u0131 istiyoruz \u2013 daha g\u00fczel bir gelece\u011fe do\u011fru bir ad\u0131m atmak i\u00e7in! \u00c7ocuk sahibi olamamak, modern ya\u015famda giderek daha yayg\u0131n hale gelmektedir. Kendi \u00e7ocu\u011funuz olma arzusunu ciddiye al\u0131yor ve size T\u00fcrkiye&#8217;nin en iyi hastanelerinden biri olan MedicalPark Hastanesi (Prof. Dr. Arikan), Ac\u0131badem Hastanesi veya Memorial Hastanesi&#8217;nde yard\u0131mc\u0131 olmak i\u00e7in buraday\u0131z. Tedavi se\u00e7enekleri hakk\u0131nda bilgileri burada bulabilirsiniz. T\u00fcrkiye&#8217;deki tedaviden neden fayda sa\u011flayabilirsiniz? T\u00fcrkiye, 17 y\u0131ld\u0131r \u00e7ok y\u00fcksek ba\u015far\u0131 oran\u0131n\u0131n sergilendi\u011fi \u00fcreme t\u0131bb\u0131 alan\u0131nda bir merkezdir. Nedenmi\u015f?Kad\u0131n hastal\u0131klar\u0131 ve onkolojik cerrahiler, sadece son derece deneyimli ve iyi e\u011fitimli doktorlar taraf\u0131ndan yap\u0131lmakla kalmaz, ayn\u0131 zamanda en y\u00fcksek standartlarda ger\u00e7ekle\u015ftirilir. Doktorlar, e\u011fitimlerini ABD ve Bat\u0131 Avrupa&#8217;da tamamlam\u0131\u015f ve burada da tedavi yaparak deneyimlerini ve uzmanl\u0131klar\u0131n\u0131 geli\u015ftirmi\u015flerdir. E\u011fer sizin i\u00e7in ICSI, destekli a\u00e7\u0131lma (assisted hatching) veya blastosist transferi gerekli olursa, bu i\u015flemler ek bir \u00fccret al\u0131nmaks\u0131z\u0131n yap\u0131lacakt\u0131r. \u00dc\u00e7 embriyo transferi yapma imk\u00e2n\u0131 vard\u0131r.Maliyet fakt\u00f6r\u00fc, bir\u00e7ok \u00e7iftin t\u00fcp bebek tedavisini tercih etmemesinin \u00e7ok yayg\u0131n bir nedenidir. T\u00fcrkiye&#8217;de yap\u0131lacak bir tedavi, Almanya, \u0130svi\u00e7re veya Avusturya&#8217;da yap\u0131lan tedavilere g\u00f6re \u00e7ok daha d\u00fc\u015f\u00fck maliyetli olacakt\u0131r. T\u00fcp bebek ve ICSI y\u00f6ntemleriyle gebelik oran\u0131 neden daha y\u00fcksek?Muhtemelen, neden IVF ve ICSI tedavilerinde ba\u015far\u0131 oranlar\u0131n\u0131n \u0130svi\u00e7re veya Almanya&#8217;ya g\u00f6re daha y\u00fcksek oldu\u011funu merak ediyorsunuzdur. Bu \u00fclkelerde, yaln\u0131zca \u00fc\u00e7 zigotun daha fazla k\u00fclt\u00fcrlenmesine izin veren bir yasa bulunmaktad\u0131r. Bu da en fazla \u00fc\u00e7 embriyonun olu\u015fmas\u0131na yol a\u00e7ar. Transfer, 2. veya 3. g\u00fcn yap\u0131lmal\u0131d\u0131r. Ancak, bu s\u00fcre\u00e7te en y\u00fcksek kalitedeki embriyolar\u0131n se\u00e7ilmesi m\u00fcmk\u00fcn de\u011fildir. Bu nedenle, embriyo havuzundan embriyo se\u00e7imi yapma ve blastosist k\u00fclt\u00fcr\u00fc ile preimplantasyon genetik tan\u0131 (PGD) uygulama imk\u00e2n\u0131 bulunmamaktad\u0131r. T\u00fcrk yasalar\u0131na g\u00f6re ise blastosist k\u00fclt\u00fcr\u00fc m\u00fcmk\u00fcnd\u00fcr. Bu sayede yaln\u0131zca 1-2 blastosist ile gebelik oran\u0131 (SS-Rate) iki kat\u0131na kadar art\u0131r\u0131labilir ve implantasyon oran\u0131 (her bir blastosist i\u00e7in %50&#8217;ye kadar) y\u00fckseltilebilir. Embriyolar\u0131n se\u00e7ilebilmesi sayesinde, y\u00fcksek gebelik oranlar\u0131n\u0131n yan\u0131 s\u0131ra d\u00fc\u015f\u00fck d\u00fc\u015f\u00fck oranlar\u0131na da ula\u015f\u0131labilir. Basit\u00e7e s\u00f6ylemek gerekirse: Gebelik \u015fanslar\u0131 sadece artmakla kalmaz, ayn\u0131 zamanda ba\u015far\u0131l\u0131 bir gebelik \u015fans\u0131 da art\u0131r\u0131lm\u0131\u015f olur! Baz\u0131 \u00e7iftler genetik olarak &#8220;y\u00fckl\u00fc&#8221; olabilir ve \u00f6rne\u011fin, \u00f6nceden PID (Preimplantasyon Genetik Tan\u0131) ile tespit edilebilen bir engeli olan \u00e7ocuklar\u0131 olabilir. Bu \u00e7iftlere, Preimplantasyon Genetik Tan\u0131 (PID) uygulayarak, her iki engeli olmayan bir \u00e7ocuk sahibi olma \u015fans\u0131 sunabiliriz. Bu hastanelerdeki ortalama gebelik oranlar\u0131: 35 ya\u015f\u0131ndan k\u00fc\u00e7\u00fck kad\u0131nlar i\u00e7in gebelik oran\u0131 = %50 &#8211; %6040 ya\u015f\u0131ndan k\u00fc\u00e7\u00fck kad\u0131nlar i\u00e7in gebelik oran\u0131 = %4040 ya\u015f\u0131ndan b\u00fcy\u00fck kad\u0131nlar i\u00e7in gebelik oran\u0131 = %25 \u00d6nemli duyuru: T\u00fcrk yasalar\u0131na g\u00f6re, T\u00fcrkiye&#8217;de k\u0131s\u0131rl\u0131k tedavileri yaln\u0131zca evli \u00e7iftler i\u00e7in m\u00fcmk\u00fcnd\u00fcr. Cinsiyet se\u00e7imi de yasakt\u0131r. \u0130\u015fte ilk MedicalTravel bebekleri: Meral, Mehan ve anneleri gayet iyiler. MedicalTravel ekibi, mutlu aileyi hastanede ziyaret etti.Her iki taraf i\u00e7in de ne b\u00fcy\u00fck bir mutluluk an\u0131!<\/p>\n","protected":false},"author":4,"featured_media":0,"parent":5227,"menu_order":0,"comment_status":"closed","ping_status":"closed","template":"","meta":{"_joinchat":[],"footnotes":""},"class_list":["post-5289","page","type-page","status-publish","hentry"],"acf":[],"_links":{"self":[{"href":"https:\/\/medicaltravel.ch\/tr\/wp-json\/wp\/v2\/pages\/5289","targetHints":{"allow":["GET"]}}],"collection":[{"href":"https:\/\/medicaltravel.ch\/tr\/wp-json\/wp\/v2\/pages"}],"about":[{"href":"https:\/\/medicaltravel.ch\/tr\/wp-json\/wp\/v2\/types\/page"}],"author":[{"embeddable":true,"href":"https:\/\/medicaltravel.ch\/tr\/wp-json\/wp\/v2\/users\/4"}],"replies":[{"embeddable":true,"href":"https:\/\/medicaltravel.ch\/tr\/wp-json\/wp\/v2\/comments?post=5289"}],"version-history":[{"count":5,"href":"https:\/\/medicaltravel.ch\/tr\/wp-json\/wp\/v2\/pages\/5289\/revisions"}],"predecessor-version":[{"id":5573,"href":"https:\/\/medicaltravel.ch\/tr\/wp-json\/wp\/v2\/pages\/5289\/revisions\/5573"}],"up":[{"embeddable":true,"href":"https:\/\/medicaltravel.ch\/tr\/wp-json\/wp\/v2\/pages\/5227"}],"wp:attachment":[{"href":"https:\/\/medicaltravel.ch\/tr\/wp-json\/wp\/v2\/media?parent=5289"}],"curies":[{"name":"wp","href":"https:\/\/api.w.org\/{rel}","templated":true}]}}