{"id":5294,"date":"2025-09-17T09:50:22","date_gmt":"2025-09-17T08:50:22","guid":{"rendered":"https:\/\/medicaltravel.ch\/cocuk-sahibi-olma-istegi\/fiyatlar-maliyetler-tuep-bebek-kisirlik-tedavisi-istanbul-tuerkiye\/"},"modified":"2026-01-04T15:12:47","modified_gmt":"2026-01-04T14:12:47","slug":"fiyatlar-maliyetler-tuep-bebek-kisirlik-tedavisi-istanbul-tuerkiye","status":"publish","type":"page","link":"https:\/\/medicaltravel.ch\/tr\/cocuk-sahibi-olma-istegi\/fiyatlar-maliyetler-tuep-bebek-kisirlik-tedavisi-istanbul-tuerkiye\/","title":{"rendered":"Fiyatlar, Maliyetler, T\u00fcp Bebek, K\u0131s\u0131rl\u0131k Tedavisi, \u0130stanbul, T\u00fcrkiye"},"content":{"rendered":"\t\t<div data-elementor-type=\"wp-page\" data-elementor-id=\"5294\" class=\"elementor elementor-5294 elementor-163\" data-elementor-post-type=\"page\">\n\t\t\t\t<div class=\"elementor-element elementor-element-7b9d8140 e-flex e-con-boxed wpr-particle-no wpr-jarallax-no wpr-parallax-no wpr-sticky-section-no e-con e-parent\" data-id=\"7b9d8140\" data-element_type=\"container\" data-e-type=\"container\">\n\t\t\t\t\t<div class=\"e-con-inner\">\n\t\t<div class=\"elementor-element elementor-element-301802b e-con-full e-flex wpr-particle-no wpr-jarallax-no wpr-parallax-no wpr-sticky-section-no e-con e-child\" data-id=\"301802b\" data-element_type=\"container\" data-e-type=\"container\">\n\t\t\t\t<div class=\"elementor-element elementor-element-da9ac0e elementor-widget elementor-widget-button\" data-id=\"da9ac0e\" data-element_type=\"widget\" data-e-type=\"widget\" data-widget_type=\"button.default\">\n\t\t\t\t\t\t\t\t\t\t<a class=\"elementor-button elementor-button-link elementor-size-sm\" href=\"https:\/\/medicaltravel.ch\/tr\/cocuk-sahibi-olma-istegi\/kinderwunsch-tuerkei\/\">\n\t\t\t\t\t\t<span class=\"elementor-button-content-wrapper\">\n\t\t\t\t\t\t\t\t\t<span class=\"elementor-button-text\">Kinderwunsch T\u00fcrkei<\/span>\n\t\t\t\t\t<\/span>\n\t\t\t\t\t<\/a>\n\t\t\t\t\t\t\t\t<\/div>\n\t\t\t\t<div class=\"elementor-element elementor-element-1dcc67e elementor-widget elementor-widget-button\" data-id=\"1dcc67e\" data-element_type=\"widget\" data-e-type=\"widget\" data-widget_type=\"button.default\">\n\t\t\t\t\t\t\t\t\t\t<a class=\"elementor-button elementor-button-link elementor-size-sm\" href=\"https:\/\/medicaltravel.ch\/tr\/cocuk-sahibi-olma-istegi\/hastaneler\/istanbulda-cocuk-sahibi-olma-istegi\/\">\n\t\t\t\t\t\t<span class=\"elementor-button-content-wrapper\">\n\t\t\t\t\t\t\t\t\t<span class=\"elementor-button-text\">hastaneler<\/span>\n\t\t\t\t\t<\/span>\n\t\t\t\t\t<\/a>\n\t\t\t\t\t\t\t\t<\/div>\n\t\t\t\t<div class=\"elementor-element elementor-element-7c639f7 elementor-widget elementor-widget-button\" data-id=\"7c639f7\" data-element_type=\"widget\" data-e-type=\"widget\" data-widget_type=\"button.default\">\n\t\t\t\t\t\t\t\t\t\t<a class=\"elementor-button elementor-button-link elementor-size-sm\" href=\"https:\/\/medicaltravel.ch\/tr\/cocuk-sahibi-olma-istegi\/hizmet-yelpazesi\/\">\n\t\t\t\t\t\t<span class=\"elementor-button-content-wrapper\">\n\t\t\t\t\t\t\t\t\t<span class=\"elementor-button-text\">Hizmet yelpazesi<\/span>\n\t\t\t\t\t<\/span>\n\t\t\t\t\t<\/a>\n\t\t\t\t\t\t\t\t<\/div>\n\t\t\t\t<div class=\"elementor-element elementor-element-375ea4a elementor-widget elementor-widget-button\" data-id=\"375ea4a\" data-element_type=\"widget\" data-e-type=\"widget\" data-widget_type=\"button.default\">\n\t\t\t\t\t\t\t\t\t\t<a class=\"elementor-button elementor-button-link elementor-size-sm\" href=\"https:\/\/medicaltravel.ch\/tr\/cocuk-sahibi-olma-istegi\/teklif\/\">\n\t\t\t\t\t\t<span class=\"elementor-button-content-wrapper\">\n\t\t\t\t\t\t\t\t\t<span class=\"elementor-button-text\">Teklif<\/span>\n\t\t\t\t\t<\/span>\n\t\t\t\t\t<\/a>\n\t\t\t\t\t\t\t\t<\/div>\n\t\t\t\t<div class=\"elementor-element elementor-element-ad942fc elementor-widget elementor-widget-button\" data-id=\"ad942fc\" data-element_type=\"widget\" data-e-type=\"widget\" data-widget_type=\"button.default\">\n\t\t\t\t\t\t\t\t\t\t<a class=\"elementor-button elementor-button-link elementor-size-sm\" href=\"https:\/\/medicaltravel.ch\/tr\/cocuk-sahibi-olma-istegi\/fiyatlar-maliyetler-tuep-bebek-kisirlik-tedavisi-istanbul-tuerkiye\/\">\n\t\t\t\t\t\t<span class=\"elementor-button-content-wrapper\">\n\t\t\t\t\t\t\t\t\t<span class=\"elementor-button-text\">Fiyatlar<\/span>\n\t\t\t\t\t<\/span>\n\t\t\t\t\t<\/a>\n\t\t\t\t\t\t\t\t<\/div>\n\t\t\t\t<\/div>\n\t\t\t\t<div class=\"elementor-element elementor-element-188aad48 elementor-widget elementor-widget-text-editor\" data-id=\"188aad48\" data-element_type=\"widget\" data-e-type=\"widget\" data-widget_type=\"text-editor.default\">\n\t\t\t\t\t\t\t\t\t\n<h3 class=\"wp-block-heading\">T\u00dcRK\u0130YE&#8217;DE YAPAY ENFEKS\u0130YONUN MAL\u0130YETLER\u0130<\/h3>\n\n<p>\u0130stanbul ve Antalya&#8217;da y\u00fcksek kaliteli suni d\u00f6llenme i\u00e7in cazip tekliflerimiz ve fiyatlar\u0131m\u0131z \u015funlard\u0131r:<\/p>\n\n<p>IVF veya ICSI tedavisinin maliyeti yakla\u015f\u0131k 4100 Euro\u2019dur. Buna ek olarak, ila\u00e7 maliyetleri yakla\u015f\u0131k 1000-1500 Euro aras\u0131nda de\u011fi\u015fmektedir. <\/p>\n\n<p>Bireysel ihtiya\u00e7lar\u0131n\u0131za ba\u011fl\u0131 olarak, gebelik \u015fans\u0131n\u0131z\u0131 art\u0131rmak i\u00e7in ek tedavilere ihtiya\u00e7 duyabilirsiniz. Bu hastanelerde \u015fu ek y\u00f6ntemler de m\u00fcmk\u00fcnd\u00fcr: <\/p>\n\n<p>Kriyoprezervasyon: yakla\u015f\u0131k 500 Euro (Embriyolar\u0131n sonraki d\u00f6ng\u00fcler i\u00e7in saklanmas\u0131)<\/p>\n\n<p>MESA, TESE: yakla\u015f\u0131k 550 ila 1200 Euro (sperm \u00fcretimini iyile\u015ftirmek i\u00e7in, genellikle MESA, TESE veya Micro TESE\u2019den biri uygulan\u0131r; yani hepsi bir arada gerekli de\u011fildir)<\/p>\n\n<p>IMSI: yakla\u015f\u0131k 250 Euro (Spermalar, 6.000 kat kadar b\u00fcy\u00fct\u00fclerek incelenebilir, bu y\u00f6ntem sperm se\u00e7imini iyile\u015ftirmek i\u00e7in kullan\u0131l\u0131r)<\/p>\n\n<p>PGD**: yakla\u015f\u0131k 750 Euro (Embriyolar\u0131n hastal\u0131klar i\u00e7in taramas\u0131, \u0130svi\u00e7re&#8217;de yasaklanm\u0131\u015ft\u0131r)<\/p>\n\n<p>Spermogram: yakla\u015f\u0131k 100 Euro (Sperm analizisi)<\/p>\n\n<p>Dondurulmu\u015f Transfer: yakla\u015f\u0131k 500 Euro<\/p>\n\n<p>Yard\u0131mc\u0131 kulu\u00e7ka: \u00dccretsiz (D\u00f6llenmeyi kolayla\u015ft\u0131rmak i\u00e7in)<\/p>\n\n<p>Blastokist transferi: Embriyonun daha uzun s\u00fcre (5 g\u00fcne kadar) tutulmas\u0131 (\u0130svi\u00e7re&#8217;de izin verilmemektedir)<\/p>\n\n<p>Fiyatlar Euro cinsindendir. Kullan\u0131lan malzeme ve y\u00f6nteme ba\u011fl\u0131 olarak fiyatlar de\u011fi\u015febilir. Fiyat de\u011fi\u015fiklikleri sakl\u0131d\u0131r. <\/p>\n\n<p><strong>L\u00fctfen unutmay\u0131n, yukar\u0131da belirtilen t\u00fcm tedaviler bir arada uygulanmaz.<\/strong><\/p>\n\n<p><strong>**6 h\u00fccre i\u00e7in tasarlanm\u0131\u015ft\u0131r**<\/strong><\/p>\n\n<p><strong>Fiyatlara a\u015fa\u011f\u0131daki hizmetler dahildir.<\/strong><\/p>\n\n<ul class=\"wp-block-list\">\n<li>Tavsiye<\/li>\n\n<li>\u00d6n muayeneler, tedavi, takip muayeneleri<\/li>\n\n<li>Havaliman\u0131, otel ve klinik transferleri (istisnalar ge\u00e7erli olabilir)<\/li>\n\n<li>T\u0131bbi seyahat kart\u0131<\/li>\n\n<li>Doktor randevular\u0131 s\u0131ras\u0131nda Almanca destek<\/li>\n<\/ul>\n\n<p><strong>planlama<\/strong><\/p>\n\n<p>Tedavinizi seyahatinizden \u00f6nce planlayabilmemiz i\u00e7in l\u00fctfen bizimle <a href=\"https:\/\/medicaltravel.ch\/kontakt\/\" data-type=\"page\" data-id=\"225\">ileti\u015fim formu<\/a> \u00fczerinden ileti\u015fime ge\u00e7in ve tedavi iste\u011finizi m\u00fcmk\u00fcn oldu\u011funca ayr\u0131nt\u0131l\u0131 bir \u015fekilde a\u00e7\u0131klay\u0131n. \u0130yi bir planlama, iyi bir ba\u015flang\u0131\u00e7t\u0131r! <\/p>\n\n<p>\u00d6deme:<br>Tedaviler i\u00e7in \u00f6demeyi hastanede yapabilirsiniz. \u00d6n \u00f6deme gerekmemektedir. Euro olarak nakit, kredi kart\u0131 veya banka transferi ile \u00f6deme yapabilirsiniz.  <\/p>\n\n<p><strong>U\u00e7u\u015f fiyatlar\u0131<\/strong><\/p>\n\n<p>U\u00e7ak fiyatlar\u0131 b\u00fcy\u00fck \u00f6l\u00e7\u00fcde de\u011fi\u015fkenlik g\u00f6stermektedir. Fiyatlar, hava yolu \u015firketlerine ve seyahat tarihlerine ba\u011fl\u0131 olarak farkl\u0131l\u0131k g\u00f6sterir. Genellikle 200-500 CHF aras\u0131nda bir maliyetle kar\u015f\u0131la\u015fabilirsiniz. Size uygun bir u\u00e7u\u015f bulmak konusunda yard\u0131mc\u0131 olmaktan memnuniyet duyar\u0131z.   <\/p>\n\n<p><strong>Otel fiyatlar\u0131<\/strong><\/p>\n\n<p>Otele g\u00f6re geceleme fiyatlar\u0131 55 ile 120 Euro aras\u0131nda de\u011fi\u015fmektedir. E\u011fer tedaviye T\u00fcrkiye&#8217;de ba\u015flarsan\u0131z, yakla\u015f\u0131k 21 g\u00fcn boyunca T\u00fcrkiye&#8217;de konaklaman\u0131z gerekecektir. \u0130la\u00e7 tedavilerini, sadece hastanemizin doktorlar\u0131yla yap\u0131lacak bir g\u00f6r\u00fc\u015fme ve koordinasyon sonras\u0131nda kendi \u00fclkenizde alabilirsiniz; bu durumda \u0130stanbul veya Antalya&#8217;da birka\u00e7 g\u00fcn ge\u00e7irebilirsiniz.  <\/p>\n\n<p>Sorular\u0131n\u0131z m\u0131 var? Hemen \u015fimdi <a href=\"mailto:info@medicaltravel.net\">e-posta<\/a> yoluyla, <a href=\"https:\/\/medicaltravel.ch\/kontakt\/\" data-type=\"page\" data-id=\"225\">buradan <\/a>veya <a href=\"https:\/\/wa.me\/41787373541\" target=\"_blank\" rel=\"noreferrer noopener nofollow\">WhatsApp <\/a>\u00fczerinden bizimle ileti\u015fime ge\u00e7in.<\/p>\n\t\t\t\t\t\t\t\t<\/div>\n\t\t\t\t\t<\/div>\n\t\t\t\t<\/div>\n\t\t\t\t<\/div>\n\t\t","protected":false},"excerpt":{"rendered":"<p>Kinderwunsch T\u00fcrkei hastaneler Hizmet yelpazesi Teklif Fiyatlar T\u00dcRK\u0130YE&#8217;DE YAPAY ENFEKS\u0130YONUN MAL\u0130YETLER\u0130 \u0130stanbul ve Antalya&#8217;da y\u00fcksek kaliteli suni d\u00f6llenme i\u00e7in cazip tekliflerimiz ve fiyatlar\u0131m\u0131z \u015funlard\u0131r: IVF veya ICSI tedavisinin maliyeti yakla\u015f\u0131k 4100 Euro\u2019dur. Buna ek olarak, ila\u00e7 maliyetleri yakla\u015f\u0131k 1000-1500 Euro aras\u0131nda de\u011fi\u015fmektedir. Bireysel ihtiya\u00e7lar\u0131n\u0131za ba\u011fl\u0131 olarak, gebelik \u015fans\u0131n\u0131z\u0131 art\u0131rmak i\u00e7in ek tedavilere ihtiya\u00e7 duyabilirsiniz. Bu hastanelerde \u015fu ek y\u00f6ntemler de m\u00fcmk\u00fcnd\u00fcr: Kriyoprezervasyon: yakla\u015f\u0131k 500 Euro (Embriyolar\u0131n sonraki d\u00f6ng\u00fcler i\u00e7in saklanmas\u0131) MESA, TESE: yakla\u015f\u0131k 550 ila 1200 Euro (sperm \u00fcretimini iyile\u015ftirmek i\u00e7in, genellikle MESA, TESE veya Micro TESE\u2019den biri uygulan\u0131r; yani hepsi bir arada gerekli de\u011fildir) IMSI: yakla\u015f\u0131k 250 Euro (Spermalar, 6.000 kat kadar b\u00fcy\u00fct\u00fclerek incelenebilir, bu y\u00f6ntem sperm se\u00e7imini iyile\u015ftirmek i\u00e7in kullan\u0131l\u0131r) PGD**: yakla\u015f\u0131k 750 Euro (Embriyolar\u0131n hastal\u0131klar i\u00e7in taramas\u0131, \u0130svi\u00e7re&#8217;de yasaklanm\u0131\u015ft\u0131r) Spermogram: yakla\u015f\u0131k 100 Euro (Sperm analizisi) Dondurulmu\u015f Transfer: yakla\u015f\u0131k 500 Euro Yard\u0131mc\u0131 kulu\u00e7ka: \u00dccretsiz (D\u00f6llenmeyi kolayla\u015ft\u0131rmak i\u00e7in) Blastokist transferi: Embriyonun daha uzun s\u00fcre (5 g\u00fcne kadar) tutulmas\u0131 (\u0130svi\u00e7re&#8217;de izin verilmemektedir) Fiyatlar Euro cinsindendir. Kullan\u0131lan malzeme ve y\u00f6nteme ba\u011fl\u0131 olarak fiyatlar de\u011fi\u015febilir. Fiyat de\u011fi\u015fiklikleri sakl\u0131d\u0131r. L\u00fctfen unutmay\u0131n, yukar\u0131da belirtilen t\u00fcm tedaviler bir arada uygulanmaz. **6 h\u00fccre i\u00e7in tasarlanm\u0131\u015ft\u0131r** Fiyatlara a\u015fa\u011f\u0131daki hizmetler dahildir. Tavsiye \u00d6n muayeneler, tedavi, takip muayeneleri Havaliman\u0131, otel ve klinik transferleri (istisnalar ge\u00e7erli olabilir) T\u0131bbi seyahat kart\u0131 Doktor randevular\u0131 s\u0131ras\u0131nda Almanca destek planlama Tedavinizi seyahatinizden \u00f6nce planlayabilmemiz i\u00e7in l\u00fctfen bizimle ileti\u015fim formu \u00fczerinden ileti\u015fime ge\u00e7in ve tedavi iste\u011finizi m\u00fcmk\u00fcn oldu\u011funca ayr\u0131nt\u0131l\u0131 bir \u015fekilde a\u00e7\u0131klay\u0131n. \u0130yi bir planlama, iyi bir ba\u015flang\u0131\u00e7t\u0131r! \u00d6deme:Tedaviler i\u00e7in \u00f6demeyi hastanede yapabilirsiniz. \u00d6n \u00f6deme gerekmemektedir. Euro olarak nakit, kredi kart\u0131 veya banka transferi ile \u00f6deme yapabilirsiniz. U\u00e7u\u015f fiyatlar\u0131 U\u00e7ak fiyatlar\u0131 b\u00fcy\u00fck \u00f6l\u00e7\u00fcde de\u011fi\u015fkenlik g\u00f6stermektedir. Fiyatlar, hava yolu \u015firketlerine ve seyahat tarihlerine ba\u011fl\u0131 olarak farkl\u0131l\u0131k g\u00f6sterir. Genellikle 200-500 CHF aras\u0131nda bir maliyetle kar\u015f\u0131la\u015fabilirsiniz. Size uygun bir u\u00e7u\u015f bulmak konusunda yard\u0131mc\u0131 olmaktan memnuniyet duyar\u0131z. Otel fiyatlar\u0131 Otele g\u00f6re geceleme fiyatlar\u0131 55 ile 120 Euro aras\u0131nda de\u011fi\u015fmektedir. E\u011fer tedaviye T\u00fcrkiye&#8217;de ba\u015flarsan\u0131z, yakla\u015f\u0131k 21 g\u00fcn boyunca T\u00fcrkiye&#8217;de konaklaman\u0131z gerekecektir. \u0130la\u00e7 tedavilerini, sadece hastanemizin doktorlar\u0131yla yap\u0131lacak bir g\u00f6r\u00fc\u015fme ve koordinasyon sonras\u0131nda kendi \u00fclkenizde alabilirsiniz; bu durumda \u0130stanbul veya Antalya&#8217;da birka\u00e7 g\u00fcn ge\u00e7irebilirsiniz. Sorular\u0131n\u0131z m\u0131 var? Hemen \u015fimdi e-posta yoluyla, buradan veya WhatsApp \u00fczerinden bizimle ileti\u015fime ge\u00e7in.<\/p>\n","protected":false},"author":4,"featured_media":0,"parent":5227,"menu_order":0,"comment_status":"closed","ping_status":"closed","template":"","meta":{"_joinchat":[],"footnotes":""},"class_list":["post-5294","page","type-page","status-publish","hentry"],"acf":[],"_links":{"self":[{"href":"https:\/\/medicaltravel.ch\/tr\/wp-json\/wp\/v2\/pages\/5294","targetHints":{"allow":["GET"]}}],"collection":[{"href":"https:\/\/medicaltravel.ch\/tr\/wp-json\/wp\/v2\/pages"}],"about":[{"href":"https:\/\/medicaltravel.ch\/tr\/wp-json\/wp\/v2\/types\/page"}],"author":[{"embeddable":true,"href":"https:\/\/medicaltravel.ch\/tr\/wp-json\/wp\/v2\/users\/4"}],"replies":[{"embeddable":true,"href":"https:\/\/medicaltravel.ch\/tr\/wp-json\/wp\/v2\/comments?post=5294"}],"version-history":[{"count":3,"href":"https:\/\/medicaltravel.ch\/tr\/wp-json\/wp\/v2\/pages\/5294\/revisions"}],"predecessor-version":[{"id":5297,"href":"https:\/\/medicaltravel.ch\/tr\/wp-json\/wp\/v2\/pages\/5294\/revisions\/5297"}],"up":[{"embeddable":true,"href":"https:\/\/medicaltravel.ch\/tr\/wp-json\/wp\/v2\/pages\/5227"}],"wp:attachment":[{"href":"https:\/\/medicaltravel.ch\/tr\/wp-json\/wp\/v2\/media?parent=5294"}],"curies":[{"name":"wp","href":"https:\/\/api.w.org\/{rel}","templated":true}]}}